{"id":27739,"date":"2022-11-03T06:38:35","date_gmt":"2022-11-03T13:38:35","guid":{"rendered":"https:\/\/windpilot.com\/blog\/?page_id=27739"},"modified":"2022-11-03T06:40:02","modified_gmt":"2022-11-03T13:40:02","slug":"guido-dwersteg","status":"publish","type":"page","link":"https:\/\/windpilot.com\/blog\/deutsch-yacht-delius-klasing\/guido-dwersteg\/","title":{"rendered":"Guido Dwersteg"},"content":{"rendered":"<p><strong>WINDPILOT IDEAL F\u00dcR WARTUNGSMUFFEL<\/strong><br \/>\n<img loading=\"lazy\" decoding=\"async\" src=\"https:\/\/windpilot.com\/blog\/wp-content\/uploads\/2022\/11\/Guido-quer.jpg\" alt=\"\" width=\"1202\" height=\"428\" class=\"aligncenter size-full wp-image-27740\" srcset=\"https:\/\/windpilot.com\/blog\/wp-content\/uploads\/2022\/11\/Guido-quer.jpg 1202w, https:\/\/windpilot.com\/blog\/wp-content\/uploads\/2022\/11\/Guido-quer-300x107.jpg 300w, https:\/\/windpilot.com\/blog\/wp-content\/uploads\/2022\/11\/Guido-quer-1024x365.jpg 1024w, https:\/\/windpilot.com\/blog\/wp-content\/uploads\/2022\/11\/Guido-quer-768x273.jpg 768w\" sizes=\"auto, (max-width: 1202px) 100vw, 1202px\" \/>Hallo Peter, der Guido hier. Was ich dir schon immer mal sagen und schreiben wollte, das findest du weiter unten. Und wo wir gerade dabei sind. Ich br\u00e4uchte mal \u201edieses rote geriffelte Dingens\u201c und am liebsten auch eine neue Steuerleine f\u00fcr die Fernbedienung. Wie kann ich das bestellen und bezahlen?<br \/>\nLG Guido<\/p>\n<p><img loading=\"lazy\" decoding=\"async\" src=\"https:\/\/windpilot.com\/blog\/wp-content\/uploads\/2022\/11\/IMG_1642-1024x768.jpeg\" alt=\"\" width=\"640\" height=\"480\" class=\"aligncenter size-large wp-image-27742\" srcset=\"https:\/\/windpilot.com\/blog\/wp-content\/uploads\/2022\/11\/IMG_1642-1024x768.jpeg 1024w, https:\/\/windpilot.com\/blog\/wp-content\/uploads\/2022\/11\/IMG_1642-300x225.jpeg 300w, https:\/\/windpilot.com\/blog\/wp-content\/uploads\/2022\/11\/IMG_1642-768x576.jpeg 768w, https:\/\/windpilot.com\/blog\/wp-content\/uploads\/2022\/11\/IMG_1642.jpeg 1280w\" sizes=\"auto, (max-width: 640px) 100vw, 640px\" \/><strong>Und hier mein Opus, das du dir hinter den Spiegel stecken kannst!<\/strong><\/p>\n<p>Mein Name ist Guido Dwersteg. Vielleicht erinnert sich der ein oder andere noch an mich. Ich bin der \u00fcberlange Typ, der 2012 als noch ziemlicher Rookie mit seiner Bavaria 32 Holiday einhand um den Atlantik gesegelt ist. Knapp 11.000 Seemeilen habe ich damals in gut 2 Jahren zur\u00fcckgelegt. 2017 bin ich dann erneut allein rund Skandinavien gesegelt. Wobei &#8230; ganz allein war ich nicht, denn f\u00fcr den russischen Teil der Reise durch Karelien kam mein Kumpel Viktor als geb\u00fcrtiger Russe und Muttersprachler mit an Bord. Am Ende standen hier noch einmal knapp 5.000 Seemeilen auf der Logge, bevor ich die Leinen auf der Ostsee-Insel Fehmarn festgemacht habe. In der Zwischenzeit habe ich das Segeln sogar zu meinem Beruf gemacht. Egal ob als Skipper f\u00fcr Ausbildung, \u00dcberf\u00fchrungen, Urlaubst\u00f6rns oder als Herausgeber verschiedener B\u00fccher, Filme oder der nagelneuen Skipper-Praxis-App, irgendwie bin ich immer auf und am Wasser zugange.<br \/>\n<img loading=\"lazy\" decoding=\"async\" src=\"https:\/\/windpilot.com\/blog\/wp-content\/uploads\/2022\/11\/IMG_1791-1024x768.jpeg\" alt=\"\" width=\"640\" height=\"480\" class=\"aligncenter size-large wp-image-27743\" srcset=\"https:\/\/windpilot.com\/blog\/wp-content\/uploads\/2022\/11\/IMG_1791-1024x768.jpeg 1024w, https:\/\/windpilot.com\/blog\/wp-content\/uploads\/2022\/11\/IMG_1791-300x225.jpeg 300w, https:\/\/windpilot.com\/blog\/wp-content\/uploads\/2022\/11\/IMG_1791-768x576.jpeg 768w, https:\/\/windpilot.com\/blog\/wp-content\/uploads\/2022\/11\/IMG_1791.jpeg 1280w\" sizes=\"auto, (max-width: 640px) 100vw, 640px\" \/>Aber zur\u00fcck zu meiner CARPE DIEM. Ganz sch\u00f6n viele Meilen sind da also in den vergangenen 13 Jahren meiner Eignerschaft zusammen gekommen. Umso erstaunlicher ist es, dass ich sicher 2\/3 davon mit meiner Windpilot Pacific Windsteueranlage zur\u00fcckgelegt habe. Bis heute h\u00e4ngt die Anlage am Heck meiner kleinen Bavaria und leistet mir selbst auf k\u00fcrzeren Distanzen nach wie vor treue Dienste. Seit der Anschaffung im Jahr 2012 sind das jetzt schon unglaubliche 10 Jahre. Und wenn ich so dar\u00fcber nachdenke, f\u00e4llt mir tats\u00e4chlich kein gr\u00f6\u00dferes technisches Problem mit der Anlage ein.<br \/>\n<img loading=\"lazy\" decoding=\"async\" src=\"https:\/\/windpilot.com\/blog\/wp-content\/uploads\/2022\/11\/IMG_1882-1024x230.jpeg\" alt=\"\" width=\"640\" height=\"144\" class=\"aligncenter size-large wp-image-27744\" srcset=\"https:\/\/windpilot.com\/blog\/wp-content\/uploads\/2022\/11\/IMG_1882-1024x230.jpeg 1024w, https:\/\/windpilot.com\/blog\/wp-content\/uploads\/2022\/11\/IMG_1882-300x68.jpeg 300w, https:\/\/windpilot.com\/blog\/wp-content\/uploads\/2022\/11\/IMG_1882-768x173.jpeg 768w, https:\/\/windpilot.com\/blog\/wp-content\/uploads\/2022\/11\/IMG_1882.jpeg 1280w\" sizes=\"auto, (max-width: 640px) 100vw, 640px\" \/><br \/>\nKlar, hier und da mal ein neues Steuerseil oder einen Block m\u00fcde geworden, aber wirklich ernsthafte Schwierigkeiten gab es nie. Wie auch, denn das scchicke Teil ist nicht nur ausgereift und sonderstabil, sondern auch f\u00fcr Wartungsmuffel wie mich die ideale L\u00f6sung. Auch der Support ist perfekt organisiert. Wenn ich auf meinen langen Fahrten mal auf dem Schlauch stand, reichte eine kurze Email an Peter und wirklich immer kam bereits nach kurzer Zeit eine Antwort. Und zwar egal ob abends, nachts oder am Wochenende. Nach einem kurzen Email-Schnack und vielleicht einem Foto war dann alles gekl\u00e4rt und meine Fahrt ging unvermindert weiter. Vor ein paar Jahren hatte ich zudem die Gelegenheit Peter live und in Farbe in seiner Werkstatt zu besuchen und mir dort hautnah die Geburt einer Windsteueranlage anzuschauen. Das es dabei neben Kaffee und Kuchen auch eine kostenlose Inspektion meiner mitgebrachten Anlage gab, braucht man fast nicht zu erw\u00e4hnen. So macht man Segler gl\u00fccklich.<\/p>\n<p>Ich habe in den letzten Jahren wie jeder Segler tonnenweise vermeintlich wichtiges Geraffel angeschafft und einen ganz sch\u00f6nen Haufen Geld daf\u00fcr ausgegeben. Leider wei\u00df man bei den meisten Dingen erst nachher, was davon wirklich nachhaltig und sinnvoll war und was man besser gar nicht erst angeschafft oder fr\u00fchzeitig in die Tonne gekloppt h\u00e4tte. Meine Windpilot Pacific geh\u00f6rt ohne Schmeichelei und absolut zu recht zu den besten Anschaffungen ever. Oder wie man fr\u00fcher \u00fcber den VW K\u00e4fer sagte: Sie l\u00e4uft und l\u00e4uft und l\u00e4uft &#8230;.. Wer also auf der Suche nach einem verl\u00e4sslichen Partner auf See ist, kommt an Peter kaum vorbei. Ahoi mein Lieber und auf bald mal.<br \/>\nGuido<br \/>\n<img loading=\"lazy\" decoding=\"async\" src=\"https:\/\/windpilot.com\/blog\/wp-content\/uploads\/2022\/11\/IMG_1892-150x150.jpg\" alt=\"\" width=\"150\" height=\"150\" class=\"alignleft size-thumbnail wp-image-27747\" srcset=\"https:\/\/windpilot.com\/blog\/wp-content\/uploads\/2022\/11\/IMG_1892-150x150.jpg 150w, https:\/\/windpilot.com\/blog\/wp-content\/uploads\/2022\/11\/IMG_1892-300x300.jpg 300w, https:\/\/windpilot.com\/blog\/wp-content\/uploads\/2022\/11\/IMG_1892-768x768.jpg 768w, https:\/\/windpilot.com\/blog\/wp-content\/uploads\/2022\/11\/IMG_1892.jpg 960w\" sizes=\"auto, (max-width: 150px) 100vw, 150px\" \/><a href=\"https:\/\/www.skipper-praxis.de\">WEITERLESEN SKIPPER PRAXIS<\/a><br \/>\n<a href=\"https:\/\/www.t\u00f6rn.de\/blog\/start\/\">WEITERLESEN T\u00d6RN.DE<\/a><\/p>\n","protected":false},"excerpt":{"rendered":"<p>WINDPILOT IDEAL F\u00dcR WARTUNGSMUFFEL Hallo Peter, der Guido hier. Was ich dir schon immer mal sagen und schreiben wollte, das findest du weiter unten. Und wo wir gerade dabei sind. Ich br\u00e4uchte mal \u201edieses rote geriffelte Dingens\u201c und am liebsten &hellip; <a href=\"https:\/\/windpilot.com\/blog\/deutsch-yacht-delius-klasing\/guido-dwersteg\/\">Weiterlesen <span class=\"meta-nav\">&rarr;<\/span><\/a><\/p>\n","protected":false},"author":1,"featured_media":0,"parent":9971,"menu_order":-23,"comment_status":"open","ping_status":"closed","template":"","meta":{"footnotes":""},"class_list":["post-27739","page","type-page","status-publish","hentry"],"_links":{"self":[{"href":"https:\/\/windpilot.com\/blog\/wp-json\/wp\/v2\/pages\/27739","targetHints":{"allow":["GET"]}}],"collection":[{"href":"https:\/\/windpilot.com\/blog\/wp-json\/wp\/v2\/pages"}],"about":[{"href":"https:\/\/windpilot.com\/blog\/wp-json\/wp\/v2\/types\/page"}],"author":[{"embeddable":true,"href":"https:\/\/windpilot.com\/blog\/wp-json\/wp\/v2\/users\/1"}],"replies":[{"embeddable":true,"href":"https:\/\/windpilot.com\/blog\/wp-json\/wp\/v2\/comments?post=27739"}],"version-history":[{"count":4,"href":"https:\/\/windpilot.com\/blog\/wp-json\/wp\/v2\/pages\/27739\/revisions"}],"predecessor-version":[{"id":27748,"href":"https:\/\/windpilot.com\/blog\/wp-json\/wp\/v2\/pages\/27739\/revisions\/27748"}],"up":[{"embeddable":true,"href":"https:\/\/windpilot.com\/blog\/wp-json\/wp\/v2\/pages\/9971"}],"wp:attachment":[{"href":"https:\/\/windpilot.com\/blog\/wp-json\/wp\/v2\/media?parent=27739"}],"curies":[{"name":"wp","href":"https:\/\/api.w.org\/{rel}","templated":true}]}}