{"id":27860,"date":"2022-11-19T03:25:05","date_gmt":"2022-11-19T10:25:05","guid":{"rendered":"https:\/\/windpilot.com\/blog\/?page_id=27860"},"modified":"2022-11-19T03:33:28","modified_gmt":"2022-11-19T10:33:28","slug":"konsul-37","status":"publish","type":"page","link":"https:\/\/windpilot.com\/blog\/schiffe\/gebrauchtyachten\/konsul-37\/","title":{"rendered":"Konsul 37"},"content":{"rendered":"<p><strong>LEBENSLANG BEFREUNDET &#8211; VIEL ZU SELTEN BELEBT!<\/strong><br \/>\n<img loading=\"lazy\" decoding=\"async\" src=\"https:\/\/windpilot.com\/blog\/wp-content\/uploads\/2022\/11\/9.2005-binnen-n.-Kiel-1024x768.jpg\" alt=\"\" width=\"640\" height=\"480\" class=\"aligncenter size-large wp-image-27853\" srcset=\"https:\/\/windpilot.com\/blog\/wp-content\/uploads\/2022\/11\/9.2005-binnen-n.-Kiel-1024x768.jpg 1024w, https:\/\/windpilot.com\/blog\/wp-content\/uploads\/2022\/11\/9.2005-binnen-n.-Kiel-300x225.jpg 300w, https:\/\/windpilot.com\/blog\/wp-content\/uploads\/2022\/11\/9.2005-binnen-n.-Kiel-768x576.jpg 768w, https:\/\/windpilot.com\/blog\/wp-content\/uploads\/2022\/11\/9.2005-binnen-n.-Kiel-1536x1152.jpg 1536w, https:\/\/windpilot.com\/blog\/wp-content\/uploads\/2022\/11\/9.2005-binnen-n.-Kiel-2048x1536.jpg 2048w\" sizes=\"auto, (max-width: 640px) 100vw, 640px\" \/>Ist das wirklich schon so lange her? Das sind diese Fragen, deren Antwort wir alle kennen, weil sie stets die gleiche ist! Es ist der Lebensstoff, der uns innehalten l\u00e4sst, kurz Nachdenken erzeugt &#8230; sodann weiterleben l\u00e4sst. Aber es hat sich eingepr\u00e4gt!<br \/>\n<img loading=\"lazy\" decoding=\"async\" src=\"https:\/\/windpilot.com\/blog\/wp-content\/uploads\/2022\/11\/DSC04517-1024x768.jpg\" alt=\"\" width=\"640\" height=\"480\" class=\"aligncenter size-large wp-image-27856\" srcset=\"https:\/\/windpilot.com\/blog\/wp-content\/uploads\/2022\/11\/DSC04517-1024x768.jpg 1024w, https:\/\/windpilot.com\/blog\/wp-content\/uploads\/2022\/11\/DSC04517-300x225.jpg 300w, https:\/\/windpilot.com\/blog\/wp-content\/uploads\/2022\/11\/DSC04517-768x576.jpg 768w, https:\/\/windpilot.com\/blog\/wp-content\/uploads\/2022\/11\/DSC04517.jpg 1280w\" sizes=\"auto, (max-width: 640px) 100vw, 640px\" \/>Spuren mit Walter haben sich kreuz und quer durch mein Leben gezogen. Mal hat er in Arnis beim Man\u00f6ver dicht hinter meinem Schiff die Kurve gezogen &#8230; mal habe ich nach Mallorca ein Ersatzteil einget\u00fctet &#8230; und dann wieder hatte ich fest im Plan, bei ihm in Kiel unerwartet aufzuschlagen &#8230; Ach ja, all das hat nur wenig mit seiner Heckverzierung zu tun, mit der er bereits lebenslang seine Kreise gezogen hat, es war hingegen eine innere Gemeinsamkeit, die wie ein Roter Faden auch in vielen Schriftwechseln Niederschlag gefunden hat.<br \/>\n<img loading=\"lazy\" decoding=\"async\" src=\"https:\/\/windpilot.com\/blog\/wp-content\/uploads\/2022\/11\/FinikeTrk.-1.11.04-1024x683.jpg\" alt=\"\" width=\"640\" height=\"427\" class=\"aligncenter size-large wp-image-27855\" srcset=\"https:\/\/windpilot.com\/blog\/wp-content\/uploads\/2022\/11\/FinikeTrk.-1.11.04-1024x683.jpg 1024w, https:\/\/windpilot.com\/blog\/wp-content\/uploads\/2022\/11\/FinikeTrk.-1.11.04-300x200.jpg 300w, https:\/\/windpilot.com\/blog\/wp-content\/uploads\/2022\/11\/FinikeTrk.-1.11.04-768x512.jpg 768w, https:\/\/windpilot.com\/blog\/wp-content\/uploads\/2022\/11\/FinikeTrk.-1.11.04.jpg 1536w\" sizes=\"auto, (max-width: 640px) 100vw, 640px\" \/>Mein <a href=\"https:\/\/windpilot.com\/blog\/schiffe\/gebrauchtyachten\/bristol-35-5\/\">letzter Versuch eines Besuches<\/a> stand vor einigen Monaten im Plan, allerdings lag da die Kieler Baubeh\u00f6rde quer, die alle m\u00f6glichen Zufahrtswege zu seiner Adresse systematisch zugebaut hatte, derweil wir einige Kreise zu ziehen hatten, um am Ende entnervt zur BAB zu fliehen. Nie wieder Hindenburgufer &#8230; geht n\u00e4mlich heute nur noch f\u00fcr Fahrr\u00e4der! F\u00fcr Autofahrer hinderlich, dumm gelaufen Walter!<br \/>\n<img loading=\"lazy\" decoding=\"async\" src=\"https:\/\/windpilot.com\/blog\/wp-content\/uploads\/2022\/11\/32-San-Blas-Is.-111.jpg\" alt=\"\" width=\"982\" height=\"736\" class=\"size-full wp-image-27858\" srcset=\"https:\/\/windpilot.com\/blog\/wp-content\/uploads\/2022\/11\/32-San-Blas-Is.-111.jpg 982w, https:\/\/windpilot.com\/blog\/wp-content\/uploads\/2022\/11\/32-San-Blas-Is.-111-300x225.jpg 300w, https:\/\/windpilot.com\/blog\/wp-content\/uploads\/2022\/11\/32-San-Blas-Is.-111-768x576.jpg 768w\" sizes=\"auto, (max-width: 982px) 100vw, 982px\" \/>Erst k\u00fcrzlich hatte ich ihn gefragt, ob er wohl <a href=\"https:\/\/windpilot.com\/blog\/blog\/blogs\/webmailor-patrick-losert-ger\/\">einem jungen Segler<\/a>, der in New Zealand eine KONSUL 37 erworben hatte, ggf. ein wenig Unterst\u00fctzung gew\u00e4hren k\u00f6nne, einem Schiff, das er wie kaum ein Zweites kennt, weil er seine SV Free, ebenfalls eine KONSUL 37 mit eigenen H\u00e4nden laminiert und komplett selbst gebaut hat &#8230; vor viele Jahrzehnten. Nun hat Walter Kontakt mit Patrick, der gerade in Whangarei eingetroffen ist, um dort seinen Neuerwerb segelfertig zu machen und sodann loszusegeln.<\/p>\n<p>Walter geh\u00f6rt zu den Menschen, die ihrem Schiff for ever treu sind, was auf See den Vorteil hat, dass sie ihren Chef niemals \u00fcberraschen k\u00f6nnen, weil der sowieso jede Schraube kennt, zudem die Konsul 37 sicher zu den Panzerkreuzern geh\u00f6rt, weil Walter nicht mit Material gegeizt, weil das damals noich preiswert zu kaufen war &#8230; ein paar GFK Lagen extra &#8230; warum denn nicht, schliesslich hatte damals Joachim Schult das Wort von der &#8222;Atklantikmatte&#8220; erfunden, als er seine Beryll zusammenlaminierte.<\/p>\n<p>Zur Thematik <strong>HILFSBEREITSCHAFT<\/strong> unter Seglern hat Walter eine kleine Geschichte aufgeschrieben:<br \/>\n<img loading=\"lazy\" decoding=\"async\" src=\"https:\/\/windpilot.com\/blog\/wp-content\/uploads\/2022\/11\/6.2018-Ki.-Foerde-1024x768.jpg\" alt=\"\" width=\"640\" height=\"480\" class=\"aligncenter size-large wp-image-27862\" srcset=\"https:\/\/windpilot.com\/blog\/wp-content\/uploads\/2022\/11\/6.2018-Ki.-Foerde-1024x768.jpg 1024w, https:\/\/windpilot.com\/blog\/wp-content\/uploads\/2022\/11\/6.2018-Ki.-Foerde-300x225.jpg 300w, https:\/\/windpilot.com\/blog\/wp-content\/uploads\/2022\/11\/6.2018-Ki.-Foerde-768x576.jpg 768w, https:\/\/windpilot.com\/blog\/wp-content\/uploads\/2022\/11\/6.2018-Ki.-Foerde-1536x1152.jpg 1536w, https:\/\/windpilot.com\/blog\/wp-content\/uploads\/2022\/11\/6.2018-Ki.-Foerde.jpg 1690w\" sizes=\"auto, (max-width: 640px) 100vw, 640px\" \/>Havarie an der Hafeneinfahrt  \/  .  .  . und \u201eSchwein gehabt\u201c<br \/>\nDas freundliche Entgegenkommen des Herrn Jan van Gerpen, mir aus  der mi\u00dflichen Lage mit meinem Segelboot zu helfen &#8211; es war wie Weihnachten &#8211; bleibt  mir unvergessen!<br \/>\n<img loading=\"lazy\" decoding=\"async\" src=\"https:\/\/windpilot.com\/blog\/wp-content\/uploads\/2022\/11\/7.2005-Richtg.-Rhone-1024x768.jpg\" alt=\"\" width=\"640\" height=\"480\" class=\"aligncenter size-large wp-image-27864\" srcset=\"https:\/\/windpilot.com\/blog\/wp-content\/uploads\/2022\/11\/7.2005-Richtg.-Rhone-1024x768.jpg 1024w, https:\/\/windpilot.com\/blog\/wp-content\/uploads\/2022\/11\/7.2005-Richtg.-Rhone-300x225.jpg 300w, https:\/\/windpilot.com\/blog\/wp-content\/uploads\/2022\/11\/7.2005-Richtg.-Rhone-768x576.jpg 768w, https:\/\/windpilot.com\/blog\/wp-content\/uploads\/2022\/11\/7.2005-Richtg.-Rhone-1536x1152.jpg 1536w, https:\/\/windpilot.com\/blog\/wp-content\/uploads\/2022\/11\/7.2005-Richtg.-Rhone-2048x1536.jpg 2048w\" sizes=\"auto, (max-width: 640px) 100vw, 640px\" \/>Folgendes hatte sich zugetragen: Gegen Ende meiner Reise \u201eSpanien Rund\u201c &#8211; meist einhand &#8211; von Mai bis Oktober, beginnend von Strande bei Kiel durch Englischen Kanal \/ Biskaya \/ Gibraltar \/ entlang der spanischen Mittelmeerh\u00e4fen bis Port St. Louis du Rhone, wo der Mast gelegt wurde und die Binnenfahrt begann durch Rhone \/ Sayone \/ Rhein-Rhone-Weg usw.,wurde in Emden wieder der Mast aufgestellt, und es ging dann Richtung Borkum. Bei Hochwasser &#8211; endlich wieder unter Segeln &#8211; ging es los.<br \/>\n<img loading=\"lazy\" decoding=\"async\" src=\"https:\/\/windpilot.com\/blog\/wp-content\/uploads\/2022\/11\/3-2.9.2018-300x225.jpg\" alt=\"\" width=\"300\" height=\"225\" class=\"alignleft size-medium wp-image-27865\" srcset=\"https:\/\/windpilot.com\/blog\/wp-content\/uploads\/2022\/11\/3-2.9.2018-300x225.jpg 300w, https:\/\/windpilot.com\/blog\/wp-content\/uploads\/2022\/11\/3-2.9.2018.jpg 452w\" sizes=\"auto, (max-width: 300px) 100vw, 300px\" \/>Die letzte kurze Strecke wurde unter Maschine gegen ablaufend Wasser Richtung ehemaligen Marinehafen Borkum motort. Vermutlich nachl\u00e4ssig, reagierte ich nicht auf den vor der Einfahrt starken  Stromwirbel, der das Boot  gegen die Molenkopfspundwand dr\u00fcckte. Es rumste gewaltig: Der Bugbeschlag, ein U-Profil mit 4 Maschinenschrauben M10 durchgebolzt war glatt abgeschert &#8211; samt Beschlag f\u00fcr Vorstag &#8211; der Bugkorb selbst hochgerissen, deformiert. Alles war demoliert; sogar der Ankerschaft verbogen. Das Ganze blieb zum Gl\u00fcck am Bugpoller h\u00e4ngen, und der gute Mast blieb stehen, wurde ja auch durch die vorderen Unterwanten noch gehalten. Ein Blamage f\u00fcr das Skipperherz.<br \/>\n                                                                                                                                                                                 Das total verbogene, abgebaute U-Profil nahm ich gleich mit zum Hafenb\u00fcro, um den Ernst der Lage glaubhaft zu machen. Das war wichtig; ich bekam einen guten Tipp, n\u00e4mlich, da\u00df eine Werkstatt eines Fuhrunternehmens ganz in der N\u00e4he sei, und da\u00df der Chef mit sich  reden lasse. Sogar Liegegeld wurde mir erlassen &#8211; donnerwetter!<br \/>\nMit all den demolierten Teilen &#8211; Anker, U-Profil inklusive Bugrolle und Sicherungsbolzen &#8211; ging&#8217;s in die Werkstatt. Dort durfte ich ohne gro\u00dfes Hin-und-Her an alles heran:<br \/>\n&#8211; An der hydraulischen Presse den Ankerschaft \u201eauf Gerade getunt\u201c<br \/>\n&#8211; Das U-Profil mu\u00dfte auseinandergeflext werden und die einzelnen Teile kamen dann auf den Ambo\u00df.<br \/>\n&#8211; Dann zeigte man mir das Schutzgas-Schwei\u00dfger\u00e4t, um es wieder \u201eganz zu machen\u201c.          <\/p>\n<p>Damit war ich allerdings schlecht bedient, h\u00e4tte gute N\u00e4hte damit wohl nicht hinbekommen. Das erledigte dann mit sicherer Hand einer der freundlichen (war es Vladimir?) Mitarbeiter mal eben schnell, sogar mit passendem Niroschwei\u00dfdraht!<\/p>\n<p>Was war das f\u00fcr ein Gl\u00fcck, alles vor Ort dort auf Borkum einigerma\u00dfen herrichten zu k\u00f6nnen! Solch tolle Hilfsbereitschaft findet man nicht so oft!                                                                         <\/p>\n<p>Auf einer weiteren Segeltour bin ich nochmals in Borkum gewesen. Logisch habe ich meine Retter wieder besucht, mein Spendentopf war auch noch da !<br \/>\nSY FREE &#8211; Walter  Stoffers<br \/>\n<img loading=\"lazy\" decoding=\"async\" src=\"https:\/\/windpilot.com\/blog\/wp-content\/uploads\/2022\/11\/4.1-einhand-mit-Windsteuer-225x300.jpg\" alt=\"\" width=\"225\" height=\"300\" class=\"alignleft size-medium wp-image-27868\" srcset=\"https:\/\/windpilot.com\/blog\/wp-content\/uploads\/2022\/11\/4.1-einhand-mit-Windsteuer-225x300.jpg 225w, https:\/\/windpilot.com\/blog\/wp-content\/uploads\/2022\/11\/4.1-einhand-mit-Windsteuer.jpg 504w\" sizes=\"auto, (max-width: 225px) 100vw, 225px\" \/><\/p>\n","protected":false},"excerpt":{"rendered":"<p>LEBENSLANG BEFREUNDET &#8211; VIEL ZU SELTEN BELEBT! Ist das wirklich schon so lange her? Das sind diese Fragen, deren Antwort wir alle kennen, weil sie stets die gleiche ist! Es ist der Lebensstoff, der uns innehalten l\u00e4sst, kurz Nachdenken erzeugt &hellip; <a href=\"https:\/\/windpilot.com\/blog\/schiffe\/gebrauchtyachten\/konsul-37\/\">Weiterlesen <span class=\"meta-nav\">&rarr;<\/span><\/a><\/p>\n","protected":false},"author":1,"featured_media":0,"parent":15914,"menu_order":-19,"comment_status":"open","ping_status":"closed","template":"","meta":{"footnotes":""},"class_list":["post-27860","page","type-page","status-publish","hentry"],"_links":{"self":[{"href":"https:\/\/windpilot.com\/blog\/wp-json\/wp\/v2\/pages\/27860","targetHints":{"allow":["GET"]}}],"collection":[{"href":"https:\/\/windpilot.com\/blog\/wp-json\/wp\/v2\/pages"}],"about":[{"href":"https:\/\/windpilot.com\/blog\/wp-json\/wp\/v2\/types\/page"}],"author":[{"embeddable":true,"href":"https:\/\/windpilot.com\/blog\/wp-json\/wp\/v2\/users\/1"}],"replies":[{"embeddable":true,"href":"https:\/\/windpilot.com\/blog\/wp-json\/wp\/v2\/comments?post=27860"}],"version-history":[{"count":5,"href":"https:\/\/windpilot.com\/blog\/wp-json\/wp\/v2\/pages\/27860\/revisions"}],"predecessor-version":[{"id":27869,"href":"https:\/\/windpilot.com\/blog\/wp-json\/wp\/v2\/pages\/27860\/revisions\/27869"}],"up":[{"embeddable":true,"href":"https:\/\/windpilot.com\/blog\/wp-json\/wp\/v2\/pages\/15914"}],"wp:attachment":[{"href":"https:\/\/windpilot.com\/blog\/wp-json\/wp\/v2\/media?parent=27860"}],"curies":[{"name":"wp","href":"https:\/\/api.w.org\/{rel}","templated":true}]}}