{"id":28050,"date":"2022-12-04T02:15:58","date_gmt":"2022-12-04T09:15:58","guid":{"rendered":"https:\/\/windpilot.com\/blog\/?page_id=28050"},"modified":"2022-12-04T02:15:58","modified_gmt":"2022-12-04T09:15:58","slug":"webmailor","status":"publish","type":"page","link":"https:\/\/windpilot.com\/blog\/ausruestung\/webmailor\/","title":{"rendered":"Webmailor"},"content":{"rendered":"<p><strong>VOM SEGLER ENTWICKELT &#8211; IRIDIUM GO KANN JETZT WWW<\/strong><br \/>\n<img loading=\"lazy\" decoding=\"async\" src=\"https:\/\/windpilot.com\/blog\/wp-content\/uploads\/2022\/08\/Patrick-1024x785.jpg\" alt=\"\" width=\"640\" height=\"491\" class=\"aligncenter size-large wp-image-26967\" srcset=\"https:\/\/windpilot.com\/blog\/wp-content\/uploads\/2022\/08\/Patrick-1024x785.jpg 1024w, https:\/\/windpilot.com\/blog\/wp-content\/uploads\/2022\/08\/Patrick-300x230.jpg 300w, https:\/\/windpilot.com\/blog\/wp-content\/uploads\/2022\/08\/Patrick-768x589.jpg 768w, https:\/\/windpilot.com\/blog\/wp-content\/uploads\/2022\/08\/Patrick-1536x1177.jpg 1536w, https:\/\/windpilot.com\/blog\/wp-content\/uploads\/2022\/08\/Patrick.jpg 1748w\" sizes=\"auto, (max-width: 640px) 100vw, 640px\" \/>Internetverbindung f\u00fcr Segler unterwegs &#8211; davon tr\u00e4umen Segler.<br \/>\nPatrick Losert, digitaler Nomade und unterwegs mit dem Schiff im Pazifik, derzeit auf Heimatbesuch, plant die Weiterreise von Tahiti Richtung Westen. Sein Beruf: IT Entwickler, Schlaukopf und  neugierig auf L\u00f6sungen, die das Leben erleichtern, insbesondere abseits der IT Autobahnen, wenn Bits und Bytes nur noch tr\u00f6pfeln, anstatt zu rauschen.<br \/>\nIridiumGo bringt zwar die Post an Bord, aber das Tor zum WWW samt Google-Suche bleibt versperrt, ein Unding f\u00fcr einen Nerd, der in jeder Lebenlage, am Herd oder in der Koje, gewohnt ist, Fragen jeder Art im Netz zu kl\u00e4ren.<\/p>\n<p>Nun hat Patrick eine L\u00f6sung gefunden, wie die Nuss zu knacken ist:<\/p>\n<p><img loading=\"lazy\" decoding=\"async\" src=\"https:\/\/windpilot.com\/blog\/wp-content\/uploads\/2022\/08\/Patrick-Losert-1024x752.jpg\" alt=\"\" width=\"640\" height=\"470\" class=\"aligncenter size-large wp-image-26968\" srcset=\"https:\/\/windpilot.com\/blog\/wp-content\/uploads\/2022\/08\/Patrick-Losert-1024x752.jpg 1024w, https:\/\/windpilot.com\/blog\/wp-content\/uploads\/2022\/08\/Patrick-Losert-300x220.jpg 300w, https:\/\/windpilot.com\/blog\/wp-content\/uploads\/2022\/08\/Patrick-Losert-768x564.jpg 768w, https:\/\/windpilot.com\/blog\/wp-content\/uploads\/2022\/08\/Patrick-Losert-1536x1128.jpg 1536w, https:\/\/windpilot.com\/blog\/wp-content\/uploads\/2022\/08\/Patrick-Losert.jpg 1982w\" sizes=\"auto, (max-width: 640px) 100vw, 640px\" \/><br \/>\nDer Entwickler beschreibt den Unterschied zwischen XWeb und XGate App:<\/p>\n<blockquote><p>XGate &#038; XWeb komprimieren (minimieren) die Gr\u00f6\u00dfe der Website, so dass Sie weniger Daten herunterladen m\u00fcssen, was f\u00fcr eine langsame Satellitenverbindung besser geeignet ist. Ich w\u00fcrde gerne sagen, dass es gro\u00dfartig funktioniert (die Entwickler haben gro\u00dfartige Arbeit geleistet!), aber leider ist es nicht so. Das Hauptproblem ist, dass man immer noch alle komprimierten Daten von einer Website laden muss, und meiner Erfahrung nach (und der vieler Leute, die ich kennengelernt habe) funktioniert das bei 90% der Websites \u00fcber eine langsame, schlampige Verbindung (wie man sie meist bei g\u00fcnstigen Satellitentarifen wie iridiumGo hat) nicht. Und je nach Datentarif muss man immer noch viel f\u00fcr das Surfen im Internet bezahlen. Zum Beispiel kann eine Website mit 1,2 MB auf ~250 KB komprimiert werden (klicken Sie hier f\u00fcr vollst\u00e4ndige Referenzen), aber haben Sie schon einmal versucht, 250 KB \u00fcber IridiumGo oder eine andere langsame Satellitenverbindung herunterzuladen? Es dauert ewig (genauer gesagt etwa 17 Minuten, wenn Ihre Verbindung stabil ist). Sehen Sie sich die Tabelle unten an, um einen direkten Vergleich zu haben.<\/p>\n<p>Mit Webmailor m\u00fcssen Sie sich nicht durch Websites und die Google-Suchseite w\u00fchlen, das Programm nimmt Ihnen die ganze Arbeit ab und zeigt nur das an, was Sie interessiert &#8211; den Inhalt. Sie haben keine Website-Ladezeiten, keine Probleme mit Datenschutz-Popups oder Abh\u00e4ngigkeiten von Drittanbietern. Und es ist unabh\u00e4ngig von jedem Dienstanbieter &#8211; Sie k\u00f6nnen es mit jedem verf\u00fcgbaren Mail-Client und jeder Internetverbindung nutzen. Au\u00dferdem m\u00fcssen Sie keine App installieren oder irgendwelche Einstellungen auf Ihrem Telefon\/Tablet\/Laptop\/Computer vornehmen<\/p><\/blockquote>\n<p><a href=\"https:\/\/webmailor.com\">WEBMAILOR<\/a> hat vor einigen Tagen seinen Dienst aufgenommen, derzeit noch kostenlos. Mal sehen, wie lange das so bleiben kann, denn auch auf See kann man nicht von Luft und Liebe leben, braucht also was zum beissen.<br \/>\n<img loading=\"lazy\" decoding=\"async\" src=\"https:\/\/windpilot.com\/blog\/wp-content\/uploads\/2022\/08\/P-L--150x150.jpg\" alt=\"\" width=\"150\" height=\"150\" class=\"alignleft size-thumbnail wp-image-26969\" \/><\/p>\n","protected":false},"excerpt":{"rendered":"<p>VOM SEGLER ENTWICKELT &#8211; IRIDIUM GO KANN JETZT WWW Internetverbindung f\u00fcr Segler unterwegs &#8211; davon tr\u00e4umen Segler. Patrick Losert, digitaler Nomade und unterwegs mit dem Schiff im Pazifik, derzeit auf Heimatbesuch, plant die Weiterreise von Tahiti Richtung Westen. Sein Beruf: &hellip; <a href=\"https:\/\/windpilot.com\/blog\/ausruestung\/webmailor\/\">Weiterlesen <span class=\"meta-nav\">&rarr;<\/span><\/a><\/p>\n","protected":false},"author":1,"featured_media":0,"parent":16900,"menu_order":-13,"comment_status":"closed","ping_status":"closed","template":"","meta":{"footnotes":""},"class_list":["post-28050","page","type-page","status-publish","hentry"],"_links":{"self":[{"href":"https:\/\/windpilot.com\/blog\/wp-json\/wp\/v2\/pages\/28050","targetHints":{"allow":["GET"]}}],"collection":[{"href":"https:\/\/windpilot.com\/blog\/wp-json\/wp\/v2\/pages"}],"about":[{"href":"https:\/\/windpilot.com\/blog\/wp-json\/wp\/v2\/types\/page"}],"author":[{"embeddable":true,"href":"https:\/\/windpilot.com\/blog\/wp-json\/wp\/v2\/users\/1"}],"replies":[{"embeddable":true,"href":"https:\/\/windpilot.com\/blog\/wp-json\/wp\/v2\/comments?post=28050"}],"version-history":[{"count":1,"href":"https:\/\/windpilot.com\/blog\/wp-json\/wp\/v2\/pages\/28050\/revisions"}],"predecessor-version":[{"id":28051,"href":"https:\/\/windpilot.com\/blog\/wp-json\/wp\/v2\/pages\/28050\/revisions\/28051"}],"up":[{"embeddable":true,"href":"https:\/\/windpilot.com\/blog\/wp-json\/wp\/v2\/pages\/16900"}],"wp:attachment":[{"href":"https:\/\/windpilot.com\/blog\/wp-json\/wp\/v2\/media?parent=28050"}],"curies":[{"name":"wp","href":"https:\/\/api.w.org\/{rel}","templated":true}]}}