{"id":28071,"date":"2022-12-06T10:15:25","date_gmt":"2022-12-06T17:15:25","guid":{"rendered":"https:\/\/windpilot.com\/blog\/?page_id=28071"},"modified":"2022-12-06T10:15:25","modified_gmt":"2022-12-06T17:15:25","slug":"spaekhugger-grinde-kaskelot","status":"publish","type":"page","link":"https:\/\/windpilot.com\/blog\/schiffe\/gebrauchtyachten\/spaekhugger-grinde-kaskelot\/","title":{"rendered":"Spaekhugger &#8211; Grinde &#8211; Kaskelot"},"content":{"rendered":"<p><strong>HINWEISE ZU DEN BESONDEREN SCHIFFE VON PETER BRUN<\/strong><br \/>\n<img loading=\"lazy\" decoding=\"async\" src=\"https:\/\/windpilot.com\/blog\/wp-content\/uploads\/2022\/12\/94I0221.CR2_.p.jpeg\" alt=\"\" width=\"1217\" height=\"961\" class=\"aligncenter size-full wp-image-28072\" srcset=\"https:\/\/windpilot.com\/blog\/wp-content\/uploads\/2022\/12\/94I0221.CR2_.p.jpeg 1217w, https:\/\/windpilot.com\/blog\/wp-content\/uploads\/2022\/12\/94I0221.CR2_.p-300x237.jpeg 300w, https:\/\/windpilot.com\/blog\/wp-content\/uploads\/2022\/12\/94I0221.CR2_.p-1024x809.jpeg 1024w, https:\/\/windpilot.com\/blog\/wp-content\/uploads\/2022\/12\/94I0221.CR2_.p-768x606.jpeg 768w\" sizes=\"auto, (max-width: 1217px) 100vw, 1217px\" \/>Guten Abend, in Skandinavien z\u00e4hlen die Peter Bruun Schiffe zu den Liebhaberschiffen, die zu teils abenteuerlichen Preisen den Besitzer wechseln. Ich vermute stark, dass eine Kaskelot mit dem modifizierten Aufbau nicht vergleichbar im Fokus steht, was auch beim Spaekhugger zu beobachten ist. Seglerisch ist die Kaskelot eine Offenbarung, sie war damals ihrer Zeit enorm weit voraus. Eine Performance Yacht mit einem Wasserablauf, der das Herz zum H\u00fcpfen bringt = nahezu nahtloses Kielwasser.<br \/>\n<img loading=\"lazy\" decoding=\"async\" src=\"https:\/\/windpilot.com\/blog\/wp-content\/uploads\/2022\/12\/94I0256.CR2_.p.jpeg\" alt=\"\" width=\"1280\" height=\"854\" class=\"aligncenter size-full wp-image-28073\" srcset=\"https:\/\/windpilot.com\/blog\/wp-content\/uploads\/2022\/12\/94I0256.CR2_.p.jpeg 1280w, https:\/\/windpilot.com\/blog\/wp-content\/uploads\/2022\/12\/94I0256.CR2_.p-300x200.jpeg 300w, https:\/\/windpilot.com\/blog\/wp-content\/uploads\/2022\/12\/94I0256.CR2_.p-1024x683.jpeg 1024w, https:\/\/windpilot.com\/blog\/wp-content\/uploads\/2022\/12\/94I0256.CR2_.p-768x512.jpeg 768w\" sizes=\"auto, (max-width: 1280px) 100vw, 1280px\" \/><img loading=\"lazy\" decoding=\"async\" src=\"https:\/\/windpilot.com\/blog\/wp-content\/uploads\/2022\/12\/image0.jpeg\" alt=\"\" width=\"1280\" height=\"960\" class=\"aligncenter size-full wp-image-28074\" srcset=\"https:\/\/windpilot.com\/blog\/wp-content\/uploads\/2022\/12\/image0.jpeg 1280w, https:\/\/windpilot.com\/blog\/wp-content\/uploads\/2022\/12\/image0-300x225.jpeg 300w, https:\/\/windpilot.com\/blog\/wp-content\/uploads\/2022\/12\/image0-1024x768.jpeg 1024w, https:\/\/windpilot.com\/blog\/wp-content\/uploads\/2022\/12\/image0-768x576.jpeg 768w\" sizes=\"auto, (max-width: 1280px) 100vw, 1280px\" \/><br \/>\nWas man wissen muss: fast alle Kaskelot weisen die charakterischen Haarrisse im Skegbereich auf. Ursache: die GFK Formen sowohl bei Grinde als auch Kaskelot beinhalten nicht die volle Skegl\u00e4nge, weshalb der untere Teil des Skegs mit Laminatstreifen an den oberen Skeg Stummel anlaminiert wurde. Keine ganz gl\u00fcckliche konstruktive L\u00f6sung, zumal manchmal der \u00fcberlaminierte Bereich zuvor vermutlich nicht immer von der Feinschicht befreit wurde, wodurch Haftungsprobleme entstanden sind. Allerdings ist dies leicht zu verbessern zu beheben, was allerdings einigen Arbeitsaufwand bedeutet. Alle Grinde und Kaskelot Ruder sind lediglich oben an Deck und unten am Skeg eingeh\u00e4ngt, weshalb ein Haarriss mitten am Skeg eben wichtig genommen werden sollte. Wie gesagt: alles machbar, kein Grund zum Nichtkauf. F\u00fcr mich geh\u00f6rt die Kaskelot zu den Leckerbissen am Markt, die ihren Wert immer behalten werden, solange man bereit, dies Schiff auf Stand zu halten zu pflegen und nicht zu verschandeln.<br \/>\n<img loading=\"lazy\" decoding=\"async\" src=\"https:\/\/windpilot.com\/blog\/wp-content\/uploads\/2022\/12\/Anjakoster.jpg\" alt=\"\" width=\"640\" height=\"421\" class=\"aligncenter size-full wp-image-28080\" srcset=\"https:\/\/windpilot.com\/blog\/wp-content\/uploads\/2022\/12\/Anjakoster.jpg 640w, https:\/\/windpilot.com\/blog\/wp-content\/uploads\/2022\/12\/Anjakoster-300x197.jpg 300w\" sizes=\"auto, (max-width: 640px) 100vw, 640px\" \/><img loading=\"lazy\" decoding=\"async\" src=\"https:\/\/windpilot.com\/blog\/wp-content\/uploads\/2022\/12\/condition.jpg\" alt=\"\" width=\"1000\" height=\"666\" class=\"aligncenter size-full wp-image-28081\" srcset=\"https:\/\/windpilot.com\/blog\/wp-content\/uploads\/2022\/12\/condition.jpg 1000w, https:\/\/windpilot.com\/blog\/wp-content\/uploads\/2022\/12\/condition-300x200.jpg 300w, https:\/\/windpilot.com\/blog\/wp-content\/uploads\/2022\/12\/condition-768x511.jpg 768w\" sizes=\"auto, (max-width: 1000px) 100vw, 1000px\" \/><br \/>\nIn Norwegen wurde k\u00fcrzlich eine ONE OFF Spaekhugger f\u00fcr einen unglaublichen Preis von EUR 48.000 angeboten &#8211; jedes Baudetail wert, sich darin zu verlieben. Ich war unter den Bietern, leider vergeblich, man wollte das Schiff &#8222;in der N\u00e4he&#8220; behalten. Das hat geklappt. Wie mir mitgeteilt wurde, hat es 7 ernsthafte Interessenten gegeben, ich h\u00e4tte sogar telefonisch gekauft.<br \/>\n<img loading=\"lazy\" decoding=\"async\" src=\"https:\/\/windpilot.com\/blog\/wp-content\/uploads\/2022\/12\/Grinde.jpg\" alt=\"\" width=\"1600\" height=\"1200\" class=\"aligncenter size-full wp-image-28076\" srcset=\"https:\/\/windpilot.com\/blog\/wp-content\/uploads\/2022\/12\/Grinde.jpg 1600w, https:\/\/windpilot.com\/blog\/wp-content\/uploads\/2022\/12\/Grinde-300x225.jpg 300w, https:\/\/windpilot.com\/blog\/wp-content\/uploads\/2022\/12\/Grinde-1024x768.jpg 1024w, https:\/\/windpilot.com\/blog\/wp-content\/uploads\/2022\/12\/Grinde-768x576.jpg 768w, https:\/\/windpilot.com\/blog\/wp-content\/uploads\/2022\/12\/Grinde-1536x1152.jpg 1536w\" sizes=\"auto, (max-width: 1600px) 100vw, 1600px\" \/><img loading=\"lazy\" decoding=\"async\" src=\"https:\/\/windpilot.com\/blog\/wp-content\/uploads\/2022\/12\/Grinde-Kopie.jpg\" alt=\"\" width=\"1600\" height=\"1200\" class=\"aligncenter size-full wp-image-28077\" srcset=\"https:\/\/windpilot.com\/blog\/wp-content\/uploads\/2022\/12\/Grinde-Kopie.jpg 1600w, https:\/\/windpilot.com\/blog\/wp-content\/uploads\/2022\/12\/Grinde-Kopie-300x225.jpg 300w, https:\/\/windpilot.com\/blog\/wp-content\/uploads\/2022\/12\/Grinde-Kopie-1024x768.jpg 1024w, https:\/\/windpilot.com\/blog\/wp-content\/uploads\/2022\/12\/Grinde-Kopie-768x576.jpg 768w, https:\/\/windpilot.com\/blog\/wp-content\/uploads\/2022\/12\/Grinde-Kopie-1536x1152.jpg 1536w\" sizes=\"auto, (max-width: 1600px) 100vw, 1600px\" \/><img loading=\"lazy\" decoding=\"async\" src=\"https:\/\/windpilot.com\/blog\/wp-content\/uploads\/2022\/12\/Grinde-totale-Kopie.jpg\" alt=\"\" width=\"1600\" height=\"1200\" class=\"aligncenter size-full wp-image-28078\" srcset=\"https:\/\/windpilot.com\/blog\/wp-content\/uploads\/2022\/12\/Grinde-totale-Kopie.jpg 1600w, https:\/\/windpilot.com\/blog\/wp-content\/uploads\/2022\/12\/Grinde-totale-Kopie-300x225.jpg 300w, https:\/\/windpilot.com\/blog\/wp-content\/uploads\/2022\/12\/Grinde-totale-Kopie-1024x768.jpg 1024w, https:\/\/windpilot.com\/blog\/wp-content\/uploads\/2022\/12\/Grinde-totale-Kopie-768x576.jpg 768w, https:\/\/windpilot.com\/blog\/wp-content\/uploads\/2022\/12\/Grinde-totale-Kopie-1536x1152.jpg 1536w\" sizes=\"auto, (max-width: 1600px) 100vw, 1600px\" \/><img loading=\"lazy\" decoding=\"async\" src=\"https:\/\/windpilot.com\/blog\/wp-content\/uploads\/2022\/12\/DK-Grinde-28.jpg\" alt=\"\" width=\"321\" height=\"436\" class=\"aligncenter size-full wp-image-28079\" srcset=\"https:\/\/windpilot.com\/blog\/wp-content\/uploads\/2022\/12\/DK-Grinde-28.jpg 321w, https:\/\/windpilot.com\/blog\/wp-content\/uploads\/2022\/12\/DK-Grinde-28-221x300.jpg 221w\" sizes=\"auto, (max-width: 321px) 100vw, 321px\" \/><img loading=\"lazy\" decoding=\"async\" src=\"https:\/\/windpilot.com\/blog\/wp-content\/uploads\/2022\/12\/PH-0002.jpg\" alt=\"\" width=\"1200\" height=\"1600\" class=\"size-full wp-image-28082\" srcset=\"https:\/\/windpilot.com\/blog\/wp-content\/uploads\/2022\/12\/PH-0002.jpg 1200w, https:\/\/windpilot.com\/blog\/wp-content\/uploads\/2022\/12\/PH-0002-225x300.jpg 225w, https:\/\/windpilot.com\/blog\/wp-content\/uploads\/2022\/12\/PH-0002-768x1024.jpg 768w, https:\/\/windpilot.com\/blog\/wp-content\/uploads\/2022\/12\/PH-0002-1152x1536.jpg 1152w\" sizes=\"auto, (max-width: 1200px) 100vw, 1200px\" \/><img loading=\"lazy\" decoding=\"async\" src=\"https:\/\/windpilot.com\/blog\/wp-content\/uploads\/2022\/12\/prinshenrik.jpg\" alt=\"\" width=\"1376\" height=\"1032\" class=\"aligncenter size-full wp-image-28083\" srcset=\"https:\/\/windpilot.com\/blog\/wp-content\/uploads\/2022\/12\/prinshenrik.jpg 1376w, https:\/\/windpilot.com\/blog\/wp-content\/uploads\/2022\/12\/prinshenrik-300x225.jpg 300w, https:\/\/windpilot.com\/blog\/wp-content\/uploads\/2022\/12\/prinshenrik-1024x768.jpg 1024w, https:\/\/windpilot.com\/blog\/wp-content\/uploads\/2022\/12\/prinshenrik-768x576.jpg 768w\" sizes=\"auto, (max-width: 1376px) 100vw, 1376px\" \/><img loading=\"lazy\" decoding=\"async\" src=\"https:\/\/windpilot.com\/blog\/wp-content\/uploads\/2022\/12\/Moorea1.jpg\" alt=\"\" width=\"1600\" height=\"1200\" class=\"aligncenter size-full wp-image-28084\" srcset=\"https:\/\/windpilot.com\/blog\/wp-content\/uploads\/2022\/12\/Moorea1.jpg 1600w, https:\/\/windpilot.com\/blog\/wp-content\/uploads\/2022\/12\/Moorea1-300x225.jpg 300w, https:\/\/windpilot.com\/blog\/wp-content\/uploads\/2022\/12\/Moorea1-1024x768.jpg 1024w, https:\/\/windpilot.com\/blog\/wp-content\/uploads\/2022\/12\/Moorea1-768x576.jpg 768w, https:\/\/windpilot.com\/blog\/wp-content\/uploads\/2022\/12\/Moorea1-1536x1152.jpg 1536w\" sizes=\"auto, (max-width: 1600px) 100vw, 1600px\" \/><img loading=\"lazy\" decoding=\"async\" src=\"https:\/\/windpilot.com\/blog\/wp-content\/uploads\/2022\/12\/PH2-1.jpg\" alt=\"\" width=\"1600\" height=\"1200\" class=\"aligncenter size-full wp-image-28085\" srcset=\"https:\/\/windpilot.com\/blog\/wp-content\/uploads\/2022\/12\/PH2-1.jpg 1600w, https:\/\/windpilot.com\/blog\/wp-content\/uploads\/2022\/12\/PH2-1-300x225.jpg 300w, https:\/\/windpilot.com\/blog\/wp-content\/uploads\/2022\/12\/PH2-1-1024x768.jpg 1024w, https:\/\/windpilot.com\/blog\/wp-content\/uploads\/2022\/12\/PH2-1-768x576.jpg 768w, https:\/\/windpilot.com\/blog\/wp-content\/uploads\/2022\/12\/PH2-1-1536x1152.jpg 1536w\" sizes=\"auto, (max-width: 1600px) 100vw, 1600px\" \/><img loading=\"lazy\" decoding=\"async\" src=\"https:\/\/windpilot.com\/blog\/wp-content\/uploads\/2022\/12\/SV-Josefine.jpg\" alt=\"\" width=\"760\" height=\"570\" class=\"aligncenter size-full wp-image-28086\" srcset=\"https:\/\/windpilot.com\/blog\/wp-content\/uploads\/2022\/12\/SV-Josefine.jpg 760w, https:\/\/windpilot.com\/blog\/wp-content\/uploads\/2022\/12\/SV-Josefine-300x225.jpg 300w\" sizes=\"auto, (max-width: 760px) 100vw, 760px\" \/><img loading=\"lazy\" decoding=\"async\" src=\"https:\/\/windpilot.com\/blog\/wp-content\/uploads\/2022\/12\/Vilje.jpg\" alt=\"\" width=\"480\" height=\"360\" class=\"aligncenter size-full wp-image-28088\" srcset=\"https:\/\/windpilot.com\/blog\/wp-content\/uploads\/2022\/12\/Vilje.jpg 480w, https:\/\/windpilot.com\/blog\/wp-content\/uploads\/2022\/12\/Vilje-300x225.jpg 300w\" sizes=\"auto, (max-width: 480px) 100vw, 480px\" \/><img loading=\"lazy\" decoding=\"async\" src=\"https:\/\/windpilot.com\/blog\/wp-content\/uploads\/2022\/12\/K1600_20200804_112057.jpg\" alt=\"\" width=\"1600\" height=\"1200\" class=\"aligncenter size-full wp-image-28089\" srcset=\"https:\/\/windpilot.com\/blog\/wp-content\/uploads\/2022\/12\/K1600_20200804_112057.jpg 1600w, https:\/\/windpilot.com\/blog\/wp-content\/uploads\/2022\/12\/K1600_20200804_112057-300x225.jpg 300w, https:\/\/windpilot.com\/blog\/wp-content\/uploads\/2022\/12\/K1600_20200804_112057-1024x768.jpg 1024w, https:\/\/windpilot.com\/blog\/wp-content\/uploads\/2022\/12\/K1600_20200804_112057-768x576.jpg 768w, https:\/\/windpilot.com\/blog\/wp-content\/uploads\/2022\/12\/K1600_20200804_112057-1536x1152.jpg 1536w\" sizes=\"auto, (max-width: 1600px) 100vw, 1600px\" \/><img loading=\"lazy\" decoding=\"async\" src=\"https:\/\/windpilot.com\/blog\/wp-content\/uploads\/2022\/12\/Paikea-WindPilot-Pacific-Light-4.jpg\" alt=\"\" width=\"1280\" height=\"853\" class=\"aligncenter size-full wp-image-28090\" srcset=\"https:\/\/windpilot.com\/blog\/wp-content\/uploads\/2022\/12\/Paikea-WindPilot-Pacific-Light-4.jpg 1280w, https:\/\/windpilot.com\/blog\/wp-content\/uploads\/2022\/12\/Paikea-WindPilot-Pacific-Light-4-300x200.jpg 300w, https:\/\/windpilot.com\/blog\/wp-content\/uploads\/2022\/12\/Paikea-WindPilot-Pacific-Light-4-1024x682.jpg 1024w, https:\/\/windpilot.com\/blog\/wp-content\/uploads\/2022\/12\/Paikea-WindPilot-Pacific-Light-4-768x512.jpg 768w\" sizes=\"auto, (max-width: 1280px) 100vw, 1280px\" \/><img loading=\"lazy\" decoding=\"async\" src=\"https:\/\/windpilot.com\/blog\/wp-content\/uploads\/2022\/12\/imm004_N4.jpg\" alt=\"\" width=\"1536\" height=\"1024\" class=\"aligncenter size-full wp-image-28091\" srcset=\"https:\/\/windpilot.com\/blog\/wp-content\/uploads\/2022\/12\/imm004_N4.jpg 1536w, https:\/\/windpilot.com\/blog\/wp-content\/uploads\/2022\/12\/imm004_N4-300x200.jpg 300w, https:\/\/windpilot.com\/blog\/wp-content\/uploads\/2022\/12\/imm004_N4-1024x683.jpg 1024w, https:\/\/windpilot.com\/blog\/wp-content\/uploads\/2022\/12\/imm004_N4-768x512.jpg 768w\" sizes=\"auto, (max-width: 1536px) 100vw, 1536px\" \/>GFK Arbeiten wurden damals von LM in Lundeskov durchgef\u00fchrt und waren bester Qualit\u00e4t und Dimensionierung.<\/p>\n<p>Mein Tipp f\u00fcr Alternativen: <strong>HANSEAT 70 BII<\/strong>. Wer die Bauqualit\u00e4t der ASMUS Yachten kennen und lieben gelernt hat, wird in Bezug auf andere Werften schnell mal skeptisch. \u00dcber die Tischler Bauqualit\u00e4t von Willy Asmus, muss man tapfer hinwegsehen, weil dort erkennbar der rechte Winkel den Tischler entlarvte &#8211; und der Werftchef sich hier nicht eines besseren belehren lassen wollte &#8211; was ihn am Ende auch geschadet hat. Ich habe 3 Hanseaten in Folge gehabt &#8230; und es nie bereut.\u00a0<\/p>\n<blockquote class=\"wp-embedded-content\" data-secret=\"FNrsrVBuoQ\"><p><a href=\"https:\/\/windpilot.com\/blog\/biography\/deutsch-peter%c2%b4s-flotte-2\/\">Peter\u00b4s Flotte #2<\/a><\/p><\/blockquote>\n<p><iframe loading=\"lazy\" class=\"wp-embedded-content\" sandbox=\"allow-scripts\" security=\"restricted\" style=\"position: absolute; clip: rect(1px, 1px, 1px, 1px);\" title=\"&#8222;Peter\u00b4s Flotte #2&#8220; &#8212; Windpilot Blog\" src=\"https:\/\/windpilot.com\/blog\/biography\/deutsch-peter%c2%b4s-flotte-2\/embed\/#?secret=VaNcHYneG5#?secret=FNrsrVBuoQ\" data-secret=\"FNrsrVBuoQ\" width=\"600\" height=\"338\" frameborder=\"0\" marginwidth=\"0\" marginheight=\"0\" scrolling=\"no\"><\/iframe><\/p>\n<p>Ach ja: und ich habe 6 Kaskelot mit meinen Heckverzierungen ausger\u00fcstet &#8230;. und h\u00e4tte um ein Haar, anstelle der Gl\u00fccksst\u00e4dter Kreationen, in den sp\u00e4ten 80ger Jahren selbst eine Kaskelot gehabt. Dumm gelaufen, es folgten sodann 3 Hanseaten in Serie, was ich als Beweise meiner Treue zu Schiffen zum Ausdruck bringen m\u00f6chte.<\/p>\n<p>naja, nicht ganz ernst gemeint<br \/>\nPeter Foerthmann<br \/>\n<img loading=\"lazy\" decoding=\"async\" src=\"https:\/\/windpilot.com\/blog\/wp-content\/uploads\/2022\/12\/Picnic-1-150x150.jpeg\" alt=\"\" width=\"150\" height=\"150\" class=\"alignleft size-thumbnail wp-image-28094\" \/><\/p>\n","protected":false},"excerpt":{"rendered":"<p>HINWEISE ZU DEN BESONDEREN SCHIFFE VON PETER BRUN Guten Abend, in Skandinavien z\u00e4hlen die Peter Bruun Schiffe zu den Liebhaberschiffen, die zu teils abenteuerlichen Preisen den Besitzer wechseln. Ich vermute stark, dass eine Kaskelot mit dem modifizierten Aufbau nicht vergleichbar &hellip; <a href=\"https:\/\/windpilot.com\/blog\/schiffe\/gebrauchtyachten\/spaekhugger-grinde-kaskelot\/\">Weiterlesen <span class=\"meta-nav\">&rarr;<\/span><\/a><\/p>\n","protected":false},"author":1,"featured_media":0,"parent":15914,"menu_order":-22,"comment_status":"open","ping_status":"closed","template":"","meta":{"footnotes":""},"class_list":["post-28071","page","type-page","status-publish","hentry"],"_links":{"self":[{"href":"https:\/\/windpilot.com\/blog\/wp-json\/wp\/v2\/pages\/28071","targetHints":{"allow":["GET"]}}],"collection":[{"href":"https:\/\/windpilot.com\/blog\/wp-json\/wp\/v2\/pages"}],"about":[{"href":"https:\/\/windpilot.com\/blog\/wp-json\/wp\/v2\/types\/page"}],"author":[{"embeddable":true,"href":"https:\/\/windpilot.com\/blog\/wp-json\/wp\/v2\/users\/1"}],"replies":[{"embeddable":true,"href":"https:\/\/windpilot.com\/blog\/wp-json\/wp\/v2\/comments?post=28071"}],"version-history":[{"count":5,"href":"https:\/\/windpilot.com\/blog\/wp-json\/wp\/v2\/pages\/28071\/revisions"}],"predecessor-version":[{"id":28095,"href":"https:\/\/windpilot.com\/blog\/wp-json\/wp\/v2\/pages\/28071\/revisions\/28095"}],"up":[{"embeddable":true,"href":"https:\/\/windpilot.com\/blog\/wp-json\/wp\/v2\/pages\/15914"}],"wp:attachment":[{"href":"https:\/\/windpilot.com\/blog\/wp-json\/wp\/v2\/media?parent=28071"}],"curies":[{"name":"wp","href":"https:\/\/api.w.org\/{rel}","templated":true}]}}