{"id":28736,"date":"2023-01-09T10:43:05","date_gmt":"2023-01-09T17:43:05","guid":{"rendered":"https:\/\/windpilot.com\/blog\/?page_id=28736"},"modified":"2023-01-09T10:48:36","modified_gmt":"2023-01-09T17:48:36","slug":"patagonien-antarktis","status":"publish","type":"page","link":"https:\/\/windpilot.com\/blog\/blogs\/deutsch-cruising-area\/sued-amerika\/patagonien-antarktis\/","title":{"rendered":"Patagonien Antarktis"},"content":{"rendered":"<p><strong>PATAGONIEN &#8211; DA WOLLEN WIR ALLE MAL HIN!<\/strong><br \/>\n<img loading=\"lazy\" decoding=\"async\" src=\"https:\/\/windpilot.com\/blog\/wp-content\/uploads\/2023\/01\/antartica_tour_029-1024x683.jpeg\" alt=\"\" width=\"640\" height=\"427\" class=\"aligncenter size-large wp-image-28737\" srcset=\"https:\/\/windpilot.com\/blog\/wp-content\/uploads\/2023\/01\/antartica_tour_029-1024x683.jpeg 1024w, https:\/\/windpilot.com\/blog\/wp-content\/uploads\/2023\/01\/antartica_tour_029-300x200.jpeg 300w, https:\/\/windpilot.com\/blog\/wp-content\/uploads\/2023\/01\/antartica_tour_029-768x512.jpeg 768w, https:\/\/windpilot.com\/blog\/wp-content\/uploads\/2023\/01\/antartica_tour_029.jpeg 1280w\" sizes=\"auto, (max-width: 640px) 100vw, 640px\" \/>Allerdings ist der Weg dorthin f\u00fcr Segler ein weiter, denn die Anreise bedeutet Planung f\u00fcr Kopf und Herz, das Schiff samt Heizung, am liebsten doppelt eingebaut, damit die Bequemlichkeit nicht versaut, wenn die F\u00fcsse kalt. Sodann wird wichtig, dass die Reise sozial zu \u00fcberstehen ist, nicht dass die Angebete unterwegs zum Airport entflieht, und der Skipper zum Single Hander wird und sodann die ganze Reise in den Orkus geht, weil jemand zum Quatschen fehlt, weil\u00b4s da unten ja einsam ist, einsam und kalt. Allerdings wird den Augen der Atem geraubt  weil sie soviel Kuckzeug zu sehen haben.<br \/>\n<img loading=\"lazy\" decoding=\"async\" src=\"https:\/\/windpilot.com\/blog\/wp-content\/uploads\/2023\/01\/antartica_tour_014-1024x683.jpeg\" alt=\"\" width=\"640\" height=\"427\" class=\"aligncenter size-large wp-image-28738\" srcset=\"https:\/\/windpilot.com\/blog\/wp-content\/uploads\/2023\/01\/antartica_tour_014-1024x683.jpeg 1024w, https:\/\/windpilot.com\/blog\/wp-content\/uploads\/2023\/01\/antartica_tour_014-300x200.jpeg 300w, https:\/\/windpilot.com\/blog\/wp-content\/uploads\/2023\/01\/antartica_tour_014-768x512.jpeg 768w, https:\/\/windpilot.com\/blog\/wp-content\/uploads\/2023\/01\/antartica_tour_014.jpeg 1280w\" sizes=\"auto, (max-width: 640px) 100vw, 640px\" \/><br \/>\n<a href=\"https:\/\/www.wiedekamm.com\/2022\/12\/18\/sa2223-ushuaia-1\/\">Peter Wiedekamm <\/a>und seine Frau haben die Welt erkundet, sind mit der Stormvogel einmal um die Kugel gesegelt, die letzten Meter allerdings in einem Cradle huckepack an Deck verladen, sodann von achtern durch den Suez ins Mittelmeer reingefahren. Sodann zu hause wurde zeitversetzt der n\u00e4chste Reise geplant. Die Stormvogel ist dabei gegen den Knausi vertauscht, ein Schneckenhaus, dass auf 4 R\u00e4dern durch die W\u00fcste schaukeln kann, wenn\u00b4s denn sein muss &#8211; lieber nicht!<br \/>\n<img loading=\"lazy\" decoding=\"async\" src=\"https:\/\/windpilot.com\/blog\/wp-content\/uploads\/2023\/01\/polar_plunge_03-1024x682.jpeg\" alt=\"\" width=\"640\" height=\"426\" class=\"aligncenter size-large wp-image-28739\" srcset=\"https:\/\/windpilot.com\/blog\/wp-content\/uploads\/2023\/01\/polar_plunge_03-1024x682.jpeg 1024w, https:\/\/windpilot.com\/blog\/wp-content\/uploads\/2023\/01\/polar_plunge_03-300x200.jpeg 300w, https:\/\/windpilot.com\/blog\/wp-content\/uploads\/2023\/01\/polar_plunge_03-768x512.jpeg 768w, https:\/\/windpilot.com\/blog\/wp-content\/uploads\/2023\/01\/polar_plunge_03-1536x1024.jpeg 1536w, https:\/\/windpilot.com\/blog\/wp-content\/uploads\/2023\/01\/polar_plunge_03.jpeg 2000w\" sizes=\"auto, (max-width: 640px) 100vw, 640px\" \/><br \/>\nSo sind sie denn bis nach Ushuaia gekommen, wo  das Schneckenhaus auf einem Parkplatz abgestellt, sie sich per pedes auf einem Kreuzfahrschiff anderen Reisenden zugesellt, f\u00fcr eine Woche Luxus mit Panoramablick, Captains dinner und Pinguin Foto shooting &#8211; alles inklusive, wie auch die Thermo Jacke. <\/p>\n<p>Ein Reisebericht, den zu lesen es sich lohnt &#8230; <a href=\"https:\/\/www.wiedekamm.com\/2023\/01\/05\/antarktis-was-es-noch-zu-sagen-gibt\/\">BITTE SEHR<\/a><\/p>\n","protected":false},"excerpt":{"rendered":"<p>PATAGONIEN &#8211; DA WOLLEN WIR ALLE MAL HIN! Allerdings ist der Weg dorthin f\u00fcr Segler ein weiter, denn die Anreise bedeutet Planung f\u00fcr Kopf und Herz, das Schiff samt Heizung, am liebsten doppelt eingebaut, damit die Bequemlichkeit nicht versaut, wenn &hellip; <a href=\"https:\/\/windpilot.com\/blog\/blogs\/deutsch-cruising-area\/sued-amerika\/patagonien-antarktis\/\">Weiterlesen <span class=\"meta-nav\">&rarr;<\/span><\/a><\/p>\n","protected":false},"author":1,"featured_media":0,"parent":15239,"menu_order":1,"comment_status":"open","ping_status":"closed","template":"","meta":{"footnotes":""},"class_list":["post-28736","page","type-page","status-publish","hentry"],"_links":{"self":[{"href":"https:\/\/windpilot.com\/blog\/wp-json\/wp\/v2\/pages\/28736","targetHints":{"allow":["GET"]}}],"collection":[{"href":"https:\/\/windpilot.com\/blog\/wp-json\/wp\/v2\/pages"}],"about":[{"href":"https:\/\/windpilot.com\/blog\/wp-json\/wp\/v2\/types\/page"}],"author":[{"embeddable":true,"href":"https:\/\/windpilot.com\/blog\/wp-json\/wp\/v2\/users\/1"}],"replies":[{"embeddable":true,"href":"https:\/\/windpilot.com\/blog\/wp-json\/wp\/v2\/comments?post=28736"}],"version-history":[{"count":1,"href":"https:\/\/windpilot.com\/blog\/wp-json\/wp\/v2\/pages\/28736\/revisions"}],"predecessor-version":[{"id":28740,"href":"https:\/\/windpilot.com\/blog\/wp-json\/wp\/v2\/pages\/28736\/revisions\/28740"}],"up":[{"embeddable":true,"href":"https:\/\/windpilot.com\/blog\/wp-json\/wp\/v2\/pages\/15239"}],"wp:attachment":[{"href":"https:\/\/windpilot.com\/blog\/wp-json\/wp\/v2\/media?parent=28736"}],"curies":[{"name":"wp","href":"https:\/\/api.w.org\/{rel}","templated":true}]}}