{"id":28779,"date":"2023-01-13T07:28:12","date_gmt":"2023-01-13T14:28:12","guid":{"rendered":"https:\/\/windpilot.com\/blog\/?page_id=28779"},"modified":"2023-01-13T07:28:12","modified_gmt":"2023-01-13T14:28:12","slug":"mike-smith-au","status":"publish","type":"page","link":"https:\/\/windpilot.com\/blog\/portraits\/mike-smith-au\/","title":{"rendered":"Mike Smith Au"},"content":{"rendered":"<p><strong>WIE DIE GESCHICHTE WEITERGEGANGEN IST<\/strong><br \/>\n<img loading=\"lazy\" decoding=\"async\" src=\"https:\/\/windpilot.com\/blog\/wp-content\/uploads\/2023\/01\/IMG_7899sm-225x300.jpg\" alt=\"\" width=\"225\" height=\"300\" class=\"alignleft size-medium wp-image-28782\" srcset=\"https:\/\/windpilot.com\/blog\/wp-content\/uploads\/2023\/01\/IMG_7899sm-225x300.jpg 225w, https:\/\/windpilot.com\/blog\/wp-content\/uploads\/2023\/01\/IMG_7899sm-rotated.jpg 450w\" sizes=\"auto, (max-width: 225px) 100vw, 225px\" \/>Am 25. Dezember 2021 habe ich in meinem Blog eine Weihnachtsgeschichte \u00fcber <a href=\"https:\/\/windpilot.com\/blog\/deutsch-yacht-delius-klasing\/michael-date-au\/\">Michael Date<\/a> ver\u00f6ffentlicht, nachdem er beschlossen hatte, sich von der Anmeldeliste f\u00fcr die <a href=\"https:\/\/windpilot.com\/blog\/golden-globe-race\/golden-globe-race-2022\/\">GGR 2022<\/a> zur\u00fcckzuziehen. Ein Jahr sp\u00e4ter hier die Fortsetzung der Geschichte. Der Windpilot Pacific von Michael Date ist zu dem Australier Mike Smith in Glen Oak, New South Wales, \u00fcbergesprungen, der das System in K\u00fcrze in den Neubau einer Eric 32 montieren wird (die Leser werden sich vielleicht daran erinnern, dass <em>Thuriya<\/em>, das Boot, das der schwer verletzte Abhilash w\u00e4hrend der GGR 2018 aufgeben musste, nach demselben William Atkins-Design gebaut wurde).<\/p>\n<p>Mike und ich stehen seit 2016 in regelm\u00e4\u00dfigem Kontakt und tauschen viele E-Mails \u00fcber technische Details, Fragen der Seemannschaft und Sicherheitsfragen aus, dass ich das Gef\u00fchl habe, den Mann inzwischen fast so gut zu kennen wie sein Boot. Die Tatkraft, die Leidenschaft und die F\u00e4higkeiten, die er bei der unerm\u00fcdlichen Verfolgung eines so weit entfernten Ziels an den Tag gelegt hat, haben mich umgehauen! Was auch immer auf ihn zukam, Mike hat sich einfach geweigert, sich vom Kurs abbringen zu lassen &#8211; und seine Familie, die direkt betroffen war und ist, hat ebenso entschlossen zu ihm gehalten.<\/p>\n<p>Sechs Jahre, nachdem das Projekt Pingo Gestalt annahm, ist nun eine wundersch\u00f6n konstruierte Yacht mit einem makellosen Rumpf entstanden. Die Fotos auf <a href=\"https:\/\/thepingoproject.wordpress.com\/pingo-2\/\">Mikes Website<\/a> sprechen f\u00fcr sich selbst:<\/p>\n<p><img loading=\"lazy\" decoding=\"async\" src=\"https:\/\/windpilot.com\/blog\/wp-content\/uploads\/2023\/01\/Windpilot-Books-red-1.jpg\" alt=\"\" width=\"613\" height=\"109\" class=\"aligncenter size-full wp-image-28781\" srcset=\"https:\/\/windpilot.com\/blog\/wp-content\/uploads\/2023\/01\/Windpilot-Books-red-1.jpg 613w, https:\/\/windpilot.com\/blog\/wp-content\/uploads\/2023\/01\/Windpilot-Books-red-1-300x53.jpg 300w\" sizes=\"auto, (max-width: 613px) 100vw, 613px\" \/><\/p>\n<p><strong>DIE VERKETTUNGEN EINER WEIHNACHTSGESCHICHTE<\/strong><br \/>\n<img loading=\"lazy\" decoding=\"async\" src=\"https:\/\/windpilot.com\/blog\/wp-content\/uploads\/2021\/12\/IMG_3477D.jpg\" alt=\"\" width=\"2048\" height=\"1536\" class=\"aligncenter size-full wp-image-26078\" srcset=\"https:\/\/windpilot.com\/blog\/wp-content\/uploads\/2021\/12\/IMG_3477D.jpg 2048w, https:\/\/windpilot.com\/blog\/wp-content\/uploads\/2021\/12\/IMG_3477D-300x225.jpg 300w, https:\/\/windpilot.com\/blog\/wp-content\/uploads\/2021\/12\/IMG_3477D-1024x768.jpg 1024w, https:\/\/windpilot.com\/blog\/wp-content\/uploads\/2021\/12\/IMG_3477D-768x576.jpg 768w, https:\/\/windpilot.com\/blog\/wp-content\/uploads\/2021\/12\/IMG_3477D-1536x1152.jpg 1536w\" sizes=\"auto, (max-width: 2048px) 100vw, 2048px\" \/>Auf FB war vor kurzem folgende Meldung von <a href=\"https:\/\/www.facebook.com\/Michael-Date-2123678457726978\/\">Michael Date<\/a> zu lesen:<\/p>\n<blockquote><p>Ich habe seit einiger Zeit nichts mehr gepostet, da ich ernsthaft \u00fcber meine Teilnahme am Golden Globe Race nachgedacht habe. Ich habe beschlossen, mich aus dem Rennen zur\u00fcckzuziehen. Es war eine der schwersten Entscheidungen, die ich zu treffen hatte, aber ich halte sie f\u00fcr die richtige. Ich habe die Organisatoren von meiner Entscheidung in Kenntnis gesetzt und gebe sie nun \u00f6ffentlich bekannt. Es gibt drei Hauptgr\u00fcnde f\u00fcr meine Unf\u00e4higkeit, gute Entscheidungen zu treffen. Das hat sich gezeigt, als ich vor der Gold Coast gesegelt bin und das Segeln ein echtes Problem war. Meine Entscheidungen waren nicht so, wie sie h\u00e4tten sein sollen. Die Entscheidung wurde auch durch den Mangel an Sponsoren ausgel\u00f6st, obwohl ich den Umbau meines Bootes selbst finanziert habe, fehlen mir immer noch 100.000 Dollar, die ich brauche. Ich habe auch abgewogen, meine Familie f\u00fcr fast ein Jahr zu verlassen, und das hat mich schwer belastet. Daher habe ich mich entschlossen, meine Anmeldung f\u00fcr die GGR zur\u00fcckzuziehen. Falls jemand Interesse hat, das Boot steht zum Verkauf und ist zu 95% bereit f\u00fcr das Rennen und steht zum Verkauf.<\/p><\/blockquote>\n<p><div id=\"attachment_26097\" style=\"width: 2336px\" class=\"wp-caption aligncenter\"><img loading=\"lazy\" decoding=\"async\" aria-describedby=\"caption-attachment-26097\" src=\"https:\/\/windpilot.com\/blog\/wp-content\/uploads\/2021\/12\/Harmony.jpg\" alt=\"\" width=\"2326\" height=\"1536\" class=\"size-full wp-image-26097\" srcset=\"https:\/\/windpilot.com\/blog\/wp-content\/uploads\/2021\/12\/Harmony.jpg 2326w, https:\/\/windpilot.com\/blog\/wp-content\/uploads\/2021\/12\/Harmony-300x198.jpg 300w, https:\/\/windpilot.com\/blog\/wp-content\/uploads\/2021\/12\/Harmony-1024x676.jpg 1024w, https:\/\/windpilot.com\/blog\/wp-content\/uploads\/2021\/12\/Harmony-768x507.jpg 768w, https:\/\/windpilot.com\/blog\/wp-content\/uploads\/2021\/12\/Harmony-1536x1014.jpg 1536w, https:\/\/windpilot.com\/blog\/wp-content\/uploads\/2021\/12\/Harmony-2048x1352.jpg 2048w\" sizes=\"auto, (max-width: 2326px) 100vw, 2326px\" \/><p id=\"caption-attachment-26097\" class=\"wp-caption-text\">credit Michael Date<\/p><\/div> Ehrliche Worte eines Mannes von 61 Jahren, der mitten im Leben steht, der eine Entscheidung mit enormer Tragweite gef\u00e4llt, denn immerhin hatte der Entschluss zur  GGR Teilnahme drei lange Jahre Kraft und Energie gezehrt, zudem die finanzielle Leidensbereitschaft strapaziert, samt weitreichender Folgen f\u00fcr seine Familie mit vier Kindern und Hund. Der Druck muss enorm gewesen sein, Michael hat ihm nachgegeben.<\/p>\n<p>Ein guter Zeitpunkt, hier ein wenig von Zusammenh\u00e4ngen zu berichten, die sich als Facetten dieser Geschichte zugetragen haben.<br \/>\n<img loading=\"lazy\" decoding=\"async\" src=\"https:\/\/windpilot.com\/blog\/wp-content\/uploads\/2021\/12\/Bildschirmfoto-2011-11-10-um-09.46.00-Kopie.png\" alt=\"\" width=\"950\" height=\"675\" class=\"aligncenter size-full wp-image-26080\" srcset=\"https:\/\/windpilot.com\/blog\/wp-content\/uploads\/2021\/12\/Bildschirmfoto-2011-11-10-um-09.46.00-Kopie.png 950w, https:\/\/windpilot.com\/blog\/wp-content\/uploads\/2021\/12\/Bildschirmfoto-2011-11-10-um-09.46.00-Kopie-300x213.png 300w, https:\/\/windpilot.com\/blog\/wp-content\/uploads\/2021\/12\/Bildschirmfoto-2011-11-10-um-09.46.00-Kopie-768x546.png 768w\" sizes=\"auto, (max-width: 950px) 100vw, 950px\" \/>Die SV <em>Harmony<\/em> von Michael, eine <em>Aries 32<\/em>, ist mir seit 2013 bekannt, ihr Voreigner <a href=\"https:\/\/www.nickjaffe.com.au\">Nick Jaffe<\/a> hatte bereits im Jahre 2008 mit einer <em>Contessa 26<\/em> und Windpilot am Heck die halbe Welt umrundet, sein Kommentar aus Barbados ist nachzulesen:<br \/>\n<img loading=\"lazy\" decoding=\"async\" src=\"https:\/\/windpilot.com\/blog\/wp-content\/uploads\/2021\/12\/Constellation.jpg\" alt=\"\" width=\"2162\" height=\"832\" class=\"aligncenter size-full wp-image-26101\" srcset=\"https:\/\/windpilot.com\/blog\/wp-content\/uploads\/2021\/12\/Constellation.jpg 2162w, https:\/\/windpilot.com\/blog\/wp-content\/uploads\/2021\/12\/Constellation-300x115.jpg 300w, https:\/\/windpilot.com\/blog\/wp-content\/uploads\/2021\/12\/Constellation-1024x394.jpg 1024w, https:\/\/windpilot.com\/blog\/wp-content\/uploads\/2021\/12\/Constellation-768x296.jpg 768w, https:\/\/windpilot.com\/blog\/wp-content\/uploads\/2021\/12\/Constellation-1536x591.jpg 1536w, https:\/\/windpilot.com\/blog\/wp-content\/uploads\/2021\/12\/Constellation-2048x788.jpg 2048w\" sizes=\"auto, (max-width: 2162px) 100vw, 2162px\" \/><\/p>\n<blockquote><p>04.05.2008<br \/>\nHi Peter, I hope you remember me &#8211; I hassled you a lot about a Windpilot, and finally bought one in Holland. Anyway, I just wanted to say I did successfully make it across the Atlantic, and while I was late all through Europe, and even pretty late on my crossing, I am here in Barbados, the West Indies. The Windpilot was fantastic, steering nonstop from Gran Canaria. I&#8217;ve attached a picture!<br \/>\nKind regards,<br \/>\nNick<\/p><\/blockquote>\n<p><img loading=\"lazy\" decoding=\"async\" src=\"https:\/\/windpilot.com\/blog\/wp-content\/uploads\/2021\/12\/IMG_6995-1024x683-1.jpg\" alt=\"\" width=\"1024\" height=\"683\" class=\"aligncenter size-full wp-image-26086\" srcset=\"https:\/\/windpilot.com\/blog\/wp-content\/uploads\/2021\/12\/IMG_6995-1024x683-1.jpg 1024w, https:\/\/windpilot.com\/blog\/wp-content\/uploads\/2021\/12\/IMG_6995-1024x683-1-300x200.jpg 300w, https:\/\/windpilot.com\/blog\/wp-content\/uploads\/2021\/12\/IMG_6995-1024x683-1-768x512.jpg 768w\" sizes=\"auto, (max-width: 1024px) 100vw, 1024px\" \/>Nick hatte die <em>Harmony<\/em> in 2012 in San Francisco erworben und sodann f\u00fcr die Reise in seine Heimat Australien ausger\u00fcstet. Die Windpilot Anlage wurde im April 2013 nach SFO verladen und montiert. Zufall oder nicht, so bemerkte ich bei n\u00e4herem Hinsehen, dass an der Pacific Anlage ein Pelagic Autopilot nachger\u00fcstet worden ist.<br \/>\n<img loading=\"lazy\" decoding=\"async\" src=\"https:\/\/windpilot.com\/blog\/wp-content\/uploads\/2021\/12\/Ohne-Titel-8.jpg\" alt=\"\" width=\"1726\" height=\"1400\" class=\"aligncenter size-full wp-image-26076\" srcset=\"https:\/\/windpilot.com\/blog\/wp-content\/uploads\/2021\/12\/Ohne-Titel-8.jpg 1726w, https:\/\/windpilot.com\/blog\/wp-content\/uploads\/2021\/12\/Ohne-Titel-8-300x243.jpg 300w, https:\/\/windpilot.com\/blog\/wp-content\/uploads\/2021\/12\/Ohne-Titel-8-1024x831.jpg 1024w, https:\/\/windpilot.com\/blog\/wp-content\/uploads\/2021\/12\/Ohne-Titel-8-768x623.jpg 768w, https:\/\/windpilot.com\/blog\/wp-content\/uploads\/2021\/12\/Ohne-Titel-8-1536x1246.jpg 1536w\" sizes=\"auto, (max-width: 1726px) 100vw, 1726px\" \/>Die Fotos liessen mir die Haare hochstehen, denn der Autopilot war an einer M 6 Schraube mit extrem kurzem Hebelarm montiert, was den sofortigen Bruch des Windfahnenhalters zur Folge h\u00e4tte haben k\u00f6nnen, weil der Arbeitsweg der Pelagic mit dem der Schubstange der Windpilot Pacific kaum zu synchronisieren ist, mit Bruch als logischer Folge.<\/p>\n<p>Ich habe umgehend Mike Scheck kontaktiert, den Hersteller \u2013 Vertreiber der Pelagic und Inhaber von <a href=\"https:\/\/www.scanmarinternational.com\">Scanmar Marine International<\/a> ( Monitor ), um folgenschwere Sch\u00e4den im praktischen Gebrauch zu verhindern. <\/p>\n<p>Es mag nur eine Randnotiz sein, aber die Referenz zur Montage an einer Windpilot Anlage ist auch 7 Jahre sp\u00e4ter bei <a href=\"https:\/\/pelagicautopilot.com\/products\/autopilot-for-windvane-self-steering?variant=33652849857\">Scanmar Marine International<\/a> immer noch im Netz vorhanden.<br \/>\n<img loading=\"lazy\" decoding=\"async\" src=\"https:\/\/windpilot.com\/blog\/wp-content\/uploads\/2021\/12\/IMG_1664.jpeg\" alt=\"\" width=\"1280\" height=\"960\" class=\"aligncenter size-full wp-image-26103\" srcset=\"https:\/\/windpilot.com\/blog\/wp-content\/uploads\/2021\/12\/IMG_1664.jpeg 1280w, https:\/\/windpilot.com\/blog\/wp-content\/uploads\/2021\/12\/IMG_1664-300x225.jpeg 300w, https:\/\/windpilot.com\/blog\/wp-content\/uploads\/2021\/12\/IMG_1664-1024x768.jpeg 1024w, https:\/\/windpilot.com\/blog\/wp-content\/uploads\/2021\/12\/IMG_1664-768x576.jpeg 768w\" sizes=\"auto, (max-width: 1280px) 100vw, 1280px\" \/>Einem weiteren Zufall ist geschuldet, dass ich in 2019 von Mike Scheck erfuhr, dass Nike Steiger eine Pelagic zur Montage auf ihrer SV Karl vermutlich  im Rahmen einer Sponsoring Ma\u00dfnahme erhalten hatte. Wenige Mausklicks sp\u00e4ter habe ich Nike auf die Situation angesprochen und verhindern k\u00f6nnen, dass sie den gleichen Fehler wie von Scanmar propagiert, bzw. \u00fcber diese Kombination dann gar ein YouTube Video viral gegangen w\u00e4re. Es sind diese kleinen Aufgaben am Rande, die immer wieder zu erledigen sind, um Schaden am eigenen Produkt und Marke zu verhindern, ganz offenbar eine Art Lebensaufgabe, wie ich es empfinde!<\/p>\n<blockquote class=\"wp-embedded-content\" data-secret=\"u255kTkjd9\"><p><a href=\"https:\/\/windpilot.com\/blog\/press-tv\/autopilot\/windpilot-pelagic\/\">Pelagic<\/a><\/p><\/blockquote>\n<p><iframe loading=\"lazy\" class=\"wp-embedded-content\" sandbox=\"allow-scripts\" security=\"restricted\" style=\"position: absolute; clip: rect(1px, 1px, 1px, 1px);\" title=\"&#8222;Pelagic&#8220; &#8212; Windpilot Blog\" src=\"https:\/\/windpilot.com\/blog\/press-tv\/autopilot\/windpilot-pelagic\/embed\/#?secret=nf8O5JWcOd#?secret=u255kTkjd9\" data-secret=\"u255kTkjd9\" width=\"600\" height=\"338\" frameborder=\"0\" marginwidth=\"0\" marginheight=\"0\" scrolling=\"no\"><\/iframe><br \/>\nZur\u00fcck zu <a href=\"http:\/\/www.nickjaffe.com.au\">Nick Jaffe<\/a>, der im <strong>GGR 2018<\/strong> eine zentrale Aufgabe im IT Bereich des Veranstalters innehatte, den ich in der Vorbereitungszeit zur <strong>GGR 2018<\/strong> in Les Sables d\u00b4Olonne t\u00e4glich getroffen habe. Folgende Mail von Nick, im weiteren Verlauf der GGR geschrieben, ist bemerkenswert:<\/p>\n<blockquote><p>Hi peter I found it interesting because I had zero issues with your gear while Istvan and others reported problems &#8211; which in the end were more than likely skipper issues not engineering issues.<br \/>\nI\u2019m well aware of the bad press these guys created for you, but I think you will recall I never complained with my units because I never had an issue and they steered me many thousands of miles.<br \/>\nNick<\/p><\/blockquote>\n<p>Lichtblicke im Umgang unter Seglern, wie es in meinem Leben wichtig ist und wie ich es allt\u00e4glich erlebe, gleichwohl meilenweit entfernt von den  Verhaltensweisen eines Veranstalters, dessen fachliche Objektivit\u00e4t in Bezug auf f\u00fcr die Einhandsegelei eminent wichtigen Windsteueranlagen, durch die Annahme von Sponsorengeld ganz offenbar verunm\u00f6glicht geworden ist. <\/p>\n<blockquote class=\"wp-embedded-content\" data-secret=\"VijAkQHnOj\"><p><a href=\"https:\/\/windpilot.com\/blog\/deutsch-yacht-delius-klasing\/don-mcintyre\/\">Don McIntyre<\/a><\/p><\/blockquote>\n<p><iframe loading=\"lazy\" class=\"wp-embedded-content\" sandbox=\"allow-scripts\" security=\"restricted\" style=\"position: absolute; clip: rect(1px, 1px, 1px, 1px);\" title=\"&#8222;Don McIntyre&#8220; &#8212; Windpilot Blog\" src=\"https:\/\/windpilot.com\/blog\/deutsch-yacht-delius-klasing\/don-mcintyre\/embed\/#?secret=iIe8ZWLtA4#?secret=VijAkQHnOj\" data-secret=\"VijAkQHnOj\" width=\"600\" height=\"338\" frameborder=\"0\" marginwidth=\"0\" marginheight=\"0\" scrolling=\"no\"><\/iframe><br \/>\nDie <em>Harmony<\/em> wurde in Australien sp\u00e4ter am Michael Date verkauft, der eine \u00fcberaus gr\u00fcndliche Revision des Schiffes vorgenommen hat. Eine Massnahme, deren Kostenrahmen dem eines Neubau\u00b4s leicht \u00fcberschreiten und zum eigentlichen Wert des Schiffen im abenteuerlichen Missverh\u00e4ltnis steht. <\/p>\n<p>Es ergab sich, dass wir in der Folgezeit regelm\u00e4ssigen Austausch hatten, es ging um die weitere Verwendung der Windpilot Pacific, deren Qualit\u00e4t f\u00fcr Michael ausser Frage stand, zumal er mit anderen Windpilot Seglern auch nach dem GGR in regem Austausch stand.<\/p>\n<p>Ein Blick auf Michaels berufliche Vergangenheit allerdings \u2013 er hatte viele Jahre zuvor Don McIntyres berufliche Existenz \u00fcbernommen &#8211; machte erkl\u00e4rlich, warum er den Systemwechsel zur Hydrovane offenbar vollziehen musste, vielleicht als eine Art Freundschaftsdienst?<\/p>\n<p>Und damit r\u00fcckt ein weiterer GGR Teilnehmer in den Fokus: <a href=\"https:\/\/thepingoproject.wordpress.com\/pingo-2\/\">Mike Smith<\/a>, ebenfalls in Australien ans\u00e4ssiger Selbstbauer einer Eric 32 \u2013 baugleich mit der <em>Thuriya<\/em> von Abhilash Tomy \u2013 baut sein vielen Jahren auf die Stunde Null hin, den Start zur <strong>GGR 2022<\/strong>. Mike hatte Michael Date bei der Fertigstellung \u2013 und Klassifizierung gem\u00e4ss GGR Anforderungen \u2013 geholfen \u2026 und als Bezahlung die Windpilot Anlage mit nach Hause nehmen k\u00f6nnen.<br \/>\n<img loading=\"lazy\" decoding=\"async\" src=\"https:\/\/windpilot.com\/blog\/wp-content\/uploads\/2021\/12\/Ohne-Titel-9-scaled.jpg\" alt=\"\" width=\"2560\" height=\"1871\" class=\"aligncenter size-full wp-image-26087\" srcset=\"https:\/\/windpilot.com\/blog\/wp-content\/uploads\/2021\/12\/Ohne-Titel-9-scaled.jpg 2560w, https:\/\/windpilot.com\/blog\/wp-content\/uploads\/2021\/12\/Ohne-Titel-9-300x219.jpg 300w, https:\/\/windpilot.com\/blog\/wp-content\/uploads\/2021\/12\/Ohne-Titel-9-1024x748.jpg 1024w, https:\/\/windpilot.com\/blog\/wp-content\/uploads\/2021\/12\/Ohne-Titel-9-768x561.jpg 768w, https:\/\/windpilot.com\/blog\/wp-content\/uploads\/2021\/12\/Ohne-Titel-9-1536x1123.jpg 1536w, https:\/\/windpilot.com\/blog\/wp-content\/uploads\/2021\/12\/Ohne-Titel-9-2048x1497.jpg 2048w\" sizes=\"auto, (max-width: 2560px) 100vw, 2560px\" \/><img loading=\"lazy\" decoding=\"async\" src=\"https:\/\/windpilot.com\/blog\/wp-content\/uploads\/2021\/12\/image002.png\" alt=\"\" width=\"956\" height=\"575\" class=\"aligncenter size-full wp-image-26088\" srcset=\"https:\/\/windpilot.com\/blog\/wp-content\/uploads\/2021\/12\/image002.png 956w, https:\/\/windpilot.com\/blog\/wp-content\/uploads\/2021\/12\/image002-300x180.png 300w, https:\/\/windpilot.com\/blog\/wp-content\/uploads\/2021\/12\/image002-768x462.png 768w\" sizes=\"auto, (max-width: 956px) 100vw, 956px\" \/>Mike ist als <em>provisional entry<\/em> in 2018 und auch 2022 eingetragen, wird vermutlich allerdings auch dieses Mal nicht am Start erscheinen k\u00f6nnen, weil ihm die Zeitpeitsche des Lebens auf den Hacken sitzt, und er selbst vermutlich bereits ohne Schuhe unterwegs, weil der Bau seines Schiffes sein Leben sprengen k\u00f6nnte, er gleichwohl bislang weiter als Skipper auf der Liste steht. Zumindest die Pacific ist bereits auf den Baupl\u00e4nen der Pingo eingezeichnet.<\/p>\n<p>Und so kommen wir zum sensiblen Ende einer noch sensibleren Geschichte: auch wenn manch ein Leser hier die Augenbrauen l\u00fcpfen mag: ich bin einigermassen erleichtert, dass die <em>Harmony<\/em> von Michael aus der Liste der GGR Teilnehmer verschwunden ist, denn ich habe mit Sorge betrachtet, in welcher abenteuerlichen Art und Weise der Hersteller der  Hydrovane an diesem Colin Archer mit achtern weit \u00fcberh\u00e4ngendem Hauptruder die Montage offenbar empfohlen hat!<div id=\"attachment_26082\" style=\"width: 650px\" class=\"wp-caption aligncenter\"><img loading=\"lazy\" decoding=\"async\" aria-describedby=\"caption-attachment-26082\" src=\"https:\/\/windpilot.com\/blog\/wp-content\/uploads\/2021\/12\/93256813_2889636731131143_4655182088536850432_n.jpg\" alt=\"\" width=\"640\" height=\"480\" class=\"size-full wp-image-26082\" srcset=\"https:\/\/windpilot.com\/blog\/wp-content\/uploads\/2021\/12\/93256813_2889636731131143_4655182088536850432_n.jpg 640w, https:\/\/windpilot.com\/blog\/wp-content\/uploads\/2021\/12\/93256813_2889636731131143_4655182088536850432_n-300x225.jpg 300w\" sizes=\"auto, (max-width: 640px) 100vw, 640px\" \/><p id=\"caption-attachment-26082\" class=\"wp-caption-text\">credit Michael Date<\/p><\/div><img loading=\"lazy\" decoding=\"async\" src=\"https:\/\/windpilot.com\/blog\/wp-content\/uploads\/2021\/12\/quer.jpg\" alt=\"\" width=\"1690\" height=\"1380\" class=\"aligncenter size-full wp-image-26084\" srcset=\"https:\/\/windpilot.com\/blog\/wp-content\/uploads\/2021\/12\/quer.jpg 1690w, https:\/\/windpilot.com\/blog\/wp-content\/uploads\/2021\/12\/quer-300x245.jpg 300w, https:\/\/windpilot.com\/blog\/wp-content\/uploads\/2021\/12\/quer-1024x836.jpg 1024w, https:\/\/windpilot.com\/blog\/wp-content\/uploads\/2021\/12\/quer-768x627.jpg 768w, https:\/\/windpilot.com\/blog\/wp-content\/uploads\/2021\/12\/quer-1536x1254.jpg 1536w\" sizes=\"auto, (max-width: 1690px) 100vw, 1690px\" \/>Ein Blick auf die enorme Baul\u00e4nge der Streben bei zeitgleich geringem vertikalen Abstand zwischen oberen und unteren Systembefestigung, erm\u00f6glicht R\u00fcckschl\u00fcsse auf m\u00f6gliche Lasten in schwerem Wetter. F\u00fcr mich birgt diese Montage das Risiko eines Desasters, wenn z.B. der einsame Skipper nicht in der Lage ist, seinen Steuersklaven am Heck mit den H\u00e4nden zu erreichen, um z.B.einen shearpin oder das komplette Ruder zu ersetzen. Es w\u00e4re unweigerlich das Ende seiner Reise.<\/p>\n<p>Es schlie\u00dft sich der Kreis dieser kleinen Geschichte, deren Verkettungen rund um den Globus stattgefunden haben, deren lose Enden hier verkn\u00fcpft und als Weihnachtsgeschichte unter Ihren virtuellen Baum gelegt werden, wie ich hoffe, zum Vergn\u00fcgen. <\/p>\n<p>Immerhin wurde sie mit Spass und Freude aufgeschrieben!<\/p>\n<p>25.12.2021<br \/>\nPeter Foerthmann<br \/>\n<img loading=\"lazy\" decoding=\"async\" src=\"https:\/\/windpilot.com\/blog\/wp-content\/uploads\/2021\/12\/3-star-300x225.jpeg\" alt=\"\" width=\"300\" height=\"225\" class=\"alignleft size-medium wp-image-26094\" srcset=\"https:\/\/windpilot.com\/blog\/wp-content\/uploads\/2021\/12\/3-star-300x225.jpeg 300w, https:\/\/windpilot.com\/blog\/wp-content\/uploads\/2021\/12\/3-star-1024x768.jpeg 1024w, https:\/\/windpilot.com\/blog\/wp-content\/uploads\/2021\/12\/3-star-768x576.jpeg 768w, https:\/\/windpilot.com\/blog\/wp-content\/uploads\/2021\/12\/3-star.jpeg 1280w\" sizes=\"auto, (max-width: 300px) 100vw, 300px\" \/><\/p>\n","protected":false},"excerpt":{"rendered":"<p>WIE DIE GESCHICHTE WEITERGEGANGEN IST Am 25. Dezember 2021 habe ich in meinem Blog eine Weihnachtsgeschichte \u00fcber Michael Date ver\u00f6ffentlicht, nachdem er beschlossen hatte, sich von der Anmeldeliste f\u00fcr die GGR 2022 zur\u00fcckzuziehen. Ein Jahr sp\u00e4ter hier die Fortsetzung der &hellip; <a href=\"https:\/\/windpilot.com\/blog\/portraits\/mike-smith-au\/\">Weiterlesen <span class=\"meta-nav\">&rarr;<\/span><\/a><\/p>\n","protected":false},"author":1,"featured_media":0,"parent":28252,"menu_order":-1,"comment_status":"closed","ping_status":"closed","template":"","meta":{"footnotes":""},"class_list":["post-28779","page","type-page","status-publish","hentry"],"_links":{"self":[{"href":"https:\/\/windpilot.com\/blog\/wp-json\/wp\/v2\/pages\/28779","targetHints":{"allow":["GET"]}}],"collection":[{"href":"https:\/\/windpilot.com\/blog\/wp-json\/wp\/v2\/pages"}],"about":[{"href":"https:\/\/windpilot.com\/blog\/wp-json\/wp\/v2\/types\/page"}],"author":[{"embeddable":true,"href":"https:\/\/windpilot.com\/blog\/wp-json\/wp\/v2\/users\/1"}],"replies":[{"embeddable":true,"href":"https:\/\/windpilot.com\/blog\/wp-json\/wp\/v2\/comments?post=28779"}],"version-history":[{"count":4,"href":"https:\/\/windpilot.com\/blog\/wp-json\/wp\/v2\/pages\/28779\/revisions"}],"predecessor-version":[{"id":28785,"href":"https:\/\/windpilot.com\/blog\/wp-json\/wp\/v2\/pages\/28779\/revisions\/28785"}],"up":[{"embeddable":true,"href":"https:\/\/windpilot.com\/blog\/wp-json\/wp\/v2\/pages\/28252"}],"wp:attachment":[{"href":"https:\/\/windpilot.com\/blog\/wp-json\/wp\/v2\/media?parent=28779"}],"curies":[{"name":"wp","href":"https:\/\/api.w.org\/{rel}","templated":true}]}}