{"id":28790,"date":"2023-01-14T06:01:54","date_gmt":"2023-01-14T13:01:54","guid":{"rendered":"https:\/\/windpilot.com\/blog\/?page_id=28790"},"modified":"2023-01-14T06:02:25","modified_gmt":"2023-01-14T13:02:25","slug":"dustin-reynolds-us","status":"publish","type":"page","link":"https:\/\/windpilot.com\/blog\/portraits\/dustin-reynolds-us\/","title":{"rendered":"Dustin Reynolds US"},"content":{"rendered":"<p><strong>SINGLEHAND UM DIE WELT &#8211; MIT EINEM ARM UND EINEM BEIN<\/strong><br \/>\n<iframe loading=\"lazy\" title=\"vimeo-player\" src=\"https:\/\/player.vimeo.com\/video\/368886300?h=b6b83a0077\" width=\"640\" height=\"360\" frameborder=\"0\" allowfullscreen><\/iframe>Eine tragische gleichwohl inspirierende Geschichte. Am 18.October 2008 hat Dustin in Hawaii bei einem Verkehrsunfall verursacht durch einen betrunkenen Fahrer einen Arm sowie ein Bein verloren. Er hat sich nicht unterkriegen lassen, hat in den folgenden Jahren mit dem Segeln angefangen und spektakul\u00e4re Reisen mit wechselnden Schiffen ( Alberg 35 und sp\u00e4ter Bristol 35 ) low budget und mit Sponsoren Unterst\u00fctzung unternommen. Seine Geschichte ist <a href=\"https:\/\/thesinglehandedsailor.com\">HIER<\/a> zu lesen. In <a href=\"https:\/\/www.yachtingmonthly.com\/cruising-life\/dustin-reynolds-the-single-handed-sailor-86310\">YACHTING MONTHLY<\/a> wurde im May 2022 berichtet.<br \/>\n<div id=\"attachment_28792\" style=\"width: 650px\" class=\"wp-caption aligncenter\"><img loading=\"lazy\" decoding=\"async\" aria-describedby=\"caption-attachment-28792\" src=\"https:\/\/windpilot.com\/blog\/wp-content\/uploads\/2023\/01\/Ohne-Titel-1-1024x678.jpg\" alt=\"\" width=\"640\" height=\"424\" class=\"size-large wp-image-28792\" srcset=\"https:\/\/windpilot.com\/blog\/wp-content\/uploads\/2023\/01\/Ohne-Titel-1-1024x678.jpg 1024w, https:\/\/windpilot.com\/blog\/wp-content\/uploads\/2023\/01\/Ohne-Titel-1-300x199.jpg 300w, https:\/\/windpilot.com\/blog\/wp-content\/uploads\/2023\/01\/Ohne-Titel-1-768x509.jpg 768w, https:\/\/windpilot.com\/blog\/wp-content\/uploads\/2023\/01\/Ohne-Titel-1-1536x1018.jpg 1536w, https:\/\/windpilot.com\/blog\/wp-content\/uploads\/2023\/01\/Ohne-Titel-1-2048x1357.jpg 2048w\" sizes=\"auto, (max-width: 640px) 100vw, 640px\" \/><p id=\"caption-attachment-28792\" class=\"wp-caption-text\">credit Lisa Dorenfest<\/p><\/div>Zur\u00fcck auf Hawaii hat Dustin seine SV Tiama k\u00fcrzlich an Jenny Decker verkauft, einer jungen Amerikanerin mit trauriger Lebensprognose, die solange es irgend geht, mit dem Schiff von Dustin, das sie mit tatkr\u00e4ftiger Hilfe von Unterst\u00fctzern hat erwerben k\u00f6nnen, nun zur grossen Reise aufbrechen wird.<br \/>\n<img loading=\"lazy\" decoding=\"async\" src=\"https:\/\/windpilot.com\/blog\/wp-content\/uploads\/2023\/01\/Jenny-Decker-and-her-boat-1024x639-2.jpg\" alt=\"\" width=\"1024\" height=\"639\" class=\"aligncenter size-full wp-image-28797\" srcset=\"https:\/\/windpilot.com\/blog\/wp-content\/uploads\/2023\/01\/Jenny-Decker-and-her-boat-1024x639-2.jpg 1024w, https:\/\/windpilot.com\/blog\/wp-content\/uploads\/2023\/01\/Jenny-Decker-and-her-boat-1024x639-2-300x187.jpg 300w, https:\/\/windpilot.com\/blog\/wp-content\/uploads\/2023\/01\/Jenny-Decker-and-her-boat-1024x639-2-768x479.jpg 768w\" sizes=\"auto, (max-width: 1024px) 100vw, 1024px\" \/>Jennys Geschichte ist <a href=\"https:\/\/bigislandnow.com\/2023\/01\/13\/kona-nurse-with-neurological-disease-to-sail-world-solo-before-she-cant\/?fbclid=IwAR3pt4i0ZOZfjZZ8XrOkAuetz4AxYWYVSHKjTp8El34TzgNYj4Y9yWm6L0M\">HIER<\/a> aufgeschrieben.<\/p>\n<p>Am Heck der SV Tiama befindet sich ein Windpilot Pacific Steuersklave, der seit nunmehr 30 Jahren seinen Dienst versieht &#8230;.<\/p>\n","protected":false},"excerpt":{"rendered":"<p>SINGLEHAND UM DIE WELT &#8211; MIT EINEM ARM UND EINEM BEIN Eine tragische gleichwohl inspirierende Geschichte. Am 18.October 2008 hat Dustin in Hawaii bei einem Verkehrsunfall verursacht durch einen betrunkenen Fahrer einen Arm sowie ein Bein verloren. Er hat sich &hellip; <a href=\"https:\/\/windpilot.com\/blog\/portraits\/dustin-reynolds-us\/\">Weiterlesen <span class=\"meta-nav\">&rarr;<\/span><\/a><\/p>\n","protected":false},"author":1,"featured_media":0,"parent":28252,"menu_order":-2,"comment_status":"open","ping_status":"closed","template":"","meta":{"footnotes":""},"class_list":["post-28790","page","type-page","status-publish","hentry"],"_links":{"self":[{"href":"https:\/\/windpilot.com\/blog\/wp-json\/wp\/v2\/pages\/28790","targetHints":{"allow":["GET"]}}],"collection":[{"href":"https:\/\/windpilot.com\/blog\/wp-json\/wp\/v2\/pages"}],"about":[{"href":"https:\/\/windpilot.com\/blog\/wp-json\/wp\/v2\/types\/page"}],"author":[{"embeddable":true,"href":"https:\/\/windpilot.com\/blog\/wp-json\/wp\/v2\/users\/1"}],"replies":[{"embeddable":true,"href":"https:\/\/windpilot.com\/blog\/wp-json\/wp\/v2\/comments?post=28790"}],"version-history":[{"count":5,"href":"https:\/\/windpilot.com\/blog\/wp-json\/wp\/v2\/pages\/28790\/revisions"}],"predecessor-version":[{"id":28798,"href":"https:\/\/windpilot.com\/blog\/wp-json\/wp\/v2\/pages\/28790\/revisions\/28798"}],"up":[{"embeddable":true,"href":"https:\/\/windpilot.com\/blog\/wp-json\/wp\/v2\/pages\/28252"}],"wp:attachment":[{"href":"https:\/\/windpilot.com\/blog\/wp-json\/wp\/v2\/media?parent=28790"}],"curies":[{"name":"wp","href":"https:\/\/api.w.org\/{rel}","templated":true}]}}