{"id":28883,"date":"2023-02-14T06:23:57","date_gmt":"2023-02-14T13:23:57","guid":{"rendered":"https:\/\/windpilot.com\/blog\/?page_id=28883"},"modified":"2023-02-14T06:23:57","modified_gmt":"2023-02-14T13:23:57","slug":"une-vie-dans-le-lit-du-vent","status":"publish","type":"page","link":"https:\/\/windpilot.com\/blog\/windpilot-books-2\/une-vie-dans-le-lit-du-vent\/","title":{"rendered":"Une vie dans le lit du vent"},"content":{"rendered":"<p><strong>WINDPILOT BOOKS &#8211; OPUS # ACHTZEHN<\/strong><br \/>\n<img loading=\"lazy\" decoding=\"async\" src=\"https:\/\/windpilot.com\/blog\/wp-content\/uploads\/2023\/02\/Une-vie-dans-le-lit-du-vent-189x300.jpg\" alt=\"\" width=\"189\" height=\"300\" class=\"alignleft size-medium wp-image-28942\" srcset=\"https:\/\/windpilot.com\/blog\/wp-content\/uploads\/2023\/02\/Une-vie-dans-le-lit-du-vent-189x300.jpg 189w, https:\/\/windpilot.com\/blog\/wp-content\/uploads\/2023\/02\/Une-vie-dans-le-lit-du-vent-645x1024.jpg 645w, https:\/\/windpilot.com\/blog\/wp-content\/uploads\/2023\/02\/Une-vie-dans-le-lit-du-vent-768x1219.jpg 768w, https:\/\/windpilot.com\/blog\/wp-content\/uploads\/2023\/02\/Une-vie-dans-le-lit-du-vent-968x1536.jpg 968w, https:\/\/windpilot.com\/blog\/wp-content\/uploads\/2023\/02\/Une-vie-dans-le-lit-du-vent.jpg 1022w\" sizes=\"auto, (max-width: 189px) 100vw, 189px\" \/>Une vie dans le lit du vent est un titre appropri\u00e9 pour un livre racontant une vie pass\u00e9e \u00e0 utiliser le vent, qui d\u00e9crit de mani\u00e8re humoristique et divertissante la fa\u00e7on dont l&#8217;auteur navigateur a organis\u00e9 sa vie, lui a donn\u00e9 un sens, a d\u00fb faire face \u00e0 d&#8217;innombrables combats et n&#8217;a pourtant jamais d\u00e9vi\u00e9 de sa trace de vie. Une trace qui se confond avec l&#8217;horizon et au-del\u00e0, l\u00e0 o\u00f9 les r\u00eaves de navigation deviennent r\u00e9alit\u00e9, du moins pour ceux qui ont le bon ornement de poupe qui fonctionne pendant le sommeil.<br \/>\nCe livre est la r\u00e9trospective d&#8217;un autodidacte qui, en suivant une boussole int\u00e9rieure, en apprenant par lui-m\u00eame les comp\u00e9tences qu&#8217;il voulait ou devait acqu\u00e9rir, a d\u00e9velopp\u00e9 sa propre conception des relations sociales entre les navigateurs, ce qui a permis de faire connaitre Windpilot de mani\u00e8re efficace pour en faire le leader mondial du march\u00e9 des r\u00e9gulateurs d&#8217;allure via le bouche \u00e0 oreille. <\/p>\n<p>\u00c9galement auteur de livres sp\u00e9cialis\u00e9s devenus une force motrice pour le succ\u00e8s de sa marque Windpilot, une oeuvre de toute une vie qui n&#8217;a gu\u00e8re de parall\u00e8les, d&#8217;autant plus que ses syst\u00e8mes de r\u00e9gulateurs d&#8217;allure permettent aux navigateurs du monde entier de faire de longs voyages parce qu&#8217;ils pilotent leurs bateaux sans rel\u00e2che en tant que serviteurs de barre. <\/p>\n<p>Dans ce livre, Peter Foerthmann r\u00e9sume dans un langage qui lui est propre sa vie, qui montre son plaisir de l&#8217;\u00e9criture, devenue n\u00e9cessit\u00e9 et bonheur de transmettre, de raconter ses histoires : comment, un jour, il a \u00e9chang\u00e9 un bateau contre une id\u00e9e qui est devenue son parcours de vie ; comment il a transform\u00e9 Windpilot, un atelier traditionnel et totalement manuel en une petite entreprise de fabrication industrielle de pointe, probablement l&#8217;une des plus petites au monde ; et, surtout, l&#8217;histoire de la fa\u00e7on dont il a r\u00e9ussi \u00e0 d\u00e9fendre et \u00e0 maintenir son ind\u00e9pendance, tant sur le plan commercial que social, en s&#8217;en tenant \u00e0 ses principes &#8211; \u00e9quit\u00e9, respect, empathie &#8211; et en apprenant, non sans incident parfois, \u00e0 choisir judicieusement ses amis.<br \/>\nC&#8217;est l&#8217;histoire d&#8217;un demi-si\u00e8cle dans le domaine des r\u00e9gulateurs d&#8217;allure, un fil rouge qui est loin d&#8217;\u00eatre enti\u00e8rement d\u00e9roul\u00e9 &#8230; esp\u00e9rons-le !<\/p>\n","protected":false},"excerpt":{"rendered":"<p>WINDPILOT BOOKS &#8211; OPUS # ACHTZEHN Une vie dans le lit du vent est un titre appropri\u00e9 pour un livre racontant une vie pass\u00e9e \u00e0 utiliser le vent, qui d\u00e9crit de mani\u00e8re humoristique et divertissante la fa\u00e7on dont l&#8217;auteur navigateur &hellip; <a href=\"https:\/\/windpilot.com\/blog\/windpilot-books-2\/une-vie-dans-le-lit-du-vent\/\">Weiterlesen <span class=\"meta-nav\">&rarr;<\/span><\/a><\/p>\n","protected":false},"author":1,"featured_media":0,"parent":23743,"menu_order":-7,"comment_status":"open","ping_status":"closed","template":"","meta":{"footnotes":""},"class_list":["post-28883","page","type-page","status-publish","hentry"],"_links":{"self":[{"href":"https:\/\/windpilot.com\/blog\/wp-json\/wp\/v2\/pages\/28883","targetHints":{"allow":["GET"]}}],"collection":[{"href":"https:\/\/windpilot.com\/blog\/wp-json\/wp\/v2\/pages"}],"about":[{"href":"https:\/\/windpilot.com\/blog\/wp-json\/wp\/v2\/types\/page"}],"author":[{"embeddable":true,"href":"https:\/\/windpilot.com\/blog\/wp-json\/wp\/v2\/users\/1"}],"replies":[{"embeddable":true,"href":"https:\/\/windpilot.com\/blog\/wp-json\/wp\/v2\/comments?post=28883"}],"version-history":[{"count":5,"href":"https:\/\/windpilot.com\/blog\/wp-json\/wp\/v2\/pages\/28883\/revisions"}],"predecessor-version":[{"id":28944,"href":"https:\/\/windpilot.com\/blog\/wp-json\/wp\/v2\/pages\/28883\/revisions\/28944"}],"up":[{"embeddable":true,"href":"https:\/\/windpilot.com\/blog\/wp-json\/wp\/v2\/pages\/23743"}],"wp:attachment":[{"href":"https:\/\/windpilot.com\/blog\/wp-json\/wp\/v2\/media?parent=28883"}],"curies":[{"name":"wp","href":"https:\/\/api.w.org\/{rel}","templated":true}]}}