{"id":29031,"date":"2023-03-07T02:01:55","date_gmt":"2023-03-07T09:01:55","guid":{"rendered":"https:\/\/windpilot.com\/blog\/?page_id=29031"},"modified":"2023-03-07T02:09:13","modified_gmt":"2023-03-07T09:09:13","slug":"detlef-jens","status":"publish","type":"page","link":"https:\/\/windpilot.com\/blog\/windpilot-books-2\/detlef-jens\/","title":{"rendered":"Detlef Jens"},"content":{"rendered":"<p><strong>GEF\u00c4HRLICHE GEZEITEN &#8211; BUCHREZENSION<\/strong><br \/>\n<img loading=\"lazy\" decoding=\"async\" src=\"https:\/\/windpilot.com\/blog\/wp-content\/uploads\/2023\/03\/KJM_Jens_Gefa\u2560ehrlicheGezeiten_U1A01-2-198x300.jpg\" alt=\"\" width=\"198\" height=\"300\" class=\"alignleft size-medium wp-image-29032\" srcset=\"https:\/\/windpilot.com\/blog\/wp-content\/uploads\/2023\/03\/KJM_Jens_Gefa\u2560ehrlicheGezeiten_U1A01-2-198x300.jpg 198w, https:\/\/windpilot.com\/blog\/wp-content\/uploads\/2023\/03\/KJM_Jens_Gefa\u2560ehrlicheGezeiten_U1A01-2-675x1024.jpg 675w, https:\/\/windpilot.com\/blog\/wp-content\/uploads\/2023\/03\/KJM_Jens_Gefa\u2560ehrlicheGezeiten_U1A01-2-768x1164.jpg 768w, https:\/\/windpilot.com\/blog\/wp-content\/uploads\/2023\/03\/KJM_Jens_Gefa\u2560ehrlicheGezeiten_U1A01-2.jpg 814w\" sizes=\"auto, (max-width: 198px) 100vw, 198px\" \/>30 mm, 350 Seiten, das ganze mal drei, also nahezu 10 cm \/ 1000 Seiten Pensum zum Lesen befanden sich in meiner Lebenswarteschleife seit dem Tage, an dem Detlef mir drei Romane in die Hand gedr\u00fcckt, mich angelegentlich um meine Meinung gebeten hat. Das Pensum erschien mir erdr\u00fcckend, erzeugte Druck in der Magengegend, zumal mein Leben keine Langeweile kennt.\u00a0<\/p>\n<p>Worum es geht? Die Geschichten h\u00e4tten Grundlage f\u00fcr eine Hollywood Verfilmung sein k\u00f6nnen, allerdings wurde mir schnell klar, dass ich den Mann, der hier harte Fakten aus seiner eigenen Berufserfahrung beigetragen hat, aus gemeinsamen Zeiten im Gross und Aussenhandel in der Hamburger M\u00f6nckebergstra\u00dfe im Jahre 1970 kannte. Michael Kurtz\u00b4 Fahndungs Aufrufe nach gestohlenen Schiffen unter der Marke MCS, nach denen er im Auftrag von Harald Baum und seiner Assekuradeure Musketiere rund um den Globus suchte, geh\u00f6rten zu meinem Leben, wie der Schluckauf, der nicht vor\u00fcber geht. <\/p>\n<p>Die Neugierde wuchs also im Quadrat, denn im\u00a0Horsd&#8217;\u0153uvre\u00a0der Klappentexte werden handfeste Abgr\u00fcnde menschlicher Verhaltensweisen, angek\u00fcndigt und umrissen, die unser aller Leben garnieren und kollateral den einen oder anderen blamieren. Die Z\u00fcndschnur in meinem Kopf war gelegt.\u00a0<br \/>\nAuf los ging\u00b4s los und hat mich von Seite eins nicht mehr losgelassen. F\u00fcr einen Mann, der das Wasserleben kennt, werden T\u00fcren aufgerissen, werden Erinnerungen an alte Zeiten lebendig, lernen fliegen und fortan der Zwang zur weiteren Lekt\u00fcre erdr\u00fcckend, weil man ungeduldig auf den Fortgang fiebert. Wie ein Film in Endlosschleife, der nie zu Ende gehen m\u00f6ge.<br \/>\n\u00a0<br \/>\nGef\u00e4hrliche Gezeiten ist ein Puzzlespiel menschlicher Schicksale, dessen Zusammenh\u00e4nge \u00fcber ganze Familiengeschichten, zusammenzuf\u00fcgen, einen ganzen Mann erfordert. Vermutlich gibt es wenige Autoren, die angesichts einer derart komplexen Geschichte, die Oberhand behalten. Detlef hat dies bravour\u00f6s gemeistert, aus dereinst vermutlich trockenen Aktenvermerken aus dem Versicherungsalltag, wird die \u00fcberaus farbige Pers\u00f6nlichkeit eines Detektive\u00b4s gezeichnet, der \u201esegelnd\u201c Geld verdient, dem hier und dort sogar zwei Damen, zu F\u00fcssen\u201c bzw. im Cockpit liegend, Weinflaschen lenzend, nicht nur die Abendsonne geniessen. Wer tr\u00e4umte diesen Traum nicht? Noch dazu in der Bretagne? Lekt\u00fcre zum schwindelig werden!<\/p>\n<p>Eine gekonnte Achterbahnfahrt durch die Wasser Zeitgeschichte, angefangen bei der \u201eAlma Mater\u201c der Deutschen Marine in Flensburg M\u00fcrvik, dem damaligen dunklen Zentrum vermutlich auch vieler \u201ereingewaschener\u201c Offiziere aus unseligen Kriegszeiten, \u00fcber die Aus- und Aufbruchstr\u00e4ume junger M\u00e4nner nach einem besseren Leben, die abenteuerliche Segeltour mit \u201egeliehenem\u201c Boot rund um Skagen, quer \u00fcber die Nordsee hoch am Wind bei kargem Proviant, bis zu Europas Wetterecke mit dem verheissungsvollen Namen Bretagne, dann scharf links abgebogen in die verwunschenen Verzweigungen eines Fahrwassers, wo ein besonderer Menschenschlag seine Tr\u00e4ume lebt, ohne jemals diesen Flecken Traumerde ernsthaft wieder verlassen zu wollen, bis hin zu den kleinen Modifikationen im Namen, die aus einem Deutschen fortan einen halbwaschechten Franzosen zu machen in der Lage sind. Das Leben schreibt die besten Geschichten, und Detlef ist ein Meistererz\u00e4hler.<\/p>\n<p>Alles nur, um die Hintergr\u00fcnde zu einen mutwillig in Brand gesetzten Seefahrtkreuzer mit dunkler Vorgeschichte, aufzukl\u00e4ren? Nein, damit hat der Autor sich nicht zufrieden gegeben! Es w\u00e4re auch nur eine unfertige Geschichte, bei der der Clou fehlen w\u00fcrde. Aber den gibt es. Das kann ich hier versprechen ohne mich zu versprechen.<\/p>\n<p>Solche B\u00fccher kann nur ein Segler schreiben, der in der Materie seesattelfest, der selbst im Sturm vielf\u00e4ltiger Ver\u00e4stelungen von Lebensgeschichten, seinen klaren Kurs beh\u00e4lt und, fast als w\u00fcrde er von einem unsichtbaren Dirigenten dirigiert, sein Werk beendet und zeitgleich Hunger auf weitere Erlebnisse erzeugt.<\/p>\n<p>Angef\u00fcttert? Das n\u00e4chste Kapitel ist bereits geschrieben und gedruckt&#8230;<br \/>\n<a href=\"https:\/\/www.kjm-buchverlag.de\/produkt\/im-kielwasser-des-geldes\/\">KJM BUCHVERLAG<\/a><\/p>\n<p>05.03.2023<br \/>\nPeter Foerthmann<br \/>\n<img loading=\"lazy\" decoding=\"async\" src=\"https:\/\/windpilot.com\/blog\/wp-content\/uploads\/2023\/03\/Picnic-150x150.jpeg\" alt=\"\" width=\"150\" height=\"150\" class=\"alignleft size-thumbnail wp-image-29034\" \/><\/p>\n","protected":false},"excerpt":{"rendered":"<p>GEF\u00c4HRLICHE GEZEITEN &#8211; BUCHREZENSION 30 mm, 350 Seiten, das ganze mal drei, also nahezu 10 cm \/ 1000 Seiten Pensum zum Lesen befanden sich in meiner Lebenswarteschleife seit dem Tage, an dem Detlef mir drei Romane in die Hand gedr\u00fcckt, &hellip; <a href=\"https:\/\/windpilot.com\/blog\/windpilot-books-2\/detlef-jens\/\">Weiterlesen <span class=\"meta-nav\">&rarr;<\/span><\/a><\/p>\n","protected":false},"author":1,"featured_media":0,"parent":23743,"menu_order":4,"comment_status":"open","ping_status":"closed","template":"","meta":{"footnotes":""},"class_list":["post-29031","page","type-page","status-publish","hentry"],"_links":{"self":[{"href":"https:\/\/windpilot.com\/blog\/wp-json\/wp\/v2\/pages\/29031","targetHints":{"allow":["GET"]}}],"collection":[{"href":"https:\/\/windpilot.com\/blog\/wp-json\/wp\/v2\/pages"}],"about":[{"href":"https:\/\/windpilot.com\/blog\/wp-json\/wp\/v2\/types\/page"}],"author":[{"embeddable":true,"href":"https:\/\/windpilot.com\/blog\/wp-json\/wp\/v2\/users\/1"}],"replies":[{"embeddable":true,"href":"https:\/\/windpilot.com\/blog\/wp-json\/wp\/v2\/comments?post=29031"}],"version-history":[{"count":3,"href":"https:\/\/windpilot.com\/blog\/wp-json\/wp\/v2\/pages\/29031\/revisions"}],"predecessor-version":[{"id":29039,"href":"https:\/\/windpilot.com\/blog\/wp-json\/wp\/v2\/pages\/29031\/revisions\/29039"}],"up":[{"embeddable":true,"href":"https:\/\/windpilot.com\/blog\/wp-json\/wp\/v2\/pages\/23743"}],"wp:attachment":[{"href":"https:\/\/windpilot.com\/blog\/wp-json\/wp\/v2\/media?parent=29031"}],"curies":[{"name":"wp","href":"https:\/\/api.w.org\/{rel}","templated":true}]}}