{"id":29040,"date":"2023-03-07T04:01:55","date_gmt":"2023-03-07T11:01:55","guid":{"rendered":"https:\/\/windpilot.com\/blog\/?page_id=29040"},"modified":"2023-03-07T04:01:55","modified_gmt":"2023-03-07T11:01:55","slug":"ronald-schenkel","status":"publish","type":"page","link":"https:\/\/windpilot.com\/blog\/portraits\/ronald-schenkel\/","title":{"rendered":"Ronald Schenkel"},"content":{"rendered":"<p><strong>LEBENSFAHRPLAN\u00c4NDERUNG &#8211; EIN OFFENES BEKENNTNIS<\/strong><br \/>\n<img loading=\"lazy\" decoding=\"async\" src=\"https:\/\/windpilot.com\/blog\/wp-content\/uploads\/2023\/03\/Victoria-34-Schenkel-Kopie-1024x722.jpg\" alt=\"\" width=\"640\" height=\"451\" class=\"aligncenter size-large wp-image-29042\" srcset=\"https:\/\/windpilot.com\/blog\/wp-content\/uploads\/2023\/03\/Victoria-34-Schenkel-Kopie-1024x722.jpg 1024w, https:\/\/windpilot.com\/blog\/wp-content\/uploads\/2023\/03\/Victoria-34-Schenkel-Kopie-300x211.jpg 300w, https:\/\/windpilot.com\/blog\/wp-content\/uploads\/2023\/03\/Victoria-34-Schenkel-Kopie-768x541.jpg 768w, https:\/\/windpilot.com\/blog\/wp-content\/uploads\/2023\/03\/Victoria-34-Schenkel-Kopie-1536x1082.jpg 1536w, https:\/\/windpilot.com\/blog\/wp-content\/uploads\/2023\/03\/Victoria-34-Schenkel-Kopie-2048x1443.jpg 2048w\" sizes=\"auto, (max-width: 640px) 100vw, 640px\" \/>Lebensgeschichten zu sammeln, zu verdauen und zu kleinen Geschichten zu formen, dar\u00fcber zu berichten, sind das Salz in meiner Lebenssuppe, da hier Einblicke m\u00f6glich werden, die nur wenige Menschen erlauben. In einer Zeit berstend lauter Charaktere, deren Mitteilungsbed\u00fcrfnis im Quadrat zur Anzahl von Followern zu steigen scheint, sind offene Eingest\u00e4ndnisse von Menschen selten, die sich getrauen eigene Fehleinsch\u00e4tzungen zu teilen. <\/p>\n<p>Ich stehe mit Ronald Schenkel seit 8 Jahren in Kontakt, habe etliche Mailwechsel gehabt, habe im im Jahre 2015 mit einer Heckverzierung seine Victoria 34 verziert. Roland ist dann losgefahren, hat sein neues Leben genossen, und reflektiert nun in erstaunlich offener Weise, warum er seine Pl\u00e4ne \u00fcberdacht und nun fortan andere Pl\u00e4ne macht.<br \/>\n<img loading=\"lazy\" decoding=\"async\" src=\"https:\/\/windpilot.com\/blog\/wp-content\/uploads\/2023\/03\/BA-Garachico-Kopie-1024x819.jpg\" alt=\"\" width=\"640\" height=\"512\" class=\"aligncenter size-large wp-image-29044\" srcset=\"https:\/\/windpilot.com\/blog\/wp-content\/uploads\/2023\/03\/BA-Garachico-Kopie-1024x819.jpg 1024w, https:\/\/windpilot.com\/blog\/wp-content\/uploads\/2023\/03\/BA-Garachico-Kopie-300x240.jpg 300w, https:\/\/windpilot.com\/blog\/wp-content\/uploads\/2023\/03\/BA-Garachico-Kopie-768x614.jpg 768w, https:\/\/windpilot.com\/blog\/wp-content\/uploads\/2023\/03\/BA-Garachico-Kopie-1536x1228.jpg 1536w, https:\/\/windpilot.com\/blog\/wp-content\/uploads\/2023\/03\/BA-Garachico-Kopie.jpg 1543w\" sizes=\"auto, (max-width: 640px) 100vw, 640px\" \/><\/p>\n<p><a href=\"https:\/\/meergeschichten.ch\/ueber-geplatzte-traeume-verschwoerungstheorien-und-ein-paar-zentrale-fragen\/\">\u00dcber geplatzte Tr\u00e4ume, Verschw\u00f6rungstheorien und ein paar zentrale Fragen<\/a><\/p>\n","protected":false},"excerpt":{"rendered":"<p>LEBENSFAHRPLAN\u00c4NDERUNG &#8211; EIN OFFENES BEKENNTNIS Lebensgeschichten zu sammeln, zu verdauen und zu kleinen Geschichten zu formen, dar\u00fcber zu berichten, sind das Salz in meiner Lebenssuppe, da hier Einblicke m\u00f6glich werden, die nur wenige Menschen erlauben. In einer Zeit berstend lauter &hellip; <a href=\"https:\/\/windpilot.com\/blog\/portraits\/ronald-schenkel\/\">Weiterlesen <span class=\"meta-nav\">&rarr;<\/span><\/a><\/p>\n","protected":false},"author":1,"featured_media":0,"parent":28252,"menu_order":-3,"comment_status":"closed","ping_status":"closed","template":"","meta":{"footnotes":""},"class_list":["post-29040","page","type-page","status-publish","hentry"],"_links":{"self":[{"href":"https:\/\/windpilot.com\/blog\/wp-json\/wp\/v2\/pages\/29040","targetHints":{"allow":["GET"]}}],"collection":[{"href":"https:\/\/windpilot.com\/blog\/wp-json\/wp\/v2\/pages"}],"about":[{"href":"https:\/\/windpilot.com\/blog\/wp-json\/wp\/v2\/types\/page"}],"author":[{"embeddable":true,"href":"https:\/\/windpilot.com\/blog\/wp-json\/wp\/v2\/users\/1"}],"replies":[{"embeddable":true,"href":"https:\/\/windpilot.com\/blog\/wp-json\/wp\/v2\/comments?post=29040"}],"version-history":[{"count":3,"href":"https:\/\/windpilot.com\/blog\/wp-json\/wp\/v2\/pages\/29040\/revisions"}],"predecessor-version":[{"id":29045,"href":"https:\/\/windpilot.com\/blog\/wp-json\/wp\/v2\/pages\/29040\/revisions\/29045"}],"up":[{"embeddable":true,"href":"https:\/\/windpilot.com\/blog\/wp-json\/wp\/v2\/pages\/28252"}],"wp:attachment":[{"href":"https:\/\/windpilot.com\/blog\/wp-json\/wp\/v2\/media?parent=29040"}],"curies":[{"name":"wp","href":"https:\/\/api.w.org\/{rel}","templated":true}]}}