{"id":29276,"date":"2023-04-01T04:57:00","date_gmt":"2023-04-01T11:57:00","guid":{"rendered":"https:\/\/windpilot.com\/blog\/?page_id=29276"},"modified":"2023-04-02T02:35:41","modified_gmt":"2023-04-02T09:35:41","slug":"ian-herbert-jones","status":"publish","type":"page","link":"https:\/\/windpilot.com\/blog\/golden-globe-race\/golden-globe-race-2022\/ian-herbert-jones\/","title":{"rendered":"Ian Herbert-Jones"},"content":{"rendered":"<p><strong>PUFFIN\u00b4S ENGEL IN PATAGONIEN<\/strong><br \/>\n<img loading=\"lazy\" decoding=\"async\" src=\"https:\/\/windpilot.com\/blog\/wp-content\/uploads\/2023\/04\/Puffin-2-streben-1024x971.jpg\" alt=\"\" width=\"640\" height=\"607\" class=\"aligncenter size-large wp-image-29277\" srcset=\"https:\/\/windpilot.com\/blog\/wp-content\/uploads\/2023\/04\/Puffin-2-streben-1024x971.jpg 1024w, https:\/\/windpilot.com\/blog\/wp-content\/uploads\/2023\/04\/Puffin-2-streben-300x284.jpg 300w, https:\/\/windpilot.com\/blog\/wp-content\/uploads\/2023\/04\/Puffin-2-streben-768x728.jpg 768w, https:\/\/windpilot.com\/blog\/wp-content\/uploads\/2023\/04\/Puffin-2-streben-1536x1456.jpg 1536w, https:\/\/windpilot.com\/blog\/wp-content\/uploads\/2023\/04\/Puffin-2-streben.jpg 1892w\" sizes=\"auto, (max-width: 640px) 100vw, 640px\" \/>Die Welt ist klein, auch wenn wir das anders in Erinnerung haben, aber in meiner Marktnische trifft man recht schnell auf die immer gleichen Menschen, insbesondere deren Schiffe, die manchmal ein d\u00e9j\u00e0-vu verursachen. Zum Beispiel die  <em>PUFFIN<\/em>, deren damaliger Skipper Istvan Kopar mir im Rahmen des GGR 2018 eine <a href=\"https:\/\/windpilot.com\/blog\/golden-globe-race\/die-segler\/istvan-kopar\/istvan-kopar-alias-pinocchio\/\">ganz besondere Lebenerfahrung bescherte<\/a>, gegen die ich mich zu wehren hatte, was mir einen Einblick in die DNA dieser Veranstaltung verschaffte, die ich mir gerne erspart h\u00e4tte. Ging aber nicht. <\/p>\n<p>Die Puffin wurde wenige Tage nach ihrer damaligen R\u00fcckkehr an Ian Herbert-Jones verkauft und ist beim derzeitigen GGR 2022 erneut gestartet. Im S\u00fcdpazifik wurden Schiff und Skipper durch  St\u00fcrme arg zerzaust ( zwei Kenterungen ) und einigermassen l\u00e4diert vor einigen Tagen von der <em>Jonathan<\/em> und ihrem Skipper Mark van de Weg sowie seiner Frau Caro nach Picton  Island eingeschleppt.<\/p>\n<blockquote class=\"wp-embedded-content\" data-secret=\"GX2RuoGsoP\"><p><a href=\"https:\/\/windpilot.com\/blog\/blog\/blogs\/sv-jonathan-iii-caro-mark-van-de-weg-ned-3\/\">SV Jonathan III &#8211; Caro + Mark van de Weg NED<\/a><\/p><\/blockquote>\n<p><iframe loading=\"lazy\" class=\"wp-embedded-content\" sandbox=\"allow-scripts\" security=\"restricted\" style=\"position: absolute; clip: rect(1px, 1px, 1px, 1px);\" title=\"&#8222;SV Jonathan III &#8211; Caro + Mark van de Weg NED&#8220; &#8212; Windpilot Blog\" src=\"https:\/\/windpilot.com\/blog\/blog\/blogs\/sv-jonathan-iii-caro-mark-van-de-weg-ned-3\/embed\/#?secret=haFuMk1YmQ#?secret=GX2RuoGsoP\" data-secret=\"GX2RuoGsoP\" width=\"600\" height=\"338\" frameborder=\"0\" marginwidth=\"0\" marginheight=\"0\" scrolling=\"no\"><\/iframe><br \/>\nDas Netzwerk in Patagonien segelnder Skipper, die in arktischen Breitengraden regelm\u00e4ssige Reisen unternehmen, funktioniert hervorragend und so es war nur eine Frage weniger Telefonate, Mark und Caro um Hilfestellung f\u00fcr die Puffin zu veranlassen. Die Jonathan, eine Koopmans 48 ist umfangreich f\u00fcr monatelange autarke Expeditionen in einsame polaren Regionen ausger\u00fcstet und von ihrem Liegeplatz in Puerto Williams sofort ausgelaufen. <\/p>\n<p>Hier der Bericht von Mark:<\/p>\n<blockquote><p>Hi Peter, we are heavily involved in getting Puffin  out into the South Atlantic.<br \/>\n<img loading=\"lazy\" decoding=\"async\" src=\"https:\/\/windpilot.com\/blog\/wp-content\/uploads\/2023\/04\/8306229-210x300.jpg\" alt=\"\" width=\"210\" height=\"300\" class=\"alignleft size-medium wp-image-29282\" srcset=\"https:\/\/windpilot.com\/blog\/wp-content\/uploads\/2023\/04\/8306229-210x300.jpg 210w, https:\/\/windpilot.com\/blog\/wp-content\/uploads\/2023\/04\/8306229.jpg 460w\" sizes=\"auto, (max-width: 210px) 100vw, 210px\" \/>We towed him into Picton Island for his engine failed and then the wind dropped altogether 10Nm from here. We happened to be here and a friend of us connected Puffin  to us to help out. Turns out we can do the repairs here and get him on his way again. Engine is running again now. The Hydrovane had the rudder sheared off when the drogue line got wrapped  around it. Also the rod from the vane down has a little  stainless steel ball at the end. It had been forced out and bent. We could repair it but it wasn&#8217;t easy, even in a calm anchorage, at sea you probably would drop some parts over the side.<br \/>\n<img loading=\"lazy\" decoding=\"async\" src=\"https:\/\/windpilot.com\/blog\/wp-content\/uploads\/2023\/04\/2941974-300x200.jpg\" alt=\"\" width=\"300\" height=\"200\" class=\"alignleft size-medium wp-image-29284\" srcset=\"https:\/\/windpilot.com\/blog\/wp-content\/uploads\/2023\/04\/2941974-300x200.jpg 300w, https:\/\/windpilot.com\/blog\/wp-content\/uploads\/2023\/04\/2941974.jpg 612w\" sizes=\"auto, (max-width: 300px) 100vw, 300px\" \/>The housing prevents easy access to all these fidly parts. Dodger is back in place and a small sail repair is next.<br \/>\nI had read some of your troubles with the previous owner of Puffin. Quite a disaster that guy by what Ian told me. Also Ian said the bearing in the pedestal were ruiened and frozen when he bought the boat.<br \/>\nThe weather looks OK for him to leave in a few days&#8230;<br \/>\nCheers  Mark and Caroline<\/p><\/blockquote>\n<p><a href=\"https:\/\/www.jonathanadventuresailing.com\">JONATHAN ADVENTURE SAILING<\/a><\/p>\n<p>WEITERLESEN<a href=\"https:\/\/windpilot.com\/blog\/blog\/blogs\/sv-jonathan-iii-caro-mark-van-de-weg-ned\/\">EIN ARKTISCHER BILDERBOGEN<\/a><\/p>\n","protected":false},"excerpt":{"rendered":"<p>PUFFIN\u00b4S ENGEL IN PATAGONIEN Die Welt ist klein, auch wenn wir das anders in Erinnerung haben, aber in meiner Marktnische trifft man recht schnell auf die immer gleichen Menschen, insbesondere deren Schiffe, die manchmal ein d\u00e9j\u00e0-vu verursachen. Zum Beispiel die &hellip; <a href=\"https:\/\/windpilot.com\/blog\/golden-globe-race\/golden-globe-race-2022\/ian-herbert-jones\/\">Weiterlesen <span class=\"meta-nav\">&rarr;<\/span><\/a><\/p>\n","protected":false},"author":1,"featured_media":0,"parent":25124,"menu_order":6,"comment_status":"open","ping_status":"closed","template":"","meta":{"footnotes":""},"class_list":["post-29276","page","type-page","status-publish","hentry"],"_links":{"self":[{"href":"https:\/\/windpilot.com\/blog\/wp-json\/wp\/v2\/pages\/29276","targetHints":{"allow":["GET"]}}],"collection":[{"href":"https:\/\/windpilot.com\/blog\/wp-json\/wp\/v2\/pages"}],"about":[{"href":"https:\/\/windpilot.com\/blog\/wp-json\/wp\/v2\/types\/page"}],"author":[{"embeddable":true,"href":"https:\/\/windpilot.com\/blog\/wp-json\/wp\/v2\/users\/1"}],"replies":[{"embeddable":true,"href":"https:\/\/windpilot.com\/blog\/wp-json\/wp\/v2\/comments?post=29276"}],"version-history":[{"count":18,"href":"https:\/\/windpilot.com\/blog\/wp-json\/wp\/v2\/pages\/29276\/revisions"}],"predecessor-version":[{"id":29305,"href":"https:\/\/windpilot.com\/blog\/wp-json\/wp\/v2\/pages\/29276\/revisions\/29305"}],"up":[{"embeddable":true,"href":"https:\/\/windpilot.com\/blog\/wp-json\/wp\/v2\/pages\/25124"}],"wp:attachment":[{"href":"https:\/\/windpilot.com\/blog\/wp-json\/wp\/v2\/media?parent=29276"}],"curies":[{"name":"wp","href":"https:\/\/api.w.org\/{rel}","templated":true}]}}