{"id":29413,"date":"2023-05-07T05:14:53","date_gmt":"2023-05-07T12:14:53","guid":{"rendered":"https:\/\/windpilot.com\/blog\/?page_id=29413"},"modified":"2023-05-08T02:15:12","modified_gmt":"2023-05-08T09:15:12","slug":"abhilash-tomy","status":"publish","type":"page","link":"https:\/\/windpilot.com\/blog\/golden-globe-race\/golden-globe-race-2022\/abhilash-tomy\/","title":{"rendered":"Abhilash Tomy"},"content":{"rendered":"<p><strong>NACHDENKLICHKEITEN UND DIE INDISCHE SEELE<\/strong><br \/>\n<img loading=\"lazy\" decoding=\"async\" src=\"https:\/\/windpilot.com\/blog\/wp-content\/uploads\/2023\/05\/die-drei-1000x1024.jpg\" alt=\"\" width=\"640\" height=\"655\" class=\"aligncenter size-large wp-image-29416\" srcset=\"https:\/\/windpilot.com\/blog\/wp-content\/uploads\/2023\/05\/die-drei-1000x1024.jpg 1000w, https:\/\/windpilot.com\/blog\/wp-content\/uploads\/2023\/05\/die-drei-293x300.jpg 293w, https:\/\/windpilot.com\/blog\/wp-content\/uploads\/2023\/05\/die-drei-768x787.jpg 768w, https:\/\/windpilot.com\/blog\/wp-content\/uploads\/2023\/05\/die-drei.jpg 1240w\" sizes=\"auto, (max-width: 640px) 100vw, 640px\" \/>Hunderte Mailwechsel im Verlauf von sechs Jahren, unbeschwerte Treffen in Les Sables, Medemblik und Den Oever, vielleicht ein guter Zeitpunkt, \u00fcber eine besondere Beziehung zu Menschen zu berichten, die in vielerlei Richtung ein wenig anders strukturiert sind, weshalb ich hier einige Beobachtungen teilen m\u00f6chte, die wert sind, dar\u00fcber zu berichten.<br \/>\n<img loading=\"lazy\" decoding=\"async\" src=\"https:\/\/windpilot.com\/blog\/wp-content\/uploads\/2023\/05\/IMG_2941.jpeg\" alt=\"\" width=\"640\" height=\"480\" class=\"alignleft size-full wp-image-29431\" srcset=\"https:\/\/windpilot.com\/blog\/wp-content\/uploads\/2023\/05\/IMG_2941.jpeg 640w, https:\/\/windpilot.com\/blog\/wp-content\/uploads\/2023\/05\/IMG_2941-300x225.jpeg 300w\" sizes=\"auto, (max-width: 640px) 100vw, 640px\" \/>Wenn ich im Umgang mit Seglern humorvoll zu sagen pflege: \u201edas Heck Ihres Schiffes geh\u00f6rt mir\u201c so bekommt diese Bemerkung eine ganz andere Dynamik, wenn ich einen GGR Segler zum Gegen\u00fcber habe, weil die Wichtigkeit eines Steuersklaven ganz elementar \u00fcber Erfolg oder Nichterfolg einer Singlehand Nonstop Reise entscheidet.<br \/>\n<img loading=\"lazy\" decoding=\"async\" src=\"https:\/\/windpilot.com\/blog\/wp-content\/uploads\/2023\/05\/IMG_0180-rotated.jpeg\" alt=\"\" width=\"1280\" height=\"960\" class=\"aligncenter size-full wp-image-29433\" srcset=\"https:\/\/windpilot.com\/blog\/wp-content\/uploads\/2023\/05\/IMG_0180-rotated.jpeg 1280w, https:\/\/windpilot.com\/blog\/wp-content\/uploads\/2023\/05\/IMG_0180-300x225.jpeg 300w, https:\/\/windpilot.com\/blog\/wp-content\/uploads\/2023\/05\/IMG_0180-1024x768.jpeg 1024w, https:\/\/windpilot.com\/blog\/wp-content\/uploads\/2023\/05\/IMG_0180-768x576.jpeg 768w\" sizes=\"auto, (max-width: 1280px) 100vw, 1280px\" \/>Die Erfahrungen der GGR 2018 sind im Buch <a href=\"https:\/\/windpilot.com\/blog\/windpilot-books-2\/windvane-report\/\">Windvane Report<\/a> niedergeschrieben, es waren menschliche Gr\u00fcnde, die mich zur nochmaligen Teilnahme als Ausr\u00fcster bewogen haben.<\/p>\n<blockquote class=\"wp-embedded-content\" data-secret=\"hXFCcojedS\"><p><a href=\"https:\/\/windpilot.com\/blog\/golden-globe-race\/golden-globe-race-2022\/deja-vu\/\">D\u00e9j\u00e0-vu<\/a><\/p><\/blockquote>\n<p><iframe loading=\"lazy\" class=\"wp-embedded-content\" sandbox=\"allow-scripts\" security=\"restricted\" style=\"position: absolute; clip: rect(1px, 1px, 1px, 1px);\" title=\"&#8222;D\u00e9j\u00e0-vu&#8220; &#8212; Windpilot Blog\" src=\"https:\/\/windpilot.com\/blog\/golden-globe-race\/golden-globe-race-2022\/deja-vu\/embed\/#?secret=o08IrZeES7#?secret=hXFCcojedS\" data-secret=\"hXFCcojedS\" width=\"600\" height=\"338\" frameborder=\"0\" marginwidth=\"0\" marginheight=\"0\" scrolling=\"no\"><\/iframe><\/p>\n<p>Acht wilde turbulente Monate auf See haben Spuren bei den Beteiligten hinterlassen, die sich in  Gesichtern ablesen lassen. Bei Abhilash ganz besonders! Seine Erleichterung ist sp\u00fcrbar und mit Worten kaum auszudr\u00fccken. Zwanzig kg Gewichtsverlust sprechen eine eigene Sprache. Zudem hat ihn als unsch\u00f6nes Willkommen, Covid niedergestreckt<br \/>\n<img loading=\"lazy\" decoding=\"async\" src=\"https:\/\/windpilot.com\/blog\/wp-content\/uploads\/2023\/05\/The-long-read_16th-oct-copy.jpeg\" alt=\"\" width=\"640\" height=\"356\" class=\"aligncenter size-full wp-image-29418\" srcset=\"https:\/\/windpilot.com\/blog\/wp-content\/uploads\/2023\/05\/The-long-read_16th-oct-copy.jpeg 640w, https:\/\/windpilot.com\/blog\/wp-content\/uploads\/2023\/05\/The-long-read_16th-oct-copy-300x167.jpeg 300w\" sizes=\"auto, (max-width: 640px) 100vw, 640px\" \/>Direkt nach seiner Ankunft in LSO erreicht mich seine Kurzmitteilung:<\/p>\n<blockquote><p>Hello Peter, I couldn\u2019t have finished GGR without windpilot.<br \/>\nSo a big thank you<br \/>\nAbhilash<\/p><\/blockquote>\n<p>Nat\u00fcrlich bin auch ich erleichtert, nach Monaten der Anspannung diesen Segelheroen erkennbar in einem St\u00fcck an Bord seiner zerzausten, ramponierten <em>Rustler 36<\/em> heil und unversehrt im Hafen angekommen zu wissen. Aufregende Monate, von vielen Mailwechseln mit Sandy Shipp ( Abhilash\u00b4s Managerin ), Abhilash\u00b4s Frau Urminala, <a href=\"https:\/\/passageguardian.nz\">Peter Mott<\/a> sowie interessantem Austausch mit <a href=\"https:\/\/windpilot.com\/blog\/golden-globe-race\/golden-globe-race-2022\/jeremy-bagshaw\/\">Frans Loots ( Jeremy\u00b4s Manager )<\/a> unterbrochen, die immerzu Leben in die Bude brachten. Nein, cool war ich dabei nicht, weil ich mit Herz und Seele am Abenteuer von Abhilash und Jeremy involviert und mein Spannungsbogen sich erst jetzt langsam dem Ende neigt, denn auch Jeremy hat nur noch wenige Meilen vor dem Bug.<br \/>\n<img loading=\"lazy\" decoding=\"async\" src=\"https:\/\/windpilot.com\/blog\/wp-content\/uploads\/2023\/05\/343949331_264743495980103_2370892441355629941_n.jpeg\" alt=\"\" width=\"1280\" height=\"720\" class=\"aligncenter size-full wp-image-29439\" srcset=\"https:\/\/windpilot.com\/blog\/wp-content\/uploads\/2023\/05\/343949331_264743495980103_2370892441355629941_n.jpeg 1280w, https:\/\/windpilot.com\/blog\/wp-content\/uploads\/2023\/05\/343949331_264743495980103_2370892441355629941_n-300x169.jpeg 300w, https:\/\/windpilot.com\/blog\/wp-content\/uploads\/2023\/05\/343949331_264743495980103_2370892441355629941_n-1024x576.jpeg 1024w, https:\/\/windpilot.com\/blog\/wp-content\/uploads\/2023\/05\/343949331_264743495980103_2370892441355629941_n-768x432.jpeg 768w\" sizes=\"auto, (max-width: 1280px) 100vw, 1280px\" \/>Einen Tag nach der Ankunft der Bayanat wurde ich von Sandy dar\u00fcber informiert, dass die Ersatz Pacific, die ich Abhilash \u201ejust in case\u201c nach LSO geliefert hatte, mit <em>Hari<\/em> nach Hamburg unterwegs sei. Donnerwetter ich war \u00fcberrascht! Tags darauf fuhr ein Inder auf unseren Hof, der innerhalb von Sekunden unsere Herzen erobert hat. Es ist schon selten, so etwas zu erleben, darum m\u00f6chte ich von Hari berichten, einem Mann von 70 Jahren, der noch niemals gesegelt hat, dessen Herz f\u00fcr einen Landsmann entflammt, der uns ganz unverhofft seine indische Seele weit ge\u00f6ffnet hat. Ein Erlebnis der besonderen Art.<br \/>\n<img loading=\"lazy\" decoding=\"async\" src=\"https:\/\/windpilot.com\/blog\/wp-content\/uploads\/2023\/05\/IMG_5596.jpeg\" alt=\"\" width=\"640\" height=\"480\" class=\"aligncenter size-full wp-image-29444\" srcset=\"https:\/\/windpilot.com\/blog\/wp-content\/uploads\/2023\/05\/IMG_5596.jpeg 640w, https:\/\/windpilot.com\/blog\/wp-content\/uploads\/2023\/05\/IMG_5596-300x225.jpeg 300w\" sizes=\"auto, (max-width: 640px) 100vw, 640px\" \/>Die Fakten zuerst: Hari \u2013 sein korrekter Name ist Hariharan Mudaliar &#8211;  hat uns eine unbenutzte Pacific in Originalverpackung auf den Tisch gelegt, womit der Beweis erbracht ist, dass Abhilash mit einer Pacific die Welt umsegelt hat, derweil seine zweite Anlage unter Deck \u2013 salzverkrustet trotz Verpackung! &#8211; geschlafen hat. Dies ist nat\u00fcrlich Erleichterung f\u00fcr einen Hersteller, weil damit bislang keiner der GGR Heroen in 2018 und 2022 seine Ersatzanlage hat je einsetzen m\u00fcssen. Ruderblatt und Windfahne hingegen hat sich Neptun geholt, wor\u00fcber ich berichten werde, wenn die Fakten abgeglichen wurden, man m\u00f6chte ja nix falsches sagen, zumal die Thematik von Windsteuersystemen im GGR stets in einem besonderen Fokus stehen.<\/p>\n<blockquote class=\"wp-embedded-content\" data-secret=\"hto0jwe8e8\"><p><a href=\"https:\/\/windpilot.com\/blog\/golden-globe-race\/golden-globe-race-2022\/don-mcintyre\/\">Don McIntyre<\/a><\/p><\/blockquote>\n<p><iframe loading=\"lazy\" class=\"wp-embedded-content\" sandbox=\"allow-scripts\" security=\"restricted\" style=\"position: absolute; clip: rect(1px, 1px, 1px, 1px);\" title=\"&#8222;Don McIntyre&#8220; &#8212; Windpilot Blog\" src=\"https:\/\/windpilot.com\/blog\/golden-globe-race\/golden-globe-race-2022\/don-mcintyre\/embed\/#?secret=iRBZ3ieyDi#?secret=hto0jwe8e8\" data-secret=\"hto0jwe8e8\" width=\"600\" height=\"338\" frameborder=\"0\" marginwidth=\"0\" marginheight=\"0\" scrolling=\"no\"><\/iframe><\/p>\n<p>Hari lebt und arbeitet seit 50 Jahren in Deutschland, besitzt neben dem indischen auch den deutschen Pass, ist aber in der Seele und in seinem Leben von der indischen Lebensart in einer Form durchdrungen, dass er im Verlauf weniger Jahre 33 Fl\u00fcge in die Heimat unternommen hat, wo sein Herz schl\u00e4gt und seine Familie fest verwurzelt ist, obgleich er mit seiner leider verstorbenen deutschen Frau zwei erwachsene Kinder in seinem Herzen hat. K\u00fcrzlich hat er in Indien den 91 Geburtstag seiner Mutter gefeiert.<br \/>\n<img loading=\"lazy\" decoding=\"async\" src=\"https:\/\/windpilot.com\/blog\/wp-content\/uploads\/2023\/05\/IMG-20230326-WA0021-1024x732.jpeg\" alt=\"\" width=\"640\" height=\"458\" class=\"aligncenter size-large wp-image-29423\" srcset=\"https:\/\/windpilot.com\/blog\/wp-content\/uploads\/2023\/05\/IMG-20230326-WA0021-1024x732.jpeg 1024w, https:\/\/windpilot.com\/blog\/wp-content\/uploads\/2023\/05\/IMG-20230326-WA0021-300x214.jpeg 300w, https:\/\/windpilot.com\/blog\/wp-content\/uploads\/2023\/05\/IMG-20230326-WA0021-768x549.jpeg 768w, https:\/\/windpilot.com\/blog\/wp-content\/uploads\/2023\/05\/IMG-20230326-WA0021-1536x1097.jpeg 1536w, https:\/\/windpilot.com\/blog\/wp-content\/uploads\/2023\/05\/IMG-20230326-WA0021.jpeg 1600w\" sizes=\"auto, (max-width: 640px) 100vw, 640px\" \/>Seine atemberaubende Geschichte wurde in einem Buch niedergeschrieben, sie sei hier nur kurz angedeutet: Im Alter von 21 Jahren wollte Hari mit einer Royal Enfield zur Olympiade nach M\u00fcnchen fahren, was allerdings mit dem Motorrad nicht geklappt hat. Aber Hari ist trotzdem nach M\u00fcnchen gekommen, hat innerhalb von 29 Std (!) die deutsche Sprache gelernt und als Wirtschaftsingenieur Karriere bei Burda in Offenbach und Springer in Hamburg Ahrensburg gemacht. Ein Mann mit aussergew\u00f6hnlichem Ged\u00e4chtnis, der s\u00e4mtliche Stationen seines Lebens Datum-und-Minutengenau  gespeichert, jederzeit zu repetieren in der Lage ist, zumindest dreisprachig akzentfrei. Sein atemberaubendes Leben hat sich erst im Ruhestand ein wenig verlangsamt, den er allerdings offensichtlich als Unruhestand begreift, weil er nunmehr erst recht Zeit f\u00fcr ungew\u00f6hnliche \u2013 mancher w\u00fcrde sagen: verr\u00fcckte! &#8211; Unternehmungen hat. Womit sich der Kreis zu Abhilash und der indischen Seele schliesst. Wor\u00fcber hier zu berichten ist.<\/p>\n<p>Hari\u00b4s Schwester Shobha hat im April 2021 mit Ihrem Mann und Sohn  im Rahmen einer Veranstaltung der UNIFI  ( indische Investment Company ) Abhilash Tomy\u2019s Vortrag \u00fcber seine zwei Segelveranstaltungen geh\u00f6rt und war fasziniert. Eine Veranstaltung mit Folgen, denn auf einer Ketto Fundraising Party wenig sp\u00e4ter waren die Kinder der beiden derart fasziniert, dass sie aus eigenem Taschengeld Spenden aufgebracht haben. Das Fundraising hingegen erwies sich als wenig effizient, denn der Spendenbetrag war sp\u00e4rlich. Gewaltig allerdings wurde fortan das Interesse am GGR, das Abhilash zu bestehen, nun zum zweiten Mal angetreten war.<br \/>\n<img loading=\"lazy\" decoding=\"async\" src=\"https:\/\/windpilot.com\/blog\/wp-content\/uploads\/2023\/05\/IMG-20230326-WA0023-1024x567.jpeg\" alt=\"\" width=\"640\" height=\"354\" class=\"aligncenter size-large wp-image-29420\" srcset=\"https:\/\/windpilot.com\/blog\/wp-content\/uploads\/2023\/05\/IMG-20230326-WA0023-1024x567.jpeg 1024w, https:\/\/windpilot.com\/blog\/wp-content\/uploads\/2023\/05\/IMG-20230326-WA0023-300x166.jpeg 300w, https:\/\/windpilot.com\/blog\/wp-content\/uploads\/2023\/05\/IMG-20230326-WA0023-768x425.jpeg 768w, https:\/\/windpilot.com\/blog\/wp-content\/uploads\/2023\/05\/IMG-20230326-WA0023-1536x851.jpeg 1536w, https:\/\/windpilot.com\/blog\/wp-content\/uploads\/2023\/05\/IMG-20230326-WA0023.jpeg 1600w\" sizes=\"auto, (max-width: 640px) 100vw, 640px\" \/>Mit Shoba\u00b4s eigenen Worten hier der Bericht an ihren Bruder Hari:<\/p>\n<blockquote><p>Here are the details of how we got totally involved in Abhilash\u2019s fantastic adventure! I have no idea about sailing. Only paper boats we made as kids!<\/p>\n<p>In April 2021,\u00a0 I went along with my husband and my son Vedanth to hear Abhilash Tomy\u2019s talk about his two sailing adventures , in an evening, organised by UNIFI , an investment company where we invest .<\/p>\n<p>I was absolutely awestruck by his story, as were everyone who were present there. After the talk, we went up to Abhilash and I spoke just two sentences.\u00a0<\/p>\n<p>Firstly I said, \u201cAbhilash, I just completed the book \u201c The Vedas and Upanishads for children \u201c which has this powerful line in the first page \u201c \u201cDon\u2019t settle for being human, discover the God that you really are \u201c<br \/>\nand I believe you have achieved this!<br \/>\nSecondly, I invited Abhilash home to enjoy a delicious meal cooked by my 90 year old mother. He smiled warmly and we clicked a picture with him.<br \/>\nHe then autographed his book \u201c151 Days \u201c (gifted to all the invitees), for my grandson Advaith and me. I came home and narrated his story to my Mother and then 9 yr old Advaith.\u00a0<br \/>\nAs soon as Abhilash\u2019s Ketto fundraiser came up,\u00a0 Advaith gave happily ,from his pocket money , Rs 1000, Vedanth\u00a0 and I Rs 10,000 each.<br \/>\nI, in my own small way\u00a0 also began to look for sponsors but in vain. Just one friend gave Rs 5,000.<\/p>\n<p>On checking the Ketto and eagerly looking up the list on GGR for Abhilash\u2019s name, I was disappointed by the poor response from Indians . By March 2022, only 10 lakhs approximately, were raised on Ketto!<br \/>\nThen Bayanat came forward so generously , so timely, in Dubai and Abhilash created History!\u00a0<br \/>\nHe truly is \u201c The Man who Overcame !\u201c<br \/>\nIn January 2022, while practising yoga and Pranayama, I got a strong feeling ( this experience had never happened before), that Abhilash would\u00a0 join the race and would win. I emailed him this and his response was that he got the same feeling and would be, atleast have a podium finish!<\/p>\n<p>Urmimala and Abhilash come across as very balanced, affectionate couple and above all incredibly strong!<\/p>\n<p>I never thought even for a moment that the meeting with Abhilash in April 2021 would develop in a surprisingly different and wonderful way!\u00a0<br \/>\n<img loading=\"lazy\" decoding=\"async\" src=\"https:\/\/windpilot.com\/blog\/wp-content\/uploads\/2023\/05\/IMG-20230326-WA0022-1024x646.jpeg\" alt=\"\" width=\"640\" height=\"404\" class=\"aligncenter size-large wp-image-29422\" srcset=\"https:\/\/windpilot.com\/blog\/wp-content\/uploads\/2023\/05\/IMG-20230326-WA0022-1024x646.jpeg 1024w, https:\/\/windpilot.com\/blog\/wp-content\/uploads\/2023\/05\/IMG-20230326-WA0022-300x189.jpeg 300w, https:\/\/windpilot.com\/blog\/wp-content\/uploads\/2023\/05\/IMG-20230326-WA0022-768x485.jpeg 768w, https:\/\/windpilot.com\/blog\/wp-content\/uploads\/2023\/05\/IMG-20230326-WA0022-1536x970.jpeg 1536w, https:\/\/windpilot.com\/blog\/wp-content\/uploads\/2023\/05\/IMG-20230326-WA0022.jpeg 1600w\" sizes=\"auto, (max-width: 640px) 100vw, 640px\" \/>Because Hari came to visit us for two months on February 2023 and also got mesmerised by his details. When he heard the Arrival point was LSO, he determined to be there to welcome all the heroes especially Abhilash of course! And neither the distance nor the uncertainty of the arrival deterred him from\u00a0 undertaking a 1600 km journey from Hamburg to LSO!<\/p>\n<p>Best regards\u00a0<br \/>\nShobha<\/p><\/blockquote>\n<p><img loading=\"lazy\" decoding=\"async\" src=\"https:\/\/windpilot.com\/blog\/wp-content\/uploads\/2023\/05\/343614244_1378444356324229_15796688377859999_n.jpg\" alt=\"\" width=\"1200\" height=\"900\" class=\"aligncenter size-full wp-image-29436\" srcset=\"https:\/\/windpilot.com\/blog\/wp-content\/uploads\/2023\/05\/343614244_1378444356324229_15796688377859999_n.jpg 1200w, https:\/\/windpilot.com\/blog\/wp-content\/uploads\/2023\/05\/343614244_1378444356324229_15796688377859999_n-300x225.jpg 300w, https:\/\/windpilot.com\/blog\/wp-content\/uploads\/2023\/05\/343614244_1378444356324229_15796688377859999_n-1024x768.jpg 1024w, https:\/\/windpilot.com\/blog\/wp-content\/uploads\/2023\/05\/343614244_1378444356324229_15796688377859999_n-768x576.jpg 768w\" sizes=\"auto, (max-width: 1200px) 100vw, 1200px\" \/>Die Realit\u00e4t der Wetterkapriolen haben die Ankunft von Abhilash ein wenig verz\u00f6gert, sodass Hari und zwei seiner Freunde in toto die Strecke Hamburg \u2013 Les Sables viermal gefahren sind, um die Heroen zu begr\u00fcssen und zu w\u00fcrdigen.<br \/>\n<img loading=\"lazy\" decoding=\"async\" src=\"https:\/\/windpilot.com\/blog\/wp-content\/uploads\/2023\/05\/2-Koepfe-LSO.jpg\" alt=\"\" width=\"1466\" height=\"924\" class=\"aligncenter size-full wp-image-29437\" srcset=\"https:\/\/windpilot.com\/blog\/wp-content\/uploads\/2023\/05\/2-Koepfe-LSO.jpg 1466w, https:\/\/windpilot.com\/blog\/wp-content\/uploads\/2023\/05\/2-Koepfe-LSO-300x189.jpg 300w, https:\/\/windpilot.com\/blog\/wp-content\/uploads\/2023\/05\/2-Koepfe-LSO-1024x645.jpg 1024w, https:\/\/windpilot.com\/blog\/wp-content\/uploads\/2023\/05\/2-Koepfe-LSO-768x484.jpg 768w\" sizes=\"auto, (max-width: 1466px) 100vw, 1466px\" \/>Hari berichtet von unvergesslichen Momenten, wie er die Mutter von Kirsten Neuschafer umarmt und sie zu dieser ihrer Tochter begl\u00fcckw\u00fcnscht habe, Tr\u00e4nen der Freude inbegriffen.<br \/>\n<img loading=\"lazy\" decoding=\"async\" src=\"https:\/\/windpilot.com\/blog\/wp-content\/uploads\/2023\/05\/IMG_5607.jpeg\" alt=\"\" width=\"640\" height=\"480\" class=\"aligncenter size-full wp-image-29441\" srcset=\"https:\/\/windpilot.com\/blog\/wp-content\/uploads\/2023\/05\/IMG_5607.jpeg 640w, https:\/\/windpilot.com\/blog\/wp-content\/uploads\/2023\/05\/IMG_5607-300x225.jpeg 300w\" sizes=\"auto, (max-width: 640px) 100vw, 640px\" \/>Wir haben durch Hari eine menschliche Erfahrung in unseren Herzen gespeichert, die schon ungew\u00f6hnlich ist, weil wir es hier mit Menschen zu tun haben, die recht offensichtlich \u201eanders\u201c strukturiert und nach anderen &#8211; vielleicht weiseren? &#8211; Regeln durchs Leben gehen, was an ihren Gesichtern unschwer zu erkennen ist.<br \/>\nUnsere Neugierde ist gewachsen \u2026 wir sind nun bei Hari zum Essen eingeladen, er wird uns <em>indisch<\/em> bekochen, derweil wir begierig sind, diesen liebenswerten Mann weiter kennenzulernen \u2026 denn wir sind neugierig bis hinter den Horizont.<\/p>\n<p>Hari\u00b4s Frage beim Abschied: was macht eigentlich so ein Windpilot? Haben wir unkonventionell beantwortet: keine Ahnung, aber Abhi kann damit auf See ruhig schlafen.<\/p>\n<p>Hamburg 07.05.2023<br \/>\nPeter Foerthmann<br \/>\n<img loading=\"lazy\" decoding=\"async\" src=\"https:\/\/windpilot.com\/blog\/wp-content\/uploads\/2023\/05\/IMG_5583-300x225.jpeg\" alt=\"\" width=\"300\" height=\"225\" class=\"alignleft size-medium wp-image-29442\" srcset=\"https:\/\/windpilot.com\/blog\/wp-content\/uploads\/2023\/05\/IMG_5583-300x225.jpeg 300w, https:\/\/windpilot.com\/blog\/wp-content\/uploads\/2023\/05\/IMG_5583.jpeg 640w\" sizes=\"auto, (max-width: 300px) 100vw, 300px\" \/><\/p>\n","protected":false},"excerpt":{"rendered":"<p>NACHDENKLICHKEITEN UND DIE INDISCHE SEELE Hunderte Mailwechsel im Verlauf von sechs Jahren, unbeschwerte Treffen in Les Sables, Medemblik und Den Oever, vielleicht ein guter Zeitpunkt, \u00fcber eine besondere Beziehung zu Menschen zu berichten, die in vielerlei Richtung ein wenig anders &hellip; <a href=\"https:\/\/windpilot.com\/blog\/golden-globe-race\/golden-globe-race-2022\/abhilash-tomy\/\">Weiterlesen <span class=\"meta-nav\">&rarr;<\/span><\/a><\/p>\n","protected":false},"author":1,"featured_media":0,"parent":25124,"menu_order":8,"comment_status":"open","ping_status":"closed","template":"","meta":{"footnotes":""},"class_list":["post-29413","page","type-page","status-publish","hentry"],"_links":{"self":[{"href":"https:\/\/windpilot.com\/blog\/wp-json\/wp\/v2\/pages\/29413","targetHints":{"allow":["GET"]}}],"collection":[{"href":"https:\/\/windpilot.com\/blog\/wp-json\/wp\/v2\/pages"}],"about":[{"href":"https:\/\/windpilot.com\/blog\/wp-json\/wp\/v2\/types\/page"}],"author":[{"embeddable":true,"href":"https:\/\/windpilot.com\/blog\/wp-json\/wp\/v2\/users\/1"}],"replies":[{"embeddable":true,"href":"https:\/\/windpilot.com\/blog\/wp-json\/wp\/v2\/comments?post=29413"}],"version-history":[{"count":21,"href":"https:\/\/windpilot.com\/blog\/wp-json\/wp\/v2\/pages\/29413\/revisions"}],"predecessor-version":[{"id":29475,"href":"https:\/\/windpilot.com\/blog\/wp-json\/wp\/v2\/pages\/29413\/revisions\/29475"}],"up":[{"embeddable":true,"href":"https:\/\/windpilot.com\/blog\/wp-json\/wp\/v2\/pages\/25124"}],"wp:attachment":[{"href":"https:\/\/windpilot.com\/blog\/wp-json\/wp\/v2\/media?parent=29413"}],"curies":[{"name":"wp","href":"https:\/\/api.w.org\/{rel}","templated":true}]}}