{"id":29510,"date":"2023-05-28T02:58:40","date_gmt":"2023-05-28T09:58:40","guid":{"rendered":"https:\/\/windpilot.com\/blog\/?page_id=29510"},"modified":"2023-05-28T19:00:55","modified_gmt":"2023-05-29T02:00:55","slug":"luisa-matthias-werb","status":"publish","type":"page","link":"https:\/\/windpilot.com\/blog\/portraits\/luisa-matthias-werb\/","title":{"rendered":"Luisa + Matthias Werb"},"content":{"rendered":"<p><strong>DREIECKSVERH\u00c4LTNIS BEI WELTUMSEGELUNG<\/strong><br \/>\n<img loading=\"lazy\" decoding=\"async\" src=\"https:\/\/windpilot.com\/blog\/wp-content\/uploads\/2023\/05\/image1-1-Kopie-1024x768.jpeg\" alt=\"\" width=\"640\" height=\"480\" class=\"aligncenter size-large wp-image-29512\" srcset=\"https:\/\/windpilot.com\/blog\/wp-content\/uploads\/2023\/05\/image1-1-Kopie-1024x768.jpeg 1024w, https:\/\/windpilot.com\/blog\/wp-content\/uploads\/2023\/05\/image1-1-Kopie-300x225.jpeg 300w, https:\/\/windpilot.com\/blog\/wp-content\/uploads\/2023\/05\/image1-1-Kopie-768x576.jpeg 768w, https:\/\/windpilot.com\/blog\/wp-content\/uploads\/2023\/05\/image1-1-Kopie-rotated.jpeg 1280w\" sizes=\"auto, (max-width: 640px) 100vw, 640px\" \/>Es begann, wie es so h\u00e4ufig beginnt, wir hatten Mail Verkehr in Sachen Steuerbefreiung, meinem t\u00e4glichen Brot, das mir immer noch nicht langweilig geworden, weil Menschen so unterschiedlich und meine Neugierde unersch\u00f6pflich, weshalb ich einfach immer weiter mache &#8211; nur eine Randbemerkung!<\/p>\n<p>Allerdings lagen bei Luisa und Matthias die Dinge ein wenig pr\u00e4k\u00e4r, denn der Erstkontakt wurde in Panama hergestellt, zwei Segler wollten tiefes Wasser \u00fcberqueren, der weite Pazifik lag vor ihrer Schn\u00fcffelnase, der Bug der Sea Pearl war nach Westen ausgerichtet. Man wollte Redundanz in Bezug auf m\u00f6gliche Steuerqualen, die man sich gern ersparen wollte, falls die Technik spinnt oder der Autopilot im Kreise f\u00e4hrt. Hier allerdings hatte ein Elektro Ingenieur bei Windpilot angebissen bzw. angefragt, was ja schon von einer gewissen Lebensweisheit zeugt! Oder waren hier ganz einfach die Hosen voll? Weiss man ja anfangs immer nicht: warum wieso, weshalb die Segler am Ende zu mir kommen, um um meinen Rat zu fragen! Gleichwohl allerdings sind es stets kluge Menschen, weil sie zumindest das komplizierte Wort Redundanz buchstabieren k\u00f6nnen, denn, nicht wahr, ein Autopilot ist ja fast auf jedem Schiff zuhause.<br \/>\n<img loading=\"lazy\" decoding=\"async\" src=\"https:\/\/windpilot.com\/blog\/wp-content\/uploads\/2023\/05\/Ohne-Titel-5-1024x585.jpg\" alt=\"\" width=\"640\" height=\"366\" class=\"aligncenter size-large wp-image-29513\" srcset=\"https:\/\/windpilot.com\/blog\/wp-content\/uploads\/2023\/05\/Ohne-Titel-5-1024x585.jpg 1024w, https:\/\/windpilot.com\/blog\/wp-content\/uploads\/2023\/05\/Ohne-Titel-5-300x171.jpg 300w, https:\/\/windpilot.com\/blog\/wp-content\/uploads\/2023\/05\/Ohne-Titel-5-768x439.jpg 768w, https:\/\/windpilot.com\/blog\/wp-content\/uploads\/2023\/05\/Ohne-Titel-5-1536x877.jpg 1536w, https:\/\/windpilot.com\/blog\/wp-content\/uploads\/2023\/05\/Ohne-Titel-5.jpg 1972w\" sizes=\"auto, (max-width: 640px) 100vw, 640px\" \/>Luisa und Matthias wollten in ein System mit allen \u201e<em>bells and wistles<\/em>\u201c investieren, mein bestes Pferd im Stall, das teuerste sowieso. Die Pacific Plus sollte es sein. Habe ich da ein Zweifeln im virtuellen Dialog gesp\u00fcrt, als ich statt dessen die Pacific als das besser geeignete System angeboten habe? Egal, wir haben das schnell gekl\u00e4rt, nur die Lieferung nach Panama bereitete noch Kopfzerbrechen, eine Destination mit Stolperfallen, wenn oder weil man offizielle Stempel einzuholen hatte, die dort viel zu kosten scheinen, alternativ ein Paket ja auch schon mal verloren gehen kann. Leidvolle Erfahrungen von meiner Seite, abgesehen von reinen Transportkosten, bei deren H\u00f6he regelm\u00e4ssig Schnappatmung erfolgt \u2026 bevor man die Summe dann mental verdaut. Merke: der richtige Weg nach Panama f\u00fchrt \u00fcber Miami, und von dort nahtlos ins Paradies nach Bocas del Toro in Panama, wo man sehns\u00fcchtig auf die Heckverzierung wartete. Zwischen Angebot, \u00fcber die Kaufentscheidung bis zur Ankunft in der Marina sind 4 Wochen vergangen. Der Beginn einer harmonischen Dreiecksbeziehung: einer Frau, die mit zwei Kerlen unterwegs, einer davon als Steuersklave mit bayrischem Namen <strong>s\u00b4Peterle \u2026\u00a0<\/strong><\/p>\n<p>Dank Iridium entwickelte sich ein froehlicher Mail Wechsel:<br \/>\n<img loading=\"lazy\" decoding=\"async\" src=\"https:\/\/windpilot.com\/blog\/wp-content\/uploads\/2023\/05\/image0-Kopie-768x1024.jpeg\" alt=\"\" width=\"640\" height=\"853\" class=\"aligncenter size-large wp-image-29516\" srcset=\"https:\/\/windpilot.com\/blog\/wp-content\/uploads\/2023\/05\/image0-Kopie-768x1024.jpeg 768w, https:\/\/windpilot.com\/blog\/wp-content\/uploads\/2023\/05\/image0-Kopie-225x300.jpeg 225w, https:\/\/windpilot.com\/blog\/wp-content\/uploads\/2023\/05\/image0-Kopie-rotated.jpeg 960w\" sizes=\"auto, (max-width: 640px) 100vw, 640px\" \/>Sent: Mon, 25 Jul 2022 10:40:56 -0600<br \/>\nSubject: Re: Windpilot auf der Sea Pearl \/ die ersten 2000 Meilen<\/p>\n<blockquote><p>Hallo Herr Foerthmann,\u00a0<br \/>\nIhr\/unser Windpilot Pazific spielt wunderbar. Wir kommen toll voran, bisher noch Leon Etmal unter 164 Seemeilen, und schauen entspannt aus dem Cockpit der Fahne bei der Arbeit zu. In Verbindung mit dem Schlaf von Panama auf die Gal\u00e1pagos Inseln haben wir inzwischen unsere ersten 2000 Meilen unter Windfahnensteuerung hinter uns. Wir f\u00fchlen uns immer sicherer in der Handhabung und wollen die jetzt schon nicht mehr missen. Nach der Lekt\u00fcre Ihres Buches und den vorgestellten anderen Windsteuerungen konnten wir uns ein kleines Schmunzeln nicht verkneifen, als ein amerikanisches Buddy-Boot (ausgestattet mit einer Sailomat, gerade ca. 70 Meilen vor uns) in den t\u00e4glichen E-Mail Positions- und Statusupdates davon schrieb, dass man an einem Tag mit recht vielen Schauerwolken und entsprechend etwas unstetigem Wind alle \u201c5-10 min the windvane adjusted\u201d.\u00a0<\/p>\n<p>Wie so viele wichtige Ausr\u00fcstungsgegenst\u00e4nde bei uns (aber vermutlich ja auch anderen Booten) hat die Windfahne inzwischen einen Spitznamen an Bord. Unser elektrischer Autopilot ist der \u201cJohann\u201d (von Johann, fahren Sie den Wagen vor) und die Pazific hei\u00dft in Anlehnung an Sie und abgewandelt durch unsere bayerische Herkunft an Bord \u201cs\u2019Peterle\u201d. Nachdem wir das ja vermutlich auch ab und an in unseren Videos verwenden, wenn \u201cs\u2019Peterle\u201d Wache hat und wir zB Karten spielen oder unten kochen, hiermit unsere Frage:\u00a0<br \/>\nD\u00fcrfen wir unsere Windfahne in Anlehnung an ihren \u201cErschaffer\u201d mit der bayerischen Version ihres Vornamens als Spitznamen versehen und das dann in unseren Videos nat\u00fcrlich auch verwenden?\u00a0<\/p>\n<p>Danke f\u00fcr die entsprechende Freigabe.\u00a0<\/p>\n<p>Wir w\u00fcnschen einen guten Start in die Woche aus dem Pazifik, gerade mit 6,5kn unterwegs Richtung Hiva Oa, Kurs 240 Grad.\u00a0<br \/>\nLuisa und Matthias Werb<\/p><\/blockquote>\n<p><img loading=\"lazy\" decoding=\"async\" src=\"https:\/\/windpilot.com\/blog\/wp-content\/uploads\/2023\/05\/image2-768x1024.jpeg\" alt=\"\" width=\"640\" height=\"853\" class=\"aligncenter size-large wp-image-29517\" srcset=\"https:\/\/windpilot.com\/blog\/wp-content\/uploads\/2023\/05\/image2-768x1024.jpeg 768w, https:\/\/windpilot.com\/blog\/wp-content\/uploads\/2023\/05\/image2-225x300.jpeg 225w, https:\/\/windpilot.com\/blog\/wp-content\/uploads\/2023\/05\/image2.jpeg 960w\" sizes=\"auto, (max-width: 640px) 100vw, 640px\" \/>Liebe Louisa und Matthias,<br \/>\nGuten Abend auf die schaukelnde Insel namens Sea Pearl &#8230; zun\u00e4chst &#8230; versenken wir die F\u00f6rmlichkeit im Kielwasser &#8230; dann taucht sie n\u00e4mlich als s\u00b4Peterle wieder auf! Ich habe im Verlauf von bald einem halben Jahrhundert so viele Spitzname ( mein Weib nennt das Spritznamen ! ) erhalten, dass ich bereits wehrlos geschossen bin &#8230; kaum noch zucke oder mucke &#8230; und mich in mein Schicksal fuege.<\/p>\n<p>Ein Tipp fuer die US Yacht mit dem \u201e<a href=\"https:\/\/windpilot.com\/blog\/columns\/peter-der-markt\/deutsch-reflexionen-marktbegleiter\/\">Schwedomat<\/a>\u201c System, wie ich Stellan\u00b4s Anlage seit den verheerenden Vorg\u00e4ngen im vorigen Jahrhundert gern benenne: das System verf\u00fcgt nicht \u00fcber eine stufenlose Verstellmoeglichkeit am Radadapter, hingegen System ist FIX um den Radadapter gewickelt, kann nur ueber verkuerzen \/ verlaengern der Leinen justiert werde &#8211; eine doofe Arbeit, die wenig Spass bereitet. Ich koennte meine Hand ins Feuer legen, dass die Segler einfach nur die Windfahne nachjustieren &#8230; durch Verdrehen &#8230; weil sie den Sinne des System ggf. nicht verstanden haben, dass naemlich ein gewisser WINKEL am Hauptruder voreingestelt \/ justiert werden muss. Wer so zur See faehrt und das manual nicht genau lesen kann oder will &#8230; wird aus dem adjusten nicht mehr rauskommen, weil der STEUERFEHLER zwischen Steuersklaven und Hauptruder niemals behoben wird &#8230; durch FEINTRIMM am Hauptruder.<\/p>\n<p>Eure Videos vermitteln Spass, weil dem Betrachter auf dem Sofa deutlich wird, wie wundervoll ein harmonischen Miteinander von frohen Menschen auf See zu machen ist &#8230; wenn man sich nur einig ist! Diese Harmonie ist Euch anzumerken &#8230; Glueckwunsch dazu &#8230; der das hier sagt ist ein schon ergrauter Knochen, der erst in seiner vierten Ehe diese Harmonie gefunden hat, nachdem er drei verheerende Scheidungen hat hinter sich bringen muessen. Seit 19 Jahren leben wir 24 \/ 365 nonstop ein schoenes Leben, ganz ohne Urlaub, weil uns jeder Tag wichtig ist.<\/p>\n<p>Also: WEITERMACHEN!<br \/>\nherzlich<br \/>\nPeter<br \/>\n<img loading=\"lazy\" decoding=\"async\" src=\"https:\/\/windpilot.com\/blog\/wp-content\/uploads\/2023\/05\/image3-Kopie.jpeg\" alt=\"\" width=\"960\" height=\"960\" class=\"aligncenter size-full wp-image-29518\" srcset=\"https:\/\/windpilot.com\/blog\/wp-content\/uploads\/2023\/05\/image3-Kopie.jpeg 960w, https:\/\/windpilot.com\/blog\/wp-content\/uploads\/2023\/05\/image3-Kopie-300x300.jpeg 300w, https:\/\/windpilot.com\/blog\/wp-content\/uploads\/2023\/05\/image3-Kopie-150x150.jpeg 150w, https:\/\/windpilot.com\/blog\/wp-content\/uploads\/2023\/05\/image3-Kopie-768x768.jpeg 768w\" sizes=\"auto, (max-width: 960px) 100vw, 960px\" \/><\/p>\n<blockquote><p>Hallo Peter,\u00a0<br \/>\nOh danke dir! \u00a0F\u00fcr die lieben Zeilen, die Freigabe, das \u201cDu\u201d und vor allem das Lob zu den Videos und unserer Art unsere Segelreise zu leben.\u00a0<br \/>\nWir stellen dabei deutlich weniger Drama oder Krisen dar, als das einige der gro\u00dfen deutschsprachigen Kan\u00e4le machen, aber die gibts halt auch nicht und unser Zielpublikum f\u00fcr die Videos waren und sind die Omas, Onkel und Tanten und Freunde daheim, damit die sich (oft als Nichtsegler) \u00fcberhaupt vorstellen k\u00f6nnen, was wir da so treiben. Und wenn unsere Art der Reisebegleitung dann inzwischen so vielen Anderen gef\u00e4llt, tut das nat\u00fcrlich doppelt gut.\u00a0<\/p>\n<p>Und dein Hinweis bzgl. Trimm beim Sailomat lassen wir vielleicht mal vorsichtig beim Bier oder Wein auf Hiva Oa fallen Die beiden Sehen sich selbst aber als mega erfahren und \u201charte Segler\u201d, uns eher als Jungspunde. Wir sind deshalb mit gutgemeinten Hinweisen bei solchen Seglern oft sehr zur\u00fcckhaltend. Uns Ziel ist es eher, die aktuell 105 Meilen R\u00fcckstand von uns, bedingt aus einem Start einen Tag vor uns von den Gal\u00e1pagos m\u00f6glichst vor der Ankunft zu egalisieren.\u00a0<\/p>\n<p>Wir machen mal weiter und w\u00fcnschen dir und deiner Frau eine gute Woche<br \/>\nLuisa und Matthias\u00a0<\/p><\/blockquote>\n<p>und im September von Moorea dann diese mail:<\/p>\n<p><iframe loading=\"lazy\" width=\"560\" height=\"315\" src=\"https:\/\/www.youtube.com\/embed\/3GBg608_xd8\" title=\"YouTube video player\" frameborder=\"0\" allow=\"accelerometer; autoplay; clipboard-write; encrypted-media; gyroscope; picture-in-picture; web-share\" allowfullscreen><\/iframe><\/p>\n<blockquote><p>Hallo Peter,\u00a0<br \/>\nWir sind inzwischen mit der Sea Pearl auf Moorea und haben eine richtig gute Zeit.\u00a0<br \/>\nWeil auch du ja vermutlich oft nur was von den Kunden h\u00f6rst, wenn etwas nicht l\u00e4uft, von uns mal etwas anderes.\u00a0<\/p>\n<p>Unser s\u2018Peterle hat wirklich wirklich gut und hart gearbeitet und uns wunderbar \u00fcber den Pazifik und auch auf den l\u00e4ngeren Passagen zwischen den Marquesas und den Tuamotus und innerhalb der Tuamotus gesteuert. Nach dem Einstellen sind wir immer noch ein wenig nerv\u00f6s wie es denn steuert, aber es macht einfach was es soll.\u00a0<\/p>\n<p>Und im aktuellen YouTube Video \u00fcber die Pazifik\u00fcberquerung sieht du s\u2018Peterle auch ganz viel in Aktion Ohne die gute Steuerleistung von s\u2018Peterle h\u00e4tten wir wohl auch kaum die 18 Tage und 4 Stunden f\u00fcr 3100 Meilen gerockt.\u00a0<\/p>\n<p>Ganz liebe Gr\u00fc\u00dfe in die Heimat\u00a0<br \/>\nLuisa und Matthias\u00a0<\/p><\/blockquote>\n<p>Ich hege und pflege unz\u00e4hlige Kontakte zu den Seglern rund um den Spielball, der auch zu meiner Spielwiese geworden ist. Die Besonderheit des Umgangs mit Luisa und Matthias ist in den sonnt\u00e4glichen Videobotschaften regelm\u00e4ssiger Berichterstattung ihrer Weltumsegelung ausgedr\u00fcckt. Hier wird die Weltreise eines in Harmonie und innig einander verbundenen jungen Paares reflektiert, die nicht nur den daheimgebliebenen Omas, Opas und treu sorgenden Verwandten eine Teilhabe an dieser Reise erm\u00f6glicht, hier wird einer Unzahl von Menschen mit Sehnsucht nach den Palmen vorgelebt, wie einfach so eine Reise zu realisieren ist, wenn man doch nur loszufahren bereit und in der Lage ist. <a href=\"https:\/\/www.youtube.com\/@sailing_seapearl\">Ein Video Kanal<\/a>, der keinesfalls Sensationen und gef\u00e4hrliche Herausforderungen dazustellen sucht, hingegen in ruhigen Bildern das Segeln in seiner sch\u00f6nsten Form darstellt, explizit, wenn oder weil hier zwei jungen Menschen unterwegs, die ihr Berufsleben f\u00fcr einen Zeitraum von zwei vollen Jahren unterbrochen haben, um hernach, mit einem ganzen Seesack voller Erlebnisse, vermutlich breit grinsend, wieder in den beruflichen Alltag einzutauchen. Wohlgemerkt, beide besitzen die volle Wertsch\u00e4tzung ihrer Arbeitgeber, die sich vermutlich, wenngleich auch aus leicht anderen Motiven, auf den beruflichen Wiedereinstieg dieser Beiden freuen. Eine bessere Best\u00e4tigung und Motivation zu weiterer Zusammenarbeit erscheint kaum denkbar. Und einen besseren Wiedereinstieg auch nicht!<\/p>\n<p>Tja, und im Verlauf der Berichte der <em>Sea Pearl<\/em> als W\u00fcstenschiff, kam mir der Gedanke, die Beiden zu fragen, wie das Leben denn weitergeht \u2026 wie der Wechsel von schaukelnden Planken in ein lautes Leben an Land, mitten im Bayernland, denn wohl praktisch zu bewerkstelligen sein wird. Gerade lief das Video vom Suezkanal, derweil die Beiden bereits in der \u00c4g\u00e4is Rezina, Feta K\u00e4se und Giros genossen haben, also bereits Richtung der letzen Kurve \u00a0zur Zielgeraden einer langen Adria vor der Nase haben. Sollte die <em>Sea Pearl<\/em> am Ende das Schicksal vieler deutscher Schiffe in mediterranen Gew\u00e4ssern teilen? Langes Warten auf ihren Chef und Muscheln am Saildrive kultivieren, derweil die Liegeplatzkosten die Konten ruinieren? Irgendwo habe ich erfahren, dass es ein Ende mit Schrecken werden k\u00f6nnte: der Verkauf der Yacht \u2026 und nahtloser \u00dcbergang zu Dirndl und Lederhosen?<\/p>\n<p>Bingo, die <em>Sea Pearl<\/em> wird am Ende der Reise im Juni 2023 verkauft. Was liegt da n\u00e4her, als den Beiden anzubieten, dies Schiff auf dem Windpilot Blog zum Kauf anzubieten? Immerhin eine unersch\u00f6pfliche Quelle von Informationen rund um das Segeln zu den Palmen, <a href=\"https:\/\/windpilot.com\/blog\/blog\/category\/yachts-for-sale\/\">inclusive fahrbarer Unters\u00e4tze<\/a>, um dort hin zu segeln? Praktischerweise w\u00e4re diese Dufour 455 ein Schiff, auf dem potentielle Segelaspiranten nur noch die Zahnb\u00fcrste, eine Flasche voll Sonnen\u00f6l sowie einen Satz woker Badew\u00e4sche mitzunehmen h\u00e4tte, denn alles andere \u2013 wirklich! &#8211; ist bereits in den Schapps erstaut. Nach der Weltumsegelung ist vor der Weltumsegelung, die Reise k\u00f6nnte bereits am n\u00e4chsten Morgen erfolgen \u2026 okay, \u00fcberspitzt gesagt!<\/p>\n<blockquote class=\"wp-embedded-content\" data-secret=\"gzA8IBOjPI\"><p><a href=\"https:\/\/windpilot.com\/blog\/blog\/yachts-for-sale\/dufour-455-grand-large-for-sale-e-150-000\/\">Dufour 455 Grand Large &#8211; SOLD<\/a><\/p><\/blockquote>\n<p><iframe loading=\"lazy\" class=\"wp-embedded-content\" sandbox=\"allow-scripts\" security=\"restricted\" style=\"position: absolute; clip: rect(1px, 1px, 1px, 1px);\" title=\"&#8222;Dufour 455 Grand Large &#8211; SOLD&#8220; &#8212; Windpilot Blog\" src=\"https:\/\/windpilot.com\/blog\/blog\/yachts-for-sale\/dufour-455-grand-large-for-sale-e-150-000\/embed\/#?secret=16GaYXcJ3B#?secret=gzA8IBOjPI\" data-secret=\"gzA8IBOjPI\" width=\"600\" height=\"338\" frameborder=\"0\" marginwidth=\"0\" marginheight=\"0\" scrolling=\"no\"><\/iframe><\/p>\n<p>Dies ist ein kostenloser long term Service des Herstellers von Heckverzierungen, der viele Segler in Bezug auf schwimmende Schw\u00e4ne ber\u00e4t, der sodann sein stilles Leben als Steuersklave im Kielwasser fr\u00f6hnt und ihnen am Ende sogar schwimmende Lasten von der Schultern hat nehmen k\u00f6nnen. Es ist mir eine Ehre \u2026 ehrlich und ungef\u00e4hrlich!<\/p>\n<p>Jedenfalls GOOD LUCK Ihr Zwei, aber das habt Ihr bereits, wenn Ihr einander in die Augen seht!<\/p>\n<p>Allerbest aus Hamburg  28.05.2023<br \/>\ns\u00b4Peterle<br \/>\n<img loading=\"lazy\" decoding=\"async\" src=\"https:\/\/windpilot.com\/blog\/wp-content\/uploads\/2023\/05\/Picnic-300x225.jpeg\" alt=\"\" width=\"300\" height=\"225\" class=\"alignleft size-medium wp-image-29520\" srcset=\"https:\/\/windpilot.com\/blog\/wp-content\/uploads\/2023\/05\/Picnic-300x225.jpeg 300w, https:\/\/windpilot.com\/blog\/wp-content\/uploads\/2023\/05\/Picnic-1024x768.jpeg 1024w, https:\/\/windpilot.com\/blog\/wp-content\/uploads\/2023\/05\/Picnic-768x576.jpeg 768w, https:\/\/windpilot.com\/blog\/wp-content\/uploads\/2023\/05\/Picnic.jpeg 1280w\" sizes=\"auto, (max-width: 300px) 100vw, 300px\" \/><\/p>\n","protected":false},"excerpt":{"rendered":"<p>DREIECKSVERH\u00c4LTNIS BEI WELTUMSEGELUNG Es begann, wie es so h\u00e4ufig beginnt, wir hatten Mail Verkehr in Sachen Steuerbefreiung, meinem t\u00e4glichen Brot, das mir immer noch nicht langweilig geworden, weil Menschen so unterschiedlich und meine Neugierde unersch\u00f6pflich, weshalb ich einfach immer weiter &hellip; <a href=\"https:\/\/windpilot.com\/blog\/portraits\/luisa-matthias-werb\/\">Weiterlesen <span class=\"meta-nav\">&rarr;<\/span><\/a><\/p>\n","protected":false},"author":1,"featured_media":0,"parent":28252,"menu_order":-6,"comment_status":"open","ping_status":"closed","template":"","meta":{"footnotes":""},"class_list":["post-29510","page","type-page","status-publish","hentry"],"_links":{"self":[{"href":"https:\/\/windpilot.com\/blog\/wp-json\/wp\/v2\/pages\/29510","targetHints":{"allow":["GET"]}}],"collection":[{"href":"https:\/\/windpilot.com\/blog\/wp-json\/wp\/v2\/pages"}],"about":[{"href":"https:\/\/windpilot.com\/blog\/wp-json\/wp\/v2\/types\/page"}],"author":[{"embeddable":true,"href":"https:\/\/windpilot.com\/blog\/wp-json\/wp\/v2\/users\/1"}],"replies":[{"embeddable":true,"href":"https:\/\/windpilot.com\/blog\/wp-json\/wp\/v2\/comments?post=29510"}],"version-history":[{"count":20,"href":"https:\/\/windpilot.com\/blog\/wp-json\/wp\/v2\/pages\/29510\/revisions"}],"predecessor-version":[{"id":29549,"href":"https:\/\/windpilot.com\/blog\/wp-json\/wp\/v2\/pages\/29510\/revisions\/29549"}],"up":[{"embeddable":true,"href":"https:\/\/windpilot.com\/blog\/wp-json\/wp\/v2\/pages\/28252"}],"wp:attachment":[{"href":"https:\/\/windpilot.com\/blog\/wp-json\/wp\/v2\/media?parent=29510"}],"curies":[{"name":"wp","href":"https:\/\/api.w.org\/{rel}","templated":true}]}}