{"id":29924,"date":"2023-08-15T01:51:52","date_gmt":"2023-08-15T08:51:52","guid":{"rendered":"https:\/\/windpilot.com\/blog\/?page_id=29924"},"modified":"2023-08-15T01:51:52","modified_gmt":"2023-08-15T08:51:52","slug":"greg-kruegermann","status":"publish","type":"page","link":"https:\/\/windpilot.com\/blog\/portraits\/greg-kruegermann\/","title":{"rendered":"Greg Kruegermann"},"content":{"rendered":"<p><strong>AUSWANDERERGESCHICHTEN \u2013 R\u00dcCKW\u00c4RTS ERZ\u00c4HLT<\/strong><br \/>\n<strong>KRUEGERMANN PICKLES &#038; SAUERKRAUT \u2013 SOLD OUT<\/strong><br \/>\n<img loading=\"lazy\" decoding=\"async\" src=\"https:\/\/windpilot.com\/blog\/wp-content\/uploads\/2023\/08\/Salto-1024x768.jpg\" alt=\"\" width=\"640\" height=\"480\" class=\"aligncenter size-large wp-image-29926\" srcset=\"https:\/\/windpilot.com\/blog\/wp-content\/uploads\/2023\/08\/Salto-1024x768.jpg 1024w, https:\/\/windpilot.com\/blog\/wp-content\/uploads\/2023\/08\/Salto-300x225.jpg 300w, https:\/\/windpilot.com\/blog\/wp-content\/uploads\/2023\/08\/Salto-768x576.jpg 768w, https:\/\/windpilot.com\/blog\/wp-content\/uploads\/2023\/08\/Salto-1536x1152.jpg 1536w, https:\/\/windpilot.com\/blog\/wp-content\/uploads\/2023\/08\/Salto.jpg 2048w\" sizes=\"auto, (max-width: 640px) 100vw, 640px\" \/>Eine Auswanderer Geschichte, die mit dem Bau der Mauer in Berlin im Jahre 1961 angefangen, und in 2023 zu ende gegangen ist. Kurt und Helga Kruegermann haben damals ihre Heimat im Spreewald verlassen, sind mit ihren dreij\u00e4hrigen Sohn Gregor nach Los Angeles ausgewandert, um dort das zu machen, was sie am besten konnten: Sauerkraut und Gurken nach alten Familienrezepturen. Und ihre insgesamt drei S\u00f6hne grosszuziehen, von denen einer durch tragischen Flugzeugabsturz ums Leben gekommen ist. Greg\u00b4s Onkel Ernst Kruegermann produziert, zwischenzeitlich in 5ter Generation, in L\u00fcbbenau. Wie sein Bruder <a href=\"https:\/\/www.kruegermann.de\/Ueber-uns\/Firmenportrait.html\">Kurt in LA<\/a> dereinst bemerkte: ich kann nix anderes als Sauerkraut und Gurken.<\/p>\n<p>Wer schon immer mal wissen wollte, wie dies deutsche Nationalgericht hergestellt wird, hier der Einblick in die Fabrik der Kruegermanns in Los Angeles.<br \/>\n<iframe loading=\"lazy\" width=\"560\" height=\"315\" src=\"https:\/\/www.youtube.com\/embed\/oIfcxSpKg3s\" title=\"YouTube video player\" frameborder=\"0\" allow=\"accelerometer; autoplay; clipboard-write; encrypted-media; gyroscope; picture-in-picture; web-share\" allowfullscreen><\/iframe><\/p>\n<p>Mit deutschen Fleiss ist es der Familie Kruegermann gelungen, in der Neuen Welt zu Wohlstand zu gelangen, ein Dornen gepflasterter Weg, der in Kalifornien eine Bresche f\u00fcr deutsche Esskultur geschlagen und der Konkurrenz Lehren erteilt hat. Es ist dem Zusammenhalt der Familie \u00fcber die Generationen geschuldet, dass man zu Erfolg gekommen ist, was ja bemerkenswert und keineswegs selbstverst\u00e4ndlich ist. Kurt wird demn\u00e4chst 92, Helga ist vor kurzem leider verstorben. Im M\u00e4rz 2020 wurde im <a href=\"https:\/\/beckersblog.de\/2020\/03\/31\/schatten-ueberm-sonnenstaat-wie-ex-luebbenauer-die-krise-erleben\/\">Spreewaldblog<\/a> ein Interview von Helga und Kurt Kruegermann publiziert, das die Stimmung und Umgebung in Los Angeles im Verlauf von Corona bemerkenswert spiegelt.<br \/>\n<img loading=\"lazy\" decoding=\"async\" src=\"https:\/\/windpilot.com\/blog\/wp-content\/uploads\/2023\/08\/PDoroGreg-1997-Kopie.jpg\" alt=\"\" width=\"876\" height=\"596\" class=\"aligncenter size-full wp-image-29928\" srcset=\"https:\/\/windpilot.com\/blog\/wp-content\/uploads\/2023\/08\/PDoroGreg-1997-Kopie.jpg 876w, https:\/\/windpilot.com\/blog\/wp-content\/uploads\/2023\/08\/PDoroGreg-1997-Kopie-300x204.jpg 300w, https:\/\/windpilot.com\/blog\/wp-content\/uploads\/2023\/08\/PDoroGreg-1997-Kopie-768x523.jpg 768w\" sizes=\"auto, (max-width: 876px) 100vw, 876px\" \/>Was hat das mit Windpilot zu tun? Dies ist eine weitere Auswanderer Geschichte, denn es f\u00fcgte sich vor ca 28 Jahren ein wundersames Puzzle zusammen. Doro (Dorothee Etz) war mit ihrem damaligen Freund Thomas M\u00fcller auf grosse Reise gegangen, mein Steuersklave war dabei, hat alles beobachtet und nat\u00fcrlich auch gesteuert. Nach einigen Jahren im Pazifik ist die Liaison im Jahre 1995 zu einem Ende gekommen, in dessen Folge Thomas Jahre sp\u00e4ter, und nach einer weiteren Runde mit der SV Miz Mae, sich mit seiner neuen Partnerin Lilly in Whangarei niedergelasssen hat, um dort Rigging Services anzubieten.<br \/>\nDoro ist in 1995 von Vantuatu kommend \u00fcber Los Angeles in die Heimat zur\u00fcckgekehrt. Das Leben wollte weitergehen. Es f\u00fcgte sich eine weitere sch\u00f6ne Geschichte, die Greg\u00b4s Buddy Jimmy aus LA dereinst trefflich erz\u00e4hlte:<br \/>\n<img loading=\"lazy\" decoding=\"async\" src=\"https:\/\/windpilot.com\/blog\/wp-content\/uploads\/2023\/08\/IMG_0807-1024x768.jpeg\" alt=\"\" width=\"640\" height=\"480\" class=\"aligncenter size-large wp-image-29930\" srcset=\"https:\/\/windpilot.com\/blog\/wp-content\/uploads\/2023\/08\/IMG_0807-1024x768.jpeg 1024w, https:\/\/windpilot.com\/blog\/wp-content\/uploads\/2023\/08\/IMG_0807-300x225.jpeg 300w, https:\/\/windpilot.com\/blog\/wp-content\/uploads\/2023\/08\/IMG_0807-768x576.jpeg 768w, https:\/\/windpilot.com\/blog\/wp-content\/uploads\/2023\/08\/IMG_0807.jpeg 1280w\" sizes=\"auto, (max-width: 640px) 100vw, 640px\" \/><\/p>\n<blockquote><p>For several years, for my monthly appointment with a client in Las Vegas my son John would drop me off at the Southwest Airline Terminal LA in the moring. An early flight out and another later in the evening to fly back. The routine was simple: I would call from the airport and John would pick me up within 10 minutes.<\/p>\n<p>One evening in 1995 he did not answer his phone. So I wnet outside the terminal to have a smoke. I aksed a young woman for a light. She answered with a strange german accent. Si I switched to the german language. Her Name: Dorothee Etz. We had one more thing that just the german language in common: She is a sailor, who had sailed from Northern Europe via Casablance, the Caribbean, through the Panama Canal, via Galapagos, Tahiti, Tonga to New Zealand. For 4 years she was First mate&#038; Hostess to scuba-diving and fishing clients on a 65 ft Sailboat on the Islands of Vanuatu and South Pacific.<\/p>\n<p>The day I met her she had just flown in from Vanuatu, on her way to Boston to visit friends there. I gave her my phone number and told her to call me when she came back to Los Angeles.<br \/>\n<img loading=\"lazy\" decoding=\"async\" src=\"https:\/\/windpilot.com\/blog\/wp-content\/uploads\/2023\/08\/IMG_0806-768x1024.jpeg\" alt=\"\" width=\"640\" height=\"853\" class=\"aligncenter size-large wp-image-29935\" srcset=\"https:\/\/windpilot.com\/blog\/wp-content\/uploads\/2023\/08\/IMG_0806-768x1024.jpeg 768w, https:\/\/windpilot.com\/blog\/wp-content\/uploads\/2023\/08\/IMG_0806-225x300.jpeg 225w, https:\/\/windpilot.com\/blog\/wp-content\/uploads\/2023\/08\/IMG_0806-rotated.jpeg 960w\" sizes=\"auto, (max-width: 640px) 100vw, 640px\" \/>About five months later she called me, Miss ETZ. I arranged for a hotel room nad met her at the Airport. The next day, we went to Universal Stdios, Tuesday to the Queen Mary in Long Island followed by a dinner at Alpine Village. Wednesday I took her to the San Diego Zoo. On Thursday we decided to go sailing. After I docked the boat I called my buddy Greg Kruegermann whose boat was just a few yards away, to come over and meet this nice woman. That is the end of this chapter of the story.<\/p>\n<p>The next thing I know they both sailed off to Catalina Island that weekend. She was tickled pink when they returned on Sunday.<br \/>\n<img loading=\"lazy\" decoding=\"async\" src=\"https:\/\/windpilot.com\/blog\/wp-content\/uploads\/2023\/08\/IMG_0808-768x1024.jpeg\" alt=\"\" width=\"640\" height=\"853\" class=\"aligncenter size-large wp-image-29937\" srcset=\"https:\/\/windpilot.com\/blog\/wp-content\/uploads\/2023\/08\/IMG_0808-768x1024.jpeg 768w, https:\/\/windpilot.com\/blog\/wp-content\/uploads\/2023\/08\/IMG_0808-225x300.jpeg 225w, https:\/\/windpilot.com\/blog\/wp-content\/uploads\/2023\/08\/IMG_0808-rotated.jpeg 960w\" sizes=\"auto, (max-width: 640px) 100vw, 640px\" \/>Two years later they were married. Their daughter Kristina was born in May 2000 and their son Eric in September 2002. Both beautiful children. This is a true fairy tale.<br \/>\n<img loading=\"lazy\" decoding=\"async\" src=\"https:\/\/windpilot.com\/blog\/wp-content\/uploads\/2023\/08\/IMG_0809-225x300.jpeg\" alt=\"\" width=\"225\" height=\"300\" class=\"alignleft size-medium wp-image-29938\" srcset=\"https:\/\/windpilot.com\/blog\/wp-content\/uploads\/2023\/08\/IMG_0809-225x300.jpeg 225w, https:\/\/windpilot.com\/blog\/wp-content\/uploads\/2023\/08\/IMG_0809-768x1024.jpeg 768w, https:\/\/windpilot.com\/blog\/wp-content\/uploads\/2023\/08\/IMG_0809-rotated.jpeg 960w\" sizes=\"auto, (max-width: 225px) 100vw, 225px\" \/><br \/>\nHad I not asked for a light for my cigarette those children would not be.<br \/>\nSo smoking is not always bad.<br \/>\nJimmy<\/p><\/blockquote>\n<p><img loading=\"lazy\" decoding=\"async\" src=\"https:\/\/windpilot.com\/blog\/wp-content\/uploads\/2023\/08\/IMG950344-Kopie-1024x768.jpg\" alt=\"\" width=\"640\" height=\"480\" class=\"aligncenter size-large wp-image-29944\" srcset=\"https:\/\/windpilot.com\/blog\/wp-content\/uploads\/2023\/08\/IMG950344-Kopie-1024x768.jpg 1024w, https:\/\/windpilot.com\/blog\/wp-content\/uploads\/2023\/08\/IMG950344-Kopie-300x225.jpg 300w, https:\/\/windpilot.com\/blog\/wp-content\/uploads\/2023\/08\/IMG950344-Kopie-768x576.jpg 768w, https:\/\/windpilot.com\/blog\/wp-content\/uploads\/2023\/08\/IMG950344-Kopie-1536x1152.jpg 1536w, https:\/\/windpilot.com\/blog\/wp-content\/uploads\/2023\/08\/IMG950344-Kopie.jpg 2048w\" sizes=\"auto, (max-width: 640px) 100vw, 640px\" \/>Greg ( 65 ) und sein Bruder Karl ( 63 ) haben k\u00fcrzlich in 2023 den Produktionsbetrieb eingestellt, um nach Jahrzehnten im beruflichen Dauereinsatz &#8211; besser Dauerlauf! &#8211; das Leben in einem anderen Modus zu erkunden, mit mehr Ruhe und ohne Zeitpeitsche, was bei Familienbetrieben der Standard zu sein scheint, nicht nur in California. <\/p>\n<p>Doro und Greg haben sich vor 10 Jahren getrennt, ein jeder ist eigene Wege gegangen, sie haben allerdings die gemeinsamen Kinder weise gemeinsam ins Leben begleitet, bis heute. Was ja keinesfalls selbstverst\u00e4ndlich ist.<br \/>\n<img loading=\"lazy\" decoding=\"async\" src=\"https:\/\/windpilot.com\/blog\/wp-content\/uploads\/2023\/08\/0819192034b_resized-Kopie-1024x576.jpeg\" alt=\"\" width=\"640\" height=\"360\" class=\"aligncenter size-large wp-image-29945\" srcset=\"https:\/\/windpilot.com\/blog\/wp-content\/uploads\/2023\/08\/0819192034b_resized-Kopie-1024x576.jpeg 1024w, https:\/\/windpilot.com\/blog\/wp-content\/uploads\/2023\/08\/0819192034b_resized-Kopie-300x169.jpeg 300w, https:\/\/windpilot.com\/blog\/wp-content\/uploads\/2023\/08\/0819192034b_resized-Kopie-768x432.jpeg 768w, https:\/\/windpilot.com\/blog\/wp-content\/uploads\/2023\/08\/0819192034b_resized-Kopie.jpeg 1280w\" sizes=\"auto, (max-width: 640px) 100vw, 640px\" \/>Jedenfalls funktioniert der Zusammenhalt aller drei Kids von Greg, dessen \u00c4lteste Makala in Texas studiert, wie es besser nicht sein k\u00f6nnte.<\/p>\n<p>So hat Greg nun im Sommer 2023 seinen Sohn Eric in Oslo besucht und hernach mit ihm gemeinsam den anderen Teil der <a href=\"https:\/\/www.kruegermann.de\/Ueber-uns\/Firmenportrait.html\">Kruegermann Familie im Spreewald<\/a> aufgesucht.<br \/>\n<img loading=\"lazy\" decoding=\"async\" src=\"https:\/\/windpilot.com\/blog\/wp-content\/uploads\/2023\/08\/20230701_184532-1024x768.jpeg\" alt=\"\" width=\"640\" height=\"480\" class=\"aligncenter size-large wp-image-29946\" srcset=\"https:\/\/windpilot.com\/blog\/wp-content\/uploads\/2023\/08\/20230701_184532-1024x768.jpeg 1024w, https:\/\/windpilot.com\/blog\/wp-content\/uploads\/2023\/08\/20230701_184532-300x225.jpeg 300w, https:\/\/windpilot.com\/blog\/wp-content\/uploads\/2023\/08\/20230701_184532-768x576.jpeg 768w, https:\/\/windpilot.com\/blog\/wp-content\/uploads\/2023\/08\/20230701_184532.jpeg 1280w\" sizes=\"auto, (max-width: 640px) 100vw, 640px\" \/><img loading=\"lazy\" decoding=\"async\" src=\"https:\/\/windpilot.com\/blog\/wp-content\/uploads\/2023\/08\/20230704_080256-1024x768.jpeg\" alt=\"\" width=\"640\" height=\"480\" class=\"aligncenter size-large wp-image-29947\" srcset=\"https:\/\/windpilot.com\/blog\/wp-content\/uploads\/2023\/08\/20230704_080256-1024x768.jpeg 1024w, https:\/\/windpilot.com\/blog\/wp-content\/uploads\/2023\/08\/20230704_080256-300x225.jpeg 300w, https:\/\/windpilot.com\/blog\/wp-content\/uploads\/2023\/08\/20230704_080256-768x576.jpeg 768w, https:\/\/windpilot.com\/blog\/wp-content\/uploads\/2023\/08\/20230704_080256.jpeg 1280w\" sizes=\"auto, (max-width: 640px) 100vw, 640px\" \/>Danach ist Greg im Juni zum TransPac single hand mit seiner SV Windpilot ( einer Hunter 410 ) nach Honolulu aufgebrochen, um dort seine Tochter Kristina zu besuchen. Aus dem geplanten Ausflug nach Maui ist allerdings nichts geworden, weil dort das Leben infolge verheerender Br\u00e4nde aus dem Gleichgewicht geraten ist.<br \/>\n<img loading=\"lazy\" decoding=\"async\" src=\"https:\/\/windpilot.com\/blog\/wp-content\/uploads\/2023\/08\/20230701_054548-1024x768.jpeg\" alt=\"\" width=\"640\" height=\"480\" class=\"aligncenter size-large wp-image-29948\" srcset=\"https:\/\/windpilot.com\/blog\/wp-content\/uploads\/2023\/08\/20230701_054548-1024x768.jpeg 1024w, https:\/\/windpilot.com\/blog\/wp-content\/uploads\/2023\/08\/20230701_054548-300x225.jpeg 300w, https:\/\/windpilot.com\/blog\/wp-content\/uploads\/2023\/08\/20230701_054548-768x576.jpeg 768w, https:\/\/windpilot.com\/blog\/wp-content\/uploads\/2023\/08\/20230701_054548.jpeg 1280w\" sizes=\"auto, (max-width: 640px) 100vw, 640px\" \/><img loading=\"lazy\" decoding=\"async\" src=\"https:\/\/windpilot.com\/blog\/wp-content\/uploads\/2023\/08\/20230701_142648-768x1024.jpeg\" alt=\"\" width=\"640\" height=\"853\" class=\"aligncenter size-large wp-image-29949\" srcset=\"https:\/\/windpilot.com\/blog\/wp-content\/uploads\/2023\/08\/20230701_142648-768x1024.jpeg 768w, https:\/\/windpilot.com\/blog\/wp-content\/uploads\/2023\/08\/20230701_142648-225x300.jpeg 225w, https:\/\/windpilot.com\/blog\/wp-content\/uploads\/2023\/08\/20230701_142648-rotated.jpeg 960w\" sizes=\"auto, (max-width: 640px) 100vw, 640px\" \/>Am 04.08.2023 ist die Windpilot darum zur Heimreise aufgebrochen, befindet sich derzeit mitten auf dem Pacific mit Kurs auf die Marina del Rey \/ LA, bei \u00fcberwiegend Gegenwind.<\/p>\n<p>Mit Greg und Doro verbinden mich viele gemeinsame Erlebnisse, angefangen bei der Hochzeit, die damals ein grosses Ereignis war, zumal die versammelte deutsche Community in LA zugegen gewesen ist, ein verschworener Kreis, in dem \u00fcberwiegend Deutsch gesprochen wurde. Wohingegen Greg\u00b4s sprachliche Ausrichtung astrein amerikanisch erfolgte, mit einem wundervollem Berliner Slang, der irgendwie in seinen Synapsen  h\u00e4ngengeblieben ist. Zweisprachige Telefonate sind so stets ein Hochgenu\u00df, weil man sicher sein kann, dass die Sprache ihre ganz eigenen Kapriolen hervorbringt und zum Lachen zwingt.<\/p>\n<p>Doro und Greg haben mir in den USA den R\u00fccken freigehalten, insbesondere, weil sie mir in einer Zeit unsch\u00f6ner Markteinf\u00fchrung, stets und st\u00e4ndig zur Seite gestanden haben. Wir haben wundersch\u00f6ne gemeinsame Zeiten zur Annapolis Boat Show an der Chesepeake Bay verbracht, in Oakland SFO die Gegend erkundet und den Wettbewerb ge\u00e4rgert, und in Toronto und Chikago im Winter gemeinsam in den Hotels gefroren, weil Klimaanlagen im Umkehrbetrieb stets nur lauwarme L\u00fcftchen von sich geben.<br \/>\n<img loading=\"lazy\" decoding=\"async\" src=\"https:\/\/windpilot.com\/blog\/wp-content\/uploads\/2023\/08\/Golden-Gate-low-1024x677.jpg\" alt=\"\" width=\"640\" height=\"423\" class=\"aligncenter size-large wp-image-29951\" srcset=\"https:\/\/windpilot.com\/blog\/wp-content\/uploads\/2023\/08\/Golden-Gate-low-1024x677.jpg 1024w, https:\/\/windpilot.com\/blog\/wp-content\/uploads\/2023\/08\/Golden-Gate-low-300x198.jpg 300w, https:\/\/windpilot.com\/blog\/wp-content\/uploads\/2023\/08\/Golden-Gate-low-768x508.jpg 768w, https:\/\/windpilot.com\/blog\/wp-content\/uploads\/2023\/08\/Golden-Gate-low-1536x1016.jpg 1536w, https:\/\/windpilot.com\/blog\/wp-content\/uploads\/2023\/08\/Golden-Gate-low-2048x1354.jpg 2048w\" sizes=\"auto, (max-width: 640px) 100vw, 640px\" \/><img loading=\"lazy\" decoding=\"async\" src=\"https:\/\/windpilot.com\/blog\/wp-content\/uploads\/2023\/08\/Peter-Liberty-Schnuff-kleiner-200x300.jpg\" alt=\"\" width=\"200\" height=\"300\" class=\"alignleft size-medium wp-image-29953\" srcset=\"https:\/\/windpilot.com\/blog\/wp-content\/uploads\/2023\/08\/Peter-Liberty-Schnuff-kleiner-200x300.jpg 200w, https:\/\/windpilot.com\/blog\/wp-content\/uploads\/2023\/08\/Peter-Liberty-Schnuff-kleiner-683x1024.jpg 683w, https:\/\/windpilot.com\/blog\/wp-content\/uploads\/2023\/08\/Peter-Liberty-Schnuff-kleiner-768x1152.jpg 768w, https:\/\/windpilot.com\/blog\/wp-content\/uploads\/2023\/08\/Peter-Liberty-Schnuff-kleiner-1024x1536.jpg 1024w, https:\/\/windpilot.com\/blog\/wp-content\/uploads\/2023\/08\/Peter-Liberty-Schnuff-kleiner-1365x2048.jpg 1365w, https:\/\/windpilot.com\/blog\/wp-content\/uploads\/2023\/08\/Peter-Liberty-Schnuff-kleiner-scaled.jpg 1707w\" sizes=\"auto, (max-width: 200px) 100vw, 200px\" \/><br \/>\nWindpilot hat in den USA jahrelang bis zu acht Messen p.a. best\u00fcckt, ein Horrorprogramm mit Langzeitfolgen f\u00fcr mein Konto, allerdings Bonusmeilen f\u00fcr Lusthansa Miles &#038; More, die ich am Ende allerdings habe verfallen lassen \u2026 bis heute. Was ich keineswegs bereue. Es war die Zeit, als man nahezu stets in der First hat reisen k\u00f6nnen, wenn man den richtigen Agenten bezirzte. Denn Holzklasse war nur akzeptabel, wenn man auf den langen Fl\u00fcgen nach LA zumindest eine ganze Reihe belegen konnte. Es war \u00fcbrigens die Zeit, als Rental Cars damals mit Navigation aufger\u00fcstet wurden, f\u00fcr die man allerdings noch extra zu zahlen hatte.<br \/>\n<img loading=\"lazy\" decoding=\"async\" src=\"https:\/\/windpilot.com\/blog\/wp-content\/uploads\/2023\/08\/NY-Empire-state-1024x677.jpg\" alt=\"\" width=\"640\" height=\"423\" class=\"aligncenter size-large wp-image-29952\" srcset=\"https:\/\/windpilot.com\/blog\/wp-content\/uploads\/2023\/08\/NY-Empire-state-1024x677.jpg 1024w, https:\/\/windpilot.com\/blog\/wp-content\/uploads\/2023\/08\/NY-Empire-state-300x198.jpg 300w, https:\/\/windpilot.com\/blog\/wp-content\/uploads\/2023\/08\/NY-Empire-state-768x508.jpg 768w, https:\/\/windpilot.com\/blog\/wp-content\/uploads\/2023\/08\/NY-Empire-state-1536x1016.jpg 1536w, https:\/\/windpilot.com\/blog\/wp-content\/uploads\/2023\/08\/NY-Empire-state-2048x1354.jpg 2048w\" sizes=\"auto, (max-width: 640px) 100vw, 640px\" \/>Jeden Dollarcent wert, wenn man es leid gewesen ist, mit riesigen Papierkarten auf dem Schoss im fliessenden Verkehr nicht zum Hindernis zu werden. Ein Quantensprung f\u00fcr Individual Reisende wie mich! Man fuhr wie ein local, vom Airport weg, zumal man mit m\u00fcden Augen im Abendverkehr weisse Schrift auf gr\u00fcnem Grund in den US ohnehin nur schwer erkennen konnte. Das Generalziel nach jedem Langstreckenflug hatte \u00fcberall nur einen Namen: Bett.<\/p>\n<p>Meine Markteinf\u00fchrung in der Neuen Welt h\u00e4tte ich mir gern einfacher gew\u00fcnscht, denn es kam in Florida recht besonders dick.<\/p>\n<blockquote class=\"wp-embedded-content\" data-secret=\"S4ZGiYx1io\"><p><a href=\"https:\/\/windpilot.com\/blog\/columns\/peter-der-markt\/windpilot\/windpilot-usa\/\">Windpilot USA<\/a><\/p><\/blockquote>\n<p><iframe loading=\"lazy\" class=\"wp-embedded-content\" sandbox=\"allow-scripts\" security=\"restricted\" style=\"position: absolute; clip: rect(1px, 1px, 1px, 1px);\" title=\"&#8222;Windpilot USA&#8220; &#8212; Windpilot Blog\" src=\"https:\/\/windpilot.com\/blog\/columns\/peter-der-markt\/windpilot\/windpilot-usa\/embed\/#?secret=PEKNtClYqU#?secret=S4ZGiYx1io\" data-secret=\"S4ZGiYx1io\" width=\"600\" height=\"338\" frameborder=\"0\" marginwidth=\"0\" marginheight=\"0\" scrolling=\"no\"><\/iframe><\/p>\n<p>War eine free 800 number in den USA damals der elegante Einstieg in die Gesch\u00e4fte, so hat sich im Verlauf der Zeit diese Notwendigkeit von selbst erledigt. Unvergessen, wie wir in einem Rental House direkt an der Chesepeake Bay des abends immer erst die Telefonleitung triggern mussten, um am Ende dann unsere Mails zu versenden. Ich habe lange Jahre lieber von meinem Journalistenausweis Gebrauch gemacht, um in den Lounges der Messen meine Post zu erledigen.<br \/>\n<img loading=\"lazy\" decoding=\"async\" src=\"https:\/\/windpilot.com\/blog\/wp-content\/uploads\/2023\/08\/0120191327b_HDR_resized-Kopie-e1692089414174-1024x576.jpg\" alt=\"\" width=\"640\" height=\"360\" class=\"aligncenter size-large wp-image-29958\" srcset=\"https:\/\/windpilot.com\/blog\/wp-content\/uploads\/2023\/08\/0120191327b_HDR_resized-Kopie-e1692089414174-1024x576.jpg 1024w, https:\/\/windpilot.com\/blog\/wp-content\/uploads\/2023\/08\/0120191327b_HDR_resized-Kopie-e1692089414174-300x169.jpg 300w, https:\/\/windpilot.com\/blog\/wp-content\/uploads\/2023\/08\/0120191327b_HDR_resized-Kopie-e1692089414174-768x432.jpg 768w, https:\/\/windpilot.com\/blog\/wp-content\/uploads\/2023\/08\/0120191327b_HDR_resized-Kopie-e1692089414174-1536x864.jpg 1536w, https:\/\/windpilot.com\/blog\/wp-content\/uploads\/2023\/08\/0120191327b_HDR_resized-Kopie-e1692089414174-2048x1152.jpg 2048w\" sizes=\"auto, (max-width: 640px) 100vw, 640px\" \/><br \/>\nGreg wird in der Zukunft vermutlich viel Zeit mit seiner Freundin Ariana verbringen. Der Plan: Mexiko, das Land, in dem er lebenslang Weisskohl f\u00fcr Sauerkraut produzierte, somit alle sch\u00f6nen Ecken nun unter weissen Segeln erkunden m\u00f6chte. Die Sprache immerhin hat er fliessend.<\/p>\n<p>Heute betreue ich meine US Kunden vorzugsweise vom Sofa, auf dem ich meist sitze, wenn die Segler dort dr\u00fcben an den Rechnern sitzen \u2026 mitten am Tage. Und Skype vermeide ich, weil ich dann ja erst den Bademantel auszuziehen haette. Aber das will ich nicht. <\/p>\n<p>Und so fuegt sich das US Gesch\u00e4ft harmonisch in mein Leben ein, als wenn es niemals anders gewesen w\u00e4re. Mein US Office ist ein schickes Gadget f\u00fcr die Business Card, sogar die Kontakte sind noch lebendig \u2026 aber die Realit\u00e4t findet im direkten Dialog zwischen Segler und dem windigen Piloten statt, da kann Greg\u00b4gern in Ruhe segeln gehen, derweil ich, als wenn nix gewesen w\u00e4re &#8230; weitermache.<\/p>\n<p>Hamburg 14.08.2023<br \/>\nPeter Foerthmann<br \/>\n<img loading=\"lazy\" decoding=\"async\" src=\"https:\/\/windpilot.com\/blog\/wp-content\/uploads\/2023\/08\/Picnic-300x225.jpeg\" alt=\"\" width=\"300\" height=\"225\" class=\"alignleft size-medium wp-image-29956\" srcset=\"https:\/\/windpilot.com\/blog\/wp-content\/uploads\/2023\/08\/Picnic-300x225.jpeg 300w, https:\/\/windpilot.com\/blog\/wp-content\/uploads\/2023\/08\/Picnic-1024x768.jpeg 1024w, https:\/\/windpilot.com\/blog\/wp-content\/uploads\/2023\/08\/Picnic-768x576.jpeg 768w, https:\/\/windpilot.com\/blog\/wp-content\/uploads\/2023\/08\/Picnic.jpeg 1280w\" sizes=\"auto, (max-width: 300px) 100vw, 300px\" \/><\/p>\n","protected":false},"excerpt":{"rendered":"<p>AUSWANDERERGESCHICHTEN \u2013 R\u00dcCKW\u00c4RTS ERZ\u00c4HLT KRUEGERMANN PICKLES &#038; SAUERKRAUT \u2013 SOLD OUT Eine Auswanderer Geschichte, die mit dem Bau der Mauer in Berlin im Jahre 1961 angefangen, und in 2023 zu ende gegangen ist. Kurt und Helga Kruegermann haben damals ihre &hellip; <a href=\"https:\/\/windpilot.com\/blog\/portraits\/greg-kruegermann\/\">Weiterlesen <span class=\"meta-nav\">&rarr;<\/span><\/a><\/p>\n","protected":false},"author":1,"featured_media":0,"parent":28252,"menu_order":-8,"comment_status":"open","ping_status":"closed","template":"","meta":{"footnotes":""},"class_list":["post-29924","page","type-page","status-publish","hentry"],"_links":{"self":[{"href":"https:\/\/windpilot.com\/blog\/wp-json\/wp\/v2\/pages\/29924","targetHints":{"allow":["GET"]}}],"collection":[{"href":"https:\/\/windpilot.com\/blog\/wp-json\/wp\/v2\/pages"}],"about":[{"href":"https:\/\/windpilot.com\/blog\/wp-json\/wp\/v2\/types\/page"}],"author":[{"embeddable":true,"href":"https:\/\/windpilot.com\/blog\/wp-json\/wp\/v2\/users\/1"}],"replies":[{"embeddable":true,"href":"https:\/\/windpilot.com\/blog\/wp-json\/wp\/v2\/comments?post=29924"}],"version-history":[{"count":17,"href":"https:\/\/windpilot.com\/blog\/wp-json\/wp\/v2\/pages\/29924\/revisions"}],"predecessor-version":[{"id":29961,"href":"https:\/\/windpilot.com\/blog\/wp-json\/wp\/v2\/pages\/29924\/revisions\/29961"}],"up":[{"embeddable":true,"href":"https:\/\/windpilot.com\/blog\/wp-json\/wp\/v2\/pages\/28252"}],"wp:attachment":[{"href":"https:\/\/windpilot.com\/blog\/wp-json\/wp\/v2\/media?parent=29924"}],"curies":[{"name":"wp","href":"https:\/\/api.w.org\/{rel}","templated":true}]}}