{"id":30009,"date":"2023-08-28T04:21:31","date_gmt":"2023-08-28T11:21:31","guid":{"rendered":"https:\/\/windpilot.com\/blog\/?page_id=30009"},"modified":"2023-08-28T21:16:42","modified_gmt":"2023-08-29T04:16:42","slug":"antje-ingo-paulus","status":"publish","type":"page","link":"https:\/\/windpilot.com\/blog\/portraits\/antje-ingo-paulus\/","title":{"rendered":"Antje + Ingo Paulus"},"content":{"rendered":"<p><strong>REVISION DER THALASSA IN DEN KANAREN<\/strong><br \/>\n<img loading=\"lazy\" decoding=\"async\" src=\"https:\/\/windpilot.com\/blog\/wp-content\/uploads\/2023\/08\/Bobby-kl-1024x885.jpg\" alt=\"\" width=\"640\" height=\"553\" class=\"aligncenter size-large wp-image-30011\" srcset=\"https:\/\/windpilot.com\/blog\/wp-content\/uploads\/2023\/08\/Bobby-kl-1024x885.jpg 1024w, https:\/\/windpilot.com\/blog\/wp-content\/uploads\/2023\/08\/Bobby-kl-300x259.jpg 300w, https:\/\/windpilot.com\/blog\/wp-content\/uploads\/2023\/08\/Bobby-kl-768x663.jpg 768w, https:\/\/windpilot.com\/blog\/wp-content\/uploads\/2023\/08\/Bobby-kl.jpg 1264w\" sizes=\"auto, (max-width: 640px) 100vw, 640px\" \/>Wenn Ausdauer, Mut und Disziplin zusammen kommen, ein Projekt in Angriff zu nehmen, dessen Ausgang man zuvor nicht geahnt, dabei mit erkennbar guter Laune und fr\u00f6hlichem Gesicht in Harmonie und Einigkeit bis zum Ende durchgehalten hat, kann man sich vor den Akteuren nur tief verneigen. Donnerwetter und Respekt \u2026 wobei ich mich frage, ob diese Arbeit auf den Kanaren vielleicht auch ein wenig Spass gemacht, anstatt voller Ernst \u2013 im Sinne von qualvoller Marter &#8211; gewesen ist, weil der Unterschied zu einer Aktion im nassen Norden doch einigermassen eklatant geraten w\u00e4re. Nur so ein kleiner schneller Zwischengedanke! Zum besseren Verst\u00e4ndnis: ich habe im Verlauf von 35 Jahren meine regelm\u00e4\u00dfigen Aufenthalte auf den Kanaren stets immer als Spassvergn\u00fcgen betrachtet, auch wenn mir der Schweiss beidseitig in die Schuhe gelaufen ist. Alles eine Frage des Standpunktes! Antje und Ingo Paulus jedenfalls haben ein ganzes Jahr damit verbracht, die Thalassa in den Kanaren wieder auf die Beine zu stellen, sublimiert betrachtet! Nun sind sie fertig! Vielleicht ein sch\u00f6ner Grund, an dieser Stelle mal eine Geschichte zu erz\u00e4hlen, die schon lange darauf lauert, einmal erz\u00e4hlt zu werden.<br \/>\n<img loading=\"lazy\" decoding=\"async\" src=\"https:\/\/windpilot.com\/blog\/wp-content\/uploads\/2023\/08\/BobbyCarla-1024x682.jpeg\" alt=\"\" width=\"640\" height=\"426\" class=\"aligncenter size-large wp-image-30013\" srcset=\"https:\/\/windpilot.com\/blog\/wp-content\/uploads\/2023\/08\/BobbyCarla-1024x682.jpeg 1024w, https:\/\/windpilot.com\/blog\/wp-content\/uploads\/2023\/08\/BobbyCarla-300x200.jpeg 300w, https:\/\/windpilot.com\/blog\/wp-content\/uploads\/2023\/08\/BobbyCarla-768x512.jpeg 768w, https:\/\/windpilot.com\/blog\/wp-content\/uploads\/2023\/08\/BobbyCarla.jpeg 1280w\" sizes=\"auto, (max-width: 640px) 100vw, 640px\" \/>Es handelt sich um die Geschichte der Metamorphose eines bekannten Segler\u00b4s vom Mono- zum Multihull Segler: Bobby Schenk wurde vor ca 23 Jahren in Les Sables \u201eumgen\u00e4ht\u201c, weil er dort eigentlich ein ganz anderes Schiff hatte kaufen wollen. Aber, der Reihe nach.<br \/>\n<img loading=\"lazy\" decoding=\"async\" src=\"https:\/\/windpilot.com\/blog\/wp-content\/uploads\/2023\/08\/P1010229-1024x768.jpg\" alt=\"\" width=\"640\" height=\"480\" class=\"aligncenter size-large wp-image-30014\" srcset=\"https:\/\/windpilot.com\/blog\/wp-content\/uploads\/2023\/08\/P1010229-1024x768.jpg 1024w, https:\/\/windpilot.com\/blog\/wp-content\/uploads\/2023\/08\/P1010229-300x225.jpg 300w, https:\/\/windpilot.com\/blog\/wp-content\/uploads\/2023\/08\/P1010229-768x576.jpg 768w, https:\/\/windpilot.com\/blog\/wp-content\/uploads\/2023\/08\/P1010229-1536x1152.jpg 1536w, https:\/\/windpilot.com\/blog\/wp-content\/uploads\/2023\/08\/P1010229-2048x1536.jpg 2048w\" sizes=\"auto, (max-width: 640px) 100vw, 640px\" \/>Ich bin Antje und Ingo Paulus in Sympathie verbunden, nicht nur, weil sie mit dem politisch korrektem Steuersklaven am Heck unterwegs gewesen sind, sondern auch bei der Wahl des Schiffes mein Herz getroffen haben. Denn mit Hanseat Yachten verbindet mich eine lange Geschichte mit vielen Facetten, fing bei Willy Asmus an, als er noch kraftvoll \u2013 und laut! &#8211; in Gl\u00fcckstadt auf seiner Asmus Werft das Regiment gef\u00fchrt hat. Danach gab es mit seinem Sohn Heiner ein paar kleinere Scharm\u00fctzel, wobei es stets um pers\u00f6nliche Wertsch\u00f6pfung gegangen ist. Gleichwohl hatten die so wundervoll solide gebauten Schiffe in meinem Herzen stets einen dicken Stein im Brett.<br \/>\n<img loading=\"lazy\" decoding=\"async\" src=\"https:\/\/windpilot.com\/blog\/wp-content\/uploads\/2023\/08\/TOTALE-1024x685.jpg\" alt=\"\" width=\"640\" height=\"428\" class=\"aligncenter size-large wp-image-30015\" srcset=\"https:\/\/windpilot.com\/blog\/wp-content\/uploads\/2023\/08\/TOTALE-1024x685.jpg 1024w, https:\/\/windpilot.com\/blog\/wp-content\/uploads\/2023\/08\/TOTALE-300x201.jpg 300w, https:\/\/windpilot.com\/blog\/wp-content\/uploads\/2023\/08\/TOTALE-768x514.jpg 768w, https:\/\/windpilot.com\/blog\/wp-content\/uploads\/2023\/08\/TOTALE-1536x1028.jpg 1536w, https:\/\/windpilot.com\/blog\/wp-content\/uploads\/2023\/08\/TOTALE.jpg 1700w\" sizes=\"auto, (max-width: 640px) 100vw, 640px\" \/><img loading=\"lazy\" decoding=\"async\" src=\"https:\/\/windpilot.com\/blog\/wp-content\/uploads\/2023\/08\/Hanseat70-totale-300x196.jpg\" alt=\"\" width=\"300\" height=\"196\" class=\"alignleft size-medium wp-image-30017\" srcset=\"https:\/\/windpilot.com\/blog\/wp-content\/uploads\/2023\/08\/Hanseat70-totale-300x196.jpg 300w, https:\/\/windpilot.com\/blog\/wp-content\/uploads\/2023\/08\/Hanseat70-totale-1024x669.jpg 1024w, https:\/\/windpilot.com\/blog\/wp-content\/uploads\/2023\/08\/Hanseat70-totale-768x502.jpg 768w, https:\/\/windpilot.com\/blog\/wp-content\/uploads\/2023\/08\/Hanseat70-totale-1536x1003.jpg 1536w, https:\/\/windpilot.com\/blog\/wp-content\/uploads\/2023\/08\/Hanseat70-totale-2048x1337.jpg 2048w\" sizes=\"auto, (max-width: 300px) 100vw, 300px\" \/>Ich war nimmersatt, habe immerhin drei Hanseaten in Folge besessen, habe meine WINDPILOT ( Hanseat 70 BII ) mit Liebe, Begeisterung und v\u00f6llig aberwitzig unwirtschaftlichem Einsatz in einer Form hochger\u00fcstet, wie man es nur zu Stande bringt, wenn im Kopf \u201eeine Schraube locker ist\u201c ( O-Ton einer Dame, deren Name mir entfallen ist! ). <\/p>\n<blockquote class=\"wp-embedded-content\" data-secret=\"10ivKEBUrF\"><p><a href=\"https:\/\/windpilot.com\/blog\/biography\/deutsch-peter%c2%b4s-flotte-2\/\">Peter\u00b4s Flotte #2<\/a><\/p><\/blockquote>\n<p><iframe loading=\"lazy\" class=\"wp-embedded-content\" sandbox=\"allow-scripts\" security=\"restricted\" style=\"position: absolute; clip: rect(1px, 1px, 1px, 1px);\" title=\"&#8222;Peter\u00b4s Flotte #2&#8220; &#8212; Windpilot Blog\" src=\"https:\/\/windpilot.com\/blog\/biography\/deutsch-peter%c2%b4s-flotte-2\/embed\/#?secret=9XIMjOadZg#?secret=10ivKEBUrF\" data-secret=\"10ivKEBUrF\" width=\"600\" height=\"338\" frameborder=\"0\" marginwidth=\"0\" marginheight=\"0\" scrolling=\"no\"><\/iframe><\/p>\n<p>Ich habe das allerdings nie bereut \u2026 und zu lockeren Schrauben besitze ich eine Affinit\u00e4t, denn sie sind Teil meines Existenzprogramms. Ingo Paulus hat nach dem Tode von Heiner Asmus die <a href=\"https:\/\/welt-ahoi.de\/2018\/05\/28\/informationen-zu-www-hanseat-yacht-de\/\">Hanseat Klassenvereinigung<\/a> unter seine Fittiche genommen, f\u00fcr mich damals eine logische und stringente Entwicklung. Das Leben jedenfalls konnte weitergehen. Ist es dann ja auch.<\/p>\n<blockquote class=\"wp-embedded-content\" data-secret=\"tKRRxPuEtc\"><p><a href=\"https:\/\/windpilot.com\/blog\/press-tv\/catamarans-2\/katamarane\/\">Catamarans<\/a><\/p><\/blockquote>\n<p><iframe loading=\"lazy\" class=\"wp-embedded-content\" sandbox=\"allow-scripts\" security=\"restricted\" style=\"position: absolute; clip: rect(1px, 1px, 1px, 1px);\" title=\"&#8222;Catamarans&#8220; &#8212; Windpilot Blog\" src=\"https:\/\/windpilot.com\/blog\/press-tv\/catamarans-2\/katamarane\/embed\/#?secret=wd2u8sqVeD#?secret=tKRRxPuEtc\" data-secret=\"tKRRxPuEtc\" width=\"600\" height=\"338\" frameborder=\"0\" marginwidth=\"0\" marginheight=\"0\" scrolling=\"no\"><\/iframe><\/p>\n<p>Nun sind Antje und Ingo fahnenfl\u00fcchtig geworden: die <a href=\"https:\/\/welt-ahoi.de\/hanseat70\/\">Amazone<\/a> wurde 2022 verkauft. Da muss man tapfer sein, wenngleich nat\u00fcrlich alle bekannten Gr\u00fcnde zum Wechsel auf ein Doppelrumpfschiff hellwach, formuliert und von allen Seiten mit freundlichem Kopfnicken best\u00e4tigt werden. Katsegler sind nicht mehr die Marsmenschen aus einer fremden Galaxie, diese Schiffe wurden vermutlich erfunden, um feminine Regierungszentralen f\u00fcr das Wasserleben vorsichtig zu interessieren und sie sodann \u201eleise und auf Samtpfoten\u201c zu begeistern und am Ende in die Weiten blauer Ozeane zu entf\u00fchren, vorzugsweise downwinds, damit die Wellen nicht so hart unter dem Br\u00fcckendeck zuschlagen und den Schlaf st\u00f6ren k\u00f6nnen. Immerhin k\u00f6nnen ja nun meistens beim Segeln die Blument\u00f6pfe auf den Tischen stehen bleiben und ein ebenerdiger Gang vom Kockpit zum K\u00fchlschrank ist ja auch nicht schlecht. Abgesehen von Doppelmotoren, wobei bereits einer gen\u00fcgt, um enge Kreise fahren zu k\u00f6nnen. Nat\u00fcrlich nicht zu vergessen, dass im Fall einer pl\u00f6tzlich erforderlichen Scheidung quer durch den Paarbetrieb, ein jeder ja sogleich dann mit seinem eigenen Schiff weitersegeln kann \u2026 \u00fcberspitzt gesagt!<\/p>\n<p>Ich habe mich Les Sables d\u00b4Olonnes jahrelang aus einem ganz anderen Quadranten gen\u00e4hert. Zun\u00e4chst habe ich mich am <a href=\"https:\/\/windpilot.com\/blog\/columns\/peter-der-markt\/sponsoring\/roulette-francaise\/\">Roulette Francaise<\/a> ausprobiert, habe mir bei der Ausr\u00fcstung von fliegenden Schiffen zum Gl\u00fcck die Pfoten nicht verbrannt, gleichwohl Erfahrungen eimerweise gesammelt, ganz ohne mich zu \u00fcbergeben.<\/p>\n<p><img loading=\"lazy\" decoding=\"async\" src=\"https:\/\/windpilot.com\/blog\/wp-content\/uploads\/2023\/08\/Patrice-Carpentier-0033-Kopie-2-1024x655.jpg\" alt=\"\" width=\"640\" height=\"409\" class=\"aligncenter size-large wp-image-30026\" srcset=\"https:\/\/windpilot.com\/blog\/wp-content\/uploads\/2023\/08\/Patrice-Carpentier-0033-Kopie-2-1024x655.jpg 1024w, https:\/\/windpilot.com\/blog\/wp-content\/uploads\/2023\/08\/Patrice-Carpentier-0033-Kopie-2-300x192.jpg 300w, https:\/\/windpilot.com\/blog\/wp-content\/uploads\/2023\/08\/Patrice-Carpentier-0033-Kopie-2-768x491.jpg 768w, https:\/\/windpilot.com\/blog\/wp-content\/uploads\/2023\/08\/Patrice-Carpentier-0033-Kopie-2-1536x982.jpg 1536w, https:\/\/windpilot.com\/blog\/wp-content\/uploads\/2023\/08\/Patrice-Carpentier-0033-Kopie-2.jpg 1845w\" sizes=\"auto, (max-width: 640px) 100vw, 640px\" \/>Es war die Zeit, als LSO seinen Ruf als idealer Start und Landplatz f\u00fcr Schnellbootsegler begr\u00fcndete, der er bis heute geblieben ist. Interessant \u2026 wenngleich gar nicht meine Welt!<\/p>\n<p>Zudem entwickelte sich dort eine besondere Werft, die in pfiffigen Schnellbau Verfahren Aluminium Yachten mit \u201eKnick\u201c zusammenschweissten. Wer immer den ersten Stein geworfen hat, aber die Entscheidung, Jimmy Cornell als Marketinglokomotive einzusetzen, wurde zum Grossen Wurf und vermutlich urs\u00e4chlich f\u00fcr den steilen Erfolg von Ovni Yachten, denen alsbald dann andere Bauwerften im Segment solider Aluminium Yachten folgten, bzw zeitgleich entstanden sind. Immerhin erwies sich der Bau von Aluminiumschiffen aus ALMg4,5 in Frankreich als richtungweisend f\u00fcr Blauwassersegler mit gen\u00fcgend Ressourcen, um bei den einschl\u00e4gigen Werften ihre Traumschiffe in Auftrag zu geben ( <a href=\"https:\/\/windpilot.com\/blog\/schiffe\/trendsetter-yachten\/allures-garcia\/\">Garcia-Allures<\/a>, <a href=\"https:\/\/windpilot.com\/blog\/schiffe\/trendsetter-yachten\/boreal\/\">Boreal<\/a>, <a href=\"https:\/\/windpilot.com\/blog\/schiffe\/trendsetter-yachten\/ovni\/\">Alubat<\/a> ). Sicher nur eine Randnotiz, wenn ich hier mitteile, dass ich >500 Ovni Yachten ausger\u00fcstet habe<br \/>\n<img loading=\"lazy\" decoding=\"async\" src=\"https:\/\/windpilot.com\/blog\/wp-content\/uploads\/2023\/08\/Chilli2-1024x768-1.jpg\" alt=\"\" width=\"1024\" height=\"768\" class=\"aligncenter size-full wp-image-30028\" srcset=\"https:\/\/windpilot.com\/blog\/wp-content\/uploads\/2023\/08\/Chilli2-1024x768-1.jpg 1024w, https:\/\/windpilot.com\/blog\/wp-content\/uploads\/2023\/08\/Chilli2-1024x768-1-300x225.jpg 300w, https:\/\/windpilot.com\/blog\/wp-content\/uploads\/2023\/08\/Chilli2-1024x768-1-768x576.jpg 768w\" sizes=\"auto, (max-width: 1024px) 100vw, 1024px\" \/>Als Jimmy im Jahre 1986 in Las Palmas erstmals seine Zelte zur ARC im Hafenvorfeld festzurrte, hatte ich bereits viele sonnige herbstzeitlose Wochen in den Kanaren zugebracht und sah keinen Grund, meine wichtigen Gesch\u00e4ftsreisetermine im Herbst zu unterlassen. F\u00fcr mich ein Jahreshighlight der besonderen Art. Es ergab sich, was sich ergeben musste. Eine Zusammenarbeit mit Jimmy, die Fr\u00fcchte tragen wollte und sollte. Nach gemeinsamen Blauwasserseminaren in Las Palmas und UK, wurde 1997 dann die TM World Cruising Deutschland gelauncht, in deren Folge ich gemeinsam mit Astrid + Wilhelm Greiff ( Vertreter von World Cruising bis heute ) f\u00fcr viele Jahre Blauwasserseminare in Deutschland durchgef\u00fchrt habe. <\/p>\n<blockquote class=\"wp-embedded-content\" data-secret=\"i59SV20LmY\"><p><a href=\"https:\/\/windpilot.com\/blog\/columns\/seminare\/deutsch-blauwasser-seminare-interessen-konflikte\/\">Blauwasser Seminare<\/a><\/p><\/blockquote>\n<p><iframe loading=\"lazy\" class=\"wp-embedded-content\" sandbox=\"allow-scripts\" security=\"restricted\" style=\"position: absolute; clip: rect(1px, 1px, 1px, 1px);\" title=\"&#8222;Blauwasser Seminare&#8220; &#8212; Windpilot Blog\" src=\"https:\/\/windpilot.com\/blog\/columns\/seminare\/deutsch-blauwasser-seminare-interessen-konflikte\/embed\/#?secret=a1J9axCNCh#?secret=i59SV20LmY\" data-secret=\"i59SV20LmY\" width=\"600\" height=\"338\" frameborder=\"0\" marginwidth=\"0\" marginheight=\"0\" scrolling=\"no\"><\/iframe><br \/>\n<img loading=\"lazy\" decoding=\"async\" src=\"https:\/\/windpilot.com\/blog\/wp-content\/uploads\/2023\/08\/Peter-auf-Aventura-klein-200x300.jpg\" alt=\"\" width=\"200\" height=\"300\" class=\"alignleft size-medium wp-image-30019\" srcset=\"https:\/\/windpilot.com\/blog\/wp-content\/uploads\/2023\/08\/Peter-auf-Aventura-klein-200x300.jpg 200w, https:\/\/windpilot.com\/blog\/wp-content\/uploads\/2023\/08\/Peter-auf-Aventura-klein-683x1024.jpg 683w, https:\/\/windpilot.com\/blog\/wp-content\/uploads\/2023\/08\/Peter-auf-Aventura-klein-768x1152.jpg 768w, https:\/\/windpilot.com\/blog\/wp-content\/uploads\/2023\/08\/Peter-auf-Aventura-klein-1024x1536.jpg 1024w, https:\/\/windpilot.com\/blog\/wp-content\/uploads\/2023\/08\/Peter-auf-Aventura-klein-1365x2048.jpg 1365w, https:\/\/windpilot.com\/blog\/wp-content\/uploads\/2023\/08\/Peter-auf-Aventura-klein-scaled.jpg 1707w\" sizes=\"auto, (max-width: 200px) 100vw, 200px\" \/><br \/>\nUnbeschwerte Zeiten, in deren Verlauf Jimmy und Bobby Schenk manches Mal Wand an Wand unter meinem Dach gen\u00e4chtigt haben und nicht nur Weinflaschen lenzten. <\/p>\n<p>Im Herbst 1998 wurde an der <em>Aventura Troi<\/em> in Le Havre ein Windpilot angeschraubt, zeitgleich hatte Jimmy mich mit Adlard Coles \u201everheiratet\u201c, ein Ereignis, das Folgen f\u00fcr meine Nerven und Kassenlage haben sollte, welches mich \u00fcber 2,5 Jahre schwer in Mitleidenschaft gezogen hat.<\/p>\n<blockquote class=\"wp-embedded-content\" data-secret=\"L18XWR1ruG\"><p><a href=\"https:\/\/windpilot.com\/blog\/columns\/peter-der-markt\/windpilot\/a-singlehanders-lonely-fight-to-resolve-a-problem-in-the-marine-business\/\">Mein Kampf<\/a><\/p><\/blockquote>\n<p><iframe loading=\"lazy\" class=\"wp-embedded-content\" sandbox=\"allow-scripts\" security=\"restricted\" style=\"position: absolute; clip: rect(1px, 1px, 1px, 1px);\" title=\"&#8222;Mein Kampf&#8220; &#8212; Windpilot Blog\" src=\"https:\/\/windpilot.com\/blog\/columns\/peter-der-markt\/windpilot\/a-singlehanders-lonely-fight-to-resolve-a-problem-in-the-marine-business\/embed\/#?secret=wL0tdAtIVi#?secret=L18XWR1ruG\" data-secret=\"L18XWR1ruG\" width=\"600\" height=\"338\" frameborder=\"0\" marginwidth=\"0\" marginheight=\"0\" scrolling=\"no\"><\/iframe><\/p>\n<p>Bobby Schenk hat in jenen Jahren manches Mal seine Telefonrechnungen strapaziert, um sich \u00fcber mein Lieblingsthema auszulassen, bzw. mir den Puls zu f\u00fchlen. Kurz: der Kauf einer neuen Thalassa stand vor der T\u00fcr, und mit Informationen war ich schon stets gern behilflich, weil meine Kenntnisse \u00fcber Schiffe jeglicher Couleur mir offenbar in den Genen liegt.<\/p>\n<p>Bobby war kaufwillig f\u00fcr eine Ovni, hat seine Mooney aus dem Hangar geholt \u2026 und ist in froher Erwartung mit Carla nach Les Sables geflogen. Der Besuch bei Alubat allerdings nahm einen offenbar anderen Verlauf als erwartet bzw. erhofft. \u00dcber diesen Teil der Geschichte gibt es  unterschiedliche <a href=\"https:\/\/www.bobbyschenk.de\/nbteil3.html\">Versionen<\/a>. Meine Kurzversion lautet wie folgt: Bei Alubat wird Franz\u00f6sisch gesprochen, und bei Alubat waren und sind deutsche Buchautoren nahezu unbekannt. So konnte es offenbar passieren, dass Bobby am kleinen Flughafen von Talmont nicht von Werftvertretern abgeholt wurde, gleichwohl mit Taxi zur Werft zu fahren hatte, wo er sodann nicht die sofortige Aufmerksamkeit sondern sogar ein wenig zu warten hatte. Ob das die Schicksalsstunde wurde?<\/p>\n<p><img loading=\"lazy\" decoding=\"async\" src=\"https:\/\/windpilot.com\/blog\/wp-content\/uploads\/2023\/08\/BobbyCarla-low-197x300.jpg\" alt=\"\" width=\"197\" height=\"300\" class=\"alignleft size-medium wp-image-30022\" srcset=\"https:\/\/windpilot.com\/blog\/wp-content\/uploads\/2023\/08\/BobbyCarla-low-197x300.jpg 197w, https:\/\/windpilot.com\/blog\/wp-content\/uploads\/2023\/08\/BobbyCarla-low-671x1024.jpg 671w, https:\/\/windpilot.com\/blog\/wp-content\/uploads\/2023\/08\/BobbyCarla-low-768x1171.jpg 768w, https:\/\/windpilot.com\/blog\/wp-content\/uploads\/2023\/08\/BobbyCarla-low-1007x1536.jpg 1007w, https:\/\/windpilot.com\/blog\/wp-content\/uploads\/2023\/08\/BobbyCarla-low-1343x2048.jpg 1343w, https:\/\/windpilot.com\/blog\/wp-content\/uploads\/2023\/08\/BobbyCarla-low-scaled.jpg 1678w\" sizes=\"auto, (max-width: 197px) 100vw, 197px\" \/>Koinzidenz vielleicht, dass das Ehepaar Schenk langj\u00e4hrig mit Kurt Ecker ( Grandseigneur der Charter Firma Ecker Yachting ) befreundet gewesen ist. So lag es dann wohl nur noch einen Gedankenblitz entfernt, sich f\u00fcr die von Aliaura Marine in LSO gebauten Privilege Katamarane zu interessieren, mit denen Kurt Ecker in reger Gesch\u00e4ftsverbindung gestanden, was einen offenbar attraktiven Preis f\u00fcr den Kauf einer Privilege 465 erm\u00f6glichte. Rabatt ist immerhin ein gefl\u00fcgeltes Wort f\u00fcr alles, was man kaufen m\u00f6chte, wenn man ein wenig g\u00fcnstiger ans Ziel kommen kann.<\/p>\n<p>Immerhin nun zwei konkurrierende Argumente f\u00fcr oder gegen Mono- oder Multihull. Die pragmatische Entscheidung hat die Diskussion beendet: Bobby und Carla sind in 2000 mit der neuen Thalassa gen Westen gestartet. Ein Windpilot am Heck \u2026 bis heute.<br \/>\n<img loading=\"lazy\" decoding=\"async\" src=\"https:\/\/windpilot.com\/blog\/wp-content\/uploads\/2023\/08\/13.-Katamarane-Privilege-465-SV-Thalassa-Kopie-1024x676.jpeg\" alt=\"\" width=\"640\" height=\"423\" class=\"aligncenter size-large wp-image-30024\" srcset=\"https:\/\/windpilot.com\/blog\/wp-content\/uploads\/2023\/08\/13.-Katamarane-Privilege-465-SV-Thalassa-Kopie-1024x676.jpeg 1024w, https:\/\/windpilot.com\/blog\/wp-content\/uploads\/2023\/08\/13.-Katamarane-Privilege-465-SV-Thalassa-Kopie-300x198.jpeg 300w, https:\/\/windpilot.com\/blog\/wp-content\/uploads\/2023\/08\/13.-Katamarane-Privilege-465-SV-Thalassa-Kopie-768x507.jpeg 768w, https:\/\/windpilot.com\/blog\/wp-content\/uploads\/2023\/08\/13.-Katamarane-Privilege-465-SV-Thalassa-Kopie.jpeg 1280w\" sizes=\"auto, (max-width: 640px) 100vw, 640px\" \/><br \/>\nIn meinem Kopf unvergessen, die atemberaubende Geschwindigkeit, mit der diese Schiff hergestellt werden konnten. Ich war in der Vorwoche zur Auslieferung am Schiff und habe meine Fotos geschossen, danach Bobby angerufen und ihm vorsichtig darauf hingewiesen, dass ggf. die Fertigstellung sich ein wenig verz\u00f6gern k\u00f6nne, angesichts der \u201eoffenen Wunde\u201c einer offenen Rumpfschale.<br \/>\n<img loading=\"lazy\" decoding=\"async\" src=\"https:\/\/windpilot.com\/blog\/wp-content\/uploads\/2023\/08\/Bobby-bier-2-1024x671.jpg\" alt=\"\" width=\"640\" height=\"419\" class=\"aligncenter size-large wp-image-30025\" srcset=\"https:\/\/windpilot.com\/blog\/wp-content\/uploads\/2023\/08\/Bobby-bier-2-1024x671.jpg 1024w, https:\/\/windpilot.com\/blog\/wp-content\/uploads\/2023\/08\/Bobby-bier-2-300x197.jpg 300w, https:\/\/windpilot.com\/blog\/wp-content\/uploads\/2023\/08\/Bobby-bier-2-768x503.jpg 768w, https:\/\/windpilot.com\/blog\/wp-content\/uploads\/2023\/08\/Bobby-bier-2-1536x1007.jpg 1536w, https:\/\/windpilot.com\/blog\/wp-content\/uploads\/2023\/08\/Bobby-bier-2-2048x1343.jpg 2048w\" sizes=\"auto, (max-width: 640px) 100vw, 640px\" \/>Nun, das Schiff wurde termingerecht abgeliefert, eine gemeinsame Probefahrt abgeschlossen, eine Einladung zum abendlichen Hummeressen in LSO mit Bobby und Carla bleibt unvergessen.<\/p>\n<p>Das runde Ende dieser kleinen Geschichte ist schnell erz\u00e4hlt: ich hatte in 2003 beschlossen, die BW Seminare nicht mehr weiter zu f\u00fchren und dies Carla und Bobby auf meinem Sofa mitgeteilt. Bobby bat mich damals, \u201enoch ein weiteres Jahr das Seminar\u201c zu organisieren, weil er nach dem Verkauf seiner Thalassa in Malaysia, sodann diese Seminare weiterf\u00fchren wollte.<\/p>\n<p>Und so ist es dann geschehen!<\/p>\n<p>Die <a href=\"https:\/\/welt-ahoi.de\/2023\/08\/05\/refitarbeiten-an-unserer-privilege-465-bj-2000\/\">Geschichte der Wiederherstellung der Thalassa<\/a> ist umfangreich, fast k\u00f6nnte sie dem Leser den Atem nehmen, angesichts der Notwendigkeit enorm vieler Reparaturen \u2026 an einem Schiff, dass lediglich 23 Jahr in Benutzung gewesen ist.<\/p>\n<p>28.08.2023<br \/>\nPeter Foerthmann<br \/>\n<img loading=\"lazy\" decoding=\"async\" src=\"https:\/\/windpilot.com\/blog\/wp-content\/uploads\/2023\/08\/Peter-Lions--150x150.jpg\" alt=\"\" width=\"150\" height=\"150\" class=\"alignleft size-thumbnail wp-image-30033\" srcset=\"https:\/\/windpilot.com\/blog\/wp-content\/uploads\/2023\/08\/Peter-Lions--150x150.jpg 150w, https:\/\/windpilot.com\/blog\/wp-content\/uploads\/2023\/08\/Peter-Lions--300x300.jpg 300w, https:\/\/windpilot.com\/blog\/wp-content\/uploads\/2023\/08\/Peter-Lions--1024x1020.jpg 1024w, https:\/\/windpilot.com\/blog\/wp-content\/uploads\/2023\/08\/Peter-Lions--768x765.jpg 768w, https:\/\/windpilot.com\/blog\/wp-content\/uploads\/2023\/08\/Peter-Lions--1536x1531.jpg 1536w, https:\/\/windpilot.com\/blog\/wp-content\/uploads\/2023\/08\/Peter-Lions-.jpg 1700w\" sizes=\"auto, (max-width: 150px) 100vw, 150px\" \/><\/p>\n","protected":false},"excerpt":{"rendered":"<p>REVISION DER THALASSA IN DEN KANAREN Wenn Ausdauer, Mut und Disziplin zusammen kommen, ein Projekt in Angriff zu nehmen, dessen Ausgang man zuvor nicht geahnt, dabei mit erkennbar guter Laune und fr\u00f6hlichem Gesicht in Harmonie und Einigkeit bis zum Ende &hellip; <a href=\"https:\/\/windpilot.com\/blog\/portraits\/antje-ingo-paulus\/\">Weiterlesen <span class=\"meta-nav\">&rarr;<\/span><\/a><\/p>\n","protected":false},"author":1,"featured_media":0,"parent":28252,"menu_order":-9,"comment_status":"open","ping_status":"closed","template":"","meta":{"footnotes":""},"class_list":["post-30009","page","type-page","status-publish","hentry"],"_links":{"self":[{"href":"https:\/\/windpilot.com\/blog\/wp-json\/wp\/v2\/pages\/30009","targetHints":{"allow":["GET"]}}],"collection":[{"href":"https:\/\/windpilot.com\/blog\/wp-json\/wp\/v2\/pages"}],"about":[{"href":"https:\/\/windpilot.com\/blog\/wp-json\/wp\/v2\/types\/page"}],"author":[{"embeddable":true,"href":"https:\/\/windpilot.com\/blog\/wp-json\/wp\/v2\/users\/1"}],"replies":[{"embeddable":true,"href":"https:\/\/windpilot.com\/blog\/wp-json\/wp\/v2\/comments?post=30009"}],"version-history":[{"count":15,"href":"https:\/\/windpilot.com\/blog\/wp-json\/wp\/v2\/pages\/30009\/revisions"}],"predecessor-version":[{"id":30065,"href":"https:\/\/windpilot.com\/blog\/wp-json\/wp\/v2\/pages\/30009\/revisions\/30065"}],"up":[{"embeddable":true,"href":"https:\/\/windpilot.com\/blog\/wp-json\/wp\/v2\/pages\/28252"}],"wp:attachment":[{"href":"https:\/\/windpilot.com\/blog\/wp-json\/wp\/v2\/media?parent=30009"}],"curies":[{"name":"wp","href":"https:\/\/api.w.org\/{rel}","templated":true}]}}