{"id":30175,"date":"2023-10-04T05:51:58","date_gmt":"2023-10-04T12:51:58","guid":{"rendered":"https:\/\/windpilot.com\/blog\/?page_id=30175"},"modified":"2023-10-04T05:51:58","modified_gmt":"2023-10-04T12:51:58","slug":"segeln-babyeinfach","status":"publish","type":"page","link":"https:\/\/windpilot.com\/blog\/wasser-gossip\/segeln-babyeinfach\/","title":{"rendered":"Segeln &#8211; Babyeinfach"},"content":{"rendered":"<p><strong>MAX PILZ, 8 MONATE &#8211; SEGELN AUS MEINER SICHT<\/strong><br \/>\n<img loading=\"lazy\" decoding=\"async\" src=\"https:\/\/windpilot.com\/blog\/wp-content\/uploads\/2017\/04\/Max-segelt-1024x678.jpg\" alt=\"\" width=\"640\" height=\"424\" class=\"aligncenter size-large wp-image-13489\" srcset=\"https:\/\/windpilot.com\/blog\/wp-content\/uploads\/2017\/04\/Max-segelt-1024x678.jpg 1024w, https:\/\/windpilot.com\/blog\/wp-content\/uploads\/2017\/04\/Max-segelt-300x198.jpg 300w, https:\/\/windpilot.com\/blog\/wp-content\/uploads\/2017\/04\/Max-segelt-768x508.jpg 768w, https:\/\/windpilot.com\/blog\/wp-content\/uploads\/2017\/04\/Max-segelt.jpg 1197w\" sizes=\"auto, (max-width: 640px) 100vw, 640px\" \/>Als Baby ist alles einfach hier an Bord. Ich segle, solange ich denken kann, habe k\u00fcrzlich sogar im Schlaf den Atlantik \u00fcberquert, hat gaaanich weh getan! Bin hier nun seit ungef\u00e4hr 7 Monaten als Crew Member im Gange, von den Details habe ich allerdings schon viel vergessen, hab\u00b4den Kopf so voll, von den vielen Eindr\u00fccken. Macht aber wohl nix, es scheint sich im Leben ja sowieso alles zu wiederholen! <\/p>\n<p>Jedenfalls hab ich meine Familie immer am Band, brauch\u00b4 bloss gequ\u00e4lt oder grimmig zu kucken, schon wenden sich die K\u00f6pfe und es gibt was zu Lachen. Das Bordpersonal bem\u00fcht sich redlich, mir meine Laune nicht zu verhageln, weil ich n\u00e4mlich die Stimmungs-Kanone und der Bord Kasper Mittelpunkt bin. Bin ich doof drauf, gibt es Terz &#8211; und wie man die Regierung triezt, habe ich schon voll begriffen, ich hab\u00b4s einfach im Urin, wie die Leute auf mich reagieren, und sp\u00e4testens, wenn meine Windel k(n)ackevoll voll, f\u00e4ngt es auch den Leuten an Bord an, zu stinken. Der wahre Chef an Bord bin also ich! Mal sehen, was ich mit dieser Erkenntnis noch alles machen kann \u2026 mal nachdenken! Ich werde die Chose schon schaukeln \u2013 versprochen!<\/p>\n<p><img loading=\"lazy\" decoding=\"async\" src=\"https:\/\/windpilot.com\/blog\/wp-content\/uploads\/2017\/04\/Max-Mutter-Kockpit-1024x585.jpg\" alt=\"\" width=\"640\" height=\"366\" class=\"aligncenter size-large wp-image-13490\" srcset=\"https:\/\/windpilot.com\/blog\/wp-content\/uploads\/2017\/04\/Max-Mutter-Kockpit-1024x585.jpg 1024w, https:\/\/windpilot.com\/blog\/wp-content\/uploads\/2017\/04\/Max-Mutter-Kockpit-300x171.jpg 300w, https:\/\/windpilot.com\/blog\/wp-content\/uploads\/2017\/04\/Max-Mutter-Kockpit-768x439.jpg 768w, https:\/\/windpilot.com\/blog\/wp-content\/uploads\/2017\/04\/Max-Mutter-Kockpit.jpg 1367w\" sizes=\"auto, (max-width: 640px) 100vw, 640px\" \/><\/p>\n<p>Aber ehrlich? Solange die Ver- und Entsorgung so nahtlos klappt, warum sollte ich denn grummeln? Immerhin werden andere Baby Kollegen tags\u00fcber in der Kinderranch abgegeben, dagegen bin ich doch privilegiert, weil sich 4 Leute hier nonstop um mich k\u00fcmmern. <\/p>\n<p><img loading=\"lazy\" decoding=\"async\" src=\"https:\/\/windpilot.com\/blog\/wp-content\/uploads\/2017\/04\/St.-Pierre-Drohne-querab-1024x571.jpg\" alt=\"\" width=\"640\" height=\"357\" class=\"aligncenter size-large wp-image-13506\" srcset=\"https:\/\/windpilot.com\/blog\/wp-content\/uploads\/2017\/04\/St.-Pierre-Drohne-querab-1024x571.jpg 1024w, https:\/\/windpilot.com\/blog\/wp-content\/uploads\/2017\/04\/St.-Pierre-Drohne-querab-300x167.jpg 300w, https:\/\/windpilot.com\/blog\/wp-content\/uploads\/2017\/04\/St.-Pierre-Drohne-querab-768x428.jpg 768w, https:\/\/windpilot.com\/blog\/wp-content\/uploads\/2017\/04\/St.-Pierre-Drohne-querab.jpg 1381w\" sizes=\"auto, (max-width: 640px) 100vw, 640px\" \/><\/p>\n<p>Und das Wetter ist fabelhaft, das Bord Programm und Landschafts Panoramen sind allerbest, viele Leute in noch mehr Sprachen, keine Ahnung, warum meine Chefin nun auch noch Englisch mit mir quatscht, will sie vielleicht meinen IQ testen?  Man sollte ihr mal sagen: Ich mache ihr doch sowieso alles nach! Oder haben Sie schon mal ein Baby gesehen, dass das Prinzip einer Lewmar Winsch begriffen hat? Segeln ist doch eigentlich wirklich ein Kinderspiel. <\/p>\n<p><img loading=\"lazy\" decoding=\"async\" src=\"https:\/\/windpilot.com\/blog\/wp-content\/uploads\/2017\/04\/Max-Lewmar-1024x572.jpg\" alt=\"\" width=\"640\" height=\"358\" class=\"aligncenter size-large wp-image-13492\" srcset=\"https:\/\/windpilot.com\/blog\/wp-content\/uploads\/2017\/04\/Max-Lewmar-1024x572.jpg 1024w, https:\/\/windpilot.com\/blog\/wp-content\/uploads\/2017\/04\/Max-Lewmar-300x168.jpg 300w, https:\/\/windpilot.com\/blog\/wp-content\/uploads\/2017\/04\/Max-Lewmar-768x429.jpg 768w, https:\/\/windpilot.com\/blog\/wp-content\/uploads\/2017\/04\/Max-Lewmar.jpg 1386w\" sizes=\"auto, (max-width: 640px) 100vw, 640px\" \/><\/p>\n<p>Und \u00fcberhaupt, auf See sitzen oder liegen die Leute doch sowieso nur alle rum, jedenfalls solange das rote Blasensegel vorn nicht aus dem Sch\u00e4del &#8211; oder den Lieken? &#8211; fliegt, dann allerdings sind sie pl\u00f6tzlich alle am Flitzen \u2013 derweil ich auf meinem Thron festgebunden sitze, um mir in Ruhe das Bordkino zu betrachten. Eine Banane vielleicht, oder einen Gesundheits Keks, notfalls den Gummist\u00f6psel, warum bloss schiebt man mir immer dies Dummi Dings in meine Sprech- und Fress Luke? Ach so: ist wohl ein Stillhalte Abkommen, oder sind die Leute mit den Nerven am Ende? <\/p>\n<p><img loading=\"lazy\" decoding=\"async\" src=\"https:\/\/windpilot.com\/blog\/wp-content\/uploads\/2017\/04\/Bequia-Peggy-Rock-familiy.jpeg\" alt=\"\" width=\"640\" height=\"480\" class=\"aligncenter size-full wp-image-13504\" srcset=\"https:\/\/windpilot.com\/blog\/wp-content\/uploads\/2017\/04\/Bequia-Peggy-Rock-familiy.jpeg 640w, https:\/\/windpilot.com\/blog\/wp-content\/uploads\/2017\/04\/Bequia-Peggy-Rock-familiy-300x225.jpeg 300w\" sizes=\"auto, (max-width: 640px) 100vw, 640px\" \/><\/p>\n<p>Falls alle Tricks nicht mehr funzen, mein Geheim Tipp: Schnuller verlieren, damit kann man das Personal \u2013 wenn auch verhalten genervt! &#8211; auf Trab halten, funzt besonders gut bei Interviews, weil ich schon begriffen habe, wie man Damen ablenken kann, weil sie mit einem Baby Face so viel sublimieren. Eine ganze Welt voller Aktion und Reaktion \u2013 ich mache da was draus, versprochen!<\/p>\n<p><img loading=\"lazy\" decoding=\"async\" src=\"https:\/\/windpilot.com\/blog\/wp-content\/uploads\/2017\/04\/Marie-Max-1024x585.jpg\" alt=\"\" width=\"640\" height=\"366\" class=\"aligncenter size-large wp-image-13491\" srcset=\"https:\/\/windpilot.com\/blog\/wp-content\/uploads\/2017\/04\/Marie-Max-1024x585.jpg 1024w, https:\/\/windpilot.com\/blog\/wp-content\/uploads\/2017\/04\/Marie-Max-300x171.jpg 300w, https:\/\/windpilot.com\/blog\/wp-content\/uploads\/2017\/04\/Marie-Max-768x439.jpg 768w, https:\/\/windpilot.com\/blog\/wp-content\/uploads\/2017\/04\/Marie-Max.jpg 1378w\" sizes=\"auto, (max-width: 640px) 100vw, 640px\" \/><\/p>\n<p>Und derweil ich hier nun mein Lebens Lern Pensum \u2013 wie meine Milch! &#8211; in mich hineinsauge, vertreibt sich meine P\u00e4tchwerkfamily ihr Leben mit Segeln, Wandern, Drohenfliegenlassen, Filmedrehen, Grillen, und regelm\u00e4ssigen Video Konferenzen, Gruppendynamischen Erkenntnis Konsequenzen, Pl\u00e4nen, um sie wieder \u00fcber den Haufen zu werfen, wie sie ihre Atlantik Runde, mit mir im Schlepp &#8211; oder vorne weg! &#8211; Richtung Heimat Hafen Lubmin erfolgreich \u2013 und mit P\u00fcscho Sozialen Folgen, zu Ende bringen werden. <\/p>\n<p><img loading=\"lazy\" decoding=\"async\" src=\"https:\/\/windpilot.com\/blog\/wp-content\/uploads\/2017\/04\/Familie-vor-St.Pierre-Martinique-1024x581.jpg\" alt=\"\" width=\"640\" height=\"363\" class=\"aligncenter size-large wp-image-13493\" srcset=\"https:\/\/windpilot.com\/blog\/wp-content\/uploads\/2017\/04\/Familie-vor-St.Pierre-Martinique-1024x581.jpg 1024w, https:\/\/windpilot.com\/blog\/wp-content\/uploads\/2017\/04\/Familie-vor-St.Pierre-Martinique-300x170.jpg 300w, https:\/\/windpilot.com\/blog\/wp-content\/uploads\/2017\/04\/Familie-vor-St.Pierre-Martinique-768x436.jpg 768w, https:\/\/windpilot.com\/blog\/wp-content\/uploads\/2017\/04\/Familie-vor-St.Pierre-Martinique.jpg 1382w\" sizes=\"auto, (max-width: 640px) 100vw, 640px\" \/><\/p>\n<p>Mal schaun\u00b4, wenn ich gut drauf bin, verlasse ich das Schiff dann auf eigenem Kiel bzw. Beinen, ansonsten lasse ich mich bequem tragen, oder dann schleppen, wobei mich dann ja ohnehin viele neue Gesichter zum Knuddeln hochheben werden, weil sie pr\u00fcfen wollen, ob meine zarte Babyseele von der Atlantik Segel Runde nicht schwindelig \u2013 durch innere oder \u00e4ussere H\u00e4matome demoliert &#8211; geworden ist. Sorry, meine Sprache ist noch holperich.<\/p>\n<p><iframe loading=\"lazy\" width=\"560\" height=\"315\" src=\"https:\/\/www.youtube.com\/embed\/zhqOEJhsh64\" frameborder=\"0\" allowfullscreen><\/iframe><\/p>\n<p>Ach ja, mein Bruder Dominik hat Hollywood im Visier: er f\u00fchrt Kamera und Regie auf unseren Reise Video Blogs \u2013 neudeutsch Vlogs ! &#8211;  \u2026 auf denen ich immer wieder dazwischen flitze, egal, ob im Rucksack hinten oder vornedran, weil mir die Leute immer irgendwelche Inseln, B\u00e4ume, Kokosn\u00fcsse oder Krabbeltiere zeigen wollen, mich dabei mit einem Banana Boot Dings unter Mot\u00f6rchen zu den Bananen  tuckern lassen \u2026 Kurzum \u2013 ach ja, bevor ich einschlafe oder dies vergesse, hier die Aufl\u00f6sung eines der grossen Lebens  R\u00e4tsel: Der Schiffsname 7Seas spiegelt innenfamili\u00e4re Legenden Geschichte: alle 7 Jahre wurde n\u00e4mlich sorgf\u00e4ltig und ohne Eile, ein Pilz Erbe reproduziert \u2013 mal sehen, ob das nun noch so weitergeht, ansonsten bin ich bis dato der J\u00fcngste \u2026 und werde das f\u00fcr mich nutzen, solange mir keiner dazwischenfunkt, denn, nicht wahr, mein Skipper, Chef und Erzeuger ist ein weiser Mann, der bei <strong>WILHELM BUSCH<\/strong> nachgelesen hat, der da sagt:<\/p>\n<blockquote><p>Eins, zwei, drei, im Sauseschritt<br \/>\nl\u00e4uft die Zeit, wir laufen mit.<br \/>\nSchaffen, schuften, werden \u00e4lter,<br \/>\ntr\u00e4ger, m\u00fcder und auch k\u00e4lter.<br \/>\nBis auf einmal man erkennt,<br \/>\ndass das Leben geht zu End\u00b4.<\/p>\n<p>Viel zu sp\u00e4t begreifen viele,<br \/>\ndie vers\u00e4umten Lebensziele:<br \/>\nFreude, Sch\u00f6nheit der Natur,<br \/>\nGesundheit, Reisen und Kultur.<br \/>\nDarum, Mensch, sei zeitig weise!<br \/>\nH\u00f6chste Zeit ist&#8217;s Reise, reise!<\/p><\/blockquote>\n<p>011.04.2017<br \/>\nMax &#8211; alias Peter Foerthmann  <a href=\"https:\/\/www.facebook.com\/SY7seas\/\" target=\"_blank\" rel=\"noopener\">WEITERLESEN<\/a><\/p>\n","protected":false},"excerpt":{"rendered":"<p>MAX PILZ, 8 MONATE &#8211; SEGELN AUS MEINER SICHT Als Baby ist alles einfach hier an Bord. Ich segle, solange ich denken kann, habe k\u00fcrzlich sogar im Schlaf den Atlantik \u00fcberquert, hat gaaanich weh getan! Bin hier nun seit ungef\u00e4hr &hellip; <a href=\"https:\/\/windpilot.com\/blog\/wasser-gossip\/segeln-babyeinfach\/\">Weiterlesen <span class=\"meta-nav\">&rarr;<\/span><\/a><\/p>\n","protected":false},"author":1,"featured_media":0,"parent":30171,"menu_order":0,"comment_status":"open","ping_status":"closed","template":"","meta":{"footnotes":""},"class_list":["post-30175","page","type-page","status-publish","hentry"],"_links":{"self":[{"href":"https:\/\/windpilot.com\/blog\/wp-json\/wp\/v2\/pages\/30175","targetHints":{"allow":["GET"]}}],"collection":[{"href":"https:\/\/windpilot.com\/blog\/wp-json\/wp\/v2\/pages"}],"about":[{"href":"https:\/\/windpilot.com\/blog\/wp-json\/wp\/v2\/types\/page"}],"author":[{"embeddable":true,"href":"https:\/\/windpilot.com\/blog\/wp-json\/wp\/v2\/users\/1"}],"replies":[{"embeddable":true,"href":"https:\/\/windpilot.com\/blog\/wp-json\/wp\/v2\/comments?post=30175"}],"version-history":[{"count":3,"href":"https:\/\/windpilot.com\/blog\/wp-json\/wp\/v2\/pages\/30175\/revisions"}],"predecessor-version":[{"id":30178,"href":"https:\/\/windpilot.com\/blog\/wp-json\/wp\/v2\/pages\/30175\/revisions\/30178"}],"up":[{"embeddable":true,"href":"https:\/\/windpilot.com\/blog\/wp-json\/wp\/v2\/pages\/30171"}],"wp:attachment":[{"href":"https:\/\/windpilot.com\/blog\/wp-json\/wp\/v2\/media?parent=30175"}],"curies":[{"name":"wp","href":"https:\/\/api.w.org\/{rel}","templated":true}]}}