{"id":30444,"date":"2023-11-29T13:58:14","date_gmt":"2023-11-29T20:58:14","guid":{"rendered":"https:\/\/windpilot.com\/blog\/?page_id=30444"},"modified":"2023-12-14T04:09:19","modified_gmt":"2023-12-14T11:09:19","slug":"martin-hager","status":"publish","type":"page","link":"https:\/\/windpilot.com\/blog\/deutsch-yacht-delius-klasing\/martin-hager\/","title":{"rendered":"Martin Hager"},"content":{"rendered":"<p><strong>JOHANNES ERDMANN &#8211; DIE ZWEITE<\/strong><br \/>\n<img loading=\"lazy\" decoding=\"async\" src=\"https:\/\/windpilot.com\/blog\/wp-content\/uploads\/2023\/11\/Butze-Streifen-1536x576-1-1024x384.jpg\" alt=\"\" width=\"640\" height=\"240\" class=\"aligncenter size-large wp-image-30446\" srcset=\"https:\/\/windpilot.com\/blog\/wp-content\/uploads\/2023\/11\/Butze-Streifen-1536x576-1-1024x384.jpg 1024w, https:\/\/windpilot.com\/blog\/wp-content\/uploads\/2023\/11\/Butze-Streifen-1536x576-1-300x113.jpg 300w, https:\/\/windpilot.com\/blog\/wp-content\/uploads\/2023\/11\/Butze-Streifen-1536x576-1-768x288.jpg 768w, https:\/\/windpilot.com\/blog\/wp-content\/uploads\/2023\/11\/Butze-Streifen-1536x576-1.jpg 1536w\" sizes=\"auto, (max-width: 640px) 100vw, 640px\" \/>Guten Morgen Martin Hager, neun Monate sind vergangen seit dem kraftvollen Bekenntnis von Wissensl\u00fccken von <a href=\"https:\/\/windpilot.com\/blog\/deutsch-yacht-delius-klasing\/johannes-erdmann\/\">Johannes Erdmann<\/a>. Nun also hat er sich ein <a href=\"https:\/\/www.yacht.de\/ausruestung\/bootsausstattung\/langfahrt-windsteueranlage-oder-autopilot-vorteile-nachteile-und-erfahrungen\/\">zweites Mal <\/a>einer komplexen Materie angenommen. Immerhin geh\u00f6rt Steuerfreiheit auf See zu den elementaren Wichtigkeiten, die weite Reisen hinter den Horizont \u00fcberhaupt erm\u00f6glichen. Ein Kernthema also, das jeden Segler vom Hocker reisst, weil der Traum von Palmen zur Grundausstattung auch Ihrer Leser geh\u00f6rt. Einfach mal h\u00f6ren, was der <em>Fachmann<\/em> so zu sagen hat, dessen Editor die eigene Zielgruppe immerhin wie folgt pr\u00e4zise definiert:<\/p>\n<p><em>Der Verlag arbeitet zielgruppenorientiert, hat Entscheider mit sehr hohen gesellschaftlichem Status im Fokus, allen voran Opinion-Leader und Besserverdiener.<\/em><\/p>\n<p>Um <a href=\"https:\/\/braschos.de\/artikel\/\">Erdmann Braschos<\/a> zu zitieren: <\/p>\n<blockquote><p>Ich meine es ist an der Zeit, dass Johannes Erdmann sich dazu mal \u00e4u\u00dfert. Sei es, dass er seinen Punkt besser erkl\u00e4rt oder den Allerwertesten in der Hose hat, sich zu korrigieren. Das h\u00e4tte Gr\u00f6\u00dfe.<\/p><\/blockquote>\n<p>Die Frage sei erlaubt, warum der Autor nicht die Gelegenheit beim Schopf gepackt hat, sein Unwissen zu optimieren, Fehler zu eliminieren und seinem Editor und Lesern nun eine bessere Recherche zu pr\u00e4sentieren?  Fehler immerhin, die Ihren anspruchsvollen Lesern wenig helfen, sich in einem Labyrinth von Pro- und Contra zurechtzufinden. Denn ein Vergleich von \u00c4pfeln mit Birnen macht solange keinen Sinn, solange Fakten nicht korrekt benannt und zugeordnet werden! Denn einem Rattenf\u00e4nger von Hameln folgt keiner blind, zumal Kritik in anspruchsvollen Hosen naturgem\u00e4\u00df der Standard ist.<\/p>\n<p>Das Alleinstellungsmerkmal aller WSA &#8211; <em>die sichere Lage zum Wind!<\/em> &#8211; wird den ger\u00e4uschlosen Steuersklaven neuerdings nun als Nachteil angelastet, wo doch jeder Segler wei\u00df, dass der Kompasskurs wenig n\u00fctzt, wenn der Vortrieb eines Schiffes im Eimer ist!<\/p>\n<p>Der Autor h\u00e4lt WSA f\u00fcr <em>schnelle, steuersensible Yachten<\/em>  \u2026 nicht geeignet. Hat der Mann die Entwicklung verschlafen? Hat er \u00fcbersehen, dass der Stand der Technik eine plietsche <a href=\"https:\/\/windpilot.com\/blog\/press-tv\/autopilot\/synthesis-autopilot-windpilot\/\">Symbiose von WSA und einem kleinen Autopiloten<\/a> sogar den Gleitflug bei zeitgleich minimalem Stromverbrauch erm\u00f6glicht? <\/p>\n<p>Auch der Hinweis von Werften, dass <em>ihre Schiffe nicht f\u00fcr WSA geeignet seien<\/em>, kann einfache \u2013 durchsichtige? &#8211; Gr\u00fcnde haben, z.B. weil der Rabatt des elektronischen Wettbewerbs so verlockend ist? <em>Hallberg Rassy<\/em> z.B. r\u00e4t seinen Kunden regelm\u00e4ssig zum Kauf von Autopiloten, derweil nun bereits >500 HR Yachten mit meinen Heckverzierungen ausger\u00fcstet sind. Die sch\u00f6ne Geschichte ist \u00fcberliefert, als ein Schweizer Segler auf der <em>BOOT<\/em> den Vertrag \u00fcber einen Neukauf einer grossen HR zu unterschreiben drohte, allerdings nur unter der Bedingung, dass in Henan auf der Werft ein Windpilot fertig montiert \u00fcbergeben werde. Bei der dann folgende Werftprobefahrt im kalten M\u00e4rz war das Cockpit voller neugieriger kalter Nasen in Bezug auf den neuen Steuersklaven. Seit jenem Tage laufen die Dinge in Schweden entspannter. Auch <em>RM, Pogo, Class40<\/em>, sowie andere Rennsch\u00fcsseln segeln mit meinen Heckverzierungen durch die Gegend. Vielleicht sollte man den Autor zu den Fakten tragen, damit er keinen weiteren Unsinn verbreitet? Hier eine Auswahl:<br \/>\n&#8211; <em>Wasserwiderstand<\/em>, der nun einer WSA als Nachteil angelastet wird, wo doch jede Ruderlage bremst, egal ob eine WSA, ein AP oder ein Mensch das Ruder dreht?<br \/>\n&#8211; <em>Steuergenauigkeit, die bei Schwachwind und Segeln unter Spinnaker als h\u00e4ufig problematisch bezeichnet wird<\/em>, wo doch Blauwassersegler weltweit vorzugsweise mit dem Wind von achtern segeln, und ein sensibles Fabrikat diese Kurse bravour\u00f6s bew\u00e4ltigt.<br \/>\n<img loading=\"lazy\" decoding=\"async\" src=\"https:\/\/windpilot.com\/blog\/wp-content\/uploads\/2023\/11\/IMG_5494-Kopie-1024x682.jpeg\" alt=\"\" width=\"640\" height=\"426\" class=\"aligncenter size-large wp-image-30451\" srcset=\"https:\/\/windpilot.com\/blog\/wp-content\/uploads\/2023\/11\/IMG_5494-Kopie-1024x682.jpeg 1024w, https:\/\/windpilot.com\/blog\/wp-content\/uploads\/2023\/11\/IMG_5494-Kopie-300x200.jpeg 300w, https:\/\/windpilot.com\/blog\/wp-content\/uploads\/2023\/11\/IMG_5494-Kopie-768x512.jpeg 768w, https:\/\/windpilot.com\/blog\/wp-content\/uploads\/2023\/11\/IMG_5494-Kopie.jpeg 1280w\" sizes=\"auto, (max-width: 640px) 100vw, 640px\" \/>Tapio Lehtinen GGR 2018 z.B. hat seiner Windpilot Pacific an 59 Tagen und N\u00e4chten unter Spinnacker selbst im Schneckentempo und bei leichtesten Winden das Ruder \u00fcberlassen, derweil er die N\u00e4chte durchgeschlafen hat. Warum wurde hier nicht differenziert? Pauschale Bewertungen sind so verr\u00e4terisch gef\u00e4hrlich, da sie ihr Gegen\u00fcber ggf. vorschnell entweder f\u00fcr doof, oder aber r\u00fcckw\u00e4rts Vermutungen m\u00f6glich machen, weil der Autor sein vermeintliches Besserwissen nicht verbergen kann. Oder will er das nicht? Oder wird hier vertikale Lufthoheit als hohle Fassade proklamiert? Schreiben als Kassenschrank? <em>Segeltrimm, Reffen<\/em>, alles doof und hinderlich, nur der AP kann alles richten? Von gestern, wer das nicht verstehen will?<\/p>\n<p>Das Glatteis hat einen Namen, wenn z.B. der Terminus einer <em>neuen Generation von Seglern vermeldet<\/em> \u2013 oder erfunden? &#8211; wird, sodann angelegentlich konstatiert wird, dass sich auch <em>die Technik von Autopiloten grundlegend weiterentwickelt habe<\/em>. Will der Autor hier vermitteln, dass die physikalischen Grunds\u00e4tze an Bord von Segelyachten nun ihre G\u00fcltigkeit verloren haben? Wobei er im Beipack elegant sublimiert, dass Strom auf heutigen Schiffen ja in H\u00fclle und F\u00fclle vorhanden ist, zudem der Stromverbrauch eines AP zeitgleich marginal geworden ist? <\/p>\n<p>Die physikalischen Grunds\u00e4tze an Bord von Segelyachten sind in Stein gehauen, kein Autopilot kann hexen und blauf\u00e4rben, auch wenn der Autor in seiner Raumkapsel die Bodenhaftung zu verlieren scheint. Wobei Hinweise zur H\u00f6he einer Investition in komplexe AP Systeme sicherlich hilfreich gewesen w\u00e4ren, um Ihren Lesern Vergleiche \u00fcber den Eintrittspreis zu einer so neuen paradiesischen Technologie zu erm\u00f6glichen, inklusive empfohlener Ersatzsysteme, just in case.<\/p>\n<p>Wenn stattdessen das Vorhandensein vermeintlich unendlicher Stromreserven nun als Alibi verwendet wird, jeden Trimmfehler mit elektrischer Hilfe &#8211; und Ruderlage bis max.- zu korrigieren, wird die Ankunft in der Wirklichkeit recht pl\u00f6tzlich erfolgen &#8230; wenn ein Bauteil im komplexen R\u00e4derwerk seinen Dienst verweigert, und die Steuerfreiheit j\u00e4h zu ende ist. KISS ist dann bereits hinter dem Horizont verschwwunden.<br \/>\n<img loading=\"lazy\" decoding=\"async\" src=\"https:\/\/windpilot.com\/blog\/wp-content\/uploads\/2023\/11\/Im-Eis-Kopie-1024x732.jpg\" alt=\"\" width=\"640\" height=\"458\" class=\"aligncenter size-large wp-image-30465\" srcset=\"https:\/\/windpilot.com\/blog\/wp-content\/uploads\/2023\/11\/Im-Eis-Kopie-1024x732.jpg 1024w, https:\/\/windpilot.com\/blog\/wp-content\/uploads\/2023\/11\/Im-Eis-Kopie-300x214.jpg 300w, https:\/\/windpilot.com\/blog\/wp-content\/uploads\/2023\/11\/Im-Eis-Kopie-768x549.jpg 768w, https:\/\/windpilot.com\/blog\/wp-content\/uploads\/2023\/11\/Im-Eis-Kopie.jpg 1066w\" sizes=\"auto, (max-width: 640px) 100vw, 640px\" \/>Es grenzt an Chuzpe, wenn der Autor vermerkt, dass WSA nun zum <em>Back-up f\u00fcr Autopiloten geworden sind<\/em>, wo doch deren Schwachstellen in anderen Medien nachzulesen sind? Bei Windpilot und Yachting World w\u00fcrde er f\u00fcndig.<\/p>\n<blockquote class=\"wp-embedded-content\" data-secret=\"CWWDuJUKKu\"><p><a href=\"https:\/\/windpilot.com\/blog\/press-tv\/autopilot\/steuerfreiheit\/\">Steuerfreiheit<\/a><\/p><\/blockquote>\n<p><iframe loading=\"lazy\" class=\"wp-embedded-content\" sandbox=\"allow-scripts\" security=\"restricted\" style=\"position: absolute; clip: rect(1px, 1px, 1px, 1px);\" title=\"&#8222;Steuerfreiheit&#8220; &#8212; Windpilot Blog\" src=\"https:\/\/windpilot.com\/blog\/press-tv\/autopilot\/steuerfreiheit\/embed\/#?secret=tI3rpb6Ozn#?secret=CWWDuJUKKu\" data-secret=\"CWWDuJUKKu\" width=\"600\" height=\"338\" frameborder=\"0\" marginwidth=\"0\" marginheight=\"0\" scrolling=\"no\"><\/iframe><\/p>\n<p>Vermutlich ist dem Autor im Verlauf seiner Zeitreise nicht aufgefallen, dass die von ihm als so zukunftstr\u00e4chtig propagierte &#8211; teure! &#8211; Technik nach eben den gleichen physikalischen Grundregeln funktioniert, die in Seglerk\u00f6pfen zementiert: zum Ruder legen braucht es Kraft, die man manuell, elektrohydraulisch oder eben durch Wind und Wasserkraft erzeugen kann. Normale Segler sind allerdings als Wasserwanderer in einer Welt unterwegs, bei der auf See die Zeit zunehmend retardiert, die dann f\u00fcr sorgf\u00e4ltigen Trimm genutzt und in Form von angenehmen Etmalen sodann f\u00fcr freundliche Gesichter sorgt.<\/p>\n<p><img loading=\"lazy\" decoding=\"async\" src=\"https:\/\/windpilot.com\/blog\/wp-content\/uploads\/2023\/11\/Ohne-Titel-2-768x929-1-248x300.jpg\" alt=\"\" width=\"248\" height=\"300\" class=\"alignleft size-medium wp-image-30452\" srcset=\"https:\/\/windpilot.com\/blog\/wp-content\/uploads\/2023\/11\/Ohne-Titel-2-768x929-1-248x300.jpg 248w, https:\/\/windpilot.com\/blog\/wp-content\/uploads\/2023\/11\/Ohne-Titel-2-768x929-1.jpg 768w\" sizes=\"auto, (max-width: 248px) 100vw, 248px\" \/>Vielleicht ist Johannes Erdmann aber auch einfach nur \u00fcberm\u00fctig geworden, oder braucht er vielleicht f\u00fcr die Technik an Bord seines eigenes Schiffes nix zu bezahlen, weil er, f\u00fcr manch einen Leser unbemerkt, f\u00fcr Sponsoren schreibend unterwegs, f\u00fcr die er influenziert, indem er f\u00fcr ein Segelmagazin die Tasten strapaziert? Schreiben als Einkaufsmodell? Weiss man ja alles nicht, weil Berufsethos bei der schreibenden Zunft ja hier und dort allzu gern durch den beruflichen Zwang &#8211; oder gar Zwiespalt? &#8211;  zum Gelderwerb zur Seite gedraengt bzw. die Priotit\u00e4ten sich sodann, wie von Geisterhand verschieben. Zumal das berufliche Selbstverst\u00e4ndnis sich hier und dort in einer Gratismentalitaet entl\u00e4dt&#8230; alternativ Bares in eine Kaffeetasse plumbst. Schwieriges Fahrwasser, jedenfalls f\u00fcr das schreibendes Gewerbe, hier eine wilde Achterbahnfahrt zu vollziehen, damit der Leser &#8211; und Aspirant f\u00fcr potentielle Ums\u00e4tze f\u00fcr die Schattenindustrie! &#8211; wenig davon merkt, weil ansonsten die eigene Glaubw\u00fcrdigkeit als Besserwisser auf der Strecke bleibt. Das w\u00e4re dann the worst case!<br \/>\n<img loading=\"lazy\" decoding=\"async\" src=\"https:\/\/windpilot.com\/blog\/wp-content\/uploads\/2023\/11\/Megayacht-Kopie-300x213.jpg\" alt=\"\" width=\"300\" height=\"213\" class=\"alignleft size-medium wp-image-30454\" srcset=\"https:\/\/windpilot.com\/blog\/wp-content\/uploads\/2023\/11\/Megayacht-Kopie-300x213.jpg 300w, https:\/\/windpilot.com\/blog\/wp-content\/uploads\/2023\/11\/Megayacht-Kopie-1024x726.jpg 1024w, https:\/\/windpilot.com\/blog\/wp-content\/uploads\/2023\/11\/Megayacht-Kopie-768x544.jpg 768w, https:\/\/windpilot.com\/blog\/wp-content\/uploads\/2023\/11\/Megayacht-Kopie.jpg 1078w\" sizes=\"auto, (max-width: 300px) 100vw, 300px\" \/>Vermutlich \u2013 oder hoffentlich! &#8211; sind Ihre Leser also schon ein wenig weiter, wenn oder weil in deren realem Leben KISS noch eine Rolle spielt, wo komplexe Technik Misstrauen erzeugt, zumal man zuvor teuer an der Kasse daf\u00fcr zu zahlen h\u00e4tte. Nur um auf See festzustellen, dass man sich verrannt oder vertan hat, bzw. sich den falschen Beratern anvertraut, derweil man sich irgendwann, vorzugsweise mitten in der Nacht, selbst am Ruder stehend findet, weil die Technik Schluckauf bekommen hat? Der Autor irrt, wenn er hier einen Zeitsprung erfindet, von <em>neuer Technik, neuen Seglermenschen oder gar Generationen<\/em> fabuliert, derweil Segeln so wunderbar unver\u00e4ndert und nach ganz einfachen Regeln funktioniert. Was ja das Faszinierende an diesem sch\u00f6nen Sport ist. Alles eine Sache der G\u00fcterabw\u00e4gung.<\/p>\n<p><img loading=\"lazy\" decoding=\"async\" src=\"https:\/\/windpilot.com\/blog\/wp-content\/uploads\/2023\/11\/Langsseits-klein-Kopie-300x214.jpg\" alt=\"\" width=\"300\" height=\"214\" class=\"alignleft size-medium wp-image-30469\" srcset=\"https:\/\/windpilot.com\/blog\/wp-content\/uploads\/2023\/11\/Langsseits-klein-Kopie-300x214.jpg 300w, https:\/\/windpilot.com\/blog\/wp-content\/uploads\/2023\/11\/Langsseits-klein-Kopie-1024x730.jpg 1024w, https:\/\/windpilot.com\/blog\/wp-content\/uploads\/2023\/11\/Langsseits-klein-Kopie-768x548.jpg 768w, https:\/\/windpilot.com\/blog\/wp-content\/uploads\/2023\/11\/Langsseits-klein-Kopie.jpg 1060w\" sizes=\"auto, (max-width: 300px) 100vw, 300px\" \/>Allerdings und immerhin bleibt Johannes Erdmann sich selber treu, indem er weiterhin den Pushbutton favorisiert, mit dem sein Leben auf See vermeintlich so wundervoll einfach ist. Vermutlich w\u00e4re ein Motorboot f\u00fcr den Mann die bessere Alternative, weil dort das ganze Leinengebamsel dann nicht mehr st\u00f6rt.<\/p>\n<p>Schade Herr Hager, aber dieser Bericht hinterl\u00e4sst Ratlosigkeit weil er mehr Fragen aufwirft, als er h\u00e4tte beantworten k\u00f6nnen. Ich kann mir und Ihnen nur w\u00fcnschen, dass Sie auch zwischen den Zeilen lesen k\u00f6nnen, denn die Botschaften sind in schwarz auf weiss geschrieben.<\/p>\n<p>mit den besten Gruessen<\/p>\n<p>Peter Foerthmann<br \/>\nHamburg 29.11.2023<br \/>\n<img loading=\"lazy\" decoding=\"async\" src=\"https:\/\/windpilot.com\/blog\/wp-content\/uploads\/2023\/11\/Loewis-300x225.jpeg\" alt=\"\" width=\"300\" height=\"225\" class=\"alignleft size-medium wp-image-30458\" srcset=\"https:\/\/windpilot.com\/blog\/wp-content\/uploads\/2023\/11\/Loewis-300x225.jpeg 300w, https:\/\/windpilot.com\/blog\/wp-content\/uploads\/2023\/11\/Loewis-1024x768.jpeg 1024w, https:\/\/windpilot.com\/blog\/wp-content\/uploads\/2023\/11\/Loewis-768x576.jpeg 768w, https:\/\/windpilot.com\/blog\/wp-content\/uploads\/2023\/11\/Loewis.jpeg 1280w\" sizes=\"auto, (max-width: 300px) 100vw, 300px\" \/><\/p>\n","protected":false},"excerpt":{"rendered":"<p>JOHANNES ERDMANN &#8211; DIE ZWEITE Guten Morgen Martin Hager, neun Monate sind vergangen seit dem kraftvollen Bekenntnis von Wissensl\u00fccken von Johannes Erdmann. Nun also hat er sich ein zweites Mal einer komplexen Materie angenommen. Immerhin geh\u00f6rt Steuerfreiheit auf See zu &hellip; <a href=\"https:\/\/windpilot.com\/blog\/deutsch-yacht-delius-klasing\/martin-hager\/\">Weiterlesen <span class=\"meta-nav\">&rarr;<\/span><\/a><\/p>\n","protected":false},"author":1,"featured_media":0,"parent":9971,"menu_order":-25,"comment_status":"open","ping_status":"open","template":"","meta":{"footnotes":""},"class_list":["post-30444","page","type-page","status-publish","hentry"],"_links":{"self":[{"href":"https:\/\/windpilot.com\/blog\/wp-json\/wp\/v2\/pages\/30444","targetHints":{"allow":["GET"]}}],"collection":[{"href":"https:\/\/windpilot.com\/blog\/wp-json\/wp\/v2\/pages"}],"about":[{"href":"https:\/\/windpilot.com\/blog\/wp-json\/wp\/v2\/types\/page"}],"author":[{"embeddable":true,"href":"https:\/\/windpilot.com\/blog\/wp-json\/wp\/v2\/users\/1"}],"replies":[{"embeddable":true,"href":"https:\/\/windpilot.com\/blog\/wp-json\/wp\/v2\/comments?post=30444"}],"version-history":[{"count":25,"href":"https:\/\/windpilot.com\/blog\/wp-json\/wp\/v2\/pages\/30444\/revisions"}],"predecessor-version":[{"id":30480,"href":"https:\/\/windpilot.com\/blog\/wp-json\/wp\/v2\/pages\/30444\/revisions\/30480"}],"up":[{"embeddable":true,"href":"https:\/\/windpilot.com\/blog\/wp-json\/wp\/v2\/pages\/9971"}],"wp:attachment":[{"href":"https:\/\/windpilot.com\/blog\/wp-json\/wp\/v2\/media?parent=30444"}],"curies":[{"name":"wp","href":"https:\/\/api.w.org\/{rel}","templated":true}]}}