{"id":30663,"date":"2024-01-01T06:39:20","date_gmt":"2024-01-01T13:39:20","guid":{"rendered":"https:\/\/windpilot.com\/blog\/?page_id=30663"},"modified":"2024-01-02T10:41:17","modified_gmt":"2024-01-02T17:41:17","slug":"olle-enderlein","status":"publish","type":"page","link":"https:\/\/windpilot.com\/blog\/portraits\/olle-enderlein\/","title":{"rendered":"Olle Enderlein"},"content":{"rendered":"<p><strong>DER STILLE STAR KONSTRUKTEUR F\u00dcR BLAUWASSERSEGLER<\/strong><br \/>\n<img loading=\"lazy\" decoding=\"async\" src=\"https:\/\/windpilot.com\/blog\/wp-content\/uploads\/2024\/01\/OE-32-Bagshaw-Kopie-1024x683.jpg\" alt=\"\" width=\"640\" height=\"427\" class=\"aligncenter size-large wp-image-30665\" srcset=\"https:\/\/windpilot.com\/blog\/wp-content\/uploads\/2024\/01\/OE-32-Bagshaw-Kopie-1024x683.jpg 1024w, https:\/\/windpilot.com\/blog\/wp-content\/uploads\/2024\/01\/OE-32-Bagshaw-Kopie-300x200.jpg 300w, https:\/\/windpilot.com\/blog\/wp-content\/uploads\/2024\/01\/OE-32-Bagshaw-Kopie-768x512.jpg 768w, https:\/\/windpilot.com\/blog\/wp-content\/uploads\/2024\/01\/OE-32-Bagshaw-Kopie-1536x1024.jpg 1536w, https:\/\/windpilot.com\/blog\/wp-content\/uploads\/2024\/01\/OE-32-Bagshaw-Kopie.jpg 2048w\" sizes=\"auto, (max-width: 640px) 100vw, 640px\" \/><img loading=\"lazy\" decoding=\"async\" src=\"https:\/\/windpilot.com\/blog\/wp-content\/uploads\/2024\/01\/OE-32-Kopie-300x300.jpg\" alt=\"\" width=\"300\" height=\"300\" class=\"alignleft size-medium wp-image-30666\" srcset=\"https:\/\/windpilot.com\/blog\/wp-content\/uploads\/2024\/01\/OE-32-Kopie-300x300.jpg 300w, https:\/\/windpilot.com\/blog\/wp-content\/uploads\/2024\/01\/OE-32-Kopie-1024x1024.jpg 1024w, https:\/\/windpilot.com\/blog\/wp-content\/uploads\/2024\/01\/OE-32-Kopie-150x150.jpg 150w, https:\/\/windpilot.com\/blog\/wp-content\/uploads\/2024\/01\/OE-32-Kopie-768x768.jpg 768w, https:\/\/windpilot.com\/blog\/wp-content\/uploads\/2024\/01\/OE-32-Kopie.jpg 1344w\" sizes=\"auto, (max-width: 300px) 100vw, 300px\" \/>Eigentlich wollte ich nur mal kurz erfassen, wieviele OE32 denn wohl das Licht der Welt erblickt haben, immerhin eine besondere Ikone vieler Blauwassersegler, die seit Jahrzehnten mit diesen Schiff in tiefem Wasser unterwegs und teils abenteuerliche Reisen unternommen haben. Wie z.B. Jeremy Bagshaw, der mit seiner Olleanna 40.000 sm innerhalb von 14 Monaten im Verlauf des GOLDEN GLOBE RACES 2022 im Kielwasser hinter sich gelassen hat.<br \/>\n<strong>200 OE 32<\/strong>, eine stattliche Zahl, und ich vermute, dass wohl die meisten diese Schiffe<br \/>\n<img loading=\"lazy\" decoding=\"async\" src=\"https:\/\/windpilot.com\/blog\/wp-content\/uploads\/2024\/01\/DSC03043-Kopie-300x225.jpg\" alt=\"\" width=\"300\" height=\"225\" class=\"alignleft size-medium wp-image-30670\" srcset=\"https:\/\/windpilot.com\/blog\/wp-content\/uploads\/2024\/01\/DSC03043-Kopie-300x225.jpg 300w, https:\/\/windpilot.com\/blog\/wp-content\/uploads\/2024\/01\/DSC03043-Kopie-1024x768.jpg 1024w, https:\/\/windpilot.com\/blog\/wp-content\/uploads\/2024\/01\/DSC03043-Kopie-768x576.jpg 768w, https:\/\/windpilot.com\/blog\/wp-content\/uploads\/2024\/01\/DSC03043-Kopie.jpg 1280w\" sizes=\"auto, (max-width: 300px) 100vw, 300px\" \/>noch lebendig sind, denn immerhin wurden sie damals in einer Art und Weise in Schweden solide gebaut, dass sie im Langzeitbetrieb ihre Substanz nicht hat weich werden lassen. Was ja heute bei anderen Schiffen \u00e4hnlicher Baujahre schon mal zu beobachten ist. Die Spreu vom Weizen eben, was der Wiederverkaufswert dieser Schiffe spiegelt.<br \/>\n<img loading=\"lazy\" decoding=\"async\" src=\"https:\/\/windpilot.com\/blog\/wp-content\/uploads\/2024\/01\/DSC_0103-Kopie-2-300x200.jpeg\" alt=\"\" width=\"300\" height=\"200\" class=\"alignleft size-medium wp-image-30672\" srcset=\"https:\/\/windpilot.com\/blog\/wp-content\/uploads\/2024\/01\/DSC_0103-Kopie-2-300x200.jpeg 300w, https:\/\/windpilot.com\/blog\/wp-content\/uploads\/2024\/01\/DSC_0103-Kopie-2-1024x683.jpeg 1024w, https:\/\/windpilot.com\/blog\/wp-content\/uploads\/2024\/01\/DSC_0103-Kopie-2-768x512.jpeg 768w, https:\/\/windpilot.com\/blog\/wp-content\/uploads\/2024\/01\/DSC_0103-Kopie-2.jpeg 1280w\" sizes=\"auto, (max-width: 300px) 100vw, 300px\" \/><br \/>\nVermutlich geh\u00f6rt die OE 32 zu den Schiffen, von denen ich prozentual die meisten ausger\u00fcstet habe, denn fast 20% der OE Flotte ist mit meinen Steuersklaven unterwegs.<br \/>\n<iframe loading=\"lazy\" width=\"560\" height=\"315\" src=\"https:\/\/www.youtube.com\/embed\/Gg2VV4NPbsc?si=8KDzHTvPDFa3j1W7\" title=\"YouTube video player\" frameborder=\"0\" allow=\"accelerometer; autoplay; clipboard-write; encrypted-media; gyroscope; picture-in-picture; web-share\" allowfullscreen><\/iframe><\/p>\n<blockquote class=\"wp-embedded-content\" data-secret=\"ONWpH4M8h4\"><p><a href=\"https:\/\/windpilot.com\/blog\/golden-globe-race\/golden-globe-race-2022\/dons-pyrrussieg\/\">Don\u00b4s Pyrrussieg<\/a><\/p><\/blockquote>\n<p><iframe loading=\"lazy\" class=\"wp-embedded-content\" sandbox=\"allow-scripts\" security=\"restricted\" style=\"position: absolute; clip: rect(1px, 1px, 1px, 1px);\" title=\"&#8222;Don\u00b4s Pyrrussieg&#8220; &#8212; Windpilot Blog\" src=\"https:\/\/windpilot.com\/blog\/golden-globe-race\/golden-globe-race-2022\/dons-pyrrussieg\/embed\/#?secret=Bs5wnlnquT#?secret=ONWpH4M8h4\" data-secret=\"ONWpH4M8h4\" width=\"600\" height=\"338\" frameborder=\"0\" marginwidth=\"0\" marginheight=\"0\" scrolling=\"no\"><\/iframe><\/p>\n<blockquote class=\"wp-embedded-content\" data-secret=\"aK1R0Spkzd\"><p><a href=\"https:\/\/windpilot.com\/blog\/deutsch-yacht-delius-klasing\/jeremy-bagshaw\/\">Jeremy Bagshaw<\/a><\/p><\/blockquote>\n<p><iframe loading=\"lazy\" class=\"wp-embedded-content\" sandbox=\"allow-scripts\" security=\"restricted\" style=\"position: absolute; clip: rect(1px, 1px, 1px, 1px);\" title=\"&#8222;Jeremy Bagshaw&#8220; &#8212; Windpilot Blog\" src=\"https:\/\/windpilot.com\/blog\/deutsch-yacht-delius-klasing\/jeremy-bagshaw\/embed\/#?secret=eZRClsCGfT#?secret=aK1R0Spkzd\" data-secret=\"aK1R0Spkzd\" width=\"600\" height=\"338\" frameborder=\"0\" marginwidth=\"0\" marginheight=\"0\" scrolling=\"no\"><\/iframe><br \/>\n<img loading=\"lazy\" decoding=\"async\" src=\"https:\/\/windpilot.com\/blog\/wp-content\/uploads\/2024\/01\/kjell-readyto-leave-Kopie-1024x583.jpg\" alt=\"\" width=\"640\" height=\"364\" class=\"aligncenter size-large wp-image-30675\" srcset=\"https:\/\/windpilot.com\/blog\/wp-content\/uploads\/2024\/01\/kjell-readyto-leave-Kopie-1024x583.jpg 1024w, https:\/\/windpilot.com\/blog\/wp-content\/uploads\/2024\/01\/kjell-readyto-leave-Kopie-300x171.jpg 300w, https:\/\/windpilot.com\/blog\/wp-content\/uploads\/2024\/01\/kjell-readyto-leave-Kopie-768x437.jpg 768w, https:\/\/windpilot.com\/blog\/wp-content\/uploads\/2024\/01\/kjell-readyto-leave-Kopie-1536x875.jpg 1536w, https:\/\/windpilot.com\/blog\/wp-content\/uploads\/2024\/01\/kjell-readyto-leave-Kopie-2048x1166.jpg 2048w\" sizes=\"auto, (max-width: 640px) 100vw, 640px\" \/><img loading=\"lazy\" decoding=\"async\" src=\"https:\/\/windpilot.com\/blog\/wp-content\/uploads\/2024\/01\/Kjell-Kopie-1024x788.jpg\" alt=\"\" width=\"640\" height=\"493\" class=\"aligncenter size-large wp-image-30676\" srcset=\"https:\/\/windpilot.com\/blog\/wp-content\/uploads\/2024\/01\/Kjell-Kopie-1024x788.jpg 1024w, https:\/\/windpilot.com\/blog\/wp-content\/uploads\/2024\/01\/Kjell-Kopie-300x231.jpg 300w, https:\/\/windpilot.com\/blog\/wp-content\/uploads\/2024\/01\/Kjell-Kopie-768x591.jpg 768w, https:\/\/windpilot.com\/blog\/wp-content\/uploads\/2024\/01\/Kjell-Kopie-1536x1183.jpg 1536w, https:\/\/windpilot.com\/blog\/wp-content\/uploads\/2024\/01\/Kjell-Kopie-2048x1577.jpg 2048w\" sizes=\"auto, (max-width: 640px) 100vw, 640px\" \/>Vergleichbar und sehr \u00e4hnlich ist die Vagabond 31 ( design Harry Becker ) von der ich 15 % der gebauten 60 Schiffe ausger\u00fcstet habe. <\/p>\n<p>Ein Blick auf die Lebensleistung von Olle Enderlein offenbart Erstaunliches. Hier eine schnelle Liste der von ihm konstruierten Schiffe, sowie die Anzahl der gebauten Einheiten. Ein Aha Erlebnis der besonderen Art.<\/p>\n<p><strong>Olle Enderlein 1917 &#8211; 1993<\/strong>hat in seinem Leben 200 Schiffe konstruiert<\/p>\n<p>Monsun 31      906    davon 116 mit Windpilot<br \/>\nHR 352, \u00a0 \u00a0    802    davon  95 mit Windpilot<br \/>\nHR 38, \u00a0 \u00a0 \u00a0   202    davon 109 mit Windpilot<br \/>\nHR 382, \u00a0 \u00a0    116    davon  36 mit Windpilot<br \/>\nHR 41, \u00a0 \u00a0 \u00a0   105    davon  18 mit Windpilot<br \/>\nHR 42, \u00a0 \u00a0 \u00a0 \u00a0 181    davon  61 mit Windpilot<br \/>\nHR 49, \u00a0 \u00a0 \u00a0 \u00a0  89    davon  16 mit Windpilot<br \/>\nRasmus 35,     760    davon 106 mit Windpilot<br \/>\nMistress 32,   110    davon   6 mit Windpilot<br \/>\nMistral 33, \u00a0  216    davon  22 mit Windpilot<br \/>\nShipman 28,   1000    davon  44 mit Windpilot<br \/>\nOE 32,         200    davon  38 mit Windpilot<br \/>\nOE 36, \u00a0       170    davon  21 mit Windpilot<br \/>\nNord 80, \u00a0     260    davon  14 mit Windpilot<br \/>\nNajad  34,\u00a0 343,\u00a0 St\u00fcckzahlen nicht bekannt<\/p>\n<p>In der Summe wurden ca 5000 \u2013 6000  von OE konstruierte Schiffe in Serien von bekannten Werften hergestellt. Ihnen allen identische Konstruktionsmerkmale:<br \/>\n&#8211; Langkieler mit am Kiel angeh\u00e4ngtem Ruder solidester Bauweise<br \/>\n&#8211; Finnkiel mit separatem Ruder an solidem Skeg<br \/>\n&#8211; Motor mit Propeller am Schaft<br \/>\nlanglebige Bauweise mit geringer Zahl von Schwachstellen<\/p>\n<blockquote class=\"wp-embedded-content\" data-secret=\"NFpuNH7ped\"><p><a href=\"https:\/\/windpilot.com\/blog\/schiffe\/suendenfall-ruder\/ruder-als-herz\/\">Ruder als Herz<\/a><\/p><\/blockquote>\n<p><iframe loading=\"lazy\" class=\"wp-embedded-content\" sandbox=\"allow-scripts\" security=\"restricted\" style=\"position: absolute; clip: rect(1px, 1px, 1px, 1px);\" title=\"&#8222;Ruder als Herz&#8220; &#8212; Windpilot Blog\" src=\"https:\/\/windpilot.com\/blog\/schiffe\/suendenfall-ruder\/ruder-als-herz\/embed\/#?secret=m0WLIfawyc#?secret=NFpuNH7ped\" data-secret=\"NFpuNH7ped\" width=\"600\" height=\"338\" frameborder=\"0\" marginwidth=\"0\" marginheight=\"0\" scrolling=\"no\"><\/iframe><\/p>\n<p>Ist es nicht erstaunlich, dass selbst 30 Jahre nach dem Tode von Olle Enderlein im Jahre 1993 seine Schiffe auf weltweiten Gew\u00e4ssern immer noch weit verbreitet sind? Dies zeugt von der Qualit\u00e4t der Konstruktion und nat\u00fcrlich auch der soliden Bauausf\u00fchrung der meist skandinavischen Bauwerften.<\/p>\n<p>Es erstaunt mich selbst, dass die OE Schiffe s\u00e4mtlicher Typen, zu den am meisten mit Windpilot ausger\u00fcsteten Schiffen z\u00e4hlen. Der Z\u00e4hler steht bei ca 1.000 Schiffen, da meine Datenbank erst im Jahre 2000 generiert wurde.<\/p>\n<p>F\u00fcr mich ist das eine Neujahrs\u00fcberraschung!<\/p>\n<p>01.01.2024<br \/>\nPeter Foerthmann<br \/>\n<img loading=\"lazy\" decoding=\"async\" src=\"https:\/\/windpilot.com\/blog\/wp-content\/uploads\/2024\/01\/IMG_7075-Kopie-300x225.jpeg\" alt=\"\" width=\"300\" height=\"225\" class=\"alignleft size-medium wp-image-30678\" srcset=\"https:\/\/windpilot.com\/blog\/wp-content\/uploads\/2024\/01\/IMG_7075-Kopie-300x225.jpeg 300w, https:\/\/windpilot.com\/blog\/wp-content\/uploads\/2024\/01\/IMG_7075-Kopie-1024x768.jpeg 1024w, https:\/\/windpilot.com\/blog\/wp-content\/uploads\/2024\/01\/IMG_7075-Kopie-768x576.jpeg 768w, https:\/\/windpilot.com\/blog\/wp-content\/uploads\/2024\/01\/IMG_7075-Kopie.jpeg 1280w\" sizes=\"auto, (max-width: 300px) 100vw, 300px\" \/><\/p>\n<p>Weiterf\u00fchrende Links:<\/p>\n<blockquote class=\"wp-embedded-content\" data-secret=\"FxqAIRxEUU\"><p><a href=\"https:\/\/windpilot.com\/blog\/schiffe\/suendenfall-ruder\/ruder\/\">Pflicht + K\u00fcr<\/a><\/p><\/blockquote>\n<p><iframe loading=\"lazy\" class=\"wp-embedded-content\" sandbox=\"allow-scripts\" security=\"restricted\" style=\"position: absolute; clip: rect(1px, 1px, 1px, 1px);\" title=\"&#8222;Pflicht + K\u00fcr&#8220; &#8212; Windpilot Blog\" src=\"https:\/\/windpilot.com\/blog\/schiffe\/suendenfall-ruder\/ruder\/embed\/#?secret=qHOIBJlr3a#?secret=FxqAIRxEUU\" data-secret=\"FxqAIRxEUU\" width=\"600\" height=\"338\" frameborder=\"0\" marginwidth=\"0\" marginheight=\"0\" scrolling=\"no\"><\/iframe><\/p>\n<blockquote class=\"wp-embedded-content\" data-secret=\"h6Ic3yiIvd\"><p><a href=\"https:\/\/windpilot.com\/blog\/schiffe\/suendenfall-ruder\/suendenfall-ruder\/\">S\u00fcnden<\/a><\/p><\/blockquote>\n<p><iframe loading=\"lazy\" class=\"wp-embedded-content\" sandbox=\"allow-scripts\" security=\"restricted\" style=\"position: absolute; clip: rect(1px, 1px, 1px, 1px);\" title=\"&#8222;S\u00fcnden&#8220; &#8212; Windpilot Blog\" src=\"https:\/\/windpilot.com\/blog\/schiffe\/suendenfall-ruder\/suendenfall-ruder\/embed\/#?secret=TKxbxUtSdc#?secret=h6Ic3yiIvd\" data-secret=\"h6Ic3yiIvd\" width=\"600\" height=\"338\" frameborder=\"0\" marginwidth=\"0\" marginheight=\"0\" scrolling=\"no\"><\/iframe><\/p>\n<blockquote class=\"wp-embedded-content\" data-secret=\"uBltQcJ7mL\"><p><a href=\"https:\/\/windpilot.com\/blog\/schiffe\/suendenfall-ruder\/ruderbruch-geschichten\/\">Orca &#8211; Havarien<\/a><\/p><\/blockquote>\n<p><iframe loading=\"lazy\" class=\"wp-embedded-content\" sandbox=\"allow-scripts\" security=\"restricted\" style=\"position: absolute; clip: rect(1px, 1px, 1px, 1px);\" title=\"&#8222;Orca &#8211; Havarien&#8220; &#8212; Windpilot Blog\" src=\"https:\/\/windpilot.com\/blog\/schiffe\/suendenfall-ruder\/ruderbruch-geschichten\/embed\/#?secret=KMIaQ4gxOc#?secret=uBltQcJ7mL\" data-secret=\"uBltQcJ7mL\" width=\"600\" height=\"338\" frameborder=\"0\" marginwidth=\"0\" marginheight=\"0\" scrolling=\"no\"><\/iframe><\/p>\n<blockquote class=\"wp-embedded-content\" data-secret=\"jBVW6zAbz1\"><p><a href=\"https:\/\/windpilot.com\/blog\/schiffe\/oyster-daemmerung\/saildrive\/\">Saildrive<\/a><\/p><\/blockquote>\n<p><iframe loading=\"lazy\" class=\"wp-embedded-content\" sandbox=\"allow-scripts\" security=\"restricted\" style=\"position: absolute; clip: rect(1px, 1px, 1px, 1px);\" title=\"&#8222;Saildrive&#8220; &#8212; Windpilot Blog\" src=\"https:\/\/windpilot.com\/blog\/schiffe\/oyster-daemmerung\/saildrive\/embed\/#?secret=baWPBKWVJD#?secret=jBVW6zAbz1\" data-secret=\"jBVW6zAbz1\" width=\"600\" height=\"338\" frameborder=\"0\" marginwidth=\"0\" marginheight=\"0\" scrolling=\"no\"><\/iframe><\/p>\n<blockquote class=\"wp-embedded-content\" data-secret=\"hef3owFzZy\"><p><a href=\"https:\/\/windpilot.com\/blog\/schiffe\/oyster-daemmerung\/achillesfersen\/\">Achillesfersen<\/a><\/p><\/blockquote>\n<p><iframe loading=\"lazy\" class=\"wp-embedded-content\" sandbox=\"allow-scripts\" security=\"restricted\" style=\"position: absolute; clip: rect(1px, 1px, 1px, 1px);\" title=\"&#8222;Achillesfersen&#8220; &#8212; Windpilot Blog\" src=\"https:\/\/windpilot.com\/blog\/schiffe\/oyster-daemmerung\/achillesfersen\/embed\/#?secret=iRBF1CQJrW#?secret=hef3owFzZy\" data-secret=\"hef3owFzZy\" width=\"600\" height=\"338\" frameborder=\"0\" marginwidth=\"0\" marginheight=\"0\" scrolling=\"no\"><\/iframe><\/p>\n<blockquote class=\"wp-embedded-content\" data-secret=\"9oHXjRsRqf\"><p><a href=\"https:\/\/windpilot.com\/blog\/schiffe\/oyster-daemmerung\/wasserbremsen\/\">Wasserbremsen<\/a><\/p><\/blockquote>\n<p><iframe loading=\"lazy\" class=\"wp-embedded-content\" sandbox=\"allow-scripts\" security=\"restricted\" style=\"position: absolute; clip: rect(1px, 1px, 1px, 1px);\" title=\"&#8222;Wasserbremsen&#8220; &#8212; Windpilot Blog\" src=\"https:\/\/windpilot.com\/blog\/schiffe\/oyster-daemmerung\/wasserbremsen\/embed\/#?secret=Z7vvFedEac#?secret=9oHXjRsRqf\" data-secret=\"9oHXjRsRqf\" width=\"600\" height=\"338\" frameborder=\"0\" marginwidth=\"0\" marginheight=\"0\" scrolling=\"no\"><\/iframe><\/p>\n","protected":false},"excerpt":{"rendered":"<p>DER STILLE STAR KONSTRUKTEUR F\u00dcR BLAUWASSERSEGLER Eigentlich wollte ich nur mal kurz erfassen, wieviele OE32 denn wohl das Licht der Welt erblickt haben, immerhin eine besondere Ikone vieler Blauwassersegler, die seit Jahrzehnten mit diesen Schiff in tiefem Wasser unterwegs und &hellip; <a href=\"https:\/\/windpilot.com\/blog\/portraits\/olle-enderlein\/\">Weiterlesen <span class=\"meta-nav\">&rarr;<\/span><\/a><\/p>\n","protected":false},"author":1,"featured_media":0,"parent":28252,"menu_order":-12,"comment_status":"open","ping_status":"open","template":"","meta":{"footnotes":""},"class_list":["post-30663","page","type-page","status-publish","hentry"],"_links":{"self":[{"href":"https:\/\/windpilot.com\/blog\/wp-json\/wp\/v2\/pages\/30663","targetHints":{"allow":["GET"]}}],"collection":[{"href":"https:\/\/windpilot.com\/blog\/wp-json\/wp\/v2\/pages"}],"about":[{"href":"https:\/\/windpilot.com\/blog\/wp-json\/wp\/v2\/types\/page"}],"author":[{"embeddable":true,"href":"https:\/\/windpilot.com\/blog\/wp-json\/wp\/v2\/users\/1"}],"replies":[{"embeddable":true,"href":"https:\/\/windpilot.com\/blog\/wp-json\/wp\/v2\/comments?post=30663"}],"version-history":[{"count":10,"href":"https:\/\/windpilot.com\/blog\/wp-json\/wp\/v2\/pages\/30663\/revisions"}],"predecessor-version":[{"id":30683,"href":"https:\/\/windpilot.com\/blog\/wp-json\/wp\/v2\/pages\/30663\/revisions\/30683"}],"up":[{"embeddable":true,"href":"https:\/\/windpilot.com\/blog\/wp-json\/wp\/v2\/pages\/28252"}],"wp:attachment":[{"href":"https:\/\/windpilot.com\/blog\/wp-json\/wp\/v2\/media?parent=30663"}],"curies":[{"name":"wp","href":"https:\/\/api.w.org\/{rel}","templated":true}]}}