{"id":30839,"date":"2024-02-24T08:50:21","date_gmt":"2024-02-24T15:50:21","guid":{"rendered":"https:\/\/windpilot.com\/blog\/?page_id=30839"},"modified":"2024-02-24T08:50:21","modified_gmt":"2024-02-24T15:50:21","slug":"blog-als-augenfutter","status":"publish","type":"page","link":"https:\/\/windpilot.com\/blog\/columns\/peter-der-markt\/windvane-politics-2\/blog-als-augenfutter\/","title":{"rendered":"Blog als Augenfutter"},"content":{"rendered":"<p><strong>DIE STILLEN UND DIE LAUTEN<\/strong><br \/>\n<img loading=\"lazy\" decoding=\"async\" src=\"https:\/\/windpilot.com\/blog\/wp-content\/uploads\/2024\/02\/SoBlume.jpeg\" alt=\"\" width=\"640\" height=\"480\" class=\"aligncenter size-full wp-image-30841\" srcset=\"https:\/\/windpilot.com\/blog\/wp-content\/uploads\/2024\/02\/SoBlume.jpeg 640w, https:\/\/windpilot.com\/blog\/wp-content\/uploads\/2024\/02\/SoBlume-300x225.jpeg 300w\" sizes=\"auto, (max-width: 640px) 100vw, 640px\" \/>Ich bin ein Crossover zwischen beiden,\u00a0<br \/>\nderweil ich schreibe, ergo bleibe<br \/>\nAllerdings laufen bei mir die Dinge kreuz und quer,<br \/>\nweil bei mir der Web Verkehr\u00a0<br \/>\ngegen den Strom verl\u00e4uft, wie beim Lachs<br \/>\nweil es mir nicht um\u00b4s Geldverdienen geht,<br \/>\nwas nicht jeder versteht, der meine Elogen liest\u00a0<br \/>\nund sich fragen mag,<br \/>\nwas will der Peter bloss?<br \/>\nWarum tut er das?<\/p>\n<p><img loading=\"lazy\" decoding=\"async\" src=\"https:\/\/windpilot.com\/blog\/wp-content\/uploads\/2024\/02\/IMG_3594-225x300.jpeg\" alt=\"\" width=\"225\" height=\"300\" class=\"alignleft size-medium wp-image-30866\" srcset=\"https:\/\/windpilot.com\/blog\/wp-content\/uploads\/2024\/02\/IMG_3594-225x300.jpeg 225w, https:\/\/windpilot.com\/blog\/wp-content\/uploads\/2024\/02\/IMG_3594-768x1024.jpeg 768w, https:\/\/windpilot.com\/blog\/wp-content\/uploads\/2024\/02\/IMG_3594-rotated.jpeg 960w\" sizes=\"auto, (max-width: 225px) 100vw, 225px\" \/>Das R\u00e4tsel ist so einfach wie schnell gel\u00f6st<br \/>\nes handelt sich hier um ein inneres Ventil<br \/>\ndas den \u00dcberdruck reguliert,<br \/>\nderweil man ansonsten platzen w\u00fcrde<br \/>\nwenn man sich nix von der Seele schreiben,<br \/>\noder gar gar nix mehr zu sagen h\u00e4tte?<br \/>\nMan vielleicht sogar an Langeweile leiden,<br \/>\nsodann streamen und Netflix abonnieren m\u00fcsste?<br \/>\nNein! &#8211; Hilfe \u2013 Nein!<\/p>\n<p>Es sind die menschlichen Geschichten,<br \/>\ndie mich faszinieren,<br \/>\nnicht die lauten, die nur Klicks gerieren,\u00a0<br \/>\ndie dann kleine M\u00e4use substituieren,<br \/>\n<img loading=\"lazy\" decoding=\"async\" src=\"https:\/\/windpilot.com\/blog\/wp-content\/uploads\/2024\/02\/IMG_9371-Kopie-225x300.jpeg\" alt=\"\" width=\"225\" height=\"300\" class=\"alignleft size-medium wp-image-30853\" srcset=\"https:\/\/windpilot.com\/blog\/wp-content\/uploads\/2024\/02\/IMG_9371-Kopie-225x300.jpeg 225w, https:\/\/windpilot.com\/blog\/wp-content\/uploads\/2024\/02\/IMG_9371-Kopie-768x1024.jpeg 768w, https:\/\/windpilot.com\/blog\/wp-content\/uploads\/2024\/02\/IMG_9371-Kopie.jpeg 960w\" sizes=\"auto, (max-width: 225px) 100vw, 225px\" \/>wenn auch nur sachte, weil bei SM,<br \/>\ndas Sado Maso r\u00fcckw\u00e4rts funktioniert,<br \/>\nderweil Social Media\u00a0<br \/>\nvermeintlich anders herum verl\u00e4uft,<br \/>\nweil dort Algorithmen die Biomasse vorsortieren,<br \/>\nund dabei angelegentlich und so bequem Follower generieren,<br \/>\nwobei Egos wachsen, quellen und schwindelig werden k\u00f6nnen<br \/>\num sich abzuheben von einer Masse,<br \/>\ndie man vorgeblich so sehr verehrt<br \/>\nderweil man sie manchmal gar nicht kennen lernen m\u00f6chte,<br \/>\ngleichwohl man sie mit Herzchen und Emojis beehrt.<\/p>\n<p><img loading=\"lazy\" decoding=\"async\" src=\"https:\/\/windpilot.com\/blog\/wp-content\/uploads\/2024\/02\/IMG_1013-Kopie-225x300.jpeg\" alt=\"\" width=\"225\" height=\"300\" class=\"alignleft size-medium wp-image-30857\" srcset=\"https:\/\/windpilot.com\/blog\/wp-content\/uploads\/2024\/02\/IMG_1013-Kopie-225x300.jpeg 225w, https:\/\/windpilot.com\/blog\/wp-content\/uploads\/2024\/02\/IMG_1013-Kopie-768x1024.jpeg 768w, https:\/\/windpilot.com\/blog\/wp-content\/uploads\/2024\/02\/IMG_1013-Kopie-rotated.jpeg 960w\" sizes=\"auto, (max-width: 225px) 100vw, 225px\" \/>Ich schreibe mein Leben auf,<br \/>\ndenn es hat einen rasanten Verlauf.<br \/>\nIch treffe Menschen, die meine Birne schnell sortiert<br \/>\nIn Millisekunden wird mein Interesse geweckt<br \/>\noder erschreckt<br \/>\nsodann kommt eine Meinung raus<br \/>\nwie eine Maus<br \/>\ndie den K\u00e4se entdeckt.<br \/>\nDas schreibe ich dann auf,\u00a0<br \/>\ndrehe und wende den Braten ein bisschen<br \/>\nund freue mich,<br \/>\nwenn ich wieder etwas gefunden habe,<br \/>\nwie das Ei der Osterhase.<\/p>\n<p><img loading=\"lazy\" decoding=\"async\" src=\"https:\/\/windpilot.com\/blog\/wp-content\/uploads\/2024\/02\/IMG_9004-Kopie-225x300.jpeg\" alt=\"\" width=\"225\" height=\"300\" class=\"alignleft size-medium wp-image-30861\" srcset=\"https:\/\/windpilot.com\/blog\/wp-content\/uploads\/2024\/02\/IMG_9004-Kopie-225x300.jpeg 225w, https:\/\/windpilot.com\/blog\/wp-content\/uploads\/2024\/02\/IMG_9004-Kopie-768x1024.jpeg 768w, https:\/\/windpilot.com\/blog\/wp-content\/uploads\/2024\/02\/IMG_9004-Kopie-rotated.jpeg 960w\" sizes=\"auto, (max-width: 225px) 100vw, 225px\" \/>Wer das ganze finanziert?<br \/>\nKeine Ahnung, untersuchen wir den Fall.<br \/>\n&#8211; Der durch diese Zeilen hindurch spaziert?<br \/>\n&#8211; Der nach Neuigkeiten giert?<br \/>\n&#8211; Der sich in Blogs und Meldungen verliert?<br \/>\n&#8211; Der von Inga\u00b4s Cartoon\u00b4s fasziniert?<br \/>\nwomit Olgalou\u00b4s Reise zu den Palmen finanziert?<\/p>\n<p>Der Systemfehler dieses Blogs liegt auf der Hand<br \/>\ner besteht darin, dass er eben nix zu verdienen hat,<br \/>\nweil der Motor der Verfassers durch Idealismus betankt,<br \/>\nanstatt durch Klicks schn\u00f6des Bares zu erzeugen hat,<\/p>\n<p><img loading=\"lazy\" decoding=\"async\" src=\"https:\/\/windpilot.com\/blog\/wp-content\/uploads\/2024\/02\/IMG_0995-Kopie-225x300.jpeg\" alt=\"\" width=\"225\" height=\"300\" class=\"alignleft size-medium wp-image-30851\" srcset=\"https:\/\/windpilot.com\/blog\/wp-content\/uploads\/2024\/02\/IMG_0995-Kopie-225x300.jpeg 225w, https:\/\/windpilot.com\/blog\/wp-content\/uploads\/2024\/02\/IMG_0995-Kopie-768x1024.jpeg 768w, https:\/\/windpilot.com\/blog\/wp-content\/uploads\/2024\/02\/IMG_0995-Kopie-rotated.jpeg 960w\" sizes=\"auto, (max-width: 225px) 100vw, 225px\" \/>eine Sprache, die heute jedermann sofort versteht<br \/>\nweil sich schlie\u00dflich alles immer nur um die Knete dreht,<br \/>\nwie fast jeder denkt.<br \/>\nNur eben der Peter nicht,<br \/>\nweil er vielleicht im Kopf nicht ganz dicht?<br \/>\nAber nein, so ist das nicht!<br \/>\nMein Leben ist von Heckverzierungen durch finanziert,<br \/>\nder Quell fortlaufender Rechnungen wird durch die Weitergabe von Steuersklaven gegen Entgelt ausgeglichen.<br \/>\nSo einfach ist das. Wirklich Wirklich, wie Shreck zu sagen pflegte.<\/p>\n<p><img loading=\"lazy\" decoding=\"async\" src=\"https:\/\/windpilot.com\/blog\/wp-content\/uploads\/2024\/02\/IMG_1024-225x300.jpg\" alt=\"\" width=\"225\" height=\"300\" class=\"alignleft size-medium wp-image-30870\" srcset=\"https:\/\/windpilot.com\/blog\/wp-content\/uploads\/2024\/02\/IMG_1024-225x300.jpg 225w, https:\/\/windpilot.com\/blog\/wp-content\/uploads\/2024\/02\/IMG_1024-768x1024.jpg 768w, https:\/\/windpilot.com\/blog\/wp-content\/uploads\/2024\/02\/IMG_1024-1152x1536.jpg 1152w, https:\/\/windpilot.com\/blog\/wp-content\/uploads\/2024\/02\/IMG_1024-rotated.jpg 1512w\" sizes=\"auto, (max-width: 225px) 100vw, 225px\" \/>Ich bin zum Alien geworden, ein Schreiber ohne Hintergedanken, der nicht durch Klickfu\u00dffallen L\u00f6hne und Geh\u00e4lter zu finanzieren hat,<br \/>\ndabei Gesundheitsschuhe, oder schnelles Blech im Beipack haben mu\u00df.<br \/>\nGanz ohne Zwang, wenn man den inneren \u00dcberdruck beiseite lassen w\u00fcrde.<br \/>\nAber genau darum geht es:\u00a0<br \/>\nIch habe eine Meinung<br \/>\nund die will raus<br \/>\nohne Wenn und Aber<br \/>\nweil sich in meinem Kopf eine Menge an Lebenserfahrung angesammelt hat.<br \/>\nMein Lohn, meine Kompensation?<br \/>\n<img loading=\"lazy\" decoding=\"async\" src=\"https:\/\/windpilot.com\/blog\/wp-content\/uploads\/2024\/02\/IMG_0241-225x300.jpg\" alt=\"\" width=\"225\" height=\"300\" class=\"alignleft size-medium wp-image-30873\" srcset=\"https:\/\/windpilot.com\/blog\/wp-content\/uploads\/2024\/02\/IMG_0241-225x300.jpg 225w, https:\/\/windpilot.com\/blog\/wp-content\/uploads\/2024\/02\/IMG_0241-768x1024.jpg 768w, https:\/\/windpilot.com\/blog\/wp-content\/uploads\/2024\/02\/IMG_0241-1152x1536.jpg 1152w, https:\/\/windpilot.com\/blog\/wp-content\/uploads\/2024\/02\/IMG_0241.jpg 1536w\" sizes=\"auto, (max-width: 225px) 100vw, 225px\" \/>Was mag das wohl sein?<br \/>\nWollen wir mal raten?<br \/>\nDas R\u00e4tsel ist schnell gel\u00f6st:<br \/>\nEs sind Besucherzahlen, die zur Welle geformt<br \/>\nmich manchmal unter sich begraben,<br \/>\ngleichwohl dieser Blog ganz ohne Firlefanz und Banner funktioniert<br \/>\nwas ihn vermutlich einzigartig macht<br \/>\nzumal er von einem einzelnen Humunkulus gemacht.<br \/>\n<strong>Zahlen k\u00f6nnen sprechen:<br \/>\n2010 &#8211; 2024<br \/>\n&#8211; 2648 Beitr\u00e4ge<br \/>\n&#8211;  862 Seiten<br \/>\nBesucherzahlen bleiben mein Geheimnis<br \/>\nman will ja keine schlafenden Hunde wecken.<\/strong><\/p>\n<p>24.02.2024<br \/>\nPeter Foerthmann<br \/>\n<img loading=\"lazy\" decoding=\"async\" src=\"https:\/\/windpilot.com\/blog\/wp-content\/uploads\/2024\/02\/Picnic-300x225.jpeg\" alt=\"\" width=\"300\" height=\"225\" class=\"alignleft size-medium wp-image-30876\" srcset=\"https:\/\/windpilot.com\/blog\/wp-content\/uploads\/2024\/02\/Picnic-300x225.jpeg 300w, https:\/\/windpilot.com\/blog\/wp-content\/uploads\/2024\/02\/Picnic-1024x768.jpeg 1024w, https:\/\/windpilot.com\/blog\/wp-content\/uploads\/2024\/02\/Picnic-768x576.jpeg 768w, https:\/\/windpilot.com\/blog\/wp-content\/uploads\/2024\/02\/Picnic.jpeg 1280w\" sizes=\"auto, (max-width: 300px) 100vw, 300px\" \/><\/p>\n<blockquote class=\"wp-embedded-content\" data-secret=\"E06pANjqPX\"><p><a href=\"https:\/\/windpilot.com\/blog\/columns\/sozial-oder-nicht\/deutsch-einhandsegeln\/\">Einhandsegeln<\/a><\/p><\/blockquote>\n<p><iframe loading=\"lazy\" class=\"wp-embedded-content\" sandbox=\"allow-scripts\" security=\"restricted\" style=\"position: absolute; clip: rect(1px, 1px, 1px, 1px);\" title=\"&#8222;Einhandsegeln&#8220; &#8212; Windpilot Blog\" src=\"https:\/\/windpilot.com\/blog\/columns\/sozial-oder-nicht\/deutsch-einhandsegeln\/embed\/#?secret=24xmEuU1LE#?secret=E06pANjqPX\" data-secret=\"E06pANjqPX\" width=\"600\" height=\"338\" frameborder=\"0\" marginwidth=\"0\" marginheight=\"0\" scrolling=\"no\"><\/iframe><\/p>\n<blockquote class=\"wp-embedded-content\" data-secret=\"ioB1jJH1gx\"><p><a href=\"https:\/\/windpilot.com\/blog\/columns\/peter-der-markt\/windvane-politics-2\/marketing-von-wsa\/\">Marketing von WSA<\/a><\/p><\/blockquote>\n<p><iframe loading=\"lazy\" class=\"wp-embedded-content\" sandbox=\"allow-scripts\" security=\"restricted\" style=\"position: absolute; clip: rect(1px, 1px, 1px, 1px);\" title=\"&#8222;Marketing von WSA&#8220; &#8212; Windpilot Blog\" src=\"https:\/\/windpilot.com\/blog\/columns\/peter-der-markt\/windvane-politics-2\/marketing-von-wsa\/embed\/#?secret=P6uV3rUc3g#?secret=ioB1jJH1gx\" data-secret=\"ioB1jJH1gx\" width=\"600\" height=\"338\" frameborder=\"0\" marginwidth=\"0\" marginheight=\"0\" scrolling=\"no\"><\/iframe><\/p>\n<blockquote class=\"wp-embedded-content\" data-secret=\"YLnx0ONZTK\"><p><a href=\"https:\/\/windpilot.com\/blog\/columns\/seminare\/deutsch-hanseboot-in-schwerer-see\/\">Hanseboot im Sturm<\/a><\/p><\/blockquote>\n<p><iframe loading=\"lazy\" class=\"wp-embedded-content\" sandbox=\"allow-scripts\" security=\"restricted\" style=\"position: absolute; clip: rect(1px, 1px, 1px, 1px);\" title=\"&#8222;Hanseboot im Sturm&#8220; &#8212; Windpilot Blog\" src=\"https:\/\/windpilot.com\/blog\/columns\/seminare\/deutsch-hanseboot-in-schwerer-see\/embed\/#?secret=rQULnPqOEJ#?secret=YLnx0ONZTK\" data-secret=\"YLnx0ONZTK\" width=\"600\" height=\"338\" frameborder=\"0\" marginwidth=\"0\" marginheight=\"0\" scrolling=\"no\"><\/iframe><\/p>\n","protected":false},"excerpt":{"rendered":"<p>DIE STILLEN UND DIE LAUTEN Ich bin ein Crossover zwischen beiden,\u00a0 derweil ich schreibe, ergo bleibe Allerdings laufen bei mir die Dinge kreuz und quer, weil bei mir der Web Verkehr\u00a0 gegen den Strom verl\u00e4uft, wie beim Lachs weil es &hellip; <a href=\"https:\/\/windpilot.com\/blog\/columns\/peter-der-markt\/windvane-politics-2\/blog-als-augenfutter\/\">Weiterlesen <span class=\"meta-nav\">&rarr;<\/span><\/a><\/p>\n","protected":false},"author":1,"featured_media":0,"parent":21073,"menu_order":-5,"comment_status":"open","ping_status":"open","template":"","meta":{"footnotes":""},"class_list":["post-30839","page","type-page","status-publish","hentry"],"_links":{"self":[{"href":"https:\/\/windpilot.com\/blog\/wp-json\/wp\/v2\/pages\/30839","targetHints":{"allow":["GET"]}}],"collection":[{"href":"https:\/\/windpilot.com\/blog\/wp-json\/wp\/v2\/pages"}],"about":[{"href":"https:\/\/windpilot.com\/blog\/wp-json\/wp\/v2\/types\/page"}],"author":[{"embeddable":true,"href":"https:\/\/windpilot.com\/blog\/wp-json\/wp\/v2\/users\/1"}],"replies":[{"embeddable":true,"href":"https:\/\/windpilot.com\/blog\/wp-json\/wp\/v2\/comments?post=30839"}],"version-history":[{"count":24,"href":"https:\/\/windpilot.com\/blog\/wp-json\/wp\/v2\/pages\/30839\/revisions"}],"predecessor-version":[{"id":30877,"href":"https:\/\/windpilot.com\/blog\/wp-json\/wp\/v2\/pages\/30839\/revisions\/30877"}],"up":[{"embeddable":true,"href":"https:\/\/windpilot.com\/blog\/wp-json\/wp\/v2\/pages\/21073"}],"wp:attachment":[{"href":"https:\/\/windpilot.com\/blog\/wp-json\/wp\/v2\/media?parent=30839"}],"curies":[{"name":"wp","href":"https:\/\/api.w.org\/{rel}","templated":true}]}}