{"id":31133,"date":"2024-05-01T10:25:53","date_gmt":"2024-05-01T17:25:53","guid":{"rendered":"https:\/\/windpilot.com\/blog\/?page_id=31133"},"modified":"2024-05-01T10:27:59","modified_gmt":"2024-05-01T17:27:59","slug":"fantasi-37","status":"publish","type":"page","link":"https:\/\/windpilot.com\/blog\/schiffe\/gebrauchtyachten\/fantasi-37\/","title":{"rendered":"Fantasi 37"},"content":{"rendered":"<p><strong>EIN SCHIFF ZUM TR\u00c4UMEN &#8211; 82 MAL GEBAUT<\/strong><br \/>\n<img loading=\"lazy\" decoding=\"async\" src=\"https:\/\/windpilot.com\/blog\/wp-content\/uploads\/2024\/05\/image3-Kopie.jpeg\" alt=\"\" width=\"1280\" height=\"885\" class=\"aligncenter size-full wp-image-31134\" srcset=\"https:\/\/windpilot.com\/blog\/wp-content\/uploads\/2024\/05\/image3-Kopie.jpeg 1280w, https:\/\/windpilot.com\/blog\/wp-content\/uploads\/2024\/05\/image3-Kopie-300x207.jpeg 300w, https:\/\/windpilot.com\/blog\/wp-content\/uploads\/2024\/05\/image3-Kopie-1024x708.jpeg 1024w, https:\/\/windpilot.com\/blog\/wp-content\/uploads\/2024\/05\/image3-Kopie-768x531.jpeg 768w\" sizes=\"auto, (max-width: 1280px) 100vw, 1280px\" \/>Wann immer ich eine Fantasi 37 sehe, huscht ein  breites Grinsen \u00fcber mein Gesicht, weil bei diesem Schiff f\u00fcr mich schlicht alles stimmt: Konstruktion, Linien, Bauweise, solideste schwedische Handwerkskunst, ausreichend Platz und enorme Seet\u00fcchtigkeit. Es ist kein Wunder, dass von der moderaten Zahl der gebauten Einheiten von insgesamt 82 Schiffen im Verlauf der Jahre 1974 &#8211; 188 erstaunlich viele weltweit unterwegs gewesen oder immer noch sind. F\u00fcr mich ein guter Grund, dieses Schiff hier einmal ins Ged\u00e4chtnis zu bringen, quasi ein Geheimtipp f\u00fcr Suchende nach einem Schiff, dass nur wenige Menschen kennen.<br \/>\n<img loading=\"lazy\" decoding=\"async\" src=\"https:\/\/windpilot.com\/blog\/wp-content\/uploads\/2024\/05\/Fantasi-37-NO-Kopie.jpeg\" alt=\"\" width=\"1280\" height=\"960\" class=\"aligncenter size-full wp-image-31136\" srcset=\"https:\/\/windpilot.com\/blog\/wp-content\/uploads\/2024\/05\/Fantasi-37-NO-Kopie.jpeg 1280w, https:\/\/windpilot.com\/blog\/wp-content\/uploads\/2024\/05\/Fantasi-37-NO-Kopie-300x225.jpeg 300w, https:\/\/windpilot.com\/blog\/wp-content\/uploads\/2024\/05\/Fantasi-37-NO-Kopie-1024x768.jpeg 1024w, https:\/\/windpilot.com\/blog\/wp-content\/uploads\/2024\/05\/Fantasi-37-NO-Kopie-768x576.jpeg 768w\" sizes=\"auto, (max-width: 1280px) 100vw, 1280px\" \/><img loading=\"lazy\" decoding=\"async\" src=\"https:\/\/windpilot.com\/blog\/wp-content\/uploads\/2024\/05\/image2-Kopie-rotated.jpeg\" alt=\"\" width=\"960\" height=\"1280\" class=\"aligncenter size-full wp-image-31137\" srcset=\"https:\/\/windpilot.com\/blog\/wp-content\/uploads\/2024\/05\/image2-Kopie-rotated.jpeg 960w, https:\/\/windpilot.com\/blog\/wp-content\/uploads\/2024\/05\/image2-Kopie-225x300.jpeg 225w, https:\/\/windpilot.com\/blog\/wp-content\/uploads\/2024\/05\/image2-Kopie-768x1024.jpeg 768w\" sizes=\"auto, (max-width: 960px) 100vw, 960px\" \/><br \/>\n<img loading=\"lazy\" decoding=\"async\" src=\"https:\/\/windpilot.com\/blog\/wp-content\/uploads\/2024\/05\/Fantasie-44-Kopie.jpg\" alt=\"\" width=\"1864\" height=\"1233\" class=\"aligncenter size-full wp-image-31138\" srcset=\"https:\/\/windpilot.com\/blog\/wp-content\/uploads\/2024\/05\/Fantasie-44-Kopie.jpg 1864w, https:\/\/windpilot.com\/blog\/wp-content\/uploads\/2024\/05\/Fantasie-44-Kopie-300x198.jpg 300w, https:\/\/windpilot.com\/blog\/wp-content\/uploads\/2024\/05\/Fantasie-44-Kopie-1024x677.jpg 1024w, https:\/\/windpilot.com\/blog\/wp-content\/uploads\/2024\/05\/Fantasie-44-Kopie-768x508.jpg 768w, https:\/\/windpilot.com\/blog\/wp-content\/uploads\/2024\/05\/Fantasie-44-Kopie-1536x1016.jpg 1536w\" sizes=\"auto, (max-width: 1864px) 100vw, 1864px\" \/>Die gr\u00f6ssere Schwester Fantasi 44 wurde ab 1995 nur in geringen St\u00fckzahlen gebaut, ein Schiff, das alle W\u00fcnsche befrieigen kann, gleichwohl es nur selten <a href=\"https:\/\/www.linjettcharter.se\/en\/fantasi-44-eng\/\">angeboten<\/a> wird.<br \/>\n<iframe loading=\"lazy\" width=\"560\" height=\"315\" src=\"https:\/\/www.youtube.com\/embed\/612bRmhhNhc?si=iOLy-zfQc-qgO971\" title=\"YouTube video player\" frameborder=\"0\" allow=\"accelerometer; autoplay; clipboard-write; encrypted-media; gyroscope; picture-in-picture; web-share\" referrerpolicy=\"strict-origin-when-cross-origin\" allowfullscreen><\/iframe><\/p>\n","protected":false},"excerpt":{"rendered":"<p>EIN SCHIFF ZUM TR\u00c4UMEN &#8211; 82 MAL GEBAUT Wann immer ich eine Fantasi 37 sehe, huscht ein breites Grinsen \u00fcber mein Gesicht, weil bei diesem Schiff f\u00fcr mich schlicht alles stimmt: Konstruktion, Linien, Bauweise, solideste schwedische Handwerkskunst, ausreichend Platz und &hellip; <a href=\"https:\/\/windpilot.com\/blog\/schiffe\/gebrauchtyachten\/fantasi-37\/\">Weiterlesen <span class=\"meta-nav\">&rarr;<\/span><\/a><\/p>\n","protected":false},"author":1,"featured_media":0,"parent":15914,"menu_order":-27,"comment_status":"open","ping_status":"open","template":"","meta":{"footnotes":""},"class_list":["post-31133","page","type-page","status-publish","hentry"],"_links":{"self":[{"href":"https:\/\/windpilot.com\/blog\/wp-json\/wp\/v2\/pages\/31133","targetHints":{"allow":["GET"]}}],"collection":[{"href":"https:\/\/windpilot.com\/blog\/wp-json\/wp\/v2\/pages"}],"about":[{"href":"https:\/\/windpilot.com\/blog\/wp-json\/wp\/v2\/types\/page"}],"author":[{"embeddable":true,"href":"https:\/\/windpilot.com\/blog\/wp-json\/wp\/v2\/users\/1"}],"replies":[{"embeddable":true,"href":"https:\/\/windpilot.com\/blog\/wp-json\/wp\/v2\/comments?post=31133"}],"version-history":[{"count":3,"href":"https:\/\/windpilot.com\/blog\/wp-json\/wp\/v2\/pages\/31133\/revisions"}],"predecessor-version":[{"id":31140,"href":"https:\/\/windpilot.com\/blog\/wp-json\/wp\/v2\/pages\/31133\/revisions\/31140"}],"up":[{"embeddable":true,"href":"https:\/\/windpilot.com\/blog\/wp-json\/wp\/v2\/pages\/15914"}],"wp:attachment":[{"href":"https:\/\/windpilot.com\/blog\/wp-json\/wp\/v2\/media?parent=31133"}],"curies":[{"name":"wp","href":"https:\/\/api.w.org\/{rel}","templated":true}]}}