{"id":31193,"date":"2024-05-31T09:53:24","date_gmt":"2024-05-31T16:53:24","guid":{"rendered":"https:\/\/windpilot.com\/blog\/?page_id=31193"},"modified":"2024-05-31T09:55:15","modified_gmt":"2024-05-31T16:55:15","slug":"kai-brueckner-ger","status":"publish","type":"page","link":"https:\/\/windpilot.com\/blog\/portraits\/kai-brueckner-ger\/","title":{"rendered":"Kai Brueckner GER"},"content":{"rendered":"<p><strong>UNPLUGGED DIALOG EINES GITARRENSPIELERS AUS BERMUDA<\/strong><br \/>\n<img loading=\"lazy\" decoding=\"async\" src=\"https:\/\/windpilot.com\/blog\/wp-content\/uploads\/2024\/05\/Peter-1-35-1024x576.jpeg\" alt=\"\" width=\"640\" height=\"360\" class=\"aligncenter size-large wp-image-31194\" srcset=\"https:\/\/windpilot.com\/blog\/wp-content\/uploads\/2024\/05\/Peter-1-35-1024x576.jpeg 1024w, https:\/\/windpilot.com\/blog\/wp-content\/uploads\/2024\/05\/Peter-1-35-300x169.jpeg 300w, https:\/\/windpilot.com\/blog\/wp-content\/uploads\/2024\/05\/Peter-1-35-768x432.jpeg 768w, https:\/\/windpilot.com\/blog\/wp-content\/uploads\/2024\/05\/Peter-1-35.jpeg 1280w\" sizes=\"auto, (max-width: 640px) 100vw, 640px\" \/>Hallo Herr Foerthmann! Ich wollte eigentlich schon l\u00e4ngst schreiben, mache es aber erst jetzt. Es ist zwar nicht an mir, das Du anzubieten, aber das Siezen hat sich f\u00fcr mich in dem Kontext immer komisch angef\u00fchlt und ich hoffe, Du kannst das verstehen und mir verzeihen.<br \/>\n<img loading=\"lazy\" decoding=\"async\" src=\"https:\/\/windpilot.com\/blog\/wp-content\/uploads\/2024\/05\/Peter-1-47-1024x575.jpeg\" alt=\"\" width=\"640\" height=\"359\" class=\"aligncenter size-large wp-image-31195\" srcset=\"https:\/\/windpilot.com\/blog\/wp-content\/uploads\/2024\/05\/Peter-1-47-1024x575.jpeg 1024w, https:\/\/windpilot.com\/blog\/wp-content\/uploads\/2024\/05\/Peter-1-47-300x169.jpeg 300w, https:\/\/windpilot.com\/blog\/wp-content\/uploads\/2024\/05\/Peter-1-47-768x431.jpeg 768w, https:\/\/windpilot.com\/blog\/wp-content\/uploads\/2024\/05\/Peter-1-47.jpeg 1280w\" sizes=\"auto, (max-width: 640px) 100vw, 640px\" \/>Nachdem ich ja noch sehr gute Ratschl\u00e4ge von Dir bekommen hatte, bin ich letzten Sommer in Greifswald mit der <a href=\"http:\/\/www.kaibrueckner.de\">Albin Vega &#8222;Amy&#8220;<\/a> aufgebrochen, ohne die Pacific jemals ausprobiert zu haben. Auf dem Bodden auf den Weg nach Norden kam das Ruder das erste Mal ins Wasser. Sie funktionierte auf Anhieb.<br \/>\n<img loading=\"lazy\" decoding=\"async\" src=\"https:\/\/windpilot.com\/blog\/wp-content\/uploads\/2024\/05\/Peter-1-34-1024x575.jpeg\" alt=\"\" width=\"640\" height=\"359\" class=\"aligncenter size-large wp-image-31196\" srcset=\"https:\/\/windpilot.com\/blog\/wp-content\/uploads\/2024\/05\/Peter-1-34-1024x575.jpeg 1024w, https:\/\/windpilot.com\/blog\/wp-content\/uploads\/2024\/05\/Peter-1-34-300x169.jpeg 300w, https:\/\/windpilot.com\/blog\/wp-content\/uploads\/2024\/05\/Peter-1-34-768x431.jpeg 768w, https:\/\/windpilot.com\/blog\/wp-content\/uploads\/2024\/05\/Peter-1-34.jpeg 1280w\" sizes=\"auto, (max-width: 640px) 100vw, 640px\" \/>Mittlerweile bin ich in Bermuda, nach S\u00fcdamerika und den kleinen und gro\u00dfen Antillen und Florida und warte auf ein Fenster for die Azoren. Da ich alleine unterwegs bin, bin ich sehr auf einen guten Ruderg\u00e4nger angewiesen und ich m\u00f6chte nicht mehr zur\u00fcck zu meinem ehemaligen Sheet To Tiller Verfahren, was auch funktioniert hat, aber immer mit sehr langen Einstellungbasteleien verbunden war.\u00a0<br \/>\n<img loading=\"lazy\" decoding=\"async\" src=\"https:\/\/windpilot.com\/blog\/wp-content\/uploads\/2024\/05\/Peter-1-46-1024x575.jpeg\" alt=\"\" width=\"640\" height=\"359\" class=\"aligncenter size-large wp-image-31197\" srcset=\"https:\/\/windpilot.com\/blog\/wp-content\/uploads\/2024\/05\/Peter-1-46-1024x575.jpeg 1024w, https:\/\/windpilot.com\/blog\/wp-content\/uploads\/2024\/05\/Peter-1-46-300x169.jpeg 300w, https:\/\/windpilot.com\/blog\/wp-content\/uploads\/2024\/05\/Peter-1-46-768x431.jpeg 768w, https:\/\/windpilot.com\/blog\/wp-content\/uploads\/2024\/05\/Peter-1-46.jpeg 1280w\" sizes=\"auto, (max-width: 640px) 100vw, 640px\" \/>Die Pacific Light steuert ohne zu murren durch jede Art von Wetter und Wellen und ich bin immer wieder vollkommen begeistert und erleichtert.\u00a0So m\u00f6chte ich mich hiermit noch einmal ganz herzlich und \u00fcberschwenglich bedanken. Ich hatte ja schon geschrieben, da\u00df ich auch gerne Bilder schicken w\u00fcrde von der Reise, auf der man die Windvane sieht.\u00a0<br \/>\nWenn Du welche zu Werbe- oder anderen Zwecken gebrauchen kannst, mache ich das sehr gerne.\u00a0<br \/>\nIch m\u00f6chte nicht auf gut Gl\u00fcck Dein Postfach mit Bildern vollstopfen und wahrscheinlich hast Du eh tausende Bilder aus allen Winkeln der Welt. Es war nur so eine Idee&#8230;<\/p>\n<p>Vielen Dank noch einmal und alles Gute<br \/>\nKai Br\u00fcckner\u00a0<br \/>\n<img loading=\"lazy\" decoding=\"async\" src=\"https:\/\/windpilot.com\/blog\/wp-content\/uploads\/2024\/05\/Peter-1-14-1024x575.jpeg\" alt=\"\" width=\"640\" height=\"359\" class=\"aligncenter size-large wp-image-31198\" srcset=\"https:\/\/windpilot.com\/blog\/wp-content\/uploads\/2024\/05\/Peter-1-14-1024x575.jpeg 1024w, https:\/\/windpilot.com\/blog\/wp-content\/uploads\/2024\/05\/Peter-1-14-300x169.jpeg 300w, https:\/\/windpilot.com\/blog\/wp-content\/uploads\/2024\/05\/Peter-1-14-768x431.jpeg 768w, https:\/\/windpilot.com\/blog\/wp-content\/uploads\/2024\/05\/Peter-1-14.jpeg 1280w\" sizes=\"auto, (max-width: 640px) 100vw, 640px\" \/><\/p>\n<blockquote><p>Moin Kai,<br \/>\ndas ist eine schoene Ueberraschung, die mich an einem sonnigen Nachmittag an der Schlei erreicht. Herzlichen Dank, solche Mails sind Honig fuer die Seele eines alten Mannes, der seit 48 Jahren immer noch nicht die kurve zu einem ruhigeren Leben gefunden hat &#8230; ist einfach zu viel passiert in meinem Leben &#8230; aber das ist keine Beschwerde &#8230; hingegen nur eine Feststellung.<br \/>\nherzlich von der Schlei<br \/>\nPeter<\/p><\/blockquote>\n<p><img loading=\"lazy\" decoding=\"async\" src=\"https:\/\/windpilot.com\/blog\/wp-content\/uploads\/2024\/05\/Peter-1-16-1024x576.jpeg\" alt=\"\" width=\"640\" height=\"360\" class=\"aligncenter size-large wp-image-31199\" srcset=\"https:\/\/windpilot.com\/blog\/wp-content\/uploads\/2024\/05\/Peter-1-16-1024x576.jpeg 1024w, https:\/\/windpilot.com\/blog\/wp-content\/uploads\/2024\/05\/Peter-1-16-300x169.jpeg 300w, https:\/\/windpilot.com\/blog\/wp-content\/uploads\/2024\/05\/Peter-1-16-768x432.jpeg 768w, https:\/\/windpilot.com\/blog\/wp-content\/uploads\/2024\/05\/Peter-1-16.jpeg 1280w\" sizes=\"auto, (max-width: 640px) 100vw, 640px\" \/> Moin Peter! Vielen Dank f\u00fcr Deine Email. Es freut mich\u00a0 sehr, da\u00df Dir mein Blog gef\u00e4llt. Eigentlich schreibe ich das nur so ein bi\u00dfchen f\u00fcr mich selbst auf und f\u00fcr meine Familie und die Freunde, aber mittlerweile lesen es ein paar mehr und ich freue mich immer, wenn jemand auf diese Weise an meiner tollen Reise ein bi\u00dfchen Teil haben oder Freude haben kann. Habe heute noch eingekauft und will dann morgen hier aufbrechen.\u00a0<br \/>\nAlles Gute und viele Gr\u00fc\u00dfe\u00a0<br \/>\nKai<br \/>\n<img loading=\"lazy\" decoding=\"async\" src=\"https:\/\/windpilot.com\/blog\/wp-content\/uploads\/2024\/05\/Peter-1-24-1024x576.jpeg\" alt=\"\" width=\"640\" height=\"360\" class=\"aligncenter size-large wp-image-31200\" srcset=\"https:\/\/windpilot.com\/blog\/wp-content\/uploads\/2024\/05\/Peter-1-24-1024x576.jpeg 1024w, https:\/\/windpilot.com\/blog\/wp-content\/uploads\/2024\/05\/Peter-1-24-300x169.jpeg 300w, https:\/\/windpilot.com\/blog\/wp-content\/uploads\/2024\/05\/Peter-1-24-768x432.jpeg 768w, https:\/\/windpilot.com\/blog\/wp-content\/uploads\/2024\/05\/Peter-1-24.jpeg 1280w\" sizes=\"auto, (max-width: 640px) 100vw, 640px\" \/><\/p>\n<blockquote><p>Moin Kai,<br \/>\nals generalneugieriger Fritze bin ich ein wenig aelter geworden \u2026 heute frueh gegen 04:00 \u2026 als ich mich aus dem Bett getrieben habe \u2026 bin ich ein wenig auf deinem Blog spazierengegangen. Du schreibst wundervoll \u2026 ein Spiegel deiner Seele? Besonders gefallen die Zeit mit Deiner Tochter \u2026 offensichtlich hast du da etwas richtig gemacht \u2026 und zudem hat das Maedel offenbar eine kluge Mutter \u2026 die nicht den Kurs der vielen Muetter eingeschlagen ist \u2026 als Feindin des Vater zu reuessieren, wenn ggf. eine Trennung nicht mehr zu verhindern gewesen ist. Gl\u00fcckwunsch! Ich musste 4 mal heiraten \u2026 und habe erst beim letzten Mal ( vor nunmehr 21 Jahren ) den Sechser im Lebenslotto gezogen \u2026 wurde immerhin auch mal Zeit \u2026. seitdem verbringen wir 24 Std 365 Tage Seite an Seite und freuen uns an einander \u2026<\/p><\/blockquote>\n<p><img loading=\"lazy\" decoding=\"async\" src=\"https:\/\/windpilot.com\/blog\/wp-content\/uploads\/2024\/05\/Peter-1-27-1024x576.jpeg\" alt=\"\" width=\"640\" height=\"360\" class=\"size-large wp-image-31201\" srcset=\"https:\/\/windpilot.com\/blog\/wp-content\/uploads\/2024\/05\/Peter-1-27-1024x576.jpeg 1024w, https:\/\/windpilot.com\/blog\/wp-content\/uploads\/2024\/05\/Peter-1-27-300x169.jpeg 300w, https:\/\/windpilot.com\/blog\/wp-content\/uploads\/2024\/05\/Peter-1-27-768x432.jpeg 768w, https:\/\/windpilot.com\/blog\/wp-content\/uploads\/2024\/05\/Peter-1-27-1536x864.jpeg 1536w, https:\/\/windpilot.com\/blog\/wp-content\/uploads\/2024\/05\/Peter-1-27-2048x1152.jpeg 2048w\" sizes=\"auto, (max-width: 640px) 100vw, 640px\" \/><img loading=\"lazy\" decoding=\"async\" src=\"https:\/\/windpilot.com\/blog\/wp-content\/uploads\/2024\/05\/Peter-1-28-1024x575.jpeg\" alt=\"\" width=\"640\" height=\"359\" class=\"aligncenter size-large wp-image-31202\" srcset=\"https:\/\/windpilot.com\/blog\/wp-content\/uploads\/2024\/05\/Peter-1-28-1024x575.jpeg 1024w, https:\/\/windpilot.com\/blog\/wp-content\/uploads\/2024\/05\/Peter-1-28-300x169.jpeg 300w, https:\/\/windpilot.com\/blog\/wp-content\/uploads\/2024\/05\/Peter-1-28-768x431.jpeg 768w, https:\/\/windpilot.com\/blog\/wp-content\/uploads\/2024\/05\/Peter-1-28.jpeg 1280w\" sizes=\"auto, (max-width: 640px) 100vw, 640px\" \/><img loading=\"lazy\" decoding=\"async\" src=\"https:\/\/windpilot.com\/blog\/wp-content\/uploads\/2024\/05\/Peter-1-30-1024x575.jpeg\" alt=\"\" width=\"640\" height=\"359\" class=\"aligncenter size-large wp-image-31203\" srcset=\"https:\/\/windpilot.com\/blog\/wp-content\/uploads\/2024\/05\/Peter-1-30-1024x575.jpeg 1024w, https:\/\/windpilot.com\/blog\/wp-content\/uploads\/2024\/05\/Peter-1-30-300x169.jpeg 300w, https:\/\/windpilot.com\/blog\/wp-content\/uploads\/2024\/05\/Peter-1-30-768x431.jpeg 768w, https:\/\/windpilot.com\/blog\/wp-content\/uploads\/2024\/05\/Peter-1-30.jpeg 1280w\" sizes=\"auto, (max-width: 640px) 100vw, 640px\" \/>Dein Blog birgt Gl\u00fcckseligkeiten und <a href=\"http:\/\/www.kaibrueckner.de\">wundervolles Augenfutter <\/a>\u2026.<\/p>\n<p>Wenn Du nach Horta gehst \u2026 wirst Du Harry SCHANK \u00a0treffen. Gruess ihn gerne von mir SV Grisu \u2013 <a href=\"http:\/\/goodatwood.eu\/contact.html\">Harry Schank Azores PT<\/a><br \/>\nFalls Du dort Hilfe brauchst \u2026 wird Harry dir wundervoll helfen \u2026<br \/>\nAllerbest von der Schlei am Pfingstsonntag<br \/>\nPeter<\/p>\n<blockquote class=\"wp-embedded-content\" data-secret=\"VcQlYECIcz\"><p><a href=\"https:\/\/windpilot.com\/blog\/schiffe\/gebrauchtyachten\/albin-vega\/\">Albin Vega<\/a><\/p><\/blockquote>\n<p><iframe loading=\"lazy\" class=\"wp-embedded-content\" sandbox=\"allow-scripts\" security=\"restricted\" style=\"position: absolute; clip: rect(1px, 1px, 1px, 1px);\" title=\"&#8222;Albin Vega&#8220; &#8212; Windpilot Blog\" src=\"https:\/\/windpilot.com\/blog\/schiffe\/gebrauchtyachten\/albin-vega\/embed\/#?secret=Jq3iJveNza#?secret=VcQlYECIcz\" data-secret=\"VcQlYECIcz\" width=\"600\" height=\"338\" frameborder=\"0\" marginwidth=\"0\" marginheight=\"0\" scrolling=\"no\"><\/iframe><\/p>\n","protected":false},"excerpt":{"rendered":"<p>UNPLUGGED DIALOG EINES GITARRENSPIELERS AUS BERMUDA Hallo Herr Foerthmann! Ich wollte eigentlich schon l\u00e4ngst schreiben, mache es aber erst jetzt. Es ist zwar nicht an mir, das Du anzubieten, aber das Siezen hat sich f\u00fcr mich in dem Kontext immer &hellip; <a href=\"https:\/\/windpilot.com\/blog\/portraits\/kai-brueckner-ger\/\">Weiterlesen <span class=\"meta-nav\">&rarr;<\/span><\/a><\/p>\n","protected":false},"author":1,"featured_media":0,"parent":28252,"menu_order":-16,"comment_status":"open","ping_status":"open","template":"","meta":{"footnotes":""},"class_list":["post-31193","page","type-page","status-publish","hentry"],"_links":{"self":[{"href":"https:\/\/windpilot.com\/blog\/wp-json\/wp\/v2\/pages\/31193","targetHints":{"allow":["GET"]}}],"collection":[{"href":"https:\/\/windpilot.com\/blog\/wp-json\/wp\/v2\/pages"}],"about":[{"href":"https:\/\/windpilot.com\/blog\/wp-json\/wp\/v2\/types\/page"}],"author":[{"embeddable":true,"href":"https:\/\/windpilot.com\/blog\/wp-json\/wp\/v2\/users\/1"}],"replies":[{"embeddable":true,"href":"https:\/\/windpilot.com\/blog\/wp-json\/wp\/v2\/comments?post=31193"}],"version-history":[{"count":3,"href":"https:\/\/windpilot.com\/blog\/wp-json\/wp\/v2\/pages\/31193\/revisions"}],"predecessor-version":[{"id":31206,"href":"https:\/\/windpilot.com\/blog\/wp-json\/wp\/v2\/pages\/31193\/revisions\/31206"}],"up":[{"embeddable":true,"href":"https:\/\/windpilot.com\/blog\/wp-json\/wp\/v2\/pages\/28252"}],"wp:attachment":[{"href":"https:\/\/windpilot.com\/blog\/wp-json\/wp\/v2\/media?parent=31193"}],"curies":[{"name":"wp","href":"https:\/\/api.w.org\/{rel}","templated":true}]}}