{"id":31209,"date":"2024-05-31T10:10:32","date_gmt":"2024-05-31T17:10:32","guid":{"rendered":"https:\/\/windpilot.com\/blog\/?page_id=31209"},"modified":"2024-05-31T18:54:20","modified_gmt":"2024-06-01T01:54:20","slug":"stephanie-seifert-at","status":"publish","type":"page","link":"https:\/\/windpilot.com\/blog\/portraits\/stephanie-seifert-at\/","title":{"rendered":"Stephanie Seifert AT"},"content":{"rendered":"<p><strong>SV MAKAIO &#8211; LEBENSZEICHEN AUS SCHOTTLAND<\/strong><br \/>\n<img loading=\"lazy\" decoding=\"async\" src=\"https:\/\/windpilot.com\/blog\/wp-content\/uploads\/2024\/05\/PHOTO-2024-05-20-18-52-07-1024x770.jpg\" alt=\"\" width=\"640\" height=\"481\" class=\"aligncenter size-large wp-image-31210\" srcset=\"https:\/\/windpilot.com\/blog\/wp-content\/uploads\/2024\/05\/PHOTO-2024-05-20-18-52-07-1024x770.jpg 1024w, https:\/\/windpilot.com\/blog\/wp-content\/uploads\/2024\/05\/PHOTO-2024-05-20-18-52-07-300x226.jpg 300w, https:\/\/windpilot.com\/blog\/wp-content\/uploads\/2024\/05\/PHOTO-2024-05-20-18-52-07-768x577.jpg 768w, https:\/\/windpilot.com\/blog\/wp-content\/uploads\/2024\/05\/PHOTO-2024-05-20-18-52-07-1536x1155.jpg 1536w, https:\/\/windpilot.com\/blog\/wp-content\/uploads\/2024\/05\/PHOTO-2024-05-20-18-52-07.jpg 1599w\" sizes=\"auto, (max-width: 640px) 100vw, 640px\" \/>Hallo ihr Beiden! Hoffe es geht euch gut und das Leben ist nicht allzu turbulent&#8230;.<br \/>\nKurzes Update von uns: wir hatten einen guten Winter in Tirol (alles wieder normal nach den Covid Wintern) und wir sind jetzt wieder beim Segeln&#8230;.<br \/>\nGlenn hat ab Ende April einiges am Boot gemacht und seit Mitte Mai sind wir unterwegs. In Schottland gerade und es ist sehr sch\u00f6n.<br \/>\nEs regnet zwar oft und warm Ist es gerade auch nicht, aber wenn die Sonne scheint ist es magical und es ist wild und einsam und voller Natur und V\u00f6geln und wildlife, so wie wir das am liebsten haben. Die Wollm\u00fctze ist allerdings wieder mein t\u00e4gliches Outfit!<br \/>\n<img loading=\"lazy\" decoding=\"async\" src=\"https:\/\/windpilot.com\/blog\/wp-content\/uploads\/2024\/05\/PHOTO-2024-05-20-18-52-07-5-1024x768.jpg\" alt=\"\" width=\"640\" height=\"480\" class=\"aligncenter size-large wp-image-31211\" srcset=\"https:\/\/windpilot.com\/blog\/wp-content\/uploads\/2024\/05\/PHOTO-2024-05-20-18-52-07-5-1024x768.jpg 1024w, https:\/\/windpilot.com\/blog\/wp-content\/uploads\/2024\/05\/PHOTO-2024-05-20-18-52-07-5-300x225.jpg 300w, https:\/\/windpilot.com\/blog\/wp-content\/uploads\/2024\/05\/PHOTO-2024-05-20-18-52-07-5-768x576.jpg 768w, https:\/\/windpilot.com\/blog\/wp-content\/uploads\/2024\/05\/PHOTO-2024-05-20-18-52-07-5-1536x1152.jpg 1536w, https:\/\/windpilot.com\/blog\/wp-content\/uploads\/2024\/05\/PHOTO-2024-05-20-18-52-07-5.jpg 1600w\" sizes=\"auto, (max-width: 640px) 100vw, 640px\" \/>Wir haben am Boot jetzt einiges neues: Wir haben einen Arch am Heck mit mehr Solarpannels und den ganzen Rest der hinten war, woanders untergebracht. Die Rettungsinsel ist jetzt wie bei den meisten andern vor dem Fenster auf Deck und die vielen Fender sind alle im Vorschiff. Wir haben diesem die Poster usw dort gar nicht erst mitgenommen und jetzt ist dort Platz f\u00fcr Segel, Fender, Beibootkram und sowas und das schafft pberall sonst luxuri\u00f6s viel Platz.<br \/>\nDas Heck ist jetzt jedenfalls sch\u00f6n str\u00f6mungsfrei was dem Windpilot gefallen sollte!<br \/>\nAusserdem haben wir den Haupttank f\u00fcr Diesel  stillgelegt und nutzen jetzt den 90l Zusatztank der f\u00fcr uns mit einigen Kanistern 3x 25l ausreichend. wir segeln eh mehr als motoren<br \/>\nDer Zusatztank hat 3 neue Inspektonsl\u00f6cher und ich komm mit der Zahnb\u00fcrste (meine ultimative Waffe gegen Dieselpest Sludge) bis in die hinterste Ecke. dazu ein Diesel Pllishing System mit zus\u00e4tzlichem Filter und einer eigenen Pumpe (und vielen durchsichtigen Schl\u00e4uchen). Unsere Filter tu verstopfen ist f\u00fcr die Bakterien jetzt deutlich schwerer<br \/>\nDer Motor hat ausserdem eine neues (von einem Bekannten selbst geschweisstes) Auspuffknie bekommen (nachdem das alte von uns mit GFK bandagiert wurde und von Athen bis England zwar dicht aber nicht sch\u00f6n anzusehen war.<br \/>\n<img loading=\"lazy\" decoding=\"async\" src=\"https:\/\/windpilot.com\/blog\/wp-content\/uploads\/2024\/05\/PHOTO-2024-05-20-18-52-07-4-1024x460.jpg\" alt=\"\" width=\"640\" height=\"288\" class=\"aligncenter size-large wp-image-31215\" srcset=\"https:\/\/windpilot.com\/blog\/wp-content\/uploads\/2024\/05\/PHOTO-2024-05-20-18-52-07-4-1024x460.jpg 1024w, https:\/\/windpilot.com\/blog\/wp-content\/uploads\/2024\/05\/PHOTO-2024-05-20-18-52-07-4-300x135.jpg 300w, https:\/\/windpilot.com\/blog\/wp-content\/uploads\/2024\/05\/PHOTO-2024-05-20-18-52-07-4-768x345.jpg 768w, https:\/\/windpilot.com\/blog\/wp-content\/uploads\/2024\/05\/PHOTO-2024-05-20-18-52-07-4-1536x690.jpg 1536w, https:\/\/windpilot.com\/blog\/wp-content\/uploads\/2024\/05\/PHOTO-2024-05-20-18-52-07-4.jpg 1599w\" sizes=\"auto, (max-width: 640px) 100vw, 640px\" \/>Auf der Luxus Seite haben wir jetzt einen sehr sparsamen zus\u00e4tzlichen K\u00fchlschrank (l\u00e4uft mit dem Solar super) und die Heizung speist sich neuerdings auch direkt aus dem Tank. Also: Kein Diesel mehr in der K\u00fcche und kein Diesel mehr im Wohnzimmer!!!!!<br \/>\n<img loading=\"lazy\" decoding=\"async\" src=\"https:\/\/windpilot.com\/blog\/wp-content\/uploads\/2024\/05\/PHOTO-2024-05-20-18-52-07-2-1024x491.jpg\" alt=\"\" width=\"640\" height=\"307\" class=\"aligncenter size-large wp-image-31212\" srcset=\"https:\/\/windpilot.com\/blog\/wp-content\/uploads\/2024\/05\/PHOTO-2024-05-20-18-52-07-2-1024x491.jpg 1024w, https:\/\/windpilot.com\/blog\/wp-content\/uploads\/2024\/05\/PHOTO-2024-05-20-18-52-07-2-300x144.jpg 300w, https:\/\/windpilot.com\/blog\/wp-content\/uploads\/2024\/05\/PHOTO-2024-05-20-18-52-07-2-768x368.jpg 768w, https:\/\/windpilot.com\/blog\/wp-content\/uploads\/2024\/05\/PHOTO-2024-05-20-18-52-07-2-1536x736.jpg 1536w, https:\/\/windpilot.com\/blog\/wp-content\/uploads\/2024\/05\/PHOTO-2024-05-20-18-52-07-2.jpg 1600w\" sizes=\"auto, (max-width: 640px) 100vw, 640px\" \/>Also mit warmen Klamotten und der richtigen Einstellung ist im Moment der Norden unser Revier. Glenn gef\u00e4llt, dass es weniger Leute und praktisch keine Charterboote gibt. (im Mittelmeer war das st\u00e4ndiges Kino), daf\u00fcr Wale, Puffins und andere Seev\u00f6gel.<br \/>\nMir gef\u00e4llt, dass die Inseln einsam und wild sind und dass man \u00fcberall hinwandern oder klettern kann, wo man will. Keine Wege, Z\u00e4une, sonst was. Elnsamkeit und Freiheit. <\/p>\n<p>Wir haben kein Starlink also selten Internet aber das macht uns nichts aus. Wir haben zur Unterhaltung je ein Fernglas und das beste Kino um uns herum&#8230;.<\/p>\n<p>Ich versuch Dir, in einem anderen Email ein paar Fotos zu schicken&#8230;.<\/p>\n<p>Kleine technische Frage noch.<br \/>\nDer (ganze)Windpilot scheint sich irgendwie innen gelockert zu haben? Das komplette Teil bewegt sich ca ein paar mm hin und her. (Glenn meint es k\u00f6nnte normaler wear and play sein, aber ich dachte ich frag Dich mal).<br \/>\nIch hab ein Video gemacht in Welle aber das kann ich Dir erst schicken, wenn das Internet wieder besser geht.<br \/>\nWir finden keine Schraube, die man anziehen k\u00f6nnte dass es fest ist. Alle anderen Schrauben sind fest und es funktioniert ja auch (alles was sich bewegen soll, bewegt sich und nichts scheuert usw).<\/p>\n<p>Ich hoffe jedenfals sehr, dass es Euch gut geht und bin gespannt zu h\u00f6ren, wie gut <\/p>\n<p>Dr\u00fcck\u00b4 Euch beide ganz ganz fest und wir denken viel \u00f6fter an Euch als ich schreibe. ( Habe erst k\u00fcrzlich von Deinem Regenwasser System im Haus gesprochen und wir findem jeder sollte das haben. Hier in Schottland w\u00e4r das sehr sehr wirkungsvoll.<\/p>\n<p>Direkt aus dem Makaio Cockpit mit Wollm\u00fctze<br \/>\nStephanie<br \/>\n<img loading=\"lazy\" decoding=\"async\" src=\"https:\/\/windpilot.com\/blog\/wp-content\/uploads\/2024\/05\/DSC_6578-Kopie-1024x683.jpeg\" alt=\"\" width=\"640\" height=\"427\" class=\"aligncenter size-large wp-image-31217\" srcset=\"https:\/\/windpilot.com\/blog\/wp-content\/uploads\/2024\/05\/DSC_6578-Kopie-1024x683.jpeg 1024w, https:\/\/windpilot.com\/blog\/wp-content\/uploads\/2024\/05\/DSC_6578-Kopie-300x200.jpeg 300w, https:\/\/windpilot.com\/blog\/wp-content\/uploads\/2024\/05\/DSC_6578-Kopie-768x512.jpeg 768w, https:\/\/windpilot.com\/blog\/wp-content\/uploads\/2024\/05\/DSC_6578-Kopie.jpeg 1280w\" sizes=\"auto, (max-width: 640px) 100vw, 640px\" \/><\/p>\n<p><img loading=\"lazy\" decoding=\"async\" src=\"https:\/\/windpilot.com\/blog\/wp-content\/uploads\/2024\/05\/PHOTO-2024-05-20-18-52-07-1-1024x803.jpg\" alt=\"\" width=\"640\" height=\"502\" class=\"aligncenter size-large wp-image-31213\" srcset=\"https:\/\/windpilot.com\/blog\/wp-content\/uploads\/2024\/05\/PHOTO-2024-05-20-18-52-07-1-1024x803.jpg 1024w, https:\/\/windpilot.com\/blog\/wp-content\/uploads\/2024\/05\/PHOTO-2024-05-20-18-52-07-1-300x235.jpg 300w, https:\/\/windpilot.com\/blog\/wp-content\/uploads\/2024\/05\/PHOTO-2024-05-20-18-52-07-1-768x602.jpg 768w, https:\/\/windpilot.com\/blog\/wp-content\/uploads\/2024\/05\/PHOTO-2024-05-20-18-52-07-1-1536x1205.jpg 1536w, https:\/\/windpilot.com\/blog\/wp-content\/uploads\/2024\/05\/PHOTO-2024-05-20-18-52-07-1.jpg 1600w\" sizes=\"auto, (max-width: 640px) 100vw, 640px\" \/><img loading=\"lazy\" decoding=\"async\" src=\"https:\/\/windpilot.com\/blog\/wp-content\/uploads\/2024\/05\/PHOTO-2024-05-20-18-52-07-3-1024x661.jpg\" alt=\"\" width=\"640\" height=\"413\" class=\"aligncenter size-large wp-image-31214\" srcset=\"https:\/\/windpilot.com\/blog\/wp-content\/uploads\/2024\/05\/PHOTO-2024-05-20-18-52-07-3-1024x661.jpg 1024w, https:\/\/windpilot.com\/blog\/wp-content\/uploads\/2024\/05\/PHOTO-2024-05-20-18-52-07-3-300x194.jpg 300w, https:\/\/windpilot.com\/blog\/wp-content\/uploads\/2024\/05\/PHOTO-2024-05-20-18-52-07-3-768x496.jpg 768w, https:\/\/windpilot.com\/blog\/wp-content\/uploads\/2024\/05\/PHOTO-2024-05-20-18-52-07-3-1536x992.jpg 1536w, https:\/\/windpilot.com\/blog\/wp-content\/uploads\/2024\/05\/PHOTO-2024-05-20-18-52-07-3.jpg 1600w\" sizes=\"auto, (max-width: 640px) 100vw, 640px\" \/><\/p>\n<blockquote><p>Vielen Dank f\u00fcr die beiden PORTRAIT Aufnahmen:<br \/>\nMarzena der kecke schwarze Vogel<br \/>\nPeter der Puffin Mann mit Heuschrecke.<\/p>\n<p>Past wie die Faust aufs Auge.<\/p>\n<p>Ein netter Bericht &#8230;macht Spass zu Lesen &#8230; insbesondere weil hier derzeit alles unter Dampf und Stress, kaum eine ruhige Minute zum Durchatmen ist.<\/p>\n<p>Aber auch das stehen wir durch und sind froh einander zu haben &#8230; wem sage ich das? Zu Zweit laesst sich nahezu alles ertragen.<\/p>\n<p>Ach ja: beide Bolzen 805 festsetzen &#8230; und dann &#8222;wackelt&#8220; nix mehr !<\/p>\n<p>herzlich aus Hamburg<br \/>\nPeter<\/p><\/blockquote>\n<blockquote class=\"wp-embedded-content\" data-secret=\"ydRATo4DWJ\"><p><a href=\"https:\/\/windpilot.com\/blog\/morphy-blitz\/sv-makaio-stephanie-seifert-at\/\">Stephanie Seifert<\/a><\/p><\/blockquote>\n<p><iframe loading=\"lazy\" class=\"wp-embedded-content\" sandbox=\"allow-scripts\" security=\"restricted\" style=\"position: absolute; clip: rect(1px, 1px, 1px, 1px);\" title=\"&#8222;Stephanie Seifert&#8220; &#8212; Windpilot Blog\" src=\"https:\/\/windpilot.com\/blog\/morphy-blitz\/sv-makaio-stephanie-seifert-at\/embed\/#?secret=RnecOmll9g#?secret=ydRATo4DWJ\" data-secret=\"ydRATo4DWJ\" width=\"600\" height=\"338\" frameborder=\"0\" marginwidth=\"0\" marginheight=\"0\" scrolling=\"no\"><\/iframe><\/p>\n","protected":false},"excerpt":{"rendered":"<p>SV MAKAIO &#8211; LEBENSZEICHEN AUS SCHOTTLAND Hallo ihr Beiden! Hoffe es geht euch gut und das Leben ist nicht allzu turbulent&#8230;. Kurzes Update von uns: wir hatten einen guten Winter in Tirol (alles wieder normal nach den Covid Wintern) und &hellip; <a href=\"https:\/\/windpilot.com\/blog\/portraits\/stephanie-seifert-at\/\">Weiterlesen <span class=\"meta-nav\">&rarr;<\/span><\/a><\/p>\n","protected":false},"author":1,"featured_media":0,"parent":28252,"menu_order":-18,"comment_status":"open","ping_status":"open","template":"","meta":{"footnotes":""},"class_list":["post-31209","page","type-page","status-publish","hentry"],"_links":{"self":[{"href":"https:\/\/windpilot.com\/blog\/wp-json\/wp\/v2\/pages\/31209","targetHints":{"allow":["GET"]}}],"collection":[{"href":"https:\/\/windpilot.com\/blog\/wp-json\/wp\/v2\/pages"}],"about":[{"href":"https:\/\/windpilot.com\/blog\/wp-json\/wp\/v2\/types\/page"}],"author":[{"embeddable":true,"href":"https:\/\/windpilot.com\/blog\/wp-json\/wp\/v2\/users\/1"}],"replies":[{"embeddable":true,"href":"https:\/\/windpilot.com\/blog\/wp-json\/wp\/v2\/comments?post=31209"}],"version-history":[{"count":4,"href":"https:\/\/windpilot.com\/blog\/wp-json\/wp\/v2\/pages\/31209\/revisions"}],"predecessor-version":[{"id":31222,"href":"https:\/\/windpilot.com\/blog\/wp-json\/wp\/v2\/pages\/31209\/revisions\/31222"}],"up":[{"embeddable":true,"href":"https:\/\/windpilot.com\/blog\/wp-json\/wp\/v2\/pages\/28252"}],"wp:attachment":[{"href":"https:\/\/windpilot.com\/blog\/wp-json\/wp\/v2\/media?parent=31209"}],"curies":[{"name":"wp","href":"https:\/\/api.w.org\/{rel}","templated":true}]}}