{"id":31280,"date":"2024-08-11T06:47:24","date_gmt":"2024-08-11T13:47:24","guid":{"rendered":"https:\/\/windpilot.com\/blog\/?page_id=31280"},"modified":"2024-08-11T06:47:24","modified_gmt":"2024-08-11T13:47:24","slug":"pendelruder-wackelt","status":"publish","type":"page","link":"https:\/\/windpilot.com\/blog\/press-tv\/service-tipps\/pendelruder-wackelt\/","title":{"rendered":"Pendelruder wackelt"},"content":{"rendered":"<p><strong>ACHTUNG: AKTION IST ANGESAGT!<\/strong><br \/>\n<img loading=\"lazy\" decoding=\"async\" src=\"https:\/\/windpilot.com\/blog\/wp-content\/uploads\/2024\/08\/1721511010996-1024x768.jpeg\" alt=\"\" width=\"640\" height=\"480\" class=\"aligncenter size-large wp-image-31281\" srcset=\"https:\/\/windpilot.com\/blog\/wp-content\/uploads\/2024\/08\/1721511010996-1024x768.jpeg 1024w, https:\/\/windpilot.com\/blog\/wp-content\/uploads\/2024\/08\/1721511010996-300x225.jpeg 300w, https:\/\/windpilot.com\/blog\/wp-content\/uploads\/2024\/08\/1721511010996-768x576.jpeg 768w, https:\/\/windpilot.com\/blog\/wp-content\/uploads\/2024\/08\/1721511010996.jpeg 1280w\" sizes=\"auto, (max-width: 640px) 100vw, 640px\" \/><img loading=\"lazy\" decoding=\"async\" src=\"https:\/\/windpilot.com\/blog\/wp-content\/uploads\/2024\/08\/1721511010983-300x225.jpeg\" alt=\"\" width=\"300\" height=\"225\" class=\"alignleft size-medium wp-image-31282\" srcset=\"https:\/\/windpilot.com\/blog\/wp-content\/uploads\/2024\/08\/1721511010983-300x225.jpeg 300w, https:\/\/windpilot.com\/blog\/wp-content\/uploads\/2024\/08\/1721511010983-1024x768.jpeg 1024w, https:\/\/windpilot.com\/blog\/wp-content\/uploads\/2024\/08\/1721511010983-768x576.jpeg 768w, https:\/\/windpilot.com\/blog\/wp-content\/uploads\/2024\/08\/1721511010983.jpeg 1280w\" sizes=\"auto, (max-width: 300px) 100vw, 300px\" \/>Hallo Peter,\u00a0unser Strangpress-Pendelruderblatt wackelt mittlerweile bedenklich in seinem Kopfteil.<br \/>\nIch habe k\u00fcrzlich bei Anixi eine von Dir empfohlene Reparatur (40 mm k\u00fcrzen und mit Epoxid neu einsetzen) gesehen. Unterwegs haben wir aber auch schon die beiden Teile zueinander verschwei\u00dft gesehen. Fand ich ganz gut. Spricht etwas dagegen oder m\u00fcssen wir daf\u00fcr etwas<br \/>\n<img loading=\"lazy\" decoding=\"async\" src=\"https:\/\/windpilot.com\/blog\/wp-content\/uploads\/2024\/08\/1721510713695-300x225.jpeg\" alt=\"\" width=\"300\" height=\"225\" class=\"alignleft size-medium wp-image-31284\" srcset=\"https:\/\/windpilot.com\/blog\/wp-content\/uploads\/2024\/08\/1721510713695-300x225.jpeg 300w, https:\/\/windpilot.com\/blog\/wp-content\/uploads\/2024\/08\/1721510713695-1024x768.jpeg 1024w, https:\/\/windpilot.com\/blog\/wp-content\/uploads\/2024\/08\/1721510713695-768x576.jpeg 768w, https:\/\/windpilot.com\/blog\/wp-content\/uploads\/2024\/08\/1721510713695.jpeg 1280w\" sizes=\"auto, (max-width: 300px) 100vw, 300px\" \/>beachten oder ist Schwei\u00dfen an der Stelle nicht zu empfehlen?<br \/>\n\u00a0Lieben Gru\u00df aus Curacao, <a href=\"http:\/\/www.sy-jobber.de\">Thomas + Jutta, SV Jobber<\/a><\/p>\n<blockquote><p>Moin Ihr Zwei, dann kann ich nur raten.AUGEN AUF UND VOLLE KONZENTRATION auf den Spannstift, der der seidene Faden ist der das Riderprofil noch h\u00e4lt!!!<br \/>\nEigentlich ist <strong>SOFORT  AKTION<\/strong> notwendig:<br \/>\n&#8211; Spannstift raus &#8211; Kopftteil  von Profil trennen &#8211; trocknen. <strong>WACKELT DAS KOPFTEIL IM RUDERPROFIL???<\/strong> ( mit Sicherheit ), also Profil ca 2 &#8211; 3 cm k\u00fcrzen ( pr\u00e4ziser Schnitt ), jetzt sollte das Kopfteil wieder klemmen. <\/p>\n<p><strong>WICHTIG<\/strong>: nun mit viel Epoxy beide Teile zusammenf\u00fcgen &#8211; Nahtstelle abwischen &#8211; dann das Ganz <strong>\u00dcBERKOPF<\/strong> zum Trocknen stellen ( damit das fl\u00fcssige Epoxy nicht aus dern Verbindungsstellen laeuft.<\/p>\n<p>Zum Schluss SpannstifT wieder einschlagen<\/p>\n<p>FERTIG!  Wohlgemerkt die grausame See sowie Ungetier, sowie Treibgut &#8230;sowie die Windpilot Anlage &#8230; alles zerrt an dem armen Ruderblatt &#8230; also Augen auf, bevor es wieder Lose bekommt &#8230; und sodann lautlos im Kielwasser verschwindet &#8230;<\/p>\n<p>Dann seid Ihr aufgeschmissen, k\u00f6nnt allerdings dann auch eine provisorische Holzlatte als Ruder verwendet, oder wie Abhilash: einen Fortress Ankerschaft &#8230; hier ist die Geschichte:<\/p>\n<blockquote class=\"wp-embedded-content\" data-secret=\"bT6ft83ubl\"><p><a href=\"https:\/\/windpilot.com\/blog\/golden-globe-race\/golden-globe-race-2022\/dons-pyrrussieg\/\">Don\u00b4s Pyrrussieg<\/a><\/p><\/blockquote>\n<p><iframe loading=\"lazy\" class=\"wp-embedded-content\" sandbox=\"allow-scripts\" security=\"restricted\" style=\"position: absolute; visibility: hidden;\" title=\"&#8222;Don\u00b4s Pyrrussieg&#8220; &#8212; Windpilot Blog\" src=\"https:\/\/windpilot.com\/blog\/golden-globe-race\/golden-globe-race-2022\/dons-pyrrussieg\/embed\/#?secret=KpCEMQKm7L#?secret=bT6ft83ubl\" data-secret=\"bT6ft83ubl\" width=\"600\" height=\"338\" frameborder=\"0\" marginwidth=\"0\" marginheight=\"0\" scrolling=\"no\"><\/iframe><\/p>\n<p>Gibt es ein schickes Foto von Euch an Bord?<br \/>\nHabenwollen &#8230;.<br \/>\nAllerbest vom Mitternachtssofa &#8230;<\/p>\n<p>Peter<\/p><\/blockquote>\n<p><img loading=\"lazy\" decoding=\"async\" src=\"https:\/\/windpilot.com\/blog\/wp-content\/uploads\/2024\/08\/Buerotuer-300x225.jpeg\" alt=\"\" width=\"300\" height=\"225\" class=\"alignleft size-medium wp-image-31287\" srcset=\"https:\/\/windpilot.com\/blog\/wp-content\/uploads\/2024\/08\/Buerotuer-300x225.jpeg 300w, https:\/\/windpilot.com\/blog\/wp-content\/uploads\/2024\/08\/Buerotuer-1024x768.jpeg 1024w, https:\/\/windpilot.com\/blog\/wp-content\/uploads\/2024\/08\/Buerotuer-768x576.jpeg 768w, https:\/\/windpilot.com\/blog\/wp-content\/uploads\/2024\/08\/Buerotuer.jpeg 1280w\" sizes=\"auto, (max-width: 300px) 100vw, 300px\" \/><\/p>\n","protected":false},"excerpt":{"rendered":"<p>ACHTUNG: AKTION IST ANGESAGT! Hallo Peter,\u00a0unser Strangpress-Pendelruderblatt wackelt mittlerweile bedenklich in seinem Kopfteil. Ich habe k\u00fcrzlich bei Anixi eine von Dir empfohlene Reparatur (40 mm k\u00fcrzen und mit Epoxid neu einsetzen) gesehen. Unterwegs haben wir aber auch schon die beiden &hellip; <a href=\"https:\/\/windpilot.com\/blog\/press-tv\/service-tipps\/pendelruder-wackelt\/\">Weiterlesen <span class=\"meta-nav\">&rarr;<\/span><\/a><\/p>\n","protected":false},"author":1,"featured_media":0,"parent":17838,"menu_order":-14,"comment_status":"open","ping_status":"open","template":"","meta":{"footnotes":""},"class_list":["post-31280","page","type-page","status-publish","hentry"],"_links":{"self":[{"href":"https:\/\/windpilot.com\/blog\/wp-json\/wp\/v2\/pages\/31280","targetHints":{"allow":["GET"]}}],"collection":[{"href":"https:\/\/windpilot.com\/blog\/wp-json\/wp\/v2\/pages"}],"about":[{"href":"https:\/\/windpilot.com\/blog\/wp-json\/wp\/v2\/types\/page"}],"author":[{"embeddable":true,"href":"https:\/\/windpilot.com\/blog\/wp-json\/wp\/v2\/users\/1"}],"replies":[{"embeddable":true,"href":"https:\/\/windpilot.com\/blog\/wp-json\/wp\/v2\/comments?post=31280"}],"version-history":[{"count":4,"href":"https:\/\/windpilot.com\/blog\/wp-json\/wp\/v2\/pages\/31280\/revisions"}],"predecessor-version":[{"id":31288,"href":"https:\/\/windpilot.com\/blog\/wp-json\/wp\/v2\/pages\/31280\/revisions\/31288"}],"up":[{"embeddable":true,"href":"https:\/\/windpilot.com\/blog\/wp-json\/wp\/v2\/pages\/17838"}],"wp:attachment":[{"href":"https:\/\/windpilot.com\/blog\/wp-json\/wp\/v2\/media?parent=31280"}],"curies":[{"name":"wp","href":"https:\/\/api.w.org\/{rel}","templated":true}]}}