{"id":31310,"date":"2024-08-11T07:20:45","date_gmt":"2024-08-11T14:20:45","guid":{"rendered":"https:\/\/windpilot.com\/blog\/?page_id=31310"},"modified":"2024-08-11T07:56:18","modified_gmt":"2024-08-11T14:56:18","slug":"geburt-einer-windpilot-pacific","status":"publish","type":"page","link":"https:\/\/windpilot.com\/blog\/press-tv\/production\/geburt-einer-windpilot-pacific\/","title":{"rendered":"Geburt einer Pacific"},"content":{"rendered":"<p><strong>ST\u00dcCK F\u00dcR ST\u00dcCK ENTSTEHEN DIE GUSSTEILE<\/strong><br \/>\n<img loading=\"lazy\" decoding=\"async\" src=\"https:\/\/windpilot.com\/blog\/wp-content\/uploads\/2024\/08\/IMG_5505-1024x768.jpeg\" alt=\"\" width=\"640\" height=\"480\" class=\"aligncenter size-large wp-image-31315\" srcset=\"https:\/\/windpilot.com\/blog\/wp-content\/uploads\/2024\/08\/IMG_5505-1024x768.jpeg 1024w, https:\/\/windpilot.com\/blog\/wp-content\/uploads\/2024\/08\/IMG_5505-300x225.jpeg 300w, https:\/\/windpilot.com\/blog\/wp-content\/uploads\/2024\/08\/IMG_5505-768x576.jpeg 768w, https:\/\/windpilot.com\/blog\/wp-content\/uploads\/2024\/08\/IMG_5505.jpeg 1280w\" sizes=\"auto, (max-width: 640px) 100vw, 640px\" \/><img loading=\"lazy\" decoding=\"async\" src=\"https:\/\/windpilot.com\/blog\/wp-content\/uploads\/2024\/08\/IMG_5656-1024x768.jpeg\" alt=\"\" width=\"640\" height=\"480\" class=\"aligncenter size-large wp-image-31316\" srcset=\"https:\/\/windpilot.com\/blog\/wp-content\/uploads\/2024\/08\/IMG_5656-1024x768.jpeg 1024w, https:\/\/windpilot.com\/blog\/wp-content\/uploads\/2024\/08\/IMG_5656-300x225.jpeg 300w, https:\/\/windpilot.com\/blog\/wp-content\/uploads\/2024\/08\/IMG_5656-768x576.jpeg 768w, https:\/\/windpilot.com\/blog\/wp-content\/uploads\/2024\/08\/IMG_5656.jpeg 1280w\" sizes=\"auto, (max-width: 640px) 100vw, 640px\" \/><img loading=\"lazy\" decoding=\"async\" src=\"https:\/\/windpilot.com\/blog\/wp-content\/uploads\/2024\/08\/IMG_5660-1024x768.jpeg\" alt=\"\" width=\"640\" height=\"480\" class=\"aligncenter size-large wp-image-31317\" srcset=\"https:\/\/windpilot.com\/blog\/wp-content\/uploads\/2024\/08\/IMG_5660-1024x768.jpeg 1024w, https:\/\/windpilot.com\/blog\/wp-content\/uploads\/2024\/08\/IMG_5660-300x225.jpeg 300w, https:\/\/windpilot.com\/blog\/wp-content\/uploads\/2024\/08\/IMG_5660-768x576.jpeg 768w, https:\/\/windpilot.com\/blog\/wp-content\/uploads\/2024\/08\/IMG_5660.jpeg 1280w\" sizes=\"auto, (max-width: 640px) 100vw, 640px\" \/><img loading=\"lazy\" decoding=\"async\" src=\"https:\/\/windpilot.com\/blog\/wp-content\/uploads\/2024\/08\/IMG_5663-1024x768.jpeg\" alt=\"\" width=\"640\" height=\"480\" class=\"aligncenter size-large wp-image-31318\" srcset=\"https:\/\/windpilot.com\/blog\/wp-content\/uploads\/2024\/08\/IMG_5663-1024x768.jpeg 1024w, https:\/\/windpilot.com\/blog\/wp-content\/uploads\/2024\/08\/IMG_5663-300x225.jpeg 300w, https:\/\/windpilot.com\/blog\/wp-content\/uploads\/2024\/08\/IMG_5663-768x576.jpeg 768w, https:\/\/windpilot.com\/blog\/wp-content\/uploads\/2024\/08\/IMG_5663.jpeg 1280w\" sizes=\"auto, (max-width: 640px) 100vw, 640px\" \/><img loading=\"lazy\" decoding=\"async\" src=\"https:\/\/windpilot.com\/blog\/wp-content\/uploads\/2024\/08\/IMG_5666-1024x768.jpeg\" alt=\"\" width=\"640\" height=\"480\" class=\"aligncenter size-large wp-image-31319\" srcset=\"https:\/\/windpilot.com\/blog\/wp-content\/uploads\/2024\/08\/IMG_5666-1024x768.jpeg 1024w, https:\/\/windpilot.com\/blog\/wp-content\/uploads\/2024\/08\/IMG_5666-300x225.jpeg 300w, https:\/\/windpilot.com\/blog\/wp-content\/uploads\/2024\/08\/IMG_5666-768x576.jpeg 768w, https:\/\/windpilot.com\/blog\/wp-content\/uploads\/2024\/08\/IMG_5666.jpeg 1280w\" sizes=\"auto, (max-width: 640px) 100vw, 640px\" \/><img loading=\"lazy\" decoding=\"async\" src=\"https:\/\/windpilot.com\/blog\/wp-content\/uploads\/2024\/08\/IMG_5854-1024x768.jpeg\" alt=\"\" width=\"640\" height=\"480\" class=\"aligncenter size-large wp-image-31320\" srcset=\"https:\/\/windpilot.com\/blog\/wp-content\/uploads\/2024\/08\/IMG_5854-1024x768.jpeg 1024w, https:\/\/windpilot.com\/blog\/wp-content\/uploads\/2024\/08\/IMG_5854-300x225.jpeg 300w, https:\/\/windpilot.com\/blog\/wp-content\/uploads\/2024\/08\/IMG_5854-768x576.jpeg 768w, https:\/\/windpilot.com\/blog\/wp-content\/uploads\/2024\/08\/IMG_5854.jpeg 1280w\" sizes=\"auto, (max-width: 640px) 100vw, 640px\" \/><img loading=\"lazy\" decoding=\"async\" src=\"https:\/\/windpilot.com\/blog\/wp-content\/uploads\/2024\/08\/IMG_5859-Kopie-1024x768.jpeg\" alt=\"\" width=\"640\" height=\"480\" class=\"aligncenter size-large wp-image-31322\" srcset=\"https:\/\/windpilot.com\/blog\/wp-content\/uploads\/2024\/08\/IMG_5859-Kopie-1024x768.jpeg 1024w, https:\/\/windpilot.com\/blog\/wp-content\/uploads\/2024\/08\/IMG_5859-Kopie-300x225.jpeg 300w, https:\/\/windpilot.com\/blog\/wp-content\/uploads\/2024\/08\/IMG_5859-Kopie-768x576.jpeg 768w, https:\/\/windpilot.com\/blog\/wp-content\/uploads\/2024\/08\/IMG_5859-Kopie.jpeg 1280w\" sizes=\"auto, (max-width: 640px) 100vw, 640px\" \/><img loading=\"lazy\" decoding=\"async\" src=\"https:\/\/windpilot.com\/blog\/wp-content\/uploads\/2024\/08\/IMG_5876-Kopie-1024x768.jpeg\" alt=\"\" width=\"640\" height=\"480\" class=\"aligncenter size-large wp-image-31323\" srcset=\"https:\/\/windpilot.com\/blog\/wp-content\/uploads\/2024\/08\/IMG_5876-Kopie-1024x768.jpeg 1024w, https:\/\/windpilot.com\/blog\/wp-content\/uploads\/2024\/08\/IMG_5876-Kopie-300x225.jpeg 300w, https:\/\/windpilot.com\/blog\/wp-content\/uploads\/2024\/08\/IMG_5876-Kopie-768x576.jpeg 768w, https:\/\/windpilot.com\/blog\/wp-content\/uploads\/2024\/08\/IMG_5876-Kopie.jpeg 1280w\" sizes=\"auto, (max-width: 640px) 100vw, 640px\" \/><img loading=\"lazy\" decoding=\"async\" src=\"https:\/\/windpilot.com\/blog\/wp-content\/uploads\/2024\/08\/IMG_0536-Kopie.jpeg\" alt=\"\" width=\"640\" height=\"480\" class=\"aligncenter size-full wp-image-31330\" srcset=\"https:\/\/windpilot.com\/blog\/wp-content\/uploads\/2024\/08\/IMG_0536-Kopie.jpeg 640w, https:\/\/windpilot.com\/blog\/wp-content\/uploads\/2024\/08\/IMG_0536-Kopie-300x225.jpeg 300w\" sizes=\"auto, (max-width: 640px) 100vw, 640px\" \/><img loading=\"lazy\" decoding=\"async\" src=\"https:\/\/windpilot.com\/blog\/wp-content\/uploads\/2024\/08\/IMG_5891-Kopie-1024x768.jpeg\" alt=\"\" width=\"640\" height=\"480\" class=\"aligncenter size-large wp-image-31324\" srcset=\"https:\/\/windpilot.com\/blog\/wp-content\/uploads\/2024\/08\/IMG_5891-Kopie-1024x768.jpeg 1024w, https:\/\/windpilot.com\/blog\/wp-content\/uploads\/2024\/08\/IMG_5891-Kopie-300x225.jpeg 300w, https:\/\/windpilot.com\/blog\/wp-content\/uploads\/2024\/08\/IMG_5891-Kopie-768x576.jpeg 768w, https:\/\/windpilot.com\/blog\/wp-content\/uploads\/2024\/08\/IMG_5891-Kopie.jpeg 1280w\" sizes=\"auto, (max-width: 640px) 100vw, 640px\" \/><img loading=\"lazy\" decoding=\"async\" src=\"https:\/\/windpilot.com\/blog\/wp-content\/uploads\/2024\/08\/IMG_2018-Kopie-2-1024x768.jpeg\" alt=\"\" width=\"640\" height=\"480\" class=\"aligncenter size-large wp-image-31325\" srcset=\"https:\/\/windpilot.com\/blog\/wp-content\/uploads\/2024\/08\/IMG_2018-Kopie-2-1024x768.jpeg 1024w, https:\/\/windpilot.com\/blog\/wp-content\/uploads\/2024\/08\/IMG_2018-Kopie-2-300x225.jpeg 300w, https:\/\/windpilot.com\/blog\/wp-content\/uploads\/2024\/08\/IMG_2018-Kopie-2-768x576.jpeg 768w, https:\/\/windpilot.com\/blog\/wp-content\/uploads\/2024\/08\/IMG_2018-Kopie-2.jpeg 1280w\" sizes=\"auto, (max-width: 640px) 100vw, 640px\" \/><img loading=\"lazy\" decoding=\"async\" src=\"https:\/\/windpilot.com\/blog\/wp-content\/uploads\/2024\/08\/IMG_1978-Kopie-2-1024x768.jpeg\" alt=\"\" width=\"640\" height=\"480\" class=\"aligncenter size-large wp-image-31326\" srcset=\"https:\/\/windpilot.com\/blog\/wp-content\/uploads\/2024\/08\/IMG_1978-Kopie-2-1024x768.jpeg 1024w, https:\/\/windpilot.com\/blog\/wp-content\/uploads\/2024\/08\/IMG_1978-Kopie-2-300x225.jpeg 300w, https:\/\/windpilot.com\/blog\/wp-content\/uploads\/2024\/08\/IMG_1978-Kopie-2-768x576.jpeg 768w, https:\/\/windpilot.com\/blog\/wp-content\/uploads\/2024\/08\/IMG_1978-Kopie-2.jpeg 1280w\" sizes=\"auto, (max-width: 640px) 100vw, 640px\" \/><img loading=\"lazy\" decoding=\"async\" src=\"https:\/\/windpilot.com\/blog\/wp-content\/uploads\/2024\/08\/IMG_1862-Kopie-2-1024x768.jpeg\" alt=\"\" width=\"640\" height=\"480\" class=\"aligncenter size-large wp-image-31327\" srcset=\"https:\/\/windpilot.com\/blog\/wp-content\/uploads\/2024\/08\/IMG_1862-Kopie-2-1024x768.jpeg 1024w, https:\/\/windpilot.com\/blog\/wp-content\/uploads\/2024\/08\/IMG_1862-Kopie-2-300x225.jpeg 300w, https:\/\/windpilot.com\/blog\/wp-content\/uploads\/2024\/08\/IMG_1862-Kopie-2-768x576.jpeg 768w, https:\/\/windpilot.com\/blog\/wp-content\/uploads\/2024\/08\/IMG_1862-Kopie-2.jpeg 1280w\" sizes=\"auto, (max-width: 640px) 100vw, 640px\" \/><img loading=\"lazy\" decoding=\"async\" src=\"https:\/\/windpilot.com\/blog\/wp-content\/uploads\/2024\/08\/IMG_1866-Kopie-1024x768.jpeg\" alt=\"\" width=\"640\" height=\"480\" class=\"aligncenter size-large wp-image-31328\" srcset=\"https:\/\/windpilot.com\/blog\/wp-content\/uploads\/2024\/08\/IMG_1866-Kopie-1024x768.jpeg 1024w, https:\/\/windpilot.com\/blog\/wp-content\/uploads\/2024\/08\/IMG_1866-Kopie-300x225.jpeg 300w, https:\/\/windpilot.com\/blog\/wp-content\/uploads\/2024\/08\/IMG_1866-Kopie-768x576.jpeg 768w, https:\/\/windpilot.com\/blog\/wp-content\/uploads\/2024\/08\/IMG_1866-Kopie.jpeg 1280w\" sizes=\"auto, (max-width: 640px) 100vw, 640px\" \/><img loading=\"lazy\" decoding=\"async\" src=\"https:\/\/windpilot.com\/blog\/wp-content\/uploads\/2024\/08\/DSC03784-Kopie.jpeg\" alt=\"\" width=\"800\" height=\"534\" class=\"aligncenter size-full wp-image-31332\" srcset=\"https:\/\/windpilot.com\/blog\/wp-content\/uploads\/2024\/08\/DSC03784-Kopie.jpeg 800w, https:\/\/windpilot.com\/blog\/wp-content\/uploads\/2024\/08\/DSC03784-Kopie-300x200.jpeg 300w, https:\/\/windpilot.com\/blog\/wp-content\/uploads\/2024\/08\/DSC03784-Kopie-768x513.jpeg 768w\" sizes=\"auto, (max-width: 800px) 100vw, 800px\" \/><img loading=\"lazy\" decoding=\"async\" src=\"https:\/\/windpilot.com\/blog\/wp-content\/uploads\/2024\/08\/GOPR0153-Kopie-1024x768.jpeg\" alt=\"\" width=\"640\" height=\"480\" class=\"aligncenter size-large wp-image-31333\" srcset=\"https:\/\/windpilot.com\/blog\/wp-content\/uploads\/2024\/08\/GOPR0153-Kopie-1024x768.jpeg 1024w, https:\/\/windpilot.com\/blog\/wp-content\/uploads\/2024\/08\/GOPR0153-Kopie-300x225.jpeg 300w, https:\/\/windpilot.com\/blog\/wp-content\/uploads\/2024\/08\/GOPR0153-Kopie-768x576.jpeg 768w, https:\/\/windpilot.com\/blog\/wp-content\/uploads\/2024\/08\/GOPR0153-Kopie.jpeg 1280w\" sizes=\"auto, (max-width: 640px) 100vw, 640px\" \/><img loading=\"lazy\" decoding=\"async\" src=\"https:\/\/windpilot.com\/blog\/wp-content\/uploads\/2024\/08\/IMG_1628-Kopie-1024x768.jpeg\" alt=\"\" width=\"640\" height=\"480\" class=\"aligncenter size-large wp-image-31335\" srcset=\"https:\/\/windpilot.com\/blog\/wp-content\/uploads\/2024\/08\/IMG_1628-Kopie-1024x768.jpeg 1024w, https:\/\/windpilot.com\/blog\/wp-content\/uploads\/2024\/08\/IMG_1628-Kopie-300x225.jpeg 300w, https:\/\/windpilot.com\/blog\/wp-content\/uploads\/2024\/08\/IMG_1628-Kopie-768x576.jpeg 768w, https:\/\/windpilot.com\/blog\/wp-content\/uploads\/2024\/08\/IMG_1628-Kopie.jpeg 1280w\" sizes=\"auto, (max-width: 640px) 100vw, 640px\" \/><img loading=\"lazy\" decoding=\"async\" src=\"https:\/\/windpilot.com\/blog\/wp-content\/uploads\/2024\/08\/IMG_1622-Kopie-1024x768.jpeg\" alt=\"\" width=\"640\" height=\"480\" class=\"aligncenter size-large wp-image-31336\" srcset=\"https:\/\/windpilot.com\/blog\/wp-content\/uploads\/2024\/08\/IMG_1622-Kopie-1024x768.jpeg 1024w, https:\/\/windpilot.com\/blog\/wp-content\/uploads\/2024\/08\/IMG_1622-Kopie-300x225.jpeg 300w, https:\/\/windpilot.com\/blog\/wp-content\/uploads\/2024\/08\/IMG_1622-Kopie-768x576.jpeg 768w, https:\/\/windpilot.com\/blog\/wp-content\/uploads\/2024\/08\/IMG_1622-Kopie.jpeg 1280w\" sizes=\"auto, (max-width: 640px) 100vw, 640px\" \/><img loading=\"lazy\" decoding=\"async\" src=\"https:\/\/windpilot.com\/blog\/wp-content\/uploads\/2024\/08\/IMG_1636-Kopie-2-1024x768.jpeg\" alt=\"\" width=\"640\" height=\"480\" class=\"aligncenter size-large wp-image-31337\" srcset=\"https:\/\/windpilot.com\/blog\/wp-content\/uploads\/2024\/08\/IMG_1636-Kopie-2-1024x768.jpeg 1024w, https:\/\/windpilot.com\/blog\/wp-content\/uploads\/2024\/08\/IMG_1636-Kopie-2-300x225.jpeg 300w, https:\/\/windpilot.com\/blog\/wp-content\/uploads\/2024\/08\/IMG_1636-Kopie-2-768x576.jpeg 768w, https:\/\/windpilot.com\/blog\/wp-content\/uploads\/2024\/08\/IMG_1636-Kopie-2.jpeg 1280w\" sizes=\"auto, (max-width: 640px) 100vw, 640px\" \/><img loading=\"lazy\" decoding=\"async\" src=\"https:\/\/windpilot.com\/blog\/wp-content\/uploads\/2024\/08\/IMG_0548-Kopie-1024x768.jpeg\" alt=\"\" width=\"640\" height=\"480\" class=\"aligncenter size-large wp-image-31338\" srcset=\"https:\/\/windpilot.com\/blog\/wp-content\/uploads\/2024\/08\/IMG_0548-Kopie-1024x768.jpeg 1024w, https:\/\/windpilot.com\/blog\/wp-content\/uploads\/2024\/08\/IMG_0548-Kopie-300x225.jpeg 300w, https:\/\/windpilot.com\/blog\/wp-content\/uploads\/2024\/08\/IMG_0548-Kopie-768x576.jpeg 768w, https:\/\/windpilot.com\/blog\/wp-content\/uploads\/2024\/08\/IMG_0548-Kopie.jpeg 1280w\" sizes=\"auto, (max-width: 640px) 100vw, 640px\" \/><img loading=\"lazy\" decoding=\"async\" src=\"https:\/\/windpilot.com\/blog\/wp-content\/uploads\/2024\/08\/Windpilot-002-Kopie-1024x676.jpg\" alt=\"\" width=\"640\" height=\"423\" class=\"aligncenter size-large wp-image-31339\" srcset=\"https:\/\/windpilot.com\/blog\/wp-content\/uploads\/2024\/08\/Windpilot-002-Kopie-1024x676.jpg 1024w, https:\/\/windpilot.com\/blog\/wp-content\/uploads\/2024\/08\/Windpilot-002-Kopie-300x198.jpg 300w, https:\/\/windpilot.com\/blog\/wp-content\/uploads\/2024\/08\/Windpilot-002-Kopie-768x507.jpg 768w, https:\/\/windpilot.com\/blog\/wp-content\/uploads\/2024\/08\/Windpilot-002-Kopie-1536x1014.jpg 1536w, https:\/\/windpilot.com\/blog\/wp-content\/uploads\/2024\/08\/Windpilot-002-Kopie-2048x1352.jpg 2048w\" sizes=\"auto, (max-width: 640px) 100vw, 640px\" \/><img loading=\"lazy\" decoding=\"async\" src=\"https:\/\/windpilot.com\/blog\/wp-content\/uploads\/2024\/08\/Windpilot-002-Kopie-1024x676.jpeg\" alt=\"\" width=\"640\" height=\"423\" class=\"aligncenter size-large wp-image-31340\" srcset=\"https:\/\/windpilot.com\/blog\/wp-content\/uploads\/2024\/08\/Windpilot-002-Kopie-1024x676.jpeg 1024w, https:\/\/windpilot.com\/blog\/wp-content\/uploads\/2024\/08\/Windpilot-002-Kopie-300x198.jpeg 300w, https:\/\/windpilot.com\/blog\/wp-content\/uploads\/2024\/08\/Windpilot-002-Kopie-768x507.jpeg 768w, https:\/\/windpilot.com\/blog\/wp-content\/uploads\/2024\/08\/Windpilot-002-Kopie.jpeg 1280w\" sizes=\"auto, (max-width: 640px) 100vw, 640px\" \/><img loading=\"lazy\" decoding=\"async\" src=\"https:\/\/windpilot.com\/blog\/wp-content\/uploads\/2024\/08\/P1020490-Kopie-1024x768.jpeg\" alt=\"\" width=\"640\" height=\"480\" class=\"aligncenter size-large wp-image-31341\" srcset=\"https:\/\/windpilot.com\/blog\/wp-content\/uploads\/2024\/08\/P1020490-Kopie-1024x768.jpeg 1024w, https:\/\/windpilot.com\/blog\/wp-content\/uploads\/2024\/08\/P1020490-Kopie-300x225.jpeg 300w, https:\/\/windpilot.com\/blog\/wp-content\/uploads\/2024\/08\/P1020490-Kopie-768x576.jpeg 768w, https:\/\/windpilot.com\/blog\/wp-content\/uploads\/2024\/08\/P1020490-Kopie.jpeg 1280w\" sizes=\"auto, (max-width: 640px) 100vw, 640px\" \/><img loading=\"lazy\" decoding=\"async\" src=\"https:\/\/windpilot.com\/blog\/wp-content\/uploads\/2024\/08\/P1020489-Kopie-1024x768.jpeg\" alt=\"\" width=\"640\" height=\"480\" class=\"aligncenter size-large wp-image-31342\" srcset=\"https:\/\/windpilot.com\/blog\/wp-content\/uploads\/2024\/08\/P1020489-Kopie-1024x768.jpeg 1024w, https:\/\/windpilot.com\/blog\/wp-content\/uploads\/2024\/08\/P1020489-Kopie-300x225.jpeg 300w, https:\/\/windpilot.com\/blog\/wp-content\/uploads\/2024\/08\/P1020489-Kopie-768x576.jpeg 768w, https:\/\/windpilot.com\/blog\/wp-content\/uploads\/2024\/08\/P1020489-Kopie.jpeg 1280w\" sizes=\"auto, (max-width: 640px) 100vw, 640px\" \/><img loading=\"lazy\" decoding=\"async\" src=\"https:\/\/windpilot.com\/blog\/wp-content\/uploads\/2024\/08\/P1000679-Kopie-1024x768.jpeg\" alt=\"\" width=\"640\" height=\"480\" class=\"aligncenter size-large wp-image-31343\" srcset=\"https:\/\/windpilot.com\/blog\/wp-content\/uploads\/2024\/08\/P1000679-Kopie-1024x768.jpeg 1024w, https:\/\/windpilot.com\/blog\/wp-content\/uploads\/2024\/08\/P1000679-Kopie-300x225.jpeg 300w, https:\/\/windpilot.com\/blog\/wp-content\/uploads\/2024\/08\/P1000679-Kopie-768x576.jpeg 768w, https:\/\/windpilot.com\/blog\/wp-content\/uploads\/2024\/08\/P1000679-Kopie.jpeg 1280w\" sizes=\"auto, (max-width: 640px) 100vw, 640px\" \/><img loading=\"lazy\" decoding=\"async\" src=\"https:\/\/windpilot.com\/blog\/wp-content\/uploads\/2024\/08\/P1000989-Kopie-1024x768.jpeg\" alt=\"\" width=\"640\" height=\"480\" class=\"aligncenter size-large wp-image-31344\" srcset=\"https:\/\/windpilot.com\/blog\/wp-content\/uploads\/2024\/08\/P1000989-Kopie-1024x768.jpeg 1024w, https:\/\/windpilot.com\/blog\/wp-content\/uploads\/2024\/08\/P1000989-Kopie-300x225.jpeg 300w, https:\/\/windpilot.com\/blog\/wp-content\/uploads\/2024\/08\/P1000989-Kopie-768x576.jpeg 768w, https:\/\/windpilot.com\/blog\/wp-content\/uploads\/2024\/08\/P1000989-Kopie.jpeg 1280w\" sizes=\"auto, (max-width: 640px) 100vw, 640px\" \/><img loading=\"lazy\" decoding=\"async\" src=\"https:\/\/windpilot.com\/blog\/wp-content\/uploads\/2024\/08\/Gibos-Gussteile-Kopie-1024x768.jpg\" alt=\"\" width=\"640\" height=\"480\" class=\"aligncenter size-large wp-image-31345\" srcset=\"https:\/\/windpilot.com\/blog\/wp-content\/uploads\/2024\/08\/Gibos-Gussteile-Kopie-1024x768.jpg 1024w, https:\/\/windpilot.com\/blog\/wp-content\/uploads\/2024\/08\/Gibos-Gussteile-Kopie-300x225.jpg 300w, https:\/\/windpilot.com\/blog\/wp-content\/uploads\/2024\/08\/Gibos-Gussteile-Kopie-768x576.jpg 768w, https:\/\/windpilot.com\/blog\/wp-content\/uploads\/2024\/08\/Gibos-Gussteile-Kopie.jpg 1280w\" sizes=\"auto, (max-width: 640px) 100vw, 640px\" \/><img loading=\"lazy\" decoding=\"async\" src=\"https:\/\/windpilot.com\/blog\/wp-content\/uploads\/2024\/08\/Family-biz-Kopie-1024x713.jpg\" alt=\"\" width=\"640\" height=\"446\" class=\"size-large wp-image-31347\" srcset=\"https:\/\/windpilot.com\/blog\/wp-content\/uploads\/2024\/08\/Family-biz-Kopie-1024x713.jpg 1024w, https:\/\/windpilot.com\/blog\/wp-content\/uploads\/2024\/08\/Family-biz-Kopie-300x209.jpg 300w, https:\/\/windpilot.com\/blog\/wp-content\/uploads\/2024\/08\/Family-biz-Kopie-768x535.jpg 768w, https:\/\/windpilot.com\/blog\/wp-content\/uploads\/2024\/08\/Family-biz-Kopie-1536x1070.jpg 1536w, https:\/\/windpilot.com\/blog\/wp-content\/uploads\/2024\/08\/Family-biz-Kopie-2048x1426.jpg 2048w\" sizes=\"auto, (max-width: 640px) 100vw, 640px\" \/><img loading=\"lazy\" decoding=\"async\" src=\"https:\/\/windpilot.com\/blog\/wp-content\/uploads\/2024\/08\/Schrauber-low-Kopie-1024x731.jpg\" alt=\"\" width=\"640\" height=\"457\" class=\"aligncenter size-large wp-image-31348\" srcset=\"https:\/\/windpilot.com\/blog\/wp-content\/uploads\/2024\/08\/Schrauber-low-Kopie-1024x731.jpg 1024w, https:\/\/windpilot.com\/blog\/wp-content\/uploads\/2024\/08\/Schrauber-low-Kopie-300x214.jpg 300w, https:\/\/windpilot.com\/blog\/wp-content\/uploads\/2024\/08\/Schrauber-low-Kopie-768x548.jpg 768w, https:\/\/windpilot.com\/blog\/wp-content\/uploads\/2024\/08\/Schrauber-low-Kopie-1536x1096.jpg 1536w, https:\/\/windpilot.com\/blog\/wp-content\/uploads\/2024\/08\/Schrauber-low-Kopie-2048x1462.jpg 2048w\" sizes=\"auto, (max-width: 640px) 100vw, 640px\" \/><img loading=\"lazy\" decoding=\"async\" src=\"https:\/\/windpilot.com\/blog\/wp-content\/uploads\/2024\/08\/teppich_farbe_kl-Kopie-1024x727.jpg\" alt=\"\" width=\"640\" height=\"454\" class=\"aligncenter size-large wp-image-31349\" srcset=\"https:\/\/windpilot.com\/blog\/wp-content\/uploads\/2024\/08\/teppich_farbe_kl-Kopie-1024x727.jpg 1024w, https:\/\/windpilot.com\/blog\/wp-content\/uploads\/2024\/08\/teppich_farbe_kl-Kopie-300x213.jpg 300w, https:\/\/windpilot.com\/blog\/wp-content\/uploads\/2024\/08\/teppich_farbe_kl-Kopie-768x545.jpg 768w, https:\/\/windpilot.com\/blog\/wp-content\/uploads\/2024\/08\/teppich_farbe_kl-Kopie.jpg 1508w\" sizes=\"auto, (max-width: 640px) 100vw, 640px\" \/><\/p>\n","protected":false},"excerpt":{"rendered":"<p>ST\u00dcCK F\u00dcR ST\u00dcCK ENTSTEHEN DIE GUSSTEILE<\/p>\n","protected":false},"author":1,"featured_media":0,"parent":22345,"menu_order":-4,"comment_status":"open","ping_status":"closed","template":"","meta":{"footnotes":""},"class_list":["post-31310","page","type-page","status-publish","hentry"],"_links":{"self":[{"href":"https:\/\/windpilot.com\/blog\/wp-json\/wp\/v2\/pages\/31310","targetHints":{"allow":["GET"]}}],"collection":[{"href":"https:\/\/windpilot.com\/blog\/wp-json\/wp\/v2\/pages"}],"about":[{"href":"https:\/\/windpilot.com\/blog\/wp-json\/wp\/v2\/types\/page"}],"author":[{"embeddable":true,"href":"https:\/\/windpilot.com\/blog\/wp-json\/wp\/v2\/users\/1"}],"replies":[{"embeddable":true,"href":"https:\/\/windpilot.com\/blog\/wp-json\/wp\/v2\/comments?post=31310"}],"version-history":[{"count":10,"href":"https:\/\/windpilot.com\/blog\/wp-json\/wp\/v2\/pages\/31310\/revisions"}],"predecessor-version":[{"id":31350,"href":"https:\/\/windpilot.com\/blog\/wp-json\/wp\/v2\/pages\/31310\/revisions\/31350"}],"up":[{"embeddable":true,"href":"https:\/\/windpilot.com\/blog\/wp-json\/wp\/v2\/pages\/22345"}],"wp:attachment":[{"href":"https:\/\/windpilot.com\/blog\/wp-json\/wp\/v2\/media?parent=31310"}],"curies":[{"name":"wp","href":"https:\/\/api.w.org\/{rel}","templated":true}]}}