{"id":31440,"date":"2024-08-31T12:43:31","date_gmt":"2024-08-31T19:43:31","guid":{"rendered":"https:\/\/windpilot.com\/blog\/?page_id=31440"},"modified":"2024-09-06T03:20:07","modified_gmt":"2024-09-06T10:20:07","slug":"nie-mehr-dieselpest","status":"publish","type":"page","link":"https:\/\/windpilot.com\/blog\/ausruestung\/sailinggen\/nie-mehr-dieselpest\/","title":{"rendered":"Nie mehr Dieselpest"},"content":{"rendered":"<p><strong>KOPFSCHMERZTABLETTE F\u00dcR SEGLER &#8211; INTRAVEN\u00d6S WIRKSAM<\/strong><br \/>\n<iframe loading=\"lazy\" width=\"560\" height=\"315\" src=\"https:\/\/www.youtube.com\/embed\/3iY-IHUiwbY?si=fI14-0g4-SkVp4hU\" title=\"YouTube video player\" frameborder=\"0\" allow=\"accelerometer; autoplay; clipboard-write; encrypted-media; gyroscope; picture-in-picture; web-share\" referrerpolicy=\"strict-origin-when-cross-origin\" allowfullscreen><\/iframe><br \/>\nIch kenne Armin Horn seit vielen Jahren, allerdings haben wir uns noch nie getroffen, oft geplant, gleichwohl kam immer wieder etwas dazwischen, zuletzt die Dame Corona. Armin hat als Professor rund um seine Lebensthematik, dem Strom in jeder Form, an der Uni von Esslingen ganze Auditorien versucht, mit seinem Wissen zu begl\u00fccken. Ein Hardcore Job, wenn man bedenkt, dass nicht jeder Zuh\u00f6rer in einer derartigen Gemeinde \u201elernen\u201c als pures Vergn\u00fcgen empfindet. Vermutlich manchmal Perlen vor die S\u00e4ue.<br \/>\n<img loading=\"lazy\" decoding=\"async\" src=\"https:\/\/windpilot.com\/blog\/wp-content\/uploads\/2024\/08\/Armin-quer.jpg\" alt=\"\" width=\"995\" height=\"695\" class=\"aligncenter size-full wp-image-31443\" srcset=\"https:\/\/windpilot.com\/blog\/wp-content\/uploads\/2024\/08\/Armin-quer.jpg 995w, https:\/\/windpilot.com\/blog\/wp-content\/uploads\/2024\/08\/Armin-quer-300x210.jpg 300w, https:\/\/windpilot.com\/blog\/wp-content\/uploads\/2024\/08\/Armin-quer-768x536.jpg 768w\" sizes=\"auto, (max-width: 995px) 100vw, 995px\" \/>Immerhin hat Armin sich f\u00fcr seine berufliche Marter \u00fcber die Jahre wundervoll Ausgleich geschaffen. Zum Beispiel das Segeln, ein Sport, der viel Zeit zum Nachdenken im Kielwasser, weil man ja langsam unterwegs und die Zeit dazwischen auszuf\u00fcllen hat. Jedenfalls hat Armin in seinem Kopf und sodann im eigenen Keller N\u00e4gel mit K\u00f6pfen versehen. Der Professor hat Produkte ausget\u00fcftelt, die f\u00fcr jeden Segler Sinn und Sehnsucht stiften. Denn, nicht wahr: Strom an Bord ist auf jedem Schiff knapp, und Armin hat sich den Sailinggen ausgedacht, dem ich im Jahre 2016 erstmals meine Avancen gemacht, mich ergo Armin zu F\u00fcssen gelegt habe: Ich habe ganz ohne Zwang \u00fcber Armin\u00b4s Erfindung berichtet \u2026 und ein wenig f\u00fcr die Verbreitung getan, was in der Blauwasser Gemeinde Folgen hatte: Armin hatte im Keller zu tun. So funktionier Word-Of-Mouth \u2026 kostet nix, hilft Armin \u2026 unsere W\u00e4hrung hatte den s\u00fcsslichen Namen \u201eAmarulla\u201c, den meine feminine Regierungszentrale hier und dort gerne trinkt, den Armin spendierte, ohne dass hier jemand zum Alkoholiker h\u00e4tte werden k\u00f6nnen oder m\u00fcssen.<br \/>\n<img loading=\"lazy\" decoding=\"async\" src=\"https:\/\/windpilot.com\/blog\/wp-content\/uploads\/2024\/08\/20160302_171821-Kopie-1024x576.jpg\" alt=\"\" width=\"640\" height=\"360\" class=\"aligncenter size-large wp-image-31445\" srcset=\"https:\/\/windpilot.com\/blog\/wp-content\/uploads\/2024\/08\/20160302_171821-Kopie-1024x576.jpg 1024w, https:\/\/windpilot.com\/blog\/wp-content\/uploads\/2024\/08\/20160302_171821-Kopie-300x169.jpg 300w, https:\/\/windpilot.com\/blog\/wp-content\/uploads\/2024\/08\/20160302_171821-Kopie-768x432.jpg 768w, https:\/\/windpilot.com\/blog\/wp-content\/uploads\/2024\/08\/20160302_171821-Kopie-1536x864.jpg 1536w, https:\/\/windpilot.com\/blog\/wp-content\/uploads\/2024\/08\/20160302_171821-Kopie.jpg 2048w\" sizes=\"auto, (max-width: 640px) 100vw, 640px\" \/>Jedenfalls war Armin in den Folgejahren fleissig \u2026 mir ist irgendwann der Name \u201eDaniel D\u00fcsentrieb\u201c eingefallen. Wo immer der Mann in Gedanken seine Jacke an einen Nagel geh\u00e4ngt hat, kam bald ein neues Produkt dabei heraus, hier ein kleiner \u00dcberblick \u00fcber den <a href=\"https:\/\/sailnsea.company.site\">Fleiss eines Schwaben<\/a>, der die F\u00fcsse nicht still halten kann, zudem seiner Frau Susanne, die Verst\u00e4ndnis f\u00fcr das Tun des eigenes Mannes &#8230; im Keller hatte.<\/p>\n<p>Tja, und heute kam eine Mail von Thomas, der mit seiner <a href=\"https:\/\/windpilot.com\/blog\/blogs\/deutsch-cruising-area\/atlantic\/neue-heimat-azoren\/\">SV Carmina auf den Azoren seinen Gedanken freien Raum l\u00e4sst<\/a>. Thomas hat mir das obige YT Video zur Ansicht empfohlen. Ich war artig.<\/p>\n<p>Nun bin ich vom Donner ger\u00fchrt, kann kaum glauben, was der Armin sich da ausgedacht hat: Eine <em>eierlegende Wollmilchsau<\/em>, den Begriff verwende ich zum zweiten Mal, die L\u00f6sung der L\u00f6sung f\u00fcr jeden Segler ( und nat\u00fcrlich auch die MoBo-Fahrern ). Denn, nicht wahr, der <strong>Alptraum von der Dieselpest<\/strong> geistert in unser aller K\u00f6pfen, ein Anruf bei den Seenotrettern, und man erf\u00e4hrt gruselige Fakten, die man lieber nicht am eigenen Leib erfahren m\u00f6chte. Recht offenbar hat Armin die L\u00f6sung, die Erl\u00f6sung vor der in jedem Tank lauernden Gefahr gefunden. Eine plietsche Erfindung, auf die wichtigen Fakten herunter gebrochen und erkl\u00e4rt, wie einfach die L\u00f6sung &#8211; eigentlich! &#8211; zu arrangieren ist. All das locker im Kockpit der <em>JALIN<\/em> vor Anker in Griechenland erkl\u00e4rt, fast beil\u00e4ufig, fast wollte man nicht glauben, was man hier mit eigenen Augen sehen kann. <\/p>\n<p>Vermutlich &#8211; nein ganz sicher! &#8211; wird ausnahmslos jeder Leser dieser Zeilen, die gleichen Gedanken haben, wie Thomas und ich: <strong>HABEN WOLLEN<\/strong> \u2026 und damit verweise ich auf Armin, der nun die Konsequenzen erdulden muss, bzw. ganz cool, die richtigen Entscheidungen zu treffen hat.<\/p>\n<p>Ich lege mich auf die Mauer auf die Lauer \u2026 und bestelle hier bei Armin \u2026 genau diese Erfindung, damit ich fortan keine Kopfschmerztabletten gegen Dieselpest mehr zu nehmen habe..<\/p>\n<p>Armin \u2026 Dein Spiel!<\/p>\n<p>herzlich<br \/>\nPeter    Hamburg 31.08.2024<br \/>\n<img loading=\"lazy\" decoding=\"async\" src=\"https:\/\/windpilot.com\/blog\/wp-content\/uploads\/2024\/08\/Buero-Peter-300x225.jpg\" alt=\"\" width=\"300\" height=\"225\" class=\"alignleft size-medium wp-image-31446\" srcset=\"https:\/\/windpilot.com\/blog\/wp-content\/uploads\/2024\/08\/Buero-Peter-300x225.jpg 300w, https:\/\/windpilot.com\/blog\/wp-content\/uploads\/2024\/08\/Buero-Peter.jpg 640w\" sizes=\"auto, (max-width: 300px) 100vw, 300px\" \/><\/p>\n","protected":false},"excerpt":{"rendered":"<p>KOPFSCHMERZTABLETTE F\u00dcR SEGLER &#8211; INTRAVEN\u00d6S WIRKSAM Ich kenne Armin Horn seit vielen Jahren, allerdings haben wir uns noch nie getroffen, oft geplant, gleichwohl kam immer wieder etwas dazwischen, zuletzt die Dame Corona. Armin hat als Professor rund um seine Lebensthematik, &hellip; <a href=\"https:\/\/windpilot.com\/blog\/ausruestung\/sailinggen\/nie-mehr-dieselpest\/\">Weiterlesen <span class=\"meta-nav\">&rarr;<\/span><\/a><\/p>\n","protected":false},"author":1,"featured_media":0,"parent":16893,"menu_order":-7,"comment_status":"open","ping_status":"open","template":"","meta":{"footnotes":""},"class_list":["post-31440","page","type-page","status-publish","hentry"],"_links":{"self":[{"href":"https:\/\/windpilot.com\/blog\/wp-json\/wp\/v2\/pages\/31440","targetHints":{"allow":["GET"]}}],"collection":[{"href":"https:\/\/windpilot.com\/blog\/wp-json\/wp\/v2\/pages"}],"about":[{"href":"https:\/\/windpilot.com\/blog\/wp-json\/wp\/v2\/types\/page"}],"author":[{"embeddable":true,"href":"https:\/\/windpilot.com\/blog\/wp-json\/wp\/v2\/users\/1"}],"replies":[{"embeddable":true,"href":"https:\/\/windpilot.com\/blog\/wp-json\/wp\/v2\/comments?post=31440"}],"version-history":[{"count":7,"href":"https:\/\/windpilot.com\/blog\/wp-json\/wp\/v2\/pages\/31440\/revisions"}],"predecessor-version":[{"id":31471,"href":"https:\/\/windpilot.com\/blog\/wp-json\/wp\/v2\/pages\/31440\/revisions\/31471"}],"up":[{"embeddable":true,"href":"https:\/\/windpilot.com\/blog\/wp-json\/wp\/v2\/pages\/16893"}],"wp:attachment":[{"href":"https:\/\/windpilot.com\/blog\/wp-json\/wp\/v2\/media?parent=31440"}],"curies":[{"name":"wp","href":"https:\/\/api.w.org\/{rel}","templated":true}]}}