{"id":31507,"date":"2024-09-16T04:10:51","date_gmt":"2024-09-16T11:10:51","guid":{"rendered":"https:\/\/windpilot.com\/blog\/?page_id=31507"},"modified":"2024-09-16T04:18:30","modified_gmt":"2024-09-16T11:18:30","slug":"pacific-plus-repair","status":"publish","type":"page","link":"https:\/\/windpilot.com\/blog\/press-tv\/service-tipps\/pacific-plus-repair\/","title":{"rendered":"Pacific Plus &#8211; repair"},"content":{"rendered":"<p><strong>PACIFIC PLUS &#8211; RUDDER REPLACEMENT<\/strong><br \/>\n<img loading=\"lazy\" decoding=\"async\" src=\"https:\/\/windpilot.com\/blog\/wp-content\/uploads\/2024\/09\/IMG_7381-1024x768.jpg\" alt=\"\" width=\"640\" height=\"480\" class=\"aligncenter size-large wp-image-31508\" srcset=\"https:\/\/windpilot.com\/blog\/wp-content\/uploads\/2024\/09\/IMG_7381-1024x768.jpg 1024w, https:\/\/windpilot.com\/blog\/wp-content\/uploads\/2024\/09\/IMG_7381-300x225.jpg 300w, https:\/\/windpilot.com\/blog\/wp-content\/uploads\/2024\/09\/IMG_7381-768x576.jpg 768w, https:\/\/windpilot.com\/blog\/wp-content\/uploads\/2024\/09\/IMG_7381.jpg 1280w\" sizes=\"auto, (max-width: 640px) 100vw, 640px\" \/><strong>Donnerstag, 15.Febr. 2024<\/strong>: Wir sind in der 2. Woche unserer Pazifik-\u00dcberquerung, von Panama nach French Polynesien. Die Tage und N\u00e4chte vergehen schnell und die Bordroutine hat sich eingespielt. Als 3er-Crew und haben einen zeitlich klar geregelten Wach-\/Arbeitsplan, der sowohl Wachen als auch kochen und putzen mit einbezieht. Tags\u00fcber 4-Stunden- Wachen, nachts 3-Stunden-Wachen&#8230; und t\u00e4glicher Wechsel, wer kocht, abw\u00e4scht\/putzt und auch mal arbeitsfrei hat. So hat jeder auch ausreichend Zeit f\u00fcr Schlaf, Erholung und mehr&#8230; Nur einer arbeitet durchgehend, still und leise, 24 Stunden t\u00e4glich und 7 Tage in der Woche&#8230; das ist \u201eJosef\u201c unser Windpilot. Knapp 30 Jahre alt und noch immer fit und r\u00fcstig.<br \/>\n<img loading=\"lazy\" decoding=\"async\" src=\"https:\/\/windpilot.com\/blog\/wp-content\/uploads\/2024\/09\/20240207_092034-1024x767.jpg\" alt=\"\" width=\"640\" height=\"479\" class=\"aligncenter size-large wp-image-31511\" srcset=\"https:\/\/windpilot.com\/blog\/wp-content\/uploads\/2024\/09\/20240207_092034-1024x767.jpg 1024w, https:\/\/windpilot.com\/blog\/wp-content\/uploads\/2024\/09\/20240207_092034-300x225.jpg 300w, https:\/\/windpilot.com\/blog\/wp-content\/uploads\/2024\/09\/20240207_092034-768x575.jpg 768w, https:\/\/windpilot.com\/blog\/wp-content\/uploads\/2024\/09\/20240207_092034.jpg 1280w\" sizes=\"auto, (max-width: 640px) 100vw, 640px\" \/>Er ist unser treuer Begleiter und steuert zuverl\u00e4ssig durch dick und d\u00fcnn&#8230;<br \/>\nWind und Welle sind sehr moderat, tags\u00fcber 10-14 Knoten raumer bis halber Wind, nachts teilweise bis 17 Knoten ansteigend&#8230; und eine g\u00fcnstige Str\u00f6mung von mehr als einem Knoten mit uns. Das ist fantastisch und wir segeln fast durchgehend mit kleiner Genua und 1. Reff im Gro\u00df, was ein recht komfortables Segeln ergibt, mit angenehmen Bewegungen im Schiff und mit Etmalen zwischen 150 und 180 Seemeilen.<br \/>\n<img loading=\"lazy\" decoding=\"async\" src=\"https:\/\/windpilot.com\/blog\/wp-content\/uploads\/2024\/09\/20240207_092112-1024x768.jpg\" alt=\"\" width=\"640\" height=\"480\" class=\"aligncenter size-large wp-image-31512\" srcset=\"https:\/\/windpilot.com\/blog\/wp-content\/uploads\/2024\/09\/20240207_092112-1024x768.jpg 1024w, https:\/\/windpilot.com\/blog\/wp-content\/uploads\/2024\/09\/20240207_092112-300x225.jpg 300w, https:\/\/windpilot.com\/blog\/wp-content\/uploads\/2024\/09\/20240207_092112-768x576.jpg 768w, https:\/\/windpilot.com\/blog\/wp-content\/uploads\/2024\/09\/20240207_092112.jpg 1280w\" sizes=\"auto, (max-width: 640px) 100vw, 640px\" \/>Abends halten wir mit 2 befreundeten Booten eine Funkrunde \u00fcber KW 6227, die allerdings teilweise gro\u00dfe St\u00f6rungen hat&#8230; dennoch k\u00f6nnen wir das Wichtigste h\u00f6ren und wissen, dass es jedem gut geht.<\/p>\n<p>Mit dem Fischen klappt es nicht mehr so richtig und ist mit lehrreichen Fehlschl\u00e4gen verbunden. Drei Bisse die sich wieder vom Haken befreien konnten (falscher Haken), ein Biss, der das Vorfach glatt durchgebissen hat (kein Stahlvorfach)&#8230; und ein gro\u00dfer Gelbflossentuna, der schon auf der Badeplattform lag und uns dann leider wieder ins Wasser entglitten ist. Aber immerhin auch zwei kleine Tunas, die jeweils f\u00fcr ein leckeres Dinner f\u00fcr uns drei reichten. Inzwischen haben wir dazugelernt, das Equipment optimiert&#8230; gr\u00f6\u00dfere und bessere Haken, Stahlvorf\u00e4cher und einen selbstgebauten K\u00f6der aus einer leeren Zahnpastatube (er bekam den Namen &#8222;Frederic&#8220;).<\/p>\n<p><img loading=\"lazy\" decoding=\"async\" src=\"https:\/\/windpilot.com\/blog\/wp-content\/uploads\/2024\/09\/IMG_2219-225x300.jpg\" alt=\"\" width=\"225\" height=\"300\" class=\"alignleft size-medium wp-image-31513\" srcset=\"https:\/\/windpilot.com\/blog\/wp-content\/uploads\/2024\/09\/IMG_2219-225x300.jpg 225w, https:\/\/windpilot.com\/blog\/wp-content\/uploads\/2024\/09\/IMG_2219.jpg 768w\" sizes=\"auto, (max-width: 225px) 100vw, 225px\" \/><strong>Montag, 19. Februar, 08:30<\/strong>&#8230; <strong>BERGFEST&#8230; &#8230;wir haben die H\u00e4lfte der Strecke geschafft&#8230;<\/strong> 1.900 SM liegen hinter uns und die gleiche Strecke bis nach Hiva Oa liegt noch vor uns. Zur Feier des Tages gibt es einen leckeren Karottenkuchen mit Wahln\u00fcssen und Buttercreme, quasi eine richtige Halbzeit-Torte. Sehr lecker und gehaltvoll&#8230;<br \/>\nZur Kr\u00f6nung unserer Torten-Runde kommen auf einmal dutzende Delfine auf uns zu&#8230; eine gro\u00dfe Gruppe scheinbar pupert\u00e4rer Tiere, die so ausgelassen sind, wie ich sie noch nie gesehen habe&#8230; sie springen reihenweise immer wieder hoch aus dem Wasser&#8230; ganz fantastisch und einmalig sch\u00f6n.<br \/>\n<img loading=\"lazy\" decoding=\"async\" src=\"https:\/\/windpilot.com\/blog\/wp-content\/uploads\/2024\/09\/P2192005-1024x739.jpg\" alt=\"\" width=\"640\" height=\"462\" class=\"aligncenter size-large wp-image-31515\" srcset=\"https:\/\/windpilot.com\/blog\/wp-content\/uploads\/2024\/09\/P2192005-1024x739.jpg 1024w, https:\/\/windpilot.com\/blog\/wp-content\/uploads\/2024\/09\/P2192005-300x217.jpg 300w, https:\/\/windpilot.com\/blog\/wp-content\/uploads\/2024\/09\/P2192005-768x554.jpg 768w, https:\/\/windpilot.com\/blog\/wp-content\/uploads\/2024\/09\/P2192005.jpg 1280w\" sizes=\"auto, (max-width: 640px) 100vw, 640px\" \/><img loading=\"lazy\" decoding=\"async\" src=\"https:\/\/windpilot.com\/blog\/wp-content\/uploads\/2024\/09\/IMG-20240221-WA0002-225x300.jpg\" alt=\"\" width=\"225\" height=\"300\" class=\"alignleft size-medium wp-image-31516\" srcset=\"https:\/\/windpilot.com\/blog\/wp-content\/uploads\/2024\/09\/IMG-20240221-WA0002-225x300.jpg 225w, https:\/\/windpilot.com\/blog\/wp-content\/uploads\/2024\/09\/IMG-20240221-WA0002.jpg 768w\" sizes=\"auto, (max-width: 225px) 100vw, 225px\" \/>Zum Abendessen gibt es ein leckeres K\u00fcrbis-Gem\u00fcse-Curry und wir fahren entspannt in den Sonnenuntergang. Ein gelungener Halbzeit-Tag scheint ruhig zu Ende zu gehen&#8230; doch die n\u00e4chsten Stunden werden unerwartet aufregend&#8230; !!!<br \/>\nGerade als wir die Angeln einholen wollen, bei\u00dft ein gro\u00dfer Fisch an&#8230; ein richtig gro\u00dfer!!!&#8230; er zieht sehr hart an der Leine&#8230; und springt kurz drauf auch noch hoch aus dem Wasser&#8230; ein gro\u00dfer Blue Marlin&#8230;. wow&#8230; der absolute Angler-Traumfisch!!! &#8230; aber auch ein kr\u00e4ftiger und ausdauernder K\u00e4mpfer. Wir stellen uns auf einen harten und langen Kampf ein&#8230; diesmal darf nichts mehr schief gehen! Nach einer halben Stunde kommt er langsam ran&#8230; zieht immer wieder stark an&#8230; und dann pl\u00f6tzlich mit riesen Kraft weit nach Backbord und von dort wieder weit achteraus&#8230; das Wasser spritzt auf&#8230; doch was ist das&#8230; ??? &#8230;eine riesige Haifischflosse taucht dort auf&#8230; waaas??? &#8230;haben wir etwa doch einen Hai an der Angel&#8230;. neiiin&#8230; doch dann l\u00e4sst die Kraft an der Leine schlagartig deutlich nach und wir holen so schnell wie m\u00f6glich die Leine ein&#8230;. Es h\u00e4ngt noch ein Fisch dran&#8230; doch wie es scheint, hat der Hai ihm einen Teil abgebissen. Er kommt n\u00e4her und wir sehen ihn&#8230; ein kampfloser Blue Marlin&#8230; aber der Hai ist auch noch da und will uns auch den Rest unserer Beute entrei\u00dfen. Jetzt hei\u00dft es schnell sein&#8230;! Wir spulen mit Tempo die Leine ein und ich stehe angeleint auf der Badeplattform, um die Beute schnell an Bord zu holen&#8230; er ist fast da und ich sehe schr\u00e4g dahinter den Schatten des Hai&#8217;s nahen&#8230; es wird knapp&#8230; ein schneller Griff in die Leine und ein kr\u00e4ftiger Ruck hoch zur Badeplattform&#8230; yeahh wir haben ihn und der Hai zieht knapp geschlagen ab&#8230; puhh war das aufregend&#8230; was f\u00fcr ein Kampf und spannendes Erlebnis. Die gro\u00dfen Augen des Blue Marlins und seine Haut leuchten noch metallblau, doch er ist bereits tot und die Farbe wechselt langsam ins schwarze.<br \/>\n<img loading=\"lazy\" decoding=\"async\" src=\"https:\/\/windpilot.com\/blog\/wp-content\/uploads\/2024\/09\/IMG_7381-300x225.jpg\" alt=\"\" width=\"300\" height=\"225\" class=\"alignleft size-medium wp-image-31508\" srcset=\"https:\/\/windpilot.com\/blog\/wp-content\/uploads\/2024\/09\/IMG_7381-300x225.jpg 300w, https:\/\/windpilot.com\/blog\/wp-content\/uploads\/2024\/09\/IMG_7381-1024x768.jpg 1024w, https:\/\/windpilot.com\/blog\/wp-content\/uploads\/2024\/09\/IMG_7381-768x576.jpg 768w, https:\/\/windpilot.com\/blog\/wp-content\/uploads\/2024\/09\/IMG_7381.jpg 1280w\" sizes=\"auto, (max-width: 300px) 100vw, 300px\" \/>Der Hai hat ihm tats\u00e4chlich sein Hinterteil abgebissen&#8230; unglaublich!!! Wir messen noch einen knappen Meter L\u00e4nge und sch\u00e4tzen seine urspr\u00fcngliche Gr\u00f6\u00dfe auf mehr als 1,5 Meter. Ein riesen Fisch, allerbester Qualit\u00e4t und damit haben wir immerhin den Gro\u00dfteil f\u00fcr uns erbeutet und sicher f\u00fcr mehrere Tage genug Fisch zum Essen. Erstaunlich auch&#8230; der Erfolgsk\u00f6der war &#8222;Frederic &#8222;&#8230; Das Filetieren und aufr\u00e4umen dauert noch bis weit in die Dunkelheit und danach wollen wir eigentlich in eine ruhige Nacht segeln&#8230; ABER&#8230; es soll nicht sein!!! &#8222;Josef&#8220; unser Windpilot steuert nicht mehr richtig&#8230; hmm&#8230; Mehrfach stelle ich ihn neu ein, trimme die Segel und versuche alle Tricks&#8230; doch es klappt nicht mehr. Irgendwas stimmt da nicht&#8230; macht etwa die Ruder-Bremse wieder Probleme??? &#8230;nein, die ist ok&#8230; h\u00e4ngt vielleicht was im Ruderblatt??? &#8230;. ich gehe erneut auf die Badeplattform und checke &#8222;Josef&#8220; erneut durch&#8230; alles scheint ok zu sein&#8230; doch dann sehe ich das Dilemma&#8230; ohjeeeehhh&#8230;. nein das darf doch nicht wahr sein&#8230; das Ruderblatt von Josef fehlt&#8230;!!! &#8230;es ist weg&#8230; einfach weg&#8230; rausgerutscht und in der ewigen Tiefe verschwunden&#8230; ein Vibrationsbruch der Ruderwelle, wie sich sp\u00e4ter herausstellt&#8230;<br \/>\n<img loading=\"lazy\" decoding=\"async\" src=\"https:\/\/windpilot.com\/blog\/wp-content\/uploads\/2024\/09\/20240220_065313-225x300.jpg\" alt=\"\" width=\"225\" height=\"300\" class=\"alignleft size-medium wp-image-31519\" srcset=\"https:\/\/windpilot.com\/blog\/wp-content\/uploads\/2024\/09\/20240220_065313-225x300.jpg 225w, https:\/\/windpilot.com\/blog\/wp-content\/uploads\/2024\/09\/20240220_065313.jpg 768w\" sizes=\"auto, (max-width: 225px) 100vw, 225px\" \/>Ein schwerer Verlust, weil damit die so wichtige Windsteueranlage ausf\u00e4llt. Verdammt, wie konnte das passieren? &#8230;und vor allem, warum hatte ich da keine Leine als Sicherung dran&#8230; grrhhh, das ist echt mehr als doof&#8230; also muss es jetzt leider ohne Josef weitergehen&#8230;<br \/>\nUnser Raymarine-Autopilot \u00fcbernimmt&#8230; und ich gehe ziemlich frustriert in die Koje&#8230; keine Ahnung wie wir das wieder reparieren k\u00f6nnen&#8230; ein solches Ersatzteil hat niemand an Bord und es d\u00fcrfte in ganz French Polynesien auch nirgends zu bekommen sein&#8230; Doch es ist wie es ist und es geht weiter unserem Ziel entgegen&#8230; und hoffentlich gibt es keine weiteren Sch\u00e4den&#8230;<br \/>\nAm n\u00e4chsten Tag nehme ich per email Kontakt mit Peter F\u00f6rthmann auf, sozusagen mit dem Vater von Josef und bitte ihn um Hilfe. Die Zusage auf Hilfe kommt schnell und prompt innerhalb eines Tages&#8230;. Allerdings muss Peter erst noch mal dar\u00fcber nachdenken, wie er Josef unseren Windpilot-Oldi auf die inzwischen vorhandene Weiterentwicklung anpassen kann und welche Ersatzteile ich brauche. Erstmal m\u00fcssen wir allerdings in French Polinesien ankommen&#8230; dann alles genau ausmessen, besprechen und dann Lieferumfang und Lieferort abstimmen&#8230;<br \/>\n<img loading=\"lazy\" decoding=\"async\" src=\"https:\/\/windpilot.com\/blog\/wp-content\/uploads\/2024\/09\/P3072417-1024x768.jpg\" alt=\"\" width=\"640\" height=\"480\" class=\"aligncenter size-large wp-image-31520\" srcset=\"https:\/\/windpilot.com\/blog\/wp-content\/uploads\/2024\/09\/P3072417-1024x768.jpg 1024w, https:\/\/windpilot.com\/blog\/wp-content\/uploads\/2024\/09\/P3072417-300x225.jpg 300w, https:\/\/windpilot.com\/blog\/wp-content\/uploads\/2024\/09\/P3072417-768x576.jpg 768w, https:\/\/windpilot.com\/blog\/wp-content\/uploads\/2024\/09\/P3072417.jpg 1280w\" sizes=\"auto, (max-width: 640px) 100vw, 640px\" \/><strong>Freitag, 08.M\u00e4rz 2024<\/strong>: Der Anker f\u00e4llt in das klare Wasser der Hanavave Baie von Fatu Hiva auf den Marquesas Inseln. Eine der sch\u00f6nsten Buchten von Franz\u00f6sisch Polynesien und der Zauber der Ankunftsmagie \u00fcberw\u00e4ltigt uns, so dass wir zur St\u00e4rkung erstmal ein paar leckere Ankerbiere brauchen, auf die wir uns schon lange freuen und die wir jetzt sicher verdient haben.<\/p>\n<p><img loading=\"lazy\" decoding=\"async\" src=\"https:\/\/windpilot.com\/blog\/wp-content\/uploads\/2024\/09\/20240709_095332-300x225.jpg\" alt=\"\" width=\"300\" height=\"225\" class=\"alignleft size-medium wp-image-31523\" srcset=\"https:\/\/windpilot.com\/blog\/wp-content\/uploads\/2024\/09\/20240709_095332-300x225.jpg 300w, https:\/\/windpilot.com\/blog\/wp-content\/uploads\/2024\/09\/20240709_095332-1024x768.jpg 1024w, https:\/\/windpilot.com\/blog\/wp-content\/uploads\/2024\/09\/20240709_095332-768x576.jpg 768w, https:\/\/windpilot.com\/blog\/wp-content\/uploads\/2024\/09\/20240709_095332.jpg 1280w\" sizes=\"auto, (max-width: 300px) 100vw, 300px\" \/>Ein paar Tage sp\u00e4ter konnte ich mit Peter kl\u00e4ren was wir alles brauchen, um Josef wieder fit zu bekommen und das es wohl am besten ist die Lieferung nach Tahiti\/Papeete zu senden&#8230;. Allerdings erst wenn ich tats\u00e4chlich dort bin. Also muss sich Josef noch etwas gedulden und wir schaffen die jetzt kurzen Strecken auch gut ohne ihn.<\/p>\n<p><img loading=\"lazy\" decoding=\"async\" src=\"https:\/\/windpilot.com\/blog\/wp-content\/uploads\/2024\/09\/20240709_103009-300x225.jpg\" alt=\"\" width=\"300\" height=\"225\" class=\"alignleft size-medium wp-image-31524\" srcset=\"https:\/\/windpilot.com\/blog\/wp-content\/uploads\/2024\/09\/20240709_103009-300x225.jpg 300w, https:\/\/windpilot.com\/blog\/wp-content\/uploads\/2024\/09\/20240709_103009-1024x768.jpg 1024w, https:\/\/windpilot.com\/blog\/wp-content\/uploads\/2024\/09\/20240709_103009-768x576.jpg 768w, https:\/\/windpilot.com\/blog\/wp-content\/uploads\/2024\/09\/20240709_103009.jpg 1280w\" sizes=\"auto, (max-width: 300px) 100vw, 300px\" \/><strong>Tahiti\/Papeete, Montag 08. Juli 2024<\/strong> Ich bin voller Vorfreude bereits um 08:00 am Flughafen, um das neue Ruderblatt f\u00fcr Josef abzuholen. Yeahh&#8230; es war zwar schwierig und teuer es aus dem Zoll rauszubekommen&#8230; doch es hat geklappt. Peter F\u00f6rthmann hat geliefert, inkl. Adapter und Anleitung f\u00fcr den Umbau, damit auch die neu modifizierte Ruderwelle passt.<br \/>\nDer Um-\/Einbau funktioniert sehr gut und ist an einem Tag erledigt. Yeahhh&#8230; damit ist &#8222;Josef&#8220;, wieder einsatzklar&#8230; und das neue Ruderblatt hat jetzt auch ein rotes Sicherungsband, das ich bestimmt nie wieder vergessen werde. <\/p>\n<p>Danke lieber Peter, dass du mir und Josef so toll und zuverl\u00e4ssig geholfen hast&#8230;. das war Service erster Klasse und jetzt hat LadyBlue wieder einen erstklassigen Steuermann f\u00fcr die weitere Reise nach Westen&#8230;<\/p>\n<p>Horst Ramisch on board <a href=\"https:\/\/blauwassersegeln.wordpress.com\">Lady Blue<\/a><br \/>\n<div id=\"attachment_31530\" style=\"width: 310px\" class=\"wp-caption alignleft\"><img loading=\"lazy\" decoding=\"async\" aria-describedby=\"caption-attachment-31530\" src=\"https:\/\/windpilot.com\/blog\/wp-content\/uploads\/2024\/09\/Ohne-Titel-300x164.jpg\" alt=\"\" width=\"300\" height=\"164\" class=\"size-medium wp-image-31530\" srcset=\"https:\/\/windpilot.com\/blog\/wp-content\/uploads\/2024\/09\/Ohne-Titel-300x164.jpg 300w, https:\/\/windpilot.com\/blog\/wp-content\/uploads\/2024\/09\/Ohne-Titel-1024x560.jpg 1024w, https:\/\/windpilot.com\/blog\/wp-content\/uploads\/2024\/09\/Ohne-Titel-768x420.jpg 768w, https:\/\/windpilot.com\/blog\/wp-content\/uploads\/2024\/09\/Ohne-Titel-1536x839.jpg 1536w, https:\/\/windpilot.com\/blog\/wp-content\/uploads\/2024\/09\/Ohne-Titel-2048x1119.jpg 2048w\" sizes=\"auto, (max-width: 300px) 100vw, 300px\" \/><p id=\"caption-attachment-31530\" class=\"wp-caption-text\">Screenshot<\/p><\/div><\/p>\n","protected":false},"excerpt":{"rendered":"<p>PACIFIC PLUS &#8211; RUDDER REPLACEMENT Donnerstag, 15.Febr. 2024: Wir sind in der 2. Woche unserer Pazifik-\u00dcberquerung, von Panama nach French Polynesien. Die Tage und N\u00e4chte vergehen schnell und die Bordroutine hat sich eingespielt. Als 3er-Crew und haben einen zeitlich klar &hellip; <a href=\"https:\/\/windpilot.com\/blog\/press-tv\/service-tipps\/pacific-plus-repair\/\">Weiterlesen <span class=\"meta-nav\">&rarr;<\/span><\/a><\/p>\n","protected":false},"author":1,"featured_media":0,"parent":17838,"menu_order":-15,"comment_status":"open","ping_status":"open","template":"","meta":{"footnotes":""},"class_list":["post-31507","page","type-page","status-publish","hentry"],"_links":{"self":[{"href":"https:\/\/windpilot.com\/blog\/wp-json\/wp\/v2\/pages\/31507","targetHints":{"allow":["GET"]}}],"collection":[{"href":"https:\/\/windpilot.com\/blog\/wp-json\/wp\/v2\/pages"}],"about":[{"href":"https:\/\/windpilot.com\/blog\/wp-json\/wp\/v2\/types\/page"}],"author":[{"embeddable":true,"href":"https:\/\/windpilot.com\/blog\/wp-json\/wp\/v2\/users\/1"}],"replies":[{"embeddable":true,"href":"https:\/\/windpilot.com\/blog\/wp-json\/wp\/v2\/comments?post=31507"}],"version-history":[{"count":13,"href":"https:\/\/windpilot.com\/blog\/wp-json\/wp\/v2\/pages\/31507\/revisions"}],"predecessor-version":[{"id":31531,"href":"https:\/\/windpilot.com\/blog\/wp-json\/wp\/v2\/pages\/31507\/revisions\/31531"}],"up":[{"embeddable":true,"href":"https:\/\/windpilot.com\/blog\/wp-json\/wp\/v2\/pages\/17838"}],"wp:attachment":[{"href":"https:\/\/windpilot.com\/blog\/wp-json\/wp\/v2\/media?parent=31507"}],"curies":[{"name":"wp","href":"https:\/\/api.w.org\/{rel}","templated":true}]}}