{"id":31662,"date":"2024-10-16T09:50:51","date_gmt":"2024-10-16T16:50:51","guid":{"rendered":"https:\/\/windpilot.com\/blog\/?page_id=31662"},"modified":"2024-11-25T03:30:32","modified_gmt":"2024-11-25T10:30:32","slug":"steh-liege-plaetze","status":"publish","type":"page","link":"https:\/\/windpilot.com\/blog\/schiffe\/trendsetter-yachten\/steh-liege-plaetze\/","title":{"rendered":"Steh &#8211; Liege &#8211; pl\u00e4tze"},"content":{"rendered":"<p><strong>STEHPL\u00c4TZE SIND MANCHMAL BESSER ALS LIEGEPL\u00c4TZE<\/strong><br \/>\n<img loading=\"lazy\" decoding=\"async\" src=\"https:\/\/windpilot.com\/blog\/wp-content\/uploads\/2024\/10\/8.-seitliches-Lift-up-bei-Windpilot-Pacific-Kopie-2-1024x768.jpg\" alt=\"\" width=\"640\" height=\"480\" class=\"aligncenter size-large wp-image-31663\" srcset=\"https:\/\/windpilot.com\/blog\/wp-content\/uploads\/2024\/10\/8.-seitliches-Lift-up-bei-Windpilot-Pacific-Kopie-2-1024x768.jpg 1024w, https:\/\/windpilot.com\/blog\/wp-content\/uploads\/2024\/10\/8.-seitliches-Lift-up-bei-Windpilot-Pacific-Kopie-2-300x225.jpg 300w, https:\/\/windpilot.com\/blog\/wp-content\/uploads\/2024\/10\/8.-seitliches-Lift-up-bei-Windpilot-Pacific-Kopie-2-768x576.jpg 768w, https:\/\/windpilot.com\/blog\/wp-content\/uploads\/2024\/10\/8.-seitliches-Lift-up-bei-Windpilot-Pacific-Kopie-2-1536x1152.jpg 1536w, https:\/\/windpilot.com\/blog\/wp-content\/uploads\/2024\/10\/8.-seitliches-Lift-up-bei-Windpilot-Pacific-Kopie-2-2048x1536.jpg 2048w\" sizes=\"auto, (max-width: 640px) 100vw, 640px\" \/><img loading=\"lazy\" decoding=\"async\" src=\"https:\/\/windpilot.com\/blog\/wp-content\/uploads\/2024\/11\/Smilla-Kopie-2.jpg\" alt=\"\" width=\"1024\" height=\"768\" class=\"aligncenter size-full wp-image-31905\" srcset=\"https:\/\/windpilot.com\/blog\/wp-content\/uploads\/2024\/11\/Smilla-Kopie-2.jpg 1024w, https:\/\/windpilot.com\/blog\/wp-content\/uploads\/2024\/11\/Smilla-Kopie-2-300x225.jpg 300w, https:\/\/windpilot.com\/blog\/wp-content\/uploads\/2024\/11\/Smilla-Kopie-2-768x576.jpg 768w\" sizes=\"auto, (max-width: 1024px) 100vw, 1024px\" \/><img loading=\"lazy\" decoding=\"async\" src=\"https:\/\/windpilot.com\/blog\/wp-content\/uploads\/2024\/10\/1023-156-1200-f3b.jpg.jpeg\" alt=\"\" width=\"900\" height=\"555\" class=\"aligncenter size-full wp-image-31664\" srcset=\"https:\/\/windpilot.com\/blog\/wp-content\/uploads\/2024\/10\/1023-156-1200-f3b.jpg.jpeg 900w, https:\/\/windpilot.com\/blog\/wp-content\/uploads\/2024\/10\/1023-156-1200-f3b.jpg-300x185.jpeg 300w, https:\/\/windpilot.com\/blog\/wp-content\/uploads\/2024\/10\/1023-156-1200-f3b.jpg-768x474.jpeg 768w\" sizes=\"auto, (max-width: 900px) 100vw, 900px\" \/><img loading=\"lazy\" decoding=\"async\" src=\"https:\/\/windpilot.com\/blog\/wp-content\/uploads\/2024\/11\/Stehendes-Schiff-Ebbe-Kopie-1024x768.jpg\" alt=\"\" width=\"640\" height=\"480\" class=\"aligncenter size-large wp-image-31903\" srcset=\"https:\/\/windpilot.com\/blog\/wp-content\/uploads\/2024\/11\/Stehendes-Schiff-Ebbe-Kopie-1024x768.jpg 1024w, https:\/\/windpilot.com\/blog\/wp-content\/uploads\/2024\/11\/Stehendes-Schiff-Ebbe-Kopie-300x225.jpg 300w, https:\/\/windpilot.com\/blog\/wp-content\/uploads\/2024\/11\/Stehendes-Schiff-Ebbe-Kopie-768x576.jpg 768w, https:\/\/windpilot.com\/blog\/wp-content\/uploads\/2024\/11\/Stehendes-Schiff-Ebbe-Kopie-1536x1152.jpg 1536w, https:\/\/windpilot.com\/blog\/wp-content\/uploads\/2024\/11\/Stehendes-Schiff-Ebbe-Kopie-2048x1536.jpg 2048w\" sizes=\"auto, (max-width: 640px) 100vw, 640px\" \/><img loading=\"lazy\" decoding=\"async\" src=\"https:\/\/windpilot.com\/blog\/wp-content\/uploads\/2024\/10\/7953-Kopie.jpg\" alt=\"\" width=\"800\" height=\"600\" class=\"aligncenter size-full wp-image-31665\" srcset=\"https:\/\/windpilot.com\/blog\/wp-content\/uploads\/2024\/10\/7953-Kopie.jpg 800w, https:\/\/windpilot.com\/blog\/wp-content\/uploads\/2024\/10\/7953-Kopie-300x225.jpg 300w, https:\/\/windpilot.com\/blog\/wp-content\/uploads\/2024\/10\/7953-Kopie-768x576.jpg 768w\" sizes=\"auto, (max-width: 800px) 100vw, 800px\" \/><img loading=\"lazy\" decoding=\"async\" src=\"https:\/\/windpilot.com\/blog\/wp-content\/uploads\/2024\/10\/449525235_2874101692738333_6538099166946580959_n-1024x768.jpg\" alt=\"\" width=\"640\" height=\"480\" class=\"aligncenter size-large wp-image-31666\" srcset=\"https:\/\/windpilot.com\/blog\/wp-content\/uploads\/2024\/10\/449525235_2874101692738333_6538099166946580959_n-1024x768.jpg 1024w, https:\/\/windpilot.com\/blog\/wp-content\/uploads\/2024\/10\/449525235_2874101692738333_6538099166946580959_n-300x225.jpg 300w, https:\/\/windpilot.com\/blog\/wp-content\/uploads\/2024\/10\/449525235_2874101692738333_6538099166946580959_n-768x576.jpg 768w, https:\/\/windpilot.com\/blog\/wp-content\/uploads\/2024\/10\/449525235_2874101692738333_6538099166946580959_n.jpg 1280w\" sizes=\"auto, (max-width: 640px) 100vw, 640px\" \/><img loading=\"lazy\" decoding=\"async\" src=\"https:\/\/windpilot.com\/blog\/wp-content\/uploads\/2024\/10\/453512770_10233186404223740_2789855964953935155_n-768x1024.jpg\" alt=\"\" width=\"640\" height=\"853\" class=\"aligncenter size-large wp-image-31667\" srcset=\"https:\/\/windpilot.com\/blog\/wp-content\/uploads\/2024\/10\/453512770_10233186404223740_2789855964953935155_n-768x1024.jpg 768w, https:\/\/windpilot.com\/blog\/wp-content\/uploads\/2024\/10\/453512770_10233186404223740_2789855964953935155_n-225x300.jpg 225w, https:\/\/windpilot.com\/blog\/wp-content\/uploads\/2024\/10\/453512770_10233186404223740_2789855964953935155_n.jpg 1080w\" sizes=\"auto, (max-width: 640px) 100vw, 640px\" \/><img loading=\"lazy\" decoding=\"async\" src=\"https:\/\/windpilot.com\/blog\/wp-content\/uploads\/2024\/10\/453883256_2901542939994208_5989063614982312065_n-1024x576.jpg\" alt=\"\" width=\"640\" height=\"360\" class=\"aligncenter size-large wp-image-31668\" srcset=\"https:\/\/windpilot.com\/blog\/wp-content\/uploads\/2024\/10\/453883256_2901542939994208_5989063614982312065_n-1024x576.jpg 1024w, https:\/\/windpilot.com\/blog\/wp-content\/uploads\/2024\/10\/453883256_2901542939994208_5989063614982312065_n-300x169.jpg 300w, https:\/\/windpilot.com\/blog\/wp-content\/uploads\/2024\/10\/453883256_2901542939994208_5989063614982312065_n-768x432.jpg 768w, https:\/\/windpilot.com\/blog\/wp-content\/uploads\/2024\/10\/453883256_2901542939994208_5989063614982312065_n-1536x864.jpg 1536w, https:\/\/windpilot.com\/blog\/wp-content\/uploads\/2024\/10\/453883256_2901542939994208_5989063614982312065_n.jpg 2048w\" sizes=\"auto, (max-width: 640px) 100vw, 640px\" \/><img loading=\"lazy\" decoding=\"async\" src=\"https:\/\/windpilot.com\/blog\/wp-content\/uploads\/2024\/10\/453997075_10234023646119654_4584084319171444578_n-576x1024.jpg\" alt=\"\" width=\"576\" height=\"1024\" class=\"aligncenter size-large wp-image-31669\" srcset=\"https:\/\/windpilot.com\/blog\/wp-content\/uploads\/2024\/10\/453997075_10234023646119654_4584084319171444578_n-576x1024.jpg 576w, https:\/\/windpilot.com\/blog\/wp-content\/uploads\/2024\/10\/453997075_10234023646119654_4584084319171444578_n-169x300.jpg 169w, https:\/\/windpilot.com\/blog\/wp-content\/uploads\/2024\/10\/453997075_10234023646119654_4584084319171444578_n-768x1365.jpg 768w, https:\/\/windpilot.com\/blog\/wp-content\/uploads\/2024\/10\/453997075_10234023646119654_4584084319171444578_n-864x1536.jpg 864w, https:\/\/windpilot.com\/blog\/wp-content\/uploads\/2024\/10\/453997075_10234023646119654_4584084319171444578_n.jpg 1080w\" sizes=\"auto, (max-width: 576px) 100vw, 576px\" \/><img loading=\"lazy\" decoding=\"async\" src=\"https:\/\/windpilot.com\/blog\/wp-content\/uploads\/2024\/10\/454264131_10234023646239657_7491231693812661512_n-576x1024.jpg\" alt=\"\" width=\"576\" height=\"1024\" class=\"aligncenter size-large wp-image-31670\" srcset=\"https:\/\/windpilot.com\/blog\/wp-content\/uploads\/2024\/10\/454264131_10234023646239657_7491231693812661512_n-576x1024.jpg 576w, https:\/\/windpilot.com\/blog\/wp-content\/uploads\/2024\/10\/454264131_10234023646239657_7491231693812661512_n-169x300.jpg 169w, https:\/\/windpilot.com\/blog\/wp-content\/uploads\/2024\/10\/454264131_10234023646239657_7491231693812661512_n-768x1365.jpg 768w, https:\/\/windpilot.com\/blog\/wp-content\/uploads\/2024\/10\/454264131_10234023646239657_7491231693812661512_n-864x1536.jpg 864w, https:\/\/windpilot.com\/blog\/wp-content\/uploads\/2024\/10\/454264131_10234023646239657_7491231693812661512_n.jpg 1080w\" sizes=\"auto, (max-width: 576px) 100vw, 576px\" \/><img loading=\"lazy\" decoding=\"async\" src=\"https:\/\/windpilot.com\/blog\/wp-content\/uploads\/2024\/10\/449617989_2874101666071669_3558379719332024422_n-1024x768.jpg\" alt=\"\" width=\"640\" height=\"480\" class=\"aligncenter size-large wp-image-31671\" srcset=\"https:\/\/windpilot.com\/blog\/wp-content\/uploads\/2024\/10\/449617989_2874101666071669_3558379719332024422_n-1024x768.jpg 1024w, https:\/\/windpilot.com\/blog\/wp-content\/uploads\/2024\/10\/449617989_2874101666071669_3558379719332024422_n-300x225.jpg 300w, https:\/\/windpilot.com\/blog\/wp-content\/uploads\/2024\/10\/449617989_2874101666071669_3558379719332024422_n-768x576.jpg 768w, https:\/\/windpilot.com\/blog\/wp-content\/uploads\/2024\/10\/449617989_2874101666071669_3558379719332024422_n.jpg 1280w\" sizes=\"auto, (max-width: 640px) 100vw, 640px\" \/><img loading=\"lazy\" decoding=\"async\" src=\"https:\/\/windpilot.com\/blog\/wp-content\/uploads\/2024\/10\/455041581_8549169925093978_4140563046535615518_n-768x1024.jpg\" alt=\"\" width=\"640\" height=\"853\" class=\"aligncenter size-large wp-image-31672\" srcset=\"https:\/\/windpilot.com\/blog\/wp-content\/uploads\/2024\/10\/455041581_8549169925093978_4140563046535615518_n-768x1024.jpg 768w, https:\/\/windpilot.com\/blog\/wp-content\/uploads\/2024\/10\/455041581_8549169925093978_4140563046535615518_n-225x300.jpg 225w, https:\/\/windpilot.com\/blog\/wp-content\/uploads\/2024\/10\/455041581_8549169925093978_4140563046535615518_n-1152x1536.jpg 1152w, https:\/\/windpilot.com\/blog\/wp-content\/uploads\/2024\/10\/455041581_8549169925093978_4140563046535615518_n.jpg 1536w\" sizes=\"auto, (max-width: 640px) 100vw, 640px\" \/><img loading=\"lazy\" decoding=\"async\" src=\"https:\/\/windpilot.com\/blog\/wp-content\/uploads\/2024\/10\/Boat-in-grass-Berwick-Kopie-1024x772.jpg\" alt=\"\" width=\"640\" height=\"483\" class=\"aligncenter size-large wp-image-31673\" srcset=\"https:\/\/windpilot.com\/blog\/wp-content\/uploads\/2024\/10\/Boat-in-grass-Berwick-Kopie-1024x772.jpg 1024w, https:\/\/windpilot.com\/blog\/wp-content\/uploads\/2024\/10\/Boat-in-grass-Berwick-Kopie-300x226.jpg 300w, https:\/\/windpilot.com\/blog\/wp-content\/uploads\/2024\/10\/Boat-in-grass-Berwick-Kopie-768x579.jpg 768w, https:\/\/windpilot.com\/blog\/wp-content\/uploads\/2024\/10\/Boat-in-grass-Berwick-Kopie-1536x1158.jpg 1536w, https:\/\/windpilot.com\/blog\/wp-content\/uploads\/2024\/10\/Boat-in-grass-Berwick-Kopie.jpg 1782w\" sizes=\"auto, (max-width: 640px) 100vw, 640px\" \/><img loading=\"lazy\" decoding=\"async\" src=\"https:\/\/windpilot.com\/blog\/wp-content\/uploads\/2024\/10\/Cornwall-Ebbe-Dinghies-Kopie-1024x666.jpg\" alt=\"\" width=\"640\" height=\"416\" class=\"aligncenter size-large wp-image-31674\" srcset=\"https:\/\/windpilot.com\/blog\/wp-content\/uploads\/2024\/10\/Cornwall-Ebbe-Dinghies-Kopie-1024x666.jpg 1024w, https:\/\/windpilot.com\/blog\/wp-content\/uploads\/2024\/10\/Cornwall-Ebbe-Dinghies-Kopie-300x195.jpg 300w, https:\/\/windpilot.com\/blog\/wp-content\/uploads\/2024\/10\/Cornwall-Ebbe-Dinghies-Kopie-768x500.jpg 768w, https:\/\/windpilot.com\/blog\/wp-content\/uploads\/2024\/10\/Cornwall-Ebbe-Dinghies-Kopie-1536x999.jpg 1536w, https:\/\/windpilot.com\/blog\/wp-content\/uploads\/2024\/10\/Cornwall-Ebbe-Dinghies-Kopie-2048x1332.jpg 2048w\" sizes=\"auto, (max-width: 640px) 100vw, 640px\" \/><img loading=\"lazy\" decoding=\"async\" src=\"https:\/\/windpilot.com\/blog\/wp-content\/uploads\/2024\/10\/Delfin-Regehr-1024x537.jpg\" alt=\"\" width=\"640\" height=\"336\" class=\"size-large wp-image-31675\" srcset=\"https:\/\/windpilot.com\/blog\/wp-content\/uploads\/2024\/10\/Delfin-Regehr-1024x537.jpg 1024w, https:\/\/windpilot.com\/blog\/wp-content\/uploads\/2024\/10\/Delfin-Regehr-300x157.jpg 300w, https:\/\/windpilot.com\/blog\/wp-content\/uploads\/2024\/10\/Delfin-Regehr-768x403.jpg 768w, https:\/\/windpilot.com\/blog\/wp-content\/uploads\/2024\/10\/Delfin-Regehr-1536x806.jpg 1536w, https:\/\/windpilot.com\/blog\/wp-content\/uploads\/2024\/10\/Delfin-Regehr.jpg 1914w\" sizes=\"auto, (max-width: 640px) 100vw, 640px\" \/><img loading=\"lazy\" decoding=\"async\" src=\"https:\/\/windpilot.com\/blog\/wp-content\/uploads\/2024\/10\/Atlantik-43-Stein-Callenfels-Kopie-1024x676.jpg\" alt=\"\" width=\"640\" height=\"423\" class=\"size-large wp-image-31676\" srcset=\"https:\/\/windpilot.com\/blog\/wp-content\/uploads\/2024\/10\/Atlantik-43-Stein-Callenfels-Kopie-1024x676.jpg 1024w, https:\/\/windpilot.com\/blog\/wp-content\/uploads\/2024\/10\/Atlantik-43-Stein-Callenfels-Kopie-300x198.jpg 300w, https:\/\/windpilot.com\/blog\/wp-content\/uploads\/2024\/10\/Atlantik-43-Stein-Callenfels-Kopie-768x507.jpg 768w, https:\/\/windpilot.com\/blog\/wp-content\/uploads\/2024\/10\/Atlantik-43-Stein-Callenfels-Kopie-1536x1015.jpg 1536w, https:\/\/windpilot.com\/blog\/wp-content\/uploads\/2024\/10\/Atlantik-43-Stein-Callenfels-Kopie-2048x1353.jpg 2048w\" sizes=\"auto, (max-width: 640px) 100vw, 640px\" \/> <img loading=\"lazy\" decoding=\"async\" src=\"https:\/\/windpilot.com\/blog\/wp-content\/uploads\/2024\/10\/SV-Stravanza-dry-1024x768.jpeg\" alt=\"\" width=\"640\" height=\"480\" class=\"aligncenter size-large wp-image-31677\" srcset=\"https:\/\/windpilot.com\/blog\/wp-content\/uploads\/2024\/10\/SV-Stravanza-dry-1024x768.jpeg 1024w, https:\/\/windpilot.com\/blog\/wp-content\/uploads\/2024\/10\/SV-Stravanza-dry-300x225.jpeg 300w, https:\/\/windpilot.com\/blog\/wp-content\/uploads\/2024\/10\/SV-Stravanza-dry-768x576.jpeg 768w, https:\/\/windpilot.com\/blog\/wp-content\/uploads\/2024\/10\/SV-Stravanza-dry-1536x1152.jpeg 1536w, https:\/\/windpilot.com\/blog\/wp-content\/uploads\/2024\/10\/SV-Stravanza-dry.jpeg 1600w\" sizes=\"auto, (max-width: 640px) 100vw, 640px\" \/><img loading=\"lazy\" decoding=\"async\" src=\"https:\/\/windpilot.com\/blog\/wp-content\/uploads\/2024\/10\/Westerly-22.jpg\" alt=\"\" width=\"640\" height=\"480\" class=\"aligncenter size-full wp-image-31678\" srcset=\"https:\/\/windpilot.com\/blog\/wp-content\/uploads\/2024\/10\/Westerly-22.jpg 640w, https:\/\/windpilot.com\/blog\/wp-content\/uploads\/2024\/10\/Westerly-22-300x225.jpg 300w\" sizes=\"auto, (max-width: 640px) 100vw, 640px\" \/><img loading=\"lazy\" decoding=\"async\" src=\"https:\/\/windpilot.com\/blog\/wp-content\/uploads\/2024\/10\/Garcia-Maracuja-12.30-Brousse.jpg\" alt=\"\" width=\"1024\" height=\"768\" class=\"aligncenter size-full wp-image-31679\" srcset=\"https:\/\/windpilot.com\/blog\/wp-content\/uploads\/2024\/10\/Garcia-Maracuja-12.30-Brousse.jpg 1024w, https:\/\/windpilot.com\/blog\/wp-content\/uploads\/2024\/10\/Garcia-Maracuja-12.30-Brousse-300x225.jpg 300w, https:\/\/windpilot.com\/blog\/wp-content\/uploads\/2024\/10\/Garcia-Maracuja-12.30-Brousse-768x576.jpg 768w\" sizes=\"auto, (max-width: 1024px) 100vw, 1024px\" \/><img loading=\"lazy\" decoding=\"async\" src=\"https:\/\/windpilot.com\/blog\/wp-content\/uploads\/2024\/10\/Glacer-36-Boesche-1024x682.jpeg\" alt=\"\" width=\"640\" height=\"426\" class=\"aligncenter size-large wp-image-31680\" srcset=\"https:\/\/windpilot.com\/blog\/wp-content\/uploads\/2024\/10\/Glacer-36-Boesche-1024x682.jpeg 1024w, https:\/\/windpilot.com\/blog\/wp-content\/uploads\/2024\/10\/Glacer-36-Boesche-300x200.jpeg 300w, https:\/\/windpilot.com\/blog\/wp-content\/uploads\/2024\/10\/Glacer-36-Boesche-768x512.jpeg 768w, https:\/\/windpilot.com\/blog\/wp-content\/uploads\/2024\/10\/Glacer-36-Boesche.jpeg 1280w\" sizes=\"auto, (max-width: 640px) 100vw, 640px\" \/><img loading=\"lazy\" decoding=\"async\" src=\"https:\/\/windpilot.com\/blog\/wp-content\/uploads\/2024\/10\/Glacer-40-Ramm.jpg\" alt=\"\" width=\"360\" height=\"480\" class=\"aligncenter size-full wp-image-31681\" srcset=\"https:\/\/windpilot.com\/blog\/wp-content\/uploads\/2024\/10\/Glacer-40-Ramm.jpg 360w, https:\/\/windpilot.com\/blog\/wp-content\/uploads\/2024\/10\/Glacer-40-Ramm-225x300.jpg 225w\" sizes=\"auto, (max-width: 360px) 100vw, 360px\" \/><img loading=\"lazy\" decoding=\"async\" src=\"https:\/\/windpilot.com\/blog\/wp-content\/uploads\/2024\/10\/groundagain.00-800x530-Kopie.jpg\" alt=\"\" width=\"800\" height=\"530\" class=\"aligncenter size-full wp-image-31682\" srcset=\"https:\/\/windpilot.com\/blog\/wp-content\/uploads\/2024\/10\/groundagain.00-800x530-Kopie.jpg 800w, https:\/\/windpilot.com\/blog\/wp-content\/uploads\/2024\/10\/groundagain.00-800x530-Kopie-300x199.jpg 300w, https:\/\/windpilot.com\/blog\/wp-content\/uploads\/2024\/10\/groundagain.00-800x530-Kopie-768x509.jpg 768w\" sizes=\"auto, (max-width: 800px) 100vw, 800px\" \/><img loading=\"lazy\" decoding=\"async\" src=\"https:\/\/windpilot.com\/blog\/wp-content\/uploads\/2024\/10\/image0-Kopie-768x1024.jpeg\" alt=\"\" width=\"640\" height=\"853\" class=\"aligncenter size-large wp-image-31683\" srcset=\"https:\/\/windpilot.com\/blog\/wp-content\/uploads\/2024\/10\/image0-Kopie-768x1024.jpeg 768w, https:\/\/windpilot.com\/blog\/wp-content\/uploads\/2024\/10\/image0-Kopie-225x300.jpeg 225w, https:\/\/windpilot.com\/blog\/wp-content\/uploads\/2024\/10\/image0-Kopie.jpeg 960w\" sizes=\"auto, (max-width: 640px) 100vw, 640px\" \/><img loading=\"lazy\" decoding=\"async\" src=\"https:\/\/windpilot.com\/blog\/wp-content\/uploads\/2024\/10\/IMG_9934-Kopie-1024x768.jpg\" alt=\"\" width=\"640\" height=\"480\" class=\"aligncenter size-large wp-image-31684\" srcset=\"https:\/\/windpilot.com\/blog\/wp-content\/uploads\/2024\/10\/IMG_9934-Kopie-1024x768.jpg 1024w, https:\/\/windpilot.com\/blog\/wp-content\/uploads\/2024\/10\/IMG_9934-Kopie-300x225.jpg 300w, https:\/\/windpilot.com\/blog\/wp-content\/uploads\/2024\/10\/IMG_9934-Kopie-768x576.jpg 768w, https:\/\/windpilot.com\/blog\/wp-content\/uploads\/2024\/10\/IMG_9934-Kopie-1536x1152.jpg 1536w, https:\/\/windpilot.com\/blog\/wp-content\/uploads\/2024\/10\/IMG_9934-Kopie.jpg 1600w\" sizes=\"auto, (max-width: 640px) 100vw, 640px\" \/><img loading=\"lazy\" decoding=\"async\" src=\"https:\/\/windpilot.com\/blog\/wp-content\/uploads\/2024\/10\/IMG_9936-Kopie-1024x768.jpg\" alt=\"\" width=\"640\" height=\"480\" class=\"aligncenter size-large wp-image-31685\" srcset=\"https:\/\/windpilot.com\/blog\/wp-content\/uploads\/2024\/10\/IMG_9936-Kopie-1024x768.jpg 1024w, https:\/\/windpilot.com\/blog\/wp-content\/uploads\/2024\/10\/IMG_9936-Kopie-300x225.jpg 300w, https:\/\/windpilot.com\/blog\/wp-content\/uploads\/2024\/10\/IMG_9936-Kopie-768x576.jpg 768w, https:\/\/windpilot.com\/blog\/wp-content\/uploads\/2024\/10\/IMG_9936-Kopie-1536x1152.jpg 1536w, https:\/\/windpilot.com\/blog\/wp-content\/uploads\/2024\/10\/IMG_9936-Kopie.jpg 1600w\" sizes=\"auto, (max-width: 640px) 100vw, 640px\" \/><img loading=\"lazy\" decoding=\"async\" src=\"https:\/\/windpilot.com\/blog\/wp-content\/uploads\/2024\/10\/IMG_9937-Kopie-1024x768.jpg\" alt=\"\" width=\"640\" height=\"480\" class=\"aligncenter size-large wp-image-31686\" srcset=\"https:\/\/windpilot.com\/blog\/wp-content\/uploads\/2024\/10\/IMG_9937-Kopie-1024x768.jpg 1024w, https:\/\/windpilot.com\/blog\/wp-content\/uploads\/2024\/10\/IMG_9937-Kopie-300x225.jpg 300w, https:\/\/windpilot.com\/blog\/wp-content\/uploads\/2024\/10\/IMG_9937-Kopie-768x576.jpg 768w, https:\/\/windpilot.com\/blog\/wp-content\/uploads\/2024\/10\/IMG_9937-Kopie-1536x1152.jpg 1536w, https:\/\/windpilot.com\/blog\/wp-content\/uploads\/2024\/10\/IMG_9937-Kopie.jpg 1600w\" sizes=\"auto, (max-width: 640px) 100vw, 640px\" \/><img loading=\"lazy\" decoding=\"async\" src=\"https:\/\/windpilot.com\/blog\/wp-content\/uploads\/2024\/10\/IMG_9952-Kopie-1024x768.jpg\" alt=\"\" width=\"640\" height=\"480\" class=\"aligncenter size-large wp-image-31687\" srcset=\"https:\/\/windpilot.com\/blog\/wp-content\/uploads\/2024\/10\/IMG_9952-Kopie-1024x768.jpg 1024w, https:\/\/windpilot.com\/blog\/wp-content\/uploads\/2024\/10\/IMG_9952-Kopie-300x225.jpg 300w, https:\/\/windpilot.com\/blog\/wp-content\/uploads\/2024\/10\/IMG_9952-Kopie-768x576.jpg 768w, https:\/\/windpilot.com\/blog\/wp-content\/uploads\/2024\/10\/IMG_9952-Kopie-1536x1152.jpg 1536w, https:\/\/windpilot.com\/blog\/wp-content\/uploads\/2024\/10\/IMG_9952-Kopie.jpg 1600w\" sizes=\"auto, (max-width: 640px) 100vw, 640px\" \/><img loading=\"lazy\" decoding=\"async\" src=\"https:\/\/windpilot.com\/blog\/wp-content\/uploads\/2024\/10\/Koopmans-40-1024x612.jpg\" alt=\"\" width=\"640\" height=\"383\" class=\"aligncenter size-large wp-image-31688\" srcset=\"https:\/\/windpilot.com\/blog\/wp-content\/uploads\/2024\/10\/Koopmans-40-1024x612.jpg 1024w, https:\/\/windpilot.com\/blog\/wp-content\/uploads\/2024\/10\/Koopmans-40-300x179.jpg 300w, https:\/\/windpilot.com\/blog\/wp-content\/uploads\/2024\/10\/Koopmans-40-768x459.jpg 768w, https:\/\/windpilot.com\/blog\/wp-content\/uploads\/2024\/10\/Koopmans-40-1536x918.jpg 1536w, https:\/\/windpilot.com\/blog\/wp-content\/uploads\/2024\/10\/Koopmans-40-2048x1225.jpg 2048w\" sizes=\"auto, (max-width: 640px) 100vw, 640px\" \/><img loading=\"lazy\" decoding=\"async\" src=\"https:\/\/windpilot.com\/blog\/wp-content\/uploads\/2024\/10\/Meta-33-Gobin-768x1024.jpeg\" alt=\"\" width=\"640\" height=\"853\" class=\"aligncenter size-large wp-image-31689\" srcset=\"https:\/\/windpilot.com\/blog\/wp-content\/uploads\/2024\/10\/Meta-33-Gobin-768x1024.jpeg 768w, https:\/\/windpilot.com\/blog\/wp-content\/uploads\/2024\/10\/Meta-33-Gobin-225x300.jpeg 225w, https:\/\/windpilot.com\/blog\/wp-content\/uploads\/2024\/10\/Meta-33-Gobin-rotated.jpeg 960w\" sizes=\"auto, (max-width: 640px) 100vw, 640px\" \/><img loading=\"lazy\" decoding=\"async\" src=\"https:\/\/windpilot.com\/blog\/wp-content\/uploads\/2024\/10\/nellawin4-Kopie-1024x768.jpg\" alt=\"\" width=\"640\" height=\"480\" class=\"aligncenter size-large wp-image-31690\" srcset=\"https:\/\/windpilot.com\/blog\/wp-content\/uploads\/2024\/10\/nellawin4-Kopie-1024x768.jpg 1024w, https:\/\/windpilot.com\/blog\/wp-content\/uploads\/2024\/10\/nellawin4-Kopie-300x225.jpg 300w, https:\/\/windpilot.com\/blog\/wp-content\/uploads\/2024\/10\/nellawin4-Kopie-768x576.jpg 768w, https:\/\/windpilot.com\/blog\/wp-content\/uploads\/2024\/10\/nellawin4-Kopie-1536x1152.jpg 1536w, https:\/\/windpilot.com\/blog\/wp-content\/uploads\/2024\/10\/nellawin4-Kopie.jpg 2048w\" sizes=\"auto, (max-width: 640px) 100vw, 640px\" \/><img loading=\"lazy\" decoding=\"async\" src=\"https:\/\/windpilot.com\/blog\/wp-content\/uploads\/2024\/10\/20160716DSCF4413-Kopie-1024x683.jpeg\" alt=\"\" width=\"640\" height=\"427\" class=\"aligncenter size-large wp-image-31691\" srcset=\"https:\/\/windpilot.com\/blog\/wp-content\/uploads\/2024\/10\/20160716DSCF4413-Kopie-1024x683.jpeg 1024w, https:\/\/windpilot.com\/blog\/wp-content\/uploads\/2024\/10\/20160716DSCF4413-Kopie-300x200.jpeg 300w, https:\/\/windpilot.com\/blog\/wp-content\/uploads\/2024\/10\/20160716DSCF4413-Kopie-768x512.jpeg 768w, https:\/\/windpilot.com\/blog\/wp-content\/uploads\/2024\/10\/20160716DSCF4413-Kopie.jpeg 1280w\" sizes=\"auto, (max-width: 640px) 100vw, 640px\" \/><\/p>\n<p><img loading=\"lazy\" decoding=\"async\" src=\"https:\/\/windpilot.com\/blog\/wp-content\/uploads\/2024\/10\/20160806_DSF5653-Kopie-1024x683.jpeg\" alt=\"\" width=\"640\" height=\"427\" class=\"aligncenter size-large wp-image-31692\" srcset=\"https:\/\/windpilot.com\/blog\/wp-content\/uploads\/2024\/10\/20160806_DSF5653-Kopie-1024x683.jpeg 1024w, https:\/\/windpilot.com\/blog\/wp-content\/uploads\/2024\/10\/20160806_DSF5653-Kopie-300x200.jpeg 300w, https:\/\/windpilot.com\/blog\/wp-content\/uploads\/2024\/10\/20160806_DSF5653-Kopie-768x512.jpeg 768w, https:\/\/windpilot.com\/blog\/wp-content\/uploads\/2024\/10\/20160806_DSF5653-Kopie.jpeg 1280w\" sizes=\"auto, (max-width: 640px) 100vw, 640px\" \/><img loading=\"lazy\" decoding=\"async\" src=\"https:\/\/windpilot.com\/blog\/wp-content\/uploads\/2024\/10\/Schnabl-1024x682.jpg\" alt=\"\" width=\"640\" height=\"426\" class=\"aligncenter size-large wp-image-31693\" srcset=\"https:\/\/windpilot.com\/blog\/wp-content\/uploads\/2024\/10\/Schnabl-1024x682.jpg 1024w, https:\/\/windpilot.com\/blog\/wp-content\/uploads\/2024\/10\/Schnabl-300x200.jpg 300w, https:\/\/windpilot.com\/blog\/wp-content\/uploads\/2024\/10\/Schnabl-768x512.jpg 768w, https:\/\/windpilot.com\/blog\/wp-content\/uploads\/2024\/10\/Schnabl-1536x1023.jpg 1536w, https:\/\/windpilot.com\/blog\/wp-content\/uploads\/2024\/10\/Schnabl.jpg 1900w\" sizes=\"auto, (max-width: 640px) 100vw, 640px\" \/><\/p>\n<p><img loading=\"lazy\" decoding=\"async\" src=\"https:\/\/windpilot.com\/blog\/wp-content\/uploads\/2024\/10\/Waddenzee-2005-008-Kopie-1024x768.jpg\" alt=\"\" width=\"640\" height=\"480\" class=\"aligncenter size-large wp-image-31694\" srcset=\"https:\/\/windpilot.com\/blog\/wp-content\/uploads\/2024\/10\/Waddenzee-2005-008-Kopie-1024x768.jpg 1024w, https:\/\/windpilot.com\/blog\/wp-content\/uploads\/2024\/10\/Waddenzee-2005-008-Kopie-300x225.jpg 300w, https:\/\/windpilot.com\/blog\/wp-content\/uploads\/2024\/10\/Waddenzee-2005-008-Kopie-768x576.jpg 768w, https:\/\/windpilot.com\/blog\/wp-content\/uploads\/2024\/10\/Waddenzee-2005-008-Kopie-1536x1152.jpg 1536w, https:\/\/windpilot.com\/blog\/wp-content\/uploads\/2024\/10\/Waddenzee-2005-008-Kopie-2048x1536.jpg 2048w\" sizes=\"auto, (max-width: 640px) 100vw, 640px\" \/><\/p>\n","protected":false},"excerpt":{"rendered":"<p>STEHPL\u00c4TZE SIND MANCHMAL BESSER ALS LIEGEPL\u00c4TZE<\/p>\n","protected":false},"author":1,"featured_media":0,"parent":16034,"menu_order":-5,"comment_status":"open","ping_status":"closed","template":"","meta":{"footnotes":""},"class_list":["post-31662","page","type-page","status-publish","hentry"],"_links":{"self":[{"href":"https:\/\/windpilot.com\/blog\/wp-json\/wp\/v2\/pages\/31662","targetHints":{"allow":["GET"]}}],"collection":[{"href":"https:\/\/windpilot.com\/blog\/wp-json\/wp\/v2\/pages"}],"about":[{"href":"https:\/\/windpilot.com\/blog\/wp-json\/wp\/v2\/types\/page"}],"author":[{"embeddable":true,"href":"https:\/\/windpilot.com\/blog\/wp-json\/wp\/v2\/users\/1"}],"replies":[{"embeddable":true,"href":"https:\/\/windpilot.com\/blog\/wp-json\/wp\/v2\/comments?post=31662"}],"version-history":[{"count":5,"href":"https:\/\/windpilot.com\/blog\/wp-json\/wp\/v2\/pages\/31662\/revisions"}],"predecessor-version":[{"id":31906,"href":"https:\/\/windpilot.com\/blog\/wp-json\/wp\/v2\/pages\/31662\/revisions\/31906"}],"up":[{"embeddable":true,"href":"https:\/\/windpilot.com\/blog\/wp-json\/wp\/v2\/pages\/16034"}],"wp:attachment":[{"href":"https:\/\/windpilot.com\/blog\/wp-json\/wp\/v2\/media?parent=31662"}],"curies":[{"name":"wp","href":"https:\/\/api.w.org\/{rel}","templated":true}]}}