{"id":32173,"date":"2024-12-21T08:07:08","date_gmt":"2024-12-21T15:07:08","guid":{"rendered":"https:\/\/windpilot.com\/blog\/?page_id=32173"},"modified":"2024-12-21T08:07:08","modified_gmt":"2024-12-21T15:07:08","slug":"moai-dicht-am-paradies","status":"publish","type":"page","link":"https:\/\/windpilot.com\/blog\/columns\/cartoons-firlefanz\/moai-dicht-am-paradies\/","title":{"rendered":"Moai &#8211; dicht am Paradies"},"content":{"rendered":"<p><strong>JA AUCH WIR HABEN UNSERE TR\u00c4UME &#8211; ODER SIND DAS SPLEENS?<\/strong><br \/>\n<img loading=\"lazy\" decoding=\"async\" src=\"https:\/\/windpilot.com\/blog\/wp-content\/uploads\/2024\/12\/Moai-1024x574.jpg\" alt=\"\" width=\"640\" height=\"359\" class=\"aligncenter size-large wp-image-32177\" srcset=\"https:\/\/windpilot.com\/blog\/wp-content\/uploads\/2024\/12\/Moai-1024x574.jpg 1024w, https:\/\/windpilot.com\/blog\/wp-content\/uploads\/2024\/12\/Moai-300x168.jpg 300w, https:\/\/windpilot.com\/blog\/wp-content\/uploads\/2024\/12\/Moai-768x430.jpg 768w, https:\/\/windpilot.com\/blog\/wp-content\/uploads\/2024\/12\/Moai-1536x861.jpg 1536w, https:\/\/windpilot.com\/blog\/wp-content\/uploads\/2024\/12\/Moai-2048x1148.jpg 2048w\" sizes=\"auto, (max-width: 640px) 100vw, 640px\" \/>Manchmal sind die Grenzen fliessend, und manchmal \u00fcberholen sie uns rechts und wir setzen uns ins Auto, um einen Spleen kurzerhand selbst umzusetzen. Und einen Moai im Hof oder Garten will jeder gerne haben. Der Funken hat in meinem Kopf gez\u00fcndet, als ich vor 20 Jahren bei Burghard Pieske in Ratzeburg zu Besuch und vor der T\u00fcr in seinem Hexenhaus in der Schlucht beideseitig seine Messedeko in Styropor gesehen habe: Zwei Moais in stattlicher H\u00f6he, allerdings nicht aus Stein, sondern aus Styroporkl\u00f6tzen mit der Baums\u00e4ge handlich geshaped und angemalt &#8230; man konnte jedes dieser Schaust\u00fccke mit einer Hand wegtragen &#8230; Messedeko eben. Damals war Burghard noch im Messegesch\u00e4ft aktiv, es galt seine Abenteuer in Wort und Buch zu verkaufen, um weiteres Interesse an wilden Abenteuern dieses Abenteurers  zu sch\u00fcren, Wikingerschmuck und Met &#8230; also schn\u00f6des Bier &#8230;unters Volk zu bringen, bis man dann vom Stand gewankt um den Mann mit Sicherheit nicht mehr zu vergessen. Denn Burghard hat Potential, hat &#8222;Schnacken&#8220; im Blut, hat tausenden kreuzfahrenden Kreuzfahrern die G\u00e4nsehaut hochkant geb\u00fcrstet, geh\u00f6rt bis heute zur festen Gr\u00f6\u00dfe im BeifahrProgramm und dar\u00fcber ein eigenes kleines Eiland erworben &#8230; ein Alleinstellungsmerkmal, das ansonsten vermutlich nur bei <a href=\"https:\/\/www.vladi-private-islands.de\/de\/inseln-kaufen\">Farhad Vladi<\/a> aufzufinden ist.<br \/>\n<img loading=\"lazy\" decoding=\"async\" src=\"https:\/\/windpilot.com\/blog\/wp-content\/uploads\/2024\/12\/Moais-Schmandt-Easter-Island-46-Kopie-3.jpg\" alt=\"\" width=\"650\" height=\"488\" class=\"size-full wp-image-32187\" srcset=\"https:\/\/windpilot.com\/blog\/wp-content\/uploads\/2024\/12\/Moais-Schmandt-Easter-Island-46-Kopie-3.jpg 650w, https:\/\/windpilot.com\/blog\/wp-content\/uploads\/2024\/12\/Moais-Schmandt-Easter-Island-46-Kopie-3-300x225.jpg 300w\" sizes=\"auto, (max-width: 650px) 100vw, 650px\" \/>Das Treffen jedenfalls endete mit einem Deal: ich habe einen dieser Moai-Federgewichte aufgeladen und mit nach Polen genommen, meiner zweiten Heimat, nachdem ich meine Herzensbeziehungen nach Osten ausgeweitet hatte, dort enorm f\u00fcndig geworden bin und fortan kollateral \u00fcber einen neuen Markt mit M\u00f6glichkeiten verf\u00fcgen durfte, konnte und mu\u00dfte.<br \/>\nWir haben also eine teilbare GFK Form gebaut, rundum zweifelnde Gesichter, die f\u00fcr diese Aktion nur Schulterzucken \u00fcberigen hatten, sodann wurden aus der Form 7 kollossale Moais gezogen, geschliffen und Nato-grau angemalt und sodann nach Hamburg auf einem Autotransportanh\u00e4nger verladen. Wir h\u00e4tten Eintrittsgelder kassieren k\u00f6nnen, auf jeder Tank- und Raststelle herrschte Menschengedr\u00e4nge &#8230; Kopfsch\u00fctteln ob so einer merkw\u00fcrdigen Fracht. Aber wir sind angekommen. Final standen 7 Moais bei Windpilot im Hinterhof.<br \/>\n<img loading=\"lazy\" decoding=\"async\" src=\"https:\/\/windpilot.com\/blog\/wp-content\/uploads\/2024\/12\/Windpilot-0024-1024x672.jpg\" alt=\"\" width=\"640\" height=\"420\" class=\"aligncenter size-large wp-image-32191\" srcset=\"https:\/\/windpilot.com\/blog\/wp-content\/uploads\/2024\/12\/Windpilot-0024-1024x672.jpg 1024w, https:\/\/windpilot.com\/blog\/wp-content\/uploads\/2024\/12\/Windpilot-0024-300x197.jpg 300w, https:\/\/windpilot.com\/blog\/wp-content\/uploads\/2024\/12\/Windpilot-0024-768x504.jpg 768w, https:\/\/windpilot.com\/blog\/wp-content\/uploads\/2024\/12\/Windpilot-0024-1536x1008.jpg 1536w, https:\/\/windpilot.com\/blog\/wp-content\/uploads\/2024\/12\/Windpilot-0024.jpg 1839w\" sizes=\"auto, (max-width: 640px) 100vw, 640px\" \/>Vier standen wenig sp\u00e4ter bei Burghard, drei blieben bei Windpilot, die Kosten wurden fair aufgeteilt, em Ende hier und dort grinsende Gesichter. Eine Aktion voller Witz und Spass, wenngleich die Reaktionen in Polen eher Zweifel an unserem Geisteszustand ausdr\u00fcckten &#8230; ob einer derart sinnbefreiten Aktion. Nun denn, sowas ist mir schon \u00f6fter passiert, sogar innerhalb des eigenen Ehebettgestells &#8230; aber das soll hier nicht vertieft werden.<br \/>\n<img loading=\"lazy\" decoding=\"async\" src=\"https:\/\/windpilot.com\/blog\/wp-content\/uploads\/2024\/12\/IMG_2104-1024x768.jpeg\" alt=\"\" width=\"640\" height=\"480\" class=\"aligncenter size-large wp-image-32192\" srcset=\"https:\/\/windpilot.com\/blog\/wp-content\/uploads\/2024\/12\/IMG_2104-1024x768.jpeg 1024w, https:\/\/windpilot.com\/blog\/wp-content\/uploads\/2024\/12\/IMG_2104-300x225.jpeg 300w, https:\/\/windpilot.com\/blog\/wp-content\/uploads\/2024\/12\/IMG_2104-768x576.jpeg 768w, https:\/\/windpilot.com\/blog\/wp-content\/uploads\/2024\/12\/IMG_2104.jpeg 1280w\" sizes=\"auto, (max-width: 640px) 100vw, 640px\" \/><img loading=\"lazy\" decoding=\"async\" src=\"https:\/\/windpilot.com\/blog\/wp-content\/uploads\/2024\/12\/IMG_8175-Kopie-300x225.jpeg\" alt=\"\" width=\"300\" height=\"225\" class=\"alignleft size-medium wp-image-32193\" srcset=\"https:\/\/windpilot.com\/blog\/wp-content\/uploads\/2024\/12\/IMG_8175-Kopie-300x225.jpeg 300w, https:\/\/windpilot.com\/blog\/wp-content\/uploads\/2024\/12\/IMG_8175-Kopie-1024x768.jpeg 1024w, https:\/\/windpilot.com\/blog\/wp-content\/uploads\/2024\/12\/IMG_8175-Kopie-768x576.jpeg 768w, https:\/\/windpilot.com\/blog\/wp-content\/uploads\/2024\/12\/IMG_8175-Kopie.jpeg 1280w\" sizes=\"auto, (max-width: 300px) 100vw, 300px\" \/>Jedenfalls begleiten uns diese wortlosen, gleichwohl m\u00e4chtigen Urgestalten, die wir, um dem Wind standzuhalten, innenseitig mit Wackersteinen ausstaffiert haben, durch unser wildes Leben, was den enormen Vorteil hat, dass wir nicht bis zu den Osterinseln in Schneckentempo zu segeln haben, weil die einzigen dort vorhandenen Attraktionen &#8230; praktischerweise ja schon seit nunmehr 20 Jahren vor unseren T\u00fcren ihren Parkplatz gefunden haben &#8230;<\/p>\n<p>Sie sind als Blickf\u00e4nger zu uns gekommen &#8230; und werden uns nie verlassen &#8230; Wackersteinen sei gedankt.<\/p>\n<p>Hamburg 21.12.2024<\/p>\n<p>Peter Foerthmann<br \/>\n<img loading=\"lazy\" decoding=\"async\" src=\"https:\/\/windpilot.com\/blog\/wp-content\/uploads\/2024\/12\/IMG_7075-Kopie-300x225.jpeg\" alt=\"\" width=\"300\" height=\"225\" class=\"alignleft size-medium wp-image-32195\" srcset=\"https:\/\/windpilot.com\/blog\/wp-content\/uploads\/2024\/12\/IMG_7075-Kopie-300x225.jpeg 300w, https:\/\/windpilot.com\/blog\/wp-content\/uploads\/2024\/12\/IMG_7075-Kopie-1024x768.jpeg 1024w, https:\/\/windpilot.com\/blog\/wp-content\/uploads\/2024\/12\/IMG_7075-Kopie-768x576.jpeg 768w, https:\/\/windpilot.com\/blog\/wp-content\/uploads\/2024\/12\/IMG_7075-Kopie.jpeg 1280w\" sizes=\"auto, (max-width: 300px) 100vw, 300px\" \/><\/p>\n","protected":false},"excerpt":{"rendered":"<p>JA AUCH WIR HABEN UNSERE TR\u00c4UME &#8211; ODER SIND DAS SPLEENS? Manchmal sind die Grenzen fliessend, und manchmal \u00fcberholen sie uns rechts und wir setzen uns ins Auto, um einen Spleen kurzerhand selbst umzusetzen. Und einen Moai im Hof oder &hellip; <a href=\"https:\/\/windpilot.com\/blog\/columns\/cartoons-firlefanz\/moai-dicht-am-paradies\/\">Weiterlesen <span class=\"meta-nav\">&rarr;<\/span><\/a><\/p>\n","protected":false},"author":1,"featured_media":0,"parent":16662,"menu_order":-8,"comment_status":"open","ping_status":"open","template":"","meta":{"footnotes":""},"class_list":["post-32173","page","type-page","status-publish","hentry"],"_links":{"self":[{"href":"https:\/\/windpilot.com\/blog\/wp-json\/wp\/v2\/pages\/32173","targetHints":{"allow":["GET"]}}],"collection":[{"href":"https:\/\/windpilot.com\/blog\/wp-json\/wp\/v2\/pages"}],"about":[{"href":"https:\/\/windpilot.com\/blog\/wp-json\/wp\/v2\/types\/page"}],"author":[{"embeddable":true,"href":"https:\/\/windpilot.com\/blog\/wp-json\/wp\/v2\/users\/1"}],"replies":[{"embeddable":true,"href":"https:\/\/windpilot.com\/blog\/wp-json\/wp\/v2\/comments?post=32173"}],"version-history":[{"count":14,"href":"https:\/\/windpilot.com\/blog\/wp-json\/wp\/v2\/pages\/32173\/revisions"}],"predecessor-version":[{"id":32197,"href":"https:\/\/windpilot.com\/blog\/wp-json\/wp\/v2\/pages\/32173\/revisions\/32197"}],"up":[{"embeddable":true,"href":"https:\/\/windpilot.com\/blog\/wp-json\/wp\/v2\/pages\/16662"}],"wp:attachment":[{"href":"https:\/\/windpilot.com\/blog\/wp-json\/wp\/v2\/media?parent=32173"}],"curies":[{"name":"wp","href":"https:\/\/api.w.org\/{rel}","templated":true}]}}