{"id":32212,"date":"2024-12-25T06:08:03","date_gmt":"2024-12-25T13:08:03","guid":{"rendered":"https:\/\/windpilot.com\/blog\/?page_id=32212"},"modified":"2024-12-25T06:10:11","modified_gmt":"2024-12-25T13:10:11","slug":"hydrauliksteuerung-2","status":"publish","type":"page","link":"https:\/\/windpilot.com\/blog\/press-tv\/kaufberatung\/hydrauliksteuerung-2\/","title":{"rendered":"Hydrauliksteuerung  2"},"content":{"rendered":"<p><strong>TRINTELLA 38 &#8211; PFLICHT UND K\u00dcR DER BERATUNG<\/strong><br \/>\n<img loading=\"lazy\" decoding=\"async\" src=\"https:\/\/windpilot.com\/blog\/wp-content\/uploads\/2024\/12\/Oberlehrer-low-1024x744.jpg\" alt=\"\" width=\"640\" height=\"465\" class=\"aligncenter size-large wp-image-32215\" srcset=\"https:\/\/windpilot.com\/blog\/wp-content\/uploads\/2024\/12\/Oberlehrer-low-1024x744.jpg 1024w, https:\/\/windpilot.com\/blog\/wp-content\/uploads\/2024\/12\/Oberlehrer-low-300x218.jpg 300w, https:\/\/windpilot.com\/blog\/wp-content\/uploads\/2024\/12\/Oberlehrer-low-768x558.jpg 768w, https:\/\/windpilot.com\/blog\/wp-content\/uploads\/2024\/12\/Oberlehrer-low-1536x1116.jpg 1536w, https:\/\/windpilot.com\/blog\/wp-content\/uploads\/2024\/12\/Oberlehrer-low-2048x1488.jpg 2048w\" sizes=\"auto, (max-width: 640px) 100vw, 640px\" \/><br \/>\n<img loading=\"lazy\" decoding=\"async\" src=\"https:\/\/windpilot.com\/blog\/wp-content\/uploads\/2024\/12\/IMG_7053-300x200.jpeg\" alt=\"\" width=\"300\" height=\"200\" class=\"alignleft size-medium wp-image-32216\" srcset=\"https:\/\/windpilot.com\/blog\/wp-content\/uploads\/2024\/12\/IMG_7053-300x200.jpeg 300w, https:\/\/windpilot.com\/blog\/wp-content\/uploads\/2024\/12\/IMG_7053-1024x683.jpeg 1024w, https:\/\/windpilot.com\/blog\/wp-content\/uploads\/2024\/12\/IMG_7053-768x512.jpeg 768w, https:\/\/windpilot.com\/blog\/wp-content\/uploads\/2024\/12\/IMG_7053.jpeg 1280w\" sizes=\"auto, (max-width: 300px) 100vw, 300px\" \/><\/p>\n<blockquote><p>Sehr geehrter Herr Foerthmann, vielen Dank f\u00fcr Ihre schnelle Antwort.<br \/>\nMit dem <a href=\"https:\/\/windpilot.com\/blog\/press-tv\/kaufberatung\/hydrauliksteuerung\/\">verlinkten Artikel<\/a> habe ich mich besch\u00e4ftigt und leider ist die Situation der hydraulischen Steuerung nicht zu \u00e4ndern und ich m\u00f6chte die Hoffnung nach einer L\u00f6sung der Steuerung mittels Windfahne nicht aufgeben. Der elektrische Autopilot war f\u00fcr mich von Anfang an keine Option, denn aufgrund Stromverbrauch und Zuverl\u00e4ssigkeit ist das eher was f\u00fcr kurze Strecken.\u00a0Tats\u00e4chlich ist es so, dass sich das Steuerrad weiterdrehen l\u00e4sst wenn man auf Anschlag dreht. Somit gibt es einen Schlupf und gem\u00e4\u00df Ihren Beschreibungen macht es dann keinen Sinn eine Windfahne zu installieren.\u00a0<br \/>\n\u00a0<br \/>\nMit freundlichen Gr\u00fc\u00dfen,<br \/>\nGerrit<\/p><\/blockquote>\n<p><img loading=\"lazy\" decoding=\"async\" src=\"https:\/\/windpilot.com\/blog\/wp-content\/uploads\/2024\/12\/Windpilot-Books-red-1.jpg\" alt=\"\" width=\"613\" height=\"109\" class=\"aligncenter size-full wp-image-32213\" srcset=\"https:\/\/windpilot.com\/blog\/wp-content\/uploads\/2024\/12\/Windpilot-Books-red-1.jpg 613w, https:\/\/windpilot.com\/blog\/wp-content\/uploads\/2024\/12\/Windpilot-Books-red-1-300x53.jpg 300w\" sizes=\"auto, (max-width: 613px) 100vw, 613px\" \/><br \/>\n<img loading=\"lazy\" decoding=\"async\" src=\"https:\/\/windpilot.com\/blog\/wp-content\/uploads\/2024\/12\/Trintella-38-300x198.jpg\" alt=\"\" width=\"300\" height=\"198\" class=\"alignleft size-medium wp-image-32218\" srcset=\"https:\/\/windpilot.com\/blog\/wp-content\/uploads\/2024\/12\/Trintella-38-300x198.jpg 300w, https:\/\/windpilot.com\/blog\/wp-content\/uploads\/2024\/12\/Trintella-38.jpg 744w\" sizes=\"auto, (max-width: 300px) 100vw, 300px\" \/>Moin Gerrit,<br \/>\ndie Konsequenzen sind erheblich: auch Ihr Autopilot wird am Ende dies nicht schaffen, weil er gegen den stetigen Druckverlust im  Hydrauliksystem zu arbeiten hat &#8230; was er mit erh\u00f6htem Stromverbrauch und ggf. am Ende mit der Totalaufgabe wg \u00dcberlastung quittieren wird. Ihr AP wird Ihr Stromproblem in die Wolken katapultieren, wenn Sie vorhaben, auf See Meilen zu machen ohne selbst am Ruder zu stehen. Ein Teufelskreis, den Sie allerdings erst auf See erkennen &#8230; und da waere es ja dann zu spaet.<\/p>\n<p>Immerhin gut, dass wir dies nun adressiert haben!<\/p>\n<p>Die sinnvolle Alternative: Notpinne installieren, oder auf mechanische Radsteuerung umruesten. Beides ist bei TRINTELLA machbar &#8230; Sie muessen das nur wollen, ansonsten wird die Erfahrung auf See &#8230; Ihnen beim Denken helfen &#8230; wenn oder weil Sie dann selbst zu steuern haetten.<\/p>\n<p>Allerbest<br \/>\nPeter Foerthmann<\/p>\n<p><img loading=\"lazy\" decoding=\"async\" src=\"https:\/\/windpilot.com\/blog\/wp-content\/uploads\/2024\/12\/Windpilot-Books-red-1.jpg\" alt=\"\" width=\"613\" height=\"109\" class=\"aligncenter size-full wp-image-32213\" srcset=\"https:\/\/windpilot.com\/blog\/wp-content\/uploads\/2024\/12\/Windpilot-Books-red-1.jpg 613w, https:\/\/windpilot.com\/blog\/wp-content\/uploads\/2024\/12\/Windpilot-Books-red-1-300x53.jpg 300w\" sizes=\"auto, (max-width: 613px) 100vw, 613px\" \/><br \/>\n<img loading=\"lazy\" decoding=\"async\" src=\"https:\/\/windpilot.com\/blog\/wp-content\/uploads\/2024\/12\/IMG_0777-225x300.jpg\" alt=\"\" width=\"225\" height=\"300\" class=\"alignleft size-medium wp-image-32222\" srcset=\"https:\/\/windpilot.com\/blog\/wp-content\/uploads\/2024\/12\/IMG_0777-225x300.jpg 225w, https:\/\/windpilot.com\/blog\/wp-content\/uploads\/2024\/12\/IMG_0777-768x1024.jpg 768w, https:\/\/windpilot.com\/blog\/wp-content\/uploads\/2024\/12\/IMG_0777-1152x1536.jpg 1152w, https:\/\/windpilot.com\/blog\/wp-content\/uploads\/2024\/12\/IMG_0777.jpg 1536w\" sizes=\"auto, (max-width: 225px) 100vw, 225px\" \/><\/p>\n<blockquote><p>Hallo Herr Foerthmann,<br \/>\ntats\u00e4chlich haben wir uns \u00fcber die Umr\u00fcstung auf mechanische Steuerung auch schon Gedanken gemacht. Ich bin nur nicht sicher, ob wir damit die praktikabelste L\u00f6sung nehmen. W\u00e4re denn nicht eine Pacific Plus mit Hilfsruder die bessere Alternative? Diese arbeitet doch komplett unabh\u00e4ngig. Zu welchem Preis ist diese erh\u00e4ltlich?<br \/>\n\u00a0<br \/>\nViele Gr\u00fc\u00dfe,<br \/>\nGerrit <\/p><\/blockquote>\n<p><img loading=\"lazy\" decoding=\"async\" src=\"https:\/\/windpilot.com\/blog\/wp-content\/uploads\/2024\/12\/TrintellaIII-300x225.jpg\" alt=\"\" width=\"300\" height=\"225\" class=\"alignleft size-medium wp-image-32223\" srcset=\"https:\/\/windpilot.com\/blog\/wp-content\/uploads\/2024\/12\/TrintellaIII-300x225.jpg 300w, https:\/\/windpilot.com\/blog\/wp-content\/uploads\/2024\/12\/TrintellaIII-1024x768.jpg 1024w, https:\/\/windpilot.com\/blog\/wp-content\/uploads\/2024\/12\/TrintellaIII-768x576.jpg 768w, https:\/\/windpilot.com\/blog\/wp-content\/uploads\/2024\/12\/TrintellaIII-1536x1152.jpg 1536w, https:\/\/windpilot.com\/blog\/wp-content\/uploads\/2024\/12\/TrintellaIII-2048x1536.jpg 2048w\" sizes=\"auto, (max-width: 300px) 100vw, 300px\" \/><br \/>\nNatuerlich kann ich Ihnen mein bestes &#8211; und teuerstes! &#8211; Pferd im Stall verkaufen, aber mein Rat geht unbedingt zur PACIFIC, weil:<br \/>\n&#8211; die Steuerergebnisse identisch sind<br \/>\n&#8211; ein Hilfsruder dicht hier dem Hauptruder bei jedem Manoever hinderlich ist, zudem Turbulenzen zwischen zwei dicht hintereinanderlaufenden Rudern jedes Steuern erschweren<br \/>\n&#8211; 85 kg gegenueber 24 kg sorgf\u00e4ltig zu bedenken ist<br \/>\n&#8211; 8 Bolzen anstelle von nur 4 unnoetig Kopfschmerzen beim Eigner verursachen<br \/>\n&#8211; und der Preis von 9 TEU wirklich unnoetog ist. <strong>Nur um 2 Leinen an Deck zu vermeiden?<\/strong><br \/>\n<img loading=\"lazy\" decoding=\"async\" src=\"https:\/\/windpilot.com\/blog\/wp-content\/uploads\/2024\/12\/Abschlepp-klein-1024x723.jpg\" alt=\"\" width=\"640\" height=\"452\" class=\"aligncenter size-large wp-image-32227\" srcset=\"https:\/\/windpilot.com\/blog\/wp-content\/uploads\/2024\/12\/Abschlepp-klein-1024x723.jpg 1024w, https:\/\/windpilot.com\/blog\/wp-content\/uploads\/2024\/12\/Abschlepp-klein-300x212.jpg 300w, https:\/\/windpilot.com\/blog\/wp-content\/uploads\/2024\/12\/Abschlepp-klein-768x543.jpg 768w, https:\/\/windpilot.com\/blog\/wp-content\/uploads\/2024\/12\/Abschlepp-klein.jpg 1056w\" sizes=\"auto, (max-width: 640px) 100vw, 640px\" \/><br \/>\nDa waere dann ein Motorboot eine schicke Alternative, denn da w\u00e4re dann das Deck v\u00f6llig leer&#8230;.. okay, jetzt war ich frech!<\/p>\n<p>Beste Gruesse<br \/>\nPeter Foerthmann<\/p>\n","protected":false},"excerpt":{"rendered":"<p>TRINTELLA 38 &#8211; PFLICHT UND K\u00dcR DER BERATUNG Sehr geehrter Herr Foerthmann, vielen Dank f\u00fcr Ihre schnelle Antwort. Mit dem verlinkten Artikel habe ich mich besch\u00e4ftigt und leider ist die Situation der hydraulischen Steuerung nicht zu \u00e4ndern und ich m\u00f6chte &hellip; <a href=\"https:\/\/windpilot.com\/blog\/press-tv\/kaufberatung\/hydrauliksteuerung-2\/\">Weiterlesen <span class=\"meta-nav\">&rarr;<\/span><\/a><\/p>\n","protected":false},"author":1,"featured_media":0,"parent":23567,"menu_order":-10,"comment_status":"closed","ping_status":"closed","template":"","meta":{"footnotes":""},"class_list":["post-32212","page","type-page","status-publish","hentry"],"_links":{"self":[{"href":"https:\/\/windpilot.com\/blog\/wp-json\/wp\/v2\/pages\/32212","targetHints":{"allow":["GET"]}}],"collection":[{"href":"https:\/\/windpilot.com\/blog\/wp-json\/wp\/v2\/pages"}],"about":[{"href":"https:\/\/windpilot.com\/blog\/wp-json\/wp\/v2\/types\/page"}],"author":[{"embeddable":true,"href":"https:\/\/windpilot.com\/blog\/wp-json\/wp\/v2\/users\/1"}],"replies":[{"embeddable":true,"href":"https:\/\/windpilot.com\/blog\/wp-json\/wp\/v2\/comments?post=32212"}],"version-history":[{"count":11,"href":"https:\/\/windpilot.com\/blog\/wp-json\/wp\/v2\/pages\/32212\/revisions"}],"predecessor-version":[{"id":32230,"href":"https:\/\/windpilot.com\/blog\/wp-json\/wp\/v2\/pages\/32212\/revisions\/32230"}],"up":[{"embeddable":true,"href":"https:\/\/windpilot.com\/blog\/wp-json\/wp\/v2\/pages\/23567"}],"wp:attachment":[{"href":"https:\/\/windpilot.com\/blog\/wp-json\/wp\/v2\/media?parent=32212"}],"curies":[{"name":"wp","href":"https:\/\/api.w.org\/{rel}","templated":true}]}}