{"id":32483,"date":"2025-03-08T05:02:26","date_gmt":"2025-03-08T12:02:26","guid":{"rendered":"https:\/\/windpilot.com\/blog\/?page_id=32483"},"modified":"2025-03-08T05:02:26","modified_gmt":"2025-03-08T12:02:26","slug":"sv-prosit","status":"publish","type":"page","link":"https:\/\/windpilot.com\/blog\/schiffe\/die-ideale-y\/sv-prosit\/","title":{"rendered":"SV Prosit"},"content":{"rendered":"<p><strong>NORDSEE 36 &#8211; D\u00dcBBEL &#038; JESSE<\/strong><br \/>\n<img loading=\"lazy\" decoding=\"async\" src=\"https:\/\/windpilot.com\/blog\/wp-content\/uploads\/2025\/03\/G00553812-1024x768.jpeg\" alt=\"\" width=\"640\" height=\"480\" class=\"size-large wp-image-32486\" srcset=\"https:\/\/windpilot.com\/blog\/wp-content\/uploads\/2025\/03\/G00553812-1024x768.jpeg 1024w, https:\/\/windpilot.com\/blog\/wp-content\/uploads\/2025\/03\/G00553812-300x225.jpeg 300w, https:\/\/windpilot.com\/blog\/wp-content\/uploads\/2025\/03\/G00553812-768x576.jpeg 768w, https:\/\/windpilot.com\/blog\/wp-content\/uploads\/2025\/03\/G00553812.jpeg 1280w\" sizes=\"auto, (max-width: 640px) 100vw, 640px\" \/>Norderney war \u00fcber Jahrzehnte mehr als ein Geheimtipp, f\u00fcr sch\u00f6ne Schiffe. In Norderney wurden bereeits vor Jahrzehnten die ber\u00fchmten Beister Yachten aus Stahl gebaut. Ob dies der isolierten Lage abseits von nationalen Verkehrsanbindungen geschuldet war, oder einem gewachsenen Fundus von Mitarbeitern, die ihr Leben auf der Insel verbracht und besondere F\u00e4higkeiten und Fertigkeiten erworben haben, die als treuer Mitaerbeiterschatz hier teils ihr ganzes Leben verbracht habe? Ich vermute es kam bei D\u00fcbbel und Jesse alles zusammen, denn die beiden K\u00f6pfe haben in besonderer Weise ihre Schiffe zu internationaler Bekanntheit gebracht. Robuste Schiffe f\u00fcr die raue See, die &#8222;Bulli&#8220; D\u00fcbbel\u00b4s Verst\u00e4ndnis von wundersch\u00f6nen Linien mit phantastischischen Segeleigenschaften symbiotisch verk\u00f6rpern. Nordsee Yachten wurden von den ber\u00fchmtesten Seglern zu ungew\u00f6hnlichen Reisen in allen Klimazonen eingesetzt &#8230; sie sind auch heute noch im Originalzustand.<\/p>\n<blockquote class=\"wp-embedded-content\" data-secret=\"YJIIVqS6To\"><p><a href=\"https:\/\/windpilot.com\/blog\/schiffe\/die-ideale-y\/nordsee-41\/\">Nordsee 41<\/a><\/p><\/blockquote>\n<p><iframe loading=\"lazy\" class=\"wp-embedded-content\" sandbox=\"allow-scripts\" security=\"restricted\" style=\"position: absolute; visibility: hidden;\" title=\"&#8222;Nordsee 41&#8220; &#8212; Windpilot Blog\" src=\"https:\/\/windpilot.com\/blog\/schiffe\/die-ideale-y\/nordsee-41\/embed\/#?secret=nrczDS9p6l#?secret=YJIIVqS6To\" data-secret=\"YJIIVqS6To\" width=\"600\" height=\"338\" frameborder=\"0\" marginwidth=\"0\" marginheight=\"0\" scrolling=\"no\"><\/iframe><\/p>\n<p><img loading=\"lazy\" decoding=\"async\" src=\"https:\/\/windpilot.com\/blog\/wp-content\/uploads\/2025\/03\/Bildschirmfoto-2025-03-02-um-18.05.31.png\" alt=\"\" width=\"640\" height=\"400\" class=\"aligncenter size-full wp-image-32489\" srcset=\"https:\/\/windpilot.com\/blog\/wp-content\/uploads\/2025\/03\/Bildschirmfoto-2025-03-02-um-18.05.31.png 640w, https:\/\/windpilot.com\/blog\/wp-content\/uploads\/2025\/03\/Bildschirmfoto-2025-03-02-um-18.05.31-300x188.png 300w\" sizes=\"auto, (max-width: 640px) 100vw, 640px\" \/>Heute erreicht mich der folgende Bericht:<\/p>\n<p>Moin Herr F\u00f6rthmann,<br \/>\nIch kann Ihnen stolz berichten, dass meine Frau und ich die \u201eProsit\u201c, die wir von Barbara und Thomas Dr\u00f6semeier \u00fcbernommen haben, ein drittes mal nach Island und zur\u00fcck gesegelt haben. Wobei: es war nat\u00fcrlich fast ausschlie\u00dflich Ihr Windpilot Pacific an der Pinne. Was f\u00fcr eine tolle Erfindung! Hoffentlich k\u00f6nnen wir noch weitere gr\u00f6\u00dfere Segelreisen mit diesem tollen Boot machen.<\/p>\n<p>Viele Gr\u00fc\u00dfe<br \/>\nHelge Wolff<\/p>\n<p><img loading=\"lazy\" decoding=\"async\" src=\"https:\/\/windpilot.com\/blog\/wp-content\/uploads\/2025\/03\/Bildschirmfoto-2025-03-02-um-18.16.35.png\" alt=\"\" width=\"640\" height=\"400\" class=\"aligncenter size-full wp-image-32490\" srcset=\"https:\/\/windpilot.com\/blog\/wp-content\/uploads\/2025\/03\/Bildschirmfoto-2025-03-02-um-18.16.35.png 640w, https:\/\/windpilot.com\/blog\/wp-content\/uploads\/2025\/03\/Bildschirmfoto-2025-03-02-um-18.16.35-300x188.png 300w\" sizes=\"auto, (max-width: 640px) 100vw, 640px\" \/>Meine Antwort:<\/p>\n<blockquote><p>Moin Herr Wolff,<br \/>\nHonig f\u00fcr einen schon leicht ergrauten Mann &#8230; herzlichchen Dank &#8230; werde ich weiterreichen &#8230; ein <strong>Nordsee 36 eingesetzt im F\u00e4hrverkehr nach Island<\/strong> &#8230; das gef\u00e4llt mir &#8230;<\/p>\n<p>Kleiner Tipp: wenn das Ruder in Lift up steht, derweil das ganze Schiff auf sein Herrchen geduldig wartet &#8230; ab und zu mal eine wenig Silikon spray auf den Ruderschaft kurz vor dem Lager &#8230; dann l\u00e4uft die Spraysuppe langsam den Schaft runter und l\u00f6\u00dft etwaige Salzverkrustungen unter dem Kegelrad AUF &#8230; und wenn das Ruder dann ins Wasser gelassen wird &#8230; ist das Salz weg und alles klar f\u00fcr die grausame See.<\/p>\n<p>herzlich<br \/>\nPeter Foerthmann<\/p><\/blockquote>\n<div id=\"attachment_32494\" style=\"width: 310px\" class=\"wp-caption alignleft\"><img loading=\"lazy\" decoding=\"async\" aria-describedby=\"caption-attachment-32494\" src=\"https:\/\/windpilot.com\/blog\/wp-content\/uploads\/2025\/03\/Streifen-Peter--300x85.jpg\" alt=\"\" width=\"300\" height=\"85\" class=\"size-medium wp-image-32494\" srcset=\"https:\/\/windpilot.com\/blog\/wp-content\/uploads\/2025\/03\/Streifen-Peter--300x85.jpg 300w, https:\/\/windpilot.com\/blog\/wp-content\/uploads\/2025\/03\/Streifen-Peter--1024x290.jpg 1024w, https:\/\/windpilot.com\/blog\/wp-content\/uploads\/2025\/03\/Streifen-Peter--768x218.jpg 768w, https:\/\/windpilot.com\/blog\/wp-content\/uploads\/2025\/03\/Streifen-Peter--1536x436.jpg 1536w, https:\/\/windpilot.com\/blog\/wp-content\/uploads\/2025\/03\/Streifen-Peter--2048x581.jpg 2048w\" sizes=\"auto, (max-width: 300px) 100vw, 300px\" \/><p id=\"caption-attachment-32494\" class=\"wp-caption-text\">Screenshot<\/p><\/div>\n","protected":false},"excerpt":{"rendered":"<p>NORDSEE 36 &#8211; D\u00dcBBEL &#038; JESSE Norderney war \u00fcber Jahrzehnte mehr als ein Geheimtipp, f\u00fcr sch\u00f6ne Schiffe. In Norderney wurden bereeits vor Jahrzehnten die ber\u00fchmten Beister Yachten aus Stahl gebaut. Ob dies der isolierten Lage abseits von nationalen Verkehrsanbindungen geschuldet &hellip; <a href=\"https:\/\/windpilot.com\/blog\/schiffe\/die-ideale-y\/sv-prosit\/\">Weiterlesen <span class=\"meta-nav\">&rarr;<\/span><\/a><\/p>\n","protected":false},"author":1,"featured_media":0,"parent":17702,"menu_order":-19,"comment_status":"closed","ping_status":"closed","template":"","meta":{"footnotes":""},"class_list":["post-32483","page","type-page","status-publish","hentry"],"_links":{"self":[{"href":"https:\/\/windpilot.com\/blog\/wp-json\/wp\/v2\/pages\/32483","targetHints":{"allow":["GET"]}}],"collection":[{"href":"https:\/\/windpilot.com\/blog\/wp-json\/wp\/v2\/pages"}],"about":[{"href":"https:\/\/windpilot.com\/blog\/wp-json\/wp\/v2\/types\/page"}],"author":[{"embeddable":true,"href":"https:\/\/windpilot.com\/blog\/wp-json\/wp\/v2\/users\/1"}],"replies":[{"embeddable":true,"href":"https:\/\/windpilot.com\/blog\/wp-json\/wp\/v2\/comments?post=32483"}],"version-history":[{"count":7,"href":"https:\/\/windpilot.com\/blog\/wp-json\/wp\/v2\/pages\/32483\/revisions"}],"predecessor-version":[{"id":32495,"href":"https:\/\/windpilot.com\/blog\/wp-json\/wp\/v2\/pages\/32483\/revisions\/32495"}],"up":[{"embeddable":true,"href":"https:\/\/windpilot.com\/blog\/wp-json\/wp\/v2\/pages\/17702"}],"wp:attachment":[{"href":"https:\/\/windpilot.com\/blog\/wp-json\/wp\/v2\/media?parent=32483"}],"curies":[{"name":"wp","href":"https:\/\/api.w.org\/{rel}","templated":true}]}}