{"id":32536,"date":"2025-03-17T10:03:43","date_gmt":"2025-03-17T17:03:43","guid":{"rendered":"https:\/\/windpilot.com\/blog\/?page_id=32536"},"modified":"2025-04-27T07:10:24","modified_gmt":"2025-04-27T14:10:24","slug":"sv-papalagi-mick-segebarth-ger","status":"publish","type":"page","link":"https:\/\/windpilot.com\/blog\/portraits\/sv-papalagi-mick-segebarth-ger\/","title":{"rendered":"Mick Segebarth"},"content":{"rendered":"<p><strong>Ein PANTOMIME, der REDEN und SEGELN kann<\/strong><br \/>\n<img loading=\"lazy\" decoding=\"async\" src=\"https:\/\/windpilot.com\/blog\/wp-content\/uploads\/2025\/03\/DSCF4007-1024x768.jpg\" alt=\"\" width=\"640\" height=\"480\" class=\"aligncenter size-large wp-image-32550\" srcset=\"https:\/\/windpilot.com\/blog\/wp-content\/uploads\/2025\/03\/DSCF4007-1024x768.jpg 1024w, https:\/\/windpilot.com\/blog\/wp-content\/uploads\/2025\/03\/DSCF4007-300x225.jpg 300w, https:\/\/windpilot.com\/blog\/wp-content\/uploads\/2025\/03\/DSCF4007-768x576.jpg 768w, https:\/\/windpilot.com\/blog\/wp-content\/uploads\/2025\/03\/DSCF4007-1536x1152.jpg 1536w, https:\/\/windpilot.com\/blog\/wp-content\/uploads\/2025\/03\/DSCF4007-2048x1536.jpg 2048w\" sizes=\"auto, (max-width: 640px) 100vw, 640px\" \/>Hamburgs treuester Liveaboard geh\u00f6rt seit vielen Jahren zum Hamburger Hafen Kolorit wie die Elbphilarmonie \u2013 beide viele Jahre lang nie fertiggeworden, stets ist das Leben dazwischen gekommen.<br \/>\n<img loading=\"lazy\" decoding=\"async\" src=\"https:\/\/windpilot.com\/blog\/wp-content\/uploads\/2025\/03\/GOPR1397-1024x768.jpg\" alt=\"\" width=\"640\" height=\"480\" class=\"aligncenter size-large wp-image-32537\" srcset=\"https:\/\/windpilot.com\/blog\/wp-content\/uploads\/2025\/03\/GOPR1397-1024x768.jpg 1024w, https:\/\/windpilot.com\/blog\/wp-content\/uploads\/2025\/03\/GOPR1397-300x225.jpg 300w, https:\/\/windpilot.com\/blog\/wp-content\/uploads\/2025\/03\/GOPR1397-768x576.jpg 768w, https:\/\/windpilot.com\/blog\/wp-content\/uploads\/2025\/03\/GOPR1397-1536x1152.jpg 1536w, https:\/\/windpilot.com\/blog\/wp-content\/uploads\/2025\/03\/GOPR1397-2048x1536.jpg 2048w\" sizes=\"auto, (max-width: 640px) 100vw, 640px\" \/>Bei Mick waren es Engagements wie das Duckstein Festival und andere Unterhaltungs Taten, die ihm die Liegeplatz Kosten im City Sportboot Hafen zu bezahlen halfen. Immerhin h\u00e4tte er dort monatelang ohne Festmacher liegen k\u00f6nnen, weil sein Schiff im Winter ohnehin festgefroren war.<br \/>\n<img loading=\"lazy\" decoding=\"async\" src=\"https:\/\/windpilot.com\/blog\/wp-content\/uploads\/2025\/03\/DSC01591-1024x682.jpeg\" alt=\"\" width=\"640\" height=\"426\" class=\"aligncenter size-large wp-image-32539\" srcset=\"https:\/\/windpilot.com\/blog\/wp-content\/uploads\/2025\/03\/DSC01591-1024x682.jpeg 1024w, https:\/\/windpilot.com\/blog\/wp-content\/uploads\/2025\/03\/DSC01591-300x200.jpeg 300w, https:\/\/windpilot.com\/blog\/wp-content\/uploads\/2025\/03\/DSC01591-768x511.jpeg 768w, https:\/\/windpilot.com\/blog\/wp-content\/uploads\/2025\/03\/DSC01591.jpeg 1280w\" sizes=\"auto, (max-width: 640px) 100vw, 640px\" \/>Hamburg ist allerdings nicht unbedingt ein idealer Platz f\u00fcr Livaboards, obgleich die Hansestadt sich allzu gern als weltoffen pr\u00e4sentiert. Wir wissen, das dies insbesondere f\u00fcr Touristen gilt, die nach dem helgol\u00e4nder Motto <em>Ausbooten \u2013 Ausbeuten \u2013 Einbooten<\/em>, nur f\u00fcr wenige Stunden als Heuschrecken die Stadt bev\u00f6lkern und unter Hinterlassung leergekaufter Shoppings Malls, sowie L\u00f6cher in den Kreditkarten sodann zum Schlafen wieder die Bord- oder Hotelmatratzen dr\u00fccken. Bei den Seglern im Hafen liegen die Dinge ungleich anders.<br \/>\n<img loading=\"lazy\" decoding=\"async\" src=\"https:\/\/windpilot.com\/blog\/wp-content\/uploads\/2025\/03\/img004.jpg\" alt=\"\" width=\"1024\" height=\"709\" class=\"aligncenter size-full wp-image-32540\" srcset=\"https:\/\/windpilot.com\/blog\/wp-content\/uploads\/2025\/03\/img004.jpg 1024w, https:\/\/windpilot.com\/blog\/wp-content\/uploads\/2025\/03\/img004-300x208.jpg 300w, https:\/\/windpilot.com\/blog\/wp-content\/uploads\/2025\/03\/img004-768x532.jpg 768w\" sizes=\"auto, (max-width: 1024px) 100vw, 1024px\" \/>Ja klar, irgendwann brauchte Mick dann eine Heckverzierung, die er sich zuerst in unseren Regalen ausgesucht hat, die wir sodann gemeinsam angeschraubt haben, ist schon ein paar Jahre her.<br \/>\n<img loading=\"lazy\" decoding=\"async\" src=\"https:\/\/windpilot.com\/blog\/wp-content\/uploads\/2025\/03\/Peter-zu-Besuch-010-1024x768.jpg\" alt=\"\" width=\"640\" height=\"480\" class=\"aligncenter size-large wp-image-32547\" srcset=\"https:\/\/windpilot.com\/blog\/wp-content\/uploads\/2025\/03\/Peter-zu-Besuch-010-1024x768.jpg 1024w, https:\/\/windpilot.com\/blog\/wp-content\/uploads\/2025\/03\/Peter-zu-Besuch-010-300x225.jpg 300w, https:\/\/windpilot.com\/blog\/wp-content\/uploads\/2025\/03\/Peter-zu-Besuch-010-768x576.jpg 768w, https:\/\/windpilot.com\/blog\/wp-content\/uploads\/2025\/03\/Peter-zu-Besuch-010-1536x1152.jpg 1536w, https:\/\/windpilot.com\/blog\/wp-content\/uploads\/2025\/03\/Peter-zu-Besuch-010-2048x1536.jpg 2048w\" sizes=\"auto, (max-width: 640px) 100vw, 640px\" \/>Mick war auch schon unterwegs, allerdings vom Handsteuern derart begeistert, dass sein wwindiger Pilot gar nicht die grausame See gesehen hat, derweil er unter der Persenning geschlafen hat.<br \/>\n<img loading=\"lazy\" decoding=\"async\" src=\"https:\/\/windpilot.com\/blog\/wp-content\/uploads\/2025\/03\/Mickauf-see-1024x768.jpg\" alt=\"\" width=\"640\" height=\"480\" class=\"aligncenter size-large wp-image-32543\" srcset=\"https:\/\/windpilot.com\/blog\/wp-content\/uploads\/2025\/03\/Mickauf-see-1024x768.jpg 1024w, https:\/\/windpilot.com\/blog\/wp-content\/uploads\/2025\/03\/Mickauf-see-300x225.jpg 300w, https:\/\/windpilot.com\/blog\/wp-content\/uploads\/2025\/03\/Mickauf-see-768x576.jpg 768w, https:\/\/windpilot.com\/blog\/wp-content\/uploads\/2025\/03\/Mickauf-see-1536x1152.jpg 1536w, https:\/\/windpilot.com\/blog\/wp-content\/uploads\/2025\/03\/Mickauf-see.jpg 2048w\" sizes=\"auto, (max-width: 640px) 100vw, 640px\" \/>Die Papalagie stammt \u00fcbrigens aus der Feder des ber\u00fchmten Konstruktionsb\u00fcro von S &#038; S, ist solide in Stahl gebaut und macht bei Schwerwetter keinen Mucks. Eigner und sein Schiff scheinen magisch einander verbunden. Wann immer ich an der \u00dcberseebr\u00fccke meine Runden drehe, steht scchon der Tee auf der Back.<br \/>\n<img loading=\"lazy\" decoding=\"async\" src=\"https:\/\/windpilot.com\/blog\/wp-content\/uploads\/2025\/03\/MarzenaMickAndreas-1024x768.jpg\" alt=\"\" width=\"640\" height=\"480\" class=\"aligncenter size-large wp-image-32545\" srcset=\"https:\/\/windpilot.com\/blog\/wp-content\/uploads\/2025\/03\/MarzenaMickAndreas-1024x768.jpg 1024w, https:\/\/windpilot.com\/blog\/wp-content\/uploads\/2025\/03\/MarzenaMickAndreas-300x225.jpg 300w, https:\/\/windpilot.com\/blog\/wp-content\/uploads\/2025\/03\/MarzenaMickAndreas-768x576.jpg 768w, https:\/\/windpilot.com\/blog\/wp-content\/uploads\/2025\/03\/MarzenaMickAndreas-1536x1152.jpg 1536w, https:\/\/windpilot.com\/blog\/wp-content\/uploads\/2025\/03\/MarzenaMickAndreas-2048x1536.jpg 2048w\" sizes=\"auto, (max-width: 640px) 100vw, 640px\" \/>Jedenfalls kommt nun bald wieder die Sommerzeit, und die Papalagi wechselt den Liegeplatz nach Finkenwerder, wo es ruhiger zu liegen ist, wo weniger Touristen ihre Bierdosen an Deck abstellen, und wo der Weg zum n\u00e4chstgelegenen Supermarkt mit dem Tretroller dicht um die Ecke liegt. Zudem liegt die Nordsee alias Mordsee dann nur noch wenige Meilen entfernt, wenn der Skipper das will, die Tide kooperiert und Petrus die Backstagsbrise garantiert.<\/p>\n<p>17.03.2025<br \/>\nPeter Foerthmann<br \/>\n<img loading=\"lazy\" decoding=\"async\" src=\"https:\/\/windpilot.com\/blog\/wp-content\/uploads\/2025\/03\/Isle-of-Wight-006-1024x768.jpg\" alt=\"\" width=\"640\" height=\"480\" class=\"aligncenter size-large wp-image-32552\" srcset=\"https:\/\/windpilot.com\/blog\/wp-content\/uploads\/2025\/03\/Isle-of-Wight-006-1024x768.jpg 1024w, https:\/\/windpilot.com\/blog\/wp-content\/uploads\/2025\/03\/Isle-of-Wight-006-300x225.jpg 300w, https:\/\/windpilot.com\/blog\/wp-content\/uploads\/2025\/03\/Isle-of-Wight-006-768x576.jpg 768w, https:\/\/windpilot.com\/blog\/wp-content\/uploads\/2025\/03\/Isle-of-Wight-006-1536x1152.jpg 1536w, https:\/\/windpilot.com\/blog\/wp-content\/uploads\/2025\/03\/Isle-of-Wight-006-2048x1536.jpg 2048w\" sizes=\"auto, (max-width: 640px) 100vw, 640px\" \/><\/p>\n","protected":false},"excerpt":{"rendered":"<p>Ein PANTOMIME, der REDEN und SEGELN kann Hamburgs treuester Liveaboard geh\u00f6rt seit vielen Jahren zum Hamburger Hafen Kolorit wie die Elbphilarmonie \u2013 beide viele Jahre lang nie fertiggeworden, stets ist das Leben dazwischen gekommen. Bei Mick waren es Engagements wie &hellip; <a href=\"https:\/\/windpilot.com\/blog\/portraits\/sv-papalagi-mick-segebarth-ger\/\">Weiterlesen <span class=\"meta-nav\">&rarr;<\/span><\/a><\/p>\n","protected":false},"author":1,"featured_media":0,"parent":28252,"menu_order":-22,"comment_status":"open","ping_status":"open","template":"","meta":{"footnotes":""},"class_list":["post-32536","page","type-page","status-publish","hentry"],"_links":{"self":[{"href":"https:\/\/windpilot.com\/blog\/wp-json\/wp\/v2\/pages\/32536","targetHints":{"allow":["GET"]}}],"collection":[{"href":"https:\/\/windpilot.com\/blog\/wp-json\/wp\/v2\/pages"}],"about":[{"href":"https:\/\/windpilot.com\/blog\/wp-json\/wp\/v2\/types\/page"}],"author":[{"embeddable":true,"href":"https:\/\/windpilot.com\/blog\/wp-json\/wp\/v2\/users\/1"}],"replies":[{"embeddable":true,"href":"https:\/\/windpilot.com\/blog\/wp-json\/wp\/v2\/comments?post=32536"}],"version-history":[{"count":13,"href":"https:\/\/windpilot.com\/blog\/wp-json\/wp\/v2\/pages\/32536\/revisions"}],"predecessor-version":[{"id":32838,"href":"https:\/\/windpilot.com\/blog\/wp-json\/wp\/v2\/pages\/32536\/revisions\/32838"}],"up":[{"embeddable":true,"href":"https:\/\/windpilot.com\/blog\/wp-json\/wp\/v2\/pages\/28252"}],"wp:attachment":[{"href":"https:\/\/windpilot.com\/blog\/wp-json\/wp\/v2\/media?parent=32536"}],"curies":[{"name":"wp","href":"https:\/\/api.w.org\/{rel}","templated":true}]}}