{"id":32559,"date":"2025-03-18T09:21:03","date_gmt":"2025-03-18T16:21:03","guid":{"rendered":"https:\/\/windpilot.com\/blog\/?page_id=32559"},"modified":"2025-03-18T10:42:07","modified_gmt":"2025-03-18T17:42:07","slug":"peter-presse-ii","status":"publish","type":"page","link":"https:\/\/windpilot.com\/blog\/deutsch-yacht-delius-klasing\/peter-presse-ii\/","title":{"rendered":"Peter + Presse II"},"content":{"rendered":"<p><strong>WASSERJOURNALISTEN<\/strong><br \/>\n<img loading=\"lazy\" decoding=\"async\" src=\"https:\/\/windpilot.com\/blog\/wp-content\/uploads\/2025\/03\/Am-Arsch-Vorbei-klein-1024x718.jpg\" alt=\"\" width=\"640\" height=\"449\" class=\"aligncenter size-large wp-image-32566\" srcset=\"https:\/\/windpilot.com\/blog\/wp-content\/uploads\/2025\/03\/Am-Arsch-Vorbei-klein-1024x718.jpg 1024w, https:\/\/windpilot.com\/blog\/wp-content\/uploads\/2025\/03\/Am-Arsch-Vorbei-klein-300x210.jpg 300w, https:\/\/windpilot.com\/blog\/wp-content\/uploads\/2025\/03\/Am-Arsch-Vorbei-klein-768x538.jpg 768w, https:\/\/windpilot.com\/blog\/wp-content\/uploads\/2025\/03\/Am-Arsch-Vorbei-klein.jpg 1066w\" sizes=\"auto, (max-width: 640px) 100vw, 640px\" \/>22 Jahre Dallas, dann wurde JR vermutlich der Stecker gezogen. Das jedenfalls ist der pers\u00f6nliche Eindruck eines graumelierten Mannes, der sein Leben im maritimen Haifischgew\u00e4sser verbracht, der in Sachen Heckverzierungen sein Gl\u00fcck gemacht.<\/p>\n<p>Quereinsteiger m\u00f6gen hier und dort von Nutzen sein, weil sie frischen Wind in alte Gem\u00e4uer bringen, aber in der gewachsenen Struktur eines altehrw\u00fcrdigen Verlages k\u00f6nnen unerw\u00fcnschte Risiken und Nebenwirkungen entstehen, deren Fliehkr\u00e4fte am Ende Stillstand erzeugen. Ich erlaube mir eine schnelle Achterbahnfahrt aus einem anderen Orbit.<br \/>\n<img loading=\"lazy\" decoding=\"async\" src=\"https:\/\/windpilot.com\/blog\/wp-content\/uploads\/2025\/03\/Heizer-klein-1024x738.jpg\" alt=\"\" width=\"640\" height=\"461\" class=\"aligncenter size-large wp-image-32568\" srcset=\"https:\/\/windpilot.com\/blog\/wp-content\/uploads\/2025\/03\/Heizer-klein-1024x738.jpg 1024w, https:\/\/windpilot.com\/blog\/wp-content\/uploads\/2025\/03\/Heizer-klein-300x216.jpg 300w, https:\/\/windpilot.com\/blog\/wp-content\/uploads\/2025\/03\/Heizer-klein-768x554.jpg 768w, https:\/\/windpilot.com\/blog\/wp-content\/uploads\/2025\/03\/Heizer-klein.jpg 1053w\" sizes=\"auto, (max-width: 640px) 100vw, 640px\" \/>Das maritime Haifisch Becken ist voller Macht bewu\u00dfter und bei\u00dfbereiter Fisch-Platz-Hirsche \u2013 die vermeintliche Territorien durch Wasser Grabenk\u00e4mpfe geschickt zu verteidigen wissen \u2013 vielleicht, um eigene Wichtigkeiten zu erhalten oder zu \u00fcberspitzen? Allzu leicht werden dabei Grenzen \u00fcbersehen, die es zu respektieren gilt, Fairness, die man anderen Menschen Fischen gegen\u00fcber wahren sollte. Symbiosen und Synergien sind manchmal wirkungsvoller als Kontroversen, Kumpaneien und Charaden, sie erfordern allerdings Weitsicht und Weisheit von den Beteiligten \u2013 damit das Ergebnis am Ende zu einem Prachtkind geraten kann. Zum Beispiel einem gelungenen Blatt!<br \/>\n<img loading=\"lazy\" decoding=\"async\" src=\"https:\/\/windpilot.com\/blog\/wp-content\/uploads\/2025\/03\/Collage-2-klein-1024x707.jpg\" alt=\"\" width=\"640\" height=\"442\" class=\"aligncenter size-large wp-image-32573\" srcset=\"https:\/\/windpilot.com\/blog\/wp-content\/uploads\/2025\/03\/Collage-2-klein-1024x707.jpg 1024w, https:\/\/windpilot.com\/blog\/wp-content\/uploads\/2025\/03\/Collage-2-klein-300x207.jpg 300w, https:\/\/windpilot.com\/blog\/wp-content\/uploads\/2025\/03\/Collage-2-klein-768x530.jpg 768w, https:\/\/windpilot.com\/blog\/wp-content\/uploads\/2025\/03\/Collage-2-klein.jpg 1468w\" sizes=\"auto, (max-width: 640px) 100vw, 640px\" \/>Der Wettkampf von Wichtigkeiten kann Reibung erzeugen, die Zeitungsmacher und Verleger gemeinhin gern als Rohstoff f\u00fcr Auflage nutzen. Geht\u00b4s hingegen mal daneben, kann der Flurschaden betr\u00e4chtlich sein. Das ist dann bedauerlich \u2013 und der Grund f\u00fcr ein paar schnelle Gedankenspritzer.<\/p>\n<p>Denn der Flurschaden im Kielwasser von JR ist gewaltig ausgefallen, denn es wurden, wie ich es empfinde, substanzielle Spielregeln von Journalisten, beiseite geschoben, weil ganz pers\u00f6nliche Befindlichkeiten vermutlich wichtiger erschienen. Hier wurde wohl Beruf und Privat vermischt, Gift f\u00fcr Journalisten, die sich dadurch durchaus angreifbar machen k\u00f6nnen. Vermutlich der Grund f\u00fcr ein pl\u00f6tzliches \u201e<a href=\"https:\/\/www.yacht.de\/newsletter\/abschied-yacht-chefredakteur-jochen-rieker-sagt-tschuess\/\">Tsch\u00fcss<\/a>\u201c zum 31.12.2023, nachdem wenige Wochen zuvor der Verlag in neue H\u00e4nde gewechselt hat.<br \/>\n<img loading=\"lazy\" decoding=\"async\" src=\"https:\/\/windpilot.com\/blog\/wp-content\/uploads\/2025\/03\/Collage-Selfie-1024x660.jpg\" alt=\"\" width=\"640\" height=\"413\" class=\"aligncenter size-large wp-image-32574\" srcset=\"https:\/\/windpilot.com\/blog\/wp-content\/uploads\/2025\/03\/Collage-Selfie-1024x660.jpg 1024w, https:\/\/windpilot.com\/blog\/wp-content\/uploads\/2025\/03\/Collage-Selfie-300x193.jpg 300w, https:\/\/windpilot.com\/blog\/wp-content\/uploads\/2025\/03\/Collage-Selfie-768x495.jpg 768w, https:\/\/windpilot.com\/blog\/wp-content\/uploads\/2025\/03\/Collage-Selfie-1536x990.jpg 1536w, https:\/\/windpilot.com\/blog\/wp-content\/uploads\/2025\/03\/Collage-Selfie.jpg 1565w\" sizes=\"auto, (max-width: 640px) 100vw, 640px\" \/>Worum es stets und immer geht: wie bekomme ich <strong>Zugang zum Seglerkopf<\/strong>, eine Frage, auf die Journalisten tendenziell mit einem B\u00fcndel voller Antworten ihr Gegen\u00fcber sprachlos machen m\u00f6chten, weil sie in exakt dieser L\u00fccke ihr Wertsch\u00f6pfungspotential begr\u00fcnden und generieren.<\/p>\n<p>In Bezug auf Steuersklaven allerdings habe ich f\u00fcr mich einen besseren Weg gefunden, der kollateral Konflikte mit den Damen und Herren Wasserjournalisten in sich birgt. Dies war leider nicht zu verhindern. Hier die Lekt\u00fcre <a href=\"https:\/\/windpilot.com\/blog\/columns\/peter-der-markt\/windvane-politics-2\/schluessel-zum-kopf\/\">SCHL\u00dcSSEL ZUM SEGLERKOPF<\/a><\/p>\n<p>18.02.2025<br \/>\nPeter Foerthmann<br \/>\n<img loading=\"lazy\" decoding=\"async\" src=\"https:\/\/windpilot.com\/blog\/wp-content\/uploads\/2025\/03\/Findus-ohne-Rahmen-Kopie-300x218.jpg\" alt=\"\" width=\"300\" height=\"218\" class=\"alignleft size-medium wp-image-32575\" srcset=\"https:\/\/windpilot.com\/blog\/wp-content\/uploads\/2025\/03\/Findus-ohne-Rahmen-Kopie-300x218.jpg 300w, https:\/\/windpilot.com\/blog\/wp-content\/uploads\/2025\/03\/Findus-ohne-Rahmen-Kopie-1024x744.jpg 1024w, https:\/\/windpilot.com\/blog\/wp-content\/uploads\/2025\/03\/Findus-ohne-Rahmen-Kopie-768x558.jpg 768w, https:\/\/windpilot.com\/blog\/wp-content\/uploads\/2025\/03\/Findus-ohne-Rahmen-Kopie-1536x1116.jpg 1536w, https:\/\/windpilot.com\/blog\/wp-content\/uploads\/2025\/03\/Findus-ohne-Rahmen-Kopie-2048x1488.jpg 2048w\" sizes=\"auto, (max-width: 300px) 100vw, 300px\" \/><\/p>\n","protected":false},"excerpt":{"rendered":"<p>WASSERJOURNALISTEN 22 Jahre Dallas, dann wurde JR vermutlich der Stecker gezogen. Das jedenfalls ist der pers\u00f6nliche Eindruck eines graumelierten Mannes, der sein Leben im maritimen Haifischgew\u00e4sser verbracht, der in Sachen Heckverzierungen sein Gl\u00fcck gemacht. Quereinsteiger m\u00f6gen hier und dort von &hellip; <a href=\"https:\/\/windpilot.com\/blog\/deutsch-yacht-delius-klasing\/peter-presse-ii\/\">Weiterlesen <span class=\"meta-nav\">&rarr;<\/span><\/a><\/p>\n","protected":false},"author":1,"featured_media":0,"parent":9971,"menu_order":-31,"comment_status":"open","ping_status":"open","template":"","meta":{"footnotes":""},"class_list":["post-32559","page","type-page","status-publish","hentry"],"_links":{"self":[{"href":"https:\/\/windpilot.com\/blog\/wp-json\/wp\/v2\/pages\/32559","targetHints":{"allow":["GET"]}}],"collection":[{"href":"https:\/\/windpilot.com\/blog\/wp-json\/wp\/v2\/pages"}],"about":[{"href":"https:\/\/windpilot.com\/blog\/wp-json\/wp\/v2\/types\/page"}],"author":[{"embeddable":true,"href":"https:\/\/windpilot.com\/blog\/wp-json\/wp\/v2\/users\/1"}],"replies":[{"embeddable":true,"href":"https:\/\/windpilot.com\/blog\/wp-json\/wp\/v2\/comments?post=32559"}],"version-history":[{"count":13,"href":"https:\/\/windpilot.com\/blog\/wp-json\/wp\/v2\/pages\/32559\/revisions"}],"predecessor-version":[{"id":32578,"href":"https:\/\/windpilot.com\/blog\/wp-json\/wp\/v2\/pages\/32559\/revisions\/32578"}],"up":[{"embeddable":true,"href":"https:\/\/windpilot.com\/blog\/wp-json\/wp\/v2\/pages\/9971"}],"wp:attachment":[{"href":"https:\/\/windpilot.com\/blog\/wp-json\/wp\/v2\/media?parent=32559"}],"curies":[{"name":"wp","href":"https:\/\/api.w.org\/{rel}","templated":true}]}}