{"id":32581,"date":"2025-03-23T05:23:57","date_gmt":"2025-03-23T12:23:57","guid":{"rendered":"https:\/\/windpilot.com\/blog\/?page_id=32581"},"modified":"2025-03-23T09:41:39","modified_gmt":"2025-03-23T16:41:39","slug":"suchbild-auftrag","status":"publish","type":"page","link":"https:\/\/windpilot.com\/blog\/windpilot-cartoons\/suchbild-auftrag\/","title":{"rendered":"Suchbild Auftrag"},"content":{"rendered":"<p><strong>MARZENA + PETER AUF DEM FLIEGENDEN TEPPICH &#8211; EIN AUFTRAG<\/strong><br \/>\n<img loading=\"lazy\" decoding=\"async\" src=\"https:\/\/windpilot.com\/blog\/wp-content\/uploads\/2025\/03\/teppich_farbe_kl-Kopie-1024x727.jpg\" alt=\"\" width=\"640\" height=\"454\" class=\"aligncenter size-large wp-image-32583\" srcset=\"https:\/\/windpilot.com\/blog\/wp-content\/uploads\/2025\/03\/teppich_farbe_kl-Kopie-1024x727.jpg 1024w, https:\/\/windpilot.com\/blog\/wp-content\/uploads\/2025\/03\/teppich_farbe_kl-Kopie-300x213.jpg 300w, https:\/\/windpilot.com\/blog\/wp-content\/uploads\/2025\/03\/teppich_farbe_kl-Kopie-768x545.jpg 768w, https:\/\/windpilot.com\/blog\/wp-content\/uploads\/2025\/03\/teppich_farbe_kl-Kopie.jpg 1508w\" sizes=\"auto, (max-width: 640px) 100vw, 640px\" \/>MOIN INGA, wie w\u00e4re es mit einem schicken Suchbild, auf dem neben vielen M\u00e4usen und anderem Getier &#8230; die ganze weite Welt zu sehen ist &#8230;. Peter und Marzena  &#8230; kucken \u00fcber die Kante &#8230;. unter ihnen hier und dort Segler im Sturm, oder im Kockpit seelig eingeschlafen &#8230; als Marionettenspieler helfend &#8230; oder \u00fcber Iridium telefonierend &#8230;  oder gar mit dem fliegenden Teppich im Kielwasser sanft landend &#8230; stets die helfende Hand ausstrecken &#8230; um hier und dort zu helfen oder gar zu reparierem &#8230;<\/p>\n<p>Kurz: eine Art Lebensbeschreibung eines schon leicht angegrauten Mannes, aus der abzulesen ist &#8230; womit er seine Lebenszeit verspielt &#8230; und dabei keineswegs gnadderich geworden ist &#8230;<\/p>\n<p><img loading=\"lazy\" decoding=\"async\" src=\"https:\/\/windpilot.com\/blog\/wp-content\/uploads\/2025\/03\/Family-biz-Kopie-1024x713.jpg\" alt=\"\" width=\"640\" height=\"446\" class=\"size-large wp-image-32587\" srcset=\"https:\/\/windpilot.com\/blog\/wp-content\/uploads\/2025\/03\/Family-biz-Kopie-1024x713.jpg 1024w, https:\/\/windpilot.com\/blog\/wp-content\/uploads\/2025\/03\/Family-biz-Kopie-300x209.jpg 300w, https:\/\/windpilot.com\/blog\/wp-content\/uploads\/2025\/03\/Family-biz-Kopie-768x535.jpg 768w, https:\/\/windpilot.com\/blog\/wp-content\/uploads\/2025\/03\/Family-biz-Kopie-1536x1070.jpg 1536w, https:\/\/windpilot.com\/blog\/wp-content\/uploads\/2025\/03\/Family-biz-Kopie-2048x1426.jpg 2048w\" sizes=\"auto, (max-width: 640px) 100vw, 640px\" \/>Es k\u00f6nnen also viele fliegende Teppiche zu sehen sein, weil \u00fcberall auf der Welt ja eine andere Szene herrscht &#8230; die die immer gleiche Windpilot Truppe von Marzena und Peter &#8230; zum Inhalt hat.<\/p>\n<p>Ein Suchbild, auf dem ganz viel zu finden ist &#8230;<\/p>\n<p>Mach was draus!<\/p>\n<p>Und dann eine Serie Einzelbilder:<\/p>\n<p><img loading=\"lazy\" decoding=\"async\" src=\"https:\/\/windpilot.com\/blog\/wp-content\/uploads\/2025\/03\/Schrauber-low-Kopie-1024x731.jpg\" alt=\"\" width=\"640\" height=\"457\" class=\"aligncenter size-large wp-image-32586\" srcset=\"https:\/\/windpilot.com\/blog\/wp-content\/uploads\/2025\/03\/Schrauber-low-Kopie-1024x731.jpg 1024w, https:\/\/windpilot.com\/blog\/wp-content\/uploads\/2025\/03\/Schrauber-low-Kopie-300x214.jpg 300w, https:\/\/windpilot.com\/blog\/wp-content\/uploads\/2025\/03\/Schrauber-low-Kopie-768x548.jpg 768w, https:\/\/windpilot.com\/blog\/wp-content\/uploads\/2025\/03\/Schrauber-low-Kopie-1536x1096.jpg 1536w, https:\/\/windpilot.com\/blog\/wp-content\/uploads\/2025\/03\/Schrauber-low-Kopie-2048x1462.jpg 2048w\" sizes=\"auto, (max-width: 640px) 100vw, 640px\" \/>Peter steht in der Werkstatt am Schrauben &#8230; <\/p>\n<p><img loading=\"lazy\" decoding=\"async\" src=\"https:\/\/windpilot.com\/blog\/wp-content\/uploads\/2025\/03\/Gartenteich-Nurse-1024x733.jpg\" alt=\"\" width=\"640\" height=\"458\" class=\"aligncenter size-large wp-image-32585\" srcset=\"https:\/\/windpilot.com\/blog\/wp-content\/uploads\/2025\/03\/Gartenteich-Nurse-1024x733.jpg 1024w, https:\/\/windpilot.com\/blog\/wp-content\/uploads\/2025\/03\/Gartenteich-Nurse-300x215.jpg 300w, https:\/\/windpilot.com\/blog\/wp-content\/uploads\/2025\/03\/Gartenteich-Nurse-768x550.jpg 768w, https:\/\/windpilot.com\/blog\/wp-content\/uploads\/2025\/03\/Gartenteich-Nurse.jpg 1063w\" sizes=\"auto, (max-width: 640px) 100vw, 640px\" \/>Marzena + Peter: Marzena als Krankenschwester mit H\u00e4ubchen &#8230; gibt Peter eine Spritze, damit er weiter arbeitet<\/p>\n<p><img loading=\"lazy\" decoding=\"async\" src=\"https:\/\/windpilot.com\/blog\/wp-content\/uploads\/2025\/03\/Angel-Senior-klein-1024x723.jpg\" alt=\"\" width=\"640\" height=\"452\" class=\"aligncenter size-large wp-image-32596\" srcset=\"https:\/\/windpilot.com\/blog\/wp-content\/uploads\/2025\/03\/Angel-Senior-klein-1024x723.jpg 1024w, https:\/\/windpilot.com\/blog\/wp-content\/uploads\/2025\/03\/Angel-Senior-klein-300x212.jpg 300w, https:\/\/windpilot.com\/blog\/wp-content\/uploads\/2025\/03\/Angel-Senior-klein-768x542.jpg 768w, https:\/\/windpilot.com\/blog\/wp-content\/uploads\/2025\/03\/Angel-Senior-klein.jpg 1066w\" sizes=\"auto, (max-width: 640px) 100vw, 640px\" \/>Marzena als Krankenschwester spielt Marionette mit Peter <\/p>\n<p><img loading=\"lazy\" decoding=\"async\" src=\"https:\/\/windpilot.com\/blog\/wp-content\/uploads\/2025\/03\/puppenspielerpeter-Kopie-1024x723.jpeg\" alt=\"\" width=\"640\" height=\"452\" class=\"aligncenter size-large wp-image-32595\" srcset=\"https:\/\/windpilot.com\/blog\/wp-content\/uploads\/2025\/03\/puppenspielerpeter-Kopie-1024x723.jpeg 1024w, https:\/\/windpilot.com\/blog\/wp-content\/uploads\/2025\/03\/puppenspielerpeter-Kopie-300x212.jpeg 300w, https:\/\/windpilot.com\/blog\/wp-content\/uploads\/2025\/03\/puppenspielerpeter-Kopie-768x542.jpeg 768w, https:\/\/windpilot.com\/blog\/wp-content\/uploads\/2025\/03\/puppenspielerpeter-Kopie.jpeg 1280w\" sizes=\"auto, (max-width: 640px) 100vw, 640px\" \/>Peter spielt Marionette mit den GOLDEN GLOBE RACE Schiffen<\/p>\n<p><img loading=\"lazy\" decoding=\"async\" src=\"https:\/\/windpilot.com\/blog\/wp-content\/uploads\/2025\/03\/Peter-Wolke-kl-Kopie-1024x783.jpg\" alt=\"\" width=\"640\" height=\"489\" class=\"size-large wp-image-32584\" srcset=\"https:\/\/windpilot.com\/blog\/wp-content\/uploads\/2025\/03\/Peter-Wolke-kl-Kopie-1024x783.jpg 1024w, https:\/\/windpilot.com\/blog\/wp-content\/uploads\/2025\/03\/Peter-Wolke-kl-Kopie-300x229.jpg 300w, https:\/\/windpilot.com\/blog\/wp-content\/uploads\/2025\/03\/Peter-Wolke-kl-Kopie-768x587.jpg 768w, https:\/\/windpilot.com\/blog\/wp-content\/uploads\/2025\/03\/Peter-Wolke-kl-Kopie-1536x1174.jpg 1536w, https:\/\/windpilot.com\/blog\/wp-content\/uploads\/2025\/03\/Peter-Wolke-kl-Kopie-2048x1566.jpg 2048w\" sizes=\"auto, (max-width: 640px) 100vw, 640px\" \/>oder via Iridium<\/p>\n<p>und weitere &#8230; lass uns nachdenken!<\/p>\n<p>im Sommer 2021<\/p>\n<p>allerbest<br \/>\nPeter<br \/>\n<img loading=\"lazy\" decoding=\"async\" src=\"https:\/\/windpilot.com\/blog\/wp-content\/uploads\/2025\/03\/Loewis-300x225.jpeg\" alt=\"\" width=\"300\" height=\"225\" class=\"alignleft size-medium wp-image-32589\" srcset=\"https:\/\/windpilot.com\/blog\/wp-content\/uploads\/2025\/03\/Loewis-300x225.jpeg 300w, https:\/\/windpilot.com\/blog\/wp-content\/uploads\/2025\/03\/Loewis-1024x768.jpeg 1024w, https:\/\/windpilot.com\/blog\/wp-content\/uploads\/2025\/03\/Loewis-768x576.jpeg 768w, https:\/\/windpilot.com\/blog\/wp-content\/uploads\/2025\/03\/Loewis.jpeg 1280w\" sizes=\"auto, (max-width: 300px) 100vw, 300px\" \/><\/p>\n","protected":false},"excerpt":{"rendered":"<p>MARZENA + PETER AUF DEM FLIEGENDEN TEPPICH &#8211; EIN AUFTRAG MOIN INGA, wie w\u00e4re es mit einem schicken Suchbild, auf dem neben vielen M\u00e4usen und anderem Getier &#8230; die ganze weite Welt zu sehen ist &#8230;. Peter und Marzena &#8230; &hellip; <a href=\"https:\/\/windpilot.com\/blog\/windpilot-cartoons\/suchbild-auftrag\/\">Weiterlesen <span class=\"meta-nav\">&rarr;<\/span><\/a><\/p>\n","protected":false},"author":1,"featured_media":0,"parent":30970,"menu_order":-1,"comment_status":"open","ping_status":"open","template":"","meta":{"footnotes":""},"class_list":["post-32581","page","type-page","status-publish","hentry"],"_links":{"self":[{"href":"https:\/\/windpilot.com\/blog\/wp-json\/wp\/v2\/pages\/32581","targetHints":{"allow":["GET"]}}],"collection":[{"href":"https:\/\/windpilot.com\/blog\/wp-json\/wp\/v2\/pages"}],"about":[{"href":"https:\/\/windpilot.com\/blog\/wp-json\/wp\/v2\/types\/page"}],"author":[{"embeddable":true,"href":"https:\/\/windpilot.com\/blog\/wp-json\/wp\/v2\/users\/1"}],"replies":[{"embeddable":true,"href":"https:\/\/windpilot.com\/blog\/wp-json\/wp\/v2\/comments?post=32581"}],"version-history":[{"count":7,"href":"https:\/\/windpilot.com\/blog\/wp-json\/wp\/v2\/pages\/32581\/revisions"}],"predecessor-version":[{"id":32598,"href":"https:\/\/windpilot.com\/blog\/wp-json\/wp\/v2\/pages\/32581\/revisions\/32598"}],"up":[{"embeddable":true,"href":"https:\/\/windpilot.com\/blog\/wp-json\/wp\/v2\/pages\/30970"}],"wp:attachment":[{"href":"https:\/\/windpilot.com\/blog\/wp-json\/wp\/v2\/media?parent=32581"}],"curies":[{"name":"wp","href":"https:\/\/api.w.org\/{rel}","templated":true}]}}