{"id":32697,"date":"2025-04-20T10:13:53","date_gmt":"2025-04-20T17:13:53","guid":{"rendered":"https:\/\/windpilot.com\/blog\/?page_id=32697"},"modified":"2025-04-20T10:15:48","modified_gmt":"2025-04-20T17:15:48","slug":"donald","status":"publish","type":"page","link":"https:\/\/windpilot.com\/blog\/columns\/peter-der-markt\/windpilot\/donald\/","title":{"rendered":"Donald"},"content":{"rendered":"<p><strong>EIN NAME MIT NEBENWIRKUNGEN &#8211; WENNGLEICH UNTERSCHIEDLICH<\/strong><br \/>\n<img loading=\"lazy\" decoding=\"async\" src=\"https:\/\/windpilot.com\/blog\/wp-content\/uploads\/2025\/04\/IMG_3886-1024x768.jpeg\" alt=\"\" width=\"640\" height=\"480\" class=\"aligncenter size-large wp-image-32698\" srcset=\"https:\/\/windpilot.com\/blog\/wp-content\/uploads\/2025\/04\/IMG_3886-1024x768.jpeg 1024w, https:\/\/windpilot.com\/blog\/wp-content\/uploads\/2025\/04\/IMG_3886-300x225.jpeg 300w, https:\/\/windpilot.com\/blog\/wp-content\/uploads\/2025\/04\/IMG_3886-768x576.jpeg 768w, https:\/\/windpilot.com\/blog\/wp-content\/uploads\/2025\/04\/IMG_3886.jpeg 1280w\" sizes=\"auto, (max-width: 640px) 100vw, 640px\" \/>Donald jedenfalls hat mich schon als Dreik\u00e4sehoch inspiriert, als Ente war er laut und frech, hat auf die Pauke gehauen gar nicht schlecht und hat in meiner kindlichen Seele tiefe Furchen hinterlassen! Donald haute drauf, ungeachtet seiner Entengr\u00f6\u00dfe, hat mir mordsm\u00e4\u00dfg imponiert, obgleich ich mit einer K\u00f6rperl\u00e4nge von 183 cm ja gar nicht schlecht ausgestattet war, wu\u00dfte ich damals allerdings ja noch nicht!. Jedenfalls wurde bei mir vermutlich ein Keim geplanzt, da\u00df man mit Verve und R\u00fcckenwind eigene Standpunkte besser vertreten kann, ganz abgesehen von meiner DNA, die mir vermutlich intraven\u00f6s &#8211; denn Wifi war ja unbekannt! &#8211; \u00fcbertragen wurde. Wei\u00df man ja alles nicht. Immerhin waren und sind Vorbilder nicht nur f\u00fcr junge Hosenscheisser wichtig, denn die gesamte Influencer Scheinwelt von heute, h\u00e4ngt ja an einem Tropf, der sich wie die Niagarafalls \u00fcber uns ergie\u00dft. Je weniger R\u00fcckgrat, je weicher die Birne, desto passgenauer der Schl\u00fcssel zum Kopf. Vermutlich also ein Generalschl\u00fcssel, dem sich keiner entziehen kann oder will. verleiht ja auch ein wenig Format und Sicherheit im sozialen Handgemenge. Irgendwie bekommen sie Dich jedenfalls am \u201eArsch\u201c, bei Gucci f\u00e4ngt der \u00c4rger schon an, auch wenn er made in Turkey ist. Bin ich selbst frei davon? Kurz nachgedacht: mir gef\u00e4llt eher die gerade Furche, f\u00fcr die ich mich dereinst entschieden habe, die ich als f\u00fcr mich kommod und angenehm erfolgversprechend empfunden habe, fast wie ein Treppenhausgel\u00e4nder, dessen polierte Gl\u00e4tte Zuversicht verstrahlt. Allerdings bedarf es einer stoischen Seele, eine eigene Meinung auch gegen Widerst\u00e4nde oder Gegenwind durchzuhalten. Das will gelernt sein und erfordert H\u00e4rte, mein Lebensstigma. Warum denke ich blo\u00df immer, dass sich die wilden Lebens Wogen dereinst gl\u00e4tten werden? Liegt vermutlich an mir \u2026. nein, meine Frau ist sich dessen sogar ganz sicher: die K\u00e4mpfe gehen weiter, froh und heiter, befruchten und multiplizieren sich bis \u00fcber jeden Tellerrand, h\u00e4ngt wohl damit zusammen, dass der eigene Kopf mit zunehmendem Alter, wie aus einer Lebensdrohne, kritischer auf das eigene Umfeld schielt! Soll wohl so sein! Ist auch nicht zu verhindern &#8230; macht nix, mir gef\u00e4llt mein Weg und ich meckere oder jaule \u00fcber mein Schicksal nicht. Ganz im Gegenteil! Es geht froh und heiter immer weiter, das halbe Jahrhundert des Wirkens in meiner Lebensnische habe ich bald voll.<br \/>\n<img loading=\"lazy\" decoding=\"async\" src=\"https:\/\/windpilot.com\/blog\/wp-content\/uploads\/2025\/04\/Dagobert-Kopie-1024x768.jpg\" alt=\"\" width=\"640\" height=\"480\" class=\"aligncenter size-large wp-image-32699\" srcset=\"https:\/\/windpilot.com\/blog\/wp-content\/uploads\/2025\/04\/Dagobert-Kopie-1024x768.jpg 1024w, https:\/\/windpilot.com\/blog\/wp-content\/uploads\/2025\/04\/Dagobert-Kopie-300x225.jpg 300w, https:\/\/windpilot.com\/blog\/wp-content\/uploads\/2025\/04\/Dagobert-Kopie-768x576.jpg 768w, https:\/\/windpilot.com\/blog\/wp-content\/uploads\/2025\/04\/Dagobert-Kopie-1536x1152.jpg 1536w, https:\/\/windpilot.com\/blog\/wp-content\/uploads\/2025\/04\/Dagobert-Kopie-2048x1536.jpg 2048w\" sizes=\"auto, (max-width: 640px) 100vw, 640px\" \/>Zur\u00fcck zu Donald, mir hat allerdings Dagobert immer besser gefallen, nicht nur, weil er reinlicher gewesen ist. Immerhin badete er dauerhaft in einer Badewanne voller Golddukaten. Metaphorisch hat man da ja vermutlich mehr Zeit f\u00fcr die K\u00f6rperhygiene, weil das Leben sich offenbar von ganz alleine regelt, weil ja der Generalschmierstoff f\u00fcr das \u00dcberleben &#8211; die Knete, die Penunzen, das Kapital, bereits die ganze Badewanne f\u00fcllt, Frack und Zylinder offenbar sogar beim Baden m\u00f6glich macht. Das fand ich schick, das wollte ich auch! Hat leider nicht so ganz geklappt!<\/p>\n<p>Und so ergab es sich irgendwann wunderbar, dass Donald Sutherland mein Herz eroberte, ein Schauspieler aus Kanada, der besondere Leben mit Spiel erf\u00fcllte, der sich seine Rollen mit Bedacht selbst ausgesucht hat. Das zu schaffen, ist nur wenigen vorbehalten, eine Lebensleistung, vor der ich mich verbeuge. Ein selbstbestimmtes Leben, das aus jeder Pore quillt. Sympatisch! Leider ist der Mann ist im Alter von 88 Jahren in 2024 verstorben. Man h\u00e4tte so gerne mehr davon! Wer wollte das wohl nicht? Der Mann jedenfalls hat den Namen Donald mit positiver Energie erf\u00fcllt.<\/p>\n<p>Ich hatte ansonsten Jahrzehnte Ruhe mit, oder vor weiteren Donalds.\u00a0<\/p>\n<p><img loading=\"lazy\" decoding=\"async\" src=\"https:\/\/windpilot.com\/blog\/wp-content\/uploads\/2025\/04\/Ohne-Titel-4-1024x752.jpg\" alt=\"\" width=\"640\" height=\"470\" class=\"size-large wp-image-32714\" srcset=\"https:\/\/windpilot.com\/blog\/wp-content\/uploads\/2025\/04\/Ohne-Titel-4-1024x752.jpg 1024w, https:\/\/windpilot.com\/blog\/wp-content\/uploads\/2025\/04\/Ohne-Titel-4-300x220.jpg 300w, https:\/\/windpilot.com\/blog\/wp-content\/uploads\/2025\/04\/Ohne-Titel-4-768x564.jpg 768w, https:\/\/windpilot.com\/blog\/wp-content\/uploads\/2025\/04\/Ohne-Titel-4-1536x1128.jpg 1536w, https:\/\/windpilot.com\/blog\/wp-content\/uploads\/2025\/04\/Ohne-Titel-4.jpg 1906w\" sizes=\"auto, (max-width: 640px) 100vw, 640px\" \/>Dann enterte <a href=\"https:\/\/windpilot.com\/blog\/golden-globe-race\/golden-globe-race-2022\/don-mcintyre\/\">2016 Don aus Australien<\/a> die Szene, der mit einem ausgekl\u00fcgelten Plan segelnden Humunkulussen vorgaukeln konnte, dass er ihnen Ber\u00fchmtheit verschaffen k\u00f6nnte. Hat nur teilweise geklappt, wenngleich der Kollateralschaden in Bezug auf Material, Schiffs und menschlichen Niederlagen exorbitant geraten ist, womit sich pr\u00e4chtig Geld verdienen l\u00e4\u00dft, dem vermutlichen Hauptziel seiner Veranstaltungskreationen. Immerhin wurde Don f\u00fcr die Presse zum Dagobert, weil er den weltweiten Medien, aufregende News und spektakul\u00e4re Bilder per copy and paste in Serie liefern konnte, derweil seine Matadore sich m\u00fchsam und vor allem m\u00fcde rund um den Globus f\u00fcr jede Meile zu schinden hatten. Gottseidank ist bislang, abgesehen von pers\u00f6nlichen Niederlagen und Schiffsverlusten, noch kein Blutzoll zu beklagen, weil in vermeintlich anarchisch strukturierten Wettfahrten im Notfall modernste Technik zum \u00dcberleben hilft, Technik, die wunderbarerweise simultan die Vermarktung prickelnder Abenteuer in Bild und Ton erlaubt, um die Wertsch\u00f6pfung segelnder Heroen zumindest durch das weltweiten Klickvieh zu erlauben. Ber\u00fchmtheit, nach der die Protagonisten so\u00a0sehr lechzen, weil hier eine Alleinstellung lockt, die Scheinwerfer zum Strahlen bringt, so die unausl\u00f6schliche Hoffnung. Ein Gesch\u00e4ft allerdings, das manch einen Segler deprimiert oder gar desisullioniert\u00a0am Ende\u00a0ins heimische Sofa plumsen l\u00e4sst, wenn die Qual unz\u00e4hliger Leidenstage durch ein kurzes furioses Fackelfeuer beim Zieldurchgang unterbrochen, zu Ende gegangen ist. Allerdings nur bei einer Handvoll Protagonisten, denn der Rest verschwindet eher still von der Heldenb\u00fchne. War es das wert? Diese G\u00fcterabw\u00e4gung wird abseits der Blitzlichgewitter im Stillen erledigt, vorzugsweise als zeugenloses Lebensbekenntnis vor dem\u00a0eigenen Spiegel\u00a0im heimischen Badezimmer. Traurig? Jedenfalls werden Hoffnungen allzumeist still zu Grabe getragen.<\/p>\n<blockquote class=\"wp-embedded-content\" data-secret=\"NmtURivAXR\"><p><a href=\"https:\/\/windpilot.com\/blog\/golden-globe-race\/golden-globe-race-2022\/dons-pyrrussieg\/\">Don\u00b4s Pyrrussieg<\/a><\/p><\/blockquote>\n<p><iframe loading=\"lazy\" class=\"wp-embedded-content\" sandbox=\"allow-scripts\" security=\"restricted\" style=\"position: absolute; visibility: hidden;\" title=\"&#8222;Don\u00b4s Pyrrussieg&#8220; &#8212; Windpilot Blog\" src=\"https:\/\/windpilot.com\/blog\/golden-globe-race\/golden-globe-race-2022\/dons-pyrrussieg\/embed\/#?secret=0tLzzrGlL1#?secret=NmtURivAXR\" data-secret=\"NmtURivAXR\" width=\"600\" height=\"338\" frameborder=\"0\" marginwidth=\"0\" marginheight=\"0\" scrolling=\"no\"><\/iframe><\/p>\n<blockquote class=\"wp-embedded-content\" data-secret=\"6klWaUEOiz\"><p><a href=\"https:\/\/windpilot.com\/blog\/golden-globe-race\/global-class-5-80\/\">Global Class 5.80<\/a><\/p><\/blockquote>\n<p><iframe loading=\"lazy\" class=\"wp-embedded-content\" sandbox=\"allow-scripts\" security=\"restricted\" style=\"position: absolute; visibility: hidden;\" title=\"&#8222;Global Class 5.80&#8220; &#8212; Windpilot Blog\" src=\"https:\/\/windpilot.com\/blog\/golden-globe-race\/global-class-5-80\/embed\/#?secret=nlPwe0YaHX#?secret=6klWaUEOiz\" data-secret=\"6klWaUEOiz\" width=\"600\" height=\"338\" frameborder=\"0\" marginwidth=\"0\" marginheight=\"0\" scrolling=\"no\"><\/iframe><\/p>\n<p><img loading=\"lazy\" decoding=\"async\" src=\"https:\/\/windpilot.com\/blog\/wp-content\/uploads\/2025\/04\/Ohne-Titel-3-903x1024.jpg\" alt=\"\" width=\"640\" height=\"726\" class=\"size-large wp-image-32702\" srcset=\"https:\/\/windpilot.com\/blog\/wp-content\/uploads\/2025\/04\/Ohne-Titel-3-903x1024.jpg 903w, https:\/\/windpilot.com\/blog\/wp-content\/uploads\/2025\/04\/Ohne-Titel-3-265x300.jpg 265w, https:\/\/windpilot.com\/blog\/wp-content\/uploads\/2025\/04\/Ohne-Titel-3-768x871.jpg 768w, https:\/\/windpilot.com\/blog\/wp-content\/uploads\/2025\/04\/Ohne-Titel-3-1354x1536.jpg 1354w, https:\/\/windpilot.com\/blog\/wp-content\/uploads\/2025\/04\/Ohne-Titel-3.jpg 1700w\" sizes=\"auto, (max-width: 640px) 100vw, 640px\" \/>Ja, und dann also der <strong>blonde Elvis Donald<\/strong>, der die Rotation der Welt mit leichter Hand ins Gegenteil verdreht, der die Nord-S\u00fcd-Achse der L\u00e4nge nach durch Mar-A-Lago stecken m\u00f6chte, um von dort, ganz bequem vom Golfmobil im Vor\u00fcbergleiten, seinen \u00f6konomisch messianischen Segen Urbi et Orbi verk\u00fcnden m\u00f6chte, derweil die Welt ganz pl\u00f6tzlich so frappierend einfach geworden scheint, so ganz ohne Beh\u00f6rden oder dumme Regeln, jedenfalls nach seiner Meinung, derweil wir alle bl\u00f6d, und er fortan Gut und B\u00f6se per Dekret mischen oder gar vertauschen kann. Honi soi qui mal y pense.\u00a0<br \/>\n<img loading=\"lazy\" decoding=\"async\" src=\"https:\/\/windpilot.com\/blog\/wp-content\/uploads\/2025\/04\/5.-Klein-Erna-Kopie-1024x690.jpeg\" alt=\"\" width=\"640\" height=\"431\" class=\"size-large wp-image-32708\" srcset=\"https:\/\/windpilot.com\/blog\/wp-content\/uploads\/2025\/04\/5.-Klein-Erna-Kopie-1024x690.jpeg 1024w, https:\/\/windpilot.com\/blog\/wp-content\/uploads\/2025\/04\/5.-Klein-Erna-Kopie-300x202.jpeg 300w, https:\/\/windpilot.com\/blog\/wp-content\/uploads\/2025\/04\/5.-Klein-Erna-Kopie-768x517.jpeg 768w, https:\/\/windpilot.com\/blog\/wp-content\/uploads\/2025\/04\/5.-Klein-Erna-Kopie.jpeg 1280w\" sizes=\"auto, (max-width: 640px) 100vw, 640px\" \/>In meiner kleinen Marktnische jedenfalls trifft dieser Donald mitten ins Herz unz\u00e4hliger US Segler, die mit Schiffen bescheidener Gr\u00f6sse, also ganz abseits von den grossen\u00a0Oligarchenmotorquatzen, dereinst ihre Tr\u00e4ume mit der Realit\u00e4t vertauschen m\u00f6chten. Z.B. Ken aus Oregon, 75, longterm retired, und alleine mit einem soliden 27 ft Schiffchen, der bereits sein Haus verkaufte, sodann aufs Schiff gezogen ist und nur noch \u00fcber Wifi mit seiner Heimatscholle verbunden ist. Einzig der Steuersklave fehlte noch. Am 30.03.2025, also neulich! habe\u00a0Ich von Ken eine Onlineanfrage erhalten. Die Details waren flott gekl\u00e4rt, Paypal Mausklick, oh wie praktisch, ich konnte jedenfalls endlich mal wieder warm zu Abend essen, immer wieder ein Ereignis! Donald\u00b4s \u00a0Dekreteritis jedenfalls war in vollem Gange und wir hatten servil zu erkennen: Aluminium ist &#8222;gef\u00e4hrliches Zeugs&#8220;, jedenfalls wenn es in einer silbernen R\u00f6hre ins US County fliegt. Wir wollten schlau dem Zirkus der neuen customs Kontrollettis zuvorkommen, haben also eine Sonderschicht eingelegt und tags darauf die Windpilot Box zum Airport vorgefahren. Nun sind zwei qu\u00e4lende volle Wochen \u00b4rum, und wir sind allesamt schlauer geworden ob einer neuen Weltordnung, in der kein Stein auf dem andern bleibt, in Gullivers Schritten. Ken hat 5.seitige PDF\u00b4s ausf\u00fcllen m\u00fcssen, FEDEX bereits die R\u00fccksendung der Ware angedroht, wenn nicht s\u00e4mtliche Zollvorschriften akribisch erf\u00fcllt \u2026 und hier wie dort das Blut zum kochen bringen. Die Zeituhr tickte, heute, Freitag der 18.04.2025 war die Deadline \u2026 allerdings ist dummerweise Deutschland heute \u201edicht\u201c. Also weiter zittern bis kommenden Dienstag, wenn im Euroland wieder in den Amtsstuben gel\u00fcftet und vorsichtig geatmet werden darf. Stop: Ich erfahre soeben ( Karfreitag ) aus Oregon, dass die Box Memphis sogar nun verlassen hat und wir bibbern nun gemeinsam, wann und wo sie wieder auftauchen wird! Die USA jedenfalls sind f\u00fcr Importeure nun zu einer aufregenden Destination mutiert. Wie gut, dass zumindest ein Golfspieler mit gef\u00f6hnt ondulierter L\u00f6wenm\u00e4hne hier den vollen \u00dcberblick nicht verliert. Sagt er jedenfalls.<br \/>\n<img loading=\"lazy\" decoding=\"async\" src=\"https:\/\/windpilot.com\/blog\/wp-content\/uploads\/2025\/04\/Cargoship-1024x722.jpg\" alt=\"\" width=\"640\" height=\"451\" class=\"aligncenter size-large wp-image-32710\" srcset=\"https:\/\/windpilot.com\/blog\/wp-content\/uploads\/2025\/04\/Cargoship-1024x722.jpg 1024w, https:\/\/windpilot.com\/blog\/wp-content\/uploads\/2025\/04\/Cargoship-300x211.jpg 300w, https:\/\/windpilot.com\/blog\/wp-content\/uploads\/2025\/04\/Cargoship-768x541.jpg 768w, https:\/\/windpilot.com\/blog\/wp-content\/uploads\/2025\/04\/Cargoship.jpg 1067w\" sizes=\"auto, (max-width: 640px) 100vw, 640px\" \/>For the records: ich habe in den vergangenen Jahren unz\u00e4hlige meiner Heckverzierungen an US Segler verkauft, ausgeliefert. Das ging stets wie geschmiert, ein Windpilot nach Washington dauerte 24 Std, nach Spananien dauert es drei Tage, mindestens, egal of in braunen Lastern oder ansonsten regensicher unterwegs.<br \/>\n<img loading=\"lazy\" decoding=\"async\" src=\"https:\/\/windpilot.com\/blog\/wp-content\/uploads\/2025\/04\/IMG_7738-1024x658.jpeg\" alt=\"\" width=\"640\" height=\"411\" class=\"aligncenter size-large wp-image-32711\" srcset=\"https:\/\/windpilot.com\/blog\/wp-content\/uploads\/2025\/04\/IMG_7738-1024x658.jpeg 1024w, https:\/\/windpilot.com\/blog\/wp-content\/uploads\/2025\/04\/IMG_7738-300x193.jpeg 300w, https:\/\/windpilot.com\/blog\/wp-content\/uploads\/2025\/04\/IMG_7738-768x494.jpeg 768w, https:\/\/windpilot.com\/blog\/wp-content\/uploads\/2025\/04\/IMG_7738.jpeg 1280w\" sizes=\"auto, (max-width: 640px) 100vw, 640px\" \/><img loading=\"lazy\" decoding=\"async\" src=\"https:\/\/windpilot.com\/blog\/wp-content\/uploads\/2025\/04\/IMG_6991-1024x498.jpg\" alt=\"\" width=\"640\" height=\"311\" class=\"aligncenter size-large wp-image-32712\" srcset=\"https:\/\/windpilot.com\/blog\/wp-content\/uploads\/2025\/04\/IMG_6991-1024x498.jpg 1024w, https:\/\/windpilot.com\/blog\/wp-content\/uploads\/2025\/04\/IMG_6991-300x146.jpg 300w, https:\/\/windpilot.com\/blog\/wp-content\/uploads\/2025\/04\/IMG_6991-768x374.jpg 768w, https:\/\/windpilot.com\/blog\/wp-content\/uploads\/2025\/04\/IMG_6991.jpg 1536w\" sizes=\"auto, (max-width: 640px) 100vw, 640px\" \/>Hier ein paar Beispiele:<\/p>\n<blockquote class=\"wp-embedded-content\" data-secret=\"kBW4x7cnoO\"><p><a href=\"https:\/\/windpilot.com\/blog\/press-tv\/herausforderungen\/\">Herausforderungen<\/a><\/p><\/blockquote>\n<p><iframe loading=\"lazy\" class=\"wp-embedded-content\" sandbox=\"allow-scripts\" security=\"restricted\" style=\"position: absolute; visibility: hidden;\" title=\"&#8222;Herausforderungen&#8220; &#8212; Windpilot Blog\" src=\"https:\/\/windpilot.com\/blog\/press-tv\/herausforderungen\/embed\/#?secret=k6lST8B5Xp#?secret=kBW4x7cnoO\" data-secret=\"kBW4x7cnoO\" width=\"600\" height=\"338\" frameborder=\"0\" marginwidth=\"0\" marginheight=\"0\" scrolling=\"no\"><\/iframe><\/p>\n<blockquote class=\"wp-embedded-content\" data-secret=\"sDO7AKpgB3\"><p><a href=\"https:\/\/windpilot.com\/blog\/schiffe\/gebrauchtyachten\/bristol-35-5\/\">Bristol 35.5<\/a><\/p><\/blockquote>\n<p><iframe loading=\"lazy\" class=\"wp-embedded-content\" sandbox=\"allow-scripts\" security=\"restricted\" style=\"position: absolute; visibility: hidden;\" title=\"&#8222;Bristol 35.5&#8220; &#8212; Windpilot Blog\" src=\"https:\/\/windpilot.com\/blog\/schiffe\/gebrauchtyachten\/bristol-35-5\/embed\/#?secret=VU1q7fyAxs#?secret=sDO7AKpgB3\" data-secret=\"sDO7AKpgB3\" width=\"600\" height=\"338\" frameborder=\"0\" marginwidth=\"0\" marginheight=\"0\" scrolling=\"no\"><\/iframe><\/p>\n<blockquote class=\"wp-embedded-content\" data-secret=\"upYGyM66X9\"><p><a href=\"https:\/\/windpilot.com\/blog\/blog\/blogs\/sv-sweet-pea-victor-contento-us\/\">SV Sweet Pea &#8211; Victor Contento US<\/a><\/p><\/blockquote>\n<p><iframe loading=\"lazy\" class=\"wp-embedded-content\" sandbox=\"allow-scripts\" security=\"restricted\" style=\"position: absolute; visibility: hidden;\" title=\"&#8222;SV Sweet Pea &#8211; Victor Contento US&#8220; &#8212; Windpilot Blog\" src=\"https:\/\/windpilot.com\/blog\/blog\/blogs\/sv-sweet-pea-victor-contento-us\/embed\/#?secret=ae8wJCCp6N#?secret=upYGyM66X9\" data-secret=\"upYGyM66X9\" width=\"600\" height=\"338\" frameborder=\"0\" marginwidth=\"0\" marginheight=\"0\" scrolling=\"no\"><\/iframe><\/p>\n<p>Und das soll nun verhindert werden?\u00a0<\/p>\n<p>Ronny Loewen US hat k\u00fcrzlich vermerkt:\u00a0<\/p>\n<blockquote><p>This Windpilot technology is the extension of ur being. The quality is what is left behind as ur legacy.\u00a0<\/p><\/blockquote>\n<p><img loading=\"lazy\" decoding=\"async\" src=\"https:\/\/windpilot.com\/blog\/wp-content\/uploads\/2025\/04\/PedersenHugo-Bier-Kopie-300x283.jpg\" alt=\"\" width=\"300\" height=\"283\" class=\"alignleft size-medium wp-image-32704\" srcset=\"https:\/\/windpilot.com\/blog\/wp-content\/uploads\/2025\/04\/PedersenHugo-Bier-Kopie-300x283.jpg 300w, https:\/\/windpilot.com\/blog\/wp-content\/uploads\/2025\/04\/PedersenHugo-Bier-Kopie-1024x965.jpg 1024w, https:\/\/windpilot.com\/blog\/wp-content\/uploads\/2025\/04\/PedersenHugo-Bier-Kopie-768x724.jpg 768w, https:\/\/windpilot.com\/blog\/wp-content\/uploads\/2025\/04\/PedersenHugo-Bier-Kopie.jpg 1396w\" sizes=\"auto, (max-width: 300px) 100vw, 300px\" \/>Und was mache ich nun daraus? Vielleicht ein Bier?<\/p>\n<p>Hamburg 20.04.2025<br \/>\nPeter Foerthmann<\/p>\n","protected":false},"excerpt":{"rendered":"<p>EIN NAME MIT NEBENWIRKUNGEN &#8211; WENNGLEICH UNTERSCHIEDLICH Donald jedenfalls hat mich schon als Dreik\u00e4sehoch inspiriert, als Ente war er laut und frech, hat auf die Pauke gehauen gar nicht schlecht und hat in meiner kindlichen Seele tiefe Furchen hinterlassen! Donald &hellip; <a href=\"https:\/\/windpilot.com\/blog\/columns\/peter-der-markt\/windpilot\/donald\/\">Weiterlesen <span class=\"meta-nav\">&rarr;<\/span><\/a><\/p>\n","protected":false},"author":1,"featured_media":0,"parent":21060,"menu_order":-11,"comment_status":"open","ping_status":"open","template":"","meta":{"footnotes":""},"class_list":["post-32697","page","type-page","status-publish","hentry"],"_links":{"self":[{"href":"https:\/\/windpilot.com\/blog\/wp-json\/wp\/v2\/pages\/32697","targetHints":{"allow":["GET"]}}],"collection":[{"href":"https:\/\/windpilot.com\/blog\/wp-json\/wp\/v2\/pages"}],"about":[{"href":"https:\/\/windpilot.com\/blog\/wp-json\/wp\/v2\/types\/page"}],"author":[{"embeddable":true,"href":"https:\/\/windpilot.com\/blog\/wp-json\/wp\/v2\/users\/1"}],"replies":[{"embeddable":true,"href":"https:\/\/windpilot.com\/blog\/wp-json\/wp\/v2\/comments?post=32697"}],"version-history":[{"count":8,"href":"https:\/\/windpilot.com\/blog\/wp-json\/wp\/v2\/pages\/32697\/revisions"}],"predecessor-version":[{"id":32716,"href":"https:\/\/windpilot.com\/blog\/wp-json\/wp\/v2\/pages\/32697\/revisions\/32716"}],"up":[{"embeddable":true,"href":"https:\/\/windpilot.com\/blog\/wp-json\/wp\/v2\/pages\/21060"}],"wp:attachment":[{"href":"https:\/\/windpilot.com\/blog\/wp-json\/wp\/v2\/media?parent=32697"}],"curies":[{"name":"wp","href":"https:\/\/api.w.org\/{rel}","templated":true}]}}