{"id":32888,"date":"2025-05-11T04:41:40","date_gmt":"2025-05-11T11:41:40","guid":{"rendered":"https:\/\/windpilot.com\/blog\/?page_id=32888"},"modified":"2025-05-12T04:00:29","modified_gmt":"2025-05-12T11:00:29","slug":"bobby-schenk","status":"publish","type":"page","link":"https:\/\/windpilot.com\/blog\/portraits\/bobby-schenk\/","title":{"rendered":"Bobby Schenk"},"content":{"rendered":"<p><strong>SCHNITTSTELLE SEGELN &#8211; tempus sanat omnia vulnera<\/strong><br \/>\n<img loading=\"lazy\" decoding=\"async\" src=\"https:\/\/windpilot.com\/blog\/wp-content\/uploads\/2025\/05\/Bobby-kl-1024x885.jpg\" alt=\"\" width=\"640\" height=\"553\" class=\"aligncenter size-large wp-image-32905\" srcset=\"https:\/\/windpilot.com\/blog\/wp-content\/uploads\/2025\/05\/Bobby-kl-1024x885.jpg 1024w, https:\/\/windpilot.com\/blog\/wp-content\/uploads\/2025\/05\/Bobby-kl-300x259.jpg 300w, https:\/\/windpilot.com\/blog\/wp-content\/uploads\/2025\/05\/Bobby-kl-768x663.jpg 768w, https:\/\/windpilot.com\/blog\/wp-content\/uploads\/2025\/05\/Bobby-kl.jpg 1264w\" sizes=\"auto, (max-width: 640px) 100vw, 640px\" \/><strong>Guten Morgen Bobby,<\/strong><br \/>\nGl\u00fcckwunsch zu 85 Jahren rund um Segelsachen<br \/>\nwie sie nicht viele machen,<br \/>\nselbst wenn man die Florian Jahre subtrahierte.<br \/>\nAls Bobby hast Du viel bewegt,<br \/>\nhast \u00fcber Sonne, Mond und Sterne eruiert,<br \/>\ndamit Hein Segler seine Schiss vor Sextanten redigiert,<br \/>\nder ihm versichert, wo sein Schwan des mittags gerade f\u00e4hrt,<br \/>\nzumindest, wenn er Deine Formeln erlernt und fortan ehrt.<br \/>\n<img loading=\"lazy\" decoding=\"async\" src=\"https:\/\/windpilot.com\/blog\/wp-content\/uploads\/2025\/05\/Bobby-bier-2-1024x671.jpg\" alt=\"\" width=\"640\" height=\"419\" class=\"aligncenter size-large wp-image-32891\" srcset=\"https:\/\/windpilot.com\/blog\/wp-content\/uploads\/2025\/05\/Bobby-bier-2-1024x671.jpg 1024w, https:\/\/windpilot.com\/blog\/wp-content\/uploads\/2025\/05\/Bobby-bier-2-300x197.jpg 300w, https:\/\/windpilot.com\/blog\/wp-content\/uploads\/2025\/05\/Bobby-bier-2-768x503.jpg 768w, https:\/\/windpilot.com\/blog\/wp-content\/uploads\/2025\/05\/Bobby-bier-2-1536x1007.jpg 1536w, https:\/\/windpilot.com\/blog\/wp-content\/uploads\/2025\/05\/Bobby-bier-2-2048x1343.jpg 2048w\" sizes=\"auto, (max-width: 640px) 100vw, 640px\" \/>Du hast Deine Lebenszeit ungew\u00f6hnlich verbracht,<br \/>\nhast zu Wasser und in der Luft privilegierte schicke Sachen gemacht,<br \/>\nvon denen die meisten nur tr\u00e4umen k\u00f6nnen, ohne je nahe zu kommen<br \/>\nDu hast beschlossen, deine Lebensform kollateral aufzuschreiben,<br \/>\num anderen zu Tr\u00e4umen zu verhelfen,<br \/>\nhast Dein Wissen geb\u00fcndelt vermittelt<br \/>\nhast alles akribisch und begnadet aufgeschrieben<br \/>\nbist dar\u00fcber zur Ikone in deutschen K\u00f6pfen avanciert.<br \/>\n<img loading=\"lazy\" decoding=\"async\" src=\"https:\/\/windpilot.com\/blog\/wp-content\/uploads\/2025\/05\/BobbCarla-low-1024x671.jpg\" alt=\"\" width=\"640\" height=\"419\" class=\"aligncenter size-large wp-image-32894\" srcset=\"https:\/\/windpilot.com\/blog\/wp-content\/uploads\/2025\/05\/BobbCarla-low-1024x671.jpg 1024w, https:\/\/windpilot.com\/blog\/wp-content\/uploads\/2025\/05\/BobbCarla-low-300x197.jpg 300w, https:\/\/windpilot.com\/blog\/wp-content\/uploads\/2025\/05\/BobbCarla-low-768x503.jpg 768w, https:\/\/windpilot.com\/blog\/wp-content\/uploads\/2025\/05\/BobbCarla-low-1536x1007.jpg 1536w, https:\/\/windpilot.com\/blog\/wp-content\/uploads\/2025\/05\/BobbCarla-low-2048x1343.jpg 2048w\" sizes=\"auto, (max-width: 640px) 100vw, 640px\" \/>Schnittstellen hatten wir zur Gen\u00fcge, abseits von Steuersklaven<br \/>\nwir haben sie \u00fcber viele Jahre geschmiedet<br \/>\nhaben abendelang Synergien gesucht, gefunden<br \/>\nich habe mich vor Deinen Anrufen nie versteckt,<br \/>\nhabe Dich in FFB besucht, Garagengold und Pool entdeckt,<br \/>\nerkannt: der Bobby lebt zufrieden in seiner Lebensmitte<br \/>\nrespektiert andere Meinungen auf Augenh\u00f6he,<br \/>\nund habe dann weitergemacht auf meinem Heckverzierungs Lebensdampfer.<br \/>\n<img loading=\"lazy\" decoding=\"async\" src=\"https:\/\/windpilot.com\/blog\/wp-content\/uploads\/2025\/05\/A67D2B04CA8511DB-682x1024.jpeg\" alt=\"\" width=\"640\" height=\"961\" class=\"aligncenter size-large wp-image-32897\" srcset=\"https:\/\/windpilot.com\/blog\/wp-content\/uploads\/2025\/05\/A67D2B04CA8511DB-682x1024.jpeg 682w, https:\/\/windpilot.com\/blog\/wp-content\/uploads\/2025\/05\/A67D2B04CA8511DB-200x300.jpeg 200w, https:\/\/windpilot.com\/blog\/wp-content\/uploads\/2025\/05\/A67D2B04CA8511DB-768x1152.jpeg 768w, https:\/\/windpilot.com\/blog\/wp-content\/uploads\/2025\/05\/A67D2B04CA8511DB.jpeg 853w\" sizes=\"auto, (max-width: 640px) 100vw, 640px\" \/>F\u00fcr mich uneinholbar liegst Du altersm\u00e4\u00dfig vorn,<br \/>\nderweil Du Deinem Verleger das L\u00e4cheln aufs Gesicht gezaubert<br \/>\nImmerhin hast Du bereits vor Jahren Deinen Sinnspruch formuliert<br \/>\nder mich seither dauerhaft fasziniert<br \/>\ndass man n\u00e4mlich einen guten Verleger vornehmlich daran erkennt,<br \/>\ndass er aus den Totensch\u00e4deln seiner Autoren Champagner schl\u00fcrft.<br \/>\nDass dieser Tag noch lange nicht passiert,<br \/>\ndem gilt mein Prosit auf weitere sch\u00f6ne Jahre.<\/p>\n<p>12.05.2025<br \/>\nPeter Foerthmann<br \/>\n<img loading=\"lazy\" decoding=\"async\" src=\"https:\/\/windpilot.com\/blog\/wp-content\/uploads\/2025\/05\/Loewis-300x225.jpeg\" alt=\"\" width=\"300\" height=\"225\" class=\"alignleft size-medium wp-image-32899\" srcset=\"https:\/\/windpilot.com\/blog\/wp-content\/uploads\/2025\/05\/Loewis-300x225.jpeg 300w, https:\/\/windpilot.com\/blog\/wp-content\/uploads\/2025\/05\/Loewis-1024x768.jpeg 1024w, https:\/\/windpilot.com\/blog\/wp-content\/uploads\/2025\/05\/Loewis-768x576.jpeg 768w, https:\/\/windpilot.com\/blog\/wp-content\/uploads\/2025\/05\/Loewis.jpeg 1280w\" sizes=\"auto, (max-width: 300px) 100vw, 300px\" \/><\/p>\n","protected":false},"excerpt":{"rendered":"<p>SCHNITTSTELLE SEGELN &#8211; tempus sanat omnia vulnera Guten Morgen Bobby, Gl\u00fcckwunsch zu 85 Jahren rund um Segelsachen wie sie nicht viele machen, selbst wenn man die Florian Jahre subtrahierte. Als Bobby hast Du viel bewegt, hast \u00fcber Sonne, Mond und &hellip; <a href=\"https:\/\/windpilot.com\/blog\/portraits\/bobby-schenk\/\">Weiterlesen <span class=\"meta-nav\">&rarr;<\/span><\/a><\/p>\n","protected":false},"author":1,"featured_media":0,"parent":28252,"menu_order":-23,"comment_status":"open","ping_status":"open","template":"","meta":{"footnotes":""},"class_list":["post-32888","page","type-page","status-publish","hentry"],"_links":{"self":[{"href":"https:\/\/windpilot.com\/blog\/wp-json\/wp\/v2\/pages\/32888","targetHints":{"allow":["GET"]}}],"collection":[{"href":"https:\/\/windpilot.com\/blog\/wp-json\/wp\/v2\/pages"}],"about":[{"href":"https:\/\/windpilot.com\/blog\/wp-json\/wp\/v2\/types\/page"}],"author":[{"embeddable":true,"href":"https:\/\/windpilot.com\/blog\/wp-json\/wp\/v2\/users\/1"}],"replies":[{"embeddable":true,"href":"https:\/\/windpilot.com\/blog\/wp-json\/wp\/v2\/comments?post=32888"}],"version-history":[{"count":8,"href":"https:\/\/windpilot.com\/blog\/wp-json\/wp\/v2\/pages\/32888\/revisions"}],"predecessor-version":[{"id":32907,"href":"https:\/\/windpilot.com\/blog\/wp-json\/wp\/v2\/pages\/32888\/revisions\/32907"}],"up":[{"embeddable":true,"href":"https:\/\/windpilot.com\/blog\/wp-json\/wp\/v2\/pages\/28252"}],"wp:attachment":[{"href":"https:\/\/windpilot.com\/blog\/wp-json\/wp\/v2\/media?parent=32888"}],"curies":[{"name":"wp","href":"https:\/\/api.w.org\/{rel}","templated":true}]}}