{"id":33069,"date":"2025-06-08T00:49:16","date_gmt":"2025-06-08T07:49:16","guid":{"rendered":"https:\/\/windpilot.com\/blog\/?page_id=33069"},"modified":"2025-06-08T01:13:55","modified_gmt":"2025-06-08T08:13:55","slug":"freddy-quinn","status":"publish","type":"page","link":"https:\/\/windpilot.com\/blog\/portraits\/freddy-quinn\/","title":{"rendered":"Freddy Quinn"},"content":{"rendered":"<p><strong>PFINGSTGRUSS &#8211; NICHT NUR AN FREDDY &#8211; MEIN BUBI-IDOL<\/strong><br \/>\n<img loading=\"lazy\" decoding=\"async\" src=\"https:\/\/windpilot.com\/blog\/wp-content\/uploads\/2025\/06\/MS-Pisang-1024x539.jpg\" alt=\"\" width=\"640\" height=\"337\" class=\"aligncenter size-large wp-image-33073\" srcset=\"https:\/\/windpilot.com\/blog\/wp-content\/uploads\/2025\/06\/MS-Pisang-1024x539.jpg 1024w, https:\/\/windpilot.com\/blog\/wp-content\/uploads\/2025\/06\/MS-Pisang-300x158.jpg 300w, https:\/\/windpilot.com\/blog\/wp-content\/uploads\/2025\/06\/MS-Pisang-768x405.jpg 768w, https:\/\/windpilot.com\/blog\/wp-content\/uploads\/2025\/06\/MS-Pisang.jpg 1416w\" sizes=\"auto, (max-width: 640px) 100vw, 640px\" \/>K\u00fcrzlich habe ich im <strong><a href=\"https:\/\/www.spiegel.de\/kultur\/freddy-quinn-und-die-luegen-in-seiner-biografie-der-mann-den-es-nie-gab-a-00313197-72ee-4fe9-9eab-94139e0df5e7\">SPIEGEL<\/a><\/strong> elektrisiert gelesen, dass Freddy sich noch einmal aufgerafft und es geschafft, sein langes Leben noch einmal von hinten zu erz\u00e4hlen. Ich habe von Anfang bis Ende gierig gelesen und konnte, nein wollte dies Update gar nicht glauben, meine F\u00fcsse nicht stillhalten, habe also umgehend einen Leserbrief verfasst, der soeben im <a href=\"https:\/\/www.spiegel.de\/kultur\/briefe-a-cc91a916-ff3b-46d9-b548-f2e3e22d8082?context=issue\">SPIEGEL #22<\/a> ver\u00f6ffentlicht worden ist.<br \/>\n<img loading=\"lazy\" decoding=\"async\" src=\"https:\/\/windpilot.com\/blog\/wp-content\/uploads\/2025\/06\/Ohne-Titel-1024x909.jpg\" alt=\"\" width=\"640\" height=\"568\" class=\"size-large wp-image-33072\" srcset=\"https:\/\/windpilot.com\/blog\/wp-content\/uploads\/2025\/06\/Ohne-Titel-1024x909.jpg 1024w, https:\/\/windpilot.com\/blog\/wp-content\/uploads\/2025\/06\/Ohne-Titel-300x266.jpg 300w, https:\/\/windpilot.com\/blog\/wp-content\/uploads\/2025\/06\/Ohne-Titel-768x682.jpg 768w, https:\/\/windpilot.com\/blog\/wp-content\/uploads\/2025\/06\/Ohne-Titel-1536x1364.jpg 1536w, https:\/\/windpilot.com\/blog\/wp-content\/uploads\/2025\/06\/Ohne-Titel.jpg 1730w\" sizes=\"auto, (max-width: 640px) 100vw, 640px\" \/>Nein, ich esse meine Suppe nicht, mein Idol von damals will ich mir nicht kaputt machen oder lassen, immerhin und jedenfalls hat Freddy damals Grosses geleistet, zumindest in meinem kleinen Peter-Leben, das damals noch voller gro\u00dfer Rosinen-Tr\u00e4ume war, die ich mir dann allerdings nach und nach habe selbst erf\u00fcllen wollen bzw. m\u00fcssen. Das immerhin hat bestens geklappt, weshalb ich die Gelegenheit am Schopf ergriffen habe, dies einfach hinauszuposaunen &#8230; <\/p>\n<blockquote class=\"wp-embedded-content\" data-secret=\"80E6Omsnkh\"><p><a href=\"https:\/\/windpilot.com\/blog\/biography\/1947-1965\/\">1947 &#8211; 1965<\/a><\/p><\/blockquote>\n<p><iframe loading=\"lazy\" class=\"wp-embedded-content\" sandbox=\"allow-scripts\" security=\"restricted\" style=\"position: absolute; visibility: hidden;\" title=\"&#8222;1947 &#8211; 1965&#8220; &#8212; Windpilot Blog\" src=\"https:\/\/windpilot.com\/blog\/biography\/1947-1965\/embed\/#?secret=w978I4u65a#?secret=80E6Omsnkh\" data-secret=\"80E6Omsnkh\" width=\"600\" height=\"338\" frameborder=\"0\" marginwidth=\"0\" marginheight=\"0\" scrolling=\"no\"><\/iframe><br \/>\nMein Brief an Freddy hier ungek\u00fcrzt und in voller L\u00e4nge:<\/p>\n<blockquote><p>Lieber Freddy,<\/p>\n<p>f\u00fcr das Gewesene mach\u00b4 Dir keinen Kopp\u00b4, denn das war damals ein ganz famoser Job, der dir Alleinstellung und Dollares in den Kassenschrank gesp\u00fclt, gefolgt von den Dolores, die im Kielwasser dein Herz und Hose erobert haben. <\/p>\n<p>Es ist alles gut und ich mache dir Mut, denn auch bei mir hat deine Medizin bestens funktioniert. Sie hat meine Tr\u00e4ume schon als Bubi von sechs Jahren okkupiert, als ich Bananen aus den Elevatoren im Hafen rausgeklaubt, da hast Du mir schon meine Sinne geraubt, hast Bach und Beethoven aus meiner Legende vertilgt, hast meine Mutter damit die W\u00e4nde hochgejagt. Elvis und Dylan hat sie noch toleriert, aber bei Freddy ist ihr die Sicherung rausgeflogen.<\/p>\n<p>Ich habe deine Versprechungen dann mit 16 umgesetzt, habe die Schule geschmissen, bin  zur See abgehauen, bin mit der PISANG von Laeisz im Pacific rumgesaust, habe Bananen zu den Japanesen verfahren, allzeit mein treuer Begleiter:  mein TK 46 Grundig Tonband mit deinen Baldrian Schnulzen am Start. Du hast gewirkt &#8230; ich konnte tr\u00e4umen.<\/p>\n<p>However bin ich dann leicht indigniert mit eingekniffenem Schwanz heimgekehrt, deine Versprechungen haben den Tatsachen nicht so ganz stand gehalten. Macht aber nix, du hast immerhin bei meinem Losl\u00f6sungsprozess ganze Arbeit geleistet! <\/p>\n<p>La Paloma Ole immerhin, liegt mir heute noch im Ohr, liegt als Vinyl und CD in meinem Pr\u00e4ziosenschrank, bringt mein Frau die W\u00e4nde hoch &#8230; woran erinnert mich das wohl? &#8230; aber: bin ich deshalb verkehrt? Eine Frage, die die Antwort mit einem Wisch erledigt.<\/p>\n<p>Wie oft bin ich damals um deine schmucke Salonmotorbratze  LIBERTAD am Priwall rumgeschlichen? Da war ich noch ahnungslos, dass ich Jahre sp\u00e4ter deinen Ex KFK Kutter Richtung Seychellen verfahren sollte. Ich habe im Maschinenraum mit der \u00d6lkanne schwitzend den tapferen MAK Diesel am Leben gehalten. Ob das Schiff das Klima in Mah\u00e9 \u00fcberlebt? Wei\u00df man ja alles nicht. Aber: ist das heute noch wichtig?<\/p>\n<p>Die Antwort ist zu verneinen, denn was heute einzig z\u00e4hlt, ist Resilienz, die ein gelebtes Leben positiv verkl\u00e4rt, sich im Gesicht des Delinquenten widerspiegelt. Ich bin mir sicher, dass ich gerade Dein Grinsen sehe &#8230;<\/p>\n<p>Bei mir jedenfalls hast Du ganze Arbeit geleistet.<\/p>\n<p>Daf\u00fcr meinen  herzlichen Dank!<\/p>\n<p>Peter Foerthmann, Hamburg<br \/>\n<img loading=\"lazy\" decoding=\"async\" src=\"https:\/\/windpilot.com\/blog\/wp-content\/uploads\/2025\/06\/PeterTopfschnitt1-300x210.jpg\" alt=\"\" width=\"300\" height=\"210\" class=\"alignleft size-medium wp-image-33078\" srcset=\"https:\/\/windpilot.com\/blog\/wp-content\/uploads\/2025\/06\/PeterTopfschnitt1-300x210.jpg 300w, https:\/\/windpilot.com\/blog\/wp-content\/uploads\/2025\/06\/PeterTopfschnitt1.jpg 518w\" sizes=\"auto, (max-width: 300px) 100vw, 300px\" \/><\/p>\n<\/blockquote>\n","protected":false},"excerpt":{"rendered":"<p>PFINGSTGRUSS &#8211; NICHT NUR AN FREDDY &#8211; MEIN BUBI-IDOL K\u00fcrzlich habe ich im SPIEGEL elektrisiert gelesen, dass Freddy sich noch einmal aufgerafft und es geschafft, sein langes Leben noch einmal von hinten zu erz\u00e4hlen. Ich habe von Anfang bis Ende &hellip; <a href=\"https:\/\/windpilot.com\/blog\/portraits\/freddy-quinn\/\">Weiterlesen <span class=\"meta-nav\">&rarr;<\/span><\/a><\/p>\n","protected":false},"author":1,"featured_media":0,"parent":28252,"menu_order":-25,"comment_status":"open","ping_status":"closed","template":"","meta":{"footnotes":""},"class_list":["post-33069","page","type-page","status-publish","hentry"],"_links":{"self":[{"href":"https:\/\/windpilot.com\/blog\/wp-json\/wp\/v2\/pages\/33069","targetHints":{"allow":["GET"]}}],"collection":[{"href":"https:\/\/windpilot.com\/blog\/wp-json\/wp\/v2\/pages"}],"about":[{"href":"https:\/\/windpilot.com\/blog\/wp-json\/wp\/v2\/types\/page"}],"author":[{"embeddable":true,"href":"https:\/\/windpilot.com\/blog\/wp-json\/wp\/v2\/users\/1"}],"replies":[{"embeddable":true,"href":"https:\/\/windpilot.com\/blog\/wp-json\/wp\/v2\/comments?post=33069"}],"version-history":[{"count":9,"href":"https:\/\/windpilot.com\/blog\/wp-json\/wp\/v2\/pages\/33069\/revisions"}],"predecessor-version":[{"id":33082,"href":"https:\/\/windpilot.com\/blog\/wp-json\/wp\/v2\/pages\/33069\/revisions\/33082"}],"up":[{"embeddable":true,"href":"https:\/\/windpilot.com\/blog\/wp-json\/wp\/v2\/pages\/28252"}],"wp:attachment":[{"href":"https:\/\/windpilot.com\/blog\/wp-json\/wp\/v2\/media?parent=33069"}],"curies":[{"name":"wp","href":"https:\/\/api.w.org\/{rel}","templated":true}]}}