{"id":33134,"date":"2025-06-24T08:08:18","date_gmt":"2025-06-24T15:08:18","guid":{"rendered":"https:\/\/windpilot.com\/blog\/?page_id=33134"},"modified":"2025-06-24T08:08:18","modified_gmt":"2025-06-24T15:08:18","slug":"eberhard-harms","status":"publish","type":"page","link":"https:\/\/windpilot.com\/blog\/portraits\/eberhard-harms\/","title":{"rendered":"Eberhard Harms"},"content":{"rendered":"<p><strong>JESTER AZORES CHALLENGE 2024<\/strong><br \/>\n<img loading=\"lazy\" decoding=\"async\" src=\"https:\/\/windpilot.com\/blog\/wp-content\/uploads\/2025\/06\/IMG-20230623-WA0000-1024x768.jpg\" alt=\"\" width=\"640\" height=\"480\" class=\"aligncenter size-large wp-image-33135\" srcset=\"https:\/\/windpilot.com\/blog\/wp-content\/uploads\/2025\/06\/IMG-20230623-WA0000-1024x768.jpg 1024w, https:\/\/windpilot.com\/blog\/wp-content\/uploads\/2025\/06\/IMG-20230623-WA0000-300x225.jpg 300w, https:\/\/windpilot.com\/blog\/wp-content\/uploads\/2025\/06\/IMG-20230623-WA0000-768x576.jpg 768w, https:\/\/windpilot.com\/blog\/wp-content\/uploads\/2025\/06\/IMG-20230623-WA0000.jpg 1280w\" sizes=\"auto, (max-width: 640px) 100vw, 640px\" \/>Hallo Peter, nachdem ich im Winter 2022\/23 bei Dir eine Windpilot pacific light f\u00fcr meine Allegro 27 &#8218;<em>Lange Orm<\/em>&#8218; erworben habe und sie auch gleich entsprechend Deiner Empfehlung angebaut habe, m\u00f6chte mal eine kurze Bilanz nach rund 5000 Seemeilen ziehen und berichten.<br \/>\nIch nehme den Aufh\u00e4nger <strong>Jester Azores Challenge<\/strong>, weil ich und meine kleine &#8218;L\u00e5nge Orm&#8216; tats\u00e4chlich in 2024 im Rahmen der Jester Challenge von Plymouth zu den Azoren gesegelt bin. Und das kam so:<br \/>\nSeit meiner Einhand &#8211; Atlantikquerung in 2018 mit meiner alten treuen, schweren st\u00e4hlernen Fruit de Mer 37, bei der ich auch Horta anlief, aber die Azoren aus Zeitmangel nach wenigen Tagen wieder verlassen mussten, hatte ich das Gef\u00fchl, da noch einmal, aber diesmal mit gen\u00fcgend Zeit hin zu m\u00fcssen. Ich h\u00f6rte von den Jester Challenges und fand deren Prinzien: mit kleinen Booten lange Hochseestrecken, komplett eigenverantwortlich zu segeln, nicht um irgendwelche Preise zu erringen, sondern aus reinem Selbstzweck, faszinierend. Ebenso faszinierend die Typen, die sich um diese Challenges herum zusammen fanden. Meist etwas spleenige \u00e4ltere Herren mit abenteuerdurstigen Herzen und sehr viel Erfahrung.<br \/>\n<img loading=\"lazy\" decoding=\"async\" src=\"https:\/\/windpilot.com\/blog\/wp-content\/uploads\/2025\/06\/Lange-Orm1-1024x768.jpeg\" alt=\"\" width=\"640\" height=\"480\" class=\"aligncenter size-large wp-image-33136\" srcset=\"https:\/\/windpilot.com\/blog\/wp-content\/uploads\/2025\/06\/Lange-Orm1-1024x768.jpeg 1024w, https:\/\/windpilot.com\/blog\/wp-content\/uploads\/2025\/06\/Lange-Orm1-300x225.jpeg 300w, https:\/\/windpilot.com\/blog\/wp-content\/uploads\/2025\/06\/Lange-Orm1-768x576.jpeg 768w, https:\/\/windpilot.com\/blog\/wp-content\/uploads\/2025\/06\/Lange-Orm1.jpeg 1280w\" sizes=\"auto, (max-width: 640px) 100vw, 640px\" \/>Ein geeignetes Boot hatte ich, eine Allegro 27, ein kleiner seet\u00fcchtiger Langkieler, der mir auf verschiedenen Ankerpl\u00e4tzen meiner Nordatlantikrunde begegnet war und einer von ihnen hatte auch schon den Globus komplett umsegelt.<br \/>\nAls Vorbereitung f\u00fcr die Azoren Challenge 2024 hatte ich mich zur kleineren Jester Baltimore Challenge 2023 angemeldet: einmal von Plymouth aus nach Westen, Wolf Rock, Bishop Rock an Steuerbord lassen, \u00fcber die Irische See nach Nordwesten, Fastnet Rock an Steuerbord lassen und rechts um die Ecke in den gro\u00dfen Naturhafen von Baltimore. 260 Seemeilen nonstop, einhand in kleinen Booten bis maximal 30 Fu\u00df. Das sollte mir zeigen, ob mein Boot und ich der gr\u00f6\u00dferen Herausforderung &#8218;Azoren Challenge&#8216; gewachsen sind. Nat\u00fcrlich war eine Windfahnen-Selbststeueranlage ein muss. Auf meiner Atlantik-Runde hatte eine Aries von den gut 18.000 sicher 95% gesteuert, lautlos, ausdauernd, nie versagend. Wohingegen Pinnenpiloten meist keine 1000 Seemeilen durchhalten. Aber eine Aries oder Monitor w\u00e4re nicht nur viel zu schwer f\u00fcr das schmale Heck meines Spitzgatters, sondern auch viel zu teuer. Nach langer Suche und vergleichen wurde klar, das die Pacific light der beste Kompromiss zwischen Gewicht, Kosten, Leistungsf\u00e4higkeit, Durabilit\u00e4t sein w\u00fcrde, zudem hat sie ein elegantes, stringentes Design, das nicht das Heck meiner Allegro verschandeln w\u00fcrde, wie das manch andere Anlagen getan h\u00e4tten, die doch recht verbastelt wirkten. Die Reise mit der &#8218;L\u00e5nge Orm&#8216; von Oldersum nach Plymouth \u00fcber 550 Seemeilen in knapp 2 Wochen war bereits ein Abenteuer f\u00fcr sich. In Dover begegnete ich bereits den beiden Jesters, Ron mit seiner Westerly 26 Griffon mit selbst gebauter Hebridean Windfahnenanlage und George mit seiner kleinen Hurley 22 mit selbst gebauten Harddodger und einer kleinen Southatlantic Windfahne am Heck. Meine Windpilot Pacific light habe ich tats\u00e4chlich erst ab Dover in Betrieb genommen, und sie steuerte vom ersten Moment an genau so, wie ich es erwartet hatte. Unerm\u00fcdlich, pr\u00e4zise, unaufdringlich, effektiv in den zumeist kr\u00e4ftigen, \u00fcberwiegend achterlichen Winden. Danach habe ich nur noch f\u00fcr Hafenman\u00f6ver und bei extrem schwachen Winden mit Bootsgeschwindigkeit unter 1,5 Knoten die Pinne selbst gesteuert. Die Jesters Baltimore Challenge startete am 18.6. bei schwachem Nordost. Wir waren 43 Starter insgesamt, 32 starteten von Plymouth, 11 von Pwllheli in Wales. Trug uns die Briese noch an Lizzard Point mit ein oder 2 Holeschl\u00e4gen vorbei und reichte auch noch gerade so eben vorbei an den Scilly Islands und seinen Verkerstrennungsgebietes, so verlie\u00df uns der Wind dann in der 2. Nacht vollst\u00e4ndig. Viele von uns schliefen in dieser 2. Nacht unbeabsichtigt lang und tief,vsidass sich Boote auf Drift begaben und sich in alle Richtungen zerstreuten. Das ging auch mit so, und ich erwachte nach 20 Stunden traumlosem Schlaf treibend mit backstehenden Segeln. Wenn Segel aber backstehen, dann ist ja offensichtlich doch wenigstens etwas Wind vorhanden, zumindest manchmal. Also sortierte ich meine Segel und nahm wieder Kurs auf Baltimore und schlich so mit 0,5 -1,5 Knoten dahin, aber immerhin in der richtigen Richtung. Der unstete, extrem schwache und immer wieder ganz wegbleibende Wind war allerdings nichts f\u00fcr die Pacific light. Da musste der Pinnenpilot ran und hielt mich bis zum Morgengrauen auf Kurs. Nun setzte auch ein leichter S\u00fcdwest ein, und langsam nahm &#8218;L\u00e5nge Orm&#8216; wieder stetige Fahrt auf, nun konnte auch die Pacific light, zwischenzeitlich auf den Namen &#8218;Peter&#8216; getauft wieder seine Arbeit aufnehmen und steuerte die gesamte verbliebene Strecke um Fastnet Rock herum und dann vor dem Wind &#8218;wing to wing&#8216; bis vor die Durchfahrt zwischen Sherkin Island und Barrack Hill in den Naturhafen von Baltimore. Knapp 76 Stunden hatte ich ben\u00f6tigt und war damit als 4. der in Plymouth gestarteten, als 5. der Gesamtflotte angekommen. Nicht schlecht f\u00fcr einen 46 Jahre alten Langkieler. 13 der gestarteten gaben wegen des sehr schwachen Windes irgendwo auf der Strecke zwischen Lizzard und den Scilly Islands auf.<br \/>\n<img loading=\"lazy\" decoding=\"async\" src=\"https:\/\/windpilot.com\/blog\/wp-content\/uploads\/2025\/06\/FB-Minke-d-1024x682.jpeg\" alt=\"\" width=\"640\" height=\"426\" class=\"aligncenter size-large wp-image-33137\" srcset=\"https:\/\/windpilot.com\/blog\/wp-content\/uploads\/2025\/06\/FB-Minke-d-1024x682.jpeg 1024w, https:\/\/windpilot.com\/blog\/wp-content\/uploads\/2025\/06\/FB-Minke-d-300x200.jpeg 300w, https:\/\/windpilot.com\/blog\/wp-content\/uploads\/2025\/06\/FB-Minke-d-768x512.jpeg 768w, https:\/\/windpilot.com\/blog\/wp-content\/uploads\/2025\/06\/FB-Minke-d.jpeg 1280w\" sizes=\"auto, (max-width: 640px) 100vw, 640px\" \/>Einer von uns, einer der erfahrensten zudem, Duncan Lougee mit seinem Varne Folkeboot &#8218;Minke&#8216;, beide erfolgreiche Jester Azores Challenge Teilnehmer2021, Duncan f\u00fcr seine hervorragende Seemannschaft hoch dekoriert, &#8218;<strong>was lost at  see<\/strong>&#8218;. Der erste menschliche Verlust in der Geschichte der Jester Challenges. Sein Boot wurde gefunden, er bleibt verschwunden. Das zeigt uns, das jede Segelreise, auch eine so kurze und scheinbar harmlose, wie die nach Baltimore bei sehr schwachen Winden, stets Gefahren birgt und ernst genommen werden muss.<br \/>\n<img loading=\"lazy\" decoding=\"async\" src=\"https:\/\/windpilot.com\/blog\/wp-content\/uploads\/2025\/06\/Compress_20230513_234623_3396-1024x768.jpeg\" alt=\"\" width=\"640\" height=\"480\" class=\"aligncenter size-large wp-image-33138\" srcset=\"https:\/\/windpilot.com\/blog\/wp-content\/uploads\/2025\/06\/Compress_20230513_234623_3396-1024x768.jpeg 1024w, https:\/\/windpilot.com\/blog\/wp-content\/uploads\/2025\/06\/Compress_20230513_234623_3396-300x225.jpeg 300w, https:\/\/windpilot.com\/blog\/wp-content\/uploads\/2025\/06\/Compress_20230513_234623_3396-768x576.jpeg 768w, https:\/\/windpilot.com\/blog\/wp-content\/uploads\/2025\/06\/Compress_20230513_234623_3396.jpeg 1280w\" sizes=\"auto, (max-width: 640px) 100vw, 640px\" \/>F\u00fcr mich aber begann ein paar Tage sp\u00e4ter die R\u00fcckreise, mit Abstechern nach Cork, Dublin, Isle of Man, Pwllheli, Milford Haven, Newlyn, Helford River, Portland Harbour, Pool Harbour, Solent \u00fcber Ijmuidennach Hause. Was f\u00fcr ein Abenteuer. 2200 Seemeilen.  Und zugleich doch nur die Vorbereitung f\u00fcr die Jester Azores Challenge 2024. Den gr\u00f6\u00dften Teil der Strecke gesteuert von Peter, der nimmerm\u00fcden Pacific light. Auff\u00e4llig: jeder einzelne der 43 Teilnehmer hatte eine Windfahnen-Selbststeueranlage. Ohne Ausnahme. Ganz im Gegensatz zum heutigen Trend, sich alleine auf einen elektrischen Autopiloten zu verlassen. Die sehr erfahrenen Teilnehmer wissen sicher, warum. Ich hatte in den vorausgegangenen Jahren trotz eher sparsamer Benutzung jedenfalls insgesamt 5 Pinnenpiloten verschlissen.<br \/>\n<img loading=\"lazy\" decoding=\"async\" src=\"https:\/\/windpilot.com\/blog\/wp-content\/uploads\/2025\/06\/Compress_20230712_172312_2189-1024x768.jpeg\" alt=\"\" width=\"640\" height=\"480\" class=\"aligncenter size-large wp-image-33139\" srcset=\"https:\/\/windpilot.com\/blog\/wp-content\/uploads\/2025\/06\/Compress_20230712_172312_2189-1024x768.jpeg 1024w, https:\/\/windpilot.com\/blog\/wp-content\/uploads\/2025\/06\/Compress_20230712_172312_2189-300x225.jpeg 300w, https:\/\/windpilot.com\/blog\/wp-content\/uploads\/2025\/06\/Compress_20230712_172312_2189-768x576.jpeg 768w, https:\/\/windpilot.com\/blog\/wp-content\/uploads\/2025\/06\/Compress_20230712_172312_2189.jpeg 1280w\" sizes=\"auto, (max-width: 640px) 100vw, 640px\" \/>Die Azoren Challenge 2024 ist eine andere Geschichte. Zu lang, sie hier auch zu erz\u00e4hlen, nur soviel: 15 Teilnehmer, alle erfolgreich angekommen, wenn auch (zumindest bei mir) nicht ohne R\u00fcckschl\u00e4ge, trotzdem oder gerade deswegen ein tolles, bleibendes Erlebnis. Und diese 15 halten heute wie Pech und Schwefel zusammen. Wir werden uns im Februar 2026 in England treffen, Erfahrungen austauschen. Einige von uns stecken schon in den Vorbereitungen zur Jester Challenge 2026 nach Newport\/Rhode Island, \u00fcber den kalten Nordatlantik, gegen die vorherrschenden Winde und Meerestr\u00f6mungen, mit kleinen, bescheidenen Booten. F\u00fcr mich eine Nummer zu gro\u00df, zu fordernd. Vielleicht bin ich auch daf\u00fcr zu alt oder zu bequem geworden.<br \/>\nHerzlichst<br \/>\nEberhard Harms, a.B. SY L\u00e5nge Orm<\/p>\n","protected":false},"excerpt":{"rendered":"<p>JESTER AZORES CHALLENGE 2024 Hallo Peter, nachdem ich im Winter 2022\/23 bei Dir eine Windpilot pacific light f\u00fcr meine Allegro 27 &#8218;Lange Orm&#8218; erworben habe und sie auch gleich entsprechend Deiner Empfehlung angebaut habe, m\u00f6chte mal eine kurze Bilanz nach &hellip; <a href=\"https:\/\/windpilot.com\/blog\/portraits\/eberhard-harms\/\">Weiterlesen <span class=\"meta-nav\">&rarr;<\/span><\/a><\/p>\n","protected":false},"author":1,"featured_media":0,"parent":28252,"menu_order":-26,"comment_status":"open","ping_status":"open","template":"","meta":{"footnotes":""},"class_list":["post-33134","page","type-page","status-publish","hentry"],"_links":{"self":[{"href":"https:\/\/windpilot.com\/blog\/wp-json\/wp\/v2\/pages\/33134","targetHints":{"allow":["GET"]}}],"collection":[{"href":"https:\/\/windpilot.com\/blog\/wp-json\/wp\/v2\/pages"}],"about":[{"href":"https:\/\/windpilot.com\/blog\/wp-json\/wp\/v2\/types\/page"}],"author":[{"embeddable":true,"href":"https:\/\/windpilot.com\/blog\/wp-json\/wp\/v2\/users\/1"}],"replies":[{"embeddable":true,"href":"https:\/\/windpilot.com\/blog\/wp-json\/wp\/v2\/comments?post=33134"}],"version-history":[{"count":1,"href":"https:\/\/windpilot.com\/blog\/wp-json\/wp\/v2\/pages\/33134\/revisions"}],"predecessor-version":[{"id":33140,"href":"https:\/\/windpilot.com\/blog\/wp-json\/wp\/v2\/pages\/33134\/revisions\/33140"}],"up":[{"embeddable":true,"href":"https:\/\/windpilot.com\/blog\/wp-json\/wp\/v2\/pages\/28252"}],"wp:attachment":[{"href":"https:\/\/windpilot.com\/blog\/wp-json\/wp\/v2\/media?parent=33134"}],"curies":[{"name":"wp","href":"https:\/\/api.w.org\/{rel}","templated":true}]}}