{"id":33265,"date":"2025-07-02T05:19:39","date_gmt":"2025-07-02T12:19:39","guid":{"rendered":"https:\/\/windpilot.com\/blog\/?page_id=33265"},"modified":"2025-07-27T03:18:34","modified_gmt":"2025-07-27T10:18:34","slug":"service-yes-or-no","status":"publish","type":"page","link":"https:\/\/windpilot.com\/blog\/press-tv\/service-tipps\/service-yes-or-no\/","title":{"rendered":"Service yes or no"},"content":{"rendered":"<p><strong>PACIFIC ON OVNI 365 &#8211; SERVICE NEEDED AFTER SEVEN YEARS?<\/strong><br \/>\n<img loading=\"lazy\" decoding=\"async\" src=\"https:\/\/windpilot.com\/blog\/wp-content\/uploads\/2025\/07\/strandkitsch-Jonase-1-1024x768.jpeg\" alt=\"\" width=\"640\" height=\"480\" class=\"aligncenter size-large wp-image-33324\" srcset=\"https:\/\/windpilot.com\/blog\/wp-content\/uploads\/2025\/07\/strandkitsch-Jonase-1-1024x768.jpeg 1024w, https:\/\/windpilot.com\/blog\/wp-content\/uploads\/2025\/07\/strandkitsch-Jonase-1-300x225.jpeg 300w, https:\/\/windpilot.com\/blog\/wp-content\/uploads\/2025\/07\/strandkitsch-Jonase-1-768x576.jpeg 768w, https:\/\/windpilot.com\/blog\/wp-content\/uploads\/2025\/07\/strandkitsch-Jonase-1.jpeg 1280w\" sizes=\"auto, (max-width: 640px) 100vw, 640px\" \/><img loading=\"lazy\" decoding=\"async\" src=\"https:\/\/windpilot.com\/blog\/wp-content\/uploads\/2025\/07\/gx011964-300x169.jpeg\" alt=\"\" width=\"300\" height=\"169\" class=\"alignleft size-medium wp-image-33267\" srcset=\"https:\/\/windpilot.com\/blog\/wp-content\/uploads\/2025\/07\/gx011964-300x169.jpeg 300w, https:\/\/windpilot.com\/blog\/wp-content\/uploads\/2025\/07\/gx011964-1024x577.jpeg 1024w, https:\/\/windpilot.com\/blog\/wp-content\/uploads\/2025\/07\/gx011964-768x433.jpeg 768w, https:\/\/windpilot.com\/blog\/wp-content\/uploads\/2025\/07\/gx011964.jpeg 1280w\" sizes=\"auto, (max-width: 300px) 100vw, 300px\" \/>Hallo Herr Peter, Wir sind seit fast 7 Jahren mit dem Windpilot unterwegs und sehr zufrieden.<\/p>\n<p>Bevor wir in den Pacific segeln, w\u00fcrde ich gerne die Lagerkomponenten 332, 333 und 341 erneuern. Die Anlage beginnt,<br \/>\n<img loading=\"lazy\" decoding=\"async\" src=\"https:\/\/windpilot.com\/blog\/wp-content\/uploads\/2025\/07\/img_1281-300x225.jpeg\" alt=\"\" width=\"300\" height=\"225\" class=\"alignleft size-medium wp-image-33269\" srcset=\"https:\/\/windpilot.com\/blog\/wp-content\/uploads\/2025\/07\/img_1281-300x225.jpeg 300w, https:\/\/windpilot.com\/blog\/wp-content\/uploads\/2025\/07\/img_1281-1024x768.jpeg 1024w, https:\/\/windpilot.com\/blog\/wp-content\/uploads\/2025\/07\/img_1281-768x576.jpeg 768w, https:\/\/windpilot.com\/blog\/wp-content\/uploads\/2025\/07\/img_1281.jpeg 1280w\" sizes=\"auto, (max-width: 300px) 100vw, 300px\" \/>besonders bei h\u00f6herer Geschwindigkeit, an zu vibrieren.<\/p>\n<p>Lass mich bitte wissen, wenn Du noch weitere Austauschkomponenten vorschlagen w\u00fcrdest, um dieses Verhalten abzustellen.<\/p>\n<p>Vielen Dank und Gr\u00fc\u00dfe aus den SanBlas.<\/p>\n<p>Norbert + Sabine\u00a0  <a href=\"https:\/\/sy-altimate.com\/location\/\">SV Altimate<\/a><br \/>\n<img loading=\"lazy\" decoding=\"async\" src=\"https:\/\/windpilot.com\/blog\/wp-content\/uploads\/2025\/07\/img_9497-1024x768.jpeg\" alt=\"\" width=\"640\" height=\"480\" class=\"aligncenter size-large wp-image-33280\" srcset=\"https:\/\/windpilot.com\/blog\/wp-content\/uploads\/2025\/07\/img_9497-1024x768.jpeg 1024w, https:\/\/windpilot.com\/blog\/wp-content\/uploads\/2025\/07\/img_9497-300x225.jpeg 300w, https:\/\/windpilot.com\/blog\/wp-content\/uploads\/2025\/07\/img_9497-768x576.jpeg 768w, https:\/\/windpilot.com\/blog\/wp-content\/uploads\/2025\/07\/img_9497.jpeg 1280w\" sizes=\"auto, (max-width: 640px) 100vw, 640px\" \/><img loading=\"lazy\" decoding=\"async\" src=\"https:\/\/windpilot.com\/blog\/wp-content\/uploads\/2025\/07\/img_4092-300x225.jpeg\" alt=\"\" width=\"300\" height=\"225\" class=\"alignleft size-medium wp-image-33273\" srcset=\"https:\/\/windpilot.com\/blog\/wp-content\/uploads\/2025\/07\/img_4092-300x225.jpeg 300w, https:\/\/windpilot.com\/blog\/wp-content\/uploads\/2025\/07\/img_4092-1024x768.jpeg 1024w, https:\/\/windpilot.com\/blog\/wp-content\/uploads\/2025\/07\/img_4092-768x576.jpeg 768w, https:\/\/windpilot.com\/blog\/wp-content\/uploads\/2025\/07\/img_4092.jpeg 1280w\" sizes=\"auto, (max-width: 300px) 100vw, 300px\" \/>Moin Norbert,<br \/>\ndazu m\u00fcsste das komplette System einmal auseinander gebaut werden &#8230; kein schicker job im wundersch\u00f6nen San Blas &#8230; ich w\u00fcrde statt dessen ordentlich silikon spray verwenden&#8230;.<br \/>\nDie Vibrationen sind sehr einfach zu eliminieren: das Ruderblatt am unteren Ende ca 1 cm nach achtern verdrehen &#8230; und<br \/>\n<img loading=\"lazy\" decoding=\"async\" src=\"https:\/\/windpilot.com\/blog\/wp-content\/uploads\/2025\/07\/img_4146-300x225.jpeg\" alt=\"\" width=\"300\" height=\"225\" class=\"alignleft size-medium wp-image-33275\" srcset=\"https:\/\/windpilot.com\/blog\/wp-content\/uploads\/2025\/07\/img_4146-300x225.jpeg 300w, https:\/\/windpilot.com\/blog\/wp-content\/uploads\/2025\/07\/img_4146-1024x768.jpeg 1024w, https:\/\/windpilot.com\/blog\/wp-content\/uploads\/2025\/07\/img_4146-768x576.jpeg 768w, https:\/\/windpilot.com\/blog\/wp-content\/uploads\/2025\/07\/img_4146.jpeg 1280w\" sizes=\"auto, (max-width: 300px) 100vw, 300px\" \/>schon herrscht Ruhe im Schiff.<\/p>\n<p>Es gibt unendlich viele Schiffe, die mehr als eine Wewltumsegelung im Kielwasser haben &#8230; ohne jegliche Ersatzteilaktionen.<\/p>\n<p>Also, nicht dass ich mich nun gegen ein Gesch\u00e4ft str\u00e4uben w\u00fcrde &#8230; aber &#8230;. mein Rat oben bleibt bestehen.<br \/>\nAllerbest in die W\u00e4rme &#8230;<br \/>\nPeter<\/p>\n","protected":false},"excerpt":{"rendered":"<p>PACIFIC ON OVNI 365 &#8211; SERVICE NEEDED AFTER SEVEN YEARS? Hallo Herr Peter, Wir sind seit fast 7 Jahren mit dem Windpilot unterwegs und sehr zufrieden. Bevor wir in den Pacific segeln, w\u00fcrde ich gerne die Lagerkomponenten 332, 333 und &hellip; <a href=\"https:\/\/windpilot.com\/blog\/press-tv\/service-tipps\/service-yes-or-no\/\">Weiterlesen <span class=\"meta-nav\">&rarr;<\/span><\/a><\/p>\n","protected":false},"author":1,"featured_media":0,"parent":17838,"menu_order":-16,"comment_status":"open","ping_status":"closed","template":"","meta":{"footnotes":""},"class_list":["post-33265","page","type-page","status-publish","hentry"],"_links":{"self":[{"href":"https:\/\/windpilot.com\/blog\/wp-json\/wp\/v2\/pages\/33265","targetHints":{"allow":["GET"]}}],"collection":[{"href":"https:\/\/windpilot.com\/blog\/wp-json\/wp\/v2\/pages"}],"about":[{"href":"https:\/\/windpilot.com\/blog\/wp-json\/wp\/v2\/types\/page"}],"author":[{"embeddable":true,"href":"https:\/\/windpilot.com\/blog\/wp-json\/wp\/v2\/users\/1"}],"replies":[{"embeddable":true,"href":"https:\/\/windpilot.com\/blog\/wp-json\/wp\/v2\/comments?post=33265"}],"version-history":[{"count":11,"href":"https:\/\/windpilot.com\/blog\/wp-json\/wp\/v2\/pages\/33265\/revisions"}],"predecessor-version":[{"id":33325,"href":"https:\/\/windpilot.com\/blog\/wp-json\/wp\/v2\/pages\/33265\/revisions\/33325"}],"up":[{"embeddable":true,"href":"https:\/\/windpilot.com\/blog\/wp-json\/wp\/v2\/pages\/17838"}],"wp:attachment":[{"href":"https:\/\/windpilot.com\/blog\/wp-json\/wp\/v2\/media?parent=33265"}],"curies":[{"name":"wp","href":"https:\/\/api.w.org\/{rel}","templated":true}]}}