{"id":33293,"date":"2025-07-20T06:43:27","date_gmt":"2025-07-20T13:43:27","guid":{"rendered":"https:\/\/windpilot.com\/blog\/?page_id=33293"},"modified":"2025-07-31T17:15:00","modified_gmt":"2025-08-01T00:15:00","slug":"leichtgewichte","status":"publish","type":"page","link":"https:\/\/windpilot.com\/blog\/press-tv\/leichtgewichte\/","title":{"rendered":"Leichtgewichte"},"content":{"rendered":"<p><strong>SCHICKSALSFRAGE<\/strong><br \/>\n<img loading=\"lazy\" decoding=\"async\" src=\"https:\/\/windpilot.com\/blog\/wp-content\/uploads\/2025\/07\/Franzoese-uebersee-1024x734.jpg\" alt=\"\" width=\"640\" height=\"459\" class=\"aligncenter size-large wp-image-33295\" srcset=\"https:\/\/windpilot.com\/blog\/wp-content\/uploads\/2025\/07\/Franzoese-uebersee-1024x734.jpg 1024w, https:\/\/windpilot.com\/blog\/wp-content\/uploads\/2025\/07\/Franzoese-uebersee-300x215.jpg 300w, https:\/\/windpilot.com\/blog\/wp-content\/uploads\/2025\/07\/Franzoese-uebersee-768x550.jpg 768w, https:\/\/windpilot.com\/blog\/wp-content\/uploads\/2025\/07\/Franzoese-uebersee.jpg 1058w\" sizes=\"auto, (max-width: 640px) 100vw, 640px\" \/>Die immerw\u00e4hrende alte neue Frage: <strong>welches Schiff ist einfacher zu steuern:  ein Schwergewicht oder ein schnelles und leichtes Schiff ?<\/strong> <\/p>\n<p>Es kommt drauf an \u2026 diese Bemerkung hilft immer, wenn man eine konkrete Antwort nicht kennt, also sogar schwimmt, sich selbst aber nicht blamieren will, derweil man seine Ehre in Sicherheit bringt. Darum hier ein Statement, das Klarheit in eine Diskussion bringt, in der viel Halbwissen unterwegs ist, derweil die Fakten sich eigentlich klar und deutlich in der Sonne zeigen:<\/p>\n<p><strong>Wir differenzieren 3 Kategorien:<\/strong><\/p>\n<p><strong><a href=\"https:\/\/windpilot.com\/blog\/press-tv\/schwergewichte\/\">Schwergewichtige Schiffe<\/a><\/strong>, egal welcher Gr\u00f6sse, segeln stets durchs Wasser, das sie nie verlassen k\u00f6nnen oder werden<\/p>\n<p><strong>Leichtgewichtige Schiffe,<\/strong> egal welcher Gr\u00f6sse, besitzen aufgrund ihres geringen Gewichts bei zeitgleich respektabler Segelfl\u00e4che durchaus die M\u00f6glichkeit, das Wasser ein wenig zu verlassen, sodann ins Gleiten zu geraten. Dieser Zustand bedeutet eine Herausforderungen f\u00fcr mechanische Windsteuersysteme, weil sie <strong>nicht in der Lage sind, unterschiedliche Segelumst\u00e4nde bei gleichem Windeinfallswinkel zu differenzieren:<\/p>\n<p>langsames Segeln bei Verdr\u00e4ngerfahrt<br \/>\nschnelles Segeln in Gleitfahrt <\/strong><\/p>\n<p>Das hier alles entscheidende Kriterium heisst: wie sensibel ist das hier infrage stehende Windsteuersystem? Eine <a href=\"https:\/\/windpilot.com\/blog\/columns\/peter-der-markt\/aries\/aries-vane-gear-the-bad-weather-problem-eine-luege\/\">Aries<\/a> vergangener Tage mit vergleichsweise geringer Steuersensibilit\u00e4t aufgrund hohen Gewichts in den Bauteilen der Signal\u00fcbertragung, ist mit der Sensibilit\u00e4t einer modernen Windpilot Pacific nicht zu vergleichen, die explizit auf raumen Kursen \u00fcberragende Steuereigenschaften erbringt.<br \/>\n<img loading=\"lazy\" decoding=\"async\" src=\"https:\/\/windpilot.com\/blog\/wp-content\/uploads\/2025\/07\/IMG_5494-Kopie-1024x682.jpeg\" alt=\"\" width=\"640\" height=\"426\" class=\"aligncenter size-large wp-image-33297\" srcset=\"https:\/\/windpilot.com\/blog\/wp-content\/uploads\/2025\/07\/IMG_5494-Kopie-1024x682.jpeg 1024w, https:\/\/windpilot.com\/blog\/wp-content\/uploads\/2025\/07\/IMG_5494-Kopie-300x200.jpeg 300w, https:\/\/windpilot.com\/blog\/wp-content\/uploads\/2025\/07\/IMG_5494-Kopie-768x512.jpeg 768w, https:\/\/windpilot.com\/blog\/wp-content\/uploads\/2025\/07\/IMG_5494-Kopie.jpeg 1280w\" sizes=\"auto, (max-width: 640px) 100vw, 640px\" \/><\/p>\n<blockquote class=\"wp-embedded-content\" data-secret=\"Kzr349Kmog\"><p><a href=\"https:\/\/windpilot.com\/blog\/golden-globe-race\/die-segler\/tapio-lehtinen-2\/mid-atlantic-rendezvous\/\">Mid Atlantic Meet<\/a><\/p><\/blockquote>\n<p><iframe loading=\"lazy\" class=\"wp-embedded-content\" sandbox=\"allow-scripts\" security=\"restricted\" style=\"position: absolute; visibility: hidden;\" title=\"&#8222;Mid Atlantic Meet&#8220; &#8212; Windpilot Blog\" src=\"https:\/\/windpilot.com\/blog\/golden-globe-race\/die-segler\/tapio-lehtinen-2\/mid-atlantic-rendezvous\/embed\/#?secret=lvJcRweFFP#?secret=Kzr349Kmog\" data-secret=\"Kzr349Kmog\" width=\"600\" height=\"338\" frameborder=\"0\" marginwidth=\"0\" marginheight=\"0\" scrolling=\"no\"><\/iframe><\/p>\n<p><em>Tapio Lehtinen SV Asteria<\/em> hat im Golden Globe Race 2018 volle 59 Tage unter Spinnacker bei geringsten Geschwindigkeiten und bei Flaute, seine N\u00e4chte unter Deck in der Koje verbracht, derweil seine Windpilot Pacific nonstop gesteuert hat. Die gro\u00dfe Mehrheit aller Segler rund um den Globus ist auf den Barfu\u00dfrouten unterwegs, d.h. segelt mit Wind von achtern und richtet seine Pl\u00e4ne entsprechend aus. Eine gutes Windsteuersystem sollte die Downwinds Kurse auch im Schlaf beherrschen, derweil die Crew eben dies dann kann. <\/p>\n<p>Gef\u00e4hrlich wird\u2019s, wenn die Schiffe das Wasser verlassen und als halbe Flugzeuge mit Fl\u00fcgeln nach unten, dann die Wasseroberfl\u00e4che durchschneiden.\u00a0<br \/>\nIn diesem Bereich der \u201efliegenden Schiffe\u201c der heute in s\u00e4mtlichen Regatten um die Welt eingesetzten ULDB, z.B: der Vend\u00e9e Globe, die durch konstruktive Raffinessen sich aus dem Wasser schwingen und auf schmalen Kufen gewaltige Geschwindigkeiten erreichen, wird der Einsatz von WSA unm\u00f6glich, weil der scheinbare Windeinfallswinkel beim Segeln in rasant wechselnden Geschwindigkeiten kein zuverl\u00e4ssiges Steuersignal mehr geben kann.<\/p>\n<blockquote class=\"wp-embedded-content\" data-secret=\"KYXJuU9PZh\"><p><a href=\"https:\/\/windpilot.com\/blog\/columns\/peter-der-markt\/sponsoring\/roulette-francaise\/\">Roulette Francaise<\/a><\/p><\/blockquote>\n<p><iframe loading=\"lazy\" class=\"wp-embedded-content\" sandbox=\"allow-scripts\" security=\"restricted\" style=\"position: absolute; visibility: hidden;\" title=\"&#8222;Roulette Francaise&#8220; &#8212; Windpilot Blog\" src=\"https:\/\/windpilot.com\/blog\/columns\/peter-der-markt\/sponsoring\/roulette-francaise\/embed\/#?secret=yyRupOXY9M#?secret=KYXJuU9PZh\" data-secret=\"KYXJuU9PZh\" width=\"600\" height=\"338\" frameborder=\"0\" marginwidth=\"0\" marginheight=\"0\" scrolling=\"no\"><\/iframe><\/p>\n<p>Windsteuersystem werden aus obigen Gr\u00fcnden nahezu ausschlie\u00dflich von Seglern eingesetzt, die weite Reisen machen, sich dar\u00fcber im Klaren sind, dass eine der wichtigsten Voraussetzungen f\u00fcr gutes Funktionieren ihres Steuersklaven stets und immer ein ausgewogener Trimm von Rigg und Segel sind. Diese Regeln werden von Schiffen im Regattabetrieb all zu gern vernachl\u00e4ssigt, weil Ehrgeiz oder die Forderungen \/ W\u00fcnsche eines Sponsors zu erf\u00fcllen sind, in dessen Folge dann ein Zuviel an Segelfl\u00e4che \u201eoben\u201c ist, um einen ersehnten Platz auf dem Podium zu erreichen, zeitgleich die eigene Seele und die der Sponsoren zu streicheln. Ein Zustand, der fast regelm\u00e4ssig enormen Druck auf Pinne oder Rad zur Folge hat, das mehr angestellt sodann <strong>Segeln mit angezogener Handbremse zur Folge hat<\/strong>.<br \/>\n<img loading=\"lazy\" decoding=\"async\" src=\"https:\/\/windpilot.com\/blog\/wp-content\/uploads\/2025\/07\/IMG_2116-1024x768.jpeg\" alt=\"\" width=\"640\" height=\"480\" class=\"aligncenter size-large wp-image-33299\" srcset=\"https:\/\/windpilot.com\/blog\/wp-content\/uploads\/2025\/07\/IMG_2116-1024x768.jpeg 1024w, https:\/\/windpilot.com\/blog\/wp-content\/uploads\/2025\/07\/IMG_2116-300x225.jpeg 300w, https:\/\/windpilot.com\/blog\/wp-content\/uploads\/2025\/07\/IMG_2116-768x576.jpeg 768w, https:\/\/windpilot.com\/blog\/wp-content\/uploads\/2025\/07\/IMG_2116.jpeg 1280w\" sizes=\"auto, (max-width: 640px) 100vw, 640px\" \/><img loading=\"lazy\" decoding=\"async\" src=\"https:\/\/windpilot.com\/blog\/wp-content\/uploads\/2025\/07\/Ankerschaft-1024x768.jpg\" alt=\"\" width=\"640\" height=\"480\" class=\"aligncenter size-large wp-image-33300\" srcset=\"https:\/\/windpilot.com\/blog\/wp-content\/uploads\/2025\/07\/Ankerschaft-1024x768.jpg 1024w, https:\/\/windpilot.com\/blog\/wp-content\/uploads\/2025\/07\/Ankerschaft-300x225.jpg 300w, https:\/\/windpilot.com\/blog\/wp-content\/uploads\/2025\/07\/Ankerschaft-768x576.jpg 768w, https:\/\/windpilot.com\/blog\/wp-content\/uploads\/2025\/07\/Ankerschaft.jpg 1200w\" sizes=\"auto, (max-width: 640px) 100vw, 640px\" \/><br \/>\n<strong>Abhilash Tomy SV Bayanat<\/strong> hat im Golden Globe Race 2022 \u00fcber tausende Meilen stets erheblich zu viel Segel \u201eoben\u201c gehabt, in dessen Folge ihm sodann 3 Ruderbl\u00e4tter infolge zu gro\u00dfer Lasten am Hauptruder abgebrochen sind, er mithilfe des Schaftes eines Fortress Ankers als Ruderersatz dennoch final das Ziel und Podium erreichte.<\/p>\n<blockquote class=\"wp-embedded-content\" data-secret=\"F8no5TM15s\"><p><a href=\"https:\/\/windpilot.com\/blog\/golden-globe-race\/golden-globe-race-2022\/dons-pyrrussieg\/\">Don\u00b4s Pyrrussieg<\/a><\/p><\/blockquote>\n<p><iframe loading=\"lazy\" class=\"wp-embedded-content\" sandbox=\"allow-scripts\" security=\"restricted\" style=\"position: absolute; visibility: hidden;\" title=\"&#8222;Don\u00b4s Pyrrussieg&#8220; &#8212; Windpilot Blog\" src=\"https:\/\/windpilot.com\/blog\/golden-globe-race\/golden-globe-race-2022\/dons-pyrrussieg\/embed\/#?secret=iKAxblpSdA#?secret=F8no5TM15s\" data-secret=\"F8no5TM15s\" width=\"600\" height=\"338\" frameborder=\"0\" marginwidth=\"0\" marginheight=\"0\" scrolling=\"no\"><\/iframe><\/p>\n<blockquote class=\"wp-embedded-content\" data-secret=\"hMZ0XEZA6y\"><p><a href=\"https:\/\/windpilot.com\/blog\/deutsch-yacht-delius-klasing\/burghard-pieske\/\">Burghard Pieske<\/a><\/p><\/blockquote>\n<p><iframe loading=\"lazy\" class=\"wp-embedded-content\" sandbox=\"allow-scripts\" security=\"restricted\" style=\"position: absolute; visibility: hidden;\" title=\"&#8222;Burghard Pieske&#8220; &#8212; Windpilot Blog\" src=\"https:\/\/windpilot.com\/blog\/deutsch-yacht-delius-klasing\/burghard-pieske\/embed\/#?secret=zjpiGqhPX2#?secret=hMZ0XEZA6y\" data-secret=\"hMZ0XEZA6y\" width=\"600\" height=\"338\" frameborder=\"0\" marginwidth=\"0\" marginheight=\"0\" scrolling=\"no\"><\/iframe><\/p>\n<blockquote class=\"wp-embedded-content\" data-secret=\"ptZ2HlI3dK\"><p><a href=\"https:\/\/windpilot.com\/blog\/blog\/youtube\/sv-papageno-christophe-laniece-fra\/\">SV Papageno &#8211; Christophe Laniece FRA<\/a><\/p><\/blockquote>\n<p><iframe loading=\"lazy\" class=\"wp-embedded-content\" sandbox=\"allow-scripts\" security=\"restricted\" style=\"position: absolute; visibility: hidden;\" title=\"&#8222;SV Papageno &#8211; Christophe Laniece FRA&#8220; &#8212; Windpilot Blog\" src=\"https:\/\/windpilot.com\/blog\/blog\/youtube\/sv-papageno-christophe-laniece-fra\/embed\/#?secret=N3SfthSYC8#?secret=ptZ2HlI3dK\" data-secret=\"ptZ2HlI3dK\" width=\"600\" height=\"338\" frameborder=\"0\" marginwidth=\"0\" marginheight=\"0\" scrolling=\"no\"><\/iframe><\/p>\n<blockquote class=\"wp-embedded-content\" data-secret=\"FYiiziYKl2\"><p><a href=\"https:\/\/windpilot.com\/blog\/blog\/youtube\/sv-betsy-guy-waites-uk\/\">SV Betsy &#8211; Guy Waites UK<\/a><\/p><\/blockquote>\n<p><iframe loading=\"lazy\" class=\"wp-embedded-content\" sandbox=\"allow-scripts\" security=\"restricted\" style=\"position: absolute; visibility: hidden;\" title=\"&#8222;SV Betsy &#8211; Guy Waites UK&#8220; &#8212; Windpilot Blog\" src=\"https:\/\/windpilot.com\/blog\/blog\/youtube\/sv-betsy-guy-waites-uk\/embed\/#?secret=a68xB6oZFT#?secret=FYiiziYKl2\" data-secret=\"FYiiziYKl2\" width=\"600\" height=\"338\" frameborder=\"0\" marginwidth=\"0\" marginheight=\"0\" scrolling=\"no\"><\/iframe><\/p>\n<blockquote class=\"wp-embedded-content\" data-secret=\"pJr6XgnxiF\"><p><a href=\"https:\/\/windpilot.com\/blog\/blog\/blogs\/sv-shalom-christoph-vougessis-ger-9\/\">SV Shalom &#8211; Christoph Vougessis GER<\/a><\/p><\/blockquote>\n<p><iframe loading=\"lazy\" class=\"wp-embedded-content\" sandbox=\"allow-scripts\" security=\"restricted\" style=\"position: absolute; visibility: hidden;\" title=\"&#8222;SV Shalom &#8211; Christoph Vougessis GER&#8220; &#8212; Windpilot Blog\" src=\"https:\/\/windpilot.com\/blog\/blog\/blogs\/sv-shalom-christoph-vougessis-ger-9\/embed\/#?secret=BHGpEhihpF#?secret=pJr6XgnxiF\" data-secret=\"pJr6XgnxiF\" width=\"600\" height=\"338\" frameborder=\"0\" marginwidth=\"0\" marginheight=\"0\" scrolling=\"no\"><\/iframe><\/p>\n<blockquote class=\"wp-embedded-content\" data-secret=\"7HGDsjtLJy\"><p><a href=\"https:\/\/windpilot.com\/blog\/blog\/youtube\/sv-comino-attila-vedo-hu\/\">SV Comino &#8211; Attila Vedo HU<\/a><\/p><\/blockquote>\n<p><iframe loading=\"lazy\" class=\"wp-embedded-content\" sandbox=\"allow-scripts\" security=\"restricted\" style=\"position: absolute; visibility: hidden;\" title=\"&#8222;SV Comino &#8211; Attila Vedo HU&#8220; &#8212; Windpilot Blog\" src=\"https:\/\/windpilot.com\/blog\/blog\/youtube\/sv-comino-attila-vedo-hu\/embed\/#?secret=HOyesb3pZs#?secret=7HGDsjtLJy\" data-secret=\"7HGDsjtLJy\" width=\"600\" height=\"338\" frameborder=\"0\" marginwidth=\"0\" marginheight=\"0\" scrolling=\"no\"><\/iframe><\/p>\n<blockquote class=\"wp-embedded-content\" data-secret=\"k57X577AR4\"><p><a href=\"https:\/\/windpilot.com\/blog\/blog\/youtube\/sv-jaba-basil-panakis-uk\/\">SV Jaba &#8211; Basil Panakis UK<\/a><\/p><\/blockquote>\n<p><iframe loading=\"lazy\" class=\"wp-embedded-content\" sandbox=\"allow-scripts\" security=\"restricted\" style=\"position: absolute; visibility: hidden;\" title=\"&#8222;SV Jaba &#8211; Basil Panakis UK&#8220; &#8212; Windpilot Blog\" src=\"https:\/\/windpilot.com\/blog\/blog\/youtube\/sv-jaba-basil-panakis-uk\/embed\/#?secret=3ZB6eBFnhf#?secret=k57X577AR4\" data-secret=\"k57X577AR4\" width=\"600\" height=\"338\" frameborder=\"0\" marginwidth=\"0\" marginheight=\"0\" scrolling=\"no\"><\/iframe><\/p>\n<blockquote class=\"wp-embedded-content\" data-secret=\"YgYXV392Hr\"><p><a href=\"https:\/\/windpilot.com\/blog\/blog\/word-of-mouth\/sv-nightmare-mark-lagerstrom-se\/\">SV Nightmare &#8211; Mark Lagerstrom SE<\/a><\/p><\/blockquote>\n<p><iframe loading=\"lazy\" class=\"wp-embedded-content\" sandbox=\"allow-scripts\" security=\"restricted\" style=\"position: absolute; visibility: hidden;\" title=\"&#8222;SV Nightmare &#8211; Mark Lagerstrom SE&#8220; &#8212; Windpilot Blog\" src=\"https:\/\/windpilot.com\/blog\/blog\/word-of-mouth\/sv-nightmare-mark-lagerstrom-se\/embed\/#?secret=19IuBfq6NH#?secret=YgYXV392Hr\" data-secret=\"YgYXV392Hr\" width=\"600\" height=\"338\" frameborder=\"0\" marginwidth=\"0\" marginheight=\"0\" scrolling=\"no\"><\/iframe><\/p>\n<blockquote class=\"wp-embedded-content\" data-secret=\"3mylQ2Zlfc\"><p><a href=\"https:\/\/windpilot.com\/blog\/blog\/word-of-mouth\/sv-stormvogel-bob-ruppert-ned\/\">SV Stormvogel &#8211; Bob Ruppert NED<\/a><\/p><\/blockquote>\n<p><iframe loading=\"lazy\" class=\"wp-embedded-content\" sandbox=\"allow-scripts\" security=\"restricted\" style=\"position: absolute; visibility: hidden;\" title=\"&#8222;SV Stormvogel &#8211; Bob Ruppert NED&#8220; &#8212; Windpilot Blog\" src=\"https:\/\/windpilot.com\/blog\/blog\/word-of-mouth\/sv-stormvogel-bob-ruppert-ned\/embed\/#?secret=b3918sG8cr#?secret=3mylQ2Zlfc\" data-secret=\"3mylQ2Zlfc\" width=\"600\" height=\"338\" frameborder=\"0\" marginwidth=\"0\" marginheight=\"0\" scrolling=\"no\"><\/iframe><\/p>\n<blockquote class=\"wp-embedded-content\" data-secret=\"S6vbrjC8qa\"><p><a href=\"https:\/\/windpilot.com\/blog\/blog\/blogs\/sv-carina-erika-neumann-ger-4\/\">SV Carina &#8211; Erika Neumann GER<\/a><\/p><\/blockquote>\n<p><iframe loading=\"lazy\" class=\"wp-embedded-content\" sandbox=\"allow-scripts\" security=\"restricted\" style=\"position: absolute; visibility: hidden;\" title=\"&#8222;SV Carina &#8211; Erika Neumann GER&#8220; &#8212; Windpilot Blog\" src=\"https:\/\/windpilot.com\/blog\/blog\/blogs\/sv-carina-erika-neumann-ger-4\/embed\/#?secret=uZwB4Vce7e#?secret=S6vbrjC8qa\" data-secret=\"S6vbrjC8qa\" width=\"600\" height=\"338\" frameborder=\"0\" marginwidth=\"0\" marginheight=\"0\" scrolling=\"no\"><\/iframe><\/p>\n<blockquote class=\"wp-embedded-content\" data-secret=\"FF80N9X3QM\"><p><a href=\"https:\/\/windpilot.com\/blog\/blog\/blue-water\/sv-prins-henrik-jochen-hell-dk\/\">SV Prins Henrik &#8211; Jochen Hell DK<\/a><\/p><\/blockquote>\n<p><iframe loading=\"lazy\" class=\"wp-embedded-content\" sandbox=\"allow-scripts\" security=\"restricted\" style=\"position: absolute; visibility: hidden;\" title=\"&#8222;SV Prins Henrik &#8211; Jochen Hell DK&#8220; &#8212; Windpilot Blog\" src=\"https:\/\/windpilot.com\/blog\/blog\/blue-water\/sv-prins-henrik-jochen-hell-dk\/embed\/#?secret=wxulJxJ3Jm#?secret=FF80N9X3QM\" data-secret=\"FF80N9X3QM\" width=\"600\" height=\"338\" frameborder=\"0\" marginwidth=\"0\" marginheight=\"0\" scrolling=\"no\"><\/iframe><\/p>\n<blockquote class=\"wp-embedded-content\" data-secret=\"tXGOYNYNAR\"><p><a href=\"https:\/\/windpilot.com\/blog\/schiffe\/gebrauchtyachten\/contessa-yachts\/\">Contessa Yachts<\/a><\/p><\/blockquote>\n<p><iframe loading=\"lazy\" class=\"wp-embedded-content\" sandbox=\"allow-scripts\" security=\"restricted\" style=\"position: absolute; visibility: hidden;\" title=\"&#8222;Contessa Yachts&#8220; &#8212; Windpilot Blog\" src=\"https:\/\/windpilot.com\/blog\/schiffe\/gebrauchtyachten\/contessa-yachts\/embed\/#?secret=2MhYcnhYWR#?secret=tXGOYNYNAR\" data-secret=\"tXGOYNYNAR\" width=\"600\" height=\"338\" frameborder=\"0\" marginwidth=\"0\" marginheight=\"0\" scrolling=\"no\"><\/iframe><\/p>\n<blockquote class=\"wp-embedded-content\" data-secret=\"fDsung8b38\"><p><a href=\"https:\/\/windpilot.com\/blog\/columns\/cartoons-firlefanz\/pocket-cruiser\/\">Pocket Cruiser<\/a><\/p><\/blockquote>\n<p><iframe loading=\"lazy\" class=\"wp-embedded-content\" sandbox=\"allow-scripts\" security=\"restricted\" style=\"position: absolute; visibility: hidden;\" title=\"&#8222;Pocket Cruiser&#8220; &#8212; Windpilot Blog\" src=\"https:\/\/windpilot.com\/blog\/columns\/cartoons-firlefanz\/pocket-cruiser\/embed\/#?secret=G24w20dN4j#?secret=fDsung8b38\" data-secret=\"fDsung8b38\" width=\"600\" height=\"338\" frameborder=\"0\" marginwidth=\"0\" marginheight=\"0\" scrolling=\"no\"><\/iframe><\/p>\n","protected":false},"excerpt":{"rendered":"<p>SCHICKSALSFRAGE Die immerw\u00e4hrende alte neue Frage: welches Schiff ist einfacher zu steuern: ein Schwergewicht oder ein schnelles und leichtes Schiff ? Es kommt drauf an \u2026 diese Bemerkung hilft immer, wenn man eine konkrete Antwort nicht kennt, also sogar schwimmt, &hellip; <a href=\"https:\/\/windpilot.com\/blog\/press-tv\/leichtgewichte\/\">Weiterlesen <span class=\"meta-nav\">&rarr;<\/span><\/a><\/p>\n","protected":false},"author":1,"featured_media":0,"parent":9169,"menu_order":-5,"comment_status":"open","ping_status":"open","template":"","meta":{"footnotes":""},"class_list":["post-33293","page","type-page","status-publish","hentry"],"_links":{"self":[{"href":"https:\/\/windpilot.com\/blog\/wp-json\/wp\/v2\/pages\/33293","targetHints":{"allow":["GET"]}}],"collection":[{"href":"https:\/\/windpilot.com\/blog\/wp-json\/wp\/v2\/pages"}],"about":[{"href":"https:\/\/windpilot.com\/blog\/wp-json\/wp\/v2\/types\/page"}],"author":[{"embeddable":true,"href":"https:\/\/windpilot.com\/blog\/wp-json\/wp\/v2\/users\/1"}],"replies":[{"embeddable":true,"href":"https:\/\/windpilot.com\/blog\/wp-json\/wp\/v2\/comments?post=33293"}],"version-history":[{"count":7,"href":"https:\/\/windpilot.com\/blog\/wp-json\/wp\/v2\/pages\/33293\/revisions"}],"predecessor-version":[{"id":33359,"href":"https:\/\/windpilot.com\/blog\/wp-json\/wp\/v2\/pages\/33293\/revisions\/33359"}],"up":[{"embeddable":true,"href":"https:\/\/windpilot.com\/blog\/wp-json\/wp\/v2\/pages\/9169"}],"wp:attachment":[{"href":"https:\/\/windpilot.com\/blog\/wp-json\/wp\/v2\/media?parent=33293"}],"curies":[{"name":"wp","href":"https:\/\/api.w.org\/{rel}","templated":true}]}}