{"id":33327,"date":"2025-07-31T03:56:28","date_gmt":"2025-07-31T10:56:28","guid":{"rendered":"https:\/\/windpilot.com\/blog\/?page_id=33327"},"modified":"2025-07-31T03:58:49","modified_gmt":"2025-07-31T10:58:49","slug":"suedseetraeume","status":"publish","type":"page","link":"https:\/\/windpilot.com\/blog\/windpilot-cartoons\/suedseetraeume\/","title":{"rendered":"S\u00fcdseetr\u00e4ume"},"content":{"rendered":"<p><strong>DA WOLLEN WIR ALLE HIN &#8211; WIRKLICH WIRKLICH<\/strong><br \/>\n<img loading=\"lazy\" decoding=\"async\" src=\"https:\/\/windpilot.com\/blog\/wp-content\/uploads\/2025\/07\/Hula-Kiff-klein-1024x790.jpg\" alt=\"\" width=\"640\" height=\"494\" class=\"aligncenter size-large wp-image-33329\" srcset=\"https:\/\/windpilot.com\/blog\/wp-content\/uploads\/2025\/07\/Hula-Kiff-klein-1024x790.jpg 1024w, https:\/\/windpilot.com\/blog\/wp-content\/uploads\/2025\/07\/Hula-Kiff-klein-300x232.jpg 300w, https:\/\/windpilot.com\/blog\/wp-content\/uploads\/2025\/07\/Hula-Kiff-klein-768x593.jpg 768w, https:\/\/windpilot.com\/blog\/wp-content\/uploads\/2025\/07\/Hula-Kiff-klein.jpg 1200w\" sizes=\"auto, (max-width: 640px) 100vw, 640px\" \/><br \/>\n<strong>Guten Abend Guten Morgen in die S\u00fcdsee,<\/strong><\/p>\n<p>Moin Ihr Zwei, seid Ihr wieder schick auf Kurs? &#8230; denkt dran, dass Segelschiffe WANTEN und STAGEN haben &#8230;. sonst faellt die Palme um &#8230; oder auf den Kopf des Skippers&#8230;. und dann ist er anstatt schlafend &#8230;pl\u00f6tzlich wach &#8230;. und das wollen wir doch nicht &#8230;. joking!<br \/>\nUnd dennoch: beim Gedanken an Tahiti &#8230;lassen die Traeume sich garnicht bremsen &#8230;<br \/>\n<img loading=\"lazy\" decoding=\"async\" src=\"https:\/\/windpilot.com\/blog\/wp-content\/uploads\/2025\/07\/Hula-viele-klein-1024x795.jpg\" alt=\"\" width=\"640\" height=\"497\" class=\"aligncenter size-large wp-image-33330\" srcset=\"https:\/\/windpilot.com\/blog\/wp-content\/uploads\/2025\/07\/Hula-viele-klein-1024x795.jpg 1024w, https:\/\/windpilot.com\/blog\/wp-content\/uploads\/2025\/07\/Hula-viele-klein-300x233.jpg 300w, https:\/\/windpilot.com\/blog\/wp-content\/uploads\/2025\/07\/Hula-viele-klein-768x596.jpg 768w, https:\/\/windpilot.com\/blog\/wp-content\/uploads\/2025\/07\/Hula-viele-klein.jpg 1109w\" sizes=\"auto, (max-width: 640px) 100vw, 640px\" \/><br \/>\nWas haeltst Du von einer Serie Cartoons: Segler auf ihren Booten in der Suedsee? All die schicken Klischees:<\/p>\n<p><strong>Der Weg in die S\u00fcdseee ist lang, holperig und voller Entbehrungen<\/strong><br \/>\n<img loading=\"lazy\" decoding=\"async\" src=\"https:\/\/windpilot.com\/blog\/wp-content\/uploads\/2025\/07\/Kotzen-1024x768.jpg\" alt=\"\" width=\"640\" height=\"480\" class=\"aligncenter size-large wp-image-33345\" srcset=\"https:\/\/windpilot.com\/blog\/wp-content\/uploads\/2025\/07\/Kotzen-1024x768.jpg 1024w, https:\/\/windpilot.com\/blog\/wp-content\/uploads\/2025\/07\/Kotzen-300x225.jpg 300w, https:\/\/windpilot.com\/blog\/wp-content\/uploads\/2025\/07\/Kotzen-768x576.jpg 768w, https:\/\/windpilot.com\/blog\/wp-content\/uploads\/2025\/07\/Kotzen.jpg 1187w\" sizes=\"auto, (max-width: 640px) 100vw, 640px\" \/><\/p>\n<p><strong>Die Ankunft mitten und voll im Paradies &#8230; <\/strong><br \/>\n<img loading=\"lazy\" decoding=\"async\" src=\"https:\/\/windpilot.com\/blog\/wp-content\/uploads\/2025\/07\/Hula-2x-klein-1024x806.jpg\" alt=\"\" width=\"640\" height=\"504\" class=\"aligncenter size-large wp-image-33331\" srcset=\"https:\/\/windpilot.com\/blog\/wp-content\/uploads\/2025\/07\/Hula-2x-klein-1024x806.jpg 1024w, https:\/\/windpilot.com\/blog\/wp-content\/uploads\/2025\/07\/Hula-2x-klein-300x236.jpg 300w, https:\/\/windpilot.com\/blog\/wp-content\/uploads\/2025\/07\/Hula-2x-klein-768x604.jpg 768w, https:\/\/windpilot.com\/blog\/wp-content\/uploads\/2025\/07\/Hula-2x-klein.jpg 1111w\" sizes=\"auto, (max-width: 640px) 100vw, 640px\" \/><\/p>\n<p><strong>voller tanzender Nixengesch\u00f6pfe mit Bananenr\u00f6cken &#8230;<\/strong><br \/>\n<img loading=\"lazy\" decoding=\"async\" src=\"https:\/\/windpilot.com\/blog\/wp-content\/uploads\/2025\/07\/Hula-Kiff-klein-1-1024x790.jpg\" alt=\"\" width=\"640\" height=\"494\" class=\"aligncenter size-large wp-image-33332\" srcset=\"https:\/\/windpilot.com\/blog\/wp-content\/uploads\/2025\/07\/Hula-Kiff-klein-1-1024x790.jpg 1024w, https:\/\/windpilot.com\/blog\/wp-content\/uploads\/2025\/07\/Hula-Kiff-klein-1-300x232.jpg 300w, https:\/\/windpilot.com\/blog\/wp-content\/uploads\/2025\/07\/Hula-Kiff-klein-1-768x593.jpg 768w, https:\/\/windpilot.com\/blog\/wp-content\/uploads\/2025\/07\/Hula-Kiff-klein-1.jpg 1200w\" sizes=\"auto, (max-width: 640px) 100vw, 640px\" \/><\/p>\n<p><strong>Abschied am Ende immer schwer und voller Tr\u00e4nen&#8230;<\/strong><br \/>\n<img loading=\"lazy\" decoding=\"async\" src=\"https:\/\/windpilot.com\/blog\/wp-content\/uploads\/2025\/07\/Abschied-klein-1024x841.jpg\" alt=\"\" width=\"640\" height=\"526\" class=\"aligncenter size-large wp-image-33334\" srcset=\"https:\/\/windpilot.com\/blog\/wp-content\/uploads\/2025\/07\/Abschied-klein-1024x841.jpg 1024w, https:\/\/windpilot.com\/blog\/wp-content\/uploads\/2025\/07\/Abschied-klein-300x247.jpg 300w, https:\/\/windpilot.com\/blog\/wp-content\/uploads\/2025\/07\/Abschied-klein-768x631.jpg 768w, https:\/\/windpilot.com\/blog\/wp-content\/uploads\/2025\/07\/Abschied-klein.jpg 1167w\" sizes=\"auto, (max-width: 640px) 100vw, 640px\" \/><\/p>\n<p><strong>nachdem man von tauchenden Nixen umgeben &#8230; <\/strong><br \/>\n<img loading=\"lazy\" decoding=\"async\" src=\"https:\/\/windpilot.com\/blog\/wp-content\/uploads\/2025\/07\/Nixen-klein-1024x776.jpg\" alt=\"\" width=\"640\" height=\"485\" class=\"aligncenter size-large wp-image-33335\" srcset=\"https:\/\/windpilot.com\/blog\/wp-content\/uploads\/2025\/07\/Nixen-klein-1024x776.jpg 1024w, https:\/\/windpilot.com\/blog\/wp-content\/uploads\/2025\/07\/Nixen-klein-300x227.jpg 300w, https:\/\/windpilot.com\/blog\/wp-content\/uploads\/2025\/07\/Nixen-klein-768x582.jpg 768w, https:\/\/windpilot.com\/blog\/wp-content\/uploads\/2025\/07\/Nixen-klein.jpg 1193w\" sizes=\"auto, (max-width: 640px) 100vw, 640px\" \/><\/p>\n<p><strong>seine Designer Shirts widerwillig gegen echte Perlen-Ketten hergegeben hat  &#8230; <\/strong><br \/>\n<img loading=\"lazy\" decoding=\"async\" src=\"https:\/\/windpilot.com\/blog\/wp-content\/uploads\/2025\/07\/Tauschen-klein-1024x732.jpg\" alt=\"\" width=\"640\" height=\"458\" class=\"aligncenter size-large wp-image-33336\" srcset=\"https:\/\/windpilot.com\/blog\/wp-content\/uploads\/2025\/07\/Tauschen-klein-1024x732.jpg 1024w, https:\/\/windpilot.com\/blog\/wp-content\/uploads\/2025\/07\/Tauschen-klein-300x214.jpg 300w, https:\/\/windpilot.com\/blog\/wp-content\/uploads\/2025\/07\/Tauschen-klein-768x549.jpg 768w, https:\/\/windpilot.com\/blog\/wp-content\/uploads\/2025\/07\/Tauschen-klein.jpg 1138w\" sizes=\"auto, (max-width: 640px) 100vw, 640px\" \/><\/p>\n<p><strong>den Lebenstraum von wunderh\u00fcbschen Hula Sch\u00f6nen mit der Realit\u00e4t vertauscht &#8230;<\/strong><br \/>\n<img loading=\"lazy\" decoding=\"async\" src=\"https:\/\/windpilot.com\/blog\/wp-content\/uploads\/2025\/07\/Traumweib-klein-1024x741.jpg\" alt=\"\" width=\"640\" height=\"463\" class=\"aligncenter size-large wp-image-33337\" srcset=\"https:\/\/windpilot.com\/blog\/wp-content\/uploads\/2025\/07\/Traumweib-klein-1024x741.jpg 1024w, https:\/\/windpilot.com\/blog\/wp-content\/uploads\/2025\/07\/Traumweib-klein-300x217.jpg 300w, https:\/\/windpilot.com\/blog\/wp-content\/uploads\/2025\/07\/Traumweib-klein-768x555.jpg 768w, https:\/\/windpilot.com\/blog\/wp-content\/uploads\/2025\/07\/Traumweib-klein.jpg 1225w\" sizes=\"auto, (max-width: 640px) 100vw, 640px\" \/><\/p>\n<p><strong>die Ukulelen Orchester samt Augenschmaus genossen hat<\/strong><br \/>\n<img loading=\"lazy\" decoding=\"async\" src=\"https:\/\/windpilot.com\/blog\/wp-content\/uploads\/2025\/07\/Ukulele-klein-1024x799.jpg\" alt=\"\" width=\"640\" height=\"499\" class=\"aligncenter size-large wp-image-33339\" srcset=\"https:\/\/windpilot.com\/blog\/wp-content\/uploads\/2025\/07\/Ukulele-klein-1024x799.jpg 1024w, https:\/\/windpilot.com\/blog\/wp-content\/uploads\/2025\/07\/Ukulele-klein-300x234.jpg 300w, https:\/\/windpilot.com\/blog\/wp-content\/uploads\/2025\/07\/Ukulele-klein-768x599.jpg 768w, https:\/\/windpilot.com\/blog\/wp-content\/uploads\/2025\/07\/Ukulele-klein.jpg 1140w\" sizes=\"auto, (max-width: 640px) 100vw, 640px\" \/><\/p>\n<p><strong>und den Zoll voll im Schweiss bei harter Tagesarbeit erwischt&#8230;<\/strong><br \/>\n<img loading=\"lazy\" decoding=\"async\" src=\"https:\/\/windpilot.com\/blog\/wp-content\/uploads\/2025\/07\/Zoll-im-Einbaum-1024x778.jpg\" alt=\"\" width=\"640\" height=\"486\" class=\"aligncenter size-large wp-image-33341\" srcset=\"https:\/\/windpilot.com\/blog\/wp-content\/uploads\/2025\/07\/Zoll-im-Einbaum-1024x778.jpg 1024w, https:\/\/windpilot.com\/blog\/wp-content\/uploads\/2025\/07\/Zoll-im-Einbaum-300x228.jpg 300w, https:\/\/windpilot.com\/blog\/wp-content\/uploads\/2025\/07\/Zoll-im-Einbaum-768x583.jpg 768w, https:\/\/windpilot.com\/blog\/wp-content\/uploads\/2025\/07\/Zoll-im-Einbaum.jpg 1123w\" sizes=\"auto, (max-width: 640px) 100vw, 640px\" \/><\/p>\n<p><strong>paradiesische Blumen in der S\u00fcdsee als Wachtraum erlebt&#8230;<\/strong><br \/>\n<img loading=\"lazy\" decoding=\"async\" src=\"https:\/\/windpilot.com\/blog\/wp-content\/uploads\/2025\/07\/Blumen-klein-1024x726.jpg\" alt=\"\" width=\"640\" height=\"454\" class=\"aligncenter size-large wp-image-33344\" srcset=\"https:\/\/windpilot.com\/blog\/wp-content\/uploads\/2025\/07\/Blumen-klein-1024x726.jpg 1024w, https:\/\/windpilot.com\/blog\/wp-content\/uploads\/2025\/07\/Blumen-klein-300x213.jpg 300w, https:\/\/windpilot.com\/blog\/wp-content\/uploads\/2025\/07\/Blumen-klein-768x544.jpg 768w, https:\/\/windpilot.com\/blog\/wp-content\/uploads\/2025\/07\/Blumen-klein.jpg 1174w\" sizes=\"auto, (max-width: 640px) 100vw, 640px\" \/><\/p>\n<p><strong>unter Palmen das Kreischen von Kakadus \u00fcberh\u00f6rt &#8230;<\/strong><br \/>\n<img loading=\"lazy\" decoding=\"async\" src=\"https:\/\/windpilot.com\/blog\/wp-content\/uploads\/2025\/07\/Spinnen-klein-1024x747.jpg\" alt=\"\" width=\"640\" height=\"467\" class=\"aligncenter size-large wp-image-33347\" srcset=\"https:\/\/windpilot.com\/blog\/wp-content\/uploads\/2025\/07\/Spinnen-klein-1024x747.jpg 1024w, https:\/\/windpilot.com\/blog\/wp-content\/uploads\/2025\/07\/Spinnen-klein-300x219.jpg 300w, https:\/\/windpilot.com\/blog\/wp-content\/uploads\/2025\/07\/Spinnen-klein-768x561.jpg 768w, https:\/\/windpilot.com\/blog\/wp-content\/uploads\/2025\/07\/Spinnen-klein.jpg 1129w\" sizes=\"auto, (max-width: 640px) 100vw, 640px\" \/><\/p>\n<p><strong>oder ins Paradies gesegelt, um sich &#8211; Pardauz! &#8211; dort zu vermehren&#8230;.<\/strong><br \/>\n<img loading=\"lazy\" decoding=\"async\" src=\"https:\/\/windpilot.com\/blog\/wp-content\/uploads\/2025\/07\/Familie-klein-1024x844.jpg\" alt=\"\" width=\"640\" height=\"528\" class=\"aligncenter size-large wp-image-33349\" srcset=\"https:\/\/windpilot.com\/blog\/wp-content\/uploads\/2025\/07\/Familie-klein-1024x844.jpg 1024w, https:\/\/windpilot.com\/blog\/wp-content\/uploads\/2025\/07\/Familie-klein-300x247.jpg 300w, https:\/\/windpilot.com\/blog\/wp-content\/uploads\/2025\/07\/Familie-klein-768x633.jpg 768w, https:\/\/windpilot.com\/blog\/wp-content\/uploads\/2025\/07\/Familie-klein.jpg 1117w\" sizes=\"auto, (max-width: 640px) 100vw, 640px\" \/><\/p>\n<p>Inga, Du bist am Ball &#8230; 10 Cartoons d\u00fcrfen es locker werden &#8230; <\/p>\n<p>Schoene Gruesse vom Sofa bei minus 7 Grad vor den Fensterscheiben&#8230;<\/p>\n<p>11.02.2018<br \/>\nPeter<br \/>\n<img loading=\"lazy\" decoding=\"async\" src=\"https:\/\/windpilot.com\/blog\/wp-content\/uploads\/2025\/07\/Peter-Bademantel-kl-1024x759.jpg\" alt=\"\" width=\"640\" height=\"474\" class=\"size-large wp-image-33328\" srcset=\"https:\/\/windpilot.com\/blog\/wp-content\/uploads\/2025\/07\/Peter-Bademantel-kl-1024x759.jpg 1024w, https:\/\/windpilot.com\/blog\/wp-content\/uploads\/2025\/07\/Peter-Bademantel-kl-300x222.jpg 300w, https:\/\/windpilot.com\/blog\/wp-content\/uploads\/2025\/07\/Peter-Bademantel-kl-768x569.jpg 768w, https:\/\/windpilot.com\/blog\/wp-content\/uploads\/2025\/07\/Peter-Bademantel-kl-1536x1138.jpg 1536w, https:\/\/windpilot.com\/blog\/wp-content\/uploads\/2025\/07\/Peter-Bademantel-kl-2048x1518.jpg 2048w\" sizes=\"auto, (max-width: 640px) 100vw, 640px\" \/><\/p>\n","protected":false},"excerpt":{"rendered":"<p>DA WOLLEN WIR ALLE HIN &#8211; WIRKLICH WIRKLICH Guten Abend Guten Morgen in die S\u00fcdsee, Moin Ihr Zwei, seid Ihr wieder schick auf Kurs? &#8230; denkt dran, dass Segelschiffe WANTEN und STAGEN haben &#8230;. sonst faellt die Palme um &#8230; &hellip; <a href=\"https:\/\/windpilot.com\/blog\/windpilot-cartoons\/suedseetraeume\/\">Weiterlesen <span class=\"meta-nav\">&rarr;<\/span><\/a><\/p>\n","protected":false},"author":1,"featured_media":0,"parent":30970,"menu_order":-2,"comment_status":"open","ping_status":"open","template":"","meta":{"footnotes":""},"class_list":["post-33327","page","type-page","status-publish","hentry"],"_links":{"self":[{"href":"https:\/\/windpilot.com\/blog\/wp-json\/wp\/v2\/pages\/33327","targetHints":{"allow":["GET"]}}],"collection":[{"href":"https:\/\/windpilot.com\/blog\/wp-json\/wp\/v2\/pages"}],"about":[{"href":"https:\/\/windpilot.com\/blog\/wp-json\/wp\/v2\/types\/page"}],"author":[{"embeddable":true,"href":"https:\/\/windpilot.com\/blog\/wp-json\/wp\/v2\/users\/1"}],"replies":[{"embeddable":true,"href":"https:\/\/windpilot.com\/blog\/wp-json\/wp\/v2\/comments?post=33327"}],"version-history":[{"count":13,"href":"https:\/\/windpilot.com\/blog\/wp-json\/wp\/v2\/pages\/33327\/revisions"}],"predecessor-version":[{"id":33355,"href":"https:\/\/windpilot.com\/blog\/wp-json\/wp\/v2\/pages\/33327\/revisions\/33355"}],"up":[{"embeddable":true,"href":"https:\/\/windpilot.com\/blog\/wp-json\/wp\/v2\/pages\/30970"}],"wp:attachment":[{"href":"https:\/\/windpilot.com\/blog\/wp-json\/wp\/v2\/media?parent=33327"}],"curies":[{"name":"wp","href":"https:\/\/api.w.org\/{rel}","templated":true}]}}