{"id":33361,"date":"2025-08-10T05:03:41","date_gmt":"2025-08-10T12:03:41","guid":{"rendered":"https:\/\/windpilot.com\/blog\/?page_id=33361"},"modified":"2025-08-10T05:05:46","modified_gmt":"2025-08-10T12:05:46","slug":"raketentreibstoff-stolz","status":"publish","type":"page","link":"https:\/\/windpilot.com\/blog\/windpilot-cartoons\/raketentreibstoff-stolz\/","title":{"rendered":"Raketentreibstoff"},"content":{"rendered":"<p><strong>STOLZ UND NEVERENDING OPTIMISMUS<\/strong><br \/>\n<img loading=\"lazy\" decoding=\"async\" src=\"https:\/\/windpilot.com\/blog\/wp-content\/uploads\/2025\/05\/01.-Family-biz--1024x713.jpg\" alt=\"\" width=\"640\" height=\"446\" class=\"size-large wp-image-33034\" srcset=\"https:\/\/windpilot.com\/blog\/wp-content\/uploads\/2025\/05\/01.-Family-biz--1024x713.jpg 1024w, https:\/\/windpilot.com\/blog\/wp-content\/uploads\/2025\/05\/01.-Family-biz--300x209.jpg 300w, https:\/\/windpilot.com\/blog\/wp-content\/uploads\/2025\/05\/01.-Family-biz--768x535.jpg 768w, https:\/\/windpilot.com\/blog\/wp-content\/uploads\/2025\/05\/01.-Family-biz--1536x1070.jpg 1536w, https:\/\/windpilot.com\/blog\/wp-content\/uploads\/2025\/05\/01.-Family-biz--2048x1426.jpg 2048w\" sizes=\"auto, (max-width: 640px) 100vw, 640px\" \/> Das ist der Raketentreibstoff, der mich seit 78 Jahren aus der Koje bringt, mich das Licht am Tunnelende mit der Sonne verwechseln l\u00e4\u00dft und daf\u00fcr sorgt, dass meine Miene nie gefriert. Gaben, die ich intraven\u00f6s von meiner Lebensheldin, meiner geliebten Mutter, geerbt, von der ich auch die Schreiberitis abbekommen habe, nicht zu vergessen, dass auch sie ihr Gegen\u00fcber mit spitzem Stil und Raffinesse auf die B\u00e4ume treiben konnte, derweil sie mit Altruismus und Emphase Seelen und K\u00f6rper zu heilen vermochte. Ich bin ihr Copy Cat! Ich bin also generalunschuldig, bin einfach wie ich bin, kann gaaarnix daf\u00fcr! Ein Schnack, mit dem Millionen Eltern mit Vorw\u00fcrfen von der Erbengemeinschaft alt, wund und in Depressionen geschossen werden, um sie hernach &#8211; unter Krokodilstr\u00e4nenkaskaden &#8211;  zu verscharren. Sarkasmusmodus weg! Das Leben geht weiter, stets und immer heiter&#8230; Wer sich nicht wehrt, der lebt verkehrt, und wer sich nicht selbst zu helfen weiss, dem hilft keiner, manches Mal nicht mal der Homunkulus im Nebenfederbett, was f\u00fcr alle Geschlechterformen gilt.<br \/>\n<img loading=\"lazy\" decoding=\"async\" src=\"https:\/\/windpilot.com\/blog\/wp-content\/uploads\/2025\/05\/Koch-low-Kopie-1024x714.jpg\" alt=\"\" width=\"640\" height=\"446\" class=\"size-large wp-image-33036\" srcset=\"https:\/\/windpilot.com\/blog\/wp-content\/uploads\/2025\/05\/Koch-low-Kopie-1024x714.jpg 1024w, https:\/\/windpilot.com\/blog\/wp-content\/uploads\/2025\/05\/Koch-low-Kopie-300x209.jpg 300w, https:\/\/windpilot.com\/blog\/wp-content\/uploads\/2025\/05\/Koch-low-Kopie-768x536.jpg 768w, https:\/\/windpilot.com\/blog\/wp-content\/uploads\/2025\/05\/Koch-low-Kopie-1536x1072.jpg 1536w, https:\/\/windpilot.com\/blog\/wp-content\/uploads\/2025\/05\/Koch-low-Kopie-2048x1429.jpg 2048w\" sizes=\"auto, (max-width: 640px) 100vw, 640px\" \/> Jedenfalls sind mir die Spr\u00fcche von Klein Erna schon damals unter die Haut gefahren. Wer keine Ausreden hat, ist sowieso der Dumme, und im sozialen Vorwurfsverschiebebahnhof gilt es, das letzte Wort zu haben, wer das nicht schnell genug kapiert, schaut in die R\u00f6hre. Das wollte ich nie. Das fand ich doof! Meine Strafe war deftig: ich wurde fr\u00fch zum Aussenseiter und Mobbingschaf, habe Stigmata stoisch ertragen \u2013 M\u00e4\u00e4\u00e4\u00e4h. War das vielleicht meine lange Nase oder \u2013 jedenfalls seinerzeit! &#8211; meine windschl\u00fcpfrige Erscheinung? Bei Sturm und einer K\u00f6rperl\u00e4nge von 183cm immerhin hatte ich mit 60 kg Lebendgewicht stets Steine in den Taschen, um nicht vom Kurs ab zu kommen. H\u00e4tte ich mich optimieren lassen m\u00fcssen? Ich war tapfer und wollte mein sparsames Geld lieber f\u00fcr fahrbares Blech ausgeben. Mach\u00b4 ich heute noch! Man will ja schlie\u00dflich vorankommen und Komplexe habe ich konserviert, weil man mit Blech beim gegnerischen Geschlecht schon mal Vorfahrt im mittleren K\u00f6rperbereich haben konnte. Zudem meine Komplexe damals wie heute, nicht in ein Asphaltblasenauto passen. Darum stehen diese l\u00fctten Pupsautos &#8211; fahrbereit immerhin \u2013 heute bei mir im Wohnzimmer, und werden niemals nass. Wie sie dorthin gekommen ist? Ich habe vor 35 Jahren beim Bau meiner Schlafresidenz schlau eine Verglasung als T\u00fcr verbaut, durch die mein  Schubmaststapler Fl\u00fcgel und Fahrmobil im OG sachte auf die Marmorfliesen stellen kann. \u201eOh wie praktisch\u201c w\u00fcrde Klein Erna sagen, als sie Heini beim Pinkeln am Baum erwischte.<br \/>\n<img loading=\"lazy\" decoding=\"async\" src=\"https:\/\/windpilot.com\/blog\/wp-content\/uploads\/2025\/05\/Labor-low-ohne-Rand-Kopie-1024x814.jpg\" alt=\"\" width=\"640\" height=\"509\" class=\"aligncenter size-large wp-image-33038\" srcset=\"https:\/\/windpilot.com\/blog\/wp-content\/uploads\/2025\/05\/Labor-low-ohne-Rand-Kopie-1024x814.jpg 1024w, https:\/\/windpilot.com\/blog\/wp-content\/uploads\/2025\/05\/Labor-low-ohne-Rand-Kopie-300x238.jpg 300w, https:\/\/windpilot.com\/blog\/wp-content\/uploads\/2025\/05\/Labor-low-ohne-Rand-Kopie-768x610.jpg 768w, https:\/\/windpilot.com\/blog\/wp-content\/uploads\/2025\/05\/Labor-low-ohne-Rand-Kopie-1536x1220.jpg 1536w, https:\/\/windpilot.com\/blog\/wp-content\/uploads\/2025\/05\/Labor-low-ohne-Rand-Kopie-2048x1627.jpg 2048w\" sizes=\"auto, (max-width: 640px) 100vw, 640px\" \/> Auch Doppelwasser rein und raus wurde bei uns montiert, womit bis heute Millionen Klosp\u00fclungen sowie Gartenwasser statt von der Stadt, aus den Regenwolken umverwendet werden. Als Fuchspfennig war ich meiner Zeit voraus und Joschka Fischer samt Sonnenblume hatte damals die gr\u00fcne Farbe noch nicht entdeckt, weisse Sneaker mit Schlabberjacke, das war sein Trick, mit dem er sich reingeschlichen hat, kaum vereidigt, schon pensioniert, es geht alles viel zu schnell.<br \/>\n<img loading=\"lazy\" decoding=\"async\" src=\"https:\/\/windpilot.com\/blog\/wp-content\/uploads\/2025\/05\/Peter-Wolke-kl-Kopie-1024x783.jpg\" alt=\"\" width=\"640\" height=\"489\" class=\"size-large wp-image-33041\" srcset=\"https:\/\/windpilot.com\/blog\/wp-content\/uploads\/2025\/05\/Peter-Wolke-kl-Kopie-1024x783.jpg 1024w, https:\/\/windpilot.com\/blog\/wp-content\/uploads\/2025\/05\/Peter-Wolke-kl-Kopie-300x229.jpg 300w, https:\/\/windpilot.com\/blog\/wp-content\/uploads\/2025\/05\/Peter-Wolke-kl-Kopie-768x587.jpg 768w, https:\/\/windpilot.com\/blog\/wp-content\/uploads\/2025\/05\/Peter-Wolke-kl-Kopie-1536x1174.jpg 1536w, https:\/\/windpilot.com\/blog\/wp-content\/uploads\/2025\/05\/Peter-Wolke-kl-Kopie-2048x1566.jpg 2048w\" sizes=\"auto, (max-width: 640px) 100vw, 640px\" \/> Schillernd unter der Oberfl\u00e4che, kaum zu sehen, stets lauernd gleich hinter meinem Optimismus, da wohnt mein M\u00e4nnerstolz, die Triebfeder allen aktiven Handelns oder Ebennichterduldens. Bei mir ein ausgepr\u00e4gtes Unget\u00fcm, das mich lebenslang hat Salti schlagen lassen, tritt meist als Drilling auf, Hand in Hand mit Ehre und Moral, weil man weder hier noch dort noch dort \u00fcber einen L\u00e4use kamm geschoren werden wollte, statt dessen lieber mit sch\u00e4umender Bugwelle und gerader Furche weiter vorw\u00e4rts steamen wollte. Ein Perpetuum mobile, dessen Ecken und Kanten nicht abzurunden  sind. Tapferkeit ist der Kumpel von M\u00e4nnerstolz, was vermehr f\u00fcr die Gegenseite gegolten haben mag, weshalb hier und dort schon mal Empfindlichkeiten entstehen k\u00f6nnen. Eine Meinung bleibt eine Meinung, auch wenn dabei Schmerzen entstehen k\u00f6nnen, beim Gegen\u00fcber. Damals machte ich mir dar\u00fcber allerdings kaum einen dicken Hals. Heute ist alles leichter, weil man gegnerische Verhaltensweisen messerscharf durchschaut, bevor sie aus den Sprechluken rausgekrochen sind. Ist es nicht jammerschade, dass man die ganzen Schlauheiten am Ende mit unter die Erde nimmt? Eine Frage, die die Antwort unter dem Arm mitbringt.<br \/>\n<img loading=\"lazy\" decoding=\"async\" src=\"https:\/\/windpilot.com\/blog\/wp-content\/uploads\/2025\/05\/puppenspielerpeter-Kopie-1024x723.jpeg\" alt=\"\" width=\"640\" height=\"452\" class=\"aligncenter size-large wp-image-33040\" srcset=\"https:\/\/windpilot.com\/blog\/wp-content\/uploads\/2025\/05\/puppenspielerpeter-Kopie-1024x723.jpeg 1024w, https:\/\/windpilot.com\/blog\/wp-content\/uploads\/2025\/05\/puppenspielerpeter-Kopie-300x212.jpeg 300w, https:\/\/windpilot.com\/blog\/wp-content\/uploads\/2025\/05\/puppenspielerpeter-Kopie-768x542.jpeg 768w, https:\/\/windpilot.com\/blog\/wp-content\/uploads\/2025\/05\/puppenspielerpeter-Kopie.jpeg 1280w\" sizes=\"auto, (max-width: 640px) 100vw, 640px\" \/> Alleinstellung kommt von Alleine, das war mein roter Faden, der sich durch alle Lebensbereiche schl\u00e4ngelt, der die Dinge mit einander verbindet, wenn man das Gl\u00fcck auf seiner Seite hat. Ich bin planm\u00e4ssig vorgegangen, habe Schiffe, M\u00e4rkte, Messen und Menschen sortiert, einige sediert, viele Unters\u00e4tze gleich selbst gesegelt, mal mit, mal mit ohne <strong><a href=\"https:\/\/windpilot.com\/blog\/columns\/cartoons-firlefanz\/max-der-rassehund\/\">Max F\u00f6rthmann<\/a><\/strong>, einer Promenadenmischung aus verschiedenen Hunderassen, oder auch mit weiblicher Begleitung. Warum bloss sausen die Jahre so schnell vorbei? Jedenfalls war nie nicht Zeit f\u00fcr runde B\u00e4lle oder Nettiflex, Instawho, Watschapp oder Fratzenbock. Zeit ist kostbar und ich bin schon weg.<br \/>\n<img loading=\"lazy\" decoding=\"async\" src=\"https:\/\/windpilot.com\/blog\/wp-content\/uploads\/2025\/05\/Schrauber-low-Kopie-1024x731.jpg\" alt=\"\" width=\"640\" height=\"457\" class=\"aligncenter size-large wp-image-33044\" srcset=\"https:\/\/windpilot.com\/blog\/wp-content\/uploads\/2025\/05\/Schrauber-low-Kopie-1024x731.jpg 1024w, https:\/\/windpilot.com\/blog\/wp-content\/uploads\/2025\/05\/Schrauber-low-Kopie-300x214.jpg 300w, https:\/\/windpilot.com\/blog\/wp-content\/uploads\/2025\/05\/Schrauber-low-Kopie-768x548.jpg 768w, https:\/\/windpilot.com\/blog\/wp-content\/uploads\/2025\/05\/Schrauber-low-Kopie-1536x1096.jpg 1536w, https:\/\/windpilot.com\/blog\/wp-content\/uploads\/2025\/05\/Schrauber-low-Kopie-2048x1462.jpg 2048w\" sizes=\"auto, (max-width: 640px) 100vw, 640px\" \/> Ich habe mich stets selbst um mein Fortkommen k\u00fcmmern m\u00fcssen, was ich auch wollte, denn abh\u00e4ngig sein von anderen, das kam nie infrage, da war ich eigen. Logisch, dass man damit auch f\u00fcr  das eigene Einkommen zu sorgen hat. Es stellte sich fr\u00fch die Frage, wie sollte man 230 Bootsmessen in 30 Jahren zeitgleich erledigen, ohne Mitarbeiter, die sich um die Produktion k\u00fcmmern, um den ganzen Laden im Gange zu halten? Ein Lebenskompromiss in dessen Verlauf man dann auch mal M\u00e4nner zu k\u00fcssen hatte. Ein unl\u00f6sbares R\u00e4tsel, dessen Aufl\u00f6sung nur ein Singlehander kennt \u2026 am besten gleich zwei davon. Die L\u00f6sung kam auf zarten Damenf\u00fcssen um die Ecke, Landwirtschaft gewohnt, wurde CNC Bearbeitung und technische Zusammenh\u00e4nge zum Hobby dieser Dame, die mein Leben in toto ver\u00e4ndert sollte, bzw. hat. Heute stellt sie sich wie selbstverst\u00e4ndlich den Besuchern als die Produktionsabteilung vor \u2026 ohne dass ich hier nun Komplexe kultiviere. Neulich hat sie  einen gestandenen Segelmann verwirrt, indem sie auf seine Frage nach M 13, frech konstatierte \/ belehrte, dass M 13 nicht zu kaufen ist. Soweit ist es hier gekommen. Gleichberechtigung selbst bei Gewinden!<br \/>\n<img loading=\"lazy\" decoding=\"async\" src=\"https:\/\/windpilot.com\/blog\/wp-content\/uploads\/2025\/05\/teppich_farbe_kl-Kopie-1024x727.jpg\" alt=\"\" width=\"640\" height=\"454\" class=\"aligncenter size-large wp-image-33046\" srcset=\"https:\/\/windpilot.com\/blog\/wp-content\/uploads\/2025\/05\/teppich_farbe_kl-Kopie-1024x727.jpg 1024w, https:\/\/windpilot.com\/blog\/wp-content\/uploads\/2025\/05\/teppich_farbe_kl-Kopie-300x213.jpg 300w, https:\/\/windpilot.com\/blog\/wp-content\/uploads\/2025\/05\/teppich_farbe_kl-Kopie-768x545.jpg 768w, https:\/\/windpilot.com\/blog\/wp-content\/uploads\/2025\/05\/teppich_farbe_kl-Kopie.jpg 1508w\" sizes=\"auto, (max-width: 640px) 100vw, 640px\" \/> Aber, die Sache ist schon okay \u2026 wir funzen wie ein Schweizer Uhrwerk. Bald habe ich dann 50 Jahre Windpilot voll, hat gar nicht weh\u00b4getan, und meine nunmehr 4. Frau, mit der ich mehr Lebenszeit gemeinsam verbracht habe, als mit s\u00e4mtlichen verflossenen Damen in meinem Leben zusammen! &#8211; schleicht sich an das Viertel Jahrhundert ran \u2026 die Silberhochzeit werden wir vermutlich wie im Fluge verpassen, ist gar nicht mehr lange hin, wenn man bedenkt, dass 2025 auch schon bald zur H\u00e4lfte im Eimer ist. Wir verbringen seit 23 Jahren 24 Std 365 Tage Seite an Seite, Urlaub unn\u00f6tig, weil wir uns aneinander erholen und unsere Seelen pflegen, ganz ohne Zutun von Weisskitteln, die uns im 45 Minuten Takt um Rat fragen, was sie denn selbst wohl verkehrt machen? Das soziale Tiefolot ist der beste Sensor vor Menschen, die wir nicht m\u00f6gen m\u00fcssen. Dem Himmel sei gedankt, dass im nassen Sport \u00fcberwiegend freundliche und kluge Menschen unterwegs, was kein Wunder ist, weil es zum Erwerb eines schwimmenden Untersatzes zu allererst einer gewissen geistigen Kompetenz bedarf,  weil ohne Einkommen Segeln schon mal schwierig werden kann. Nicht zu vergessen, das Wort Sponsern ist eine Vokabel, die bei uns schon mal Schluckauf bewirkt, die Ausnahmen k\u00f6nnen wir an wenigen Fingern abz\u00e4hlen.<br \/>\n<img loading=\"lazy\" decoding=\"async\" src=\"https:\/\/windpilot.com\/blog\/wp-content\/uploads\/2025\/05\/PfarrerPeter-low-Kopie-1024x758.jpg\" alt=\"\" width=\"640\" height=\"474\" class=\"aligncenter size-large wp-image-33048\" srcset=\"https:\/\/windpilot.com\/blog\/wp-content\/uploads\/2025\/05\/PfarrerPeter-low-Kopie-1024x758.jpg 1024w, https:\/\/windpilot.com\/blog\/wp-content\/uploads\/2025\/05\/PfarrerPeter-low-Kopie-300x222.jpg 300w, https:\/\/windpilot.com\/blog\/wp-content\/uploads\/2025\/05\/PfarrerPeter-low-Kopie-768x569.jpg 768w, https:\/\/windpilot.com\/blog\/wp-content\/uploads\/2025\/05\/PfarrerPeter-low-Kopie-1536x1137.jpg 1536w, https:\/\/windpilot.com\/blog\/wp-content\/uploads\/2025\/05\/PfarrerPeter-low-Kopie-2048x1516.jpg 2048w\" sizes=\"auto, (max-width: 640px) 100vw, 640px\" \/> Das Leben sagt uns, was es braucht, um zu \u00fcberleben. Wir sch\u00f6pfen Lebenskraft aus unserer Gemeinsamkeit, denn draussen ist die H\u00f6lle los und damit meinen wir keinesfalls eine geopolitische Umgebung, sondern den Nahbereich von Menschen, die uns umleben. Kriegsschaupl\u00e4tze \u00fcberall, weil so unglaublich viele Menschen mit sich und ihrem Leben unzufrieden sind, dass dies auf ihrer Stirn zu lesen ist. Verstecken unm\u00f6glich!<br \/>\n<img loading=\"lazy\" decoding=\"async\" src=\"https:\/\/windpilot.com\/blog\/wp-content\/uploads\/2025\/05\/Peter-schlaeft-beschnitten-Kopie-1024x820.jpg\" alt=\"\" width=\"640\" height=\"513\" class=\"aligncenter size-large wp-image-33050\" srcset=\"https:\/\/windpilot.com\/blog\/wp-content\/uploads\/2025\/05\/Peter-schlaeft-beschnitten-Kopie-1024x820.jpg 1024w, https:\/\/windpilot.com\/blog\/wp-content\/uploads\/2025\/05\/Peter-schlaeft-beschnitten-Kopie-300x240.jpg 300w, https:\/\/windpilot.com\/blog\/wp-content\/uploads\/2025\/05\/Peter-schlaeft-beschnitten-Kopie-768x615.jpg 768w, https:\/\/windpilot.com\/blog\/wp-content\/uploads\/2025\/05\/Peter-schlaeft-beschnitten-Kopie-1536x1230.jpg 1536w, https:\/\/windpilot.com\/blog\/wp-content\/uploads\/2025\/05\/Peter-schlaeft-beschnitten-Kopie-2048x1641.jpg 2048w\" sizes=\"auto, (max-width: 640px) 100vw, 640px\" \/> Wo also kommt unser Lebenstreibstoff her? Logisch, der kommt von den Heckverzierungen, die wir manchmal schon im Trance \u2026 oder war das Schlaf? \u2026  produzieren. Wir finden in der Werkstatt stets gemeinsam statt, weil die Zeit dann noch schneller im Flug vergeht \u2026 schwupps \u2026 ist der Tag vorbei \u2026 hat schon wieder gar nicht weh getan.  Wir leben von, mit und durch Menschen, die verinnerlicht haben, dass wir ihnen werte und faire Gegen\u00fcber sind, die zudem das Vertrauen haben, dass unserer H\u00e4nde Arbeit ihnen das Steuern auf See erleichtert, sie also Schlafen oder andere Sachen machen k\u00f6nnen.<br \/>\n<img loading=\"lazy\" decoding=\"async\" src=\"https:\/\/windpilot.com\/blog\/wp-content\/uploads\/2025\/05\/Sex-1024x695.jpg\" alt=\"\" width=\"640\" height=\"434\" class=\"aligncenter size-large wp-image-33063\" srcset=\"https:\/\/windpilot.com\/blog\/wp-content\/uploads\/2025\/05\/Sex-1024x695.jpg 1024w, https:\/\/windpilot.com\/blog\/wp-content\/uploads\/2025\/05\/Sex-300x204.jpg 300w, https:\/\/windpilot.com\/blog\/wp-content\/uploads\/2025\/05\/Sex-768x521.jpg 768w, https:\/\/windpilot.com\/blog\/wp-content\/uploads\/2025\/05\/Sex.jpg 1126w\" sizes=\"auto, (max-width: 640px) 100vw, 640px\" \/> Ein fairer Deal, was an der Tatsache abzulesen ist, dass unser Marketing ger\u00e4uschlos, zudem durch <a href=\"https:\/\/windpilot.com\/blog\/press-tv\/reference-links\/\">WORD\u2013OF-MOUTH<\/a> vollkommen kostenlos funktioniert. Hat viele Jahrzehnte gebraucht. Ein Zustand \u00e4hnlich wie die Luftfederung bei meinem Auto, bei dem die Lebensschlagl\u00f6cher nicht mehr zu bemerken sind.<\/p>\n<p>Ja, das erzeugt Stolz \u2026 ein Raketentreibstoff bester Sorte.<\/p>\n<p>Hamburg 29.05.2025<\/p>\n<p>Peter Foerthmann<br \/>\nMarzena Wiska<br \/>\n<img loading=\"lazy\" decoding=\"async\" src=\"https:\/\/windpilot.com\/blog\/wp-content\/uploads\/2025\/05\/1.-Ich-und-Du-300x225.jpeg\" alt=\"\" width=\"300\" height=\"225\" class=\"alignleft size-medium wp-image-33033\" srcset=\"https:\/\/windpilot.com\/blog\/wp-content\/uploads\/2025\/05\/1.-Ich-und-Du-300x225.jpeg 300w, https:\/\/windpilot.com\/blog\/wp-content\/uploads\/2025\/05\/1.-Ich-und-Du-1024x768.jpeg 1024w, https:\/\/windpilot.com\/blog\/wp-content\/uploads\/2025\/05\/1.-Ich-und-Du-768x576.jpeg 768w, https:\/\/windpilot.com\/blog\/wp-content\/uploads\/2025\/05\/1.-Ich-und-Du.jpeg 1280w\" sizes=\"auto, (max-width: 300px) 100vw, 300px\" \/><\/p>\n","protected":false},"excerpt":{"rendered":"<p>STOLZ UND NEVERENDING OPTIMISMUS Das ist der Raketentreibstoff, der mich seit 78 Jahren aus der Koje bringt, mich das Licht am Tunnelende mit der Sonne verwechseln l\u00e4\u00dft und daf\u00fcr sorgt, dass meine Miene nie gefriert. Gaben, die ich intraven\u00f6s von &hellip; <a href=\"https:\/\/windpilot.com\/blog\/windpilot-cartoons\/raketentreibstoff-stolz\/\">Weiterlesen <span class=\"meta-nav\">&rarr;<\/span><\/a><\/p>\n","protected":false},"author":1,"featured_media":0,"parent":30970,"menu_order":-4,"comment_status":"open","ping_status":"open","template":"","meta":{"footnotes":""},"class_list":["post-33361","page","type-page","status-publish","hentry"],"_links":{"self":[{"href":"https:\/\/windpilot.com\/blog\/wp-json\/wp\/v2\/pages\/33361","targetHints":{"allow":["GET"]}}],"collection":[{"href":"https:\/\/windpilot.com\/blog\/wp-json\/wp\/v2\/pages"}],"about":[{"href":"https:\/\/windpilot.com\/blog\/wp-json\/wp\/v2\/types\/page"}],"author":[{"embeddable":true,"href":"https:\/\/windpilot.com\/blog\/wp-json\/wp\/v2\/users\/1"}],"replies":[{"embeddable":true,"href":"https:\/\/windpilot.com\/blog\/wp-json\/wp\/v2\/comments?post=33361"}],"version-history":[{"count":6,"href":"https:\/\/windpilot.com\/blog\/wp-json\/wp\/v2\/pages\/33361\/revisions"}],"predecessor-version":[{"id":33367,"href":"https:\/\/windpilot.com\/blog\/wp-json\/wp\/v2\/pages\/33361\/revisions\/33367"}],"up":[{"embeddable":true,"href":"https:\/\/windpilot.com\/blog\/wp-json\/wp\/v2\/pages\/30970"}],"wp:attachment":[{"href":"https:\/\/windpilot.com\/blog\/wp-json\/wp\/v2\/media?parent=33361"}],"curies":[{"name":"wp","href":"https:\/\/api.w.org\/{rel}","templated":true}]}}