{"id":33386,"date":"2025-08-17T06:01:27","date_gmt":"2025-08-17T13:01:27","guid":{"rendered":"https:\/\/windpilot.com\/blog\/?page_id=33386"},"modified":"2025-08-17T06:05:40","modified_gmt":"2025-08-17T13:05:40","slug":"christoph-menner","status":"publish","type":"page","link":"https:\/\/windpilot.com\/blog\/portraits\/christoph-menner\/","title":{"rendered":"Christoph Menner"},"content":{"rendered":"<p><strong>SV WOODPECKER 2 and SKIPPER SOLO AROUND THE WORLD<\/strong><br \/>\n<img loading=\"lazy\" decoding=\"async\" src=\"https:\/\/windpilot.com\/blog\/wp-content\/uploads\/2025\/08\/20250404_200508-1024x768.jpeg\" alt=\"\" width=\"640\" height=\"480\" class=\"aligncenter size-large wp-image-33387\" srcset=\"https:\/\/windpilot.com\/blog\/wp-content\/uploads\/2025\/08\/20250404_200508-1024x768.jpeg 1024w, https:\/\/windpilot.com\/blog\/wp-content\/uploads\/2025\/08\/20250404_200508-300x225.jpeg 300w, https:\/\/windpilot.com\/blog\/wp-content\/uploads\/2025\/08\/20250404_200508-768x576.jpeg 768w, https:\/\/windpilot.com\/blog\/wp-content\/uploads\/2025\/08\/20250404_200508.jpeg 1280w\" sizes=\"auto, (max-width: 640px) 100vw, 640px\" \/>Lieber Peter, ich m\u00f6chte mit dieser E-Mail einen gro\u00dfen Dank an dich aussprechen.\u00a0Bei meiner ersten l\u00e4ngeren Passage (700nm),mit teils wirrer Kreuzsee und teils platt vorm Wind, konnte ich nun absolut in den Genuss dieses genialen Konstrukts kommen.\u00a0<br \/>\n<img loading=\"lazy\" decoding=\"async\" src=\"https:\/\/windpilot.com\/blog\/wp-content\/uploads\/2025\/08\/20250402_194535-1024x474.jpeg\" alt=\"\" width=\"640\" height=\"296\" class=\"aligncenter size-large wp-image-33389\" srcset=\"https:\/\/windpilot.com\/blog\/wp-content\/uploads\/2025\/08\/20250402_194535-1024x474.jpeg 1024w, https:\/\/windpilot.com\/blog\/wp-content\/uploads\/2025\/08\/20250402_194535-300x139.jpeg 300w, https:\/\/windpilot.com\/blog\/wp-content\/uploads\/2025\/08\/20250402_194535-768x355.jpeg 768w, https:\/\/windpilot.com\/blog\/wp-content\/uploads\/2025\/08\/20250402_194535.jpeg 1280w\" sizes=\"auto, (max-width: 640px) 100vw, 640px\" \/>Ich habe mich bereits im Mittelmeer damit eingespielt, doch da konnte ich das Potential vom Windpilot noch nicht so Richtig auskosten, zumal ich leider zu viele Motorstunden hatte.\u00a0<br \/>\n<img loading=\"lazy\" decoding=\"async\" src=\"https:\/\/windpilot.com\/blog\/wp-content\/uploads\/2025\/08\/DSC_0397-1024x682.jpeg\" alt=\"\" width=\"640\" height=\"426\" class=\"aligncenter size-large wp-image-33390\" srcset=\"https:\/\/windpilot.com\/blog\/wp-content\/uploads\/2025\/08\/DSC_0397-1024x682.jpeg 1024w, https:\/\/windpilot.com\/blog\/wp-content\/uploads\/2025\/08\/DSC_0397-300x200.jpeg 300w, https:\/\/windpilot.com\/blog\/wp-content\/uploads\/2025\/08\/DSC_0397-768x512.jpeg 768w, https:\/\/windpilot.com\/blog\/wp-content\/uploads\/2025\/08\/DSC_0397.jpeg 1280w\" sizes=\"auto, (max-width: 640px) 100vw, 640px\" \/>Nun aber ist dieses Ger\u00e4t sicherlich die Beste Investition gewesen und ich m\u00f6chte mich an dieser Stelle nochmals f\u00fcr deinen Support und deinen Service bedanken.\u00a0<br \/>\n<img loading=\"lazy\" decoding=\"async\" src=\"https:\/\/windpilot.com\/blog\/wp-content\/uploads\/2025\/08\/20250203_142306-768x1024.jpeg\" alt=\"\" width=\"640\" height=\"853\" class=\"aligncenter size-large wp-image-33391\" srcset=\"https:\/\/windpilot.com\/blog\/wp-content\/uploads\/2025\/08\/20250203_142306-768x1024.jpeg 768w, https:\/\/windpilot.com\/blog\/wp-content\/uploads\/2025\/08\/20250203_142306-225x300.jpeg 225w, https:\/\/windpilot.com\/blog\/wp-content\/uploads\/2025\/08\/20250203_142306.jpeg 960w\" sizes=\"auto, (max-width: 640px) 100vw, 640px\" \/>Anfangs noch etwas angespannt und noch nicht 100% dem Ger\u00e4t vertraut, f\u00fchle ich mich jetzt absolut sicher und bin schlichtweg begeistert. Wie von Zauberhand steuert er mein Boot, bei raueren Bedingungen weit besser als mein Radpilot.\u00a0<br \/>\n<img loading=\"lazy\" decoding=\"async\" src=\"https:\/\/windpilot.com\/blog\/wp-content\/uploads\/2025\/08\/IMG-20250106-WA00031-1024x473.jpeg\" alt=\"\" width=\"640\" height=\"296\" class=\"aligncenter size-large wp-image-33392\" srcset=\"https:\/\/windpilot.com\/blog\/wp-content\/uploads\/2025\/08\/IMG-20250106-WA00031-1024x473.jpeg 1024w, https:\/\/windpilot.com\/blog\/wp-content\/uploads\/2025\/08\/IMG-20250106-WA00031-300x139.jpeg 300w, https:\/\/windpilot.com\/blog\/wp-content\/uploads\/2025\/08\/IMG-20250106-WA00031-768x355.jpeg 768w, https:\/\/windpilot.com\/blog\/wp-content\/uploads\/2025\/08\/IMG-20250106-WA00031.jpeg 1280w\" sizes=\"auto, (max-width: 640px) 100vw, 640px\" \/>Und die Vorwind-Performance hat f\u00fcr mich dann nochmal eine Schippe draufgelegt. Einige Leute haben gemeint, dass er das nicht so gut packt. Ich wurde definitiv eines Besseren belehrt.\u00a0<br \/>\n<img loading=\"lazy\" decoding=\"async\" src=\"https:\/\/windpilot.com\/blog\/wp-content\/uploads\/2025\/08\/Ohne-Titel-1-1024x735.jpg\" alt=\"\" width=\"640\" height=\"459\" class=\"aligncenter size-large wp-image-33394\" srcset=\"https:\/\/windpilot.com\/blog\/wp-content\/uploads\/2025\/08\/Ohne-Titel-1-1024x735.jpg 1024w, https:\/\/windpilot.com\/blog\/wp-content\/uploads\/2025\/08\/Ohne-Titel-1-300x215.jpg 300w, https:\/\/windpilot.com\/blog\/wp-content\/uploads\/2025\/08\/Ohne-Titel-1-768x551.jpg 768w, https:\/\/windpilot.com\/blog\/wp-content\/uploads\/2025\/08\/Ohne-Titel-1-1536x1102.jpg 1536w, https:\/\/windpilot.com\/blog\/wp-content\/uploads\/2025\/08\/Ohne-Titel-1.jpg 1898w\" sizes=\"auto, (max-width: 640px) 100vw, 640px\" \/>Auch wenn ich bei meiner bis dato l\u00e4ngsten Solopassage mental noch nicht ganz gefestigt war, konnte ich mich auf den zweiten Mann an Bord verlassen.\u00a0<br \/>\nDanke nochmal f\u00fcr das tolle Produkt. Ich konnte unterwegs auch noch zwei Seglern dabei helfen, ein Vorg\u00e4ngermodell wieder zum Leben zu erwecken.\u00a0<\/p>\n<p>Ich sende dir sonnige Gr\u00fc\u00dfe und h\u00e4nge noch ein paar Impressionen dran!<br \/>\nLg<br \/>\nChristoph vom <a href=\"https:\/\/sailingwoodpecker.blogspot.com\">Woodpecker 2<\/a><br \/>\n<img loading=\"lazy\" decoding=\"async\" src=\"https:\/\/windpilot.com\/blog\/wp-content\/uploads\/2025\/08\/Ohne-Titel-2-300x175.jpg\" alt=\"\" width=\"300\" height=\"175\" class=\"size-medium wp-image-33395\" srcset=\"https:\/\/windpilot.com\/blog\/wp-content\/uploads\/2025\/08\/Ohne-Titel-2-300x175.jpg 300w, https:\/\/windpilot.com\/blog\/wp-content\/uploads\/2025\/08\/Ohne-Titel-2-1024x597.jpg 1024w, https:\/\/windpilot.com\/blog\/wp-content\/uploads\/2025\/08\/Ohne-Titel-2-768x447.jpg 768w, https:\/\/windpilot.com\/blog\/wp-content\/uploads\/2025\/08\/Ohne-Titel-2-1536x895.jpg 1536w, https:\/\/windpilot.com\/blog\/wp-content\/uploads\/2025\/08\/Ohne-Titel-2.jpg 1888w\" sizes=\"auto, (max-width: 300px) 100vw, 300px\" \/><\/p>\n","protected":false},"excerpt":{"rendered":"<p>SV WOODPECKER 2 and SKIPPER SOLO AROUND THE WORLD Lieber Peter, ich m\u00f6chte mit dieser E-Mail einen gro\u00dfen Dank an dich aussprechen.\u00a0Bei meiner ersten l\u00e4ngeren Passage (700nm),mit teils wirrer Kreuzsee und teils platt vorm Wind, konnte ich nun absolut in &hellip; <a href=\"https:\/\/windpilot.com\/blog\/portraits\/christoph-menner\/\">Weiterlesen <span class=\"meta-nav\">&rarr;<\/span><\/a><\/p>\n","protected":false},"author":1,"featured_media":0,"parent":28252,"menu_order":-34,"comment_status":"open","ping_status":"open","template":"","meta":{"footnotes":""},"class_list":["post-33386","page","type-page","status-publish","hentry"],"_links":{"self":[{"href":"https:\/\/windpilot.com\/blog\/wp-json\/wp\/v2\/pages\/33386","targetHints":{"allow":["GET"]}}],"collection":[{"href":"https:\/\/windpilot.com\/blog\/wp-json\/wp\/v2\/pages"}],"about":[{"href":"https:\/\/windpilot.com\/blog\/wp-json\/wp\/v2\/types\/page"}],"author":[{"embeddable":true,"href":"https:\/\/windpilot.com\/blog\/wp-json\/wp\/v2\/users\/1"}],"replies":[{"embeddable":true,"href":"https:\/\/windpilot.com\/blog\/wp-json\/wp\/v2\/comments?post=33386"}],"version-history":[{"count":4,"href":"https:\/\/windpilot.com\/blog\/wp-json\/wp\/v2\/pages\/33386\/revisions"}],"predecessor-version":[{"id":33397,"href":"https:\/\/windpilot.com\/blog\/wp-json\/wp\/v2\/pages\/33386\/revisions\/33397"}],"up":[{"embeddable":true,"href":"https:\/\/windpilot.com\/blog\/wp-json\/wp\/v2\/pages\/28252"}],"wp:attachment":[{"href":"https:\/\/windpilot.com\/blog\/wp-json\/wp\/v2\/media?parent=33386"}],"curies":[{"name":"wp","href":"https:\/\/api.w.org\/{rel}","templated":true}]}}