{"id":33771,"date":"2025-10-08T06:44:05","date_gmt":"2025-10-08T13:44:05","guid":{"rendered":"https:\/\/windpilot.com\/blog\/?page_id=33771"},"modified":"2025-10-08T06:53:53","modified_gmt":"2025-10-08T13:53:53","slug":"sv-frolic-john-rose-tasmania-au","status":"publish","type":"page","link":"https:\/\/windpilot.com\/blog\/schiffe\/sv-ziska\/sv-frolic-john-rose-tasmania-au\/","title":{"rendered":"SV Frolic"},"content":{"rendered":"<p><strong>SCHNELL SEGELN AN ANDEREN ENDE DER WELT<\/strong><br \/>\n<img loading=\"lazy\" decoding=\"async\" src=\"https:\/\/windpilot.com\/blog\/wp-content\/uploads\/2025\/10\/IMG_1991-1024x768.jpeg\" alt=\"\" width=\"640\" height=\"480\" class=\"aligncenter size-large wp-image-33776\" srcset=\"https:\/\/windpilot.com\/blog\/wp-content\/uploads\/2025\/10\/IMG_1991-1024x768.jpeg 1024w, https:\/\/windpilot.com\/blog\/wp-content\/uploads\/2025\/10\/IMG_1991-300x225.jpeg 300w, https:\/\/windpilot.com\/blog\/wp-content\/uploads\/2025\/10\/IMG_1991-768x576.jpeg 768w, https:\/\/windpilot.com\/blog\/wp-content\/uploads\/2025\/10\/IMG_1991.jpeg 1280w\" sizes=\"auto, (max-width: 640px) 100vw, 640px\" \/>Hobart ist ein hartes Wort, bei dem jeder Segler sofort eisige Gedanken hat, weil er eben weiss, dass im S\u00fcden von Tasmanien ein anderer Wind sein Regime f\u00fchrt, zeitgleich Segler mit S\u00fcdseegedanken in die Schranken weist. Der Blick auf die Breitengrade gen\u00fcgt, um dem Respekt die Vorfahrt nicht zu nehmen. Im Sydney &#8211; Hobart sind die Harten unterwegs, die sich hier und da auch schon mal die Z\u00e4hne ausbeissen, oder ihre Riggs verlieren. Beim GGR war Hobart stets der eine ersehnter Stop-Over-Hafen, wo der eine odere andere Hero seine Wunden lecken konnte, auf dem Slip Muscheln zu kratzen, wenn er oder sie das nicht abseits in der Nebenbucht erledigen wollte, abseits der Beh\u00f6rden und fines.<br \/>\n<img loading=\"lazy\" decoding=\"async\" src=\"https:\/\/windpilot.com\/blog\/wp-content\/uploads\/2025\/10\/324743989_6078792648850528_7568968092026147185_n-1024x768-1.jpeg\" alt=\"\" width=\"1024\" height=\"768\" class=\"aligncenter size-full wp-image-33777\" srcset=\"https:\/\/windpilot.com\/blog\/wp-content\/uploads\/2025\/10\/324743989_6078792648850528_7568968092026147185_n-1024x768-1.jpeg 1024w, https:\/\/windpilot.com\/blog\/wp-content\/uploads\/2025\/10\/324743989_6078792648850528_7568968092026147185_n-1024x768-1-300x225.jpeg 300w, https:\/\/windpilot.com\/blog\/wp-content\/uploads\/2025\/10\/324743989_6078792648850528_7568968092026147185_n-1024x768-1-768x576.jpeg 768w\" sizes=\"auto, (max-width: 1024px) 100vw, 1024px\" \/>In Tasmanien jedenfalls leben viele Segler, die allesamt Respekt und Ehrfurcht vor den Elementen haben, von denen viele gerne Entlastung von der Sklavenarbeit des Steuern haben m\u00f6chten. F\u00fcr mich ein Traumrevier, weil ich mit wenigen Worten mein Evangelium erkl\u00e4ren und Missverst\u00e4ndnisse ausr\u00e4umen kann. Es hat Segler gegeben, deren schlichte Mail nur nach Preis und Lieferzeit fragte, deren Schiffe ich bereits kannte. Einziges Handicap: Tasmanien ist f\u00fcr Logistiker ein Lottoasechser, weil dort Traumpreise m\u00f6glich sind, zumal aircargo selten vorbei kommt &#8230; die Segler ergo in der Falle sitzen. Ein Stigma der besonderen Art.<br \/>\n<img loading=\"lazy\" decoding=\"async\" src=\"https:\/\/windpilot.com\/blog\/wp-content\/uploads\/2025\/10\/IMG_0548-768x1024.jpeg\" alt=\"\" width=\"640\" height=\"853\" class=\"aligncenter size-large wp-image-33778\" srcset=\"https:\/\/windpilot.com\/blog\/wp-content\/uploads\/2025\/10\/IMG_0548-768x1024.jpeg 768w, https:\/\/windpilot.com\/blog\/wp-content\/uploads\/2025\/10\/IMG_0548-225x300.jpeg 225w, https:\/\/windpilot.com\/blog\/wp-content\/uploads\/2025\/10\/IMG_0548-rotated.jpeg 960w\" sizes=\"auto, (max-width: 640px) 100vw, 640px\" \/><img loading=\"lazy\" decoding=\"async\" src=\"https:\/\/windpilot.com\/blog\/wp-content\/uploads\/2025\/10\/IMG_0210-225x300.jpg\" alt=\"\" width=\"225\" height=\"300\" class=\"alignleft size-medium wp-image-33780\" srcset=\"https:\/\/windpilot.com\/blog\/wp-content\/uploads\/2025\/10\/IMG_0210-225x300.jpg 225w, https:\/\/windpilot.com\/blog\/wp-content\/uploads\/2025\/10\/IMG_0210-rotated.jpg 480w\" sizes=\"auto, (max-width: 225px) 100vw, 225px\" \/>So lernte ich vor einiger Zeit <strong>John Rose<\/strong> kennen, habe ca 50 Mails mit ihm getauscht, und ihm am Ende eine PACIFIC f\u00fcr seine <em>SV FROLIC<\/em>, einem schweren Gaffelkutter aus dem Jahre ca 1870 verkauft. Das bislang \u00e4lteste Schiff in meiner Agenda. Der Gaffelkutter wurde f\u00fcr mich zur Herausforderung in vielerlei Hinsicht. Die <em>Frolic<\/em> die zu segeln John als <em>FROLICING<\/em> bezeichnete, was so viel heisst wie <em>HERUMTOLLEN<\/em>, war mit komplizierter Radsteuerung \u00fcber Getriebe und Drahtseile bis ins Steuerhaus ausger\u00fcstet, weil die damaligen Berufsseeleute ja auch nicht gerne im Regen stehen wollten. <\/p>\n<p>Jedenfalls wurden wir uns am Ende einig, John hat<br \/>\n<img loading=\"lazy\" decoding=\"async\" src=\"https:\/\/windpilot.com\/blog\/wp-content\/uploads\/2025\/10\/IMG_0229-1-300x225.jpeg\" alt=\"\" width=\"300\" height=\"225\" class=\"alignleft size-medium wp-image-33782\" srcset=\"https:\/\/windpilot.com\/blog\/wp-content\/uploads\/2025\/10\/IMG_0229-1-300x225.jpeg 300w, https:\/\/windpilot.com\/blog\/wp-content\/uploads\/2025\/10\/IMG_0229-1.jpeg 640w\" sizes=\"auto, (max-width: 300px) 100vw, 300px\" \/>bezahlt, die Ware wurde zum Hamburg Airport gebracht und ging fliegen. Wenig sp\u00e4ter dann der ungehaltene Protest von John, der sich dar\u00fcber beschwerte, dass er vor Ort Customs Fees und Geb\u00fchren zu zahlen hatte, was er ablehnte, weil er nicht noch einmal zur Kasse gebeten werden wollte. Ich habe die Sachlage m\u00fchsam zu erkl\u00e4ren versucht, aber John hatte die Nase voll, ich habe am Ende vorgeschlagen, dass ich die Ware wieder nach Hamburg<br \/>\nzur\u00fccknehmen werde und den Kaufpreis zur\u00fcck \u00fcberweisen wollte.<\/p>\n<p>Ich habe von John nie wieder etwas geh\u00f6rt, die PACIFIC wurde nicht retourniert.<br \/>\n<img loading=\"lazy\" decoding=\"async\" src=\"https:\/\/windpilot.com\/blog\/wp-content\/uploads\/2025\/10\/Ohne-Titel-1012x1024.jpg\" alt=\"\" width=\"640\" height=\"648\" class=\"size-large wp-image-33788\" srcset=\"https:\/\/windpilot.com\/blog\/wp-content\/uploads\/2025\/10\/Ohne-Titel-1012x1024.jpg 1012w, https:\/\/windpilot.com\/blog\/wp-content\/uploads\/2025\/10\/Ohne-Titel-297x300.jpg 297w, https:\/\/windpilot.com\/blog\/wp-content\/uploads\/2025\/10\/Ohne-Titel-768x777.jpg 768w, https:\/\/windpilot.com\/blog\/wp-content\/uploads\/2025\/10\/Ohne-Titel.jpg 1186w\" sizes=\"auto, (max-width: 640px) 100vw, 640px\" \/><strong>Am 09.09.2025 allerdings habe ich diese Mail bekommen:<\/strong><\/p>\n<blockquote><p>Hello Peter, it\u2019s definitely about time I give you some feedback.<br \/>\nFirstly, how are you keeping these days ?<br \/>\nSecondly, after having sailed from Tasmania to NewZealand, up around NZ, then to Vanuatu, using your windpilot 99% of the journey, it\u2019s really been great, and it\u2019s hard to imagine having done that without it.<br \/>\nEven though I ended up spending a lot more to have it delivered to Tas, it\u2019s been a positive spend, and I thank you for the object, and your guidance along the way.<br \/>\nI have one question please, as I\u2019ve been using the pilot a lot I can\u2019t remember how much \u2018play\u2019 or looseness it had through the main pivoting shaft, but I\u2019m thinking it might have more than it did ???<br \/>\nHow much jiggle should there be ?<br \/>\nKind regards John. <\/p><\/blockquote>\n<p><strong>Minuten sp\u00e4ter meine Antwort:<\/strong><br \/>\nDear John,<br \/>\nhow nice to hear from you &#8230; how would I yearn for some nice pictures of your beloved vessel on anchor in front of beautiful islands &#8230;which you have visited during the months behind certainly &#8230;<\/p>\n<p>No worry, some play is essential to gain sensitivity over the long run &#8230; here the reason: any wind vane has to create some pressure to the main rudder mainly to effect lee rudder &#8230;. as any vessel will tend to head up into the wind on her own &#8230; so \u201elee play\u201c will never effect steering as the pendulum carriage is creating POWER to one side mostly.<\/p>\n<p>We have had extremely heavy vessel of around 40 t.weight, running 3 times around the world &#8230; with no need to change any single slieve ..<\/p>\n<p>If the pendulum rudder oars tends to vibrate a bit in the water behind the big rudder and the prop &#8230; you can easy \/ or even reduce to zero &#8230; if you slightly readjust the rudder in the rudder fork at lower end at about 1 cm only &#8230;. and overcritical balancing might be reduced or neclected.<\/p>\n<p>I am impatiently waiting for some \u201e eyefood \u201e<\/p>\n<p>take care<br \/>\nPeter<br \/>\n<img loading=\"lazy\" decoding=\"async\" src=\"https:\/\/windpilot.com\/blog\/wp-content\/uploads\/2025\/10\/IMG_2274-Kopie-1024x768.jpeg\" alt=\"\" width=\"640\" height=\"480\" class=\"aligncenter size-large wp-image-33791\" srcset=\"https:\/\/windpilot.com\/blog\/wp-content\/uploads\/2025\/10\/IMG_2274-Kopie-1024x768.jpeg 1024w, https:\/\/windpilot.com\/blog\/wp-content\/uploads\/2025\/10\/IMG_2274-Kopie-300x225.jpeg 300w, https:\/\/windpilot.com\/blog\/wp-content\/uploads\/2025\/10\/IMG_2274-Kopie-768x576.jpeg 768w, https:\/\/windpilot.com\/blog\/wp-content\/uploads\/2025\/10\/IMG_2274-Kopie.jpeg 1280w\" sizes=\"auto, (max-width: 640px) 100vw, 640px\" \/><strong>Minutes later John\u00b4s answer:<\/strong><\/p>\n<blockquote><p>Ok, thanks for fast support, as usual, much appreciated. Yea the blue and green colours are a feast for the eyes\/heart.<br \/>\n<img loading=\"lazy\" decoding=\"async\" src=\"https:\/\/windpilot.com\/blog\/wp-content\/uploads\/2025\/10\/IMG_3287-614x1024.jpeg\" alt=\"\" width=\"614\" height=\"1024\" class=\"aligncenter size-large wp-image-33793\" srcset=\"https:\/\/windpilot.com\/blog\/wp-content\/uploads\/2025\/10\/IMG_3287-614x1024.jpeg 614w, https:\/\/windpilot.com\/blog\/wp-content\/uploads\/2025\/10\/IMG_3287-180x300.jpeg 180w, https:\/\/windpilot.com\/blog\/wp-content\/uploads\/2025\/10\/IMG_3287.jpeg 768w\" sizes=\"auto, (max-width: 614px) 100vw, 614px\" \/><br \/>\n<strong>FROLIC is from Cygnet Tasmania!<\/strong><br \/>\nShe was built in Melbourne Australia around the 1870&#8217;s as a yacht and was converted to a fishing smack in 1899 to fish in Bass Strait if the Victorian coast.<br \/>\nShe was the first commercial vessel fitted with an internal combustion engine in Victoria.<br \/>\nJohn Rose her current owner rescued FROLIC and rebuilt her over 10 years here in Cygnet.<br \/>\nOne of the reasons for FROLIC&#8217;S longevity is she is planked in 2&#8243; New Zealand Kauri!<\/p>\n<p>Wendy Burnett<br \/>\nMy grandfather &#8218;William James Burnett&#8216; owned this boat and used her for fishing. He had an established fishing shed at BATTERY POINT TAS.<br \/>\nThey fished Couta Scallops Crayfish to name a few, and they also smoked Couta at the old IXL Jones building in Hobart.<\/p>\n<p>\ufeffYes an old boat. \u00a0There are a few accounts of the Frolic and all are probably inaccurate if it talks about what this boat was before 1899. The oldest sure account is from a newspaper article in 1899 from Melbourne Victoria, which says \u2018 the old boat Mystery is changing its name to Frolic and heading to Tasmania\u2019<br \/>\nI have over a 14 year project, off and on, replaced ever fastening and piece of wood apart from the main keel piece and the planking, bit by bit so as not to lose the shape. \u00a0<br \/>\nWe know most of the history from 1899. \u00a0She was a fishing boat all those years, but no one know what she was before that, or where or when she was built. Her planks are NewZealand Kauri Pine which was common then as a traded timber, and the other timber suggest she was built in Victoria Australia.\u00a0<br \/>\nIt has become its original name !<\/p><\/blockquote>\n<p><img loading=\"lazy\" decoding=\"async\" src=\"https:\/\/windpilot.com\/blog\/wp-content\/uploads\/2025\/10\/IMG_3326-1024x768.jpeg\" alt=\"\" width=\"640\" height=\"480\" class=\"aligncenter size-large wp-image-33795\" srcset=\"https:\/\/windpilot.com\/blog\/wp-content\/uploads\/2025\/10\/IMG_3326-1024x768.jpeg 1024w, https:\/\/windpilot.com\/blog\/wp-content\/uploads\/2025\/10\/IMG_3326-300x225.jpeg 300w, https:\/\/windpilot.com\/blog\/wp-content\/uploads\/2025\/10\/IMG_3326-768x576.jpeg 768w, https:\/\/windpilot.com\/blog\/wp-content\/uploads\/2025\/10\/IMG_3326.jpeg 1280w\" sizes=\"auto, (max-width: 640px) 100vw, 640px\" \/><strong>Meine Gedanken kamen ins Fliegen, denn John erz\u00e4hlte mir seine Geschichte:<\/strong><br \/>\n<img loading=\"lazy\" decoding=\"async\" src=\"https:\/\/windpilot.com\/blog\/wp-content\/uploads\/2025\/10\/IMG_3331-768x1024.jpeg\" alt=\"\" width=\"640\" height=\"853\" class=\"aligncenter size-large wp-image-33796\" srcset=\"https:\/\/windpilot.com\/blog\/wp-content\/uploads\/2025\/10\/IMG_3331-768x1024.jpeg 768w, https:\/\/windpilot.com\/blog\/wp-content\/uploads\/2025\/10\/IMG_3331-225x300.jpeg 225w, https:\/\/windpilot.com\/blog\/wp-content\/uploads\/2025\/10\/IMG_3331-rotated.jpeg 960w\" sizes=\"auto, (max-width: 640px) 100vw, 640px\" \/><\/p>\n<blockquote><p>I wasn&#8217;t thinking to take on a timber vessel but was interested to see this boat advertised, propped up on the hard next to a river. At first sight the plumb stem captured me like an old dream rising to the moment. It was in a terrible state, having been out of the water for a couple of years, with only a foredeck and poop deck and side decks. open to the sky with a stripped out hull, looking sad indeed. the wet-well had been removed so she was weak through the guts. Pretty much every rib was rotten and the deck unable to be saved along with every deck beam. As it turned out the stem and stern timbers needed replacing too, so in effect all that was there was the shape, the planking, and the main keel to work with. So every fastening was replaced and a whole new boat built to those planks.\u00a0<\/p>\n<p>It needed corking to re-float it, which was a temporary job, which I did so badly that I nearly lost it when craned back into the river as water poured through every seem. I knew nothing of timber boats then. An old fellow told me to have a sack of sawdust ready to shakeout under the hull if it leaked too bad, which is what I did, and it saved the day, along with a friends help and two fire pumps throwing water out as it entered.\u00a0<br \/>\n<img loading=\"lazy\" decoding=\"async\" src=\"https:\/\/windpilot.com\/blog\/wp-content\/uploads\/2025\/10\/IMG_3328-1024x768.jpeg\" alt=\"\" width=\"640\" height=\"480\" class=\"aligncenter size-large wp-image-33798\" srcset=\"https:\/\/windpilot.com\/blog\/wp-content\/uploads\/2025\/10\/IMG_3328-1024x768.jpeg 1024w, https:\/\/windpilot.com\/blog\/wp-content\/uploads\/2025\/10\/IMG_3328-300x225.jpeg 300w, https:\/\/windpilot.com\/blog\/wp-content\/uploads\/2025\/10\/IMG_3328-768x576.jpeg 768w, https:\/\/windpilot.com\/blog\/wp-content\/uploads\/2025\/10\/IMG_3328.jpeg 1280w\" sizes=\"auto, (max-width: 640px) 100vw, 640px\" \/>I reworked a broken down slipway in the countryside near where I lived and built a bush style roof over it and got to demolishing.<\/p>\n<p>After five years or so, I had steamed in all new ribs and stringers and clamp and shelf and floor timbers and deck beams, and re-corked very carefully every seam. It was time to move the boat as time was up in that place. I had bought an old house in a town name Cygnet nearby, re-built an old heavy trailer with 12 truck wheels rolling, re-floated the boat, and dragged it home, and built a shed over it, and a work shed beside, spent another 9 years or so, dragged it back to the sea on that trailer, spent a couple more years working on the rig, and finally got to go for a sail.<br \/>\n<img loading=\"lazy\" decoding=\"async\" src=\"https:\/\/windpilot.com\/blog\/wp-content\/uploads\/2025\/10\/IMG_3327-1024x768.jpeg\" alt=\"\" width=\"640\" height=\"480\" class=\"aligncenter size-large wp-image-33799\" srcset=\"https:\/\/windpilot.com\/blog\/wp-content\/uploads\/2025\/10\/IMG_3327-1024x768.jpeg 1024w, https:\/\/windpilot.com\/blog\/wp-content\/uploads\/2025\/10\/IMG_3327-300x225.jpeg 300w, https:\/\/windpilot.com\/blog\/wp-content\/uploads\/2025\/10\/IMG_3327-768x576.jpeg 768w, https:\/\/windpilot.com\/blog\/wp-content\/uploads\/2025\/10\/IMG_3327.jpeg 1280w\" sizes=\"auto, (max-width: 640px) 100vw, 640px\" \/>This is the front of the story. The back story is one of many feelings, ups and downs. At the halfway point I didn&#8217;t believe in the project anymore.\u00a0 A few relationships passed, and the constant problems of designing and knowing what, how, which order, when, etc made the whole journey feel somehow quietly over dramatic.\u00a0<br \/>\nI feel I was too proud and stubborn to quit, but finally there wasn&#8217;t much pride left as it took so long, and I suppose that&#8217;s ok.<br \/>\n<img loading=\"lazy\" decoding=\"async\" src=\"https:\/\/windpilot.com\/blog\/wp-content\/uploads\/2025\/10\/IMG_0503-rotated.jpg\" alt=\"\" width=\"480\" height=\"640\" class=\"aligncenter size-full wp-image-33800\" srcset=\"https:\/\/windpilot.com\/blog\/wp-content\/uploads\/2025\/10\/IMG_0503-rotated.jpg 480w, https:\/\/windpilot.com\/blog\/wp-content\/uploads\/2025\/10\/IMG_0503-225x300.jpg 225w\" sizes=\"auto, (max-width: 480px) 100vw, 480px\" \/>It really was rewarding though to be sailing across the Tasman Sea on her maiden crossing, with my son who saw it all, to have the Frolic running like a witch, pressed with wind, with that shape of hull finding its way in rough seas so sweetly again, as it had for who knows how long. We put a couple of hundred miles under the keel on one of the 24 hour periods of that crossing, and she was perfectly balanced with two reefs in the main and the jib, running on the quarter, and 30 odd knots of wind.<br \/>\n<img loading=\"lazy\" decoding=\"async\" src=\"https:\/\/windpilot.com\/blog\/wp-content\/uploads\/2025\/10\/img_3582-1024x768.jpeg\" alt=\"\" width=\"640\" height=\"480\" class=\"aligncenter size-large wp-image-33804\" srcset=\"https:\/\/windpilot.com\/blog\/wp-content\/uploads\/2025\/10\/img_3582-1024x768.jpeg 1024w, https:\/\/windpilot.com\/blog\/wp-content\/uploads\/2025\/10\/img_3582-300x225.jpeg 300w, https:\/\/windpilot.com\/blog\/wp-content\/uploads\/2025\/10\/img_3582-768x576.jpeg 768w, https:\/\/windpilot.com\/blog\/wp-content\/uploads\/2025\/10\/img_3582.jpeg 1280w\" sizes=\"auto, (max-width: 640px) 100vw, 640px\" \/>This boat feels good and can really get along, and I must say that now I&#8217;ve been living and cruising with my partner and two young girls for the past 9 months, that the whole journey to date kind of makes sense.<br \/>\n<img loading=\"lazy\" decoding=\"async\" src=\"https:\/\/windpilot.com\/blog\/wp-content\/uploads\/2025\/10\/IMG_2613.jpg\" alt=\"\" width=\"640\" height=\"480\" class=\"aligncenter size-full wp-image-33802\" srcset=\"https:\/\/windpilot.com\/blog\/wp-content\/uploads\/2025\/10\/IMG_2613.jpg 640w, https:\/\/windpilot.com\/blog\/wp-content\/uploads\/2025\/10\/IMG_2613-300x225.jpg 300w\" sizes=\"auto, (max-width: 640px) 100vw, 640px\" \/>The history of this boat is only known from 1899 till the present.<br \/>\nPrior to that it is yet unknown. The last bit of verifiable information<br \/>\nis in that year of 1899, which is a short article from a Melbourne newspaper which says ~ \u2018 the old boat Mystery is changing its name to Frolic and heading to Tasmania.\u2019<br \/>\nSo she became her original name !<\/p>\n<p>regards from Tasmania<br \/>\nJohn of Frolic<\/p><\/blockquote>\n<p><img loading=\"lazy\" decoding=\"async\" src=\"https:\/\/windpilot.com\/blog\/wp-content\/uploads\/2025\/10\/IMG_0539-225x300.jpg\" alt=\"\" width=\"225\" height=\"300\" class=\"alignleft size-medium wp-image-33805\" srcset=\"https:\/\/windpilot.com\/blog\/wp-content\/uploads\/2025\/10\/IMG_0539-225x300.jpg 225w, https:\/\/windpilot.com\/blog\/wp-content\/uploads\/2025\/10\/IMG_0539-rotated.jpg 480w\" sizes=\"auto, (max-width: 225px) 100vw, 225px\" \/><\/p>\n<blockquote class=\"wp-embedded-content\" data-secret=\"AnGHLakCgX\"><p><a href=\"https:\/\/windpilot.com\/blog\/en\/tec-news\/heavyweights\/\">Heavyweights<\/a><\/p><\/blockquote>\n<p><iframe loading=\"lazy\" class=\"wp-embedded-content\" sandbox=\"allow-scripts\" security=\"restricted\" style=\"position: absolute; visibility: hidden;\" title=\"&#8220;Heavyweights&#8221; &#8212; Windpilot Blog EN\" src=\"https:\/\/windpilot.com\/blog\/en\/tec-news\/heavyweights\/embed\/#?secret=67Oz0i7m74#?secret=AnGHLakCgX\" data-secret=\"AnGHLakCgX\" width=\"600\" height=\"338\" frameborder=\"0\" marginwidth=\"0\" marginheight=\"0\" scrolling=\"no\"><\/iframe><\/p>\n<p>\u00a0<\/p>\n","protected":false},"excerpt":{"rendered":"<p>SCHNELL SEGELN AN ANDEREN ENDE DER WELT Hobart ist ein hartes Wort, bei dem jeder Segler sofort eisige Gedanken hat, weil er eben weiss, dass im S\u00fcden von Tasmanien ein anderer Wind sein Regime f\u00fchrt, zeitgleich Segler mit S\u00fcdseegedanken in &hellip; <a href=\"https:\/\/windpilot.com\/blog\/schiffe\/sv-ziska\/sv-frolic-john-rose-tasmania-au\/\">Weiterlesen <span class=\"meta-nav\">&rarr;<\/span><\/a><\/p>\n","protected":false},"author":1,"featured_media":0,"parent":29221,"menu_order":-1,"comment_status":"open","ping_status":"open","template":"","meta":{"footnotes":""},"class_list":["post-33771","page","type-page","status-publish","hentry"],"_links":{"self":[{"href":"https:\/\/windpilot.com\/blog\/wp-json\/wp\/v2\/pages\/33771","targetHints":{"allow":["GET"]}}],"collection":[{"href":"https:\/\/windpilot.com\/blog\/wp-json\/wp\/v2\/pages"}],"about":[{"href":"https:\/\/windpilot.com\/blog\/wp-json\/wp\/v2\/types\/page"}],"author":[{"embeddable":true,"href":"https:\/\/windpilot.com\/blog\/wp-json\/wp\/v2\/users\/1"}],"replies":[{"embeddable":true,"href":"https:\/\/windpilot.com\/blog\/wp-json\/wp\/v2\/comments?post=33771"}],"version-history":[{"count":19,"href":"https:\/\/windpilot.com\/blog\/wp-json\/wp\/v2\/pages\/33771\/revisions"}],"predecessor-version":[{"id":33807,"href":"https:\/\/windpilot.com\/blog\/wp-json\/wp\/v2\/pages\/33771\/revisions\/33807"}],"up":[{"embeddable":true,"href":"https:\/\/windpilot.com\/blog\/wp-json\/wp\/v2\/pages\/29221"}],"wp:attachment":[{"href":"https:\/\/windpilot.com\/blog\/wp-json\/wp\/v2\/media?parent=33771"}],"curies":[{"name":"wp","href":"https:\/\/api.w.org\/{rel}","templated":true}]}}