{"id":33910,"date":"2025-12-14T10:56:15","date_gmt":"2025-12-14T17:56:15","guid":{"rendered":"https:\/\/windpilot.com\/blog\/?page_id=33910"},"modified":"2026-01-02T02:06:10","modified_gmt":"2026-01-02T09:06:10","slug":"schnuff-der-hund","status":"publish","type":"page","link":"https:\/\/windpilot.com\/blog\/wasser-gossip\/schnuff-der-hund\/","title":{"rendered":"Schnuff der Hund"},"content":{"rendered":"<p><strong>EIN COSMOPOLIT<\/strong><br \/>\nNein, ich reise nicht gern allein. F\u00fcr einen Quatschkopf w\u00e4re das eine zu hohe Strafe, der ich gern entrinne, notfalls mit unkonventionellen Mitteln, z.B. einem Gockelhahn, den ich am Strand in Thailand von seinen einsamen Streifen kurz erl\u00f6ste, um ihn n\u00e4her zu be\u00e4ugen und wieder fliegen gehen zu lassen.<br \/>\n<img loading=\"lazy\" decoding=\"async\" src=\"https:\/\/windpilot.com\/blog\/wp-content\/uploads\/2025\/12\/Ohne-Titel.jpg\" alt=\"\" width=\"1002\" height=\"818\" class=\"size-full wp-image-33912\" srcset=\"https:\/\/windpilot.com\/blog\/wp-content\/uploads\/2025\/12\/Ohne-Titel.jpg 1002w, https:\/\/windpilot.com\/blog\/wp-content\/uploads\/2025\/12\/Ohne-Titel-300x245.jpg 300w, https:\/\/windpilot.com\/blog\/wp-content\/uploads\/2025\/12\/Ohne-Titel-768x627.jpg 768w\" sizes=\"auto, (max-width: 1002px) 100vw, 1002px\" \/>Unpraktisch, die H\u00e4nde waren weiss, der Bauch voll Kacke und ungef\u00e4hrlich war der Schnabel auch nicht. Und ein Vieh an Bord lebte meist gef\u00e4hrlich. War also nix. Und auf Flugreisen zu den Messegef\u00e4ngnissen doppel nix. Ersatz war schnell gefunden: Schnuff Schnuff gab\u00b4s bei Tchibo im Sonderangebot. Einmal gekauft, sogleich geklaut, wurde nachgekauft, hat Jahrzehnte gehalten. Der Spass war es wert, damals konnten Telefone nicht nicht fotografieren, ich hatte mein Olympus OM1 Equipment im Handgep\u00e4ck, da war es praktisch, dass der Hund aus Schaumstoff und weniger als ein halbes Kilo wog, beim Check In f\u00fcr fr\u00f6hliche Gesichter auf der ernsten Seite sorgte, was auch f\u00fcr die US customs soldiers galt.<br \/>\n<img loading=\"lazy\" decoding=\"async\" src=\"https:\/\/windpilot.com\/blog\/wp-content\/uploads\/2025\/12\/Golden-Gate-low-1024x677.jpg\" alt=\"\" width=\"640\" height=\"423\" class=\"aligncenter size-large wp-image-33915\" srcset=\"https:\/\/windpilot.com\/blog\/wp-content\/uploads\/2025\/12\/Golden-Gate-low-1024x677.jpg 1024w, https:\/\/windpilot.com\/blog\/wp-content\/uploads\/2025\/12\/Golden-Gate-low-300x198.jpg 300w, https:\/\/windpilot.com\/blog\/wp-content\/uploads\/2025\/12\/Golden-Gate-low-768x508.jpg 768w, https:\/\/windpilot.com\/blog\/wp-content\/uploads\/2025\/12\/Golden-Gate-low-1536x1016.jpg 1536w, https:\/\/windpilot.com\/blog\/wp-content\/uploads\/2025\/12\/Golden-Gate-low-2048x1354.jpg 2048w\" sizes=\"auto, (max-width: 640px) 100vw, 640px\" \/>Der Hund ging viral und ich ging mit, hatte sowieso nix im Gep\u00e4ck, weil ich ohne reiste, zumal ich noch ultrad\u00fcnn auch nicht viel Gep\u00e4ck mein eigen nannte. Eine extra Unterhose, der Rest war schnell zu waschen oder noch schneller zu kaufen. No luggage please, was das Upgrade ins Upperdeck erleichtete, wo man den meisten Platz f\u00fcr lange Gebeine hatte. Oh wie praktisch w\u00fcrde Klein Erna sagen. Schnell drin und schnell wieder draussen, das z\u00e4hlte. Zur Orientierung: das ganze handelte vor ca 30 Jahren, als man in der fliegenden Silberr\u00f6hre noch eine Dreierreihe zu Preis eines einzelnen Stuhls bekam, falls es nicht zum Upgrade reichte.<br \/>\n<img loading=\"lazy\" decoding=\"async\" src=\"https:\/\/windpilot.com\/blog\/wp-content\/uploads\/2025\/12\/NY-Empire-state-1024x677.jpg\" alt=\"\" width=\"640\" height=\"423\" class=\"aligncenter size-large wp-image-33918\" srcset=\"https:\/\/windpilot.com\/blog\/wp-content\/uploads\/2025\/12\/NY-Empire-state-1024x677.jpg 1024w, https:\/\/windpilot.com\/blog\/wp-content\/uploads\/2025\/12\/NY-Empire-state-300x198.jpg 300w, https:\/\/windpilot.com\/blog\/wp-content\/uploads\/2025\/12\/NY-Empire-state-768x508.jpg 768w, https:\/\/windpilot.com\/blog\/wp-content\/uploads\/2025\/12\/NY-Empire-state-1536x1016.jpg 1536w, https:\/\/windpilot.com\/blog\/wp-content\/uploads\/2025\/12\/NY-Empire-state-2048x1354.jpg 2048w\" sizes=\"auto, (max-width: 640px) 100vw, 640px\" \/><strong>Schnuff-Schnuff vor den Zwillingst\u00fcrmen, ganz ohne Fotomontage<\/strong><br \/>\n<img loading=\"lazy\" decoding=\"async\" src=\"https:\/\/windpilot.com\/blog\/wp-content\/uploads\/2025\/12\/Queen-Mary-671x1024.jpg\" alt=\"\" width=\"640\" height=\"977\" class=\"aligncenter size-large wp-image-33919\" srcset=\"https:\/\/windpilot.com\/blog\/wp-content\/uploads\/2025\/12\/Queen-Mary-671x1024.jpg 671w, https:\/\/windpilot.com\/blog\/wp-content\/uploads\/2025\/12\/Queen-Mary-197x300.jpg 197w, https:\/\/windpilot.com\/blog\/wp-content\/uploads\/2025\/12\/Queen-Mary-768x1171.jpg 768w, https:\/\/windpilot.com\/blog\/wp-content\/uploads\/2025\/12\/Queen-Mary-1007x1536.jpg 1007w, https:\/\/windpilot.com\/blog\/wp-content\/uploads\/2025\/12\/Queen-Mary-1343x2048.jpg 1343w, https:\/\/windpilot.com\/blog\/wp-content\/uploads\/2025\/12\/Queen-Mary-scaled.jpg 1678w\" sizes=\"auto, (max-width: 640px) 100vw, 640px\" \/><strong>Vor der Queen Mary am Tage, an dem Lady Di zu Grabe getragen wurde.<\/strong><br \/>\n<img loading=\"lazy\" decoding=\"async\" src=\"https:\/\/windpilot.com\/blog\/wp-content\/uploads\/2025\/12\/Schnuff-Banaane-1024x667.jpg\" alt=\"\" width=\"640\" height=\"417\" class=\"aligncenter size-large wp-image-33920\" srcset=\"https:\/\/windpilot.com\/blog\/wp-content\/uploads\/2025\/12\/Schnuff-Banaane-1024x667.jpg 1024w, https:\/\/windpilot.com\/blog\/wp-content\/uploads\/2025\/12\/Schnuff-Banaane-300x195.jpg 300w, https:\/\/windpilot.com\/blog\/wp-content\/uploads\/2025\/12\/Schnuff-Banaane-768x500.jpg 768w, https:\/\/windpilot.com\/blog\/wp-content\/uploads\/2025\/12\/Schnuff-Banaane-1536x1000.jpg 1536w, https:\/\/windpilot.com\/blog\/wp-content\/uploads\/2025\/12\/Schnuff-Banaane.jpg 1835w\" sizes=\"auto, (max-width: 640px) 100vw, 640px\" \/><strong>Ich bewache die Bananen, mein Chef arbeitet im Hafen<\/strong><br \/>\n<img loading=\"lazy\" decoding=\"async\" src=\"https:\/\/windpilot.com\/blog\/wp-content\/uploads\/2025\/12\/Schnuff-cessna-679x1024.jpg\" alt=\"\" width=\"640\" height=\"965\" class=\"aligncenter size-large wp-image-33921\" srcset=\"https:\/\/windpilot.com\/blog\/wp-content\/uploads\/2025\/12\/Schnuff-cessna-679x1024.jpg 679w, https:\/\/windpilot.com\/blog\/wp-content\/uploads\/2025\/12\/Schnuff-cessna-199x300.jpg 199w, https:\/\/windpilot.com\/blog\/wp-content\/uploads\/2025\/12\/Schnuff-cessna-768x1158.jpg 768w, https:\/\/windpilot.com\/blog\/wp-content\/uploads\/2025\/12\/Schnuff-cessna-1018x1536.jpg 1018w, https:\/\/windpilot.com\/blog\/wp-content\/uploads\/2025\/12\/Schnuff-cessna-1358x2048.jpg 1358w, https:\/\/windpilot.com\/blog\/wp-content\/uploads\/2025\/12\/Schnuff-cessna-scaled.jpg 1697w\" sizes=\"auto, (max-width: 640px) 100vw, 640px\" \/><strong>Ich geh\u00b4fliegen, was machst Du?<\/strong><br \/>\n<img loading=\"lazy\" decoding=\"async\" src=\"https:\/\/windpilot.com\/blog\/wp-content\/uploads\/2025\/12\/Schnuff-Holywood.jpg\" alt=\"\" width=\"849\" height=\"826\" class=\"aligncenter size-full wp-image-33923\" srcset=\"https:\/\/windpilot.com\/blog\/wp-content\/uploads\/2025\/12\/Schnuff-Holywood.jpg 849w, https:\/\/windpilot.com\/blog\/wp-content\/uploads\/2025\/12\/Schnuff-Holywood-300x292.jpg 300w, https:\/\/windpilot.com\/blog\/wp-content\/uploads\/2025\/12\/Schnuff-Holywood-768x747.jpg 768w\" sizes=\"auto, (max-width: 849px) 100vw, 849px\" \/><strong>Ach ja und da war ich auch!<\/strong><br \/>\n<img loading=\"lazy\" decoding=\"async\" src=\"https:\/\/windpilot.com\/blog\/wp-content\/uploads\/2025\/12\/Windpilot-15-Kopie-1024x699.jpeg\" alt=\"\" width=\"640\" height=\"437\" class=\"aligncenter size-large wp-image-33924\" srcset=\"https:\/\/windpilot.com\/blog\/wp-content\/uploads\/2025\/12\/Windpilot-15-Kopie-1024x699.jpeg 1024w, https:\/\/windpilot.com\/blog\/wp-content\/uploads\/2025\/12\/Windpilot-15-Kopie-300x205.jpeg 300w, https:\/\/windpilot.com\/blog\/wp-content\/uploads\/2025\/12\/Windpilot-15-Kopie-768x524.jpeg 768w, https:\/\/windpilot.com\/blog\/wp-content\/uploads\/2025\/12\/Windpilot-15-Kopie.jpeg 1280w\" sizes=\"auto, (max-width: 640px) 100vw, 640px\" \/><strong>Und Hammer bin ich auf gefahren, mit U und H<\/strong><br \/>\n<img loading=\"lazy\" decoding=\"async\" src=\"https:\/\/windpilot.com\/blog\/wp-content\/uploads\/2025\/12\/Schnuff-Liberty-640kb-671x1024.jpg\" alt=\"\" width=\"640\" height=\"977\" class=\"aligncenter size-large wp-image-33926\" srcset=\"https:\/\/windpilot.com\/blog\/wp-content\/uploads\/2025\/12\/Schnuff-Liberty-640kb-671x1024.jpg 671w, https:\/\/windpilot.com\/blog\/wp-content\/uploads\/2025\/12\/Schnuff-Liberty-640kb-197x300.jpg 197w, https:\/\/windpilot.com\/blog\/wp-content\/uploads\/2025\/12\/Schnuff-Liberty-640kb-768x1171.jpg 768w, https:\/\/windpilot.com\/blog\/wp-content\/uploads\/2025\/12\/Schnuff-Liberty-640kb-1007x1536.jpg 1007w, https:\/\/windpilot.com\/blog\/wp-content\/uploads\/2025\/12\/Schnuff-Liberty-640kb-1343x2048.jpg 1343w, https:\/\/windpilot.com\/blog\/wp-content\/uploads\/2025\/12\/Schnuff-Liberty-640kb-scaled.jpg 1678w\" sizes=\"auto, (max-width: 640px) 100vw, 640px\" \/><strong>F\u00fcr Fottos brauchte man nirgends anzustehen, nicht einmal hier<\/strong><br \/>\n<img loading=\"lazy\" decoding=\"async\" src=\"https:\/\/windpilot.com\/blog\/wp-content\/uploads\/2025\/12\/schnuff-white-house-quer-1024x825.jpg\" alt=\"\" width=\"640\" height=\"516\" class=\"aligncenter size-large wp-image-33927\" srcset=\"https:\/\/windpilot.com\/blog\/wp-content\/uploads\/2025\/12\/schnuff-white-house-quer-1024x825.jpg 1024w, https:\/\/windpilot.com\/blog\/wp-content\/uploads\/2025\/12\/schnuff-white-house-quer-300x242.jpg 300w, https:\/\/windpilot.com\/blog\/wp-content\/uploads\/2025\/12\/schnuff-white-house-quer-768x619.jpg 768w, https:\/\/windpilot.com\/blog\/wp-content\/uploads\/2025\/12\/schnuff-white-house-quer-1536x1238.jpg 1536w, https:\/\/windpilot.com\/blog\/wp-content\/uploads\/2025\/12\/schnuff-white-house-quer.jpg 1722w\" sizes=\"auto, (max-width: 640px) 100vw, 640px\" \/><strong>Da war Donald noch ein Jungs Name unter vielen<\/strong><br \/>\n<img loading=\"lazy\" decoding=\"async\" src=\"https:\/\/windpilot.com\/blog\/wp-content\/uploads\/2025\/12\/Wasserflieger-1024x677.jpg\" alt=\"\" width=\"640\" height=\"423\" class=\"aligncenter size-large wp-image-33928\" srcset=\"https:\/\/windpilot.com\/blog\/wp-content\/uploads\/2025\/12\/Wasserflieger-1024x677.jpg 1024w, https:\/\/windpilot.com\/blog\/wp-content\/uploads\/2025\/12\/Wasserflieger-300x198.jpg 300w, https:\/\/windpilot.com\/blog\/wp-content\/uploads\/2025\/12\/Wasserflieger-768x508.jpg 768w, https:\/\/windpilot.com\/blog\/wp-content\/uploads\/2025\/12\/Wasserflieger-1536x1016.jpg 1536w, https:\/\/windpilot.com\/blog\/wp-content\/uploads\/2025\/12\/Wasserflieger-2048x1354.jpg 2048w\" sizes=\"auto, (max-width: 640px) 100vw, 640px\" \/><strong>Fliegen ein Vergn\u00fcgen f\u00fcr jedermann, z.B. bei Hans Bernwall vor der T\u00fcr<\/strong><br \/>\n<img loading=\"lazy\" decoding=\"async\" src=\"https:\/\/windpilot.com\/blog\/wp-content\/uploads\/2025\/12\/Westminster-quer-1024x891.jpg\" alt=\"\" width=\"640\" height=\"557\" class=\"size-large wp-image-33929\" srcset=\"https:\/\/windpilot.com\/blog\/wp-content\/uploads\/2025\/12\/Westminster-quer-1024x891.jpg 1024w, https:\/\/windpilot.com\/blog\/wp-content\/uploads\/2025\/12\/Westminster-quer-300x261.jpg 300w, https:\/\/windpilot.com\/blog\/wp-content\/uploads\/2025\/12\/Westminster-quer-768x668.jpg 768w, https:\/\/windpilot.com\/blog\/wp-content\/uploads\/2025\/12\/Westminster-quer-1536x1336.jpg 1536w, https:\/\/windpilot.com\/blog\/wp-content\/uploads\/2025\/12\/Westminster-quer.jpg 1740w\" sizes=\"auto, (max-width: 640px) 100vw, 640px\" \/><strong>Ich habe viele Tagen beim High Court um die Ecke verbracht, derweil mein Cheffe genau dort zu schwitzen hatte<\/strong><br \/>\nFortsetzung folgt, meine Erinnerung braucht Pause,<\/p>\n<p>14.12.2025<br \/>\nPeter Foerthmann<br \/>\n<img loading=\"lazy\" decoding=\"async\" src=\"https:\/\/windpilot.com\/blog\/wp-content\/uploads\/2025\/12\/2.-Peter-Wichte-Kopie-300x225.jpeg\" alt=\"\" width=\"300\" height=\"225\" class=\"alignleft size-medium wp-image-33934\" srcset=\"https:\/\/windpilot.com\/blog\/wp-content\/uploads\/2025\/12\/2.-Peter-Wichte-Kopie-300x225.jpeg 300w, https:\/\/windpilot.com\/blog\/wp-content\/uploads\/2025\/12\/2.-Peter-Wichte-Kopie-1024x768.jpeg 1024w, https:\/\/windpilot.com\/blog\/wp-content\/uploads\/2025\/12\/2.-Peter-Wichte-Kopie-768x576.jpeg 768w, https:\/\/windpilot.com\/blog\/wp-content\/uploads\/2025\/12\/2.-Peter-Wichte-Kopie.jpeg 1280w\" sizes=\"auto, (max-width: 300px) 100vw, 300px\" \/><\/p>\n","protected":false},"excerpt":{"rendered":"<p>EIN COSMOPOLIT Nein, ich reise nicht gern allein. F\u00fcr einen Quatschkopf w\u00e4re das eine zu hohe Strafe, der ich gern entrinne, notfalls mit unkonventionellen Mitteln, z.B. einem Gockelhahn, den ich am Strand in Thailand von seinen einsamen Streifen kurz erl\u00f6ste, &hellip; <a href=\"https:\/\/windpilot.com\/blog\/wasser-gossip\/schnuff-der-hund\/\">Weiterlesen <span class=\"meta-nav\">&rarr;<\/span><\/a><\/p>\n","protected":false},"author":1,"featured_media":0,"parent":30171,"menu_order":-3,"comment_status":"open","ping_status":"closed","template":"","meta":{"footnotes":""},"class_list":["post-33910","page","type-page","status-publish","hentry"],"_links":{"self":[{"href":"https:\/\/windpilot.com\/blog\/wp-json\/wp\/v2\/pages\/33910","targetHints":{"allow":["GET"]}}],"collection":[{"href":"https:\/\/windpilot.com\/blog\/wp-json\/wp\/v2\/pages"}],"about":[{"href":"https:\/\/windpilot.com\/blog\/wp-json\/wp\/v2\/types\/page"}],"author":[{"embeddable":true,"href":"https:\/\/windpilot.com\/blog\/wp-json\/wp\/v2\/users\/1"}],"replies":[{"embeddable":true,"href":"https:\/\/windpilot.com\/blog\/wp-json\/wp\/v2\/comments?post=33910"}],"version-history":[{"count":13,"href":"https:\/\/windpilot.com\/blog\/wp-json\/wp\/v2\/pages\/33910\/revisions"}],"predecessor-version":[{"id":33951,"href":"https:\/\/windpilot.com\/blog\/wp-json\/wp\/v2\/pages\/33910\/revisions\/33951"}],"up":[{"embeddable":true,"href":"https:\/\/windpilot.com\/blog\/wp-json\/wp\/v2\/pages\/30171"}],"wp:attachment":[{"href":"https:\/\/windpilot.com\/blog\/wp-json\/wp\/v2\/media?parent=33910"}],"curies":[{"name":"wp","href":"https:\/\/api.w.org\/{rel}","templated":true}]}}