{"id":34169,"date":"2026-02-28T07:40:46","date_gmt":"2026-02-28T14:40:46","guid":{"rendered":"https:\/\/windpilot.com\/blog\/?page_id=34169"},"modified":"2026-02-28T07:40:46","modified_gmt":"2026-02-28T14:40:46","slug":"die-suppenkasper","status":"publish","type":"page","link":"https:\/\/windpilot.com\/blog\/windpilot-cartoons\/die-suppenkasper\/","title":{"rendered":"Die Suppenkasper"},"content":{"rendered":"<p><strong>DIE ALLES BESSER WISSER<\/strong><br \/>\n<img loading=\"lazy\" decoding=\"async\" src=\"https:\/\/windpilot.com\/blog\/wp-content\/uploads\/2026\/02\/brett-low-1024x803.jpg\" alt=\"\" width=\"640\" height=\"502\" class=\"size-large wp-image-34170\" srcset=\"https:\/\/windpilot.com\/blog\/wp-content\/uploads\/2026\/02\/brett-low-1024x803.jpg 1024w, https:\/\/windpilot.com\/blog\/wp-content\/uploads\/2026\/02\/brett-low-300x235.jpg 300w, https:\/\/windpilot.com\/blog\/wp-content\/uploads\/2026\/02\/brett-low-768x602.jpg 768w, https:\/\/windpilot.com\/blog\/wp-content\/uploads\/2026\/02\/brett-low-1536x1205.jpg 1536w, https:\/\/windpilot.com\/blog\/wp-content\/uploads\/2026\/02\/brett-low-2048x1607.jpg 2048w\" sizes=\"auto, (max-width: 640px) 100vw, 640px\" \/>Liebe Inga, mir geistert seit einiger Zeit ein Cartoon im Kopf herum,. schl\u00e4gt dort Purzelb\u00e4ume &#8230; und will durch deine ge\u00fcbte Hand VEREWIGT werden &#8211; geboren werden, w\u00e4re besser:<br \/>\n<img loading=\"lazy\" decoding=\"async\" src=\"https:\/\/windpilot.com\/blog\/wp-content\/uploads\/2026\/02\/aufdemkopf-low-1024x916.jpg\" alt=\"\" width=\"640\" height=\"573\" class=\"size-large wp-image-34177\" srcset=\"https:\/\/windpilot.com\/blog\/wp-content\/uploads\/2026\/02\/aufdemkopf-low-1024x916.jpg 1024w, https:\/\/windpilot.com\/blog\/wp-content\/uploads\/2026\/02\/aufdemkopf-low-300x268.jpg 300w, https:\/\/windpilot.com\/blog\/wp-content\/uploads\/2026\/02\/aufdemkopf-low-768x687.jpg 768w, https:\/\/windpilot.com\/blog\/wp-content\/uploads\/2026\/02\/aufdemkopf-low-1536x1374.jpg 1536w, https:\/\/windpilot.com\/blog\/wp-content\/uploads\/2026\/02\/aufdemkopf-low-2048x1831.jpg 2048w\" sizes=\"auto, (max-width: 640px) 100vw, 640px\" \/>Es ist die Geschichte vom SUPPENKASPER  Struwwelpeter _ nein meine Suppe esse ich nicht<br \/>\n<img loading=\"lazy\" decoding=\"async\" src=\"https:\/\/windpilot.com\/blog\/wp-content\/uploads\/2026\/02\/manuals-low-1024x842.jpg\" alt=\"\" width=\"640\" height=\"526\" class=\"size-large wp-image-34173\" srcset=\"https:\/\/windpilot.com\/blog\/wp-content\/uploads\/2026\/02\/manuals-low-1024x842.jpg 1024w, https:\/\/windpilot.com\/blog\/wp-content\/uploads\/2026\/02\/manuals-low-300x247.jpg 300w, https:\/\/windpilot.com\/blog\/wp-content\/uploads\/2026\/02\/manuals-low-768x631.jpg 768w, https:\/\/windpilot.com\/blog\/wp-content\/uploads\/2026\/02\/manuals-low-1536x1263.jpg 1536w, https:\/\/windpilot.com\/blog\/wp-content\/uploads\/2026\/02\/manuals-low-2048x1684.jpg 2048w\" sizes=\"auto, (max-width: 640px) 100vw, 640px\" \/>Umgesetzt mitten ins Wassermedium: es geht um Besserwisser, die anstelle der Lekt\u00fcre des Manuals oder eines Fachbuches &#8230; ALLES BESSER WISSEN und dar\u00fcber die Praxis vergessen &#8230; endlose Diskussionen f\u00fchren, weil sie nicht an eine simple Mechanik glauben k\u00f6nnen \/ wollen.<br \/>\n<img loading=\"lazy\" decoding=\"async\" src=\"https:\/\/windpilot.com\/blog\/wp-content\/uploads\/2026\/02\/ohrfeige-low-1024x698.jpg\" alt=\"\" width=\"640\" height=\"436\" class=\"size-large wp-image-34174\" srcset=\"https:\/\/windpilot.com\/blog\/wp-content\/uploads\/2026\/02\/ohrfeige-low-1024x698.jpg 1024w, https:\/\/windpilot.com\/blog\/wp-content\/uploads\/2026\/02\/ohrfeige-low-300x204.jpg 300w, https:\/\/windpilot.com\/blog\/wp-content\/uploads\/2026\/02\/ohrfeige-low-768x523.jpg 768w, https:\/\/windpilot.com\/blog\/wp-content\/uploads\/2026\/02\/ohrfeige-low-1536x1047.jpg 1536w, https:\/\/windpilot.com\/blog\/wp-content\/uploads\/2026\/02\/ohrfeige-low-2048x1396.jpg 2048w\" sizes=\"auto, (max-width: 640px) 100vw, 640px\" \/>Ich habe gerade aktuell so einen Patienten zu betreuen &#8230; vor dessen Kopf ein dickes Brett genagelt ist &#8230; das w\u00e4re dann sogar bereits eines der Bilder.<\/p>\n<p>Hast Du Zeit? Machst Du mit? Machst Du das flott?<\/p>\n<p>Viele Fragen am Tag der deutschen Einheit &#8230; an dem wir alle zur Andacht gegangen sind &#8230; nee joking!<\/p>\n<p>Und nun lege ich mich auf die Mauer auf die Lauer und waaaarte auf Antworten.<\/p>\n<p>Im Oktober 2022 ausgekapsert<\/p>\n<p>allerbest aus Hamburg<br \/>\nPeter<\/p>\n","protected":false},"excerpt":{"rendered":"<p>DIE ALLES BESSER WISSER Liebe Inga, mir geistert seit einiger Zeit ein Cartoon im Kopf herum,. schl\u00e4gt dort Purzelb\u00e4ume &#8230; und will durch deine ge\u00fcbte Hand VEREWIGT werden &#8211; geboren werden, w\u00e4re besser: Es ist die Geschichte vom SUPPENKASPER Struwwelpeter &hellip; <a href=\"https:\/\/windpilot.com\/blog\/windpilot-cartoons\/die-suppenkasper\/\">Weiterlesen <span class=\"meta-nav\">&rarr;<\/span><\/a><\/p>\n","protected":false},"author":1,"featured_media":0,"parent":30970,"menu_order":-6,"comment_status":"open","ping_status":"open","template":"","meta":{"footnotes":""},"class_list":["post-34169","page","type-page","status-publish","hentry"],"_links":{"self":[{"href":"https:\/\/windpilot.com\/blog\/wp-json\/wp\/v2\/pages\/34169","targetHints":{"allow":["GET"]}}],"collection":[{"href":"https:\/\/windpilot.com\/blog\/wp-json\/wp\/v2\/pages"}],"about":[{"href":"https:\/\/windpilot.com\/blog\/wp-json\/wp\/v2\/types\/page"}],"author":[{"embeddable":true,"href":"https:\/\/windpilot.com\/blog\/wp-json\/wp\/v2\/users\/1"}],"replies":[{"embeddable":true,"href":"https:\/\/windpilot.com\/blog\/wp-json\/wp\/v2\/comments?post=34169"}],"version-history":[{"count":4,"href":"https:\/\/windpilot.com\/blog\/wp-json\/wp\/v2\/pages\/34169\/revisions"}],"predecessor-version":[{"id":34178,"href":"https:\/\/windpilot.com\/blog\/wp-json\/wp\/v2\/pages\/34169\/revisions\/34178"}],"up":[{"embeddable":true,"href":"https:\/\/windpilot.com\/blog\/wp-json\/wp\/v2\/pages\/30970"}],"wp:attachment":[{"href":"https:\/\/windpilot.com\/blog\/wp-json\/wp\/v2\/media?parent=34169"}],"curies":[{"name":"wp","href":"https:\/\/api.w.org\/{rel}","templated":true}]}}