{"id":4486,"date":"2011-08-07T09:58:56","date_gmt":"2011-08-07T16:58:56","guid":{"rendered":"https:\/\/windpilot.com\/blog\/?page_id=4486"},"modified":"2018-01-03T07:36:25","modified_gmt":"2018-01-03T14:36:25","slug":"links","status":"publish","type":"page","link":"https:\/\/windpilot.com\/blog\/ausruestung\/links\/","title":{"rendered":"Amateurfunk"},"content":{"rendered":"<div id=\"attachment_5597\" style=\"width: 650px\" class=\"wp-caption aligncenter\"><a href=\"https:\/\/windpilot.com\/blog\/wp-content\/uploads\/2011\/08\/guenther.jpg\"><img loading=\"lazy\" decoding=\"async\" aria-describedby=\"caption-attachment-5597\" src=\"https:\/\/windpilot.com\/blog\/wp-content\/uploads\/2011\/08\/guenther-1024x721.jpg\" alt=\"\" title=\"guenther\" width=\"640\" height=\"450\" class=\"size-large wp-image-5597\" srcset=\"https:\/\/windpilot.com\/blog\/wp-content\/uploads\/2011\/08\/guenther-1024x721.jpg 1024w, https:\/\/windpilot.com\/blog\/wp-content\/uploads\/2011\/08\/guenther-300x211.jpg 300w, https:\/\/windpilot.com\/blog\/wp-content\/uploads\/2011\/08\/guenther.jpg 1567w\" sizes=\"auto, (max-width: 640px) 100vw, 640px\" \/><\/a><p id=\"caption-attachment-5597\" class=\"wp-caption-text\">Cartoon Pacific Island Net by Inga Beitz SV Olgalou<\/p><\/div>\n<p><div id=\"attachment_4978\" style=\"width: 310px\" class=\"wp-caption alignleft\"><a href=\"https:\/\/windpilot.com\/blog\/wp-content\/uploads\/2011\/09\/Der-lustige-K\u00f6lner.jpg\"><img loading=\"lazy\" decoding=\"async\" aria-describedby=\"caption-attachment-4978\" src=\"https:\/\/windpilot.com\/blog\/wp-content\/uploads\/2011\/09\/Der-lustige-K\u00f6lner-300x168.jpg\" alt=\"\" title=\"Der lustige K\u00f6lner\" width=\"300\" height=\"168\" class=\"size-medium wp-image-4978\" srcset=\"https:\/\/windpilot.com\/blog\/wp-content\/uploads\/2011\/09\/Der-lustige-K\u00f6lner-300x168.jpg 300w, https:\/\/windpilot.com\/blog\/wp-content\/uploads\/2011\/09\/Der-lustige-K\u00f6lner.jpg 961w\" sizes=\"auto, (max-width: 300px) 100vw, 300px\" \/><\/a><p id=\"caption-attachment-4978\" class=\"wp-caption-text\">G\u00fcnter Hamacher - Panama<\/p><\/div>Einmal losgefahren &#8211; losgebunden von der Heimat &#8211; werden Verbindungen wichtig &#8211; die man an Land mit leichter Hand &#8211; immer und stets verf\u00fcgbar hatte. Telefone jede Menge &#8211; das Auto vor der T\u00fcr &#8211; Kneipen, Vereine, H\u00e4fen, jede Art von Menschen Haufen &#8211; sind verf\u00fcgbar &#8211; man muss selten sehr weit Laufen &#8211; wenn man Kontakte haben will.<\/p>\n<p>Der Unterschied zum Leben auf See k\u00f6nnte verschiedener nicht sein &#8211; auch wenn Segler in H\u00e4fen liegen oder Runden um den Anker schieben &#8211; die Heimat ist weit &#8211; und die Zeit verschieden.<!--more--><\/p>\n<p>Was fr\u00fcher die Post als Schnecke machte &#8211; ist heute elektronisch enorm beschleunigt &#8211; wir sind vernetzt &#8211; bis in die hinterste Koje &#8211; deren jede alternativ von Besatzung oder Schlepptop bewohnt &#8211; weil sich heute bereits ein Computer pro Kopf schon lohnt. Elektronisch sind Segler heute s\u00e4mtlich auf eigenen F\u00fcssen unterwegs.<\/p>\n<p>Netzwerke wollen individuell gepampert werden &#8211; vielen gen\u00fcgt dabei der Facebook Finger &#8211; aber auf See werden die Botschaften besser &#8211; weil man von unerh\u00f6rten Erlebnissen auf See ja zu hause berichten will.<br \/>\n<div id=\"attachment_4983\" style=\"width: 310px\" class=\"wp-caption alignleft\"><a href=\"https:\/\/windpilot.com\/blog\/wp-content\/uploads\/2011\/09\/Da-pr\u00fcft-er-ob-alles-OK-ist.jpg\"><img loading=\"lazy\" decoding=\"async\" aria-describedby=\"caption-attachment-4983\" src=\"https:\/\/windpilot.com\/blog\/wp-content\/uploads\/2011\/09\/Da-pr\u00fcft-er-ob-alles-OK-ist-300x225.jpg\" alt=\"\" title=\"Da pr\u00fcft er ob alles OK ist\" width=\"300\" height=\"225\" class=\"size-medium wp-image-4983\" srcset=\"https:\/\/windpilot.com\/blog\/wp-content\/uploads\/2011\/09\/Da-pr\u00fcft-er-ob-alles-OK-ist-300x225.jpg 300w, https:\/\/windpilot.com\/blog\/wp-content\/uploads\/2011\/09\/Da-pr\u00fcft-er-ob-alles-OK-ist.jpg 1024w\" sizes=\"auto, (max-width: 300px) 100vw, 300px\" \/><\/a><p id=\"caption-attachment-4983\" class=\"wp-caption-text\">Pacific Island Net<\/p><\/div>Wie oft wird dabei vergessen, dass die Verbindungen eines Schiffes von Land zu Land nicht nur durch Wassermassen gegeben sind &#8211; es sind hingegen die unsichtbaren Wellen &#8211; die Seglers Botschaften transportieren &#8211; die fliegen sollen zu entfernten Masten &#8211; die unterwegs dabei nicht verloren gehen &#8211; bevor sie der Empf\u00e4nger zu hause  gesehen. <\/p>\n<p>Es sind die Funkwellen &#8211; die uns \u00fcberall umgeben &#8211;  die von Mast zu Mast auf D\u00e4chern oder Bauern Feldern &#8211; strategisch wichtig &#8211; jede Verbindung m\u00f6glich machen &#8211; deren Transportwege weltweit arrangiert &#8211; \u00fcber oder unterirdisch &#8211; gar im Wasser &#8211; unseren Erdball schrumpfen lassen.<\/p>\n<p>Auf See hingegen sieht die Sache anders aus &#8211; dort gibt es andere Notwendigkeiten &#8211; die Verbindung zwischen Schiff und Land zu arrangieren &#8211; weil gro\u00dfe Entfernungen nur in besonderer Weise &#8211; f\u00fcr Botschaften zu \u00fcberbr\u00fccken sind. <\/p>\n<p>Im Gegensatz zu Donauwellen &#8211; die zum Walzern einzuladen scheinen &#8211; sind Funkwellen in besonderer Weise die Pferde, die es f\u00fcr Seefahrer zu satteln gilt.<br \/>\n<div id=\"attachment_4989\" style=\"width: 310px\" class=\"wp-caption alignleft\"><a href=\"https:\/\/windpilot.com\/blog\/wp-content\/uploads\/2011\/09\/G\u00fcnters-Strand.jpg\"><img loading=\"lazy\" decoding=\"async\" aria-describedby=\"caption-attachment-4989\" src=\"https:\/\/windpilot.com\/blog\/wp-content\/uploads\/2011\/09\/G\u00fcnters-Strand-300x225.jpg\" alt=\"\" title=\"G\u00fcnters Strand\" width=\"300\" height=\"225\" class=\"size-medium wp-image-4989\" srcset=\"https:\/\/windpilot.com\/blog\/wp-content\/uploads\/2011\/09\/G\u00fcnters-Strand-300x225.jpg 300w, https:\/\/windpilot.com\/blog\/wp-content\/uploads\/2011\/09\/G\u00fcnters-Strand.jpg 1024w\" sizes=\"auto, (max-width: 300px) 100vw, 300px\" \/><\/a><p id=\"caption-attachment-4989\" class=\"wp-caption-text\">G\u00fcnters private beach<\/p><\/div>Trotz aller Tricks durch die Jahrzehnte &#8211; hat man Funkwellen hingegen &#8211; ebenso wenig wie ihre wasserhaltigen Geschwister &#8211; nicht ver\u00e4ndert &#8211; sie bremsen oder beschleunigen k\u00f6nnen &#8211; man musste sich anpassen &#8211; so das Geheimnis &#8211; weil man ansonsten allein gelassen &#8211; mit den Funkwellen und Wassermassen!<\/p>\n<p>Eine ganze Industrie forscht und entwickelt rund um unsichtbare Wellen &#8211; wir Segler k\u00f6nnen kaufen &#8211; was das Herz begehrt &#8211; bis sich Konto und Tasche vollends entleert. <\/p>\n<p>War\u00b4s das wert?<br \/>\n<div id=\"attachment_4985\" style=\"width: 310px\" class=\"wp-caption alignleft\"><a href=\"https:\/\/windpilot.com\/blog\/wp-content\/uploads\/2011\/09\/P1070297.jpg\"><img loading=\"lazy\" decoding=\"async\" aria-describedby=\"caption-attachment-4985\" src=\"https:\/\/windpilot.com\/blog\/wp-content\/uploads\/2011\/09\/P1070297-300x225.jpg\" alt=\"\" title=\"P1070297\" width=\"300\" height=\"225\" class=\"size-medium wp-image-4985\" srcset=\"https:\/\/windpilot.com\/blog\/wp-content\/uploads\/2011\/09\/P1070297-300x225.jpg 300w, https:\/\/windpilot.com\/blog\/wp-content\/uploads\/2011\/09\/P1070297-1024x768.jpg 1024w\" sizes=\"auto, (max-width: 300px) 100vw, 300px\" \/><\/a><p id=\"caption-attachment-4985\" class=\"wp-caption-text\">SV Janila at sea<\/p><\/div>Das merken Segler dann erst sp\u00e4ter auf See &#8211; wenn der Horizont eine glatte Linie &#8211; und sie versuchen &#8211; den Kontakt zu halten &#8211; dabei merken &#8211; dass die Botschaften verzerrt &#8211; oder sogar unh\u00f6rbar &#8211; auch wenn man\u00b4s beschw\u00f6rt.<\/p>\n<p>Fachleute sind gut &#8211; aber nicht jeder Rat geeignet &#8211; Probleme zu beheben &#8211; so mal eben &#8211; die man erst sp\u00e4ter in ganzer Breite erkennt &#8211; und sieht, wo es brennt &#8211; weil die Funke pennt.<\/p>\n<p>Im Atlantik sind die Distanzen noch angemessen &#8211; die Probleme mit Reichweiten sind moderat. <\/p>\n<p>Im Pacific dagegen wird es hart &#8211; denn dort ist das Element gewaltig &#8211; das zu \u00fcberwinden f\u00fcr Funkwellen zur Herausforderung geraten &#8211; hier trennt sich die Spreu vom Weizen &#8211; hier zeigt sich &#8211; wie gut das Instrumenten Investment gewesen ist &#8211; weil man ansonsten &#8211; funkwellen-m\u00e4\u00dfig &#8211; im Dunkeln sitzen bleibt &#8211; ganz alleine mit Frau und Maus &#8211; auf einem Schiff &#8211; weit weg von zu Haus &#8211; ohne Verbindung allein gelassen &#8211; in den Wassermassen.<br \/>\n<div id=\"attachment_4986\" style=\"width: 310px\" class=\"wp-caption alignleft\"><a href=\"https:\/\/windpilot.com\/blog\/wp-content\/uploads\/2011\/09\/Location-in-isla-Contadora-in-red..jpg\"><img loading=\"lazy\" decoding=\"async\" aria-describedby=\"caption-attachment-4986\" src=\"https:\/\/windpilot.com\/blog\/wp-content\/uploads\/2011\/09\/Location-in-isla-Contadora-in-red.-300x203.jpg\" alt=\"\" title=\"Location in isla Contadora in red.\" width=\"300\" height=\"203\" class=\"size-medium wp-image-4986\" srcset=\"https:\/\/windpilot.com\/blog\/wp-content\/uploads\/2011\/09\/Location-in-isla-Contadora-in-red.-300x203.jpg 300w, https:\/\/windpilot.com\/blog\/wp-content\/uploads\/2011\/09\/Location-in-isla-Contadora-in-red..jpg 945w\" sizes=\"auto, (max-width: 300px) 100vw, 300px\" \/><\/a><p id=\"caption-attachment-4986\" class=\"wp-caption-text\">Contador - La Perla - Panama<\/p><\/div>Strategisch g\u00fcnstig &#8211; direkt hinter Panama &#8211; da wohnt seit 30 Jahren regelm\u00e4ssig &#8211; der PANAMA G\u00dcNTER auf CONTADOR \/ LAS PERLAS &#8211; in seinem Haus.<\/p>\n<p>Tausende Segler kennen ihn als THE VOICE &#8211; als FRANK SINATRA des Pacific &#8211; weil er funkwellenm\u00e4ssig &#8211; den gesamten Pacific zu erreichen in der Lage ist. <a href=\"http:\/\/www.trans-ocean.org\/news\/pacific-netz.htm\" target=\"_blank \">PACIFIC ISLAND NET<\/a><\/p>\n<p>Es hat sich hingegen seit 22 Jahren gezeigt, was Installationen von vielen professionellen M\u00e4nnern &#8211; in der Praxis auf See am Ende wert gewesen &#8211; denn bei G\u00fcnter kommen s\u00e4mtliche PACIFIC SEGLER zwangsl\u00e4ufig vorbei &#8211; weil seine Insel auf dem Weg nach GALAPAGOS stets im Wege liegt. Man mu\u00df da hin!.<br \/>\n<div id=\"attachment_4987\" style=\"width: 310px\" class=\"wp-caption alignleft\"><a href=\"https:\/\/windpilot.com\/blog\/wp-content\/uploads\/2011\/09\/G\u00fcnters-Schiff.jpg\"><img loading=\"lazy\" decoding=\"async\" aria-describedby=\"caption-attachment-4987\" src=\"https:\/\/windpilot.com\/blog\/wp-content\/uploads\/2011\/09\/G\u00fcnters-Schiff-300x225.jpg\" alt=\"\" title=\"G\u00fcnters Schiff\" width=\"300\" height=\"225\" class=\"size-medium wp-image-4987\" srcset=\"https:\/\/windpilot.com\/blog\/wp-content\/uploads\/2011\/09\/G\u00fcnters-Schiff-300x225.jpg 300w, https:\/\/windpilot.com\/blog\/wp-content\/uploads\/2011\/09\/G\u00fcnters-Schiff-1024x768.jpg 1024w, https:\/\/windpilot.com\/blog\/wp-content\/uploads\/2011\/09\/G\u00fcnters-Schiff.jpg 2048w\" sizes=\"auto, (max-width: 300px) 100vw, 300px\" \/><\/a><p id=\"caption-attachment-4987\" class=\"wp-caption-text\">G\u00fcnters yacht ready for beaching<\/p><\/div>Mit Quad und Beiboot geschultert ist G\u00fcnter bei Tausenden Yachten an Bord gewesen &#8211; hat dort sein Handwerk erledigt &#8211; das die Funkwellen wieder zum Fliegen &#8211; und Yachten ihn h\u00f6ren l\u00e4sst noch auf der anderen Pacific Seite. Sein Sachverstand war stets hochwillkommen &#8211; zumal es die kleinen Dinge &#8211; die den Unterschied f\u00fcr Funkwellen zwischen Porsche und Goggo Mobil &#8211; gewesen sind.<\/p>\n<p>Ganze Flotten von WORLD ARC und anderen Regatten haben bei ihm vor der Beach gelegen &#8211; haben Drinks auf der Terrasse genossen &#8211; w\u00e4hrend die Kids mit Flossen an der Beach gespielt &#8211; seinen Vortrag in Wellen Sachen angeh\u00f6rt &#8211; und HAND-ON &#8211; unter G\u00fcnters Anleitung in die Praxis umgesetzt &#8211; haben Kabel gewetzt und Pole geschliffen &#8211; bis die Funkwellen wieder tanzen konnten &#8211; von Schiff zu Schiff &#8211; und bei G\u00fcnter im Ohr wieder fanden Geh\u00f6r &#8211; f\u00fcr Inschen\u00f6re ist eben nix zu schw\u00f6r!<\/p>\n<p>Ich kenne G\u00fcnter elektronisch nun seit vielen Jahren &#8211; und habe ihn neulich gefragt &#8211; ob wir seinen Rat &#8211; nicht anderen Seglern zug\u00e4ngig machen wollen &#8211; nicht nur denen, die ohnehin bei ihm vor der Terrasse &#8211; dann erst erfahren, dass ihre Funke keineswegs klasse gewesen ist.<br \/>\n<div id=\"attachment_4988\" style=\"width: 310px\" class=\"wp-caption alignleft\"><a href=\"https:\/\/windpilot.com\/blog\/wp-content\/uploads\/2011\/09\/Das-muss-er-machen.jpg\"><img loading=\"lazy\" decoding=\"async\" aria-describedby=\"caption-attachment-4988\" src=\"https:\/\/windpilot.com\/blog\/wp-content\/uploads\/2011\/09\/Das-muss-er-machen-300x168.jpg\" alt=\"\" title=\"Das muss er machen\" width=\"300\" height=\"168\" class=\"size-medium wp-image-4988\" srcset=\"https:\/\/windpilot.com\/blog\/wp-content\/uploads\/2011\/09\/Das-muss-er-machen-300x168.jpg 300w, https:\/\/windpilot.com\/blog\/wp-content\/uploads\/2011\/09\/Das-muss-er-machen-1024x576.jpg 1024w, https:\/\/windpilot.com\/blog\/wp-content\/uploads\/2011\/09\/Das-muss-er-machen.jpg 1920w\" sizes=\"auto, (max-width: 300px) 100vw, 300px\" \/><\/a><p id=\"caption-attachment-4988\" class=\"wp-caption-text\">G\u00fcnter - climbing his mast<\/p><\/div>Schlie\u00dflich ist G\u00fcnter bereits 80 &#8211; hingegen immer noch in der Lage &#8211; seinen Funkmast im Garten zu erklimmen &#8211; ganz ohne zu Wimmern &#8211; aber es w\u00e4re schon sch\u00f6n &#8211; wenn sein Wissen zu den Seglern gelangte &#8211; damit sie ihre Funke zum Fliegen bringen &#8211; bevor sie in Panama um die Ecke biegen.<\/p>\n<p>G\u00fcnter ist nun hier dabei &#8211; in lockerer Folge seine Ratschl\u00e4ge zu verbreiten &#8211; und ich bin dar\u00fcber hoch erfreut &#8211; denn HANDS-ON Ratschl\u00e4ge sind f\u00fcr die Segler die Besten &#8211; weil sie von Praktikern kommen &#8211; und nicht Verk\u00e4ufern, bei denen man von Fach-Chinesisch unter Umst\u00e4nden benommen &#8211; vielleicht sogar besser beraten &#8211; ohne das man daf\u00fcr an die Kasse gezwungen wird.<\/p>\n<p><a href=\"http:\/\/www.qsl.net\/hp1xvh\/seite3.html\" target=\"_blank \">Guenter S.Hamacher, Pacific Island Net, Contadora, Las Perlas, Panama<\/a><\/p>\n<p>Darum wird es ab sofort in der Men\u00fcleiste oben den LINK: <\/p>\n<p>AMATEUERFUNK<\/p>\n<p>geben, das verspricht gerne<\/p>\n<p>Peter Foerthmann<\/p>\n","protected":false},"excerpt":{"rendered":"<p>Einmal losgefahren &#8211; losgebunden von der Heimat &#8211; werden Verbindungen wichtig &#8211; die man an Land mit leichter Hand &#8211; immer und stets verf\u00fcgbar hatte. Telefone jede Menge &#8211; das Auto vor der T\u00fcr &#8211; Kneipen, Vereine, H\u00e4fen, jede Art &hellip; <a href=\"https:\/\/windpilot.com\/blog\/ausruestung\/links\/\">Weiterlesen <span class=\"meta-nav\">&rarr;<\/span><\/a><\/p>\n","protected":false},"author":1,"featured_media":0,"parent":16900,"menu_order":1,"comment_status":"open","ping_status":"closed","template":"","meta":{"footnotes":""},"class_list":["post-4486","page","type-page","status-publish","hentry"],"_links":{"self":[{"href":"https:\/\/windpilot.com\/blog\/wp-json\/wp\/v2\/pages\/4486","targetHints":{"allow":["GET"]}}],"collection":[{"href":"https:\/\/windpilot.com\/blog\/wp-json\/wp\/v2\/pages"}],"about":[{"href":"https:\/\/windpilot.com\/blog\/wp-json\/wp\/v2\/types\/page"}],"author":[{"embeddable":true,"href":"https:\/\/windpilot.com\/blog\/wp-json\/wp\/v2\/users\/1"}],"replies":[{"embeddable":true,"href":"https:\/\/windpilot.com\/blog\/wp-json\/wp\/v2\/comments?post=4486"}],"version-history":[{"count":3,"href":"https:\/\/windpilot.com\/blog\/wp-json\/wp\/v2\/pages\/4486\/revisions"}],"predecessor-version":[{"id":16909,"href":"https:\/\/windpilot.com\/blog\/wp-json\/wp\/v2\/pages\/4486\/revisions\/16909"}],"up":[{"embeddable":true,"href":"https:\/\/windpilot.com\/blog\/wp-json\/wp\/v2\/pages\/16900"}],"wp:attachment":[{"href":"https:\/\/windpilot.com\/blog\/wp-json\/wp\/v2\/media?parent=4486"}],"curies":[{"name":"wp","href":"https:\/\/api.w.org\/{rel}","templated":true}]}}