{"id":4520,"date":"2011-08-07T17:30:10","date_gmt":"2011-08-08T00:30:10","guid":{"rendered":"https:\/\/windpilot.com\/blog\/?page_id=4520"},"modified":"2019-12-14T01:46:44","modified_gmt":"2019-12-14T08:46:44","slug":"sponsoring-%e2%80%93-competing-priorities","status":"publish","type":"page","link":"https:\/\/windpilot.com\/blog\/columns\/peter-der-markt\/sponsoring\/sponsoring-%e2%80%93-competing-priorities\/","title":{"rendered":"Sponsoring"},"content":{"rendered":"<p>SPONSORING &#8211; WETTLAUF DER WICHTIGKEITEN<\/p>\n<p><a href=\"https:\/\/windpilot.com\/blog\/wp-content\/uploads\/2010\/10\/Gaff-Cutter-yellow-low.jpg\"><img loading=\"lazy\" decoding=\"async\" src=\"https:\/\/windpilot.com\/blog\/wp-content\/uploads\/2010\/10\/Gaff-Cutter-yellow-low-300x239.jpg\" alt=\"\" title=\"Gaff Cutter yellow low\" width=\"300\" height=\"239\" class=\"alignleft size-medium wp-image-1655\" srcset=\"https:\/\/windpilot.com\/blog\/wp-content\/uploads\/2010\/10\/Gaff-Cutter-yellow-low-300x239.jpg 300w, https:\/\/windpilot.com\/blog\/wp-content\/uploads\/2010\/10\/Gaff-Cutter-yellow-low-1024x819.jpg 1024w\" sizes=\"auto, (max-width: 300px) 100vw, 300px\" \/><\/a>Werber\u00b4s K\u00f6nigs Disziplin &#8211; versuchsweise einfach erkl\u00e4rt am Beispiel von Windsteuersystemen!<br \/>\n<a href=\"http:\/\/forum.yacht.de\/showthread.php?p=812761#post812761\" target=\"_blank\" rel=\"noopener noreferrer\">Am 28.12.2008 hatte ich mich im YachtForum geoutet:<\/a><br \/>\nLaura Dekker war damals unbekannt, sie war einfach nur ein M\u00e4dchen, das zu<br \/>\nmir nach Hamburg gekommen war, eine Windsteueranlage kaufen wollte&#8230;. und<br \/>\nsie dann geschenkt bekam.<br \/>\nDie Dynamik ist bekannt &#8211; denn beim Thema Erziehung k\u00f6nnen gestandene M\u00e4nnermenschen und andere Foristen aus dem Vollen sch\u00f6pfen, denn da wissen alle bestens Bescheid &#8211; ein Blick in den Spiegel &#8211; und: Prachtkerle \u00fcberall! Jedenfalls: Hoppla &#8211; ich mutierte &#8211; in den Augen zumindest eines einzelnen Foristen Schrecks &#8211; zum \u201eberechnenden Sponsor\u201c mit der Nase f\u00fcr das ganz grosse Geld! <\/p>\n<p>Ich war verwirrt! H\u00e4tte ich also mein Produkt doch lieber verkaufen statt verschenken sollen?<br \/>\nVerdrehte Welt! Untersuchen wir den Fall! <\/p>\n<p>Vielleicht zun\u00e4chst ein paar Spitzfindigkeiten zum Thema WERBUNG und SPONSORING, die man auch anders sehen k\u00f6nnte, die hingegen einfach mal hier niedergeschrieben werden, um aufzuzeigen, inwiefern beim Nischensport Segeln mit Sponsoring wirklich das \u201egrosse Geld\u201c zu machen ist. Sponsoren geh\u00f6ren zu unserem Leben, wie Sonne und Mond. Wir sind umgeben von Marketing Ma\u00dfnahmen der eleganten Art und tragen im Kopf, da\u00df ein Sponsor nahezu regelm\u00e4ssig fremdes Geld sch\u00f6pft und bezahlt,  was uns nat\u00fcrlich ungemein beruhigt, sogar Wohlbehaben verursacht, fast an der Grenze zur Wohlt\u00e4tigkeit &#8211; naja \u00fcberspitzt bemerkt!<br \/>\nJe eleganter und behutsamer ein Sponsor seine Schritte plant, je weniger das Publikum Verdacht sch\u00f6pft, je besser die Paarung Sponsor, Gesponserter und \/ oder Veranstaltung, desto positiver wird das Licht strahlen &#8211; und desto weniger wird am unteren Ende der Nahrungskette dar\u00fcber nachgedacht werden, W-E-R denn die Rechnung wohl bezahlen wird! <\/p>\n<p><a href=\"https:\/\/windpilot.com\/blog\/wp-content\/uploads\/2010\/10\/PenDuick-low-Kopie.jpg\"><img loading=\"lazy\" decoding=\"async\" src=\"https:\/\/windpilot.com\/blog\/wp-content\/uploads\/2010\/10\/PenDuick-low-Kopie-e1287509677126-196x300.jpg\" alt=\"\" title=\"PenDuick low Kopie\" width=\"196\" height=\"300\" class=\"alignleft size-medium wp-image-1668\" srcset=\"https:\/\/windpilot.com\/blog\/wp-content\/uploads\/2010\/10\/PenDuick-low-Kopie-e1287509677126-196x300.jpg 196w, https:\/\/windpilot.com\/blog\/wp-content\/uploads\/2010\/10\/PenDuick-low-Kopie-e1287509677126-671x1024.jpg 671w\" sizes=\"auto, (max-width: 196px) 100vw, 196px\" \/><\/a>Sinnf\u00e4lliges Beispiel: Wenn EliteSeglern ein Willy-Wichtig-Shuttle zum bequemen Hin-und-Her w\u00e4hrend einer WochenSause in Antihippo Kiel angedient wird, so werden Kosten f\u00fcr Ross und Reiter &#8211; hic Schauff\u00f6r &#8211; \u201esozialisiert\u201c und von jedem Schlaudi-K\u00e4ufer an der Kasse bezahlt. Merkt er garnicht! Kollateral Effekt f\u00fcr die Marke: Publikum und Medien speichern und vervielf\u00e4ltigen Resonanz &#8211; und sublimieren stillschweigend die Marke mit Segeln &#8211; und wir alle wissen, dass dies TestosteronWasserf\u00e4lle ausl\u00f6st &#8211; die uns willenlos machen &#8211; sollen! Werber sind schon pfiffige Leute &#8211; sind auch viele Segler darunter. <\/p>\n<p>Oder besser, sch\u00e4rfer aber b\u00f6ser: wenn eine Bank, die Nonnen zu M\u00e4nnern macht, die Schiffe zu den Fischen und  Steuerzahler um Geld und Ansehen bringt, gleichwohl in unser aller Namen bei dergleichen Veranstaltung als Sponsor auftritt, obwohl wir &#8211; im Gegensatz zu der von uns gew\u00e4hlten politischen Klasse &#8211; bei der Bank rein g-a-r-n-i-x zu sagen haben &#8211; wenn sich also diese Bank ausgerechnet als F\u00f6rderer einer Veranstaltung mit \u201eSchiffen\u201c empfiehlt &#8211; um von unseren Testosteron Sch\u00fcben ein wenig wieder nach oben getragen zu werden &#8211; zahlen wir am Ende dann sogar dreifach mit unseren Steuern. Und keiner jault! <\/p>\n<p>Ein Gemeinplatz, dass Werbung vom K\u00e4ufer einer Ware bezahlt wird. Je raffinierter die Vorgehensweise, desto weniger merkt\u00b4s der Kunde. Marketing und Werbung erfinden eigene Regeln und man kann getrost behaupten, dass 100% aller Kaufpreise die Kosten f\u00fcr ihre Werbung gleich mitbezahlen. Die Preise f\u00fcr Wolgswagen, Mamazedes oder Bald-Mein-Wagen beinhalten im Schnitt zwischen \u20ac 640 &#8211; 4.000.&#8211;, um unsere Sehnsucht nach neuem Blech zu Taten werden zu lassen &#8211; pro Fahrzeug &#8211; wohlgemerkt &#8211; bei Massen Produkten! <\/p>\n<p>Die den Preisen f\u00fcr unsere fleichgewordenen segelnden Tr\u00e4ume innewohnenden Kosten f\u00fcr Werbung, Messen, Marketing etc. sind wahrscheinlich vergleichsweise astronomisch &#8211; per St\u00fcck Schiff gerechnet! Darf man sowas hier \u00fcberhaupt sagen &#8211; oder verursacht das zu viele Schmerzen?<\/p>\n<p>Sponsoring als Zauberformel, wurde von Strategen ausgedacht, um viele elegante Fliegen mit einer grossen Klappe auf einmal zu erledigen, um die Kosten f\u00fcr das \u201eTheaterst\u00fcck\u201c von unendlich vielen Konsumenten eigener Produkte in kleinen Betr\u00e4gen an jeder Kassse bezahlen zu lassen &#8211; und damit den Erfolg des grossen Ganzen zu gew\u00e4hrleisten. <\/p>\n<p><a href=\"https:\/\/windpilot.com\/blog\/wp-content\/uploads\/2010\/10\/Island-Home-Kopie.jpg\"><img loading=\"lazy\" decoding=\"async\" src=\"https:\/\/windpilot.com\/blog\/wp-content\/uploads\/2010\/10\/Island-Home-Kopie-300x200.jpg\" alt=\"\" title=\"Island Home Kopie\" width=\"300\" height=\"200\" class=\"alignleft size-medium wp-image-1672\" srcset=\"https:\/\/windpilot.com\/blog\/wp-content\/uploads\/2010\/10\/Island-Home-Kopie-300x200.jpg 300w, https:\/\/windpilot.com\/blog\/wp-content\/uploads\/2010\/10\/Island-Home-Kopie.jpg 768w\" sizes=\"auto, (max-width: 300px) 100vw, 300px\" \/><\/a>Sponsoring ist das K\u00f6nigs Karussell von Marketing Profis &#8211; und wird umso preiswerter, je mehr K\u00f6pfe und Augen mit jeweils geringerem Einsatz erreicht werden, zumal  das Marken Logo &#8211; clever &#8211; stets nur indirekt transportiert wird, sich hingegen an einer angenehmen Stelle im Gehirnkasten unmerklich einnistet und z.B die Ich-Rolle-Marke hernach sogar mit einem Ocean Race verbunden wird, sogar sublimiert, um im Bild zu bleiben. <\/p>\n<p>Sponsoring funktioniert durch Medien, die Botschaften zu Zielgruppen transportieren, wie ein Pferd den Reiter.<\/p>\n<p>Humanit\u00e4re Ziele, Klima Rettung, Klamotten, ein Global Race oder ganz profane Sportereignisse, lassen sich in einer Form verpacken, dass die finanzielle Wertsch\u00f6pfung am Ende f\u00fcr alle Beteiligten zum Vorteil gereicht. Klappt aber nur, wenn Massen an den Kassen mit Kleingeld bezahlen, die richtige Zola, das richtige Weizen trinken, mit dem richtigen Auto endlich zum sportlich dynamischen Mann werden, ein Ocean-Race-Special-Edition Auto kaufen gehen und sich auf See w\u00e4hnen, auch wenn sie gerade im Stau schwitzen, dabei ein Rats Bull trinken und sich auf der Strasse wie Schumi f\u00fchlen &#8211; das war doch der Mann mit roter M\u00fctze und Fluglinie? Oder bekomme ich hier was durcheinander? <\/p>\n<p><a href=\"https:\/\/windpilot.com\/blog\/wp-content\/uploads\/2010\/10\/vissersbaiahonda2-Kopie.jpg\"><img loading=\"lazy\" decoding=\"async\" src=\"https:\/\/windpilot.com\/blog\/wp-content\/uploads\/2010\/10\/vissersbaiahonda2-Kopie-300x235.jpg\" alt=\"\" title=\"vissersbaiahonda2 Kopie\" width=\"300\" height=\"235\" class=\"alignleft size-medium wp-image-1674\" srcset=\"https:\/\/windpilot.com\/blog\/wp-content\/uploads\/2010\/10\/vissersbaiahonda2-Kopie-300x235.jpg 300w, https:\/\/windpilot.com\/blog\/wp-content\/uploads\/2010\/10\/vissersbaiahonda2-Kopie.jpg 778w\" sizes=\"auto, (max-width: 300px) 100vw, 300px\" \/><\/a>Im Sprachverst\u00e4ndnis ist SponsorShip ein Marketing Torpedo meist saturierter Grosskonzerne, auf der st\u00e4ndigen Suche nach Gelegenheiten, das eigene Profil zu sch\u00e4rfen &#8211; und sich vom Wettbewerb noch besser abzugrenzen. Ein Bermuda Dreieck, in dem Kapital versenkt oder als Schatz gehoben wird &#8211; das von einer Allgemeinheit der Kunden zuvor &#8211; oder anschliessend &#8211; willig und unbemerkt bezahlt wird. Die Mitspieler heissen Sponsor, Gesponserter und die Medien, die das Ereignis in die \u00d6ffentlichkeit tragen.<\/p>\n<p>Beispiel: Der Ratz Bull Pilot bekommt Millionen &#8211; der Dosenh\u00e4uptling eine neue Flugmaschine &#8211; Auto Fahrer sitzen vor den FlachGlotzen &#8211; und blaue D\u00f6schen kosten 1,50 Euro &#8211;  denn ein Nikki oder Schumi steckt in jeder M\u00e4nnerhose. Ein toller Deal.<\/p>\n<p>Geht mit Autos, Fussball, Mode, den Reichen und optimierten Sch\u00f6nen &#8211; kurz: \u00fcberall dort, wo Menschen Schlange stehen, um ein wenig den Hauch des Schicksals zu versp\u00fcren &#8211; auch wenn das Schicksal nur als lauwarme Nikotin Wolke \u00fcber das heimische Sofa weht.<\/p>\n<p>Die Seglerwelt sieht vergleichsweise trostlos aus, denn Massen sind hier schlecht zu mobilisieren, weil Segeln eben nicht an Land stattfindet und mit runden B\u00e4llen nicht vergleichbar ist &#8211; zudem nie zum Volkssport taugt &#8211; eben anders als das runde Leder.<\/p>\n<p>In Frankreich sieht die Sache anders aus. Die Heroen eines VENDEE GLOBE werden am Ende \u00fcber den Schampus Elaises gekarrt &#8211; selbst Nicht Franzosen oder innen erfahren dort Aufmerksamkeit und Ehren &#8211; was bei uns undenkbar w\u00e4re.<\/p>\n<p>Bei unseren Nachbarn ist Segeln in einer Weise popul\u00e4r, dass sponsorentechnisch das grosse  Rad zu drehen ist! BauernBanken, KonservenGem\u00fcse, Zeitungen, Versicherungen, Brauereien &#8211; all die Firmen, deren Etats kleinzellig bei Millionen Konsumenten eingesammelt werden k\u00f6nnen, denen es gef\u00e4llt, wenn \u201eIHRE\u201c Marke nun in aller Munde von Bildschirm, Plakat und gedrucktem Papier erstrahlt. Zum neidisch werden!<\/p>\n<p>F\u00fcr SeglerAsse der perfekte Weg, mit guter Ausr\u00fcstung und bestem Material den eigenen Stern noch ein wenig mehr zum Strahlen zu bringen und ihn zu jagen. Leicht verst\u00e4ndlich, dass die Heroen bei grossen Races doppelt unter Druck geraten. Sponsoren sind eine Peitsche, Schiff und Segler zu H\u00f6chstleistungen zu treiben &#8211; oder gar dar\u00fcberhinaus. Ausgekl\u00fcgelte Vertr\u00e4ge regeln Pflichten der Parteien, damit es am Ende keine langen Gesichter gibt. Es soll Vertr\u00e4ge gegeben haben, bei denen erfolgreich gerundete Etappenziele das Schiff st\u00fcckweise in den Besitz des Seglers haben \u00fcbergehen lassen &#8211; oder eben nicht &#8211; wenn vorzeitig Material, Nerven oder Gl\u00fcck nicht mehr konnten oder wollten. <\/p>\n<p>Ist nur gen\u00fcgend Geld im Spiel, wird allerorts mit spitzer Feder gerechnet, Spielregeln erfunden, Pflichten und Rechte definiert, um bei Misserfolg oder Produktversagen Kollateral Schaden f\u00fcr alle Beteiligten zu umschiffen. Ein Job f\u00fcr Manager, Anw\u00e4lte und andere Fachleute, denn hier geht\u00b4s regelm\u00e4ssig um sehr viel Geld &#8211; das ja keiner gern im Sand verlieren m\u00f6chte.<br \/>\nVergleichsweise r\u00fchrend und viele Nummern kleiner und bescheidener, wenn in Deutschland Segler versuchen, Sponsoren f\u00fcr sich zu gewinnen, um sich das eigene Segelleben ein wenig komfortabler zu gestalten.<\/p>\n<p>Zuschauer Massen in Print und TV sind nirgends in Sicht, denn Segeln findet auf hinteren Seiten und sp\u00e4ten Sendeterminen statt &#8211; ist f\u00fcr Sponsoren daher wenig attraktiv. <\/p>\n<p>Wenn Sponsoren vereinzelt bei uns ihr Gl\u00fcck versuchen, im Segelsport die Massen zu begeistern und Aufmerksamkeit zu erzielen, ist der Erfolg ungewiss, denn abgerechnet wird stets zum Schluss. Regelm\u00e4ssig jedoch sind dies Regatta Veranstaltungen an denen nationale Empfindlichkeiten gekitzelt werden &#8211;  immer noch der zuverl\u00e4ssigste Weg, Emotionen von Konsumenten zum Fliegen zu verhelfen.<\/p>\n<p>Sponsoring beim Fahrtensegeln dagegen ger\u00e4t regelm\u00e4ssig zum Tauschgesch\u00e4ft, einer r\u00fchrenden Veranstaltung, die meist als einfacher Deal verstanden wird: Du schenkst mir eine Bettdecke oder Windsteueranlage und ich verbreite, dass ich warm und gut schlafen kann, wenn der Gustaf steuert. <\/p>\n<p><a href=\"https:\/\/windpilot.com\/blog\/wp-content\/uploads\/2010\/10\/Olaf-Trygvason-v.jpg\"><img loading=\"lazy\" decoding=\"async\" src=\"https:\/\/windpilot.com\/blog\/wp-content\/uploads\/2010\/10\/Olaf-Trygvason-v-300x198.jpg\" alt=\"\" title=\"Olaf Trygvason v\" width=\"300\" height=\"198\" class=\"alignleft size-medium wp-image-1670\" srcset=\"https:\/\/windpilot.com\/blog\/wp-content\/uploads\/2010\/10\/Olaf-Trygvason-v-300x198.jpg 300w, https:\/\/windpilot.com\/blog\/wp-content\/uploads\/2010\/10\/Olaf-Trygvason-v-1024x677.jpg 1024w, https:\/\/windpilot.com\/blog\/wp-content\/uploads\/2010\/10\/Olaf-Trygvason-v.jpg 1864w\" sizes=\"auto, (max-width: 300px) 100vw, 300px\" \/><\/a>Dennoch entsteht h\u00e4ufig ein Wettlauf der Wichtigkeiten, bei dem fairer Umgang schnell mal ausser acht gelassen wird, wenn als Gegenleistung &#8211; Media Aufmerksamkeit &#8211; versprochen wird, die am Ende kaum messbar oder nachvollziehbar f\u00fcr die andere Seite ist, oder nur als artige Erw\u00e4hnung in eigenen blogs stattfindet.<\/p>\n<p>Umgang auf Augenh\u00f6he ist nicht jedermann gegeben und anf\u00e4ngliche Versprechungen l\u00f6sen sich auf See so schnell in Luft auf &#8230; wenn die Parteien nicht verl\u00e4sslich sind.<br \/>\nVor 35 Jahren, von einem Buchautor gefragt, ob ich wohl eine mit \u201eAtlantik-Matte\u201c verst\u00e4rkte, selbstgebaute Yacht mit meiner Atlantik Hilfsrsuderanlage im Rahmen einer Sponsoring Massnahme gratis ausr\u00fcsten wolle, war meine Antwort im doppeltem Sinne negativ, insbesondere weil ich damals das in frage stehende Schiff als f\u00fcr mein System \u201ezu schwer\u201c befand. Der Ausgang der Geschichte: das System wurde gekauft, und ich konnte hernach im Buch nachlesen, dass man sich f\u00fcr mein System aus naheliegenden Gr\u00fcnden entschieden hatte &#8211; mit dem System experimentiert &#8211; es optimiert habe &#8211; und das System am Ende auch  funktioniert habe. So w\u00fcnscht man sich das nicht!<\/p>\n<p>\u00c4hnliches widerfuhr mir auch mit einem anderen bekannten Mann, der mit Gewalt durch die NordWest Passage wollte &#8211; dies dann auch schaffte &#8211; allerdings Huckepack, weil sein Schiff festgefroren war. Auch hier wollte ich nicht sponsern, habe hingegen ein System verkauft &#8211; das hernach falsch montiert und fehlerhaft bedient wurde &#8211; und darum nicht funktionieren \u201ekonnte\u201c. Das Beweissicherungsfoto befand sich als Titelfoto auf der YACHT! Interessanterweise wurde hernach in Californien eine Edelstahl Anlage an dem schicken Alu-Schiff montiert &#8211; als Sponsoring Massnahme war dies sicherlich meinem US Marktbegleiter ein &#8222;innerer Reichsparteitag\u201c. Monate sp\u00e4ter war dann in der YACHT ein Bericht zu lesen, in dem der Segler schilderte, welche Verbesserungs Massnahmen er an dem bew\u00e4hrten System habe vornehmen m\u00fcssen, um sie wirklich zum Funktionieren zu bringen. Das Schiff segelt heute noch, allerdings seit Jahren unter neuem Eigner, der in der neuesten YACHT Ausgabe von seinem Produkt Vergleich zwischen Autopilot und WSA berichtet.<\/p>\n<p><a href=\"https:\/\/windpilot.com\/blog\/wp-content\/uploads\/2010\/10\/Miki-Kopie.jpg\"><img loading=\"lazy\" decoding=\"async\" src=\"https:\/\/windpilot.com\/blog\/wp-content\/uploads\/2010\/10\/Miki-Kopie-300x225.jpg\" alt=\"\" title=\"Miki Kopie\" width=\"300\" height=\"225\" class=\"alignleft size-medium wp-image-1676\" srcset=\"https:\/\/windpilot.com\/blog\/wp-content\/uploads\/2010\/10\/Miki-Kopie-300x225.jpg 300w, https:\/\/windpilot.com\/blog\/wp-content\/uploads\/2010\/10\/Miki-Kopie-1024x768.jpg 1024w, https:\/\/windpilot.com\/blog\/wp-content\/uploads\/2010\/10\/Miki-Kopie.jpg 1280w\" sizes=\"auto, (max-width: 300px) 100vw, 300px\" \/><\/a>Als mir im Fr\u00fchjahr 2009 ein Sponsoring f\u00fcr das Projekt einer Doppelweltumsegelung angetragen wurde &#8211; bin ich nach Wismar gefahren &#8211; habe mir das Schiff angesehen &#8211; dessen Voreigner ich kannte &#8211; habe dem Mann &#8211; den ich ebenfalls kannte &#8211; meine Bedenken benannt und ein System zum Kauf angeboten. Die Geschichte ist bekannt: es wurde ein anderes System montiert &#8211; und das hat mich nicht ungl\u00fccklich gemacht &#8211; wurde es doch zweimal als urs\u00e4chlich f\u00fcr das Scheitern der Rekordfahrt benannt &#8211; f\u00fcr einen Sponsor kein guter Effekt, insbesondere wenn die Faktenlage andere Geschichten erz\u00e4hlt.<\/p>\n<p>Ganz offen und direkt vorige Woche: Jung, attraktiv, Finnin, mit aufregendem blog und fleischigen Bildern, lernt auf Party in Barcelona spanischen Singlehander lieben, zieht in seine Koje, ist pl\u00f6tzlich Seglerin und will noch pl\u00f6tzlicher nun um die Welt. Sie verfasst Rundschreiben an WSA Hersteller, wirbt mit Media Attention, aufregenden Blogs mit h\u00fcbschen Fotos und benennt ihr Auswahlkriterium unverbl\u00fchmt: \u201ewe have decided that saving money is important for us (especially now so close to departure!) and we will have to go for a brand that could offer us a greater discount\u201c<br \/>\nDie Ehrlichkeit ist entwaffnend, denn hier werden die Dinge auf den klaren Punkt gebracht: es geht ausschliesslich ums Geld. Ehrlich, nachvollziehbar &#8211; aber eben Sponsoring falsch verstanden!<\/p>\n<p>Ich lebe in einer kleinen Welt, bin pragmatisch und halte Word-Of-Mouth immer noch f\u00fcr eine zuverl\u00e4ssige Marketing Strategie &#8211; dauert zwar ein wenig l\u00e4nger &#8211; nahezu ein Leben lang! &#8211; ist aber verl\u00e4sslich und preiswert &#8211; wenn man Lebenszeit, Arbeit und Einsatz nicht in Geld aufwiegt.<br \/>\nMeine regelm\u00e4ssige Antwort auf Sponsoring Ersuchen &#8211; die zu meinem Leben geh\u00f6ren, wie Ebbe und Flut: Die beste Anerkennung f\u00fcr ein Produkt ist die Bereitschaft des K\u00e4ufer\u00b4s, an der Kasse daf\u00fcr zu zahlen. Was nix gekostet hat, ist auch nix wert. <\/p>\n<p>Wenn ich mich von diesem Pfad immer mal wieder ein wenig entfernt habe, sind meist witzige menschliche Anekdoten dabei herausgekommen.<\/p>\n<p>So gab es einmal einen traurigen Singlehander, der mit seinem unmotorisierten 7m Schiff im Oktober von der Ostsee Richtung Neu Zealand aufbrechen wollte, zweimal bis nach Skagen kam, hernach sich eines besseren besann, nach Hause segelte, sein Schiff vor Weihnachten \u00fcber EBAY verschenkte, um dann ans Ziel seiner W\u00fcnsche zu fliegen. Mein Weib und ich hatten diesen Mann ins Herz geschlossen &#8211; und besitzen seitdem zwei wundersch\u00f6ne  One Off St\u00fchle, die bei der Haushaltsaufl\u00f6sung einen neuen Eigner suchten &#8211; vom Segler Tischlermeister selbst gebaut.<\/p>\n<p>Oder jenen SingleMann, dem wir ein paar Therapie-Tage und N\u00e4chte unserer Zeit schenkten, die Herzen \u00f6ffneten &#8211; und der uns sp\u00e4ter samt Freundin zwangsbesuchte &#8211; darauf angesprochen &#8211;  bemerkte: wenn er vorher gefragt h\u00e4tte, h\u00e4tten wir den Besuch ja sicher abgelehnt!  Benehmen ist eben nicht in jedermann\u00b4s Kopf zuhause! Der Besuch war nach gef\u00fchlten 5 Minuten zuende &#8211; meine Frau hat das im Tabularasa Verfahren einhand erledigt &#8211; w\u00e4hrend ich im Baumarkt noch nach der richtigen Schraube suchte, telefonisch hingegen unterrichtet wurde. ich h\u00e4tte das nicht so gekonnt gel\u00f6st. Authentizit\u00e4t ist manchmal besser als eine Hose voller Schiss.<\/p>\n<p>Bezeichnend, dass die grossen Namen im Seglerzirkus nahezu s\u00e4mtlich von der Gr\u00f6\u00dfe ihrer Namens so wenig Gebrauch gemacht haben, zumindest wenn es um die so wichtige Frage einer Windsteueranlage f\u00fcr Ihr Schiff gegangen ist. <\/p>\n<p>Der bekannte Mann aus Goltoft segelte anfangs mit einer geliehenen WSA richtig und falsch um diese Welt herum, einem System, dass zuvor an einem kernigen Colin Archer montiert gewesen ist, dessen Eignerin hingegen in ihrem neuen Leben in British Columbia das alte Schiff samt Anlage kaum gebrauchen konnte &#8211; es darum die WSA verlieh\u00b4.<\/p>\n<p>Dem s\u00fcddeutschen Gegenpol habe ich vor einem gef\u00fchlten Jahrzehnt in einem fairen Deal ein System an sein Schiff pers\u00f6nlich angebaut &#8211; das anschliessende Hummer Essen war nicht part of the deal &#8211; ist hingegen bis heute darum unvergessen, weil Hummer in unseren Breitengraden nahezu nur unerschwinglich teuer zu geniessen ist.<\/p>\n<p><a href=\"https:\/\/windpilot.com\/blog\/wp-content\/uploads\/2009\/01\/Peter-Aventure-kleiner.jpg\"><img loading=\"lazy\" decoding=\"async\" src=\"https:\/\/windpilot.com\/blog\/wp-content\/uploads\/2009\/01\/Peter-Aventure-kleiner-200x300.jpg\" alt=\"\" title=\"Peter Aventure kleiner\" width=\"200\" height=\"300\" class=\"alignleft size-medium wp-image-1042\" srcset=\"https:\/\/windpilot.com\/blog\/wp-content\/uploads\/2009\/01\/Peter-Aventure-kleiner-200x300.jpg 200w, https:\/\/windpilot.com\/blog\/wp-content\/uploads\/2009\/01\/Peter-Aventure-kleiner-682x1024.jpg 682w, https:\/\/windpilot.com\/blog\/wp-content\/uploads\/2009\/01\/Peter-Aventure-kleiner.jpg 2048w\" sizes=\"auto, (max-width: 200px) 100vw, 200px\" \/><\/a>Weiter im Westen habe ich in Le Havre an einer blitzneuen OVNI meine magischen 4 L\u00f6cher gebohrt. Das Schiff und sein Eigner sind zur Legende geworden &#8211; und f\u00fcr mich hat sich eine Freundschaft ergeben, die viele nette Piruetten drehte &#8211; keine davon hatte mit Segeln was zu tun.<\/p>\n<p>Oder der Strassenbahn Schaffner aus Austria, dessen  winziges Schiff zwar mit Werbung von vorn bis achtern beklebt, der seine WSA hingegen ganz offiziell erworben hatte.<br \/>\nUngez\u00e4hlt sind die Anfragen nach Sponsorship, dem Versprechen, meine Marke noch besser zu bewerben &#8211; die ich stets immer gleich beantworte, wenn nicht irgendwo die Neugierde piekst, einmal anders zu verfahren. <\/p>\n<p>Manchmal hingegen hat der Wettlauf der Wichtigkeiten eine Runde gegen mich gewonnen, weil ich die Gegenseite offenbar nicht gen\u00fcgend gew\u00fcrdigt habe &#8211; oder dies schlicht nicht wollte.<br \/>\nAber das ist auch gut so! <\/p>\n<p>Vielleicht hat es aber auch mit Lebensalter zu tun, wenn z.B. ein junger Mann einem Mann von 63 Jahren um Sponsorship anfragt und ihm die Sterne am Himmel verspricht &#8211; die der alte Mann vielleicht schon gesehen hat &#8211; und seine Arbeit macht, weil\u00b4s ihm Spass und Freude macht &#8211; und der finanzielle Anreiz nicht mehr die wichtigste Wichtigkeit im Leben ist &#8211; dann wird Verst\u00e4ndigung schwer &#8211; vor allem, wenn es vornehmlich um einen Vorteil geht, der nur der einen Seite so wichtig ist &#8211; den Vorteil, f\u00fcr eine Leistung nicht zahlen zu m\u00fcssen&#8230;.<\/p>\n<p>Peter Foerthmann<\/p>\n","protected":false},"excerpt":{"rendered":"<p>SPONSORING &#8211; WETTLAUF DER WICHTIGKEITEN Werber\u00b4s K\u00f6nigs Disziplin &#8211; versuchsweise einfach erkl\u00e4rt am Beispiel von Windsteuersystemen! Am 28.12.2008 hatte ich mich im YachtForum geoutet: Laura Dekker war damals unbekannt, sie war einfach nur ein M\u00e4dchen, das zu mir nach Hamburg &hellip; <a href=\"https:\/\/windpilot.com\/blog\/columns\/peter-der-markt\/sponsoring\/sponsoring-%e2%80%93-competing-priorities\/\">Weiterlesen <span class=\"meta-nav\">&rarr;<\/span><\/a><\/p>\n","protected":false},"author":1,"featured_media":0,"parent":21068,"menu_order":0,"comment_status":"open","ping_status":"closed","template":"","meta":{"footnotes":""},"class_list":["post-4520","page","type-page","status-publish","hentry"],"_links":{"self":[{"href":"https:\/\/windpilot.com\/blog\/wp-json\/wp\/v2\/pages\/4520","targetHints":{"allow":["GET"]}}],"collection":[{"href":"https:\/\/windpilot.com\/blog\/wp-json\/wp\/v2\/pages"}],"about":[{"href":"https:\/\/windpilot.com\/blog\/wp-json\/wp\/v2\/types\/page"}],"author":[{"embeddable":true,"href":"https:\/\/windpilot.com\/blog\/wp-json\/wp\/v2\/users\/1"}],"replies":[{"embeddable":true,"href":"https:\/\/windpilot.com\/blog\/wp-json\/wp\/v2\/comments?post=4520"}],"version-history":[{"count":2,"href":"https:\/\/windpilot.com\/blog\/wp-json\/wp\/v2\/pages\/4520\/revisions"}],"predecessor-version":[{"id":21072,"href":"https:\/\/windpilot.com\/blog\/wp-json\/wp\/v2\/pages\/4520\/revisions\/21072"}],"up":[{"embeddable":true,"href":"https:\/\/windpilot.com\/blog\/wp-json\/wp\/v2\/pages\/21068"}],"wp:attachment":[{"href":"https:\/\/windpilot.com\/blog\/wp-json\/wp\/v2\/media?parent=4520"}],"curies":[{"name":"wp","href":"https:\/\/api.w.org\/{rel}","templated":true}]}}