{"id":4533,"date":"2011-08-07T17:40:50","date_gmt":"2011-08-08T00:40:50","guid":{"rendered":"https:\/\/windpilot.com\/blog\/?page_id=4533"},"modified":"2012-02-28T11:47:51","modified_gmt":"2012-02-28T18:47:51","slug":"light-hearted-reflections-on-the-25th-anniversary-of-the-arc","status":"publish","type":"page","link":"https:\/\/windpilot.com\/blog\/columns\/arc-considerations\/light-hearted-reflections-on-the-25th-anniversary-of-the-arc\/","title":{"rendered":"ARC &#8211; 25 Jahre"},"content":{"rendered":"<p>ARC &#8211; KLEINER SCHUBS IN DIE GROSSE FREIHEIT<\/p>\n<p><a href=\"https:\/\/windpilot.com\/blog\/wp-content\/uploads\/2010\/11\/LPA-4-Systeme-1.jpg\"><img loading=\"lazy\" decoding=\"async\" src=\"https:\/\/windpilot.com\/blog\/wp-content\/uploads\/2010\/11\/LPA-4-Systeme-1-300x197.jpg\" alt=\"\" title=\"LPA 4 Systeme\" width=\"300\" height=\"197\" class=\"alignleft size-medium wp-image-1781\" srcset=\"https:\/\/windpilot.com\/blog\/wp-content\/uploads\/2010\/11\/LPA-4-Systeme-1-300x197.jpg 300w, https:\/\/windpilot.com\/blog\/wp-content\/uploads\/2010\/11\/LPA-4-Systeme-1-1024x673.jpg 1024w\" sizes=\"auto, (max-width: 300px) 100vw, 300px\" \/><\/a>Humorvolle Gedanken zum 25ten Jubil\u00e4um. <\/p>\n<p>Schiss ist in jeder Seglerhose und auf den Kanaren werden traditionell des Nachts bei Seglern die Laken durchgeheult &#8211; jedenfalls, wenn die Karawane<br \/>\neurop\u00e4ischer Boat People dort im Herbst vor Anker geht &#8211; als Heuschrecken verkleidet in Superm\u00e4rkte einf\u00e4llt und schmucke Yachten wie Dampfer abladen, bis der Wasserpass zu den Fischen schielt &#8211; als wenn T\u00fctenmilch, Pampers, Bier und Bananen woanders nicht mehr zu kaufen w\u00e4ren. <\/p>\n<p>Die bange Lebensfrage fl\u00fcstert auf Socken durch den Mastenwald: Losfahren oder nicht? Auf den Kanaren werden Ausreden erfunden &#8211; One Way Flugtickets gekauft &#8211; manchmal die Damen fl\u00fcchtig &#8211; und traurige Schiffe der \u00f6lschweren Hafenbr\u00fche \u00fcberlassen &#8211; weil der Point-of-No-Return die Segler vor den Spiegel stellt und die Stunde der Wahrheit am Kopf anklopft: Es geht um die Schicksalsfrage f\u00fcr gestandene M\u00e4nnerhosen, der Einsch\u00e4tzung eigenen Selbstvertrauens angesichts einer Herausforderung, die zu bestehen man ja eigentlich hierher gekommen war. <\/p>\n<p><a href=\"https:\/\/windpilot.com\/blog\/wp-content\/uploads\/2010\/11\/Musik-an-Bord.jpg\"><img loading=\"lazy\" decoding=\"async\" src=\"https:\/\/windpilot.com\/blog\/wp-content\/uploads\/2010\/11\/Musik-an-Bord-300x200.jpg\" alt=\"\" title=\"Musik an Bord\" width=\"300\" height=\"200\" class=\"alignleft size-medium wp-image-1783\" srcset=\"https:\/\/windpilot.com\/blog\/wp-content\/uploads\/2010\/11\/Musik-an-Bord-300x200.jpg 300w, https:\/\/windpilot.com\/blog\/wp-content\/uploads\/2010\/11\/Musik-an-Bord-1024x682.jpg 1024w\" sizes=\"auto, (max-width: 300px) 100vw, 300px\" \/><\/a>Der Schubs ist es &#8211; auf den viele warten &#8211; und manche im Stillen verzagen &#8211; denn es steht in jedem Segelbuch: Wer hier losbindet, macht die T\u00fcr zu hinter sich  &#8211; segelt unwiderruflich dem Horizont entgegen &#8211; w\u00e4chst dann zusehends mit Meilenstiefeln &#8211; und ist bei Ankunft in der neuen Welt schon fast Kolumbus &#8211; wenn er  die Palmen endlich riecht, die er sein Leben lang zuvor virtuell begossen hatte. <\/p>\n<p><strong>JIMMY CORNELL &#8211; VATER DER ARC<\/strong><\/p>\n<p>Jimmy Cornell hat sich zum zweiten Vater von Segler Scharen gemacht, Ihnen \u00c4ngste geklaut, ein wenig Leichtigkeit gegeben und sie best\u00e4rkt im Plan, dass Lossegeln und Ankommen wirklich f\u00fcr jedermann machbar, auch wenn man zuvor kein Wasserheld gewesen ist. Jimmie\u00b4s Schubs hat unz\u00e4hligen Seglern die Fl\u00fcgel wachsen lassen. <\/p>\n<p><a href=\"https:\/\/windpilot.com\/blog\/wp-content\/uploads\/2010\/11\/LPA-schiefes-schiff-.jpg\"><img loading=\"lazy\" decoding=\"async\" src=\"https:\/\/windpilot.com\/blog\/wp-content\/uploads\/2010\/11\/LPA-schiefes-schiff--e1289571124135-196x300.jpg\" alt=\"\" title=\"LPA schiefes schiff\" width=\"196\" height=\"300\" class=\"alignleft size-medium wp-image-1785\" srcset=\"https:\/\/windpilot.com\/blog\/wp-content\/uploads\/2010\/11\/LPA-schiefes-schiff--e1289571124135-196x300.jpg 196w, https:\/\/windpilot.com\/blog\/wp-content\/uploads\/2010\/11\/LPA-schiefes-schiff--e1289571124135-671x1024.jpg 671w\" sizes=\"auto, (max-width: 196px) 100vw, 196px\" \/><\/a>Die Muelle Deportivo Las Palmas war fr\u00fcher trostlose Reste-Ecke im schwelligen<br \/>\nHandels Hafens, wo Segler Nachts immer mal aus den Kojen flogen, Leinen und Schiffe \u00f6lige Farbe annahmen, Laternen ausgeschaltet und Kakerlaken die netteren Begleiter waren, weil Wachdienste der negativen Art nicht nur im Dunkeln klauten, was von emsigen Seglern tags zuvor an Bord gebracht worden war. <\/p>\n<p>Die Geschichte von Manfred Kerstan SY Albatros, ist unvergessen, als er einen Fernseher zweimal kaufen musste, um wenigstens einen davon an Bord zu haben. <\/p>\n<p>Dagegen ist der Hafen heute kaum wieder zu erkennen: 25 Jahre Metamorphose zur chromblitzend, gepflegten Maxi Marina &#8211; durch Molen gesch\u00fctzten Ponton Kilometern &#8211; mit Wachdienst, Beleuchtung, Werften und Travellift &#8211; mit WLAN zur Welt oder dem Hafenkapit\u00e4n &#8211; mit Diensten f\u00fcr alle Herz und Lebenslagen und Bars zum Nachtanken f\u00fcr einsame immersuchende Seglerseelen. <\/p>\n<p><a href=\"https:\/\/windpilot.com\/blog\/wp-content\/uploads\/2010\/11\/Obst-an-Deck1.jpg\"><img loading=\"lazy\" decoding=\"async\" src=\"https:\/\/windpilot.com\/blog\/wp-content\/uploads\/2010\/11\/Obst-an-Deck1-300x198.jpg\" alt=\"\" title=\"Obst an Deck\" width=\"300\" height=\"198\" class=\"alignleft size-medium wp-image-1788\" srcset=\"https:\/\/windpilot.com\/blog\/wp-content\/uploads\/2010\/11\/Obst-an-Deck1-300x198.jpg 300w, https:\/\/windpilot.com\/blog\/wp-content\/uploads\/2010\/11\/Obst-an-Deck1-1024x676.jpg 1024w\" sizes=\"auto, (max-width: 300px) 100vw, 300px\" \/><\/a>Jimmie\u00b4s Beitrag zu den Ver\u00e4nderungen vor Ort ist eklatant, hat er doch schlau und nimmerm\u00fcde die WilliWichtigs aus Wirtschaft und Politik Betrieb aus den Sesseln gescheucht, sie in fl\u00fcssiger Landessprache von der Idee \u00fcberzeugen k\u00f6nnen, dass eine Schick Marina f\u00fcr gutbetuchte Transit Kapit\u00e4ne, gewaltig Kaufkraft in klamme Insel Kassen sp\u00fclen w\u00fcrde &#8211; ganz anders als die Termiten Heerden von Pauschal Gebuchten, die vor Ort nur Sonne und Strand konsumieren, die sie vorab schon pauschal bezahlen. <\/p>\n<p>Jimmy jedenfalls hat dort unten ewige Freunde gewonnen und war sicher der Erste, der Kriegsschiffe hat aus dem Hafen treiben k\u00f6nnen &#8211; damit sie draussen zum Start ein paar Schreck Sch\u00fcsschen geben &#8211; auch wenn das dann veritable B\u00f6mbchen gewesen sind. <\/p>\n<p><a href=\"https:\/\/windpilot.com\/blog\/wp-content\/uploads\/2010\/11\/First-Rotm\u00fctzen.jpg\"><img loading=\"lazy\" decoding=\"async\" src=\"https:\/\/windpilot.com\/blog\/wp-content\/uploads\/2010\/11\/First-Rotm\u00fctzen-300x196.jpg\" alt=\"\" title=\"First Rotm\u00fctzen\" width=\"300\" height=\"196\" class=\"alignleft size-medium wp-image-1790\" srcset=\"https:\/\/windpilot.com\/blog\/wp-content\/uploads\/2010\/11\/First-Rotm\u00fctzen-300x196.jpg 300w, https:\/\/windpilot.com\/blog\/wp-content\/uploads\/2010\/11\/First-Rotm\u00fctzen-1024x671.jpg 1024w\" sizes=\"auto, (max-width: 300px) 100vw, 300px\" \/><\/a>Was sich bei der ARC im Verlauf von 25 Jahren ge\u00e4ndert hat? <\/p>\n<p>Die Rally Veranstaltung f\u00fcr Familienkapit\u00e4ne hat sich zur Grossveranstaltung gemausert, bei der Familien kopfm\u00e4ssig zur Minderheit geraten. Die gleichbleibende Zahl von Schiffen verschweigt, dass diese im Schnitt bereits 50 F\u00fcsse messen und die Zahl der Kojen hat explodieren lassen. Und wenn Kojen f\u00fcr das Event per St\u00fcck verkauft werden, hat dies Auswirkungen auch auf die soziale Struktur, weil der Ansatz sich damit stillschweigend leicht ver\u00e4ndert hat.<\/p>\n<p>Wer Social Life, Parties, Seminare und andere Veranstaltungen sucht, der findet. Ansonsten gibt es nat\u00fcrlich immer noch Stege, an denen family cruiser unter sich sind &#8211; schlicht, weil die Truppentransporter der L\u00e4nge und Breite wegen, an anderer Stelle im Hafenbecken abgeparkt werden.<\/p>\n<p>Der Geist von fr\u00fcher war Jimmie\u00b4s Flaschengeist, weil er gewitzt und eloquent die Veranstaltung omnipr\u00e4sent nahezu allein regierte &#8211; was einfach war, weil er aus der Kommando-Zentrale im Fadenkreuz der Hafenmolen jederzeit den ganzen Hafen unter seiner Kontrolle hatte. <\/p>\n<p><a href=\"https:\/\/windpilot.com\/blog\/wp-content\/uploads\/2010\/11\/ARC-Korvette.jpg\"><img loading=\"lazy\" decoding=\"async\" src=\"https:\/\/windpilot.com\/blog\/wp-content\/uploads\/2010\/11\/ARC-Korvette-300x196.jpg\" alt=\"\" title=\"ARC Korvette\" width=\"300\" height=\"196\" class=\"alignleft size-medium wp-image-1792\" srcset=\"https:\/\/windpilot.com\/blog\/wp-content\/uploads\/2010\/11\/ARC-Korvette-300x196.jpg 300w, https:\/\/windpilot.com\/blog\/wp-content\/uploads\/2010\/11\/ARC-Korvette-1024x671.jpg 1024w\" sizes=\"auto, (max-width: 300px) 100vw, 300px\" \/><\/a>Jimmies Wort war Gesetz und Widerspruch witzlos &#8211; ein strenger Blick unter buschigen Augenbrauen war meist genug und seine Autorit\u00e4t reichte bis hinter die letzte Hafenmole. <\/p>\n<p>Dieser Geist ist gone with the wind. <\/p>\n<p>World Cruising ist heute zum Reiseveranstalter geworden, der rund um den Globus Segelrallies organisiert &#8211; mit finanzstarken Sponsoren &#8211;  Spielregeln und deutsch gr\u00fcndlichem Sicherheits Check &#8211; mit Rahmenprogramm von Bildung bis Wasserschlacht &#8211; Fasching f\u00fcr Jung und Alt und Blas Kapelle &#8211; gegen moderaten Eintritt eine Leistung bietet, die sich manchmal sogar f\u00fcr Segler rechnet, die auch ohne Schubs den T\u00f6rn gewagt und erledigt h\u00e4tten. <\/p>\n<p>Nicht unerheblich \u00fcbrigens ist die Zahl von Schatten Seglern, die &#8211; scheinbar zuf\u00e4llig &#8211; zeitgleich mit der GrossFlotille  aus anderen H\u00e4fen str\u00f6men, um unter virtuellem Schutz einer Fl\u00e4chen Flotte das eigene Sicherheitsbed\u00fcrfnis ein wenig in den Schlaf zu wiegen. <\/p>\n<p><a href=\"https:\/\/windpilot.com\/blog\/wp-content\/uploads\/2010\/11\/JimmyGwenda.jpg\"><img loading=\"lazy\" decoding=\"async\" src=\"https:\/\/windpilot.com\/blog\/wp-content\/uploads\/2010\/11\/JimmyGwenda-300x196.jpg\" alt=\"\" title=\"JimmyGwenda\" width=\"300\" height=\"196\" class=\"alignleft size-medium wp-image-1797\" srcset=\"https:\/\/windpilot.com\/blog\/wp-content\/uploads\/2010\/11\/JimmyGwenda-300x196.jpg 300w, https:\/\/windpilot.com\/blog\/wp-content\/uploads\/2010\/11\/JimmyGwenda-1024x671.jpg 1024w\" sizes=\"auto, (max-width: 300px) 100vw, 300px\" \/><\/a>So bietet die ARC heute eine besondere Art von Flottillen Segeln, bei der die Teilnehmer einander allerdings schnell aus dem Blick verlieren.<\/p>\n<p>Das virtuelles Band zur MutterCompany und anderen Segel Genossen hingegen dient als Reissleine und virtuelle Federung f\u00fcr die Nerven von Skipper, Crew und seiner Liebsten &#8211; und ger\u00e4t damit zum Garanten f\u00fcr eine Passage in ein Paradies, das uns Seglern immer noch als Traumersatz, als Lohn und Lutscher f\u00fcr harte Arbeitsjahre, in den Sinnen geblieben ist. <\/p>\n<p><a href=\"https:\/\/windpilot.com\/blog\/wp-content\/uploads\/2010\/11\/ARC-start.jpg\"><img loading=\"lazy\" decoding=\"async\" src=\"https:\/\/windpilot.com\/blog\/wp-content\/uploads\/2010\/11\/ARC-start-300x198.jpg\" alt=\"\" title=\"ARC start\" width=\"300\" height=\"198\" class=\"alignleft size-medium wp-image-1794\" srcset=\"https:\/\/windpilot.com\/blog\/wp-content\/uploads\/2010\/11\/ARC-start-300x198.jpg 300w, https:\/\/windpilot.com\/blog\/wp-content\/uploads\/2010\/11\/ARC-start-1024x676.jpg 1024w\" sizes=\"auto, (max-width: 300px) 100vw, 300px\" \/><\/a>Die ARC passt in unsere Zeit, sie ist ein Schubs, den man kaufen kann.<\/p>\n<p>Dennoch: am Start zumindest braucht jeder Segler einen k\u00fchlen Kopf, weil der eigene Bug ansonsten allzuleicht in ein gegnerischen Schiff geraten kann. Merkw\u00fcrdigerweise wird am Start immer noch auf Biegen und Brechen gesegelt, weil Kriege eben gewonnen oder verloren werden m\u00fcssen, nur um am Start m\u00f6glichst exakt bei Null \u00fcber eine gedachte  Linie zu kommen &#8211; auch wenn hernach auf H\u00f6he des Airports alle K\u00e4mpfer gemeinsam ins seglerische Koma fallen &#8211; wie der Wind. <\/p>\n<p>Peter Foerthmann <\/p>\n","protected":false},"excerpt":{"rendered":"<p>ARC &#8211; KLEINER SCHUBS IN DIE GROSSE FREIHEIT Humorvolle Gedanken zum 25ten Jubil\u00e4um. Schiss ist in jeder Seglerhose und auf den Kanaren werden traditionell des Nachts bei Seglern die Laken durchgeheult &#8211; jedenfalls, wenn die Karawane europ\u00e4ischer Boat People dort &hellip; <a href=\"https:\/\/windpilot.com\/blog\/columns\/arc-considerations\/light-hearted-reflections-on-the-25th-anniversary-of-the-arc\/\">Weiterlesen <span class=\"meta-nav\">&rarr;<\/span><\/a><\/p>\n","protected":false},"author":1,"featured_media":0,"parent":6621,"menu_order":0,"comment_status":"open","ping_status":"closed","template":"","meta":{"footnotes":""},"class_list":["post-4533","page","type-page","status-publish","hentry"],"_links":{"self":[{"href":"https:\/\/windpilot.com\/blog\/wp-json\/wp\/v2\/pages\/4533","targetHints":{"allow":["GET"]}}],"collection":[{"href":"https:\/\/windpilot.com\/blog\/wp-json\/wp\/v2\/pages"}],"about":[{"href":"https:\/\/windpilot.com\/blog\/wp-json\/wp\/v2\/types\/page"}],"author":[{"embeddable":true,"href":"https:\/\/windpilot.com\/blog\/wp-json\/wp\/v2\/users\/1"}],"replies":[{"embeddable":true,"href":"https:\/\/windpilot.com\/blog\/wp-json\/wp\/v2\/comments?post=4533"}],"version-history":[{"count":0,"href":"https:\/\/windpilot.com\/blog\/wp-json\/wp\/v2\/pages\/4533\/revisions"}],"up":[{"embeddable":true,"href":"https:\/\/windpilot.com\/blog\/wp-json\/wp\/v2\/pages\/6621"}],"wp:attachment":[{"href":"https:\/\/windpilot.com\/blog\/wp-json\/wp\/v2\/media?parent=4533"}],"curies":[{"name":"wp","href":"https:\/\/api.w.org\/{rel}","templated":true}]}}