{"id":5164,"date":"2011-09-19T12:25:46","date_gmt":"2011-09-19T19:25:46","guid":{"rendered":"https:\/\/windpilot.com\/blog\/?page_id=5164"},"modified":"2013-02-08T03:18:37","modified_gmt":"2013-02-08T10:18:37","slug":"deutsch-vorstand-im-ruckstand","status":"publish","type":"page","link":"https:\/\/windpilot.com\/blog\/trans-ocean-news\/deutsch-der-alte-to\/deutsch-vorstand-im-ruckstand\/","title":{"rendered":"1. Vorstand"},"content":{"rendered":"<p><div id=\"attachment_5165\" style=\"width: 310px\" class=\"wp-caption alignleft\"><a href=\"https:\/\/windpilot.com\/blog\/wp-content\/uploads\/2011\/09\/Prosit-Antarktis-Kopie.jpg\"><img loading=\"lazy\" decoding=\"async\" aria-describedby=\"caption-attachment-5165\" src=\"https:\/\/windpilot.com\/blog\/wp-content\/uploads\/2011\/09\/Prosit-Antarktis-Kopie-300x224.jpg\" alt=\"\" title=\"Prosit Antarktis\" width=\"300\" height=\"224\" class=\"size-medium wp-image-5165\" srcset=\"https:\/\/windpilot.com\/blog\/wp-content\/uploads\/2011\/09\/Prosit-Antarktis-Kopie-300x224.jpg 300w, https:\/\/windpilot.com\/blog\/wp-content\/uploads\/2011\/09\/Prosit-Antarktis-Kopie-1024x768.jpg 1024w\" sizes=\"auto, (max-width: 300px) 100vw, 300px\" \/><\/a><p id=\"caption-attachment-5165\" class=\"wp-caption-text\">Cheers from SV Nadir, Antarctica<\/p><\/div>Danke <strong>ANDREAS HUELSENBERG<\/strong>, f\u00fcr Ihre Stellungnahme, <a href=\"http:\/\/www.trans-ocean.eu\/Berichtlesen\/tabid\/72\/ArticleId\/194\/Meine-Meinung-zum-Blog-stellvertr-Vorsitzender.aspx\" target=\"_blank \">die hier zu lesen ist<\/a><\/p>\n<p>Wir sind EINER Meinung, wenn es um die Dynamik einer Vereinsversammlung geht, aus deren Mitte die Impulse erwachsen, die einen Verein mit Leben erf\u00fcllen k\u00f6nnen &#8211; besser: sollten! Zu einfach hingegen, hier die Mitglieder zu loben, ihnen Erfolg oder Mi\u00dferfolg anschliessend dann aufzub\u00fcrden!<\/p>\n<p>Dabei ist der TO diesbez\u00fcglich in privilegierter Lage, weil er sich an Menschen richtet, die in ihrem Leben etwas erreicht, die sich zielstrebig und bewusst f\u00fcr einen besonderen Sport entschieden, der sie in einer Form verbindet &#8211; in der Kommunikation lebendig und lebenswichtig &#8211; der Netzwerke f\u00f6rdert &#8211; gleichwohl auf See ein Jeder auf sich selbst gestellt &#8211; seinem eigenen Horizont dann allein entgegen segelt.<\/p>\n<p><strong>EIGENTLICH EINE PERLE VON VEREIN<\/strong>, dessen Schatz die Individualit\u00e4t und Dynamik seiner Mitglieder ist &#8211; besser: sein k\u00f6nnte &#8211; denn im Moment ist er das nicht!<br \/>\n<a href=\"https:\/\/windpilot.com\/blog\/wp-content\/uploads\/2011\/09\/Holzbus-Lenker-Kopie.jpg\"><img loading=\"lazy\" decoding=\"async\" src=\"https:\/\/windpilot.com\/blog\/wp-content\/uploads\/2011\/09\/Holzbus-Lenker-Kopie-300x195.jpg\" alt=\"\" title=\"Holzbus Lenker Kopie\" width=\"300\" height=\"195\" class=\"alignleft size-medium wp-image-5167\" srcset=\"https:\/\/windpilot.com\/blog\/wp-content\/uploads\/2011\/09\/Holzbus-Lenker-Kopie-300x195.jpg 300w, https:\/\/windpilot.com\/blog\/wp-content\/uploads\/2011\/09\/Holzbus-Lenker-Kopie-1024x666.jpg 1024w\" sizes=\"auto, (max-width: 300px) 100vw, 300px\" \/><\/a>Der Vorstand steht auf der Bremse!<\/p>\n<p>Ich denke, das haben auch Sie erkannt! Und es ist der Grund, warum ich hier an den Tasten sitze &#8211; ein wenig schwitze &#8211; und mir Gedanken mache, wie man den Verein aus der Hand von Funktion\u00e4ren befreien k\u00f6nnte &#8211; die ihre zahlende Klientel in Geiselhaft genommen &#8211; anstatt ihnen etwas anzubieten &#8211; Ihnen Vorschl\u00e4ge zu unterbreiten &#8211; ihnen Perspektiven auszumalen &#8211; wie man den Verein gestalten &#8211; statt ihn immer wieder nur weiter zu verwalten!<\/p>\n<p>Ich vermisse in Ihrer Replik Anmerkungen, wie denn wohl die Antwort des Vorstandes auf ringsum erhobene Vorw\u00fcrfe ist!?  Vielleicht gar Bemerkungen, wie der Vorstand sich selber reflektiert! <\/p>\n<p>Ich halte das Potential des TO Vereins f\u00fcr gewaltig &#8211; ein Riese &#8211; der sich allerdings seit Jahren im Winterschlaf befindet!<\/p>\n<p>Ganz und gar nicht hingegen, ist der TO ein Warte H\u00e4uschen und Unterschlupf f\u00fcr pensionierte, leicht ergraute<\/p>\n<p><strong>DAUERSEGLER, DIE ES NICHT EILIG HABEN<\/strong><br \/>\n<div id=\"attachment_5169\" style=\"width: 310px\" class=\"wp-caption alignleft\"><a href=\"https:\/\/windpilot.com\/blog\/wp-content\/uploads\/2011\/09\/Cumulant-mit-Sonnenkleid-Kopie-2.jpg\"><img loading=\"lazy\" decoding=\"async\" aria-describedby=\"caption-attachment-5169\" src=\"https:\/\/windpilot.com\/blog\/wp-content\/uploads\/2011\/09\/Cumulant-mit-Sonnenkleid-Kopie-2-300x197.jpg\" alt=\"\" title=\"Cumulant mit Sonnenkleid \" width=\"300\" height=\"197\" class=\"size-medium wp-image-5169\" srcset=\"https:\/\/windpilot.com\/blog\/wp-content\/uploads\/2011\/09\/Cumulant-mit-Sonnenkleid-Kopie-2-300x197.jpg 300w, https:\/\/windpilot.com\/blog\/wp-content\/uploads\/2011\/09\/Cumulant-mit-Sonnenkleid-Kopie-2-1024x673.jpg 1024w\" sizes=\"auto, (max-width: 300px) 100vw, 300px\" \/><\/a><p id=\"caption-attachment-5169\" class=\"wp-caption-text\">Dauersegler - what\u00b4s that?<\/p><\/div>Das w\u00e4re Perlen vor die S\u00e4ue! Daf\u00fcr ist der Verein zu schade!<\/p>\n<p>So gesehen, war das YACHT INTERVIEW verr\u00e4terisch &#8211; wahrscheinlich sogar authorisiert, weil man als Politiker sich seiner Sache ja so gern versichert &#8211; belegt der Bericht somit \u00fcberaus eindrucksvoll, wie der Vorstand \u201eseinen Verein\u201c betrachtet &#8211; den er schlicht verwaltet &#8211; anstatt ihn f\u00fcr die Zukunft zu gestalten!<\/p>\n<p>Ein Schuss ins eigene Knie vielleicht? Das immerhin, haben wir nun registriert!<br \/>\nDie Dynamik des TO ist unverkennbar &#8211; Aktivit\u00e4ten, Initiativen und W\u00fcnsche nach Ver\u00e4nderungen &#8211; kriechen bereits um alle Ecken &#8211; der Vorstand hingegen ist nur schwer zu wecken &#8211; gegen Kritik zeigte er sich stets affin &#8211; noch h\u00e4lt der Deckel auf dem Topf &#8211; fast k\u00f6nnte man denken, dass der gesammelte Vorstand auf dem Deckel zum Schlafen beisammen sitzt!<\/p>\n<p>Hilft aber nix &#8211; denn die Welt dreht sich heiter &#8211; immer weiter!<\/p>\n<p><strong>VORSTAND IM R\u00dcCKSTAND<\/strong> <\/p>\n<p>so lautet die Kurzdiagnose &#8211; Cuxhaven im Kreisverkehr der Politik &#8211; zwar dicht am Meer &#8211; aber fernab der Herde &#8211; die man zu vertreten einst versprochen &#8211; die den Braten aber gerochen &#8211; dem Vorstand auf der Spur &#8211; der, wie ich hoffe &#8211; nun dauerhaft aufgewacht!<\/p>\n<p>Scheinbar vergessen, dass ein Grossteil der Arbeit weltweit von Individualisten ehrenamtlich und freiwillig erledigt wird! Diese Menschen sollte man hofieren, Ihnen helfen, sie beachten, ihnen die Arbeit erleichtern, wo es geht &#8211; denn sie sind die solide Basis &#8211; wie ein warmes Kissen &#8211; auf dem man sich mit gutem Gewissen &#8211; niederlassen kann, wenn man als Segler weltweit unterwegs.<\/p>\n<p>Neben dem Potential seiner Mitglieder sind ehrenamtliche Mitarbeiter die S\u00e4ulen in diesem Verein &#8211; man sollte sie hegen und pflegen &#8211; sie in Watte betten &#8211; egal ob draussen in der Welt oder an den zu Stammtischen aufges\u00e4gten heimischen Eichen. <\/p>\n<p>Der Vorstand hat wenig vorteilhaft agiert &#8211; hat Menschen ver\u00e4rgert &#8211; sie d\u00fcpiert &#8211; manche degradiert &#8211; hat Ratschl\u00e4ge gegeben, die vergiftet &#8211; und Unfrieden gestreut &#8211; was er bis heute nicht bereut.<\/p>\n<p>Kann es sein, dass der Vorstand zu sehr mit sich selbst besch\u00e4ftigt ist? <\/p>\n<p>Fragen \u00fcber Fragen! Von Antworten ist weit und breit nicht viel zu merken.<\/p>\n<p>Kritik ist einfach? Sie m\u00f6chten Verbesserungs Vorschl\u00e4ge h\u00f6ren?<\/p>\n<p><strong>EIN SPAZIERGANG INS TRANS OCEANische WOLKEN SCHLOSS<\/strong> <\/p>\n<p>Ein NEUBEGINN w\u00e4re die Alternative, statt alte Z\u00f6pfe m\u00fchsam weiter zu verflechten. Denn es hat sich gezeigt, dass das herk\u00f6mmliche System aus Funktion\u00e4ren Entwicklungen behindert und bek\u00e4mpft, anstatt sich selbst an die Spitze von Neuerungen zu setzen. Denn das System ern\u00e4hrt seine Kinder auch ohne viel Klimbim &#8211; unz\u00e4hlige Vereinigungen in Deutschland haben nix andres im Sinn!<br \/>\nDas ist die bekannte Fratze der Politik &#8211; die Demokratie heimlich vertauscht mit autokratischen Herrschafts Strukturen &#8211; die unser t\u00e4glicher Lebens Ballast geworden sind! Mitglieder und W\u00e4hler als Souver\u00e4n &#8211; Papperlapapp, das ist ein Fake &#8211; hier wie dort!  &#8211; Demokratie ist auf Engels Fl\u00fcgeln schon lange aus dem Dorf entflogen.<\/p>\n<p>Es hilft wohl nur der harte Schnitt. Hoffentlich kommen am Ende gen\u00fcgend Segler mit! Immerhin w\u00e4re das einen Versuch wohl wert &#8211; selbst um den Preis, dass man am Ende dann schlauer &#8211; und hinter die Mauer gesehen &#8211; dann festgestellt, dass man einem Phantom unter den Rock geschaut.<br \/>\nIn einer Zeit, in der das Internet unser t\u00e4glicher Begleiter &#8211; wo GOOGLE EARTH sogar in CUXHAVEN unterwegs gewesen &#8211; DSL bis ins B\u00fcrgermeister Schloss gegraben &#8211; agiert unser Vorstand wie im Barock &#8211; widersetzt sich einfachsten Normalit\u00e4ten &#8211; k\u00e4mpft hingegen auf verlorenem Posten &#8211; und str\u00e4ubt sich mit aller Kraft &#8211; gegen einen Sturm &#8211; der ihnen zubr\u00fcllt, dass sie sich verflogen haben in einer H\u00f6he &#8211; dass sie auf keiner Frequenz mehr zu erreichen sind.<\/p>\n<p>Und alles nur, weil der Vorstand die Werkzeuge und M\u00f6glichkeiten unserer Zeit nicht kennt? Muss man denn Funktion\u00e4re immer zu den Tatsachen tragen?<\/p>\n<p>Fast k\u00f6nnte man denken, dass MS.DOS und Commodore noch immer in den K\u00f6pfen ihr Unheil treiben, so sehr veraltet sind die Cuxhavener Strukturen &#8211; wo Briefe und Mails an einen Vorsitzenden wochenlang staubend auf Antwort warten &#8211; B\u00fcrokr\u00e4fte von Entscheidungen abgekoppelt &#8211; um einen Deckel auf dem Topf zu halten, dem schon lange die Fl\u00fcgel gewachsen &#8211; nur Starten darf er nicht?<\/p>\n<p>Ein paar Gedankenspiele:<\/p>\n<p>Ich f\u00fchre seit 36 Jahren einen Betrieb mit modernen Strukturen &#8211; Organisation ist mein Lebens Hobby. Ich f\u00fchre eine Datenbank mit 20.000 Segler Adressen mit hunderten spezifischer Informationen sowie tausender Schiffstypen jeglicher Kriterien &#8211; verwalte Buchhaltung und Produktions Planung elektronisch &#8211; betreibe eine ausgefeilte Produktion mit CNC Maschinen &#8211; verarbeite t\u00e4glich zwischen 50 &#8211; 150 einkommender Mails &#8211; und vertreibe meine Produkte weltweit im Direktvertrieb.<\/p>\n<p>Wir betreiben und verwalten eine 6 sprachige Website mit 2 Gigabyte Inhalten &#8211; tausenden von Fotos und hunderten von Videos &#8211; seit 13 Monaten zudem ein BLOG &#8211; und sind regelm\u00e4ssig zu neuen Ideen unterwegs &#8211; oder warum schreibe ich diese Zeilen?<\/p>\n<p>Meine Frau und ich erledigen diese Arbeit als Zwei Personen Betrieb &#8211; haben noch Zeit zum Segeln &#8211; f\u00fcr unsere G\u00e4rten &#8211; sind gleichwohl in unserem Marktsegment zum <a href=\"https:\/\/windpilot.com\/blog\/de\/2011\/01\/26\/windpilot-mikro-weltmarktfuhrer-fur-windfahnen\/\" target=\"_blank \">MIKROWELTMARKTF\u00dcHRER avanciert<\/a>. <\/p>\n<p>Vielleicht ein Beispiel f\u00fcr Effektivit\u00e4t, denn schlanker geht es nicht!<\/p>\n<p>Ganz offenbar hat der Vorstand es vers\u00e4umt, den TO-B\u00fcrobetrieb schlagkr\u00e4ftig zu organisieren, Strukturen zu schaffen, die Abl\u00e4ufe erleichtern, Mitarbeiter entlasten um die Verwaltung von 6000 Mitgliedern effektiv zu gestalten! Eine gute Datenbank erledigt das im Schlaf!<\/p>\n<p>Kollateral k\u00f6nnte eine Datenbank dann noch <a href=\"https:\/\/windpilot.com\/blog\/de\/blogs\/\" target=\"_blank \">Zauber Kunst St\u00fccke verwirklichen:<\/a><\/p>\n<p>Ganz offenbar ist in Cuxhaven noch nicht aufgefallen, dass in der aktuellen Liste heutiger St\u00fctzpunkte &#8211; 21 Email Leichen enthalten sind? Eine gute  Datenbank erledigt Updates in eine Website &#8211; bei Bedarf t\u00e4glich &#8211; mit nur EINEM KLICK!<\/p>\n<p>Wie mag es wohl aussehen mit den aktuellen Mitglieder Listen? Ich vermute ein Durcheinander von erster G\u00fcte &#8211; dem man auch mit noch mehr Mitarbeitern nicht Paroli wird bieten k\u00f6nnen &#8211; solange hier keiner die Weichen stellt, f\u00fcr bessere Strukturen. Das ist wie der Polizist, der noch mit dem Analog Telefon zu telefonieren versucht und artig seine Notizen ins Vokabelheft notiert. <\/p>\n<p>Digital? &#8211; Ohlala!<\/p>\n<p><strong>WEBSITE und VEREINSZEITUNG<\/strong><\/p>\n<p>Hat denn niemand erkannt, welch funkelnder Diamant f\u00fcr Segler jeder Couleur, die TO WEBSITE und die VEREINSZEITUNG f\u00fcr diesen Verein sein kann?  Print und Online Magazine rund ums Segeln leiden allesamt unter dem Manko eines Spagats, der zu spreitzen ist, um m\u00f6glichst viele Segler-Leser-Besucher zu erreichen. Jede Gruppe bekommt dabei artig ein paar Lollies &#8211; Breit aufgestellt nennt man das im Presse Jargon &#8211; Einzel Interessen kommen dabei regelm\u00e4ssig zu kurz.<\/p>\n<p>Eine professionelle TO ZEITUNG dagegen ist nicht zum Spagat verpflichtet &#8211; sie kann einer klaren Maxime folgen &#8211; immer in gerader Furche &#8211; muss nicht in anderen Segmenten nach Opfern fischen. <\/p>\n<p>Warum befreit man die TO Zeitung nicht vom Muff der Segler-Schreber-G\u00e4rtner &#8211; warum ver\u00f6ffentlicht man unkorrigiert, teils verquaste Beitr\u00e4ge &#8211; und unlesbare Begr\u00fcssungen eines Vorsitzenden &#8211; der informieren will &#8211; nur nicht wei\u00df, wor\u00fcber &#8211; oder sich versteigt in Selbstveliebtheit &#8211; wenn man ihm ein Schiff zur \u00dcberf\u00fchrung anvertraut &#8211; und er dann glaubt, dies seinem Amt zu verdanken &#8211; wie er stolz geschwellt berichtet?<\/p>\n<p>Dies Blatt in der Hand von Profis mit guter Technik &#8211; k\u00f6nnte ein Selbstg\u00e4nger sein &#8211; das andere Magazine mit Links in Lee \u00fcberholen kann. Freelancer, Fachleute, Substanz, Informationen, Geschichten, Verbreitung, Inserate &#8211; ALLES DA &#8211; das Potenzial liegt auf der Strasse! <\/p>\n<p><a href=\"https:\/\/windpilot.com\/blog\/wp-content\/uploads\/2011\/09\/Perfect-PB-Kopie.jpg\"><img loading=\"lazy\" decoding=\"async\" src=\"https:\/\/windpilot.com\/blog\/wp-content\/uploads\/2011\/09\/Perfect-PB-Kopie-300x196.jpg\" alt=\"\" title=\"Perfect Boot\" width=\"300\" height=\"196\" class=\"alignleft size-medium wp-image-5198\" srcset=\"https:\/\/windpilot.com\/blog\/wp-content\/uploads\/2011\/09\/Perfect-PB-Kopie-300x196.jpg 300w, https:\/\/windpilot.com\/blog\/wp-content\/uploads\/2011\/09\/Perfect-PB-Kopie-1024x669.jpg 1024w, https:\/\/windpilot.com\/blog\/wp-content\/uploads\/2011\/09\/Perfect-PB-Kopie.jpg 1816w\" sizes=\"auto, (max-width: 300px) 100vw, 300px\" \/><\/a><strong>EIN PRESTIGE DAMPFER ALLERERSTER G\u00dcTE!<\/strong><\/p>\n<p>Sie m\u00f6chten Beweise? <\/p>\n<p>Der <strong>PRACTICAL SAILOR<\/strong> in den USA macht seit Jahrzehnten vor, wie man seri\u00f6s die Segler informiert &#8211; macht dies gar g\u00e4nzlich ohne advertising &#8211; tausende Abonnenten zahlen gern f\u00fcr <a href=\"http:\/\/www.practical-sailor.com\/\" target=\"_blank \">STRAIGHT INFORMATION ohne Firlefanz<\/a>. <\/p>\n<p>Kollateral w\u00fcrden Webauftritt und Vereinszeitung neue Mitglieder erreichen &#8211; denn der Vereinsbeitrag ist &#8211; immer noch &#8211; ein Sonderangebot!<\/p>\n<p>Ein Jammer, dass dies keiner erkennt! Stattdessen weiter pennt &#8211; auf der Strasse nach Cuxendorf &#8211; auf der man langsam fahren muss &#8211; stets auf der Hut vor den Portrait Foto Apparaten &#8211; die den Funktion\u00e4ren &#8211; egal in welchem St\u00e4dtchen &#8211; die Kassen von hinten f\u00fcllen &#8211; um uns weiter zu entnerven.<\/p>\n<p><a href=\"https:\/\/windpilot.com\/blog\/wp-content\/uploads\/2011\/09\/KidBeachM\u00f6we-Kopie-2.jpg\"><img loading=\"lazy\" decoding=\"async\" src=\"https:\/\/windpilot.com\/blog\/wp-content\/uploads\/2011\/09\/KidBeachM\u00f6we-Kopie-2-203x300.jpg\" alt=\"\" title=\"KidBeachM\u00f6we\" width=\"203\" height=\"300\" class=\"alignleft size-medium wp-image-5171\" srcset=\"https:\/\/windpilot.com\/blog\/wp-content\/uploads\/2011\/09\/KidBeachM\u00f6we-Kopie-2-203x300.jpg 203w, https:\/\/windpilot.com\/blog\/wp-content\/uploads\/2011\/09\/KidBeachM\u00f6we-Kopie-2.jpg 598w\" sizes=\"auto, (max-width: 203px) 100vw, 203px\" \/><\/a><strong>AUSBILDUNG, BLAUWASSER SEMINARE<\/strong><\/p>\n<p>Der TO besitzt die Lufthoheit \u00fcber nahezu alle Fachbereiche des Segelsports &#8211; keineswegs nur \u00fcber das leidige Thema von den geheimnisvollen Wellen in der Luft!<\/p>\n<p>Warum betreibt der TO keine BLAUWASSER SEMINARE &#8211; vielleicht gemeinsam und aktiv mit den Messe Gesellschaften &#8211; als Fach Seminare ohne Eintritts Geb\u00fchr? Auch f\u00fcr Messen w\u00e4re dies ein schicker Ausweg aus der Besucher und Aussteller Misere &#8211; die sie derzeit mit Go Cart Rennen und anderen Volksbelustigungen versuchen, aufzufangen.<a href=\"https:\/\/windpilot.com\/blog\/de\/columns\/deutsch-blauwasser-seminare-interessen-konflikte\/\" target=\"_blank \"> Hier die Lekt\u00fcre zum Thema:<\/a><\/p>\n<p><a href=\"https:\/\/windpilot.com\/blog\/wp-content\/uploads\/2011\/09\/GoofyHeck-Kopie.jpg\"><img loading=\"lazy\" decoding=\"async\" src=\"https:\/\/windpilot.com\/blog\/wp-content\/uploads\/2011\/09\/GoofyHeck-Kopie-300x198.jpg\" alt=\"\" title=\"GoofyHeck Kopie\" width=\"300\" height=\"198\" class=\"alignleft size-medium wp-image-5204\" srcset=\"https:\/\/windpilot.com\/blog\/wp-content\/uploads\/2011\/09\/GoofyHeck-Kopie-300x198.jpg 300w, https:\/\/windpilot.com\/blog\/wp-content\/uploads\/2011\/09\/GoofyHeck-Kopie-1024x677.jpg 1024w\" sizes=\"auto, (max-width: 300px) 100vw, 300px\" \/><\/a><strong>CUXHAVEN &#8211; BIOTOP f\u00fcr FUNKTION\u00c4RE<\/strong><\/p>\n<p>Ein Blick \u00fcber den Tellerrand hat in Cuxhaven offenbar noch keiner gewagt &#8211; vielleicht, weil man die Sprache nicht fl\u00fcssig beherrscht? Spezial Vereine f\u00fcr die Blauwassersegler gibt es weltweit in jeder G\u00fcte &#8211; warum ist Deutschland hier die Rotlichtlaterne &#8211; v\u00f6llig ohne Grund? <a href=\"http:\/\/ssca.org\" target=\"_blank \">SSCA<\/a>, <a href=\"http:\/\/www.stw.fr\/\" target=\"_blank \">STW<\/a>, <a href=\"http:\/\/www.ftlf.dk\/\" target=\"_blank \">FTLF<\/a> um nur ein paar zu benennen, die haben anderes im Sinn, als immer nur weiter zu pennen. Hat mit dem F\u00fchrungs Personal zu tun!<\/p>\n<p>Mannheim &#8211; D\u00fcsseldorf &#8211; Stuttgart &#8211; Hamburg &#8211; M\u00fcnchen? Alles m\u00f6glich &#8211; nur bitte Cuxhaven nicht &#8211; denn die isolierte Lage erschwert das Funktionieren eines international operierenden Vereins in eklatanter Weise.<br \/>\nObgleich anders herum:<br \/>\nSatzung \u00a7 5 Absatz 4   <\/p>\n<blockquote><p>Bei Beschlu\u00dffassung entscheidet die Mehrheit der erschienenen Mitglieder<\/p><\/blockquote>\n<p> &#8230;. ist eine Backstags Brise f\u00fcr Funktion\u00e4rs Beschl\u00fcsse, da die Abgeschiedenheit der Randlage in Cuxhaven, eine Teilhabe der weltweiten Mitgliederschaft, an den Beschl\u00fcssen unm\u00f6glich macht. Man ist unter sich! Eine Satzungs\u00e4nderung, nach der Stimmen an bevollm\u00e4chtigte Mitglieder \u00fcbertragen werden k\u00f6nnen &#8211; w\u00fcrde einem trans oceanischem Verein gut zu Gesicht stehen &#8211; und Mehrheitsverh\u00e4ltnisse verschieben. Ich nenne das Demokratie!<\/p>\n<p>Wo wir gerade dabei sind:<br \/>\n&#8211; wo in der Satzung steht geschrieben, dass Antr\u00e4ge zur HV auf den 31.8. des Jahres befristet sind?<br \/>\n&#8211; warum werden Bilanzen, Kostenbelege, Kassenberichte und Verm\u00f6gens Aufstellung nicht offen publiziert?<br \/>\nM\u00fcssen wir da wirklich noch raten?<br \/>\nEin B\u00fcro in strategisch gut erreichbarer Lage mit kompetentem Personal. Einen Journalisten oder Redakteur, der sein Handwerk versteht, das w\u00e4ren die Bausteine, die man ben\u00f6tigte f\u00fcr einen Neuanfang.<\/p>\n<p>Das w\u00e4re mein Traum, der so nahe liegt, das ich ihn greifen k\u00f6nnte, wenn ich hier ein wenig weiter r\u00e4sonierte.<\/p>\n<p>Aber: mit der Brechstange funktioniert das alles nicht! Denn dies ist eine Frage von langsamen Prozessen &#8211; keineswegs von Leuten, die nur besessen &#8211; hingegen von klaren K\u00f6pfen, die besonnen und klug agieren &#8211; und sich auf allen Vieren &#8211; gemeinsam und zusammen &#8211; einer Festung am Bahnhofsplatz &#8211; scheinbar angelegentlich &#8211; gleichwohl stetig n\u00e4hern &#8211; um sich eines Vereins zu bem\u00e4chtigen, der ihnen eigentlich bereits geh\u00f6rt.<\/p>\n<p><strong>Trans Ocean &#8211; WIR sind das Volk &#8211; das ist UNSER Verein! <\/strong><\/p>\n<p>Wir m\u00fcssen ihn nur haben wollen &#8211; DAS ist hier die einzig interessante Frage &#8211; gesteht humorvoll und keineswegs suggestiv &#8211; hingegen hellwach<\/p>\n<p>Peter Foerthmann<\/p>\n","protected":false},"excerpt":{"rendered":"<p>Danke ANDREAS HUELSENBERG, f\u00fcr Ihre Stellungnahme, die hier zu lesen ist Wir sind EINER Meinung, wenn es um die Dynamik einer Vereinsversammlung geht, aus deren Mitte die Impulse erwachsen, die einen Verein mit Leben erf\u00fcllen k\u00f6nnen &#8211; besser: sollten! Zu &hellip; <a href=\"https:\/\/windpilot.com\/blog\/trans-ocean-news\/deutsch-der-alte-to\/deutsch-vorstand-im-ruckstand\/\">Weiterlesen <span class=\"meta-nav\">&rarr;<\/span><\/a><\/p>\n","protected":false},"author":1,"featured_media":0,"parent":8043,"menu_order":0,"comment_status":"open","ping_status":"closed","template":"","meta":{"footnotes":""},"class_list":["post-5164","page","type-page","status-publish","hentry"],"_links":{"self":[{"href":"https:\/\/windpilot.com\/blog\/wp-json\/wp\/v2\/pages\/5164","targetHints":{"allow":["GET"]}}],"collection":[{"href":"https:\/\/windpilot.com\/blog\/wp-json\/wp\/v2\/pages"}],"about":[{"href":"https:\/\/windpilot.com\/blog\/wp-json\/wp\/v2\/types\/page"}],"author":[{"embeddable":true,"href":"https:\/\/windpilot.com\/blog\/wp-json\/wp\/v2\/users\/1"}],"replies":[{"embeddable":true,"href":"https:\/\/windpilot.com\/blog\/wp-json\/wp\/v2\/comments?post=5164"}],"version-history":[{"count":1,"href":"https:\/\/windpilot.com\/blog\/wp-json\/wp\/v2\/pages\/5164\/revisions"}],"predecessor-version":[{"id":8047,"href":"https:\/\/windpilot.com\/blog\/wp-json\/wp\/v2\/pages\/5164\/revisions\/8047"}],"up":[{"embeddable":true,"href":"https:\/\/windpilot.com\/blog\/wp-json\/wp\/v2\/pages\/8043"}],"wp:attachment":[{"href":"https:\/\/windpilot.com\/blog\/wp-json\/wp\/v2\/media?parent=5164"}],"curies":[{"name":"wp","href":"https:\/\/api.w.org\/{rel}","templated":true}]}}