{"id":5271,"date":"2011-09-22T03:28:52","date_gmt":"2011-09-22T10:28:52","guid":{"rendered":"https:\/\/windpilot.com\/blog\/?page_id=5271"},"modified":"2013-02-08T03:19:20","modified_gmt":"2013-02-08T10:19:20","slug":"deutsch-trans-ocean-in-seenot","status":"publish","type":"page","link":"https:\/\/windpilot.com\/blog\/trans-ocean-news\/deutsch-der-alte-to\/deutsch-trans-ocean-in-seenot\/","title":{"rendered":"2. TO in Seenot"},"content":{"rendered":"<p><strong>IST DER KAPIT\u00c4N SCHON VON BORD GEGANGEN?<\/strong><\/p>\n<p><a href=\"https:\/\/windpilot.com\/blog\/wp-content\/uploads\/2011\/09\/Wrack-rostigjpg.jpg\"><img loading=\"lazy\" decoding=\"async\" src=\"https:\/\/windpilot.com\/blog\/wp-content\/uploads\/2011\/09\/Wrack-rostigjpg-300x225.jpg\" alt=\"\" title=\"Wrack rostigjpg\" width=\"300\" height=\"225\" class=\"alignleft size-medium wp-image-5272\" srcset=\"https:\/\/windpilot.com\/blog\/wp-content\/uploads\/2011\/09\/Wrack-rostigjpg-300x225.jpg 300w, https:\/\/windpilot.com\/blog\/wp-content\/uploads\/2011\/09\/Wrack-rostigjpg-1024x768.jpg 1024w, https:\/\/windpilot.com\/blog\/wp-content\/uploads\/2011\/09\/Wrack-rostigjpg.jpg 2048w\" sizes=\"auto, (max-width: 300px) 100vw, 300px\" \/><\/a>Oder hat der Wind die T\u00fcr zum B\u00fcro schon so verklemmt &#8211; das sie nicht mehr aufgeht &#8211; auch wenn man sich mit aller Kraft dagegen stemmt?<\/p>\n<p>Oder ist es nur der Schl\u00fcssel, den man nun nicht mehr hat &#8211; weil die Schl\u00f6sser ausgetauscht worden sind &#8211; um in Ruhe einen R\u00fcckzug zu \u00fcberhasten &#8211; bei dem man sich von Besuchern sehr gern verschont &#8211; weil der nur st\u00f6rt &#8211; weil man ihn nicht mehr h\u00f6rt &#8211; hingegen in atemloser Ruhe sich vorbereiten will &#8211; um in einem letzten Kampf &#8211; dann am Ende vergleichsweise mit nur geringem Haarverlust &#8211; in einem Dorf weiter zu existieren &#8211; notfalls auf allen Vieren &#8211; weil sich hier Dinge offenbaren &#8211; die ehrw\u00fcrdige M\u00e4nner in elegantem Zwirn &#8211; als ruchbar stets weit weg geschoben haben &#8211; schon seit viel zu vielen Jahren?<\/p>\n<p><strong>VERMUTUNGEN \u00dcBER VERMUTUNGEN<\/strong><\/p>\n<p>Hier noch ein paar weitere \u00dcberlegungen zu einer merkw\u00fcrdigen Trans Oceanischen Causa &#8211; die seit Jahrzehnten in Cuxhaven &#8211; in einem vom Leben ungest\u00f6rten Biotop &#8211; hat wachsen k\u00f6nnen &#8211; vor aller Augen &#8211; ohne dass einer den Mut gehabt h\u00e4tte &#8211; hier einmal aufzur\u00e4umen. <\/p>\n<p>Auch wenn\u00b4s nun wehtut &#8211; so will ich nicht vers\u00e4umen, hier einmal aufzuschreiben &#8211; wie meine Sicht auf diese Sache &#8211; nicht nur am Ende &#8211; sondern f\u00fcr mich seit Jahren der ROTE FADEN gewesen ist.<\/p>\n<p>Seit Jahren h\u00f6re ich aus allen Ecken Unzufriedenheit &#8211; in der Regel von Seglern, die unterwegs &#8211; die meine Kunden &#8211; manche auch meine Freunde geworden sind. Der Tenor der segelnden Community war stets der gleiche &#8211; der TO sei eine Leiche, die durch besondere Satzungs und Strukturen, von einer Anzahl von Funktion\u00e4ren am Leben erhalten &#8211; die hingegen den Seglern unterwegs nur Luft verkaufen &#8211; DAS hingegen mit R\u00fcckenwind und vielleicht einigen Leichen im Keller!<\/p>\n<p>Denn dieser Verein &#8211; als EVAU am Leben &#8211; erh\u00e4lt und f\u00fcttert seine Funktion\u00e4re schweigend und meisterlich.<\/p>\n<p><a href=\"https:\/\/windpilot.com\/blog\/wp-content\/uploads\/2011\/09\/Dog-2x.jpg\"><img loading=\"lazy\" decoding=\"async\" src=\"https:\/\/windpilot.com\/blog\/wp-content\/uploads\/2011\/09\/Dog-2x-197x300.jpg\" alt=\"\" title=\"Dog 2x\" width=\"197\" height=\"300\" class=\"alignleft size-medium wp-image-5279\" srcset=\"https:\/\/windpilot.com\/blog\/wp-content\/uploads\/2011\/09\/Dog-2x-197x300.jpg 197w, https:\/\/windpilot.com\/blog\/wp-content\/uploads\/2011\/09\/Dog-2x-672x1024.jpg 672w, https:\/\/windpilot.com\/blog\/wp-content\/uploads\/2011\/09\/Dog-2x.jpg 1203w\" sizes=\"auto, (max-width: 197px) 100vw, 197px\" \/><\/a>Nur dran zu Kratzen &#8211; das wagte sich keiner &#8211; lieber Jammern, Telefonieren,  Intrigieren und hinter vorgehaltener Hand zu Schwadronieren &#8211; da waren sie alle unterwegs &#8211; um gegebenenfalls zum richtigen Zeitpunkt dann sich selbst in den Vordergrund zu schieben &#8211; weil man ja sowieso stets alles besser gewu\u00dft habe &#8211; bereits seit vielen Jahren!<\/p>\n<p>Ich weiss sehr wohl, warum ich nie ein Vereinsmeier gewesen bin &#8211; kenne aber die besonderen Strukturen aus dem EffEff &#8211; wei\u00df um das Verhalten von M\u00e4nnerM\u00e4nnern, die zwar ein freundliches Gesicht zu machen in der Lage  &#8211; hingegen im Hinterkopf eine eigene Strategie stets fertig haben &#8211; um z.B. einen VereinsLaden &#8211; am Ende zu einer Wende zu eigenen Gunsten an einem anderen Steg zum Anlegen zu bringen &#8211; stringent planen.<\/p>\n<p><a href=\"https:\/\/windpilot.com\/blog\/wp-content\/uploads\/2011\/09\/GeoffHiltonBar.jpg\"><img loading=\"lazy\" decoding=\"async\" src=\"https:\/\/windpilot.com\/blog\/wp-content\/uploads\/2011\/09\/GeoffHiltonBar-300x197.jpg\" alt=\"\" title=\"GeoffHiltonBar\" width=\"300\" height=\"197\" class=\"alignleft size-medium wp-image-5273\" srcset=\"https:\/\/windpilot.com\/blog\/wp-content\/uploads\/2011\/09\/GeoffHiltonBar-300x197.jpg 300w, https:\/\/windpilot.com\/blog\/wp-content\/uploads\/2011\/09\/GeoffHiltonBar-1024x673.jpg 1024w\" sizes=\"auto, (max-width: 300px) 100vw, 300px\" \/><\/a>Die besten Seeleute sitzen im TO seit Jahrzehnten an Land &#8211; hingegen hat KEINER von ihnen den Mut gehabt &#8211; hier eine Sache &#8211; die mehr als \u00fcberf\u00e4llig &#8211; auf einen konstruktiven Weg zu bringen &#8211; statt dessen am Ende &#8211; stets sich immer nur selbst beklagt &#8211; da man der Meinung, dass eine Revolution eben einfach nicht gelingen k\u00f6nne &#8211; weil die Strukturen in Cuxhaven ja so m\u00e4chtig und verschwiegen &#8211; dass das auch als Gruppe nie hinzukriegen &#8211; man daher die schlafenden Hunde nicht weiter im Schlafe st\u00f6re &#8211; so der Tenor &#8211; ganz ohne Tremor.<\/p>\n<p><a href=\"https:\/\/windpilot.com\/blog\/wp-content\/uploads\/2011\/09\/P1000863.jpg\"><img loading=\"lazy\" decoding=\"async\" src=\"https:\/\/windpilot.com\/blog\/wp-content\/uploads\/2011\/09\/P1000863-300x225.jpg\" alt=\"\" title=\"P1000863\" width=\"300\" height=\"225\" class=\"alignleft size-medium wp-image-5274\" srcset=\"https:\/\/windpilot.com\/blog\/wp-content\/uploads\/2011\/09\/P1000863-300x225.jpg 300w, https:\/\/windpilot.com\/blog\/wp-content\/uploads\/2011\/09\/P1000863-1024x768.jpg 1024w\" sizes=\"auto, (max-width: 300px) 100vw, 300px\" \/><\/a>Immerhin: mit ZWEI BLOGS &#8211; die meiner weiblichen Regierungszentrale einige N\u00e4chte geklaut &#8211; weil ihr Kerl vor dem MAC gesessen hat &#8211; statt ihren Schlaf zu bewachen &#8211; hat Peter Foerthmann, wie ich vermute, einem Schlosser in Cuxhaven einen schicken Job verschafft &#8211; denn bei Nacht bekommen Schlosser die doppelte Knete &#8211; ohne dass der Job erheblich anders &#8211; nur die Taschenlampe musste er benutzen &#8211; um das Loch zu finden &#8211; damit kein Unbefugter mehr durch die teure T\u00fcr zu treten sich wagen k\u00f6nne oder w\u00fcrde.<\/p>\n<p>Und schon wird den Telefon Gesellschaften ein Umsatz Hoch verschafft &#8211; denn es gilt &#8211; Lager zu sondieren &#8211; Gegner von Freunden zu differenzieren &#8211; sich seiner Argumente zu versichern &#8211; Papiere zu sammeln &#8211; Strategien zu entwickeln &#8211; um am Ende mit sauberen H\u00e4nden &#8211; dazustehen, wie einer, der alles ja so viel besser schon so lange wusste &#8211; nur eben nicht den Mumm hatte, dies auch lauthals durchzusetzen.<\/p>\n<p><strong>DIE PRESSE?<\/strong><\/p>\n<p>Hat bislang geschwiegen &#8211; nach einem Interview &#8211; das offenbar authorisiert &#8211; dem Verein eine stattliche Zahl von Neu Mitglieder beschert &#8211; ist die Presse  schlafen gegangen &#8211; statt einmal zu eruieren &#8211; wie es denn wirklich aussaehe &#8211; in diesem Biotop eines besonderen Vereins &#8211; vor dem ganze M\u00e4nner Horden in die Knie gezwungen &#8211; statt einmal neugierig zu werden &#8211; in einen Ballon voll heisser Luft  zu pieksen &#8211; und am Ende dann vielleicht erstaunt zu bemerken, dass man zur Seite treten, h\u00e4tte m\u00fcssen  &#8211; um vom Knall und der heissen Luft &#8211; mit einem enormen Puff &#8211; auf einen Boden der Tatsachen geschleudert w\u00fcrde &#8211; die man &#8211; logisch logisch! &#8211; schon so lange vermutet &#8211; nur eben keine Zeit gehabt habe &#8211; das alte Elend von Presse Leuten, die sich statt sich zu h\u00e4uten &#8211; lieber von anderen Leuten die Pr\u00e4sente pr\u00e4sentieren lassen.<\/p>\n<p><a href=\"https:\/\/windpilot.com\/blog\/wp-content\/uploads\/2011\/09\/MercedesCycle.jpg\"><img loading=\"lazy\" decoding=\"async\" src=\"https:\/\/windpilot.com\/blog\/wp-content\/uploads\/2011\/09\/MercedesCycle-225x300.jpg\" alt=\"\" title=\"MercedesCycle\" width=\"225\" height=\"300\" class=\"alignleft size-medium wp-image-5275\" srcset=\"https:\/\/windpilot.com\/blog\/wp-content\/uploads\/2011\/09\/MercedesCycle-225x300.jpg 225w, https:\/\/windpilot.com\/blog\/wp-content\/uploads\/2011\/09\/MercedesCycle-768x1024.jpg 768w, https:\/\/windpilot.com\/blog\/wp-content\/uploads\/2011\/09\/MercedesCycle.jpg 1728w\" sizes=\"auto, (max-width: 225px) 100vw, 225px\" \/><\/a>Muss man auch die Presse zu den Tatsachen tragen oder fahren? Kann es nicht einmal anders herum von selber funktionieren &#8211; muss man den Jungs sogar die Fakten juristisch sauber pr\u00e4sentieren &#8211; bevor man merkt, dass sich in Cuxendorf etwas Ungeheuerliches tut? Hurricane an der Wasserkante? Landunter am Bahnhofsplatz?<\/p>\n<p>Nachdem die YACHT einem Ober Pfau ein pr\u00e4chtiges Interview gegeben hat &#8211; w\u00e4re es fair gewesen &#8211; auch der Mitglieder Seite &#8211; immerhin 6000 gestandenen HochseeSeglern &#8211; ein wenig Geh\u00f6r zu verschaffen &#8211; sich deren Sorgen anzunehmen &#8211; ihnen Referenz und Ehre zu erweisen &#8211; denn immerhin handelt es sich hier um eine recht virile Gruppe von Seglern, die ihren Sport in einer besonderen Form begreifen &#8211; statt immer nur im Kopf oder mit dem FInger auf dem Globus diesen Sport zu betreiben &#8211; sind es die Segler, die als Spitze eines Eisberg zu sehen sind &#8211; weil ihre Geschichten den ganzen Rest einer Segler Nation &#8211; beim Tr\u00e4umen helfen &#8211; ihnen die B\u00fccher schreiben &#8211; Reiseberichte verfassen &#8211; Seminare abhalten &#8211; den Luftraum \u00fcber das Blauwasser Segeln reinlich halten &#8211; kurz: eine besondere Mitglieder Menschen Masse &#8211; f\u00fcr die es sich lohnte, als Journalist sich einmal mit ihnen in besonderer Form zu befassen! <\/p>\n<p>Es w\u00e4re DIE STORY gewesen &#8211; man h\u00e4tte sie jeden Tag aufgreifen k\u00f6nnen &#8211; und h\u00e4tte der Seglerschaft der Blauwassersegler  &#8211; unter denen ja viele YACHT Leser sind &#8211; einen wahren Dienst erweisen k\u00f6nnen!<\/p>\n<div id=\"attachment_5281\" style=\"width: 310px\" class=\"wp-caption alignleft\"><a href=\"https:\/\/windpilot.com\/blog\/wp-content\/uploads\/2011\/09\/Lighthouse01-Kopie.jpg\"><img loading=\"lazy\" decoding=\"async\" aria-describedby=\"caption-attachment-5281\" src=\"https:\/\/windpilot.com\/blog\/wp-content\/uploads\/2011\/09\/Lighthouse01-Kopie-300x225.jpg\" alt=\"\" title=\"Lighthouse\" width=\"300\" height=\"225\" class=\"size-medium wp-image-5281\" srcset=\"https:\/\/windpilot.com\/blog\/wp-content\/uploads\/2011\/09\/Lighthouse01-Kopie-300x225.jpg 300w, https:\/\/windpilot.com\/blog\/wp-content\/uploads\/2011\/09\/Lighthouse01-Kopie-1024x768.jpg 1024w, https:\/\/windpilot.com\/blog\/wp-content\/uploads\/2011\/09\/Lighthouse01-Kopie.jpg 1536w\" sizes=\"auto, (max-width: 300px) 100vw, 300px\" \/><\/a><p id=\"caption-attachment-5281\" class=\"wp-caption-text\">SV Bluenose in front and inside<\/p><\/div>\n<p><strong>MEIN CREDO<\/strong> <\/p>\n<p>ist Offenheit in jeder Weise &#8211; dies f\u00e4ngt bei offener Kommunikation an &#8211; und endet bei Transparenz \u00fcber finanzielle Angelegenheiten &#8211; wer etwas zu verbergen hat &#8211; hat in einem Verein nicht viel zu suchen! &#8211; obgleich wir alle wissen, dass Vereine die falschen Bienen anzuziehen scheinen &#8211; die den Honig suchen &#8211; ihn dann selbst zu fressen &#8211; anstatt sich um die anvertraute Bienen Segler satzungsgem\u00e4ss zu bek\u00fcmmern.<\/p>\n<p>Wie kann es sein, dass unser Verein recht offenbar seit Jahren einen Schatz &#8211; wie man h\u00f6rt &#8211; in sechs stelliger H\u00f6he beh\u00fctet &#8211; deren H\u00f6he hingegen man wohl vor den eigenen Mitgliedern bislang zu verbergen verstanden hat? Ein Vorstand muss sich ganz sch\u00f6n einig sein, wenn man diesen Schatz jahrelang gemeinsam verteidigen kann! Wollte man einem Verein von DAUERSEGLERN IM RENTENALTER EIN JUGENDBOOT BAUEN &#8211; wie zu h\u00f6ren gewesen ist? Will man vielleicht in ein Charterschiff investieren? Hat man andere Pl\u00e4ne? Was sind die Pl\u00e4ne?<\/p>\n<p>Wie kann es sein, dass als Monatsmiete ein Betrag, weit \u00fcber Cuxhavener Vergleichsmieten Niveau &#8211; wie man h\u00f6rt, direkt auf dem Konto eines Vorsitzenden verbucht werden soll?<\/p>\n<p>Viele Fragen &#8211; jahrelang bekannt &#8211; niemals  widersprochen! <\/p>\n<p>Warum die Angst &#8211; hat man sich vielleicht gegenseitig in der Hand &#8211; oder tiefer &#8211; oder anderswo &#8211; wie in der Politik?<\/p>\n<p>Gibt es hier die gleichen Zusammenh\u00e4nge, wie wir sie jeden Tag aus den Medien erfahren?<\/p>\n<p>Haben sich hier ein paar Herren ein wenig zu sehr verstiegen?<\/p>\n<p><a href=\"https:\/\/windpilot.com\/blog\/wp-content\/uploads\/2011\/09\/SeeHundHase.jpg\"><img loading=\"lazy\" decoding=\"async\" src=\"https:\/\/windpilot.com\/blog\/wp-content\/uploads\/2011\/09\/SeeHundHase-300x225.jpg\" alt=\"\" title=\"SeeHundHase\" width=\"300\" height=\"225\" class=\"alignleft size-medium wp-image-5282\" srcset=\"https:\/\/windpilot.com\/blog\/wp-content\/uploads\/2011\/09\/SeeHundHase-300x225.jpg 300w, https:\/\/windpilot.com\/blog\/wp-content\/uploads\/2011\/09\/SeeHundHase-1024x768.jpg 1024w\" sizes=\"auto, (max-width: 300px) 100vw, 300px\" \/><\/a>Vor wenigen Tagen wurde ich von einem jungen alten SeeHasen gefragt:   <\/p>\n<p>Zitat:<br \/>\n\u201eWarum soll ich Antr\u00e4ge stellen, wenn dies nicht als konstruktiver Beitrag, sondern als Querulantentum angesehen wird? Da gehe ich lieber segeln.\u201c<br \/>\nZudem: \u201eWer will den Job machen? Seine Freizeit f\u00fcr etwas einsetzen, das wenig Dank und viel Gen\u00f6rgel einbringt?\u201c<br \/>\nZitat Ende.<\/p>\n<p>Dies war meine Antwort:<\/p>\n<p>Zitat:<br \/>\nDie Dinge nur weiterlaufen lassen wie bisher &#8211; dazu muss man die Augen fest geschlossen halten &#8211; und sich bei Bedarf den N\u00f6rglern anschlie\u00dfen &#8211; das ist sicher ein bequemer Weg.<\/p>\n<p>Mein Ansatz mag kontrovers sein, aber bislang hat mich noch keiner \u00fcberzeugt, dass Optimismus und Energie &#8211; nicht am Ende auch zu Ergebnissen f\u00fchren kann &#8211; wenn man es denn richtig betreibt.<\/p>\n<p>Denn Merke: wenn Personen und Handlungsweisen keinen Anlass zum N\u00f6rgeln mehr geben &#8211; wer w\u00fcrde sich damit dann wohl noch die Zeit vertreiben. Ein TO Mitglied hat Tr\u00e4ume im Kopf &#8211; ansonsten w\u00fcrde er nicht Segeln &#8211; man muss diesen Tr\u00e4umen Fl\u00fcgel wachsen lassen &#8211; dann hat man eine treue Fan Gemeinde&#8230;.<\/p>\n<p>Mit Ergebnissen und Perspektiven &#8211; bekommt man Segler prima aus den Sesseln&#8230;. <\/p>\n<p>Das ist mein Ansatz!<\/p>\n<p>Und: angesichts einer derzeitig desolaten Lage &#8211; ist es doch ein lohnendes Ziel, etwas zu gestalten &#8211; statt nur weiter zu verwalten!<\/p>\n<p>Im Gegensatz zu herrschenden Strukturen, die allesamt offenbar auch finanzielle Interessen zu haben scheinen  &#8211; kann man mit Idealismus &#8211; wie ich glaube &#8211; auch heute noch ganze Berge versetzen.<\/p>\n<p>Wenn das auch Ihre Meinung ist &#8211; warum dann z\u00f6gerlich?<\/p>\n<p>Es geht um Strukturen &#8211; die man schaffen kann!<\/p>\n<p>Wenn man dazu bereit ist, sind Durchf\u00fchrung, B\u00fcroverlagerung und Personal der zweite Schritt.<\/p>\n<p><strong>DEMOKRATISIERUNG IST DER WEG!<\/strong><\/p>\n<p>Ich denke an eine Demokratisierung, weil nur auf diese Weise dem Verein zu helfen ist &#8211; im Kleinen, wie im gr\u00f6\u00dferem Rahmen. Das f\u00e4ngt beim Vorstand an, den man verschlanken kann, zeitgleich hingegen effektiver Strukturen arrangieren kann &#8211; und h\u00f6rt auf bei einer Motivation der Segler, die &#8211; wie ich \u00fcberzeugt bin &#8211; leicht zu Motivieren sein werden.<\/p>\n<p>Und: abgesehen von Notaren und B\u00fcrgermeistern, f\u00fcr die  eine Kleinstadt wie Cuxendorf &#8211; sogar noch DREI (!)  weitere B\u00fcrgermeister auf die Strasse schicken k\u00f6nnen &#8211; haben wir alle einen Job, der uns ern\u00e4hrt &#8211; wir haben Familien, KInder &#8211; und ein ausgef\u00fclltes Leben &#8211; ach ja, und Segeln wollen wir auch.\u201c<br \/>\nZitat Ende<\/p>\n<p>Danach habe ich nichts weiter mehr von dem Segler geh\u00f6rt!<\/p>\n<p>Das gleiche gilt f\u00fcr viele andere bekannten M\u00e4nner, die in Gespr\u00e4chen ihre kritische Sicht mir angelegentlich versichert &#8211; hingegen dies offen selten ge\u00e4ussert &#8211; stattdessen im Verschwiegenen zu telefonieren begannen &#8211; um zu sehen, wie man verhandeln &#8211; wie man sich verbandeln &#8211; wie man taktieren k\u00f6nnte &#8211; um am Ende dann eine L\u00f6sung zu finden &#8211; die man f\u00fcr sich selbst vorteilhaft gewendet.<\/p>\n<p><a href=\"https:\/\/windpilot.com\/blog\/wp-content\/uploads\/2011\/09\/Hoek-Design-Mogan.jpg\"><img loading=\"lazy\" decoding=\"async\" src=\"https:\/\/windpilot.com\/blog\/wp-content\/uploads\/2011\/09\/Hoek-Design-Mogan-300x198.jpg\" alt=\"\" title=\"Hoek Design Mogan\" width=\"300\" height=\"198\" class=\"alignleft size-medium wp-image-5276\" srcset=\"https:\/\/windpilot.com\/blog\/wp-content\/uploads\/2011\/09\/Hoek-Design-Mogan-300x198.jpg 300w, https:\/\/windpilot.com\/blog\/wp-content\/uploads\/2011\/09\/Hoek-Design-Mogan-1024x676.jpg 1024w\" sizes=\"auto, (max-width: 300px) 100vw, 300px\" \/><\/a>Immerhin haben sich viele tausende Besucher pro Tag auf meinem Blog versammelt &#8211; unsichtbar sich an meinen Geschichten informiert und am\u00fcsiert &#8211; obwohl es um eine ernste Sache geht &#8211; die man am besten kommunikativ und offen verhandelt &#8211; die man gemeinsam und demokratisch verwandeln h\u00e4tte k\u00f6nnen &#8211; um zu sehen, wie man die Sache zu behandeln &#8211; und f\u00fcr mindestens 6000 Segler zum Positiven h\u00e4tte wenden k\u00f6nnen.<\/p>\n<p><a href=\"https:\/\/windpilot.com\/blog\/wp-content\/uploads\/2011\/09\/Burg-Cux.jpg\"><img loading=\"lazy\" decoding=\"async\" src=\"https:\/\/windpilot.com\/blog\/wp-content\/uploads\/2011\/09\/Burg-Cux-300x197.jpg\" alt=\"\" title=\"Burg Cux\" width=\"300\" height=\"197\" class=\"alignleft size-medium wp-image-5277\" srcset=\"https:\/\/windpilot.com\/blog\/wp-content\/uploads\/2011\/09\/Burg-Cux-300x197.jpg 300w, https:\/\/windpilot.com\/blog\/wp-content\/uploads\/2011\/09\/Burg-Cux-1024x675.jpg 1024w, https:\/\/windpilot.com\/blog\/wp-content\/uploads\/2011\/09\/Burg-Cux.jpg 1835w\" sizes=\"auto, (max-width: 300px) 100vw, 300px\" \/><\/a>Der letzte Kampf um die Burg von Cuxendorf hat nun also begonnen &#8211; vielleicht ein Gemetzel &#8211; es ist die Schlacht um die Hinterlassenschaft &#8211; aus der man &#8211; wie ein Phoenix dann &#8211; mit neuen Versprechungen versucht, sich eines Vereins zu bem\u00e4chtigen &#8211; den man &#8211; so wird allseits dann gehofft &#8211; in neuer Form und mit besseren Leuten &#8211; wieder nach See zu verabschieden meint zu k\u00f6nnen.<\/p>\n<p><a href=\"https:\/\/windpilot.com\/blog\/wp-content\/uploads\/2011\/09\/Papagei-Kopie.jpg\"><img loading=\"lazy\" decoding=\"async\" src=\"https:\/\/windpilot.com\/blog\/wp-content\/uploads\/2011\/09\/Papagei-Kopie-204x300.jpg\" alt=\"\" title=\"Papagei Kopie\" width=\"204\" height=\"300\" class=\"alignleft size-medium wp-image-5284\" srcset=\"https:\/\/windpilot.com\/blog\/wp-content\/uploads\/2011\/09\/Papagei-Kopie-204x300.jpg 204w, https:\/\/windpilot.com\/blog\/wp-content\/uploads\/2011\/09\/Papagei-Kopie.jpg 523w\" sizes=\"auto, (max-width: 204px) 100vw, 204px\" \/><\/a>Ich lege mich nun wieder auf meine Mauer &#8211; bin auf der Lauer &#8211; beobachte die weitere Entwicklung &#8211; und habe im Sinn &#8211; dass der TRAN OCEAN eigentlich eine Perle ist &#8211; die man wieder zur\u00fcck in die sch\u00fctzende Austern Schale zu stecken h\u00e4tte &#8211; auf das sie noch pr\u00e4chtig wachsen k\u00f6nnte &#8211; statt sie M\u00e4nnern anzuvertrauen, die damit zu viel Politik zu machen planen &#8211; als dem Sinn dieses Vereins mehr Achtung zu erweisen:<\/p>\n<p><strong>DEN BLAUWASSER SEGLERN EINE WAHRE HEIMAT ZU SEIN<\/strong><\/p>\n<p>Dabei zu helfen &#8211; ist mir ein Bed\u00fcrfnis &#8211; allerdings nicht um den Preis &#8211; das es zwischen M\u00e4nnern zu Zerw\u00fcrfnissen ger\u00e4t &#8211; wie es in Vereinen immer wieder zu sehen &#8211; wenn es um Ehre und die anderen Empfindlichkeiten geht &#8211; denen man als ManneMann so gern im Wege steht &#8211; gesteht gerne und ohne H\u00e4me<\/p>\n<p>Peter Foerthmann<\/p>\n","protected":false},"excerpt":{"rendered":"<p>IST DER KAPIT\u00c4N SCHON VON BORD GEGANGEN? Oder hat der Wind die T\u00fcr zum B\u00fcro schon so verklemmt &#8211; das sie nicht mehr aufgeht &#8211; auch wenn man sich mit aller Kraft dagegen stemmt? Oder ist es nur der Schl\u00fcssel, &hellip; <a href=\"https:\/\/windpilot.com\/blog\/trans-ocean-news\/deutsch-der-alte-to\/deutsch-trans-ocean-in-seenot\/\">Weiterlesen <span class=\"meta-nav\">&rarr;<\/span><\/a><\/p>\n","protected":false},"author":1,"featured_media":0,"parent":8043,"menu_order":1,"comment_status":"open","ping_status":"closed","template":"","meta":{"footnotes":""},"class_list":["post-5271","page","type-page","status-publish","hentry"],"_links":{"self":[{"href":"https:\/\/windpilot.com\/blog\/wp-json\/wp\/v2\/pages\/5271","targetHints":{"allow":["GET"]}}],"collection":[{"href":"https:\/\/windpilot.com\/blog\/wp-json\/wp\/v2\/pages"}],"about":[{"href":"https:\/\/windpilot.com\/blog\/wp-json\/wp\/v2\/types\/page"}],"author":[{"embeddable":true,"href":"https:\/\/windpilot.com\/blog\/wp-json\/wp\/v2\/users\/1"}],"replies":[{"embeddable":true,"href":"https:\/\/windpilot.com\/blog\/wp-json\/wp\/v2\/comments?post=5271"}],"version-history":[{"count":1,"href":"https:\/\/windpilot.com\/blog\/wp-json\/wp\/v2\/pages\/5271\/revisions"}],"predecessor-version":[{"id":8048,"href":"https:\/\/windpilot.com\/blog\/wp-json\/wp\/v2\/pages\/5271\/revisions\/8048"}],"up":[{"embeddable":true,"href":"https:\/\/windpilot.com\/blog\/wp-json\/wp\/v2\/pages\/8043"}],"wp:attachment":[{"href":"https:\/\/windpilot.com\/blog\/wp-json\/wp\/v2\/media?parent=5271"}],"curies":[{"name":"wp","href":"https:\/\/api.w.org\/{rel}","templated":true}]}}